{"id":7405,"date":"2024-08-25T17:42:51","date_gmt":"2024-08-25T17:42:51","guid":{"rendered":"https:\/\/travelshelper.com\/staging\/?page_id=7405"},"modified":"2026-03-13T23:55:37","modified_gmt":"2026-03-13T23:55:37","slug":"kolumbia","status":"publish","type":"page","link":"https:\/\/travelshelper.com\/pl\/destinations\/south-america\/colombia\/","title":{"rendered":"Kolumbia"},"content":{"rendered":"<p>Kolumbia jawi si\u0119 jako kraina fascynuj\u0105cych kontrast\u00f3w: wysokie andyjskie p\u0142askowy\u017ce, kt\u00f3re brz\u0119cz\u0105 miejsk\u0105 energi\u0105; parne nizinne d\u017cungle, gdzie panuje zielona cisza Amazonii; karaibskie wybrze\u017ca oblewane ciep\u0142ymi morzami; i wybrze\u017ca Pacyfiku spowite mg\u0142\u0105 i g\u0119stymi namorzynami. Rozci\u0105gaj\u0105c si\u0119 na powierzchni 1 141 748 kilometr\u00f3w kwadratowych, zajmuje wyj\u0105tkowe miejsce na dw\u00f3ch kontynentach, z wyspiarskimi wyspami stykaj\u0105cymi si\u0119 z wodami Ameryki P\u00f3\u0142nocnej, a l\u0105dem sta\u0142ym zakotwiczonym w Ameryce Po\u0142udniowej. Jej granice \u2014 wsp\u00f3lne z Panam\u0105, Wenezuel\u0105, Brazyli\u0105, Peru i Ekwadorem \u2014 wyznaczaj\u0105 nar\u00f3d, kt\u00f3rego to\u017csamo\u015b\u0107 zosta\u0142a ukszta\u0142towana przez geografi\u0119 w takim samym stopniu, jak przez histori\u0119, kultur\u0119 i ewoluuj\u0105ce poczucie obywatelstwa.<\/p>\n<p>W sercu Kolumbii znajduj\u0105 si\u0119 Andy, podzielone na trzy pasma g\u00f3rskie, kt\u00f3re rze\u017abi\u0105 kr\u0119gos\u0142up kraju i ko\u0142ysz\u0105 jego najbardziej zaludnione miasta. Na zachodzie Kordyliera Zachodnia okr\u0105\u017ca Pacyfik, a jej szczyty wznosz\u0105 si\u0119 ponad r\u00f3wniny przybrze\u017cne, g\u0119ste od las\u00f3w deszczowych i cz\u0119sto spowite mg\u0142\u0105. Cali, przecinane przez rzek\u0119 Cauca, mie\u015bci si\u0119 u jego wschodnich podn\u00f3\u017cy. Pomi\u0119dzy dolinami Cauca i Magdalena le\u017cy Kordyliera Centralna, kt\u00f3rej wysoko\u015bci przekraczaj\u0105 5000 metr\u00f3w. Tutaj niespokojne ulice Medell\u00edn i miasteczka zajmuj\u0105ce si\u0119 upraw\u0105 kawy czepiaj\u0105 si\u0119 zboczy, o\u017cywionych zapachem orchidei i palonych ziaren. Kordyliera Wschodnia rozci\u0105ga si\u0119 na p\u00f3\u0142nocny wsch\u00f3d w kierunku P\u00f3\u0142wyspu Guajira, goszcz\u0105c Bogot\u0119 na wysoko\u015bci oko\u0142o 2600 metr\u00f3w \u2014 jedn\u0105 z najwy\u017cszych stolic \u015bwiata \u2014 i ci\u0105gn\u0105c si\u0119 do Bucaramangi i C\u00facuty.<\/p>\n<p>Na wsch\u00f3d od g\u00f3r rozleg\u0142e trawiaste r\u00f3wniny Llanos rozlewaj\u0105 si\u0119 do kotliny Orinoko, a ich sezonowe powodzie zasilaj\u0105 rancza dla byd\u0142a i korytarze dla dzikich zwierz\u0105t. Dalej na po\u0142udnie las deszczowy Amazonii utwierdza si\u0119 w zielonej katedrze bior\u00f3\u017cnorodno\u015bci. R\u00f3wniny przybrze\u017cne r\u00f3\u017cni\u0105 si\u0119 wyra\u017anie: p\u00f3\u0142nocne wybrze\u017ce Karaib\u00f3w spoczywa g\u0142\u00f3wnie pod wypalonym s\u0142o\u0144cem zaro\u015blem, z wyj\u0105tkiem Sierra Nevada de Santa Marta \u2014 pasma g\u00f3rskiego nadbrze\u017cnego wznosz\u0105cego si\u0119 gwa\u0142townie na ponad 5700 metr\u00f3w \u2014 podczas gdy wybrze\u017ce Pacyfiku jest w\u0105skie, nasi\u0105kni\u0119te deszczem i s\u0142abo zamieszkane. Podw\u00f3jne linie brzegowe Kolumbii, na Atlantyku i Pacyfiku, wyr\u00f3\u017cniaj\u0105 j\u0105 na kontynencie; jej granice morskie stykaj\u0105 si\u0119 z granicami Kostaryki, Nikaragui, Hondurasu, Jamajki, Haiti i Republiki Dominika\u0144skiej.<\/p>\n<p>Obecno\u015b\u0107 cz\u0142owieka na tym terytorium si\u0119ga co najmniej 14 000 lat wstecz, kiedy \u0142owcy-zbieracze przemierzali jego zr\u00f3\u017cnicowane ekosystemy. Kiedy przybyli Europejczycy \u2014 hiszpa\u0144scy odkrywcy wyl\u0105dowali w La Guajira w 1499 r. \u2014 wyrafinowane rdzenne polityki rozkwita\u0142y w regionach g\u00f3rskich i nizinnych. Korona hiszpa\u0144ska wyrze\u017abi\u0142a Nowe Kr\u00f3lestwo Granady w po\u0142owie XVI wieku, a Santa Fe de Bogot\u00e1 stanowi\u0142o jego administracyjne serce. Przez stulecia rz\u0105d\u00f3w kolonialnych populacje za\u0142ama\u0142y si\u0119 pod wp\u0142ywem chor\u00f3b i podboj\u00f3w, tylko po to, by powoli si\u0119 odrodzi\u0107 wraz z pojawieniem si\u0119 spo\u0142ecze\u0144stw kreolskich.<\/p>\n<p>Niepodleg\u0142o\u015b\u0107 zosta\u0142a proklamowana w 1810 r., chocia\u017c walka trwa\u0142a a\u017c do momentu, gdy kampanie Sim\u00f3na Bol\u00edvara zapewni\u0142y wyzwolenie w 1819 r. i ukszta\u0142towa\u0142a si\u0119 kr\u00f3tkotrwa\u0142a republika Wielkiej Kolumbii. Eksperymenty z federalizmem i centralizmem nast\u0105pi\u0142y poprzez Konfederacj\u0119 Granadyny (1858), Stany Zjednoczone Kolumbii (1863) i w ko\u0144cu Republik\u0119 Kolumbii w 1886 r. Utrata Panamy w 1903 r. pod presj\u0105 mi\u0119dzynarodow\u0105 zmieni\u0142a jej granice. W XX wieku konflikty wewn\u0119trzne i przemoc polityczna \u2014 nasilone w latach 60. i 90. \u2014 naznaczy\u0142y histori\u0119 kraju. Od po\u0142owy lat 2000. poprawa bezpiecze\u0144stwa, reforma instytucjonalna i wzrost gospodarczy zacz\u0119\u0142y przekszta\u0142ca\u0107 krajobraz spo\u0142eczny.<\/p>\n<p>Wsp\u00f3\u0142czesna Kolumbia jest podzielona na 32 departamenty i sto\u0142eczny okr\u0119g \u2014 Bogot\u00e1 \u2014 ka\u017cdy z nich jest kierowany przez wybranego gubernatora i zgromadzenie. Departamenty s\u0105 podzielone na gminy, kt\u00f3re dalej dziel\u0105 si\u0119 na corregimientos (dystrykty wiejskie) i comunas (dystrykty miejskie), ka\u017cdy z lokalnymi radami. Dystrykty specjalne \u2014 Barranquilla, Cartagena, Santa Marta i Buenaventura \u2014 ciesz\u0105 si\u0119 statusem administracyjnym odzwierciedlaj\u0105cym ich znaczenie morskie, kulturowe lub strategiczne. Ta warstwowa struktura zarz\u0105dzania ma na celu zr\u00f3wnowa\u017cenie r\u00f3\u017cnorodno\u015bci regionalnej ze sp\u00f3jno\u015bci\u0105 narodow\u0105.<\/p>\n<p>Kolumbia, b\u0119d\u0105ca domem dla oko\u0142o 52 milion\u00f3w ludzi, zajmuje trzecie miejsce w Ameryce \u0141aci\u0144skiej pod wzgl\u0119dem liczby ludno\u015bci. Jej trajektoria demograficzna \u2014 cztery miliony na prze\u0142omie XX wieku do ponad pi\u0119\u0107dziesi\u0119ciu milion\u00f3w obecnie \u2014 odzwierciedla spadek p\u0142odno\u015bci i \u015bmiertelno\u015bci oraz przej\u015bcie z \u017cycia wiejskiego do miejskiego. Siedemdziesi\u0105t sze\u015b\u0107 procent mieszka obecnie w miastach, g\u0142\u00f3wnie w korytarzach g\u00f3rskich And\u00f3w. Populacja Bogoty wzros\u0142a z kilkuset tysi\u0119cy w latach 30. do prawie o\u015bmiu milion\u00f3w. Pod koniec wieku populacja si\u0119 starzeje: odsetek os\u00f3b powy\u017cej sze\u015b\u0107dziesi\u0119ciu pi\u0119ciu zacz\u0105\u0142 zauwa\u017calnie wzrasta\u0107. R\u00f3\u017cnorodno\u015b\u0107 grup etnicznych \u2014 potomkowie rdzennych spo\u0142eczno\u015bci, osadnicy hiszpa\u0144scy i inni europejscy, spo\u0142eczno\u015bci diaspory afryka\u0144skiej oraz fale imigrant\u00f3w z Bliskiego Wschodu i innych kraj\u00f3w \u2014 nap\u0119dza kulturowy dynamizm Kolumbii. Hiszpa\u0144ski spaja nar\u00f3d, chocia\u017c angielski, kreolski i oko\u0142o sze\u015b\u0107dziesi\u0119ciu czterech j\u0119zyk\u00f3w tubylczych ciesz\u0105 si\u0119 regionalnym uznaniem.<\/p>\n<p>Kolumbia, uznana za jeden z siedemnastu kraj\u00f3w \u201emegadiwersum\u201d, utrzymuje wi\u0119cej gatunk\u00f3w na mil\u0119 kwadratow\u0105 ni\u017c jakikolwiek inny kraj. Amazo\u0144ska d\u017cungla, andyjskie p\u00e1ramo, namorzyny Pacyfiku i karaibski suchy las s\u0105 domem dla niezliczonej liczby ro\u015blin i zwierz\u0105t, kt\u00f3rych nie znajdziesz nigdzie indziej. Sze\u015b\u0107 g\u0142\u00f3wnych region\u00f3w naturalnych \u2014 Andy, wybrze\u017ce Pacyfiku, wybrze\u017ce Karaib\u00f3w, Llanos, Amazonia i terytoria wyspiarskie \u2014 tworz\u0105 mozaik\u0119 siedlisk. Rzeki takie jak Magdalena i Cauca rze\u017abi\u0105 doliny, kt\u00f3re s\u0142u\u017c\u0105 zar\u00f3wno jako korytarze ekologiczne, jak i arterie handlowe. Trz\u0119sienia ziemi i wulkany dr\u017c\u0105 pod powierzchni\u0105, przypominaj\u0105c o miejscu kraju na Pacyficznym Pier\u015bcieniu Ognia.<\/p>\n<p>Gospodarka Kolumbii, trzecia co do wielko\u015bci w Ameryce Po\u0142udniowej, \u0142\u0105czy tradycyjne eksporty \u2014 rop\u0119 naftow\u0105, w\u0119giel, kaw\u0119 i kwiaty ci\u0119te \u2014 z rodz\u0105cym si\u0119 sektorem high-tech, us\u0142ug i turystyki. Stabilno\u015b\u0107 makroekonomiczna w ostatnich dekadach przyci\u0105gn\u0119\u0142a zagraniczne inwestycje, podczas gdy wska\u017aniki ub\u00f3stwa spad\u0142y, a klasa \u015brednia si\u0119 rozros\u0142a. System opieki zdrowotnej, chwalony przez \u015awiatow\u0105 Organizacj\u0119 Zdrowia jako najsilniejszy w Ameryce \u0141aci\u0144skiej, wspiera rozw\u00f3j kapita\u0142u ludzkiego. G\u0142\u00f3wne o\u015brodki miejskie \u2014 Bogota, Medell\u00edn, Cali, Barranquilla i Cartagena \u2014 pe\u0142ni\u0105 funkcj\u0119 finansowych, przemys\u0142owych i kulturalnych motor\u00f3w nap\u0119dowych.<\/p>\n<p>Kolumbijska kultura rezonuje z echami cywilizacji prekolumbijskich, hiszpa\u0144skich instytucji kolonialnych, afryka\u0144skiego dziedzictwa i wp\u0142yw\u00f3w imigrant\u00f3w z Europy i Bliskiego Wschodu. Muzyka obejmuje wszystko od andyjskich bambucos po afro-karaibsk\u0105 cumbi\u0119; literatura rozci\u0105ga si\u0119 od rodzimych tradycji ustnych po magiczno-realistyczne narracje laureata Nagrody Nobla Gabriela Garc\u00edi M\u00e1rqueza. Festiwale \u2014 Carnaval de Barranquilla, Feria de las Flores w Medell\u00edn \u2014 \u0142\u0105cz\u0105 muzyk\u0119, taniec i rytua\u0142 w \u017cywych publicznych pokazach.<\/p>\n<p>Jej kuchnia m\u00f3wi o regionalnych osobliwo\u015bciach. Na wy\u017cynach ajiaco \u2014 zupa z ziemniak\u00f3w, kukurydzy i kurczaka \u2014 rozgrzewa ch\u0142odne g\u00f3rskie powietrze; na karaibskim wybrze\u017cu kokosowy ry\u017c i sma\u017cona ryba przypominaj\u0105 zar\u00f3wno rdzenne, jak i afryka\u0144skie korzenie. Arepas \u2014 placki kukurydziane zwyk\u0142e lub nadziewane \u2014 pojawiaj\u0105 si\u0119 przy ka\u017cdym posi\u0142ku, podczas gdy fasola, banany i tropikalne owoce, takie jak guan\u00e1bana, lulo i maracuy\u00e1, rozja\u015bniaj\u0105 sto\u0142y w ca\u0142ym kraju. Uliczne stragany serwuj\u0105 empanady, aborrajados (s\u0142odkie banany z serem) i bu\u00f1uelos; domowe kuchnie produkuj\u0105 desery, takie jak natillas i ciasto tres leches. Napoje wahaj\u0105 si\u0119 od mocnej kawy tinto po aguardiente z trzciny cukrowej, od champ\u00fas (nap\u00f3j owocowo-kukurydziany) po \u015bwie\u017ce soki owocowe, kt\u00f3re celebruj\u0105 bogactwo sad\u00f3w kraju.<\/p>\n<p>Historia Kolumbii nie jest ani statyczna, ani jednolita. To nar\u00f3d nieustannie negocjuj\u0105cy swoje stolice wysokog\u00f3rskie i nadrzeczne odludzia, swoj\u0105 pami\u0119\u0107 o konfliktach i aspiracje do pokoju, bogat\u0105 bior\u00f3\u017cnorodno\u015b\u0107 i presj\u0119 rozwoju. Reformy administracyjne, projekty infrastrukturalne, wysi\u0142ki na rzecz ochrony \u015brodowiska i ruchy odrodzenia kulturowego \u015bwiadcz\u0105 o spo\u0142ecze\u0144stwie patrz\u0105cym zar\u00f3wno wstecz, jak i naprz\u00f3d \u2014 staraj\u0105cym si\u0119 czci\u0107 korzenie przodk\u00f3w, jednocze\u015bnie wytyczaj\u0105cym nowe \u015bcie\u017cki w po\u0142\u0105czonym \u015bwiecie. W swojej rozleg\u0142o\u015bci i r\u00f3\u017cnorodno\u015bci Kolumbia pozostaje jednocze\u015bnie znajoma i zaskakuj\u0105ca, trwa\u0142ym tematem do refleksji dla tych, kt\u00f3rzy przemierzaj\u0105 jej drogi, \u017cegluj\u0105 jej rzekami i s\u0142uchaj\u0105 wielu g\u0142os\u00f3w, kt\u00f3re razem tworz\u0105 jej rozwijaj\u0105c\u0105 si\u0119 narracj\u0119.<\/p>","protected":false},"excerpt":{"rendered":"<p>Located at the northwestern extremity of South America,\u00a0Colombia\u00a0is characterized by significant\u00a0diversity\u00a0and striking contrasts. Officially the\u00a0Republic of Colombia, this colorful nation covers more than 1.1 million square kilometers, ranking 26th among all the countries in the globe.\u00a0Colombia\u00a0acts as a\u00a0geographical\u00a0and\u00a0cultural link\u00a0between\u00a0South and Central America\u00a0with its strategic position between the\u00a0Pacific and Caribbean Seas.<\/p>","protected":false},"author":1,"featured_media":3844,"parent":24096,"menu_order":0,"comment_status":"closed","ping_status":"closed","template":"elementor_theme","meta":{"_eb_attr":"","footnotes":""},"class_list":["post-7405","page","type-page","status-publish","has-post-thumbnail"],"_links":{"self":[{"href":"https:\/\/travelshelper.com\/pl\/wp-json\/wp\/v2\/pages\/7405","targetHints":{"allow":["GET"]}}],"collection":[{"href":"https:\/\/travelshelper.com\/pl\/wp-json\/wp\/v2\/pages"}],"about":[{"href":"https:\/\/travelshelper.com\/pl\/wp-json\/wp\/v2\/types\/page"}],"author":[{"embeddable":true,"href":"https:\/\/travelshelper.com\/pl\/wp-json\/wp\/v2\/users\/1"}],"replies":[{"embeddable":true,"href":"https:\/\/travelshelper.com\/pl\/wp-json\/wp\/v2\/comments?post=7405"}],"version-history":[{"count":0,"href":"https:\/\/travelshelper.com\/pl\/wp-json\/wp\/v2\/pages\/7405\/revisions"}],"up":[{"embeddable":true,"href":"https:\/\/travelshelper.com\/pl\/wp-json\/wp\/v2\/pages\/24096"}],"wp:featuredmedia":[{"embeddable":true,"href":"https:\/\/travelshelper.com\/pl\/wp-json\/wp\/v2\/media\/3844"}],"wp:attachment":[{"href":"https:\/\/travelshelper.com\/pl\/wp-json\/wp\/v2\/media?parent=7405"}],"curies":[{"name":"wp","href":"https:\/\/api.w.org\/{rel}","templated":true}]}}