{"id":7331,"date":"2024-08-25T12:58:27","date_gmt":"2024-08-25T12:58:27","guid":{"rendered":"https:\/\/travelshelper.com\/staging\/?page_id=7331"},"modified":"2026-03-14T00:05:32","modified_gmt":"2026-03-14T00:05:32","slug":"gujana","status":"publish","type":"page","link":"https:\/\/travelshelper.com\/pl\/destinations\/south-america\/guyana\/","title":{"rendered":"Gujana"},"content":{"rendered":"<p>Gujana rozci\u0105ga si\u0119 wzd\u0142u\u017c p\u00f3\u0142nocnego kra\u0144ca Ameryki Po\u0142udniowej, jej smuk\u0142a linia brzegowa muska fale Oceanu Atlantyckiego. Zajmuj\u0105c powierzchni\u0119 214 969 kilometr\u00f3w kwadratowych, ten kraj jest trzecim najmniejszym na kontynencie, ale jego rozleg\u0142e obszary dzikiej przyrody sprawiaj\u0105, \u017ce ma jedn\u0105 z najni\u017cszych g\u0119sto\u015bci zaludnienia na \u015bwiecie. Stolica, Georgetown, wznosi si\u0119 na wschodnim brzegu rzeki Demerara \u2014 jej pastelowe fasady i kolonialna architektura odzwierciedlaj\u0105 wieki zmian, nawet gdy na jej ulicach pulsuje gwar handlu i rz\u0105du.<\/p>\n<p>Na zachodzie rzeka Essequibo rze\u017abi szerokie kana\u0142y przez nizinne r\u00f3wniny, zanim wpadnie do Atlantyku. Na po\u0142udniu i po\u0142udniowym zachodzie ogromne lasy Brazylii naciskaj\u0105 na granic\u0119 Gujany. Na wschodnim zboczu le\u017cy Surinam, podczas gdy Wenezuela stoi na stra\u017cy poza kolczastymi zakolami rzeki Cuyuni. Te granice umieszczaj\u0105 Gujan\u0119 w tym, co kiedy\u015b nazywano Brytyjskimi Indiami Zachodnimi, \u017cywym pomo\u015bcie mi\u0119dzy \u015bwiatem karaibskim a rozleg\u0142ym kontynentem.<\/p>\n<p>Jednak to nie wybrze\u017ce ani stolica same w sobie definiuj\u0105 to miejsce. W g\u0142\u0119bi l\u0105du teren wznosi si\u0119 w \u0142agodne wzg\u00f3rza, a nast\u0119pnie p\u0142askowy\u017ce z prekambryjskiej ska\u0142y tarczowej, \u201ekrainy wielu w\u00f3d\u201d. Krystalicznie czyste strumienie wyznaczaj\u0105 linie uskok\u00f3w i tworz\u0105 kaskady, gdzie woda deszczowa wy\u017c\u0142obi\u0142a \u015bcie\u017cki przez tysi\u0105clecia. Pas wybrze\u017ca, w\u0119\u017cszy od palca, niesie pola ry\u017cowe i plantacje trzciny cukrowej na tle namorzynowych bagien, a dalej rozci\u0105ga si\u0119 pot\u0119\u017cna ziele\u0144 Amazonii \u2014 najwi\u0119kszego tropikalnego lasu deszczowego na Ziemi, rozci\u0105gaj\u0105cego si\u0119 na dw\u00f3ch trzecich powierzchni Gujany.<\/p>\n<p>Ta le\u015bna kolebka nale\u017cy zar\u00f3wno do jej ludzkich mieszka\u0144c\u00f3w, jak i do jaguar\u00f3w i czarnego kajmana. Dziewi\u0119\u0107 rdzennych narod\u00f3w \u2014 Wai Wai, Macushi, Patamona, Lokono, Kalina, Wapishana, Pemon, Akawaio i Warao \u2014 \u017cyje z tymi ekosystemami i w ich obr\u0119bie. Na d\u0142ugo przed tym, jak Europejczycy dop\u0142yn\u0119li do uj\u015bcia rzek Gujany, lud Lokono i Kalina byli g\u0142\u00f3wnymi zarz\u0105dcami ziemi. Ich wioski skupiaj\u0105 si\u0119 wzd\u0142u\u017c brzeg\u00f3w rzek i polan, gdzie rybo\u0142\u00f3wstwo i uprawa manioku pozostaj\u0105 niezb\u0119dne do codziennego \u017cycia.<\/p>\n<p>Tradycje ustne m\u00f3wi\u0105 o \u0142odziach sun\u0105cych po kana\u0142ach w blasku ksi\u0119\u017cyca, o sieciach rybackich zarzucanych z cierpliwo\u015bci\u0105 i umiej\u0119tno\u015bci\u0105. Ich j\u0119zyki, kt\u00f3rymi wci\u0105\u017c pos\u0142uguj\u0105 si\u0119 starsi, nosz\u0105 nazwy miejsc starsze ni\u017c mapy kolonialne \u2014 oznaczenia skalistych wychodni, ukrytych staw\u00f3w lub teren\u00f3w \u0142owieckich. Chocia\u017c plac\u00f3wki misyjne i polityka narodowa zmieni\u0142y aspekty kultury rdzennej, spo\u0142eczno\u015bci dzisiaj domagaj\u0105 si\u0119 praw do tytu\u0142\u00f3w ziemskich i przywracaj\u0105 do \u017cycia rzemios\u0142o, ceremonie i historie zagro\u017cone wyblakni\u0119ciem.<\/p>\n<p>Na pocz\u0105tku XVII wieku holenderscy kupcy zak\u0142adali plac\u00f3wki wzd\u0142u\u017c rzek Pomeroon i Berbice. Drewniane forty i magazyny sta\u0142y po\u015br\u00f3d osad india\u0144skich, wymieniaj\u0105c wampum i pi\u00f3ra na tkane tkaniny i narz\u0119dzia \u017celazne. Pod koniec XVIII wieku Brytyjczycy wyparli Holendr\u00f3w, konsoliduj\u0105c trzy kolonie \u2014 Demerara, Essequibo i Berbice \u2014 w Gujan\u0119 Brytyjsk\u0105. Pod rz\u0105dami kolonialnymi pola ry\u017cowe i plantacje cukru rozszerzy\u0142y si\u0119 w g\u0142\u0105b l\u0105du, zasilane przez zniewolonych Afrykan\u00f3w, a po zniesieniu niewoli \u2014 przez robotnik\u00f3w kontraktowych z Indii, Chin i Portugalii.<\/p>\n<p>\u017bycie na plantacji ostro kontrastowa\u0142o z \u017cyciem w wioskach india\u0144skich. Ceglane kominy bucha\u0142y dymem, g\u0142osy nadzorc\u00f3w nios\u0142y si\u0119 przez pola, a stukot \u015bcinaczy trzciny miesza\u0142 si\u0119 z brz\u0119kiem maszyn. Jednak poza tymi siatkami rz\u0119d\u00f3w rozci\u0105ga\u0142y si\u0119 lasy nieoznakowane drogami i r\u00f3wniny, gdzie nad g\u0142owami g\u00f3rowa\u0142y maho\u0144 i zielone serce. Ta dwoisto\u015b\u0107 \u2014 intensywna uprawa granicz\u0105ca ze staro\u017cytn\u0105 dzicz\u0105 \u2014 mia\u0142a kszta\u0142towa\u0107 gospodark\u0119 i kultur\u0119 Gujany przez stulecia.<\/p>\n<p>26 maja 1966 roku Union Jack zosta\u0142 zdj\u0119ty, a nad Georgetown wznios\u0142a si\u0119 niebiesko-zielono-bia\u0142a flaga niepodleg\u0142ej Gujany. Cztery lata p\u00f3\u017aniej, w 1970 roku, kraj sta\u0142 si\u0119 republik\u0105 w ramach Wsp\u00f3lnoty Narod\u00f3w, potwierdzaj\u0105c samorz\u0105dno\u015b\u0107 i zachowuj\u0105c wi\u0119zi ze wsp\u00f3lnymi instytucjami brytyjskiej monarchii. Dziedzictwo brytyjskich rz\u0105d\u00f3w pozostaje widoczne: angielski jest j\u0119zykiem urz\u0119dowym, system s\u0105downiczy pod\u0105\u017ca za tradycjami common law, a boiska do krykieta nadal zdobi\u0105 miejskie parki.<\/p>\n<p>Jednak obok Queen&#039;s English, codzienna mowa p\u0142ynie w kreolskim guja\u0144skim \u2014 melodyjnym, opartym na j\u0119zyku angielskim j\u0119zyku, doprawionym zachodnioafryka\u0144skimi, indyjskimi, holenderskimi i tubylczymi rytmami. Przeplata si\u0119 z rozmowami na straganach targowych i w salonach, tworz\u0105c wsp\u00f3ln\u0105 tkanin\u0119 w\u015br\u00f3d ludzi pochodzenia indyjskiego, afryka\u0144skiego, chi\u0144skiego, portugalskiego, europejskiego i mieszanego.<\/p>\n<p>Gujana zajmuje rzadk\u0105 pozycj\u0119: jest jedynym krajem Ameryki Po\u0142udniowej, kt\u00f3ry prawnie m\u00f3wi po angielsku, a jednocze\u015bnie kulturowo jest wpleciony w angloj\u0119zyczne Karaiby. Jest siedzib\u0105 CARICOM, Wsp\u00f3lnoty Karaibskiej, gdzie ma\u0142e pa\u0144stwa wyspiarskie i s\u0105siedzi z kontynentu spotykaj\u0105 si\u0119, aby uzgodni\u0107 polityk\u0119 gospodarcz\u0105 i spo\u0142eczn\u0105. W 2008 r. Gujana by\u0142a wsp\u00f3\u0142za\u0142o\u017cycielk\u0105 Unii Narod\u00f3w Ameryki Po\u0142udniowej, sygnalizuj\u0105c zaanga\u017cowanie we wsp\u00f3\u0142prac\u0119 kontynentaln\u0105 w takich obszarach jak infrastruktura i ochrona \u015brodowiska.<\/p>\n<p>Festiwale i jedzenie odzwierciedlaj\u0105 t\u0119 dwoisto\u015b\u0107. Podczas Mashramani \u2014 upami\u0119tniaj\u0105cego status republiki \u2014 parady uliczne pe\u0142ne s\u0105 zespo\u0142\u00f3w graj\u0105cych na stalowych patelniach i tancerzy w jaskrawych kostiumach. Wiosn\u0105 Phagwah (lub Holi) obsypuje miasta kolorowym proszkiem i s\u0142odyczami, podczas gdy wieczory Deepavali roz\u015bwietlaj\u0105 rz\u0119dy glinianych lamp, oznaczaj\u0105c triumf \u015bwiat\u0142a nad ciemno\u015bci\u0105. Ka\u017cde \u015bwi\u0119to nosi w sobie pi\u0119tno indyjskich imigrant\u00f3w, kt\u00f3rych dania z ry\u017cu doprawione curry i roti dziel\u0105 sto\u0142y z gulaszem z papryczki i chlebem z manioku, \u0142\u0105cz\u0105c tradycje przodk\u00f3w.<\/p>\n<p>Rolnictwo, g\u00f3rnictwo i le\u015bnictwo stanowi\u0142y trzon gospodarki Gujany przez wi\u0119kszo\u015b\u0107 XX wieku. Kamienio\u0142omy boksyt\u00f3w i kopalnie z\u0142ota przynosi\u0142y dochody z eksportu, podczas gdy rozleg\u0142e lasy tekowe i zielone zaopatrywa\u0142y rynki zbytu drewna za granic\u0105. Mimo to 41 procent obywateli \u017cy\u0142o poni\u017cej granicy ub\u00f3stwa w 2017 r., co przypomina o ra\u017c\u0105cych nier\u00f3wno\u015bciach pomimo bogactwa zasob\u00f3w.<\/p>\n<p>W 2015 r. badania sejsmiczne ujawni\u0142y znaczne rezerwy ropy naftowej na morzu. Do 2019 r. platformy wiertnicze wyros\u0142y z Atlantyku, a w 2020 r. PKB kraju skoczy\u0142o o oko\u0142o 49 procent, co oznacza jedn\u0105 z najszybszych ekspansji na \u015bwiecie. Ostatnie szacunki okre\u015blaj\u0105 odzyskiwalne rezerwy na oko\u0142o 11 miliard\u00f3w bary\u0142ek \u2014 wystarczaj\u0105co, aby umie\u015bci\u0107 Gujan\u0119 w\u015br\u00f3d najwi\u0119kszych producent\u00f3w ropy naftowej na mieszka\u0144ca do 2025 r. Jest to najwa\u017cniejszy pojedynczy dodatek do \u015bwiatowych rezerw ropy naftowej od lat 70., zmieniaj\u0105c oczekiwania dotycz\u0105ce dochod\u00f3w rz\u0105dowych, inwestycji zagranicznych i regionalnej geopolityki.<\/p>\n<p>Ci\u0119\u017ckie obietnice ropy naftowej pojawiaj\u0105 si\u0119 po\u015br\u00f3d pilnych wyzwa\u0144. Raport Banku \u015awiatowego z 2023 r. odnotowa\u0142 popraw\u0119 wska\u017anika rozwoju spo\u0142ecznego Gujany od 2015 r. \u2014 oznak\u0119 lepszego stanu zdrowia, edukacji i wska\u017anik\u00f3w dochod\u00f3w \u2014 jednak ub\u00f3stwo nadal trwa w wielu spo\u0142eczno\u015bciach. Dysproporcje mi\u0119dzy rozwijaj\u0105cymi si\u0119 o\u015brodkami miejskimi, takimi jak Georgetown, a odleg\u0142ymi terenami zaplecza pog\u0142\u0119biaj\u0105 si\u0119, poniewa\u017c drogi, szpitale i szko\u0142y maj\u0105 trudno\u015bci z nad\u0105\u017caniem.<\/p>\n<p>Obawy dotycz\u0105ce \u015brodowiska s\u0105 bardzo wa\u017cne. Wiercenia na morzu stwarzaj\u0105 ryzyko wyciek\u00f3w ropy, kt\u00f3re mog\u0105 zniszczy\u0107 przybrze\u017cne rybo\u0142\u00f3wstwo i rafy koralowe, podczas gdy zabudowa na l\u0105dzie mo\u017ce naruszy\u0107 siedliska las\u00f3w deszczowych, kt\u00f3re daj\u0105 schronienie jaguarom, or\u0142om harpiom i setkom gatunk\u00f3w storczyk\u00f3w. W uznaniu tego faktu rz\u0105d i partnerzy mi\u0119dzynarodowi rozpocz\u0119li opracowywanie polityk dotycz\u0105cych zr\u00f3wnowa\u017conego wydobycia, podzia\u0142u dochod\u00f3w i stref ochrony. Drogi do wewn\u0119trznych z\u0142\u00f3\u017c z\u0142ota s\u0105 budowane z uwzgl\u0119dnieniem kontroli erozji, a plany dotycz\u0105ce funduszu maj\u0105tku narodowego maj\u0105 na celu ochron\u0119 przysz\u0142ych pokole\u0144 przed zmienno\u015bci\u0105 rynk\u00f3w ropy naftowej.<\/p>\n<p>Naturalne bogactwo Gujany \u2014 wodospady, sawanny, g\u00f3ry przypominaj\u0105ce tepui i sieci rzeczne \u2014 oferuje alternatyw\u0119 dla wydobycia zasob\u00f3w. Operatorzy ekoturystyki oprowadzaj\u0105 turyst\u00f3w do Iwokrama, rezerwatu o powierzchni 3700 kilometr\u00f3w kwadratowych, w kt\u00f3rym w\u0119druj\u0105 wielkie mr\u00f3wkojady, oraz do wodospad\u00f3w Kaieteur, gdzie pojedyncza kropla wody spada z wysoko\u015bci 226 metr\u00f3w do jadeitowo-zielonego basenu. Kolacje przy ognisku pod sklepieniem gwiazd wywo\u0142uj\u0105 ciche rozmowy o ochronie przyrody, podczas gdy wczesnoporanne w\u0119dr\u00f3wki ujawniaj\u0105 stada szkar\u0142atnych ibis\u00f3w \u017ceruj\u0105cych na brzegach rzek.<\/p>\n<p>Lokalne spo\u0142eczno\u015bci coraz cz\u0119\u015bciej korzystaj\u0105 z dochod\u00f3w z turystyki, oferuj\u0105c noclegi i warsztaty kulturalne, kt\u00f3re dziel\u0105 si\u0119 rzemios\u0142em i historiami Indian Ameryki P\u00f3\u0142nocnej. Przedsi\u0119wzi\u0119cia te zapewniaj\u0105 namacalne zach\u0119ty do ochrony las\u00f3w i dr\u00f3g wodnych. Wraz z odkrywaniem przez Gujan\u0119 nowych \u017ar\u00f3de\u0142 dochodu, ekoturystyka wyr\u00f3\u017cnia si\u0119 jako model zr\u00f3wnowa\u017conego wzrostu \u2014 takiego, kt\u00f3ry ceni nienaruszone ekosystemy tak samo jak zyski ekonomiczne.<\/p>\n<p>Kultura Gujany nosi pi\u0119tno kontraktu, niewolnictwa, migracji i wymiany. Zniewoleni Afrykanie, wyrwani z korzeniami z r\u00f3\u017cnych spo\u0142ecze\u0144stw Afryki Zachodniej, wpletli nowe wzorce wierze\u0144 i rytua\u0142\u00f3w w ramy brytyjskiej kolonii. Ich potomkowie dzi\u015b obchodz\u0105 \u015bwi\u0119ta chrze\u015bcija\u0144skie i piel\u0119gnuj\u0105 pie\u015bni ludowe, kt\u00f3re odzwierciedlaj\u0105 rytmy przodk\u00f3w. Indyjscy robotnicy, przybywaj\u0105cy na podstawie umowy po emancypacji, nie\u015bli ze sob\u0105 hinduskie i muzu\u0142ma\u0144skie tradycje, kt\u00f3re nadal zaznaczaj\u0105 kalendarz, a ich kuchnie wype\u0142nia\u0142y si\u0119 dahlem i curry z koziny obok pieprzniczki i kotlet\u00f3w rybnych.<\/p>\n<p>Chi\u0144scy i portugalscy imigranci, cho\u0107 mniej liczni, wprowadzili praktyki kulinarne i handlowe, kt\u00f3re przenikn\u0119\u0142y do \u200b\u200bmiast i wsi. Przez ca\u0142y czas ma\u0142\u017ce\u0144stwa mieszane i dzielone trudno\u015bci doprowadzi\u0142y do \u200b\u200bpowstania spo\u0142eczno\u015bci o mieszanym dziedzictwie, kt\u00f3re zacieraj\u0105 wyra\u017ane granice etniczne. W Georgetown mo\u017cna przej\u015b\u0107 obok \u015bwi\u0105tyni sikh\u00f3w, ko\u015bcio\u0142a zielono\u015bwi\u0105tkowego i meczetu w ci\u0105gu kilku przecznic \u2014 architektury wiary, kt\u00f3ra wyp\u0142ywa z historii ruchu i adaptacji.<\/p>\n<p>W wielu aspektach Gujana znajduje si\u0119 pomi\u0119dzy \u015bwiatami: po\u0142udniowoameryka\u0144sk\u0105 geografi\u0105 i karaibsk\u0105 kultur\u0105, nowoczesnymi polami naftowymi i staro\u017cytnymi lasami, nadmorskimi metropoliami i wioskami w g\u0142\u0119bi l\u0105du. Jej szerokie rzeki wyznaczaj\u0105 szlaki zar\u00f3wno do otwartego morza, jak i w g\u0142\u0105b dzikiego serca kontynentu. Festiwale \u0142\u0105cz\u0105 smaki i d\u017awi\u0119ki z Azji, Afryki i Europy, w tle rytmy b\u0119bn\u00f3w, kt\u00f3re mo\u017cna prze\u015bledzi\u0107 a\u017c do Warao i Macushi.<\/p>\n<p>Dla czytelnik\u00f3w poszukuj\u0105cych uczciwego portretu tego kraju, Gujana nie jest dostosowana do prostych kontrast\u00f3w. Oferuje kurz dr\u00f3g sawanny i migotanie baldachim\u00f3w las\u00f3w deszczowych, brz\u0119czenie platform wiertniczych i szelest \u015bci\u00f3\u0142ki li\u015bciowej pod bosymi stopami. Jej mieszka\u0144cy \u2014 Indo-Guja\u0144czycy, Afro-Guja\u0144czycy, Indianie Ameryki i inni \u2014 tworz\u0105 przysz\u0142o\u015b\u0107, kt\u00f3ra musi uszanowa\u0107 zar\u00f3wno obietnice ekonomiczne, jak i ograniczenia ekologiczne.<\/p>\n<p>Na skraju wody, gdzie namorzyny stawiaj\u0105 op\u00f3r przyp\u0142ywom, na horyzoncie wida\u0107 zar\u00f3wno platformy wiertnicze, jak i \u0142odzie rybackie. W g\u0142\u0119bi l\u0105du, gdzie zielone cienie przesuwaj\u0105 si\u0119 pod o\u015bwietlonymi s\u0142o\u0144cem grzbietami, s\u0142ycha\u0107 krzyki wyjc\u00f3w i \u015bmiech dzieci biegn\u0105cych wzd\u0142u\u017c brzeg\u00f3w rzeki. To jest Gujana: kraina zdefiniowana przez wod\u0119, ludzi i delikatn\u0105 r\u00f3wnowag\u0119 post\u0119pu i ochrony.<\/p>","protected":false},"excerpt":{"rendered":"<p>Guyana, formally designated as the\u00a0Co-operative Republic of Guyana, is situated on the northern coastline of\u00a0South America.\u00a0Guyana, with one of the lowest population densities globally, encompasses a geographical area of 214,969 square kilometers, rendering it the third smallest sovereign state by size in continental\u00a0South America, behind\u00a0Uruguay\u00a0and\u00a0Suriname.\u00a0Georgetown, the capital city, is the largest urban center in the country and functions as the political and economic nucleus.<\/p>","protected":false},"author":1,"featured_media":3020,"parent":24096,"menu_order":0,"comment_status":"closed","ping_status":"closed","template":"elementor_theme","meta":{"_eb_attr":"","footnotes":""},"class_list":["post-7331","page","type-page","status-publish","has-post-thumbnail"],"_links":{"self":[{"href":"https:\/\/travelshelper.com\/pl\/wp-json\/wp\/v2\/pages\/7331","targetHints":{"allow":["GET"]}}],"collection":[{"href":"https:\/\/travelshelper.com\/pl\/wp-json\/wp\/v2\/pages"}],"about":[{"href":"https:\/\/travelshelper.com\/pl\/wp-json\/wp\/v2\/types\/page"}],"author":[{"embeddable":true,"href":"https:\/\/travelshelper.com\/pl\/wp-json\/wp\/v2\/users\/1"}],"replies":[{"embeddable":true,"href":"https:\/\/travelshelper.com\/pl\/wp-json\/wp\/v2\/comments?post=7331"}],"version-history":[{"count":0,"href":"https:\/\/travelshelper.com\/pl\/wp-json\/wp\/v2\/pages\/7331\/revisions"}],"up":[{"embeddable":true,"href":"https:\/\/travelshelper.com\/pl\/wp-json\/wp\/v2\/pages\/24096"}],"wp:featuredmedia":[{"embeddable":true,"href":"https:\/\/travelshelper.com\/pl\/wp-json\/wp\/v2\/media\/3020"}],"wp:attachment":[{"href":"https:\/\/travelshelper.com\/pl\/wp-json\/wp\/v2\/media?parent=7331"}],"curies":[{"name":"wp","href":"https:\/\/api.w.org\/{rel}","templated":true}]}}