{"id":7304,"date":"2024-08-25T11:43:52","date_gmt":"2024-08-25T11:43:52","guid":{"rendered":"https:\/\/travelshelper.com\/staging\/?page_id=7304"},"modified":"2026-03-14T00:27:09","modified_gmt":"2026-03-14T00:27:09","slug":"surinam","status":"publish","type":"page","link":"https:\/\/travelshelper.com\/pl\/destinations\/south-america\/suriname\/","title":{"rendered":"Surinam"},"content":{"rendered":"<p>Surinam zajmuje w\u0105ski pas wzd\u0142u\u017c p\u00f3\u0142nocnego wybrze\u017ca Ameryki Po\u0142udniowej, ograniczony Oceanem Atlantyckim na p\u00f3\u0142nocy, Gujan\u0105 Francusk\u0105 na wschodzie, Gujan\u0105 na zachodzie i Brazyli\u0105 na po\u0142udniu. Jego 163 820 kilometr\u00f3w kwadratowych jest pokrytych niemal w ca\u0142o\u015bci lasem deszczowym, co stanowi najwi\u0119ksz\u0105 cz\u0119\u015b\u0107 pokrywy le\u015bnej spo\u015br\u00f3d wszystkich kraj\u00f3w. Mniej ni\u017c siedmiu mieszka\u0144c\u00f3w na kilometr kwadratowy zamieszkuje po\u0142udniowe zaplecze; wi\u0119kszo\u015b\u0107 skupisk ludno\u015bci skupia si\u0119 wzd\u0142u\u017c nizin przybrze\u017cnych. Paramaribo, po\u0142o\u017cone nad rzek\u0105 Surinam oko\u0142o dziesi\u0119ciu kilometr\u00f3w w g\u0142\u0105b l\u0105du od wybrze\u017ca, daje schronienie prawie po\u0142owie z 625 000 mieszka\u0144c\u00f3w kraju.<\/p>\n<p>Rozci\u0105gaj\u0105c si\u0119 od 1\u00b0 do 6\u00b0 szeroko\u015bci geograficznej p\u00f3\u0142nocnej i 54\u00b0 do 58\u00b0 d\u0142ugo\u015bci geograficznej zachodniej, Surinam dzieli si\u0119 na dwa g\u0142\u00f3wne regiony geograficzne. P\u00f3\u0142nocne dziesi\u0119\u0107 do dwudziestu kilometr\u00f3w sk\u0142ada si\u0119 z polder\u00f3w przybrze\u017cnych, obwa\u0142owanych i osuszonych od czas\u00f3w kolonialnych, aby umo\u017cliwi\u0107 upraw\u0119 ry\u017cu, banan\u00f3w i innych upraw eksportowych. Trzy g\u0142\u00f3wne estuaria rzek \u2014 Coppename, Commewijne i Saramacca \u2014 uchodz\u0105 do p\u0142ywowych bagien namorzynowych, zanim dotr\u0105 do morza. W g\u0142\u0119bi l\u0105du rozci\u0105ga si\u0119 stopniowy wzrost do sawann i g\u00f3rskich \u0142\u0105k, kt\u00f3re otaczaj\u0105 rozleg\u0142e mokrad\u0142a wzd\u0142u\u017c brazylijskiej granicy. Za nimi Tarcza Guja\u0144ska daje pocz\u0105tek dw\u00f3m niskim \u0142a\u0144cuchom g\u00f3rskim: Bakhuys na zachodzie i pasmu Van Asch Van Wijck w centrum. Julianatop, na wysoko\u015bci 1286 metr\u00f3w nad poziomem morza, oznacza najwy\u017cszy punkt Surinamu.<\/p>\n<p>Obecno\u015b\u0107 cz\u0142owieka w regionie datuje si\u0119 na czwarte tysi\u0105clecie p.n.e., kiedy spo\u0142eczno\u015bci Arawak\u00f3w i Karaib\u00f3w przystosowa\u0142y si\u0119 do \u017cycia w rzekach i lasach. Kontakt z Europejczykami rozpocz\u0105\u0142 si\u0119 w XVI wieku, a pod koniec XVII wieku Holendrzy przej\u0119li kontrol\u0119 nad wi\u0119kszo\u015bci\u0105 dzisiejszego terytorium. Utrzymywali koloni\u0119 jako gospodark\u0119 plantacji cukru, utrzymywan\u0105 przez zniewolonych Afrykan\u00f3w a\u017c do emancypacji w 1863 roku. Upadek pracy niewolniczej spowodowa\u0142 rekrutacj\u0119 pracownik\u00f3w kontraktowych z Indii Brytyjskich i Holenderskich Indii Wschodnich; ich potomkowie do\u0142\u0105czaj\u0105 do tych o pochodzeniu afryka\u0144skim, rdzennym, chi\u0144skim i jawajskim w dzisiejszym etnicznie pluralistycznym spo\u0142ecze\u0144stwie. \u017badna pojedyncza grupa nie przekracza trzydziestu procent populacji. Proporcje wyznawc\u00f3w hinduizmu i muzu\u0142man\u00f3w nale\u017c\u0105 do najwy\u017cszych w obu Amerykach.<\/p>\n<p>W\u0142adze holenderskie rozwin\u0119\u0142y si\u0119 w XX wieku. W 1954 r. Surinam uzyska\u0142 status autonomicznego kraju w Kr\u00f3lestwie Niderland\u00f3w; pe\u0142n\u0105 niepodleg\u0142o\u015b\u0107 uzyska\u0142 25 listopada 1975 r. Dyplomatyczne i gospodarcze powi\u0105zania z Holandi\u0105 pozostaj\u0105 silne. Holenderski jest jedynym j\u0119zykiem urz\u0119dowym, u\u017cywanym w rz\u0105dzie, handlu, mediach i edukacji. Sranan Tongo, kreolski pochodz\u0105cy z j\u0119zyka angielskiego, funkcjonuje jako lingua franca. Oko\u0142o sze\u015b\u0107dziesi\u0119ciu procent mieszka\u0144c\u00f3w m\u00f3wi po holendersku jako ojczysty; wi\u0119kszo\u015b\u0107 pozosta\u0142ych nabywa go w szkole.<\/p>\n<p>Administracyjnie republika dzieli si\u0119 na dziesi\u0119\u0107 dystrykt\u00f3w, z kt\u00f3rych ka\u017cdy podlega komisarzowi mianowanemu przez prezydenta. Dystrykty te dziel\u0105 si\u0119 dalej na 62 o\u015brodki (ressorten), kt\u00f3re z kolei obejmuj\u0105 wsie, miasta i dzielnice. Podzia\u0142 ten odzwierciedla zar\u00f3wno plantacje z czas\u00f3w kolonialnych, jak i granice rdzennych mieszka\u0144c\u00f3w.<\/p>\n<p>Klimat Surinamu jest gor\u0105cy i wilgotny przez ca\u0142y rok, ze \u015bredni\u0105 temperatur\u0105 mi\u0119dzy 29 a 34 \u00b0C i wilgotno\u015bci\u0105 wzgl\u0119dn\u0105 80 do 90 procent. Dwie pory deszczowe \u2014 od kwietnia do sierpnia i od listopada do lutego \u2014 przeplataj\u0105 si\u0119 z dwoma kr\u00f3tszymi okresami suchymi. Wysoka wilgotno\u015b\u0107 powietrza zwi\u0119ksza odczuwalne ciep\u0142o nawet o 6 \u00b0C. R\u00f3wnikowe s\u0142o\u0144ce i cz\u0119ste burze kszta\u0142tuj\u0105 krajobraz bujnej ro\u015blinno\u015bci i obfitych dr\u00f3g wodnych.<\/p>\n<p>Republika szczyci si\u0119 sze\u015bcioma ekoregionami l\u0105dowymi. Nadmorskie namorzyny ust\u0119puj\u0105 miejsca bagiennym lasom w pobli\u017cu Paramaribo. W g\u0142\u0119bi l\u0105du wilgotne lasy pokrywaj\u0105 Wy\u017cyn\u0119 Gujany i nizinne r\u00f3wniny. Enklawy sawanny pojawiaj\u0105 si\u0119 wzd\u0142u\u017c po\u0142udniowych granic, a odizolowane piaskowcowe tepui przebijaj\u0105 baldachim. \u015awi\u0119te zar\u00f3wno dla naukowc\u00f3w, jak i obro\u0144c\u00f3w przyrody, lasy te osi\u0105gaj\u0105 wynik Wska\u017anika Integralno\u015bci Krajobrazu Le\u015bnego wynosz\u0105cy 9,39 na 10, pi\u0105ty najwy\u017cszy na \u015bwiecie. Dwadzie\u015bcia siedem procent terenu le\u017cy w formalnie chronionych rezerwatach. Sam Rezerwat Przyrody Centralnego Surinamu obejmuje 16 000 kilometr\u00f3w kwadratowych, obszar wi\u0119kszy ni\u017c kilka pa\u0144stw europejskich.<\/p>\n<p>Gospodarka opiera si\u0119 na eksporcie minera\u0142\u00f3w \u2014 boksyt\u00f3w, z\u0142ota i ropy naftowej \u2014 uzupe\u0142nionym przez rolnictwo. Wydobycie boksyt\u00f3w ustanowi\u0142o Surinam jako znacz\u0105ce \u017ar\u00f3d\u0142o rudy aluminium w po\u0142owie XX wieku, podczas gdy koncesje na z\u0142oto koncentruj\u0105 si\u0119 na rzekach wewn\u0119trznych. Ry\u017c, banany i krewetki znajduj\u0105 si\u0119 w\u015br\u00f3d produkt\u00f3w rolnych. Aktywno\u015b\u0107 gospodarcza koncentruje si\u0119 w Paramaribo, gdzie obiekty portowe i zak\u0142ady przetw\u00f3rcze obs\u0142uguj\u0105 zar\u00f3wno handel krajowy, jak i mi\u0119dzynarodowy.<\/p>\n<p>Infrastruktura transportowa odzwierciedla trudny teren kraju. Ca\u0142kowita liczba dr\u00f3g wynosi 4303 km, z czego 1119 km ma nawierzchni\u0119 asfaltow\u0105. Most Julesa Wijdenboscha, uko\u0144czony w 2000 r., rozci\u0105ga si\u0119 nad rzek\u0105 Surinam w pobli\u017cu Paramaribo, \u0142\u0105cz\u0105c stolic\u0119 z dystryktem Commewijne, zast\u0119puj\u0105c przepraw\u0119 promow\u0105 i wspieraj\u0105c rozw\u00f3j na wsch\u00f3d od metropolii. Ruch odbywa si\u0119 lewostronnie, co jest pozosta\u0142o\u015bci\u0105 po brytyjskiej okupacji i holenderskiej praktyce w XVIII wieku. Pojazdy obejmuj\u0105 zar\u00f3wno modele z kierownic\u0105 po lewej, jak i prawej stronie. Lotnictwo opiera si\u0119 na 55 lotniskach, z kt\u00f3rych sze\u015b\u0107 posiada utwardzone pasy startowe. Mi\u0119dzynarodowy port lotniczy Johan Adolf Pengel obs\u0142uguje dalekodystansowe samoloty odrzutowe i wi\u0119kszo\u015b\u0107 przylot\u00f3w mi\u0119dzynarodowych.<\/p>\n<p>\u017bycie miejskie koncentruje si\u0119 na w\u0105skiej r\u00f3wninie przybrze\u017cnej. Historyczne centrum Paramaribo, wpisane na list\u0119 \u015bwiatowego dziedzictwa UNESCO, prezentuje siatk\u0119 drewnianych kolonialnych struktur \u2014 neoklasycystyczne fasady z werandami i okiennicami. Tutaj Katedra \u015bw. Piotra i Paw\u0142a, kt\u00f3rej budowa rozpocz\u0119\u0142a si\u0119 w 1883 r. na ruinach dawnego teatru, wznosi si\u0119, aby konkurowa\u0107 z kamiennymi odpowiednikami w Europie. W pobli\u017cu znajduj\u0105 si\u0119 meczet i synagoga w bliskiej odleg\u0142o\u015bci; ich zgromadzenia organizuj\u0105 wsp\u00f3lne parkingi, gdy zbiegaj\u0105 si\u0119 obchody religijne. W dzielnicy Wanica \u015bwi\u0105tynia Arya Diwaker, zainaugurowana w 2001 r., nosi inskrypcje tekst\u00f3w wedyjskich zamiast symbolicznych ikon, odzwierciedlaj\u0105c zasady Arya Samaj.<\/p>\n<p>Atrakcje wiejskie i wewn\u0119trzne pochodz\u0105 z ekosystemu Amazonii. Brownsberg Nature Park g\u00f3ruje nad rezerwuarem Brokopondo, kt\u00f3ry sam powsta\u0142 dzi\u0119ki jednej z najwi\u0119kszych na \u015bwiecie zap\u00f3r hydroelektrycznych. Wyspa Tonka, po\u0142o\u017cona na zbiorniku, jest gospodarzem projektu ekoturystycznego zarz\u0105dzanego przez spo\u0142eczno\u015bci Saramaccaner Maroon, kt\u00f3re r\u00f3wnie\u017c produkuj\u0105 r\u0119cznie malowane miski z tykwy i dekoracyjne wyroby z drewna dla odwiedzaj\u0105cych. Rezerwat Raleighvallen, skupiony na klifach i bystrzach rzeki Coppename, oferuje mo\u017cliwo\u015bci obserwacji ptak\u00f3w; Blanche Marie i wodospady Wonotobo wyznaczaj\u0105 inne biegi rzeki. Le\u015bne domki i wioski india\u0144skie umo\u017cliwiaj\u0105 wymian\u0119 kulturow\u0105 przy jednoczesnym przestrzeganiu wytycznych dotycz\u0105cych ochrony \u015brodowiska.<\/p>\n<p>Dane dotycz\u0105ce bezpiecze\u0144stwa drogowego w Surinamie kontrastuj\u0105 z jego spokojnymi nadmorskimi miastami; wska\u017aniki przest\u0119pczo\u015bci wzros\u0142y w Paramaribo, a zbrojne napady zdarzaj\u0105 si\u0119 coraz cz\u0119\u015bciej. Departament Stanu USA ocenia ryzyko podr\u00f3\u017cy jako Poziom 1: zachowaj normalne \u015brodki ostro\u017cno\u015bci.<\/p>\n<p>Trendy demograficzne wskazuj\u0105 na sta\u0142y wzrost od czasu spisu powszechnego z 2012 r., kiedy to liczba ludno\u015bci wynios\u0142a 541 638. W 2022 r. szacunki ONZ wskazuj\u0105 na blisko\u015b\u0107 populacji 624 900 os\u00f3b. Urbanizacja trwa wzd\u0142u\u017c wybrze\u017ca; prawie dziewi\u0119\u0107dziesi\u0105t procent mieszka\u0144c\u00f3w mieszka w Paramaribo lub s\u0105siednich osiedlach.<\/p>\n<p>Powi\u0105zania dyplomatyczne obejmuj\u0105 cz\u0142onkostwo we Wsp\u00f3lnocie Karaib\u00f3w (CARICOM), Organizacji Wsp\u00f3\u0142pracy Islamskiej, Organizacji Pa\u0144stw Ameryka\u0144skich i Organizacji Narod\u00f3w Zjednoczonych. Te powi\u0105zania rozszerzaj\u0105 zasi\u0119g Surinamu poza jego skromne rozmiary, umo\u017cliwiaj\u0105c udzia\u0142 w regionalnej wymianie gospodarczej i kulturalnej.<\/p>\n<p>Pomimo zwartej populacji, obfite bogactwo naturalne i r\u00f3\u017cnorodno\u015b\u0107 kulturowa Surinamu sk\u0142adaj\u0105 si\u0119 na wielowarstwow\u0105 narracj\u0119 narodow\u0105. Od kolonialnych plantacji i migruj\u0105cej si\u0142y roboczej po rezerwaty las\u00f3w deszczowych i nowoczesn\u0105 infrastruktur\u0119, republika pozostaje krajobrazem trwa\u0142ych kontrast\u00f3w. Jej g\u0119ste lasy i powolne rzeki s\u0105 \u015bwiadkami wsp\u00f3\u0142grania \u017cycia przodk\u00f3w Indian Ameryki P\u00f3\u0142nocnej i globalnego handlu, klimatu tropikalnego i sztucznie wybudowanego polderu, wieloetnicznego spo\u0142ecze\u0144stwa i wyj\u0105tkowej pa\u0144stwowo\u015bci. Surinam jest jednocze\u015bnie odleg\u0142y i po\u0142\u0105czony, repozytorium ekologicznej integralno\u015bci i ludzkiej z\u0142o\u017cono\u015bci wzd\u0142u\u017c p\u00f3\u0142nocnego brzegu Ameryki Po\u0142udniowej.<\/p>","protected":false},"excerpt":{"rendered":"<p>Suriname, a little nation on the northeastern coast of South America, offers a unique mix of cultures, unspoiled environment, and welcoming hospitality. For those looking for real experiences and unspoiled beauty, this hidden treasure is fast rising as a must-see.<\/p>","protected":false},"author":1,"featured_media":4488,"parent":24096,"menu_order":0,"comment_status":"closed","ping_status":"closed","template":"elementor_theme","meta":{"_eb_attr":"","footnotes":""},"class_list":["post-7304","page","type-page","status-publish","has-post-thumbnail"],"_links":{"self":[{"href":"https:\/\/travelshelper.com\/pl\/wp-json\/wp\/v2\/pages\/7304","targetHints":{"allow":["GET"]}}],"collection":[{"href":"https:\/\/travelshelper.com\/pl\/wp-json\/wp\/v2\/pages"}],"about":[{"href":"https:\/\/travelshelper.com\/pl\/wp-json\/wp\/v2\/types\/page"}],"author":[{"embeddable":true,"href":"https:\/\/travelshelper.com\/pl\/wp-json\/wp\/v2\/users\/1"}],"replies":[{"embeddable":true,"href":"https:\/\/travelshelper.com\/pl\/wp-json\/wp\/v2\/comments?post=7304"}],"version-history":[{"count":0,"href":"https:\/\/travelshelper.com\/pl\/wp-json\/wp\/v2\/pages\/7304\/revisions"}],"up":[{"embeddable":true,"href":"https:\/\/travelshelper.com\/pl\/wp-json\/wp\/v2\/pages\/24096"}],"wp:featuredmedia":[{"embeddable":true,"href":"https:\/\/travelshelper.com\/pl\/wp-json\/wp\/v2\/media\/4488"}],"wp:attachment":[{"href":"https:\/\/travelshelper.com\/pl\/wp-json\/wp\/v2\/media?parent=7304"}],"curies":[{"name":"wp","href":"https:\/\/api.w.org\/{rel}","templated":true}]}}