{"id":6705,"date":"2024-08-19T09:41:47","date_gmt":"2024-08-19T09:41:47","guid":{"rendered":"https:\/\/travelshelper.com\/staging\/?page_id=6705"},"modified":"2026-03-14T00:18:05","modified_gmt":"2026-03-14T00:18:05","slug":"urugwaj","status":"publish","type":"page","link":"https:\/\/travelshelper.com\/pl\/destinations\/south-america\/uruguay\/","title":{"rendered":"Urugwaj"},"content":{"rendered":"<p>Urugwaj zajmuje w\u0105ski pas terytorium mi\u0119dzy R\u00edo de la Plata na po\u0142udniu a \u0142agodnymi, niskimi wzg\u00f3rzami Cuchillas na p\u00f3\u0142nocy. Rozci\u0105gaj\u0105c si\u0119 na powierzchni oko\u0142o 176 215 kilometr\u00f3w kwadratowych, pozostaje drugim najmniejszym niepodleg\u0142ym pa\u0144stwem na kontynencie Ameryki Po\u0142udniowej. Montevideo, jego stolica i g\u0142\u00f3wny port, stanowi kotwic\u0119 po\u0142udniowego brzegu, przyci\u0105gaj\u0105c prawie dwa miliony mieszka\u0144c\u00f3w do metropolitalnej mozaiki, kt\u00f3ra obejmuje stare fortyfikacje, modernistyczne bulwary i ciche dzielnice mieszkalne. Poza tym miejskim sercem populacja oko\u0142o 3,4 miliona rozproszy\u0142a si\u0119 po \u017cyznych pastwiskach, nizinach rzecznych i okazjonalnych zalesionych wzniesieniach.<\/p>\n<p>Geografia rozwija si\u0119 w \u0142agodnych konturach. \u017badne pasmo g\u00f3rskie nie rozcina ziemi; zamiast tego niskie pasma wzg\u00f3rz wznosz\u0105 si\u0119 do skromnych wysoko\u015bci, najwy\u017cszy punkt \u2014 Cerro Catedral \u2014 osi\u0105ga 514 metr\u00f3w nad poziomem morza. Wzg\u00f3rza te dziel\u0105 scen\u0119 z sieci\u0105 dr\u00f3g wodnych. Rzeka Urugwaj, wyznaczaj\u0105ca zachodni\u0105 granic\u0119, \u0142\u0105czy si\u0119 z estuarium R\u00edo de la Plata w po\u0142udniowo-zachodnim naro\u017cniku. W g\u0142\u0119bi l\u0105du R\u00edo Negro przecina kraj, a jego przep\u0142yw zosta\u0142 zatrzymany w 1945 roku, tworz\u0105c zbiornik Rinc\u00f3n del Bonete. Wzd\u0142u\u017c wybrze\u017ca Atlantyku szereg lagun i teren\u00f3w podmok\u0142ych podtrzymuje zr\u00f3\u017cnicowany ekosystem znany jako urugwajska sawanna. Dziesi\u0119\u0107 park\u00f3w narodowych chroni odcinki teren\u00f3w podmok\u0142ych, pag\u00f3rkowatych i las\u00f3w nadrzecznych, chocia\u017c skromny wynik Wska\u017anika Integralno\u015bci Krajobrazu Le\u015bnego wskazuje, \u017ce znaczna cz\u0119\u015b\u0107 pierwotnej pokrywy drzewnej ust\u0105pi\u0142a miejsca pastwiskom.<\/p>\n<p>Po\u0142o\u017cony ca\u0142kowicie na po\u0142udnie od zwrotnika Kozioro\u017cca, Urugwaj do\u015bwiadcza jednolitego klimatu umiarkowanego. Lata trwaj\u0105 od grudnia do marca, \u0142agodzone przez atlantyckie bryzy, podczas gdy zimy trwaj\u0105 od czerwca do wrze\u015bnia, z corocznymi przymrozkami, ale rzadko z silnym zimnem. Opady deszczu rozprzestrzeniaj\u0105 si\u0119 r\u00f3wnomiernie przez ca\u0142y rok; okazjonalne burze przetaczaj\u0105 si\u0119 przez otwarte r\u00f3wniny, przynosz\u0105c szkwa\u0142y, grad lub, rzadko, tornada. Mg\u0142a osiada wzd\u0142u\u017c dolin rzecznych i r\u00f3wniny przybrze\u017cnej; wilgotno\u015b\u0107 pozostaje wysoka.<\/p>\n<p>Obecno\u015b\u0107 cz\u0142owieka w tym miejscu si\u0119ga ponad 13 000 lat wstecz, kiedy to grupy \u0142owc\u00f3w-zbieraczy pod\u0105\u017ca\u0142y za zwierzyn\u0105 przez r\u00f3wniny. W przededniu przybycia Europejczyk\u00f3w lud Charr\u00faa sprawowa\u0142 w\u0142adz\u0119 w tym, co jest obecnie centralnym Urugwajem, obok spo\u0142eczno\u015bci Guaran\u00ed na p\u00f3\u0142nocy i grup Chan\u00e1 wzd\u0142u\u017c dr\u00f3g wodnych. Portugalscy osadnicy za\u0142o\u017cyli Colonia do Sacramento na brzegu R\u00edo de la Plata w 1680 r., co sk\u0142oni\u0142o hiszpa\u0144skich gubernator\u00f3w do za\u0142o\u017cenia Montevideo przed po\u0142ow\u0105 wieku.<\/p>\n<p>Na pocz\u0105tku XIX wieku te kolonialne plac\u00f3wki sta\u0142y si\u0119 teatrami konkuruj\u0105cych roszcze\u0144 Hiszpanii, Portugalii, a p\u00f3\u017aniej powstaj\u0105cych republik Argentyny i Brazylii. W latach 1811\u20131828 czterokierunkowa rywalizacja zako\u0144czy\u0142a si\u0119 uzyskaniem przez Urugwaj niepodleg\u0142o\u015bci. Jednak nowe pa\u0144stwo pozostawa\u0142o pod wp\u0142ywem i interwencj\u0105 zagraniczn\u0105 a\u017c do po\u0142owy wieku. W kolejnych dekadach szereg reform spo\u0142ecznych i gospodarczych po\u0142o\u017cy\u0142 podwaliny pod kompleksowy system opieki spo\u0142ecznej. Edukacja publiczna, ochrona pracy i programy emerytalne zakorzeni\u0142y si\u0119 mi\u0119dzy latami 80. XIX wieku a latami 20. XX wieku. Obserwatorzy epoki por\u00f3wnywali ramy spo\u0142eczne do ram Szwajcarii, co da\u0142o Urugwajowi przydomek \u201eSzwajcaria Ameryk\u201d.<\/p>\n<p>Ta trajektoria zmieni\u0142a si\u0119 pod koniec XX wieku. Kryzysy gospodarcze w latach 60. zbieg\u0142y si\u0119 z dzia\u0142alno\u015bci\u0105 partyzantki miejskiej, co doprowadzi\u0142o do zamachu stanu w 1973 r. Administracja cywilno-wojskowa narzuci\u0142a \u015bcis\u0142e kontrole do 1985 r. Od czasu przywr\u00f3cenia rz\u0105d\u00f3w konstytucyjnych Urugwaj skonsolidowa\u0142 instytucje demokratyczne. Prezydent pe\u0142ni funkcj\u0119 g\u0142owy pa\u0144stwa i szefa rz\u0105du. W indeksie demokracji Economist z 2023 r. Urugwaj znalaz\u0142 si\u0119 w gronie nielicznych kraj\u00f3w sklasyfikowanych jako w pe\u0142ni demokratyczne. Kraj ten wypada r\u00f3wnie\u017c dobrze w ocenach przejrzysto\u015bci rz\u0105du, wolno\u015bci gospodarczej i post\u0119pu spo\u0142ecznego.<\/p>\n<p>Reformy prawne w ostatnich latach odzwierciedlaj\u0105 wywa\u017cone podej\u015bcie do polityki spo\u0142ecznej. Urugwaj sta\u0142 si\u0119 pierwszym krajem, kt\u00f3ry ustanowi\u0142 uregulowane ramy dla produkcji, dystrybucji i u\u017cytkowania konopi. Ma\u0142\u017ce\u0144stwa os\u00f3b tej samej p\u0142ci i prawa do aborcji uzyska\u0142y parlamentarn\u0105 akceptacj\u0119 i wdro\u017cenie, co umie\u015bci\u0142o kraj na czele swob\u00f3d obywatelskich w regionie.<\/p>\n<p>W\u0142adza administracyjna dzieli kraj na dziewi\u0119tna\u015bcie departament\u00f3w. Ka\u017cdy departament wybiera superintendenta nadzoruj\u0105cego funkcje wykonawcze i rad\u0119 departamentu do spraw ustawodawstwa. Ta struktura powiela krajowy podzia\u0142 w\u0142adzy na szczeblu regionalnym. Taka decentralizacja wspiera lokalne zarz\u0105dzanie w o\u015brodkach miejskich, posiad\u0142o\u015bciach pasterskich i kurortach nadmorskich.<\/p>\n<p>Turystyka sta\u0142a si\u0119 rozwijaj\u0105cym si\u0119 sektorem gospodarki. W 2012 r. odpowiada\u0142a za oko\u0142o 9 procent PKB i prawie 97 000 miejsc pracy; do 2023 r. przyby\u0142o prawie 3,8 miliona go\u015bci, wi\u0119kszo\u015b\u0107 z s\u0105siedniej Argentyny i Brazylii, a nast\u0119pnie mniejsze kontyngenty z Chile, Paragwaju, Stan\u00f3w Zjednoczonych i Europy. Odrestaurowana dzielnica kolonialna Colonia del Sacramento przyci\u0105ga turyst\u00f3w kamiennymi uliczkami, murami calicanto i cieniem hiszpa\u0144skich fortyfikacji z XIX wieku. W Montevideo trasy kulturalne obejmuj\u0105 Galeri\u0119 Jos\u00e9 Gurvicha, Muzeum Torresa Garc\u00edi \u2014 mieszcz\u0105ce dzie\u0142a modernistycznego malarza Joaqu\u00edna Torresa Garc\u00edi \u2014 i Estadio Centenario, stadion, na kt\u00f3rym odby\u0142 si\u0119 inauguracyjny fina\u0142 Mistrzostw \u015awiata FIFA w 1930 r.<\/p>\n<p>Dalej na wsch\u00f3d, Punta del Este znajduje si\u0119 na w\u0105skim p\u00f3\u0142wyspie pomi\u0119dzy spokojnymi wodami zatoki Mansa a otwartym oceanem wybrze\u017ca Brava. Luksusowe posiad\u0142o\u015bci i nowoczesne galerie nawi\u0105zuj\u0105 do wypoczynku XXI wieku; weekendowe t\u0142umy zbieraj\u0105 si\u0119 w porcie, latarni morskiej i rozleg\u0142ej Playa Brava. Pobliskie kurorty \u2014 La Barra i Jos\u00e9 Ignacio \u2014 oferuj\u0105 spokojniejsze odcinki piasku i szereg pla\u017c otoczonych wydmami. Mi\u0119dzynarodowy port lotniczy Punta del Este, otwarty w 1997 roku i zaprojektowany przez Carlosa Otta, jest drugim najbardziej ruchliwym lotniskiem w kraju.<\/p>\n<p>Wracaj\u0105c do sedna handlu morskiego, port Montevideo obs\u0142uguje rocznie ponad 1,1 miliona kontener\u00f3w, a jego nabrze\u017ca obs\u0142uguj\u0105 statki o zanurzeniu do 14 metr\u00f3w. D\u017awigi podnosz\u0105 \u0142adunki z szybko\u015bci\u0105 osiemdziesi\u0119ciu do stu ruch\u00f3w na godzin\u0119. Dalej w g\u00f3r\u0119 rzeki Nueva Palmira dzia\u0142a jako centrum prze\u0142adunkowe towar\u00f3w regionalnych, \u0142\u0105cz\u0105c pa\u0144stwowe i prywatne obiekty.<\/p>\n<p>Podr\u00f3\u017ce lotnicze koncentruj\u0105 si\u0119 r\u00f3wnie\u017c na lotnisku Carrasco International Airport, otwartym po raz pierwszy w 1947 r. i zmodernizowanym w 2009 r. w ramach rozbudowy o warto\u015bci 165 mln USD przez Rafael Vi\u00f1oly Architects. Jego terminal pasa\u017cerski, hala ze \u015bwiat\u0142a i szk\u0142a, obs\u0142uguje do 4,5 mln podr\u00f3\u017cnych rocznie. Do czasu rozwi\u0105zania PLUNA, urugwajski przewo\u017anik narodowy, mia\u0142 tam swoj\u0105 siedzib\u0119.<\/p>\n<p>Demografia Urugwaju odzwierciedla fale migracji. Spis powszechny z 2023 r. wykaza\u0142, \u017ce oko\u0142o 85 procent mieszka\u0144c\u00f3w identyfikuje si\u0119 jako biali, co zosta\u0142o ukszta\u0142towane przez imigracj\u0119 z Hiszpanii, W\u0142och, Niemiec, Francji i Wielkiej Brytanii w XIX i na pocz\u0105tku XX wieku. Spo\u0142eczno\u015b\u0107 wywodz\u0105ca si\u0119 z lud\u00f3w afryka\u0144skich sprowadzonych w okresie kolonialnym stanowi oko\u0142o 5 procent populacji. Mniejsze grupy pochodzenia japo\u0144skiego i spo\u0142eczno\u015bci o mieszanym dziedzictwie uzupe\u0142niaj\u0105 mozaik\u0119 spo\u0142eczn\u0105 podobn\u0105 do s\u0105siednich prowincji Argentyny i po\u0142udniowej Brazylii.<\/p>\n<p>Hiszpa\u0144ski funkcjonuje jako j\u0119zyk narodowy, jego urugwajska odmiana jest odmieniona przez wzorce Rioplatense, koniugacje voseo i zmiany w mowie ye\u00edsmo. W\u0142oskie dialekty przenikaj\u0105 lokalny slang, podczas gdy w departamentach granicznych kr\u0105\u017cy portugalsko-hiszpa\u0144ski hybryd bez formalnej kodyfikacji. Nauka j\u0119zyka angielskiego zajmuje wa\u017cne miejsce w programach nauczania, przygotowuj\u0105c Urugwajczyk\u00f3w do handlu i dyplomacji.<\/p>\n<p>\u017bycie kulturalne nosi pi\u0119tno europejskich nurt\u00f3w artystycznych i lokalnego etosu ukszta\u0142towanego przez gaucho. Tradycje ranczerskie kszta\u0142tuj\u0105 folklor, literatur\u0119 i sztuki wizualne, oddaj\u0105c ho\u0142d samotnemu je\u017ad\u017acowi, kt\u00f3ry niegdy\u015b przemierza\u0142 pampy w poszukiwaniu byd\u0142a. Zar\u00f3wno w \u015brodowisku miejskim, jak i wiejskim festiwale oznaczaj\u0105 sezonowe cykle pracy, obrz\u0119dy religijne i z\u0142o\u017cone dziedzictwo narodu.<\/p>\n<p>Trajektoria Urugwaju na przestrzeni trzech stuleci ukazuje sta\u0142e nawarstwianie si\u0119 ludzkich wysi\u0142k\u00f3w na otwartym terenie. Od dom\u00f3w wczesnych \u0142owc\u00f3w-zbieraczy po siatk\u0119 ulic Montevideo, od kolonialnych plac\u00f3wek po nowoczesne lotniska, kraj ten prezentuje studium mierzonych zmian. Jego umiarkowane r\u00f3wniny nosz\u0105 \u015blady post\u0119pu spo\u0142ecznego, transformacji politycznej i wymiany kulturalnej. Tutaj gospodarka i \u015brodowisko pozostaj\u0105 ze sob\u0105 powi\u0105zane, zarz\u0105dzanie opiera si\u0119 na lokalnym i krajowym udziale, a dziedzictwo r\u00f3wnin i port\u00f3w trwa w codziennych ruchach jego mieszka\u0144c\u00f3w.<\/p>","protected":false},"excerpt":{"rendered":"<p>Uruguay, a small but intriguing nation situated between Brazil and Argentina, frequently goes unnoticed by many travelers. This nation offers a unique mix of natural, historical, and cultural aspects that could challenge those of its more well-known neighbors. Beyond its breathtaking beaches and mesmerizing sunsets, Uruguay offers a convincing case for investigation marked by its outstanding coastline, energetic metropolitan centers, and rich agricultural areas.<\/p>","protected":false},"author":1,"featured_media":4280,"parent":24096,"menu_order":0,"comment_status":"closed","ping_status":"closed","template":"elementor_theme","meta":{"_eb_attr":"","footnotes":""},"class_list":["post-6705","page","type-page","status-publish","has-post-thumbnail"],"_links":{"self":[{"href":"https:\/\/travelshelper.com\/pl\/wp-json\/wp\/v2\/pages\/6705","targetHints":{"allow":["GET"]}}],"collection":[{"href":"https:\/\/travelshelper.com\/pl\/wp-json\/wp\/v2\/pages"}],"about":[{"href":"https:\/\/travelshelper.com\/pl\/wp-json\/wp\/v2\/types\/page"}],"author":[{"embeddable":true,"href":"https:\/\/travelshelper.com\/pl\/wp-json\/wp\/v2\/users\/1"}],"replies":[{"embeddable":true,"href":"https:\/\/travelshelper.com\/pl\/wp-json\/wp\/v2\/comments?post=6705"}],"version-history":[{"count":0,"href":"https:\/\/travelshelper.com\/pl\/wp-json\/wp\/v2\/pages\/6705\/revisions"}],"up":[{"embeddable":true,"href":"https:\/\/travelshelper.com\/pl\/wp-json\/wp\/v2\/pages\/24096"}],"wp:featuredmedia":[{"embeddable":true,"href":"https:\/\/travelshelper.com\/pl\/wp-json\/wp\/v2\/media\/4280"}],"wp:attachment":[{"href":"https:\/\/travelshelper.com\/pl\/wp-json\/wp\/v2\/media?parent=6705"}],"curies":[{"name":"wp","href":"https:\/\/api.w.org\/{rel}","templated":true}]}}