{"id":6656,"date":"2024-08-19T01:16:56","date_gmt":"2024-08-19T01:16:56","guid":{"rendered":"https:\/\/travelshelper.com\/staging\/?page_id=6656"},"modified":"2026-03-14T00:02:25","modified_gmt":"2026-03-14T00:02:25","slug":"paraguay","status":"publish","type":"page","link":"https:\/\/travelshelper.com\/pl\/destinations\/south-america\/paraguay\/","title":{"rendered":"Paraguay"},"content":{"rendered":"<p>Paragwaj, oficjalnie znany jako Republika Paragwaju, zajmuje centralne miejsce na kontynencie Ameryki Po\u0142udniowej. Nie maj\u0105c bezpo\u015bredniego dost\u0119pu do m\u00f3rz, graniczy z Argentyn\u0105 na po\u0142udniu i po\u0142udniowym zachodzie, z Brazyli\u0105 na wschodzie i p\u00f3\u0142nocnym wschodzie oraz z Boliwi\u0105 na p\u00f3\u0142nocnym zachodzie. Cienka wst\u0119ga rzeki Paragwaj przecina kraj, nadaj\u0105c mu nazw\u0119 i dziel\u0105c dwa odr\u0119bne regiony: wschodni krain\u0119 faluj\u0105cych r\u00f3wnin i zalesionych wzg\u00f3rz oraz zachodni\u0105 rozleg\u0142o\u015b\u0107 Gran Chaco, kr\u00f3lestwa rzadkiej ro\u015blinno\u015bci i okresowych bagien.<\/p>\n<p>Liczba ludno\u015bci oscyluje w okolicach 6,1 miliona. Prawie 2,3 miliona mieszka w Asunci\u00f3n, stolicy i g\u0142\u00f3wnym centrum handlu i zarz\u0105dzania, wraz z przyleg\u0142ymi przedmie\u015bciami. Dystrykty wiejskie na wschodnich nizinach utrzymuj\u0105 rytmy rolnicze, podczas gdy tylko niewielka cz\u0119\u015b\u0107 mieszka\u0144c\u00f3w \u2014 mniej ni\u017c czterech na stu \u2014 zamieszkuje rozleg\u0142e terytorium Chaco, kt\u00f3re obejmuje ponad po\u0142ow\u0119 powierzchni kraju.<\/p>\n<p>Pocz\u0105tki wsp\u00f3\u0142czesnego Paragwaju si\u0119gaj\u0105 przybycia hiszpa\u0144skich odkrywc\u00f3w w 1524 roku. Nieca\u0142\u0105 dekad\u0119 p\u00f3\u017aniej, w 1537 roku, osada Asunci\u00f3n nabra\u0142a kszta\u0142tu pod auspicjami konkwistador\u00f3w, wyznaczaj\u0105c pierwsze centrum administracyjne Gubernatora R\u00edo de la Plata. W ci\u0105gu nast\u0119pnego stulecia jezuiccy misjonarze za\u0142o\u017cyli sie\u0107 misji w\u015br\u00f3d rdzennych Guaran\u00ed, wprowadzaj\u0105c nauk\u0119 religii obok technik rolniczych i rzemie\u015blniczych. Osady te \u0142\u0105czy\u0142y elementy \u017cycia tubylczego i europejskiego a\u017c do wydalenia zakonu jezuit\u00f3w w 1767 roku. Zredukowany do peryferyjnej posiad\u0142o\u015bci kolonialnej, Paragwaj przetrwa\u0142 do wczesnych lat XIX wieku, kiedy to region uzyska\u0142 niepodleg\u0142o\u015b\u0107 od Hiszpanii.<\/p>\n<p>XIX wiek okaza\u0142 si\u0119 burzliwy. W nowo powsta\u0142ym pa\u0144stwie nast\u0105pi\u0142y kolejne rz\u0105dy silnej r\u0119ki. Od 1864 do 1870 roku konflikt znany jako wojna paragwajska postawi\u0142 Paragwaj przeciwko sojuszowi Brazylii, Argentyny i Urugwaju. Wynik zniszczy\u0142 Paragwaj: odda\u0142 on a\u017c jedn\u0105 trzeci\u0105 swojego terytorium i straci\u0142 mniej wi\u0119cej po\u0142ow\u0119 swojej populacji. Odbudowa wymaga\u0142a dziesi\u0119cioleci. Na pocz\u0105tku XX wieku Paragwaj ponownie zaanga\u017cowa\u0142 si\u0119 w zakrojone na szerok\u0105 skal\u0119 walki zbrojne podczas wojny o Chaco (1932\u20131935) przeciwko Boliwii; tym razem si\u0142y paragwajskie utrzyma\u0142y kontrol\u0119 nad spornymi ziemiami.<\/p>\n<p>\u017bycie polityczne w kolejnych dekadach rozwija\u0142o si\u0119 pod rz\u0105dami re\u017cim\u00f3w wojskowych. Najd\u0142u\u017cej trwaj\u0105cy pojawi\u0142 si\u0119 w 1954 r., kiedy w\u0142adz\u0119 przej\u0105\u0142 Alfredo Stroessner. Jego administracja rz\u0105dzi\u0142a do czasu zamachu stanu w 1989 r., kt\u00f3ry zapocz\u0105tkowa\u0142 obecny okres rz\u0105d\u00f3w cywilnych i rywalizacji wyborczej.<\/p>\n<p>Gospodarka Paragwaju rozwija\u0142a si\u0119 w ramach regionalnych blok\u00f3w handlowych. Nale\u017cy do za\u0142o\u017cycieli Wsp\u00f3lnego Rynku Po\u0142udnia (Mercosur) i zasiada w Organizacji Narod\u00f3w Zjednoczonych, Organizacji Pa\u0144stw Ameryka\u0144skich, Ruchu Pa\u0144stw Niezaanga\u017cowanych i Grupie z Limy. Cho\u0107 Paragwaj nie ma dost\u0119pu do morza, kieruje eksport i import przez Drog\u0119 Wodn\u0105 Paran\u00e1\u2013Paragwaj, docieraj\u0105c do port\u00f3w atlantyckich. Transport rzeczny pozostaje kluczowy, przewo\u017c\u0105c towary na p\u00f3\u0142noc do portu w Asunci\u00f3n i dalej do Buenos Aires, gdzie cumuj\u0105 mi\u0119dzynarodowe linie \u017ceglugowe.<\/p>\n<p>Topograficznie region wschodni \u2014 znany jako Regi\u00f3n Oriental \u2014 obejmuje trawiaste r\u00f3wniny przerywane zalesionymi wzniesieniami. Gleba, \u017cyzna i g\u0142\u0119boka, podtrzymuje uprawy soi, kukurydzy i byd\u0142a. Na zachodzie, w Chaco lub Regi\u00f3n Occidental, teren sp\u0142aszcza si\u0119, tworz\u0105c rozleg\u0142e zaro\u015bla i okresowe mokrad\u0142a. Sze\u015b\u0107 stref ekologicznych przecina si\u0119 w granicach pa\u0144stwowych: lasy atlantyckie Alto Paran\u00e1, wilgotne i suche Chaco, sawanny Cerrado, zalewowe r\u00f3wniny Pantanal i zalane trawiaste r\u00f3wniny Paran\u00e1. Integralno\u015b\u0107 las\u00f3w jest umiarkowana wed\u0142ug miar globalnych; w 2019 r. Paragwaj zaj\u0105\u0142 siedemdziesi\u0105te czwarte miejsce na 172 kraje pod wzgl\u0119dem ochrony krajobrazu. Podziemny wodono\u015bnik Guarani tworzy jeden z najwi\u0119kszych zbiornik\u00f3w s\u0142odkiej wody w obu Amerykach.<\/p>\n<p>Klimat jest zgodny ze schematem dw\u00f3ch p\u00f3r roku: wilgotnego okresu od pa\u017adziernika do marca i suchszego okresu od kwietnia do wrze\u015bnia. Bez barier g\u00f3rskich masy powietrza przybrze\u017cnego i andyjskiego bez przeszk\u00f3d przemieszczaj\u0105 si\u0119 przez kraj. Od maja do sierpnia ch\u0142odniejsze wiatry schodz\u0105 z And\u00f3w, czasami powoduj\u0105c spadek temperatury poni\u017cej zera w zimowe noce. Z drugiej strony, letnie maksima osi\u0105gaj\u0105 szczyt w pobli\u017cu 29 stopni Celsjusza w styczniu, nap\u0119dzane przez pr\u0105dy p\u00f3\u0142nocne wy\u0142aniaj\u0105ce si\u0119 z dorzecza Amazonki. Opady deszczu zmniejszaj\u0105 si\u0119 w kierunku zachodnim \u2014 od oko\u0142o 170 centymetr\u00f3w rocznie w lasach wschodnich do poni\u017cej 50 centymetr\u00f3w w ca\u0142ym Chaco \u2014 kszta\u0142tuj\u0105c mo\u017cliwo\u015bci rolnicze i g\u0119sto\u015b\u0107 osadnictwa.<\/p>\n<p>Administracyjnie Paragwaj dzieli si\u0119 na siedemna\u015bcie departament\u00f3w plus sto\u0142eczny dystrykt Asunci\u00f3n. Departamenty skupiaj\u0105 si\u0119 w dw\u00f3ch nadrz\u0119dnych regionach: trzy w Chaco \u2014 Boquer\u00f3n, Alto Paraguay i Presidente Hayes \u2014 a pozosta\u0142e w wschodniej po\u0142owie wzd\u0142u\u017c stolicy kraju. Sieci drogowe rozci\u0105gaj\u0105 si\u0119 na ponad 78 850 kilometr\u00f3w, chocia\u017c mniej ni\u017c czterna\u015bcie procent ma utwardzon\u0105 nawierzchni\u0119. Ostatnie przedsi\u0119wzi\u0119cia infrastrukturalne obejmuj\u0105 Bioceanic Corridor, transnarodow\u0105 autostrad\u0119 biegn\u0105c\u0105 na zach\u00f3d, aby po\u0142\u0105czy\u0107 brazylijskie i argenty\u0144skie porty przez p\u00f3\u0142nocny Paragwaj. Po planowanym zako\u0144czeniu b\u0119dzie przebiega\u0107 przez prawie 550 kilometr\u00f3w przez s\u0142abo po\u0142\u0105czone dystrykty, obiecuj\u0105c nowe trasy dla ruchu eksportowego i otwieraj\u0105c obszary wewn\u0119trzne na inwestycje. Na pocz\u0105tku 2022 roku Paragwaj zainaugurowa\u0142 oko\u0142o po\u0142ow\u0119 tej trasy, \u0142\u0105cz\u0105c miasto Carmelo Peralta na granicy brazylijskiej z Loma Plata w Boquer\u00f3n. Jednocze\u015bnie trwa\u0142y prace nad podwojeniem pas\u00f3w ruchu na trasie nr 2 mi\u0119dzy Asunci\u00f3n i Ciudad del Este \u2013 gdzie znajduje si\u0119 g\u0142\u00f3wne przej\u015bcie graniczne z Brazyli\u0105 \u2013 a do stycznia tego samego roku wyd\u0142u\u017cono t\u0119 tras\u0119 o prawie 100 kilometr\u00f3w.<\/p>\n<p>Po\u0142\u0105czenia lotnicze kr\u0105\u017c\u0105 wok\u00f3\u0142 mi\u0119dzynarodowego lotniska Silvio Pettirossi w pobli\u017cu Asunci\u00f3n, b\u0119d\u0105cego cz\u0119stym po\u015brednikiem lot\u00f3w przecinaj\u0105cych Ameryk\u0119 Po\u0142udniow\u0105. Dalej na wsch\u00f3d lotnisko w Ciudad del Este kieruje znaczn\u0105 ilo\u015b\u0107 \u0142adunk\u00f3w przez obszar trzech granic przylegaj\u0105cych do Brazylii i Argentyny.<\/p>\n<p>Demograficznie Paragwaj rejestruje wysoki stopie\u0144 mieszanki etnicznej. Wi\u0119kszo\u015b\u0107 \u2014 ponad dziewi\u0119\u0107dziesi\u0105t procent \u2014 wywodzi si\u0119 zar\u00f3wno od europejskich, jak i rdzennych przodk\u00f3w, g\u0142\u00f3wnie Guaran\u00ed. J\u0119zyk Guaran\u00ed nadal jest j\u0119zykiem wsp\u00f3lnym, obok hiszpa\u0144skiego; ponad dziewi\u0119ciu na dziesi\u0119ciu Paragwajczyk\u00f3w m\u00f3wi dialektami Guaran\u00ed, a Jopara, potoczna mieszanka Guaran\u00ed i hiszpa\u0144skiego, przenika codzienne rozmowy. Urbanizacja osi\u0105ga oko\u0142o sze\u015b\u0107dziesi\u0119ciu trzech procent, jeden z ni\u017cszych wska\u017anik\u00f3w w Ameryce Po\u0142udniowej, przy czym wi\u0119kszo\u015b\u0107 mieszka\u0144c\u00f3w skupia si\u0119 w Asunci\u00f3n i jego okolicach.<\/p>\n<p>\u017bycie kulturalne odzwierciedla mieszanie si\u0119 zwyczaj\u00f3w Guaran\u00ed i wp\u0142yw\u00f3w iberyjskich. Tradycje hafciarskie, takie jak ao po&#039;\u00ed i koronkarstwo znane jako \u00f1andut\u00ed, pojawiaj\u0105 si\u0119 w odzie\u017cy i domowych tekstyliach. Formy muzyczne opieraj\u0105 si\u0119 na rodzimej harfie i gitarze, manifestuj\u0105c si\u0119 w energicznych polkach i bardziej miarowej guaranii, gatunku ukszta\u0142towanym przez Jos\u00e9 Asunci\u00f3n Flores na pocz\u0105tku XX wieku. Instrumenty ludowe rozbrzmiewaj\u0105 na miejskich placach, a stacje radiowe zapewniaj\u0105 sta\u0142y strumie\u0144 dwuj\u0119zycznych program\u00f3w.<\/p>\n<p>Kuchnia paragwajska r\u00f3wnie\u017c wyra\u017ca t\u0119 fuzj\u0119. Maniok, podstawowy sk\u0142adnik korzeni, stanowi podstaw\u0119 chleba i ciast \u2014 zw\u0142aszcza chipa, bochenka w kszta\u0142cie pier\u015bcienia zmieszanego z serem i m\u0105k\u0105 kukurydzian\u0105 \u2014 oraz sopa paraguaya, g\u0119stego placka kukurydzianego cz\u0119sto podawanego na spotkaniach. Dania \u0142\u0105cz\u0105 nabia\u0142, cebul\u0119, papryk\u0119 i \u015bwie\u017c\u0105 kukurydz\u0119 w gulaszach i przystawkach, podtrzymuj\u0105c kulinarn\u0105 to\u017csamo\u015b\u0107, kt\u00f3ra honoruje zar\u00f3wno elementy przodk\u00f3w, jak i adoptowane.<\/p>\n<p>Literatura i film rozwin\u0119\u0142y si\u0119 w po\u0142owie XX wieku, gdy pisarze tacy jak Jos\u00e9 Ricardo Maz\u00f3, Roque Vallejos i Augusto Roa Bastos wytyczyli nowe poetyckie i narracyjne terytoria. Roa Bastos, kt\u00f3rego tw\u00f3rczo\u015b\u0107 zosta\u0142a doceniona Nagrod\u0105 Nobla, da\u0142 wyraz do\u015bwiadczeniom Paragwaju w prozie naznaczonej psychologiczn\u0105 g\u0142\u0119bi\u0105. Narodowe wysi\u0142ki filmowe pozostaj\u0105 skromne pod wzgl\u0119dem skali, ale odzwierciedlaj\u0105 rosn\u0105ce zainteresowanie dokumentowaniem lokalnych historii.<\/p>\n<p>W obr\u0119bie gospodarstw domowych struktury spo\u0142eczne podkre\u015blaj\u0105 wzajemne zobowi\u0105zania. Rozszerzone wi\u0119zi rodzinne przeplataj\u0105 si\u0119 zar\u00f3wno w \u015brodowiskach wiejskich, jak i miejskich. W wielu spo\u0142eczno\u015bciach rodzice chrzestni przyjmuj\u0105 rol\u0119 quasi-patron\u00f3w, wybierani ze wzgl\u0119du na swoj\u0105 pozycj\u0119 i od kt\u00f3rych oczekuje si\u0119, \u017ce b\u0119d\u0105 zapewnia\u0107 przewodnictwo i ochron\u0119 swoim chrze\u015bniakom jako cz\u0119\u015b\u0107 nieformalnej sieci wsparcia.<\/p>\n<p>Na arenie mi\u0119dzynarodowej wska\u017anik rozwoju spo\u0142ecznego Paragwaju umie\u015bci\u0142 go na 105. miejscu na \u015bwiecie, wskazuj\u0105c na post\u0119p w edukacji, zdrowiu i dochodach, cho\u0107 z mo\u017cliwo\u015bci\u0105 poprawy. PKB na mieszka\u0144ca mierzony parytetem si\u0142y nabywczej zaj\u0105\u0142 si\u00f3dme miejsce w\u015br\u00f3d pa\u0144stw Ameryki Po\u0142udniowej. W 2014 r. globalne badanie wskaza\u0142o Paragwaj jako \u201enajszcz\u0119\u015bliwsze miejsce na \u015bwiecie\u201d, przypisuj\u0105c wysok\u0105 samoocen\u0119 satysfakcji z \u017cycia wi\u0119ziom spo\u0142ecznym i sp\u00f3jno\u015bci kulturowej.<\/p>\n<p>Dzi\u015b Paragwaj stoi na skrzy\u017cowaniu tradycji i zmian. Podczas gdy drogi i szlaki wodne otwieraj\u0105 nowe szlaki, miasta rozszerzaj\u0105 si\u0119 na zewn\u0105trz, a zalesione wzg\u00f3rza szepcz\u0105 o niewykorzystanym potencjale, kraj rozwija si\u0119 pod sta\u0142ym rz\u0105dem. Jego mieszka\u0144cy pozostaj\u0105 zwi\u0105zani z rytmami rzeki i gleby, z odziedziczonymi i zaadaptowanymi j\u0119zykami oraz ze zwyczajami, kt\u00f3re stanowi\u0105 podstaw\u0119 codziennego \u017cycia. W tym kraju pozbawionym dost\u0119pu do morza puls przesz\u0142o\u015bci i tera\u017aniejszo\u015bci rozbrzmiewa w ka\u017cdym mie\u015bcie, na ka\u017cdej r\u00f3wninie i wzd\u0142u\u017c ka\u017cdego kr\u0119tego zakola rzeki, kt\u00f3ry zapewnia Paragwajowi dost\u0119p do szerszego \u015bwiata.<\/p>","protected":false},"excerpt":{"rendered":"<p>Paraguay, formally known as the Republic of Paraguay, is a landlocked nation located in South America, with an estimated population of around 6.1 million inhabitants. About 2.3 million people live in Asunci\u00f3n, the capital and biggest city, together with the metro area around it. Paraguay, in the center of South America, with borders to Brazil east and northeast, Argentina to the south and southwest, and Bolivia to the northwest.<\/p>","protected":false},"author":1,"featured_media":4079,"parent":24096,"menu_order":0,"comment_status":"closed","ping_status":"closed","template":"elementor_theme","meta":{"_eb_attr":"","footnotes":""},"class_list":["post-6656","page","type-page","status-publish","has-post-thumbnail"],"_links":{"self":[{"href":"https:\/\/travelshelper.com\/pl\/wp-json\/wp\/v2\/pages\/6656","targetHints":{"allow":["GET"]}}],"collection":[{"href":"https:\/\/travelshelper.com\/pl\/wp-json\/wp\/v2\/pages"}],"about":[{"href":"https:\/\/travelshelper.com\/pl\/wp-json\/wp\/v2\/types\/page"}],"author":[{"embeddable":true,"href":"https:\/\/travelshelper.com\/pl\/wp-json\/wp\/v2\/users\/1"}],"replies":[{"embeddable":true,"href":"https:\/\/travelshelper.com\/pl\/wp-json\/wp\/v2\/comments?post=6656"}],"version-history":[{"count":0,"href":"https:\/\/travelshelper.com\/pl\/wp-json\/wp\/v2\/pages\/6656\/revisions"}],"up":[{"embeddable":true,"href":"https:\/\/travelshelper.com\/pl\/wp-json\/wp\/v2\/pages\/24096"}],"wp:featuredmedia":[{"embeddable":true,"href":"https:\/\/travelshelper.com\/pl\/wp-json\/wp\/v2\/media\/4079"}],"wp:attachment":[{"href":"https:\/\/travelshelper.com\/pl\/wp-json\/wp\/v2\/media?parent=6656"}],"curies":[{"name":"wp","href":"https:\/\/api.w.org\/{rel}","templated":true}]}}