{"id":35488,"date":"2024-11-30T23:23:21","date_gmt":"2024-11-30T23:23:21","guid":{"rendered":"https:\/\/travelshelper.com\/staging\/?page_id=35488"},"modified":"2026-03-11T02:09:40","modified_gmt":"2026-03-11T02:09:40","slug":"badz-bezpieczny-i-zdrowy-w-bahrajnie","status":"publish","type":"page","link":"https:\/\/travelshelper.com\/pl\/destinations\/asia\/bahrain\/stay-safe-healthy-in-bahrain\/","title":{"rendered":"Zachowaj bezpiecze\u0144stwo i zdrowie w Bahrajnie"},"content":{"rendered":"<h2 class=\"wp-block-heading\">Zachowaj bezpiecze\u0144stwo w Bahrajnie<\/h2>\n\n\n\n<p>W 2011 r. Bahrajn mia\u0142 niemal wojn\u0119 domow\u0105, w kt\u00f3rej zgin\u0119\u0142y setki os\u00f3b, odnios\u0142y setki obra\u017ce\u0144, a znaczna liczba aktywist\u00f3w i pracownik\u00f3w s\u0142u\u017cby zdrowia zosta\u0142a uwi\u0119ziona i torturowana. Chocia\u017c ogromne protesty zosta\u0142y bezwzgl\u0119dnie st\u0142umione, \u015brodowisko pozostaje niestabilne, a protesty, zamieszki i zab\u00f3jstwa dokonane przez policj\u0119 mog\u0105 mie\u0107 miejsce w ka\u017cdej chwili. Podr\u00f3\u017cni powinni unika\u0107 p\u00f3\u0142nocno-zachodnich region\u00f3w wiejskich i spo\u0142eczno\u015bci kraju. Du\u017ce protesty mog\u0105 mie\u0107 miejsce w ka\u017cdej chwili i chocia\u017c czasami mog\u0105 sta\u0107 si\u0119 gwa\u0142towne, rzadko s\u0105 antyzachodnie. Unikaj miejsc, w kt\u00f3rych gromadz\u0105 si\u0119 du\u017ce grupy os\u00f3b.<\/p>\n\n\n\n<p>W Bahrajnie \u015brednia cz\u0119sto\u015b\u0107 wyst\u0119powania przest\u0119pstw spo\u0142ecznych jest niska, podczas gdy przest\u0119pstwa z u\u017cyciem przemocy s\u0105 rzadkie. Niemniej jednak zdarzaj\u0105 si\u0119 rabunki, kradzie\u017ce i kradzie\u017ce. Odnotowano drobne przest\u0119pstwa, takie jak kradzie\u017c portfela i kradzie\u017c portfeli, szczeg\u00f3lnie w starych dzielnicach targowych znanych jako suki. Kluby nocne w wi\u0119kszo\u015bci hoteli s\u0105 cz\u0119sto odwiedzane przez niegrzeczne osoby. Pomimo faktu, \u017ce hotele maj\u0105 wystarczaj\u0105ce \u015brodki bezpiecze\u0144stwa, w tym kamery, zdarza\u0142y si\u0119 przypadki, gdy go\u015bcie zajmowali ich pokoje.<\/p>\n\n\n\n<p>Je\u015bli jeste\u015b na Exhibition Avenue (w pobli\u017cu Hoora), b\u0105d\u017a ostro\u017cny, poniewa\u017c kobiety mog\u0105 mie\u0107 nieprzyjemne spotkania z (g\u0142\u00f3wnie) pijanymi Saudyjczykami. Dobrze jest mie\u0107 ze sob\u0105 faceta, je\u015bli tam p\u00f3jdziesz (szczeg\u00f3lnie w nocy).<\/p>\n\n\n\n<h3 class=\"wp-block-heading\">Przest\u0119pczo\u015b\u0107<\/h3>\n\n\n\n<p>W Bahrajnie mieszka oko\u0142o 4000 obywateli brytyjskich, a tysi\u0105ce kolejnych przyje\u017cd\u017caj\u0105 tam co roku. Wi\u0119kszo\u015b\u0107 wizyt przebiega bez incydent\u00f3w. Pomimo faktu, \u017ce przest\u0119pczo\u015b\u0107 jest rzadka w wi\u0119kszo\u015bci region\u00f3w, tury\u015bci powinni zachowa\u0107 \u015brodki ostro\u017cno\u015bci, w tym korzysta\u0107 z zaufanych us\u0142ug taks\u00f3wkarskich.<\/p>\n\n\n\n<h3 class=\"wp-block-heading\">Narkotyki<\/h3>\n\n\n\n<p>Nawet \u015bladowe ilo\u015bci nielegalnych substancji s\u0105 absolutnie ograniczone. Nawet je\u015bli przesiadasz si\u0119 na lotnisku z jednego kraju do drugiego, spo\u017cywanie lub przewo\u017cenie nielegalnych narkotyk\u00f3w mo\u017ce skutkowa\u0107 uwi\u0119zieniem i wydaleniem. Kupowanie lub sprzedawanie nielegalnych narkotyk\u00f3w i narkotyk\u00f3w jest powa\u017cnym przest\u0119pstwem, za kt\u00f3re grozi kara do\u017cywotniego wi\u0119zienia.<\/p>\n\n\n\n<p>Niekt\u00f3re kosmetyki i wk\u0142ady do e-papieros\u00f3w mog\u0105 zawiera\u0107 substancje zakazane w Bahrajnie, takie jak olejek CBD.<\/p>\n\n\n\n<p>Rozs\u0105dnie jest mie\u0107 przy sobie za\u015bwiadczenie lekarskie, je\u015bli stosujesz leki na recept\u0119. Je\u015bli zamierzasz importowa\u0107 leki na recept\u0119 do Bahrajnu, mo\u017cesz by\u0107 zobowi\u0105zany do uzyskania wcze\u015bniejszej zgody w\u0142adz. Przed podr\u00f3\u017c\u0105 powiniene\u015b skontaktowa\u0107 si\u0119 z najbli\u017csz\u0105 ambasad\u0105 lub konsulatem Bahrajnu.<\/p>\n\n\n\n<h3 class=\"wp-block-heading\">Alkohol<\/h3>\n\n\n\n<p>Alkohol jest legalny w Bahrajnie, gdzie jest wiele bar\u00f3w, licencjonowanych restauracji i sklep\u00f3w monopolowych; jednak zachowanie w stanie nietrze\u017awym w miejscu publicznym lub prowadzenie pojazdu pod wp\u0142ywem alkoholu jest nielegalne, a sprawca podlega grzywnie, pozbawieniu wolno\u015bci i\/lub deportacji, a tak\u017ce zawieszeniu prawa jazdy. Napa\u015b\u0107 fizyczna i niszczenie mienia publicznego pod wp\u0142ywem alkoholu to przest\u0119pstwo, kt\u00f3re mo\u017ce skutkowa\u0107 pozbawieniem wolno\u015bci.<\/p>\n\n\n\n<h3 class=\"wp-block-heading\">Nap\u0119dowy<\/h3>\n\n\n\n<p>W Bahrajnie obowi\u0105zuje zerowa tolerancja dla picia i prowadzenia pojazd\u00f3w. Je\u015bli zostaniesz z\u0142apany z nawet \u015bladowymi ilo\u015bciami alkoholu w organizmie, mo\u017cesz zosta\u0107 oskar\u017cony i skazany na kar\u0119 wi\u0119zienia. Jako \u017ce \u0142amanie prawa, jazda na zderzaku, przekraczanie pr\u0119dko\u015bci, wy\u015bcigi, zmiana pasa ruchu i korzystanie z telefonu kom\u00f3rkowego podczas jazdy mog\u0105 skutkowa\u0107 wysokimi grzywnami. Na drogach i autostradach znajduje si\u0119 wiele fotoradar\u00f3w. U\u017cywanie pas\u00f3w bezpiecze\u0144stwa jest obowi\u0105zkowe. Niedope\u0142nienie tego obowi\u0105zku mo\u017ce skutkowa\u0107 grzywn\u0105.<\/p>\n\n\n\n<p><strong>Przepisy ruchu drogowego<\/strong><\/p>\n\n\n\n<ul class=\"wp-block-list\">\n<li>Ruch odbywa si\u0119 praw\u0105 stron\u0105.<\/li>\n\n\n\n<li>Na rondach samochody znajduj\u0105ce si\u0119 na rondzie maj\u0105 pierwsze\u0144stwo przed tymi, kt\u00f3re pr\u00f3buj\u0105 na nie wjecha\u0107.<\/li>\n\n\n\n<li>Kierowcy cz\u0119sto przekraczaj\u0105 dozwolon\u0105 pr\u0119dko\u015b\u0107, mimo surowych kar, w tym grzywien i mo\u017cliwo\u015bci pozbawienia wolno\u015bci.<\/li>\n\n\n\n<li>Policja mo\u017ce zatrzyma\u0107 kierowc\u00f3w za wykroczenia drogowe.<\/li>\n\n\n\n<li>Korzystanie z telefonu kom\u00f3rkowego podczas prowadzenia pojazdu jest nielegalne, cho\u0107 zdarza si\u0119 bardzo cz\u0119sto.<\/li>\n\n\n\n<li>Kierowcy s\u0105 zobowi\u0105zani do zapinania pas\u00f3w bezpiecze\u0144stwa.<\/li>\n\n\n\n<li>W weekendy ruch uliczny jest bardziej zat\u0142oczony ze wzgl\u0119du na nap\u0142yw pojazd\u00f3w z s\u0105siednich kraj\u00f3w.<\/li>\n<\/ul>\n\n\n\n<h3 class=\"wp-block-heading\">Kodeks ubioru<\/h3>\n\n\n\n<p>Bahraj\u0144czycy zazwyczaj ubieraj\u0105 si\u0119 konserwatywnie, w tradycyjne stroje, ale mog\u0105 si\u0119 denerwowa\u0107, gdy inni ubieraj\u0105 si\u0119 niedbale lub niezgodnie z normami islamskimi.<\/p>\n\n\n\n<p>W miejscach publicznych, takich jak centra handlowe, restauracje i parki, zaleca si\u0119 odpowiedni ubi\u00f3r. Ubrania nie mog\u0105 by\u0107 prze\u015bwituj\u0105ce, ods\u0142ania\u0107 cz\u0119\u015bci cia\u0142a w spos\u00f3b nieprzyzwoity ani przedstawia\u0107 nieprzyjemnych obraz\u00f3w lub wiadomo\u015bci. Je\u015bli odwiedzisz jedno z tych miejsc nieodpowiednio ubrany, mo\u017cesz zosta\u0107 poproszony o opuszczenie go (wi\u0119kszo\u015b\u0107 wi\u0119kszych centr\u00f3w handlowych wy\u015bwietla znaki ostrzegaj\u0105ce, \u017ce nale\u017cy nosi\u0107 szanowane ubrania). Jakakolwiek nago\u015b\u0107 jest surowo zabroniona, nawet opalanie si\u0119 bez koszulki. W miesi\u0105cu Ramadan, kiedy zach\u0119ca si\u0119 do pokory, zasady te s\u0105 przestrzegane jeszcze surowiej.<\/p>\n\n\n\n<h3 class=\"wp-block-heading\">Religia<\/h3>\n\n\n\n<p>W Bahrajnie islamskie wierzenia religijne s\u0105 wysoko cenione. Wszelki brak szacunku dla idei lub praktyk religijnych jest uwa\u017cany za wyj\u0105tkowo niegrzeczny i prawdopodobnie skutkuje wysok\u0105 grzywn\u0105 i\/lub pozbawieniem wolno\u015bci. Inne religie s\u0105 szanowane i mog\u0105 by\u0107 swobodnie praktykowane w Bahrajnie. Post\u0119puj zgodnie z kilkoma prostymi wytycznymi dotycz\u0105cymi szacunku:<\/p>\n\n\n\n<p>Muzu\u0142manie odprawiaj\u0105 pi\u0119\u0107 modlitw dziennie. Zauwa\u017cysz, \u017ce meczety u\u017cywaj\u0105 g\u0142o\u015bnik\u00f3w, aby wzywa\u0107 wiernych na modlitw\u0119. Pami\u0119taj, \u017ce samochody, kt\u00f3re nie znajduj\u0105 si\u0119 blisko meczetu, mog\u0105 zatrzyma\u0107 si\u0119 na poboczu, aby dyskretnie si\u0119 pomodli\u0107.<\/p>\n\n\n\n<p>Muzu\u0142manie poszcz\u0105 od \u015bwitu do zachodu s\u0142o\u0144ca w czasie \u015bwi\u0119tego miesi\u0105ca Ramadan. W czasie Ramadanu jedzenie, picie, palenie, s\u0142uchanie g\u0142o\u015bnej muzyki i ta\u0144czenie w miejscach publicznych w ci\u0105gu dnia jest zabronione i karane przez prawo, nawet dla niemuzu\u0142man\u00f3w.<\/p>\n\n\n\n<h3 class=\"wp-block-heading\">Klimat i kl\u0119ski \u017cywio\u0142owe<\/h3>\n\n\n\n<p>Bahrajn cz\u0119sto ma ekstremalnie wysokie temperatury. Od czerwca do sierpnia temperatura mo\u017ce przekracza\u0107 50\u00b0C.<\/p>\n\n\n\n<p>Aby unikn\u0105\u0107 udaru cieplnego i odwodnienia:<\/p>\n\n\n\n<ul class=\"wp-block-list\">\n<li>pij du\u017co wody<\/li>\n\n\n\n<li>unikaj d\u0142ugich okres\u00f3w przebywania w upale<\/li>\n<\/ul>\n\n\n\n<p>Burze piaskowe i py\u0142owe zdarzaj\u0105 si\u0119 cz\u0119sto.<\/p>\n\n\n\n<h3 class=\"wp-block-heading\">Demonstracje<\/h3>\n\n\n\n<p>Mo\u017cliwe s\u0105 okazjonalne demonstracje i protesty. Mo\u017ce to obejmowa\u0107 pr\u00f3by przerwania ruchu, a tak\u017ce zak\u0142\u00f3cenia na obszarach wiejskich i w pobli\u017cu centr\u00f3w gospodarczych. Rzadko prowadzi to do lokalnych konflikt\u00f3w mi\u0119dzy rz\u0105dowymi si\u0142ami bezpiecze\u0144stwa a demonstrantami. Czasami rocznice kluczowych wydarze\u0144 w Bahrajnie zwi\u0119kszaj\u0105 prawdopodobie\u0144stwo spontanicznych demonstracji. W przesz\u0142o\u015bci podobne przypadki mia\u0142y miejsce w Sitra, Bani Jamra, Karbabad, Saar, Karzakan, Budaiya Highway i s\u0105siednich wioskach.<\/p>\n\n\n\n<p>Mimo \u017ce do tej pory nie odnotowano \u017cadnych bezpo\u015brednich gr\u00f3\u017ab ani atak\u00f3w na obywateli brytyjskich, nale\u017cy zachowa\u0107 ostro\u017cno\u015b\u0107, stosowa\u0107 si\u0119 do zalece\u0144 lokalnych w\u0142adz i zwraca\u0107 uwag\u0119 na swoje otoczenie, gdziekolwiek si\u0119 znajdujesz na wyspie.<\/p>\n\n\n\n<p>Osoby, kt\u00f3re przez pomy\u0142k\u0119 znajd\u0105 si\u0119 w pobli\u017cu gwa\u0142townego zgromadzenia, s\u0105 nara\u017cone na niebezpiecze\u0144stwo.<\/p>\n\n\n\n<p>Je\u015bli spotkasz si\u0119 z du\u017cym zgromadzeniem publicznym lub demonstracj\u0105, musisz szybko opu\u015bci\u0107 teren. Je\u015bli zauwa\u017cysz podejrzany obiekt, unikaj zbli\u017cania si\u0119 do niego lub dotykania go. Odejd\u017a i zadzwo\u0144 pod numer 999 lub na numer alarmowy policji 8000 8008.<\/p>\n\n\n\n<p>W ci\u0105gu dnia podr\u00f3\u017cowanie g\u0142\u00f3wnymi autostradami jest cz\u0119sto uporz\u0105dkowane. Istnieje kilka posterunk\u00f3w kontrolnych policji.<\/p>\n\n\n\n<p>Podczas demonstracji drogi mog\u0105 sta\u0107 si\u0119 nieprzejezdne, co b\u0119dzie wymaga\u0142o objazd\u00f3w. Mog\u0105 one zmieni\u0107 tras\u0119 przez nieznane terytorium. Powiniene\u015b zapozna\u0107 si\u0119 z innymi \u015bcie\u017ckami.<\/p>\n\n\n\n<p>Lokalna opinia publiczna w regionie nadal jest pod wp\u0142ywem wydarze\u0144 regionalnych. Musisz by\u0107 \u015bwiadomy lokalnej wra\u017cliwo\u015bci w odniesieniu do tych kwestii. \u015aled\u017a wiadomo\u015bci i b\u0105d\u017a \u015bwiadomy lokalnych i regionalnych wydarze\u0144, kt\u00f3re mog\u0105 wywo\u0142a\u0107 niepokoje spo\u0142eczne.<\/p>\n\n\n\n<p>Ministerstwo Spraw Wewn\u0119trznych wyda\u0142o przypomnienie, \u017ce wszyscy mieszka\u0144cy i go\u015bcie s\u0105 zobowi\u0105zani do posiadania przy sobie dokumentu to\u017csamo\u015bci ze zdj\u0119ciem. Kara grzywny w wysoko\u015bci do 300 BHD mo\u017ce zosta\u0107 na\u0142o\u017cona, je\u015bli nie b\u0119dziesz w stanie okaza\u0107 dokumentu to\u017csamo\u015bci ze zdj\u0119ciem na \u017c\u0105danie cz\u0142onka rz\u0105du Bahrajnu, zgodnie z wymogami ustawodawstwa Bahrajnu.<\/p>\n\n\n\n<h2 class=\"wp-block-heading\">Zachowaj zdrowie w Bahrajnie<\/h2>\n\n\n\n<p>Upewnij si\u0119, \u017ce pijesz du\u017co wody. Od kwietnia do sierpnia mo\u017ce by\u0107 bardzo gor\u0105co (do 50 stopni Celsjusza) i wilgotno. Chro\u0144 si\u0119 przed s\u0142o\u0144cem, u\u017cywaj\u0105c parasola. Utrzymywanie nawodnienia jest kluczowe, szczeg\u00f3lnie je\u015bli jeste\u015b na zewn\u0105trz przez ca\u0142y dzie\u0144. Woda butelkowana jest dost\u0119pna do kupienia po bardzo niskich cenach niemal wsz\u0119dzie w mie\u015bcie, w \u201eCold Stores\u201d i ma\u0142ych jad\u0142odajniach.<\/p>\n\n\n\n<p>Ma\u0142e sch\u0142odzone butelki s\u0105 sprzedawane przez ulicznych sprzedawc\u00f3w na suku, ale mo\u017cesz wyda\u0107 wi\u0119cej, ni\u017c butelka jest warta. Je\u015bli chcesz zosta\u0107 w Bahrajnie na d\u0142u\u017cej, mo\u017cesz um\u00f3wi\u0107 si\u0119 na dostaw\u0119 wody butelkowanej do twojego mieszkania w lokalnym sklepie Cold Shop lub zapisa\u0107 si\u0119 na dostaw\u0119 wody za po\u015brednictwem jednego z wielu przedsi\u0119biorstw na wyspie. Wiele sklep\u00f3w Cold Shop (a tak\u017ce niekt\u00f3re hotele) bezp\u0142atnie przywiezie swoje towary (lub posi\u0142ki) do twojego hotelu lub mieszkania.<\/p>\n\n\n\n<h3 class=\"wp-block-heading\">COVID 19<\/h3>\n\n\n\n<p>Nie ma ogranicze\u0144 zwi\u0105zanych z COVID-19 w miejscach publicznych, a wszystkie firmy, w tym sklepy, banki i restauracje, dzia\u0142aj\u0105 jak zwykle. Maski s\u0105 opcjonalne zar\u00f3wno w pomieszczeniach, jak i na zewn\u0105trz (z wyj\u0105tkiem plac\u00f3wek s\u0142u\u017cby zdrowia).<\/p>\n\n\n\n<p>There are no COVID-19-related limits on the availability of lodging and facilities, including hotels and private rental units.<\/p>\n\n\n\n<p>If you believe you are experiencing COVID-19 symptoms, you should call the local hotline at 444 and follow the advise of the authorities. For general inquiries on COVID-19 in Bahrain, please contact the Ministry of Health at covid19@moh.gov.bh. Those who test positive for COVID-19 will be contacted by the authorities through the \u2018BeAware\u2019 app and will be obliged to self-isolate at home or in a hotel for 7 days (if fully vaccinated) or 10 days (if unvaccinated) from the date of infection. By acquiring a negative PCR result from a private hospital, the self-isolation period can be finished sooner. If necessary, therapy for COVID-19 will be provided at no cost.<\/p>","protected":false},"excerpt":{"rendered":"<p>W 2011 r. Bahrajn mia\u0142 niemal wojn\u0119 domow\u0105, w kt\u00f3rej zgin\u0119\u0142y setki os\u00f3b, odnios\u0142y setki obra\u017ce\u0144, a znaczna liczba aktywist\u00f3w i pracownik\u00f3w s\u0142u\u017cby zdrowia zosta\u0142a uwi\u0119ziona i torturowana. Chocia\u017c ogromne protesty zosta\u0142y bezwzgl\u0119dnie st\u0142umione, \u015brodowisko pozostaje niestabilne, a protesty, zamieszki i zab\u00f3jstwa dokonane przez policj\u0119 mog\u0105 mie\u0107 miejsce w ka\u017cdej chwili. Podr\u00f3\u017cni powinni unika\u0107 p\u00f3\u0142nocno-zachodnich region\u00f3w wiejskich i spo\u0142eczno\u015bci kraju. Du\u017ce protesty mog\u0105 mie\u0107 miejsce w ka\u017cdej chwili i chocia\u017c czasami mog\u0105 sta\u0107 si\u0119 gwa\u0142towne, rzadko s\u0105 antyzachodnie. Unikaj miejsc, w kt\u00f3rych gromadz\u0105 si\u0119 du\u017ce grupy os\u00f3b.<\/p>","protected":false},"author":1,"featured_media":35491,"parent":35335,"menu_order":0,"comment_status":"closed","ping_status":"closed","template":"elementor_theme","meta":{"_eb_attr":"","footnotes":""},"class_list":["post-35488","page","type-page","status-publish","has-post-thumbnail"],"_links":{"self":[{"href":"https:\/\/travelshelper.com\/pl\/wp-json\/wp\/v2\/pages\/35488","targetHints":{"allow":["GET"]}}],"collection":[{"href":"https:\/\/travelshelper.com\/pl\/wp-json\/wp\/v2\/pages"}],"about":[{"href":"https:\/\/travelshelper.com\/pl\/wp-json\/wp\/v2\/types\/page"}],"author":[{"embeddable":true,"href":"https:\/\/travelshelper.com\/pl\/wp-json\/wp\/v2\/users\/1"}],"replies":[{"embeddable":true,"href":"https:\/\/travelshelper.com\/pl\/wp-json\/wp\/v2\/comments?post=35488"}],"version-history":[{"count":0,"href":"https:\/\/travelshelper.com\/pl\/wp-json\/wp\/v2\/pages\/35488\/revisions"}],"up":[{"embeddable":true,"href":"https:\/\/travelshelper.com\/pl\/wp-json\/wp\/v2\/pages\/35335"}],"wp:featuredmedia":[{"embeddable":true,"href":"https:\/\/travelshelper.com\/pl\/wp-json\/wp\/v2\/media\/35491"}],"wp:attachment":[{"href":"https:\/\/travelshelper.com\/pl\/wp-json\/wp\/v2\/media?parent=35488"}],"curies":[{"name":"wp","href":"https:\/\/api.w.org\/{rel}","templated":true}]}}