{"id":35472,"date":"2024-11-30T22:59:50","date_gmt":"2024-11-30T22:59:50","guid":{"rendered":"https:\/\/travelshelper.com\/staging\/?page_id=35472"},"modified":"2026-03-11T02:07:26","modified_gmt":"2026-03-11T02:07:26","slug":"tradycje-i-zwyczaje-w-bahrajnie","status":"publish","type":"page","link":"https:\/\/travelshelper.com\/pl\/destinations\/asia\/bahrain\/traditions-customs-in-bahrain\/","title":{"rendered":"Tradycje i zwyczaje w Bahrajnie"},"content":{"rendered":"<p>Bahrajn jest go\u015bcinnym krajem przyjmuj\u0105cym, jednak zawsze musisz okazywa\u0107 szacunek i uprzejmo\u015b\u0107 w odniesieniu do swoich tradycji kulturowych i religii. Podczas odwiedzania obszar\u00f3w ucz\u0119szczanych przez miejscowych Arab\u00f3w lepiej jest nosi\u0107 d\u0142ugie spodnie ni\u017c szorty, a kobiety powinny unika\u0107 noszenia przezroczystych sukienek.<\/p>\n\n\n\n<p>Kostiumy k\u0105pielowe, bikini i szorty s\u0105 akceptowalnym strojem w klubach pla\u017cowych i hotelach. W miejscach publicznych nie okazuj uczu\u0107 osobom p\u0142ci przeciwnej. Osoby p\u0142ci przeciwnej by\u0142y aresztowane za ca\u0142owanie si\u0119 w miejscach publicznych i jest to spo\u0142ecznie nieakceptowalne. Zawsze unikaj wdawania si\u0119 w b\u00f3jki i nigdy nie anga\u017cuj si\u0119 w debat\u0119, szczeg\u00f3lnie z miejscowymi.<\/p>\n\n\n\n<p>Oficjaln\u0105 religi\u0105 kr\u00f3lestwa jest islam. Wyznaje go ponad 70% populacji. Pozosta\u0142\u0105 cz\u0119\u015b\u0107 stanowi\u0105 chrze\u015bcijanie, buddy\u015bci i hindui\u015bci. Niewielka cz\u0119\u015b\u0107 mieszka\u0144c\u00f3w nie deklaruje przynale\u017cno\u015bci religijnej. Ko\u015bci\u00f3\u0142 i pa\u0144stwo nie s\u0105 rozdzielone. W tym przypadku obowi\u0105zuje szariat (prawo islamskie). Koncepcja wolno\u015bci religijnej jest zapisana w konstytucji. To fakt. Nie ma tu prze\u015bladowa\u0144 religijnych. Przedstawiciele r\u00f3\u017cnych religii mog\u0105 swobodnie przestrzega\u0107 swoich obrz\u0119d\u00f3w i \u015bwi\u0119towa\u0107 \u015bwi\u0119ta.<\/p>\n\n\n\n<p>Spo\u0142eczno\u015b\u0107 muzu\u0142ma\u0144ska jest heterogeniczna. Muzu\u0142manie sunniccy uwa\u017caj\u0105 Beduin\u00f3w za swoich przodk\u00f3w. Szyici s\u0105 potomkami Proroka, zgodnie z ich wierzeniami. Wi\u0119kszo\u015b\u0107 szyit\u00f3w nale\u017cy do spo\u0142eczno\u015bci etnicznej i religijnej Baharna. S\u0105 tradycyjni i pobo\u017cni. Sunnici i szyici tworz\u0105 oddzielne spo\u0142eczno\u015bci. Ich konflikty prawne s\u0105 rozstrzygane przez oddzielne organy s\u0105dowe.<\/p>\n\n\n\n<p>Pozycja spo\u0142eczna kobiet w Bahrajnie jest wy\u017csza ni\u017c w wi\u0119kszo\u015bci kraj\u00f3w arabskich. Tutaj kobiety mog\u0105 pracowa\u0107. Stanowi\u0105 prawie jedn\u0105 trzeci\u0105 si\u0142y roboczej kraju. Maj\u0105 dost\u0119p do edukacji i opieki zdrowotnej. Oko\u0142o 60% kobiet posiada dyplom uko\u0144czenia studi\u00f3w wy\u017cszych. Wiele kobiet dzia\u0142a w biznesie. Kobiety s\u0105 nadal niedoreprezentowane w polityce. S\u0105 nieobecne w rz\u0105dowej w\u0142adzy. Nie ma oficjalnych praw, kt\u00f3re narusza\u0142yby prawa kobiet. Jednak regulacja ta jest sprzeczna z prawem szariatu, kt\u00f3re nakazuje kobietom zakrywa\u0107 twarze i cia\u0142a. Wi\u0119kszo\u015b\u0107 kobiet nosi czador, kt\u00f3ry nie zakrywa twarzy. Nikab ca\u0142kowicie zakrywa twarz kobiet z bardziej tradycyjnych rodzin. Obce kobiety s\u0105 tolerowane przez tubylc\u00f3w. Nale\u017cy jednak zakry\u0107 ramiona i nogi. Ponadto istniej\u0105 wymagania dotycz\u0105ce zagranicznych m\u0119\u017cczyzn. Zabrania si\u0119 pojawiania si\u0119 publicznie w kr\u00f3tkich spodenkach i strojach sportowych.<\/p>\n\n\n\n<p>Ta demokracja jest wynikiem szybko rosn\u0105cej gospodarki Bahrajnu, kt\u00f3ra przyci\u0105ga du\u017c\u0105 liczb\u0119 cudzoziemc\u00f3w. Bahrajn jest najbardziej wyzwolonym z muzu\u0142ma\u0144skich kraj\u00f3w. Mieszka\u0144cy innych kraj\u00f3w arabskich cz\u0119sto sp\u0119dzaj\u0105 tu wakacje. Kraj sprzedaje i spo\u017cywa alkohol. W czasie \u015bwi\u0119tego miesi\u0105ca Ramadanu normy moralne staj\u0105 si\u0119 bardziej rygorystyczne. W tym czasie wierz\u0105cy poszcz\u0105. Muzu\u0142manom zabrania si\u0119 jedzenia i picia w ci\u0105gu dnia przez ca\u0142y ten okres.<\/p>\n\n\n\n<p>Religia ma wp\u0142yw na etykiet\u0119. Lewa r\u0119ka jest tradycyjnie uwa\u017cana za brudn\u0105, poniewa\u017c s\u0142u\u017cy do higieny osobistej. Przyjmowanie jedzenia i pieni\u0119dzy jest dopuszczalne, ale tylko praw\u0105 r\u0119k\u0105. Wchodz\u0105c do domu lub meczetu, nale\u017cy zdj\u0105\u0107 buty. Nie mo\u017cna kierowa\u0107 st\u00f3p w stron\u0119 rozm\u00f3wcy, wpatrywa\u0107 si\u0119 uwa\u017cnie w oczy rozm\u00f3wcy, je\u015b\u0107 podczas chodzenia ani gestykulowa\u0107 aktywnie podczas rozmowy.<\/p>\n\n\n\n<p>Rodzina ma ogromne znaczenie dla obywateli kraju. Kobiety wychodz\u0105 za m\u0105\u017c bardzo m\u0142odo, zaczynaj\u0105c od 14 roku \u017cycia. M\u0119\u017cczy\u017ani \u017ceni\u0105 si\u0119 mi\u0119dzy 20 a 22 rokiem \u017cycia. Powszechn\u0105 praktyk\u0105 jest wykupywanie narzeczonych. Poligamia jest dozwolona na mocy prawa szariatu. Jednak ka\u017cda \u017cona powinna mie\u0107 w\u0142asne wygodne miejsce zamieszkania. Istniej\u0105 r\u00f3wnie\u017c ma\u0142\u017ce\u0144stwa przej\u015bciowe (muta). S\u0105 one akceptowane wy\u0142\u0105cznie przez szyit\u00f3w. Po zako\u0144czeniu takiego ma\u0142\u017ce\u0144stwa kobiecie przyznaje si\u0119 nagrod\u0119. Formalnie prawa kobiety s\u0105 r\u00f3wne prawom zwyk\u0142ej \u017cony. Jej potomstwo jest r\u00f3wnie\u017c uwa\u017cane za prawowite. Kwalifikuje si\u0119 do mahr (daru od m\u0119\u017ca). Czas trwania ma\u0142\u017ce\u0144stwa mo\u017cna przed\u0142u\u017ca\u0107 nieograniczon\u0105 liczb\u0119 razy. Kobieta musi zrobi\u0107 sobie przerw\u0119 przed ponownym wyj\u015bciem za m\u0105\u017c po nieudanym ma\u0142\u017ce\u0144stwie. Ta przerwa jest wymagana, aby wykluczy\u0107 mo\u017cliwo\u015b\u0107 ci\u0105\u017cy. Podczas tej cztero- do dwudziestotygodniowej przerwy m\u0105\u017c nadal pomaga \u017conie.<\/p>\n\n\n\n<p>Po uzyskaniu niepodleg\u0142o\u015bci przez kraj w 1971 r. kultura Bahrajnu zacz\u0119\u0142a znacz\u0105co rozkwita\u0107. Opr\u00f3cz rozwoju sztuki tradycyjnej, rozwija si\u0119 r\u00f3wnie\u017c sztuka nowoczesna. Impresjonizm, ekspresjonizm i surrealizm zyskuj\u0105 na popularno\u015bci. Organizowane s\u0105 cz\u0119ste wystawy sztuki nowoczesnej. W tym celu wykorzystuje si\u0119 wiele muze\u00f3w i galerii. Na uwag\u0119 zas\u0142uguj\u0105 tradycyjne sztuki, takie jak kaligrafia arabska, ceramika, bi\u017cuteria i kowalstwo. Pod koniec XX wieku zacz\u0119\u0142a si\u0119 r\u00f3wnie\u017c szybko rozwija\u0107 literatura. Silny wp\u0142yw Zachodu jest w niej nieod\u0142\u0105czny. Bahrajn, w przeciwie\u0144stwie do innych kraj\u00f3w islamskich, ma du\u017c\u0105 liczb\u0119 poetek, kt\u00f3re publikuj\u0105 swoje dzie\u0142a.<\/p>\n\n\n\n<p>Muzyka arabska, indyjska i perska mia\u0142a wp\u0142yw na tradycyjn\u0105 muzyk\u0119 Bahrajnu. Najpopularniejszymi stylami s\u0105 Saut, Fijri i Liwa. Obywatele Bahrajnu od dawna zajmuj\u0105 si\u0119 wydobyciem pere\u0142. Po\u0142awiacze pere\u0142 rozwin\u0119li w\u0142asn\u0105 kultur\u0119, w tym muzyk\u0119. Fijri to muzyka po\u0142awiaczy pere\u0142. Wa\u017cne jest, aby zauwa\u017cy\u0107, \u017ce istniej\u0105 pie\u015bni nadmorskie i pie\u015bni morskie. Liwa to muzyka Afryka\u0144czyk\u00f3w. Muzyka arabska znana jako saut jest wykonywana na oud, instrumencie perkusyjnym i rebabie. Istnieje r\u00f3wnie\u017c muzyka wsp\u00f3\u0142czesna. Istniej\u0105 zespo\u0142y graj\u0105ce muzyk\u0119 rockow\u0105. W Bahrajnie znajduj\u0105 si\u0119 r\u00f3wnie\u017c studia nagraniowe. Kino nie jest nielegalne. Jednak lokalne filmy praktycznie nigdy nie s\u0105 kr\u0119cone.<\/p>","protected":false},"excerpt":{"rendered":"<p>Bahrajn jest go\u015bcinnym krajem przyjmuj\u0105cym, jednak zawsze musisz okazywa\u0107 szacunek i uprzejmo\u015b\u0107 w odniesieniu do swoich tradycji kulturowych i religii. Podczas odwiedzania obszar\u00f3w ucz\u0119szczanych przez miejscowych Arab\u00f3w lepiej jest nosi\u0107 d\u0142ugie spodnie ni\u017c szorty, a kobiety powinny unika\u0107 noszenia przezroczystych sukienek.<\/p>","protected":false},"author":1,"featured_media":35474,"parent":35335,"menu_order":0,"comment_status":"closed","ping_status":"closed","template":"elementor_theme","meta":{"_eb_attr":"","footnotes":""},"class_list":["post-35472","page","type-page","status-publish","has-post-thumbnail"],"_links":{"self":[{"href":"https:\/\/travelshelper.com\/pl\/wp-json\/wp\/v2\/pages\/35472","targetHints":{"allow":["GET"]}}],"collection":[{"href":"https:\/\/travelshelper.com\/pl\/wp-json\/wp\/v2\/pages"}],"about":[{"href":"https:\/\/travelshelper.com\/pl\/wp-json\/wp\/v2\/types\/page"}],"author":[{"embeddable":true,"href":"https:\/\/travelshelper.com\/pl\/wp-json\/wp\/v2\/users\/1"}],"replies":[{"embeddable":true,"href":"https:\/\/travelshelper.com\/pl\/wp-json\/wp\/v2\/comments?post=35472"}],"version-history":[{"count":0,"href":"https:\/\/travelshelper.com\/pl\/wp-json\/wp\/v2\/pages\/35472\/revisions"}],"up":[{"embeddable":true,"href":"https:\/\/travelshelper.com\/pl\/wp-json\/wp\/v2\/pages\/35335"}],"wp:featuredmedia":[{"embeddable":true,"href":"https:\/\/travelshelper.com\/pl\/wp-json\/wp\/v2\/media\/35474"}],"wp:attachment":[{"href":"https:\/\/travelshelper.com\/pl\/wp-json\/wp\/v2\/media?parent=35472"}],"curies":[{"name":"wp","href":"https:\/\/api.w.org\/{rel}","templated":true}]}}