{"id":35452,"date":"2024-11-30T22:41:22","date_gmt":"2024-11-30T22:41:22","guid":{"rendered":"https:\/\/travelshelper.com\/staging\/?page_id=35452"},"modified":"2026-03-11T02:11:40","modified_gmt":"2026-03-11T02:11:40","slug":"zycie-nocne-w-bahrajnie","status":"publish","type":"page","link":"https:\/\/travelshelper.com\/pl\/destinations\/asia\/bahrain\/nightlife-in-bahrain\/","title":{"rendered":"\u017bycie nocne w Bahrajnie"},"content":{"rendered":"<p>\u017bycie nocne w Bahrajnie jest do\u015b\u0107 dobrze rozwini\u0119te, co jest zaskakuj\u0105ce. Wynika to przede wszystkim z tolerancji rz\u0105du i du\u017cej liczby cudzoziemc\u00f3w mieszkaj\u0105cych w kraju. Bahrajn jest cz\u0119sto nazywany \u201eHawajami Bliskiego Wschodu\u201d. Ka\u017cdy znajdzie rozrywk\u0119 po zachodzie s\u0142o\u0144ca. W ca\u0142ym kraju s\u0105 dyskoteki, bary karaoke i kluby z muzyk\u0105 na \u017cywo.<\/p>\n\n\n\n<p>Adliya jest szczeg\u00f3lnie znana ze swojego \u017cycia nocnego. To dzielnica bohemy w Manamie. Luksusowe hotele oferuj\u0105 wiele mo\u017cliwo\u015bci wieczornej rozrywki. Alkohol jest dozwolony w ca\u0142ym kraju, nawet w klubach. Przyci\u0105ga to turyst\u00f3w z s\u0105siednich, bardziej konserwatywnych kraj\u00f3w arabskich.<\/p>\n\n\n\n<h2 class=\"wp-block-heading\">Bary i kluby w Bahrajnie<\/h2>\n\n\n\n<p>Poniewa\u017c praktycznie wszystkie licencjonowane lokale musz\u0105 by\u0107 powi\u0105zane z hotelami cztero- i pi\u0119ciogwiazdkowymi, w Manamie nie ma odr\u0119bnej dzielnicy \u017cycia nocnego; zamiast tego istnieje siatka rozmieszczenia lokali w ca\u0142ym mie\u015bcie. Gdy bar dzia\u0142a przez jaki\u015b czas, zyskuje renom\u0119 w\u015br\u00f3d mieszka\u0144c\u00f3w, a wiele z nich staje si\u0119 znanymi lokalami w ca\u0142ych Stanach Zatoki Perskiej. Jednym z takich lokali jest Sherlock Holmes (Gulf Hotel, Manama), bar tematyczny o znakomitej historii. Chocia\u017c jest do\u015b\u0107 wygodny, nie uda\u0142o mu si\u0119 pozby\u0107 tradycyjnego wygl\u0105du londy\u0144skiego pubu i w wi\u0119kszo\u015b\u0107 wieczor\u00f3w w tygodniu, kt\u00f3re s\u0105 zazwyczaj wype\u0142nione sta\u0142ymi klientami, gra si\u0119 tam muzyk\u0119 na \u017cywo; niemniej jednak weekendy w Bahrajnie mog\u0105 by\u0107 r\u00f3wnie\u017c niezwykle zat\u0142oczone.<\/p>\n\n\n\n<p>Trader Vic&#039;s (Le Meridien, Manama) znajduje si\u0119 w pobli\u017cu jednej z pla\u017c Manamy i oferuje rozleg\u0142y widok na Zatok\u0119 z komfortowego, klimatyzowanego wn\u0119trza. S\u0142ynie z koktajli inspirowanych Morzami Po\u0142udniowymi i podawanych w pi\u0119knych dzbankach, co czyni go jednym z najlepszych miejsc w mie\u015bcie na wieczorne drinki. Warbler Club (Baisan Hotel, Manama) to kolejny lokal, w kt\u00f3rym regularnie odbywaj\u0105 si\u0119 koncerty muzyki na \u017cywo, jest tam atrakcyjny t\u0142um i pyszne jedzenie barowe. Jest to jedno z najlepszych miejsc w Bahrajnie dla fan\u00f3w sportu, kt\u00f3rzy chc\u0105 napi\u0107 si\u0119 drinka, poniewa\u017c jest tam wiele du\u017cych telewizor\u00f3w dostrojonych do wszystkich mecz\u00f3w.<\/p>\n\n\n\n<h3 class=\"wp-block-heading\">Bar w centrum miasta<\/h3>\n\n\n\n<p><em>Adres: 1507 King Faisal Highway, Manama \u2013 Godziny otwarcia: Codziennie: 16:00\u20132:00<\/em><\/p>\n\n\n\n<p>Downtown, cz\u0119\u015b\u0107 Intercontinental Regency Hotel, jest ulubionym miejscem miejscowych i turyst\u00f3w i przyci\u0105ga t\u0142umy, szczeg\u00f3lnie w wieczory z muzyk\u0105 na \u017cywo. Wyst\u0119puj\u0105 tam lokalne zespo\u0142y, wieczory z otwartym mikrofonem i jam sessions, a \u015broda to Ladies&#039; Night.<\/p>\n\n\n\n<h3 class=\"wp-block-heading\">Pub irlandzki JJ<\/h3>\n\n\n\n<p><em>Adres: Blok 326, Al Qudaibiya, Manama<\/em><\/p>\n\n\n\n<p>JJ&#039;s bar to du\u017cy lokal z przyjazn\u0105 atmosfer\u0105 i szerok\u0105 gam\u0105 piw beczkowych. Co tydzie\u0144 odbywaj\u0105 si\u0119 liczne zaj\u0119cia, w tym karaoke, pub quizy, wieczory dla pa\u0144 i muzyka na \u017cywo grana przez zesp\u00f3\u0142 The Noise.<\/p>\n\n\n\n<h3 class=\"wp-block-heading\">Leszczyna<\/h3>\n\n\n\n<p><em>Adres: Blok 320, Manama \u2013 Godziny otwarcia: Codziennie: 12:00\u20132:00<\/em><\/p>\n\n\n\n<p>Warbler, znany pub sportowy w stylu brytyjskim, w kt\u00f3rym odbywaj\u0105 si\u0119 niemal conocne wydarzenia, znajduje si\u0119 w Baisan International Hotel. Mo\u017cna tam pota\u0144czy\u0107, pos\u0142ucha\u0107 muzyki na \u017cywo, obejrze\u0107 transmisje wa\u017cnych wydarze\u0144 sportowych, we wtorki organizowany jest Ladies&#039; Night, a tak\u017ce skorzysta\u0107 z w pe\u0142ni wyposa\u017conej kuchni serwuj\u0105cej r\u00f3\u017cnorodne potrawy.<\/p>\n\n\n\n<h3 class=\"wp-block-heading\">Leszczyna<\/h3>\n\n\n\n<p><em>Adres: Blok 320, Manama \u2013 Godziny otwarcia: Codziennie: 12:00\u20132:00<\/em><\/p>\n\n\n\n<p>Warbler, znany pub sportowy w stylu brytyjskim, w kt\u00f3rym odbywaj\u0105 si\u0119 niemal conocne wydarzenia, znajduje si\u0119 w Baisan International Hotel. Mo\u017cna tam pota\u0144czy\u0107, pos\u0142ucha\u0107 muzyki na \u017cywo, obejrze\u0107 transmisje wa\u017cnych wydarze\u0144 sportowych, we wtorki organizowany jest Ladies&#039; Night, a tak\u017ce skorzysta\u0107 z w pe\u0142ni wyposa\u017conej kuchni serwuj\u0105cej r\u00f3\u017cnorodne potrawy.<\/p>\n\n\n\n<h2 class=\"wp-block-heading\">Gastronomia i kuchnia w Bahrajnie<\/h2>\n\n\n\n<p>W Bahrajnie ceny i jako\u015b\u0107 jedzenia s\u0105 bardzo zr\u00f3\u017cnicowane. Je\u015bli nie chcesz wydawa\u0107 du\u017co pieni\u0119dzy, mo\u017cesz wybiera\u0107 spo\u015br\u00f3d wielu hoteli, kt\u00f3re mieszcz\u0105 si\u0119 w szerokim zakresie cen. \u017bycie na obczy\u017anie wi\u0105\u017ce si\u0119 ze znaczn\u0105 ilo\u015bci\u0105 jedzenia na mie\u015bcie, wi\u0119c nie wahaj si\u0119 zapyta\u0107 kogokolwiek o aktualne pomys\u0142y; zazwyczaj ch\u0119tnie pomog\u0105. W Manamie poczta pantoflowa ma ogromny wp\u0142yw.<\/p>\n\n\n\n<p>Adilya, Mezzaluna (3808 Road, Manama) to skarb w centrum dzielnicy restauracyjnej i jedna z najpopularniejszych restauracji w Manamie, wi\u0119c pami\u0119taj, aby zarezerwowa\u0107 stolik z du\u017cym wyprzedzeniem. Francuski szef kuchni w Mezzaluna przygotowuje szerok\u0105 gam\u0119 da\u0144 mi\u0119dzynarodowych, a steki z antrykotu s\u0105 bardzo polecane. Restauracja mie\u015bci si\u0119 w starej bahra\u0144skiej rezydencji z pasuj\u0105cym do niej wystrojem.<\/p>\n\n\n\n<p>Tymczasem Jim&#039;s (Osama bin Zaid Avenue, Manama) sta\u0142 si\u0119 instytucj\u0105 dla ekspat\u00f3w, znan\u0105 zar\u00f3wno z r\u0119cznie robionych czekoladowych w\u00f3dek, jak i pe\u0142nych irlandzkich \u015bniada\u0144 serwowanych w urokliwym wiejskim otoczeniu. Ze wzgl\u0119du na ciep\u0142o i poczucie humoru Jima, ta restauracja w Bahrajnie prawdopodobnie b\u0119dzie bardzo zat\u0142oczona, wi\u0119c dokonaj rezerwacji z wyprzedzeniem.<\/p>\n\n\n\n<p>Modny, arabski styl Casa Blu (Sheikh Isa Avenue, Manama) jest udekorowany zabytkowymi maszynami do pisania, zniszczonymi starymi kasami, luksusowymi kanapami i \u017cywym hip-hopem, kt\u00f3re przyczyniaj\u0105 si\u0119 do atmosfery restauracji. Kuchnia jest tak doskona\u0142a, jak atmosfera.<\/p>\n\n\n\n<h2 class=\"wp-block-heading\">Gdzie zje\u015b\u0107 i wypi\u0107 w Bahrajnie<\/h2>\n\n\n\n<p>Zgodnie ze swoj\u0105 reputacj\u0105 jedynego pa\u0144stwa Zatoki Perskiej, w kt\u00f3rym alkohol mo\u017cna legalnie kupi\u0107, \u017cycie nocne i oferta gastronomiczna Bahrajnu ciesz\u0105 si\u0119 popularno\u015bci\u0105 zar\u00f3wno w\u015br\u00f3d miejscowych emigrant\u00f3w, jak i turyst\u00f3w z Arabii Saudyjskiej.<\/p>\n\n\n\n<p>W Manamie dominuj\u0105 bary sportowe, a JJ&#039;s Irish Restaurant jest jednym z najlepszych. Bizarre Lounge w Le M\u00e9ridien i Casa Bar &amp; Terrace w Mercure Grand Seef to dwa najlepsze bary i kluby nocne w\u015br\u00f3d ekskluzywnych hoteli w okolicy. Ibrida w Ramee Grand Hotel i Club XS w Ramee Rose Hotel to popularne kluby nocne. W wi\u0119kszo\u015bci znanych klub\u00f3w nocnych w dni powszednie organizowane s\u0105 promocje drink\u00f3w happy hour i wieczory dla pa\u0144.<\/p>\n\n\n\n<h3 class=\"wp-block-heading\">Przek\u0105ska<\/h3>\n\n\n\n<p>Poniewa\u017c akcja na torze nie rozpocznie si\u0119 do p\u00f3\u017ana, dlaczego nie zacz\u0105\u0107 dnia od popularnej tradycji lokalizacji. W niezliczonych restauracjach w Manamie, szczeg\u00f3lnie w ekskluzywnych hotelach, takich jak Le M\u00e9ridien &amp; Ritz Carlton, serwowane s\u0105 wystawne brunche \u201eall you can eat\u201d. Pi\u0105tki i soboty to najpopularniejsze dni. Zap\u0142acisz sta\u0142\u0105 kwot\u0119 (zwykle 20\u201340 BHD \/ 50\u2013100 USD) za wszystkie jedzenie i napoje, kt\u00f3re mo\u017cesz zje\u015b\u0107 w ci\u0105gu 3\u20134 godzin. Je\u015bli przyjedziesz wcze\u015bniej na przysz\u0142oroczny wy\u015bcig, wiele restauracji b\u0119dzie obchodzi\u0107 Dzie\u0144 \u015awi\u0119tego Patryka 17 marca, organizuj\u0105c specjalnie tematyczne wydarzenia.<\/p>\n\n\n\n<h3 class=\"wp-block-heading\">Bufet<\/h3>\n\n\n\n<p>Opr\u00f3cz brunchu, kilka najlepszych hoteli i restauracji w mie\u015bcie oferuje bufety \u201eall you can eat\u201d w ci\u0105gu tygodnia, szczeg\u00f3lnie od \u015brody do pi\u0105tku wieczorem. Popularne bufety obejmuj\u0105 wieczory tematyczne w Crowne Plaza, kuchni\u0119 indyjsk\u0105 w czwartki i pi\u0105tki w Lanterns Restaurant oraz owoce morza w czwartkowe wieczory w Le M\u00e9ridien.<\/p>\n\n\n\n<h3 class=\"wp-block-heading\">Sprawiedliwo\u015b\u0107<\/h3>\n\n\n\n<p>Wiele najlepszych restauracji w Manamie znajduje si\u0119 w dzielnicy Adliya. Popularne kawiarnie to Coco&#039;s, kt\u00f3ra serwuje tradycyjn\u0105 kuchni\u0119 ameryka\u0144sk\u0105, i Caf\u00e9 Lilou, kt\u00f3ra ma paryski klimat. Rasoi by Vineet serwuje jedne z najlepszych da\u0144 kuchni indyjskiej w Manamie; w pobli\u017cu Polo Gastropub w Palace Boutique Hotel serwuje smaczne burgery i muzyk\u0119 na \u017cywo, a The Meat Company serwuje najlepsze kawa\u0142ki stek\u00f3w.<\/p>\n\n\n\n<h3 class=\"wp-block-heading\">Kuchnia bahra\u0144ska<\/h3>\n\n\n\n<p>Nie opuszczaj Manamy bez spr\u00f3bowania pysznej rodzimej kuchni. Popularne przepisy obejmuj\u0105 machboos (ry\u017c o smaku mi\u0119sa), grillowane mi\u0119so z khubus (mi\u0119kki chleb), nasheef (gulasz ziemniaczano-mi\u0119sny) i luqaimat (s\u0142odkie piero\u017cki). Haji Gahwa to kawiarnia przy ulicy w Manama Souk, kt\u00f3ra serwuje pyszne i niedrogie domowe posi\u0142ki, podczas gdy Basta 23 w Riyadat Mall oferuje wsp\u00f3\u0142czesne spojrzenie na tradycyjn\u0105 lokaln\u0105 kuchni\u0119.<\/p>","protected":false},"excerpt":{"rendered":"<p>\u017bycie nocne w Bahrajnie jest do\u015b\u0107 dobrze rozwini\u0119te, co jest zaskakuj\u0105ce. Wynika to przede wszystkim z tolerancji rz\u0105du i du\u017cej liczby cudzoziemc\u00f3w mieszkaj\u0105cych w kraju. Bahrajn jest cz\u0119sto nazywany \u201eHawajami Bliskiego Wschodu\u201d. Ka\u017cdy znajdzie rozrywk\u0119 po zachodzie s\u0142o\u0144ca. W ca\u0142ym kraju s\u0105 dyskoteki, bary karaoke i kluby z muzyk\u0105 na \u017cywo.<\/p>","protected":false},"author":1,"featured_media":35455,"parent":35335,"menu_order":0,"comment_status":"closed","ping_status":"closed","template":"elementor_theme","meta":{"_eb_attr":"","footnotes":""},"class_list":["post-35452","page","type-page","status-publish","has-post-thumbnail"],"_links":{"self":[{"href":"https:\/\/travelshelper.com\/pl\/wp-json\/wp\/v2\/pages\/35452","targetHints":{"allow":["GET"]}}],"collection":[{"href":"https:\/\/travelshelper.com\/pl\/wp-json\/wp\/v2\/pages"}],"about":[{"href":"https:\/\/travelshelper.com\/pl\/wp-json\/wp\/v2\/types\/page"}],"author":[{"embeddable":true,"href":"https:\/\/travelshelper.com\/pl\/wp-json\/wp\/v2\/users\/1"}],"replies":[{"embeddable":true,"href":"https:\/\/travelshelper.com\/pl\/wp-json\/wp\/v2\/comments?post=35452"}],"version-history":[{"count":0,"href":"https:\/\/travelshelper.com\/pl\/wp-json\/wp\/v2\/pages\/35452\/revisions"}],"up":[{"embeddable":true,"href":"https:\/\/travelshelper.com\/pl\/wp-json\/wp\/v2\/pages\/35335"}],"wp:featuredmedia":[{"embeddable":true,"href":"https:\/\/travelshelper.com\/pl\/wp-json\/wp\/v2\/media\/35455"}],"wp:attachment":[{"href":"https:\/\/travelshelper.com\/pl\/wp-json\/wp\/v2\/media?parent=35452"}],"curies":[{"name":"wp","href":"https:\/\/api.w.org\/{rel}","templated":true}]}}