{"id":35418,"date":"2024-11-30T21:45:41","date_gmt":"2024-11-30T21:45:41","guid":{"rendered":"https:\/\/travelshelper.com\/staging\/?page_id=35418"},"modified":"2026-03-11T01:22:03","modified_gmt":"2026-03-11T01:22:03","slug":"pieniadze-i-zakupy-w-bahrajnie","status":"publish","type":"page","link":"https:\/\/travelshelper.com\/pl\/destinations\/asia\/bahrain\/money-shopping-in-bahrain\/","title":{"rendered":"Pieni\u0105dze i zakupy w Bahrajnie"},"content":{"rendered":"<p>Bahrajn jest domem zar\u00f3wno nowoczesnych kompleks\u00f3w handlowych, jak i tradycyjnych suk\u00f3w, co sprawia, \u017ce \u200b\u200bwyspa jest w stanie zaspokoi\u0107 wszelkie preferencje zakupowe. W Bahrajnie zakupy to co\u015b wi\u0119cej ni\u017c hobby; to styl \u017cycia. W pi\u0105tki i soboty, kt\u00f3re stanowi\u0105 weekend Zatoki Perskiej, obszary handlowe t\u0119tni\u0105 \u017cyciem turyst\u00f3w ze wszystkich kraj\u00f3w poszukuj\u0105cych okazji, restauracji i spotka\u0144 towarzyskich.<\/p>\n\n\n\n<p>Je\u015bli haute couture i marki projektanckie s\u0105 kusz\u0105ce, to wygl\u0105da na to, \u017ce co miesi\u0105c otwiera si\u0119 nowe centrum handlowe. Pod wzgl\u0119dem uk\u0142adu, motywu i atmosfery ka\u017cdy hotel jest wyj\u0105tkowy. Al Seef jest jednym z najwi\u0119kszych centr\u00f3w handlowych na wyspie, ale Al A&#039;ali nie pozostaje daleko w tyle pod wzgl\u0119dem wielko\u015bci. Bahrain Mall, Dana Mall i Sitra Mall znajduj\u0105 si\u0119 w Sanabis, podczas gdy Sitra Mall jest nieco dalej od g\u0142\u00f3wnego skupiska. Rozleg\u0142e Bahrain City Centre jest r\u00f3wnie\u017c w pe\u0142ni wyposa\u017conym kompleksem rekreacyjnym z dwoma hotelami, parkiem wodnym i kinem multipleksowym.<\/p>\n\n\n\n<p>Na drugim ko\u0144cu skali tradycyjne suki s\u0105 r\u00f3wnie przyjemne i oferuj\u0105 por\u00f3wnywaln\u0105 r\u00f3\u017cnorodno\u015b\u0107 towar\u00f3w. Zrelaksowane i go\u015bcinne, oferuj\u0105 turystom do\u015bwiadczenie opr\u00f3cz okazji. Manama Souk jest najwi\u0119kszy i najpopularniejszy, podczas gdy Muharraq Souk zapewnia autentyczne wiejskie otoczenie w mie\u015bcie. Ira\u0144ski Souk w Isa Town obejmuje szerok\u0105 gam\u0119 u\u017cywanych produkt\u00f3w, drobiazg\u00f3w, a nawet intryguj\u0105cy targ ptak\u00f3w. W Adilya jest wielu handlarzy dywanami i zak\u0142ad\u00f3w rzemie\u015blniczych sprzedaj\u0105cych bahra\u0144skie rzemios\u0142o.<\/p>\n\n\n\n<h2 class=\"wp-block-heading\">Pieni\u0105dze w Bahrajnie<\/h2>\n\n\n\n<p>Dinar Bahrajnu (BD) jest walut\u0105 Bahrajnu i dzieli si\u0119 na 1000 fils\u00f3w. Dinar jest wart prawie trzy dolary (dok\u0142adnie 2,66 USD, poniewa\u017c kurs wymiany jest ustalony), co czyni go jedn\u0105 z najsilniejszych walut na \u015bwiecie (ust\u0119puj\u0105c\u0105 jedynie Kuwejtowi), a dostosowanie si\u0119 do tego mo\u017ce by\u0107 trudne. Najwyra\u017aniej tania taks\u00f3wka za 10 dinar\u00f3w kosztuje w rzeczywisto\u015bci prawie 27 USD, a zatem jest to oszustwo!<\/p>\n\n\n\n<p>Dinar jest walut\u0105 swobodnie wymienialn\u0105, bez ogranicze\u0144 importowych i eksportowych w tej chwili. Nomina\u0142y monet to 5 fils\u00f3w, 10 fils\u00f3w, 25 fils\u00f3w, 50 fils\u00f3w i 100 fils\u00f3w (rzadko mo\u017cna zobaczy\u0107 monety 500 fils\u00f3w, ale s\u0105 wa\u017cne). Banknoty wyst\u0119puj\u0105 w nomina\u0142ach 500 fils\u00f3w (BD 1\/2), BD 1, BD 5, BD 10 i BD 20.<\/p>\n\n\n\n<p>Dinar jest powi\u0105zany z rialem saudyjskim po kursie 1:10, a riale s\u0105 akceptowane niemal wsz\u0119dzie po tym kursie. Jednak prawie na pewno otrzymasz reszt\u0119 w dinarach, a hotele mog\u0105 pr\u00f3bowa\u0107 oszuka\u0107 ci\u0119 z niewielkiej cz\u0119\u015bci twoich pieni\u0119dzy. Je\u015bli przyje\u017cd\u017casz z Arabii Saudyjskiej, nie ma potrzeby wymienia\u0107 pieni\u0119dzy, ale powiniene\u015b spr\u00f3bowa\u0107 pozby\u0107 si\u0119 wszelkich dodatkowych dinar\u00f3w przed opuszczeniem kraju, poniewa\u017c trudno je wymieni\u0107 gdziekolwiek, nawet w Arabii Saudyjskiej.<\/p>\n\n\n\n<h2 class=\"wp-block-heading\">Ceny w Bahrajnie<\/h2>\n\n\n\n<p>Bahrajn, podobnie jak inne kraje Zatoki Perskiej, nie jest tani. Dobry posi\u0142ek mo\u017ce kosztowa\u0107 oko\u0142o 4,0 BD, a wynajem pojazdu za 10-20 DL\/dzie\u0144 jest akceptowalny, jednak ceny hoteli mog\u0105 wp\u0142yn\u0105\u0107 na Tw\u00f3j bud\u017cet: ca\u0142kowicie przeci\u0119tny pok\u00f3j w hotelu Mo\u017cesz do\u0142o\u017cy\u0107 do tego 50 BD. Je\u015bli chcesz uzyska\u0107 dobr\u0105 ofert\u0119, unikaj wyjazdu do Bahrajnu na coroczne wydarzenie Formu\u0142y 1 w kwietniu. Koszty hotelu wzrosn\u0105 trzykrotnie. Podczas wy\u015bcigu pok\u00f3j w hotelu Gulf mo\u017ce kosztowa\u0107 ponad 300 BD za noc.<\/p>\n\n\n\n<h2 class=\"wp-block-heading\">Zakupy w Bahrajnie<\/h2>\n\n\n\n<p>W Bahrajnie znajduje si\u0119 wiele du\u017cych galerii handlowych z markowymi i luksusowymi sklepami na ca\u0142ym \u015bwiecie, aptekami, supermarketami, punktami gastronomicznymi, tradycyjnymi i nowoczesnymi kawiarniami, placami zabaw i salonami gier, teatrami (3D i 2D), a nawet bram\u0105 wej\u015bciow\u0105 do parku wodnego.<\/p>\n\n\n\n<p>Wizyta na lokalnym suku jest konieczno\u015bci\u0105. Tam mo\u017cesz targowa\u0107 si\u0119 o cen\u0119 \u201erolex\u00f3w\u201d, bi\u017cuterii i wielu innych przedmiot\u00f3w. W suku mo\u017cna znale\u017a\u0107 wielu wybitnych krawc\u00f3w. Je\u015bli zostaniesz wystarczaj\u0105co d\u0142ugo (powiedzmy, tydzie\u0144), mo\u017cesz za\u0142o\u017cy\u0107 ulubiony str\u00f3j i \u201esklonowa\u0107\u201d go z dok\u0142adno\u015bci\u0105 z dowolnego materia\u0142u z szerokiej gamy dost\u0119pnych.<\/p>\n\n\n\n<p>Bahrajn jest niezwykle kosztownym krajem. Jednak wiele os\u00f3b chce przywie\u017a\u0107 do domu pami\u0105tki z tego osza\u0142amiaj\u0105cego miejsca. S\u0142ynny tradycyjny arabski bazar powinien by\u0107 Twoim pierwszym przystankiem. Tam mo\u017cesz kupi\u0107 wi\u0119kszo\u015b\u0107 pami\u0105tek. Kolorowe pasa\u017ce handlowe natychmiast przyci\u0105gn\u0105 Twoj\u0105 uwag\u0119. Ponadto arabscy \u200b\u200bsprzedawcy s\u0105 wyj\u0105tkowo przekonuj\u0105cy. Z pewno\u015bci\u0105 b\u0119d\u0105 w stanie przekona\u0107 Ci\u0119 do zakupu nawet najbardziej bezu\u017cytecznego przedmiotu.<\/p>\n\n\n\n<p>Zalet\u0105 rynk\u00f3w arabskich jest mo\u017cliwo\u015b\u0107 targowania si\u0119. Jest to niezb\u0119dne, poniewa\u017c wi\u0119kszo\u015b\u0107 dealer\u00f3w ustala ceny z my\u015bl\u0105 o mo\u017cliwo\u015bci negocjacji. Je\u015bli b\u0119dziesz wytrwa\u0142y, b\u0119dziesz w stanie kupi\u0107 produkt za dwa, a nawet trzy razy mniej ni\u017c cena pocz\u0105tkowa. Targowanie si\u0119 to prawdziwy spektakl. Kupuj\u0105cy odchodzi i wraca w trakcie transakcji. Sprzedawca zaciska pi\u0119\u015bci i dostosowuje cen\u0119. Ponadto mo\u017cesz targowa\u0107 si\u0119 w ma\u0142ych prywatnych sklepach. Jednak robienie tego w ogromnym centrum handlowym lub centrum handlowym mo\u017ce zosta\u0107 uznane za nieprzyjemne i nietaktowne.<\/p>\n\n\n\n<p>Bab Al Bahrain to najbardziej znany targowisko w Bahrajnie. Znajduje si\u0119 w Manamie. S\u0105 to kr\u0119te, ciasne uliczki. Spacer po nich jest jak wej\u015bcie do autentycznej arabskiej bajki. Tutaj mo\u017cesz kupi\u0107 najbardziej wyj\u0105tkowe pami\u0105tki, \u015bwie\u017ce produkty, tradycyjne towary i przyprawy. Musisz pami\u0119ta\u0107, \u017ce niekt\u00f3re produkty s\u0105 importowane z Chin. S\u0105 znacznie ta\u0144sze ni\u017c inne. Dlatego je\u015bli chcesz przywie\u017a\u0107 co\u015b rodzimego arabskiego jako pami\u0105tk\u0119, najlepiej jest wybra\u0107 przedmiot z uwag\u0105 i wyda\u0107 troch\u0119 wi\u0119cej na godn\u0105 pami\u0105tk\u0119.<\/p>\n\n\n\n<p>Gold Souq (z\u0142oty targ) znajduje si\u0119 w centrum t\u0119tni\u0105cego \u017cyciem miasta Manama. Tutaj znajdziesz najszerszy wyb\u00f3r z\u0142otej bi\u017cuterii, a tak\u017ce innych metali szlachetnych i pere\u0142. Mo\u017cesz kupi\u0107 pier\u015bcionki, bransoletki i inne przedmioty. Ponadto na rynku dost\u0119pne s\u0105 wyj\u0105tkowe i specjalne produkty. Nawet je\u015bli dysponujesz ograniczonym bud\u017cetem, mo\u017cesz odkry\u0107 odpowiedni\u0105 wersj\u0119 poz\u0142acanej bi\u017cuterii w przyst\u0119pnej cenie na rynku. Gold Souq to miejsce, w kt\u00f3rym mo\u017cna uzyska\u0107 niezapomniane wra\u017cenia i wspania\u0142e uczucia. Mo\u017cesz przymierzy\u0107 dowoln\u0105 bi\u017cuteri\u0119, nawet je\u015bli zdecydujesz si\u0119 jej nie kupowa\u0107.<\/p>\n\n\n\n<p>Centrum handlowe City Center Mall jest popularnym miejscem zar\u00f3wno dla mieszka\u0144c\u00f3w, jak i turyst\u00f3w. Opr\u00f3cz przegl\u0105dania stylowych sklep\u00f3w i robienia zakup\u00f3w, mo\u017cesz r\u00f3wnie\u017c zje\u015b\u0107 przek\u0105sk\u0119 w fantastycznej restauracji i dobrze si\u0119 bawi\u0107 w parku wodnym. Centrum handlowe Capital Mall zachwyci Ci\u0119 nie tylko swoimi wyj\u0105tkowymi produktami, ale tak\u017ce mo\u017cliwo\u015bci\u0105 obejrzenia pracy bahraj\u0144skich rzemie\u015blnik\u00f3w i rzemie\u015blnik\u00f3w.<\/p>\n\n\n\n<p>Je\u015bli wybierasz si\u0119 do Bahrajnu na zakupy, musisz r\u00f3wnie\u017c zna\u0107 godziny otwarcia sklep\u00f3w i trzygodzinne przerwy w ci\u0105gu dnia. Sprzedawcy zaczynaj\u0105 prac\u0119 o 9 rano. Sklepy zamykaj\u0105 si\u0119 oko\u0142o 9 wieczorem. Tydzie\u0144 roboczy trwa od soboty do czwartku. Pi\u0105tek jest zazwyczaj dniem wolnym dla sprzedawc\u00f3w detalicznych. Sklepy zamykaj\u0105 si\u0119 dzisiaj o 4 po po\u0142udniu.<\/p>\n\n\n\n<p>Al Muharraq to znane miejsce zakup\u00f3w dla podr\u00f3\u017cnik\u00f3w, kt\u00f3rzy lubi\u0105 kupowa\u0107 r\u00f3\u017cnego rodzaju pami\u0105tki. Znajdziesz tu szeroki asortyment przypraw, cha\u0142wy, kawy, s\u0142odyczy i innych pysznych arabskich przysmak\u00f3w w najbardziej przyst\u0119pnych cenach. Zaleca si\u0119 jednak, aby odwiedzi\u0107 to miejsce z lokalnym przewodnikiem. W przeciwnym razie istnieje mo\u017cliwo\u015b\u0107 zgubienia si\u0119. Asia Carpet &amp; Antiques to intryguj\u0105cy sklep. Mo\u017cna tam kupi\u0107 r\u00f3\u017cnorodne dywany i niezwyk\u0142e antyki.<\/p>\n\n\n\n<p>Po podj\u0119ciu decyzji, gdzie robi\u0107 zakupy, powiniene\u015b zastanowi\u0107 si\u0119, co chcia\u0142by\u015b przywie\u017a\u0107 jako pami\u0105tk\u0119 z podr\u00f3\u017cy. Najpopularniejsze rzeczy to wysokiej jako\u015bci przedmioty w stylu arabskim. Mo\u017ce to by\u0107 kostium do ta\u0144ca orientalnego, para but\u00f3w z wygi\u0119tymi noskami lub inny jaskrawo kolorowy str\u00f3j. Na Wschodzie tkanina jest oferowana w szerokiej gamie. Pozwala to wybra\u0107 optymaln\u0105 alternatyw\u0119 dla ka\u017cdego rodzaju rob\u00f3tki r\u0119cznej. Per\u0142y s\u0105 r\u00f3wnie\u017c do\u015b\u0107 popularne ze wzgl\u0119du na fakt, \u017ce s\u0105 wytwarzane w Bahrajnie, w przeciwie\u0144stwie do wielu innych rzeczy, kt\u00f3re s\u0105 cz\u0119sto importowane. Popularne pami\u0105tki, kt\u00f3re wyra\u017caj\u0105 kultur\u0119 i atmosfer\u0119 kraju takiego jak Bahrajn, obejmuj\u0105 obrazy, lampy, fajki wodne i ceramik\u0119.<\/p>\n\n\n\n<h3 class=\"wp-block-heading\">Kompleks handlowy Al Aali<\/h3>\n\n\n\n<p><em>Droga nr 2819, Seef, Bahrajn<\/em><\/p>\n\n\n\n<p>Kompleks handlowy Al Aali, po\u0142o\u017cony w sektorze biznesowym Seef, oferuje wyj\u0105tkowe i wyrafinowane do\u015bwiadczenie zakupowe. To wykwintne otoczenie spe\u0142nia obietnic\u0119 glamour, mody i ponadczasowego luksusu dzi\u0119ki swojemu pluszowemu otoczeniu, wyrafinowanej atmosferze i mn\u00f3stwu luksusowych nazw.<\/p>\n\n\n\n<p>Kompleks o powierzchni 52 000 metr\u00f3w kwadratowych zosta\u0142 otwarty w 1996 roku jako ekskluzywne miejsce zakup\u00f3w o charakterystycznym projekcie architektonicznym, kt\u00f3ry elegancko integruje wsp\u00f3\u0142czesn\u0105 architektur\u0119 z tradycyjnym stylem arabskim. Nowe rozszerzenie podkre\u015bla bardziej nowoczesny komponent kompleksu, \u0142\u0105cz\u0105c wsp\u00f3\u0142czesno\u015b\u0107 z histori\u0105.<\/p>\n\n\n\n<p>Centralne atrium szczyci si\u0119 spektakularnym szklanym baldachimem, kt\u00f3ry filtruje \u015bwiat\u0142o do przestrzeni handlowej i tworzy atmosfer\u0119 na \u015bwie\u017cym powietrzu, kt\u00f3ra rozci\u0105ga si\u0119 na nowoczesne skrzyd\u0142o Saraya. Kompleks handlowy Al A&#039;ali obejmuje firmy zajmuj\u0105ce si\u0119 wyposa\u017ceniem wn\u0119trz, ekskluzywne sklepy z upominkami, dealer\u00f3w pere\u0142 i spa.<\/p>\n\n\n\n<h3 class=\"wp-block-heading\">Bab Al Bahrajn<\/h3>\n\n\n\n<p><em>Adres: 304 Bab Al Bahrain Ave<\/em><\/p>\n\n\n\n<p>Bab Al Bahrain znajduje si\u0119 przy wej\u015bciu do Manama Souq w stolicy Bahrajnu, Manama. Zosta\u0142 zbudowany w 1949 roku i dawniej mie\u015bci\u0142 rz\u0105dowe biura administracyjne. Historyczny Manama Souk znajduje si\u0119 za Bab Al Bahrain.<\/p>\n\n\n\n<p>To t\u0119tni\u0105ca \u017cyciem kolekcja sklep\u00f3w sprzedaj\u0105cych r\u00f3\u017cnorodne towary z ca\u0142ego \u015bwiata, w tym tkaniny, przyprawy, kadzid\u0142a, perfumy, r\u0119kodzie\u0142o i pami\u0105tki, a tak\u017ce bardziej wsp\u00f3\u0142czesne przedmioty. Manama Souq zawiera r\u00f3wnie\u017c wiele klasycznych kawiarni. Suk jest symbolem Bahrajnu; odwiedzaj\u0105cy z pewno\u015bci\u0105 b\u0119d\u0105 si\u0119 tam dobrze bawi\u0107.<\/p>\n\n\n\n<h3 class=\"wp-block-heading\">Centrum handlowe Dragon City w Bahrajnie<\/h3>\n\n\n\n<p><em>Adres: Diyar Al-Muharraq<\/em><\/p>\n\n\n\n<p>Dragon City to najwi\u0119kszy hurtowo-detaliczny o\u015brodek handlowy w Kr\u00f3lestwie Bahrajnu, w kt\u00f3rym znajduje si\u0119 ponad 787 lokali handlowych.<\/p>\n\n\n\n<p>Dragon City znajduje si\u0119 na po\u0142udniowy zach\u00f3d od Diyar Al Muharraq, w pobli\u017cu mi\u0119dzynarodowego lotniska Bahrajnu, najnowocze\u015bniejszego portu Khalifa Bin Salman i Manamy, stolicy Kr\u00f3lestwa Bahrajnu. Dragon City jest wype\u0142nione chi\u0144skimi elementami architektonicznymi i kulturowymi i oferuje chi\u0144skie towary najwy\u017cszej jako\u015bci mieszka\u0144com, klientom handlowym i turystom.<\/p>\n\n\n\n<h3 class=\"wp-block-heading\">Centrum handlowe Bahrajn<\/h3>\n\n\n\n<p><em>Aleja 28, Sanabis, Bahrajn<\/em><\/p>\n\n\n\n<p>Bahrain Mall to g\u0142\u00f3wne miejsce zakup\u00f3w dla rodzin w sercu strefy handlowej Bahrajnu. Bahrain Mall to g\u0142\u00f3wne miejsce zakup\u00f3w dla rodzin i turyst\u00f3w z Bahrajnu, Arabii Saudyjskiej, Kuwejtu i Kataru, poniewa\u017c oferuje ponad 120 mi\u0119dzynarodowych marek i pierwszy hipermarket w kraju.<\/p>\n\n\n\n<p>Czerwona ceglana fasada przypominaj\u0105ca etniczn\u0105 twierdz\u0119 uosabia znan\u0105 kultur\u0119 Bahrajnu. Prze\u017cyj dreszczyk emocji zakup\u00f3w \u015bwiatowej klasy w tradycyjnym otoczeniu. Pustynne palmy, elementy wodne, \u015bwiece i konstrukcje namiotowe Centre Court reprezentuj\u0105 arabsk\u0105 histori\u0119.<\/p>\n\n\n\n<h3 class=\"wp-block-heading\">Blok 338<\/h3>\n\n\n\n<p><em>Droga nr 3831, Manama<\/em><\/p>\n\n\n\n<p>Blok 338 to pi\u0119kna dzielnica dla pieszych pe\u0142na mi\u0119dzynarodowych restauracji, galerii sztuki i butik\u00f3w, po\u0142o\u017cona w samym sercu Manamy.<\/p>\n\n\n\n<p>Blok 338, znany jako najgor\u0119tsza dzielnica gastronomiczna Bahrajnu, oferuje r\u00f3\u017cnorodne restauracje, kt\u00f3re zaspokajaj\u0105 potrzeby go\u015bci w ka\u017cdym wieku i o r\u00f3\u017cnych preferencjach, oferuj\u0105c wyb\u00f3r od wykwintnych da\u0144 po tradycyjn\u0105 kuchni\u0119 bahra\u0144sk\u0105 i relaksuj\u0105cego drinka. Opr\u00f3cz tego wyj\u0105tkowego do\u015bwiadczenia kulinarnego, Blok 338 oferuje wiele doskona\u0142ych wybor\u00f3w handlowych ukrytych na bocznych uliczkach i przez lata ewoluowa\u0142 w t\u0119tni\u0105c\u0105 \u017cyciem dzielnic\u0119 dla mi\u0142o\u015bnik\u00f3w sztuki.<\/p>\n\n\n\n<p>Blok 338 uchodzi za najmodniejsz\u0105 dzielnic\u0119 gastronomiczn\u0105 Bahrajnu. Znajdziemy tu r\u00f3\u017cnorodne lokale gastronomiczne, kt\u00f3re przypadn\u0105 do gustu go\u015bciom w ka\u017cdym wieku i o r\u00f3\u017cnych upodobaniach.<\/p>\n\n\n\n<h3 class=\"wp-block-heading\">Centrum miasta Bahrajn<\/h3>\n\n\n\n<p><em>AlSeef<\/em><\/p>\n\n\n\n<p>City Centre Bahrajn jest najpopularniejszym miejscem w Bahrajnie pod wzgl\u0119dem handlu detalicznego, wypoczynku i rozrywki, odwiedzanym rocznie przez ponad 13,5 miliona os\u00f3b.<\/p>\n\n\n\n<p>City Centre Bahrain obejmuje ponad 158 000 m2 powierzchni handlowej i oferuje ponad 340 ekskluzywnych marek i 60 lokali gastronomicznych, a tak\u017ce takie znane przedsi\u0119biorstwa, jak najwi\u0119kszy w kr\u00f3lestwie hipermarket Carrefour, Saks Fifth Avenue, Debenhams, Centrepoint, Pottery Barn i Home Centre.<\/p>\n\n\n\n<p>Zintegrowane opcje rozrywki rodzinnej w centrum handlowym obejmuj\u0105 20-ekranowe kino Cineco Cinema i Magic Planet. Ponadto centrum handlowe s\u0105siaduje z dwoma pi\u0119ciogwiazdkowymi hotelami: Westin Hotel City Centre Bahrain i Le Meridien Hotel City Centre Bahrain.<\/p>\n\n\n\n<h3 class=\"wp-block-heading\">Z\u0142ote Miasto<\/h3>\n\n\n\n<p><em>Aleja Rz\u0105dowa, Manama<\/em><\/p>\n\n\n\n<p>Gold City, ol\u015bniewaj\u0105cy przyk\u0142ad wyspecjalizowanego handlu detalicznego, przenosi ka\u017cdego odwiedzaj\u0105cego do wsp\u00f3\u0142czesnego suku z\u0142ota. Ekskluzywne galerie po\u015bwi\u0119cone metalom szlachetnym i r\u00f3\u017cnorodnym kamieniom s\u0105 dost\u0119pne dla wymagaj\u0105cych klient\u00f3w. Nowoczesne wyposa\u017cenie, przyjazny personel i bezp\u0142atne us\u0142ugi parkingowego stawiaj\u0105 Gold City w swojej w\u0142asnej lidze. Tutaj klienci mog\u0105 \u015bmia\u0142o wej\u015b\u0107 i robi\u0107 zakupy.<\/p>\n\n\n\n<p>Jako kraj o d\u0142ugiej historii handlu, Kr\u00f3lestwo Bahrajnu nadal wspiera sektor z\u0142ota. Przyjazna biznesowi polityka Gold City i \u0142atwy dost\u0119p do Kr\u00f3lestwa Arabii Saudyjskiej i innych kraj\u00f3w GCC sprawiaj\u0105, \u017ce jest to najlepsza lokalizacja dla markowych firm jubilerskich, kt\u00f3re chc\u0105 zaistnie\u0107 w tym regionie.<\/p>\n\n\n\n<h3 class=\"wp-block-heading\">Centrum handlowe Dilmunia<\/h3>\n\n\n\n<p><em>Wyspa Dilmunia<\/em><\/p>\n\n\n\n<p>Mall of Dilmunia, centrum handlowe, modne restauracje, pe\u0142na energii rozrywka i pe\u0142na przyg\u00f3d zabawa o wyj\u0105tkowej to\u017csamo\u015bci.<\/p>\n\n\n\n<p>\u0141\u0105cz\u0105c form\u0119 i funkcj\u0119, Mall of Dilmunia ma na celu ulepszenie Twoich typowych zakup\u00f3w! Od eleganckiego i wyrafinowanego designu, bujnej ro\u015blinno\u015bci, ogromnego kana\u0142u i ta\u0144cz\u0105cych fontann po pierwsze wiarygodne akwarium w Kr\u00f3lestwie.<\/p>\n\n\n\n<p>Kolosalny zbiornik w kszta\u0142cie cylindra o wysoko\u015bci ponad siedemnastu metr\u00f3w, w kt\u00f3rym znajdzie si\u0119 miejsce dla ponad dw\u00f3ch i p\u00f3\u0142 tysi\u0105ca gatunk\u00f3w ryb morskich i koralowc\u00f3w, to wspania\u0142y prezent wizualny i fantastyczna okazja edukacyjna.<\/p>\n\n\n\n<h3 class=\"wp-block-heading\">Centrum handlowe MODA<\/h3>\n\n\n\n<p><em>Bahrain World Trade Center, wie\u017ca zachodnia, 2 pi\u0119tro, Manama, Bahrajn<\/em><\/p>\n\n\n\n<p>MODA Mall to miejsce spotka\u0144 i restauracji na ka\u017cd\u0105 okazj\u0119. Z najwi\u0119ksz\u0105 kolekcj\u0105 mi\u0119dzynarodowych marek luksusowych.<\/p>\n\n\n\n<p>MODA Mall to miejsce spotka\u0144 handlowych i gastronomicznych na ka\u017cd\u0105 okazj\u0119, zlokalizowane w historycznym Bahrain World Trade Center. MODA Mall oferuje najwi\u0119kszy portfel marek premium \u015bwiatowych projektant\u00f3w, z ponad 80 markami modowymi, pod jednym dachem w Kr\u00f3lestwie Bahrajnu, dzi\u0119ki czemu ka\u017cdy mo\u017ce poczu\u0107 si\u0119 wyj\u0105tkowo. MODA Mall zawdzi\u0119cza swoje pocz\u0105tki poprzedniemu kompleksowi Sheraton, kt\u00f3ry ma trzydziestoletni\u0105 tradycj\u0119 luksusu.<\/p>\n\n\n\n<h3 class=\"wp-block-heading\">Suk Muharrak<\/h3>\n\n\n\n<p><em>Muharrak<\/em><\/p>\n\n\n\n<p>Muharraq Souq, kt\u00f3ry jest mniejszy od Manama Souq, oferuje szeroki wyb\u00f3r artyku\u0142\u00f3w i s\u0142ynne sklepy ze s\u0142odyczami. Al Qaisariya, najstarsza cz\u0119\u015b\u0107 suku, oferuje przyjemne zakupy. Souq al Qaisariya jest kluczow\u0105 cz\u0119\u015bci\u0105 \u201ePer\u0142y, dowodu na wyspiarsk\u0105 gospodark\u0119\u201d (miejsce \u015bwiatowego dziedzictwa UNESCO).<\/p>\n\n\n\n<h3 class=\"wp-block-heading\">Centrum handlowe Sword<\/h3>\n\n\n\n<p><em>Dzielnica Seef, Manama<\/em><\/p>\n\n\n\n<p>Seef Mall, pierwsze autentyczne centrum handlowe w Bahrajnie, jest obecnie jednym z najbardziej przyjaznych rodzinom miejsc zakup\u00f3w i rozrywki w kr\u00f3lestwie. Jego wyj\u0105tkowa architektura i jasne, otwarte przestrzenie zapraszaj\u0105 kupuj\u0105cych do eksploracji i relaksu podczas eksploracji.<\/p>\n\n\n\n<p>Centrum handlowe jest idealnie zlokalizowane w dzielnicy Seef i co tydzie\u0144 przyci\u0105ga du\u017c\u0105 liczb\u0119 odwiedzaj\u0105cych, kt\u00f3rych przyci\u0105ga r\u00f3\u017cnorodno\u015b\u0107 \u015bwiatowej klasy marek lifestylowych, detalicznych, modowych i jubilerskich, a tak\u017ce dost\u0119pne opcje rozrywki przyjaznej rodzinom. Centrum handlowe Seef obejmuje 370 sklep\u00f3w na \u0142\u0105cznej powierzchni 135 000 st\u00f3p kwadratowych. M. Z prawie 72 000 st\u00f3p kwadratowych powierzchni najmu brutto M., w tym, aby wymieni\u0107 kilka, M&amp;S, BHS, H&amp;M, Mango, Zara i Sun &amp; Sand Sport.<\/p>\n\n\n\n<p>W dw\u00f3ch uroczych i przestronnych strefach gastronomicznych 55 restauracji, stoisk z jedzeniem i kawiarni oferuje przepyszne dania, kt\u00f3re zaspokoj\u0105 ka\u017cdy gust. Kryty park rozrywki Seef Mall, Magic Island, jest g\u0142\u00f3wn\u0105 atrakcj\u0105 dla rodzin, oferuj\u0105c ekscytuj\u0105ce wra\u017cenia dla m\u0142odych i starszych. Zapewnia dzieciom rozrywk\u0119 na wiele godzin, podczas gdy ich rodzice robi\u0105 zakupy, co czyni go idealnym miejscem na rodzinne wyj\u015bcie. Ponadto w Seef Mall znajduje si\u0119 jeden z najwi\u0119kszych multipleks\u00f3w kinowych na Bliskim Wschodzie, z sze\u015bciosalowym cineplexem i dziesi\u0119ciosalowym megaplexem; dogodnie zlokalizowane obok stref gastronomicznych, s\u0105 one spe\u0142nieniem marze\u0144 kinowych.<\/p>\n\n\n\n<h3 class=\"wp-block-heading\">Centrum handlowe Seef w Muharraku<\/h3>\n\n\n\n<p><em>Aleja 29, Arad<\/em><\/p>\n\n\n\n<p>Centrum handlowe Seef Mall jest dobrze znane z us\u0142ug rozrywkowych, kt\u00f3re oferuje, zw\u0142aszcza dla dzieci, kt\u00f3re s\u0105 produktywnie zaj\u0119te, podczas gdy ich rodzice robi\u0105 zakupy, co czyni je idealnym miejscem na rodzinne wyj\u015bcie. Posiada dobrze wyposa\u017cony plac zabaw dla dzieci, pokoje do opieki nad dzie\u0107mi i kryty park rozrywki Magic Island.<\/p>\n\n\n\n<p>W kinie znajduje si\u0119 r\u00f3wnie\u017c sze\u015bciosalowe kino Seef oraz dziesi\u0119ciosalowe megapleks Seef, co czyni je jednym z najwi\u0119kszych multipleks\u00f3w kinowych na Bliskim Wschodzie.<\/p>\n\n\n\n<h3 class=\"wp-block-heading\">Suk Al Cezarea<\/h3>\n\n\n\n<p>Souq Al Qaisariya jest najstarsz\u0105 cz\u0119\u015bci\u0105 historycznie wa\u017cnego Muharraq Souq. Ten Souq i jego okolice s\u0105 drugim obiektem dziedzictwa kulturowego wpisanym na list\u0119 UNESCO w Bahrajnie. Souq Al Qaisariya oferuje czaruj\u0105co malownicze do\u015bwiadczenie zakupowe. Tutaj mo\u017cesz kupi\u0107 szereg rodzimych produkt\u00f3w, w tym naturalne per\u0142y i przyprawy. Souq Al Qaisariya, element projektu \u201ePearling, Testimony of an Island Economy\u201d, s\u0142u\u017cy jako kapsu\u0142a czasu, zapewniaj\u0105c wgl\u0105d w przesz\u0142o\u015b\u0107 Bahrajnu.<\/p>\n\n\n\n<p>Sp\u0119d\u017a popo\u0142udnie spaceruj\u0105c po Souk i wzd\u0142u\u017c dwumilowego Pearling Path. Mo\u017cesz zako\u0144czy\u0107 wycieczk\u0119 Pearling Path, jedz\u0105c co\u015b w Saffron by Jena w Souq Al Qaisariya po wys\u0142uchaniu ciekawych opowie\u015bci i do\u015bwiadcze\u0144 ze starego bahraj\u0144skiego przemys\u0142u per\u0142owego. Pod\u0142oga tej tradycyjnej bahraj\u0144skiej jad\u0142odajni jest osadzona w madbasie, przyrz\u0105dzie s\u0142u\u017c\u0105cym do wyciskania daktyli na melas\u0119. Madbasa, kt\u00f3r\u0105 odkryto, gdy rozpocz\u0119to budow\u0119, zosta\u0142a zachowana jako historyczny artefakt.<\/p>\n\n\n\n<h3 class=\"wp-block-heading\">Aleje Bahrajnu<\/h3>\n\n\n\n<p><em>Zatoka Bahrajnu, Manama<\/em><\/p>\n\n\n\n<p>The Avenues \u2013 Bahrain to pierwsze tego typu miejsce zakup\u00f3w i wypoczynku w Kr\u00f3lestwie Bahrajnu, z unikaln\u0105 lokalizacj\u0105 nad oceanem o d\u0142ugo\u015bci 1,5 kilometra. Inwestycja wprowadza now\u0105 koncepcj\u0119 do Kr\u00f3lestwa dzi\u0119ki projektowi inspirowanemu The Avenues Of Kuwait, kt\u00f3ry zapewnia go\u015bciom wra\u017cenie przebywania na zewn\u0105trz, podczas gdy pozostaj\u0105 w \u015brodku, os\u0142oni\u0119ci od upa\u0142u przez o\u015bwietlony s\u0142o\u0144cem sufit.<\/p>\n\n\n\n<p>Powierzchnia najmu projektu wynosi oko\u0142o 40 000 metr\u00f3w kwadratowych i obejmuje 130 lokali, z czego 50 procent b\u0119d\u0105 restauracjami i kawiarniami z widokiem na zatok\u0119 Bahrajnu. Znajduje si\u0119 tam r\u00f3wnie\u017c du\u017cy rodzinny obszar rozrywki z sal\u0105 zabaw, 10 kinami, parkami publicznymi, chodnikami i miejscami parkingowymi.<\/p>\n\n\n\n<p>Budowa Fazy II projektu uzyska\u0142a oficjalne zezwolenie. Zaoferuje ona dodatkowe 30 000 metr\u00f3w kwadratowych powierzchni najmu, a tak\u017ce nowe dzielnice i hotel z 210 pokojami. Dzi\u0119ki temu The Avenues \u2013 Bahrain stanie si\u0119 atrakcyjn\u0105 lokalizacj\u0105 dla Bahraj\u0144czyk\u00f3w, a tak\u017ce turyst\u00f3w z GCC i mi\u0119dzynarodowych, kt\u00f3rzy przyje\u017cd\u017caj\u0105 na zakupy, rekreacj\u0119 i przyjemny pobyt.<\/p>","protected":false},"excerpt":{"rendered":"<p>Bahrajn jest domem zar\u00f3wno nowoczesnych kompleks\u00f3w handlowych, jak i tradycyjnych suk\u00f3w, co sprawia, \u017ce \u200b\u200bwyspa jest w stanie zaspokoi\u0107 wszelkie preferencje zakupowe. W Bahrajnie zakupy to co\u015b wi\u0119cej ni\u017c hobby; to styl \u017cycia. W pi\u0105tki i soboty, kt\u00f3re stanowi\u0105 weekend Zatoki Perskiej, obszary handlowe t\u0119tni\u0105 \u017cyciem turyst\u00f3w ze wszystkich kraj\u00f3w poszukuj\u0105cych okazji, restauracji i spotka\u0144 towarzyskich.<\/p>","protected":false},"author":1,"featured_media":35420,"parent":35335,"menu_order":0,"comment_status":"closed","ping_status":"closed","template":"elementor_theme","meta":{"_eb_attr":"","footnotes":""},"class_list":["post-35418","page","type-page","status-publish","has-post-thumbnail"],"_links":{"self":[{"href":"https:\/\/travelshelper.com\/pl\/wp-json\/wp\/v2\/pages\/35418","targetHints":{"allow":["GET"]}}],"collection":[{"href":"https:\/\/travelshelper.com\/pl\/wp-json\/wp\/v2\/pages"}],"about":[{"href":"https:\/\/travelshelper.com\/pl\/wp-json\/wp\/v2\/types\/page"}],"author":[{"embeddable":true,"href":"https:\/\/travelshelper.com\/pl\/wp-json\/wp\/v2\/users\/1"}],"replies":[{"embeddable":true,"href":"https:\/\/travelshelper.com\/pl\/wp-json\/wp\/v2\/comments?post=35418"}],"version-history":[{"count":0,"href":"https:\/\/travelshelper.com\/pl\/wp-json\/wp\/v2\/pages\/35418\/revisions"}],"up":[{"embeddable":true,"href":"https:\/\/travelshelper.com\/pl\/wp-json\/wp\/v2\/pages\/35335"}],"wp:featuredmedia":[{"embeddable":true,"href":"https:\/\/travelshelper.com\/pl\/wp-json\/wp\/v2\/media\/35420"}],"wp:attachment":[{"href":"https:\/\/travelshelper.com\/pl\/wp-json\/wp\/v2\/media?parent=35418"}],"curies":[{"name":"wp","href":"https:\/\/api.w.org\/{rel}","templated":true}]}}