{"id":35412,"date":"2024-11-30T21:37:11","date_gmt":"2024-11-30T21:37:11","guid":{"rendered":"https:\/\/travelshelper.com\/staging\/?page_id=35412"},"modified":"2026-03-11T02:09:09","modified_gmt":"2026-03-11T02:09:09","slug":"rzeczy-do-zrobienia-w-bahrajnie","status":"publish","type":"page","link":"https:\/\/travelshelper.com\/pl\/destinations\/asia\/bahrain\/things-to-do-in-bahrain\/","title":{"rendered":"Rzeczy do zrobienia w Bahrajnie"},"content":{"rendered":"<p>Wy\u015bcig Formu\u0142y 1 Grand Prix Bahrajnu, odbywaj\u0105cy si\u0119 w kwietniu na torze Bahrain International Circuit, jest najwa\u017cniejszym corocznym wydarzeniem w Bahrajnie. Planuj z wyprzedzeniem, poniewa\u017c bilety s\u0105 wyprzedane, a koszty hoteli gwa\u0142townie wzros\u0142y. Zazwyczaj pierwsze rezerwacje kwalifikuj\u0105 si\u0119 do zni\u017cek w wysoko\u015bci od 10 do 20 procent. W zale\u017cno\u015bci od trybuny bilety kosztuj\u0105 od 150 do 60 BD.<\/p>\n\n\n\n<p>Nurkowanie zyskuje coraz wi\u0119ksz\u0105 popularno\u015b\u0107 w Bahrajnie. Jest tu wiele centr\u00f3w nurkowych. Ciep\u0142e wody przybrze\u017cne t\u0119tni\u0105 \u017cyciem wodnym. \u017byje tu oko\u0142o 400 gatunk\u00f3w ryb. Jest te\u017c kilkaset gatunk\u00f3w koralowc\u00f3w, kt\u00f3re s\u0105 podstaw\u0105 \u017cycia morskiego. Wody p\u00f3\u0142nocne s\u0105 siedliskiem wi\u0119kszej bior\u00f3\u017cnorodno\u015bci. Jednak manaty wyst\u0119puj\u0105 w po\u0142udniowych Stanach Zjednoczonych. Nurkowanie rekreacyjne, pochodz\u0105ce od zwrotu \u201eshipwreck\u201d (wrak statku), jest r\u00f3wnie\u017c powszechne. U wybrze\u017cy znajduje si\u0119 wiele wrak\u00f3w statk\u00f3w z r\u00f3\u017cnych okres\u00f3w. Na p\u00f3\u0142nocy popularne jest r\u00f3wnie\u017c nurkowanie dryfowe. To przyk\u0142ad nurkowania z pr\u0105dem. Popularne jest r\u00f3wnie\u017c \u0142owienie pere\u0142 i zbieranie g\u0105bek.<\/p>\n\n\n\n<p>Per\u0142y produkowane w Bahrajnie s\u0105 najwspanialsze na \u015bwiecie. Prawdopodobie\u0144stwo znalezienia ostrygi zawieraj\u0105cej per\u0142\u0119 jest bardzo wysokie. Oko\u0142o 1 na 100. Mo\u017cesz zatrzyma\u0107 ca\u0142y \u0142up. Nawet zim\u0105 wysoka temperatura wody (20 \u00b0C) sprawia, \u017ce \u200b\u200bnurkowanie jest mo\u017cliwe przez ca\u0142y rok. Jednak od czerwca do wrze\u015bnia jest optymalny czas na t\u0119 aktywno\u015b\u0107. Obecnie nie ma znacz\u0105cych pr\u0105d\u00f3w. W Bahrajnie dost\u0119pne s\u0105 szko\u0142y surfingu. Wybrze\u017ce i warunki pogodowe s\u0105 idealne do tej aktywno\u015bci. Naj\u0142adniejsze lokalizacje znajduj\u0105 si\u0119 na p\u00f3\u0142nocy, blisko stolicy. Kitesurfing to kolejny popularny sport.<\/p>\n\n\n\n<p>Bahrajn jest punktem centralnym Bliskiego Wschodu od wiek\u00f3w. Odwiedzenie tego kraju jest bezcelowe, je\u015bli nie masz ochoty zobaczy\u0107 przynajmniej jednego z bogactw kulturowych Kr\u00f3lestwa. Wspania\u0142e Muzeum Narodowe Bahrajnu jest doskona\u0142ym punktem wyj\u015bcia dla poszukiwaczy przyg\u00f3d. Mo\u017cesz r\u00f3wnie\u017c odwiedzi\u0107 per\u0142owe dziedzictwo Muharraku. Znajduje si\u0119 tam kilka dawnych rezydencji kr\u00f3lewskich i zak\u0142ad\u00f3w kupieckich.<\/p>\n\n\n\n<p>Bahrajn oferuje rzadk\u0105 okazj\u0119 do jazdy na czystej krwi arabskiej. Jest to jedna z najstarszych ras koni hodowanych na P\u00f3\u0142wyspie Arabskim mi\u0119dzy IV a VI wiekiem. Maj\u0105 umiarkowane tempo wzrostu, ale s\u0105 niesamowicie wdzi\u0119czne i pi\u0119kne. Wzd\u0142u\u017c wybrze\u017ca i na pustyni mn\u00f3stwo stajni i o\u015brodk\u00f3w je\u017adzieckich oferuje jazd\u0119 konn\u0105. Przez pustyni\u0119 mo\u017cna przejecha\u0107 jeepem dla mi\u0142o\u015bnik\u00f3w pr\u0119dko\u015bci. Jest to mo\u017cliwe zar\u00f3wno jako pasa\u017cer, jak i kierowca. Podr\u00f3\u017c do ka\u017cdego kraju arabskiego jest niekompletna bez przeja\u017cd\u017cki na wielb\u0142\u0105dzie. W Bahrajnie jest to r\u00f3wnie\u017c popularna forma rozrywki. Na przyk\u0142ad mo\u017cna przejecha\u0107 na wielb\u0142\u0105dzie do s\u0142ynnego Drzewa \u017bycia.<\/p>\n\n\n\n<p>Glamping na pustyni to bardzo niezwyk\u0142a lokalna aktywno\u015b\u0107. S\u0142owo to sk\u0142ada si\u0119 z dw\u00f3ch pozornie sprzecznych poj\u0119\u0107: \u201ekemping\u201d i \u201eglamour\u201d. W pi\u0119knym namiocie z Wi-Fi, pluszowymi meblami i materacami ka\u017cdy mo\u017ce poczu\u0107 si\u0119 jak Lawrence z Arabii. Wiele firm oferuje te us\u0142ugi w r\u00f3\u017cnych obszarach. S\u0105 \u0142azienki, place zabaw i telewizor dost\u0119pne dla turyst\u00f3w. Ta us\u0142uga jest bardzo lubiana. Dlatego rezerwacji nale\u017cy dokona\u0107 z wyprzedzeniem. Optymalny czas na glamping to okres od listopada do marca.<\/p>\n\n\n\n<p>W Bahrajnie w\u0119dr\u00f3wki piesze i trekking s\u0105 rzadkimi aktywno\u015bciami. Wyspy s\u0105 prawie p\u0142askie. Szczyt znajduje si\u0119 zaledwie 122 metry nad poziomem morza. Jednak d\u0142ugo\u015b\u0107 linii brzegowej wynosi 160 kilometr\u00f3w. Dlatego trekking sk\u0142ada si\u0119 z w\u0119dr\u00f3wek nadmorskich. Ponadto istniej\u0105 trasy na p\u00f3\u0142nocy, blisko Al Qurayyah. R\u00f3\u017cni\u0105 si\u0119 one poziomem skomplikowania. Wok\u00f3\u0142 Madnat Isa jest wi\u0119cej \u015bcie\u017cek. W Kr\u00f3lestwie nie ma prawdziwych g\u00f3r ani wzg\u00f3rz. Jednak kolarstwo g\u00f3rskie pozostaje popularne. Do Manamy mo\u017cna dosta\u0107 si\u0119 rowerem g\u00f3rskim na jednodniowe wycieczki. Stolica oferuje us\u0142ugi wypo\u017cyczalni sprz\u0119tu.<\/p>\n\n\n\n<p>Ciep\u0142e, p\u0142ytkie wody przybrze\u017cne roj\u0105 si\u0119 od ryb. Jest tam oko\u0142o 300 gatunk\u00f3w ryb. W\u0119dkarstwo jest popularne w\u015br\u00f3d tubylc\u00f3w Bahrajnu i obcokrajowc\u00f3w. Znajdziesz tu papugoryby, skalary, z\u0119bacze, barakudy, b\u0142azenki i inne stworzenia tropikalnych raf. Hotele i firmy turystyczne planuj\u0105 wyprawy w\u0119dkarskie. Jest niewiele pla\u017c, na kt\u00f3rych mo\u017cna uprawia\u0107 sporty na \u015bwie\u017cym powietrzu. S\u0105 jednak doskona\u0142e: szerokie, przestronne, z drobnym piaskiem i wymagan\u0105 infrastruktur\u0105. Nie powiniene\u015b nadu\u017cywa\u0107 pob\u0142a\u017cliwo\u015bci mieszka\u0144c\u00f3w Bahrajnu wobec turyst\u00f3w. Na publicznych pla\u017cach nieb\u0119d\u0105cych w\u0142asno\u015bci\u0105 hotelu nie powiniene\u015b nosi\u0107 kostiumu k\u0105pielowego z nadmiernie g\u0142\u0119bokim ty\u0142em. M\u0119\u017cczyznom nie zaleca si\u0119 noszenia kr\u00f3tkich spodenek k\u0105pielowych. K\u0105piel\u00f3wki nale\u017cy nosi\u0107 z szortami.<\/p>\n\n\n\n<p>Bahrain Al Beach to popularne rodzinne wakacje, zw\u0142aszcza dla ma\u0142ych dzieci. Amwaj Beach w Bahrajnie to fajne miejsce do uprawiania kitesurfingu. Jest r\u00f3wnie\u017c lubiane przez narciarzy wodnych. Inni podr\u00f3\u017cnicy mog\u0105 uzna\u0107 ten obszar za nieco ha\u0142a\u015bliwy. Bahrain Arad Fort to ma\u0142a pla\u017ca po\u0142o\u017cona w pobli\u017cu staro\u017cytnego fortu. Popularne zaj\u0119cia obejmuj\u0105 pikniki, w\u0119dr\u00f3wki piesze i gry pla\u017cowe. O zachodzie s\u0142o\u0144ca pla\u017ca Bahrain Hidd zapewnia spektakularn\u0105 perspektyw\u0119 Manamy. Ponadto pikniki na pla\u017cy s\u0105 bardziej powszechne ni\u017c p\u0142ywanie. Bahrain Jazair to znana w\u015br\u00f3d mieszka\u0144c\u00f3w pla\u017ca o d\u0142ugo\u015bci jednego kilometra. Tutaj jest mn\u00f3stwo zabawy dla dzieci. Na pla\u017cy dost\u0119pnych jest kilka wypo\u017cyczalni sprz\u0119tu. Bahrain Karbabad to pi\u0119kne miejsce w pobli\u017cu fortu Bahrain.<\/p>\n\n\n\n<p>Odpowiedzi\u0105 Kr\u00f3lestwa Bahrajnu na ochron\u0119 dzikiej przyrody na Bliskim Wschodzie by\u0142o utworzenie Parku Przyrody Al Areen. Istnia\u0142a nadzieja, \u017ce \u200b\u200butworzenie takiego rezerwatu pomo\u017ce w realizacji podobnych inicjatyw w innych krajach regionu. Rezerwat przyrody zosta\u0142 zbudowany w celu ochrony rzadkich zwierz\u0105t arabskich, takich jak Oryx, Adax i Reem Gazelle. Jest to \u015bwietne miejsce dla mi\u0142o\u015bnik\u00f3w zwierz\u0105t i rodzin. Mo\u017cna je zwiedza\u0107 i obserwowa\u0107 stworzenia w ich naturalnym \u015brodowisku. Tutaj tury\u015bci b\u0119d\u0105 mogli cieszy\u0107 si\u0119 pouczaj\u0105cym czasem wolnym i je\u017adzi\u0107 na doskona\u0142ych koniach.<\/p>\n\n\n\n<p>Ramee Rose Hotel mie\u015bci jeden z najlepszych klub\u00f3w nocnych w Bahrajnie. Parkiet taneczny jest zazwyczaj zape\u0142niony w weekendy. Publiczno\u015b\u0107 przyci\u0105gaj\u0105 darmowe napoje dla kobiet i przed\u0142u\u017cone \u201ehappy hours\u201d dla go\u015bci. Tury\u015bci mog\u0105 bawi\u0107 si\u0119 w dyskotekach z jasnymi neonami. Ramee Grand Club jest epicentrum \u017cycia nocnego w Bahrajnie. Staje si\u0119 coraz bardziej popularnym miejscem dla ekspat\u00f3w, aby odpocz\u0105\u0107 noc\u0105.<\/p>\n\n\n\n<p>\u017bycie nocne w tym kraju oferuje co\u015b dla ka\u017cdego. Wyspa znajduje si\u0119 u wschodniego wybrze\u017ca Arabii Saudyjskiej. Dzi\u0119ki temu jest popularnym miejscem dla podr\u00f3\u017cnych ze Stan\u00f3w Zjednoczonych, Europy i Bliskiego Wschodu. Miasta saudyjskie, w tym Dhahran i Al-Khobar, znajduj\u0105 si\u0119 w pobli\u017cu biura komendanta kr\u00f3la Fahda, kt\u00f3re \u0142\u0105czy Arabi\u0119 \u200b\u200bSaudyjsk\u0105 z Bahrajnem. U\u0142atwia to dost\u0119p do wyspy. Pa\u0144stwo \u0142\u0105czy kluby i puby, kt\u00f3re odzwierciedlaj\u0105 r\u00f3\u017cnorodno\u015b\u0107 narodowo\u015bci regionu. Ponadto wyspa jest popularna w\u015br\u00f3d turyst\u00f3w, poniewa\u017c alkohol jest tutaj dozwolony.<\/p>\n\n\n\n<p>Wiosna Kultury to wydarzenie ciesz\u0105ce si\u0119 bardzo du\u017c\u0105 frekwencj\u0105. Go\u015bcie z zagranicy b\u0119d\u0105 mogli uczestniczy\u0107 w muzyce narodowej. Na wyspie odbywaj\u0105 si\u0119 festiwale taneczne przez ca\u0142y ten czas. Wieczorem go\u015bcie mog\u0105 rywalizowa\u0107 o miano najlepszego \u015bpiewaka lub wykonawcy ta\u0144c\u00f3w latynoameryka\u0144skich. Jest to najbardziej dynamiczne \u015bwi\u0119to kulturalne w regionie Zatoki Perskiej. Przez ca\u0142y miesi\u0105c wykonawcy, arty\u015bci i autorzy z ca\u0142ego \u015bwiata wsp\u00f3lnie \u015bwi\u0119tuj\u0105 wszystkie \u015bwi\u0119ta kulturalne. Tradycyjnie harmonogram jest tak napi\u0119ty, \u017ce uczestnicy musz\u0105 rezerwowa\u0107 miejsca z kilkumiesi\u0119cznym wyprzedzeniem.<\/p>\n\n\n\n<h2 class=\"wp-block-heading\">Park Adhari<\/h2>\n\n\n\n<p><em>Blokada drogowa Ain Adhari 388 Budynek 111 Kr\u00f3lestwo Bahrajnu<\/em><\/p>\n\n\n\n<p>Adhari Park to park rozrywki w Kr\u00f3lestwie Bahrajnu, kt\u00f3rego centrum stanowi staro\u017cytne \u017ar\u00f3d\u0142o s\u0142odkiej wody Ain Adari.<\/p>\n\n\n\n<p>Adhari Park to zupe\u0142nie nowy cel turystyczny w Bahrajnie, po\u0142o\u017cony w pobli\u017cu Parku Narodowego Adhari. Ma on sta\u0107 si\u0119 atrakcj\u0105 numer jeden dla rodzin w GCC, z 38 ekscytuj\u0105cymi przeja\u017cd\u017ckami na \u015bwie\u017cym powietrzu i w pomieszczeniach dla os\u00f3b w ka\u017cdym wieku, Centrum Rozrywki Rodzinnej, 10 punktami gastronomicznymi w Food Court, sto\u0142owaniem si\u0119 w restauracji, kawiarniami i wieloma innymi atrakcjami.<\/p>\n\n\n\n<h2 class=\"wp-block-heading\">Park i rezerwat przyrody Al Areen<\/h2>\n\n\n\n<p><em>PO Box 28690, Kr\u00f3lestwo Bahrajnu<\/em><\/p>\n\n\n\n<p>W rezerwacie przyrody Al Areen w Bahrajnie gatunki ro\u015blin i zwierz\u0105t s\u0105 chronione i piel\u0119gnowane od ponad trzech dekad. Obserwuj r\u00f3\u017cne zwierz\u0119ta, ptaki i ro\u015bliny pustynne w ich naturalnym \u015brodowisku. Przejd\u017a si\u0119 po parku i zbli\u017c si\u0119 do swobodnie w\u0119druj\u0105cych rodzimych ptak\u00f3w. Mo\u017cesz te\u017c wybra\u0107 si\u0119 na wycieczk\u0119 autobusem, aby dowiedzie\u0107 si\u0119 wi\u0119cej o wszystkich prezentowanych gatunkach, w tym o lampartach arabskich, strusiach, gazelach arabskich, oryksach i wielu innych!<\/p>\n\n\n\n<h2 class=\"wp-block-heading\">Mi\u0119dzynarodowy obw\u00f3d Bahrajnu<\/h2>\n\n\n\n<p><em>Gate 255, Gulf of Bahrain Avenue, Umm Jidar 1062, Sakhir, Bahrajn<\/em><\/p>\n\n\n\n<p>Bahrain International Circuit (BIC) to najnowocze\u015bniejszy obiekt do sport\u00f3w motorowych po\u0142o\u017cony w sercu pustyni Sakhir. Tor zosta\u0142 zaprojektowany przez znanego niemieckiego in\u017cyniera Hermanna Tilke i zawiera wiele lokalnych element\u00f3w kulturowych.<\/p>\n\n\n\n<p>Zbudowanie ca\u0142ego obiektu zaj\u0119\u0142o mniej ni\u017c 18 miesi\u0119cy. Koszt budowy wyni\u00f3s\u0142 oko\u0142o 150 milion\u00f3w dolar\u00f3w, a sam teren wymaga\u0142 znacznych nak\u0142ad\u00f3w na zagospodarowanie.<\/p>\n\n\n\n<p>BIC ma wi\u0119cej certyfikowanych przez FIA uk\u0142ad\u00f3w tor\u00f3w ni\u017c jakikolwiek inny obiekt na \u015bwiecie. Dzi\u0119ki temu tor mo\u017ce pomie\u015bci\u0107 wiele wydarze\u0144 wy\u015bcigowych. Tor Grand Prix o d\u0142ugo\u015bci 5412 metr\u00f3w cz\u0119sto organizuje zawody mi\u0119dzynarodowe, takie jak Grand Prix Formu\u0142y 1 Gulf Air Bahrain, FIA World Endurance Championship Six Hours of Bahrain, wy\u015bcigi GP2 Series i Porsche Mobil 1 Supercup.<\/p>\n\n\n\n<h2 class=\"wp-block-heading\">Powaga<\/h2>\n\n\n\n<p><em>Budynek 234, Avenue 62, Zallaq 1058 Bahrajn<\/em><\/p>\n\n\n\n<p>Pierwszy skok spadochronowy w Bahrajnie.<\/p>\n\n\n\n<p>Wra\u017ceniu swobodnego spadania w jednym z najwy\u017cszych tuneli aerodynamicznych, zbudowanym z hartowanego szk\u0142a i mierz\u0105cym 12 metr\u00f3w wysoko\u015bci, nie spos\u00f3b si\u0119 oprze\u0107.<\/p>\n\n\n\n<p>Wskocz tak, jakby\u015b skaka\u0142 z samolotu, ale bez spadochronu i nawet bez wsiadania do samolotu! Ka\u017cdy mo\u017ce cieszy\u0107 si\u0119 tym do\u015bwiadczeniem lotu cia\u0142em, z wyj\u0105tkiem tych, kt\u00f3rzy nie chc\u0105 wyruszy\u0107 w podr\u00f3\u017c zmieniaj\u0105c\u0105 \u017cycie.<\/p>\n\n\n\n<p>Gwarantujemy, \u017ce prze\u017cyj\u0105 Pa\u0144stwo niesamowite i niezwyk\u0142e prze\u017cycia.<\/p>\n\n\n\n<h2 class=\"wp-block-heading\">Wyspy Dar<\/h2>\n\n\n\n<p><em>1005 Port rybacki Sitra, Sitra, Kr\u00f3lestwo Bahrajnu<\/em><\/p>\n\n\n\n<p>Kurort pla\u017cowy Al Dar Island oferuje regularne wycieczki i rejsy po per\u0142y na wysp\u0119 Jarada, gdzie mo\u017cesz opala\u0107 si\u0119 samotnie na cyplu z bia\u0142ego piasku i dryfowa\u0107 w jej krystalicznie czystych wodach. Opr\u00f3cz pere\u0142 mo\u017cna zaobserwowa\u0107 do 30 gatunk\u00f3w koralowc\u00f3w i ponad 200 gatunk\u00f3w ryb. Obserwowanie delfin\u00f3w w\u015br\u00f3d pobliskich raf koralowych to kolejna ulubiona aktywno\u015b\u0107, a najlepsze pory na ich dostrze\u017cenie to wsch\u00f3d lub zach\u00f3d s\u0142o\u0144ca.<\/p>\n\n\n\n<p>Jednodniowa wycieczka na rafy per\u0142owe jest ca\u0142kiem przyjemna. Wybierz si\u0119 na wycieczk\u0119 dhow, aby prze\u017cy\u0107 bardziej autentyczne do\u015bwiadczenie. Mo\u017cesz zam\u00f3wi\u0107 arabsk\u0105 kuchni\u0119, a nurkowie po\u0142awiaj\u0105cy per\u0142y opowiedz\u0105 Ci morskie opowie\u015bci.<\/p>\n\n\n\n<p>Mi\u0142o\u015bnicy dzikiej przyrody musz\u0105 odby\u0107 45-minutow\u0105 podr\u00f3\u017c promem z Al Dur Jetty na wysp\u0119 Hawar. Wyspy Hawar s\u0105 uwa\u017cane za mi\u0119dzynarodowy rezerwat przyrody i oferuj\u0105 czyst\u0105 pla\u017c\u0119 oraz mo\u017cliwo\u015b\u0107 obserwacji delfin\u00f3w i rzadkich ptak\u00f3w ze wzgl\u0119du na ich po\u0142o\u017cenie w centrum trasy migracji.<\/p>\n\n\n\n<h2 class=\"wp-block-heading\">Wyspy Hawar<\/h2>\n\n\n\n<p><em>Wyspy Hawar<\/em><\/p>\n\n\n\n<p>Bahrajn kontroluje wyspy Hawar, archipelag pustynnych wysp w Zatoce Bahrajnu w Zatoce Perskiej. Mi\u0142o\u015bnicy dzikiej przyrody musz\u0105 odby\u0107 45-minutow\u0105 podr\u00f3\u017c promem z Al Dar Jetty na wysp\u0119 Hawar.<\/p>\n\n\n\n<p>Wyspy Hawar uwa\u017cane s\u0105 za rezerwat przyrody o znaczeniu mi\u0119dzynarodowym, oferuj\u0105cy dziewicze pla\u017ce i mo\u017cliwo\u015b\u0107 obserwowania delfin\u00f3w i rzadkich gatunk\u00f3w na trasie ich migracji.<\/p>\n\n\n\n<h2 class=\"wp-block-heading\">Karting (BIKC)<\/h2>\n\n\n\n<p><em>Brama 255, Aleja Zatoki Bahrajnu, Umm Jidar 1062<\/em><\/p>\n\n\n\n<p>Bahrain International Karting Circuit (BIKC) to najnowocze\u015bniejszy, \u015bwiatowej klasy obiekt, kt\u00f3ry obs\u0142uguje poziom oddolny sport\u00f3w motorowych. W BIKC kierowcy jutra po raz pierwszy poczuj\u0105 prawdziw\u0105 wy\u015bcigow\u0105 ekstaz\u0119. BIKC spe\u0142nia najwy\u017csze mi\u0119dzynarodowe specyfikacje. Jest w stanie go\u015bci\u0107 mistrzostwa \u015bwiata Commission Internationale de Karting-F\u00e9d\u00e9ration Internationale de l&#039;Automobile (CIK-FIA). W 2012 r. BIKC sta\u0142 si\u0119 pierwszym torem kartingowym na \u015bwiecie, kt\u00f3ry go\u015bci\u0142 wydarzenie na poziomie mistrzostw \u015bwiata.<\/p>\n\n\n\n<p>Tor CIK ma d\u0142ugo\u015b\u0107 1414 kilometr\u00f3w i 14 zakr\u0119t\u00f3w. Zaplanowano tam Mistrzostwa \u015awiata CIK-FIA U-18 i Puchar Akademii, kt\u00f3re odby\u0142y si\u0119 w Bahrajnie po raz pierwszy w 2012 r., a tak\u017ce ostatnie Mistrzostwa \u015awiata CIK-FIA. BIKC oferuje szereg zaj\u0119\u0107 typu walk-in i team building dla zapalonych karter\u00f3w i korporacji, w tym Grand Prix i Endurance inspirowane Formu\u0142\u0105 1. Tor jest wyposa\u017cony w reflektory o nat\u0119\u017ceniu 200 luks\u00f3w, co pozwala na organizacj\u0119 r\u00f3wnie\u017c wy\u015bcig\u00f3w nocnych.<\/p>\n\n\n\n<h2 class=\"wp-block-heading\">Zaginiony Raj Dilmunu<\/h2>\n\n\n\n<p><em>Brama 255, Aleja Zatoki Bahrajnu, Umm Jidar 1062<\/em><\/p>\n\n\n\n<p>Lost Paradise of Dilmun jest obecnie najwi\u0119kszym parkiem wodnym w Bahrajnie, o \u0142\u0105cznej powierzchni oko\u0142o 77 000 metr\u00f3w kwadratowych, powierzchni zabudowanej oko\u0142o 45 000 metr\u00f3w kwadratowych i oko\u0142o 20 000 metr\u00f3w kwadratowych. Ka\u017cdy element parku jest skoncentrowany na historii okresu Dilmun, co pokazuj\u0105 charakterystyczne kamienne rze\u017aby i architektura parku. Ponad 18 zje\u017cd\u017calni i atrakcji jest perfekcyjnie zintegrowanych, aby stworzy\u0107 pustynn\u0105 oaz\u0119 i wymarzony ogr\u00f3d, z kt\u00f3rego mog\u0105 korzysta\u0107 go\u015bcie.<\/p>\n\n\n\n<h2 class=\"wp-block-heading\">Pla\u017ca Marassi<\/h2>\n\n\n\n<p><em>Miasto Al-Muharraq<\/em><\/p>\n\n\n\n<p>Dwa kilometry bia\u0142ych piaszczystych pla\u017c sk\u0142adaj\u0105 si\u0119 na Marassi Beach, atrakcj\u0119 plenerow\u0105. Jest to pierwszy food truck court w Bahrajnie, kt\u00f3ry serwuje mi\u0119dzynarodowe i lokalne smaki od niezale\u017cnych przedsi\u0119biorc\u00f3w. Opr\u00f3cz placu zabaw dla dzieci i \u015bcie\u017cki dla biegaczy nad wod\u0105, Marassi Beach ma plac zabaw dla dzieci.<\/p>\n\n\n\n<p>Cz\u0119sto og\u0142aszane s\u0105 liczne wydarzenia weekendowe, takie jak targi pop-up, filmy na \u015bwie\u017cym powietrzu i gry dla dzieci. Wszystkie us\u0142ugi i udogodnienia na pla\u017cy Marassi s\u0105 najwy\u017cszej jako\u015bci i czysto\u015bci, a dzienny koszt wst\u0119pu dla doros\u0142ych wynosi BD2. Op\u0142ata ta jest cz\u0119\u015bciowo mo\u017cliwa do wykorzystania na le\u017caki, parasole i r\u0119czniki.<\/p>\n\n\n\n<h2 class=\"wp-block-heading\">Kr\u00f3lewski Klub Golfowy<\/h2>\n\n\n\n<p><em>Autostrada Al Muaskar Riffa, Bahrajn<\/em><\/p>\n\n\n\n<p>Dwa kilometry bia\u0142ych piaszczystych pla\u017c sk\u0142adaj\u0105 si\u0119 na Marassi Beach, atrakcj\u0119 plenerow\u0105. Jest to pierwszy food truck court w Bahrajnie, kt\u00f3ry serwuje mi\u0119dzynarodowe i lokalne smaki od niezale\u017cnych przedsi\u0119biorc\u00f3w. Opr\u00f3cz placu zabaw dla dzieci i \u015bcie\u017cki dla biegaczy nad wod\u0105, Marassi Beach ma plac zabaw dla dzieci.<\/p>\n\n\n\n<p>Cz\u0119sto og\u0142aszane s\u0105 liczne wydarzenia weekendowe, takie jak targi pop-up, filmy na \u015bwie\u017cym powietrzu i gry dla dzieci. Wszystkie us\u0142ugi i udogodnienia na pla\u017cy Marassi s\u0105 najwy\u017cszej jako\u015bci i czysto\u015bci, a dzienny koszt wst\u0119pu dla doros\u0142ych wynosi BD2. Op\u0142ata ta jest cz\u0119\u015bciowo mo\u017cliwa do wykorzystania na le\u017caki, parasole i r\u0119czniki.<\/p>","protected":false},"excerpt":{"rendered":"<p>Wy\u015bcig Formu\u0142y 1 Grand Prix Bahrajnu, odbywaj\u0105cy si\u0119 w kwietniu na torze Bahrain International Circuit, jest najwa\u017cniejszym corocznym wydarzeniem w Bahrajnie. Planuj z wyprzedzeniem, poniewa\u017c bilety s\u0105 wyprzedane, a koszty hoteli gwa\u0142townie wzros\u0142y. Zazwyczaj pierwsze rezerwacje kwalifikuj\u0105 si\u0119 do zni\u017cek w wysoko\u015bci od 10 do 20 procent. W zale\u017cno\u015bci od trybuny bilety kosztuj\u0105 od 150 do 60 BD.<\/p>","protected":false},"author":1,"featured_media":35414,"parent":35335,"menu_order":0,"comment_status":"closed","ping_status":"closed","template":"elementor_theme","meta":{"_eb_attr":"","footnotes":""},"class_list":["post-35412","page","type-page","status-publish","has-post-thumbnail"],"_links":{"self":[{"href":"https:\/\/travelshelper.com\/pl\/wp-json\/wp\/v2\/pages\/35412","targetHints":{"allow":["GET"]}}],"collection":[{"href":"https:\/\/travelshelper.com\/pl\/wp-json\/wp\/v2\/pages"}],"about":[{"href":"https:\/\/travelshelper.com\/pl\/wp-json\/wp\/v2\/types\/page"}],"author":[{"embeddable":true,"href":"https:\/\/travelshelper.com\/pl\/wp-json\/wp\/v2\/users\/1"}],"replies":[{"embeddable":true,"href":"https:\/\/travelshelper.com\/pl\/wp-json\/wp\/v2\/comments?post=35412"}],"version-history":[{"count":0,"href":"https:\/\/travelshelper.com\/pl\/wp-json\/wp\/v2\/pages\/35412\/revisions"}],"up":[{"embeddable":true,"href":"https:\/\/travelshelper.com\/pl\/wp-json\/wp\/v2\/pages\/35335"}],"wp:featuredmedia":[{"embeddable":true,"href":"https:\/\/travelshelper.com\/pl\/wp-json\/wp\/v2\/media\/35414"}],"wp:attachment":[{"href":"https:\/\/travelshelper.com\/pl\/wp-json\/wp\/v2\/media?parent=35412"}],"curies":[{"name":"wp","href":"https:\/\/api.w.org\/{rel}","templated":true}]}}