{"id":35405,"date":"2024-11-30T21:18:48","date_gmt":"2024-11-30T21:18:48","guid":{"rendered":"https:\/\/travelshelper.com\/staging\/?page_id=35405"},"modified":"2026-03-11T02:08:23","modified_gmt":"2026-03-11T02:08:23","slug":"rzeczy-do-zobaczenia-w-bahrajnie","status":"publish","type":"page","link":"https:\/\/travelshelper.com\/pl\/destinations\/asia\/bahrain\/things-to-see-in-bahrain\/","title":{"rendered":"Rzeczy do zobaczenia w Bahrajnie"},"content":{"rendered":"<p>Bahrain is an island nation with a rich history that spans thousands of years, and it offers a unique blend of cultural excursions, entertainment, and recreation. In the region, the first state existed as early as the third millennium BCE. At various times in history, the land belonged to the Sassanid kingdom, the Arab Caliphate, Portugal, and Iran. The nation was under British protectorate for a period of time. All of these historical phases have left their mark on the country\u2019s landscape. Therefore, there are numerous attractions of interest here.<\/p>\n\n\n\n<p>According to numerous archaeologists, the islands once housed the Dilmun state. The Sumerians thought this to be the origin of civilization. Qal\u2019at al-Bahrain is the site where the remnants of this ancient culture are located. Scientists have discovered almost 4,000-year-old streets, temples, stores, and palaces buried beneath numerous cultural strata, including the Portuguese castle. Today, the excavation continues. Today, roughly a fourth of the region is accessible. On top of the hill stands a Portuguese castle called Qal\u2019at al-Burtughal. It dates to the seventeenth century. The fortification is still in pristine condition.<\/p>\n\n\n\n<p>Several regions containing vast necropolises of the Bronze Age Umm Al Nar civilisation are located in the north. These are the greatest ancient necropolises that have survived till the present day. Stone tombs have a diameter of 4.5 to 9 meters and a height of 1-2 meters. Pottery, stone or shell seals, weaponry, and bone artifacts were discovered in the tombs. More than one hundred thousand of these tombs are located on the territory of Bahrain. The Manama Saar Temple and the adjacent tombs are from the same historical period.<\/p>\n\n\n\n<p>Portugalczycy wznie\u015bli r\u00f3wnie\u017c Fort Abu Mahir. Jest to jedna z wielu fortyfikacji chroni\u0105cych szlaki handlu morskiego. Fortyfikacja jest w z\u0142ym stanie. Jednak muzeum jest dost\u0119pne na jej terenie. Opr\u00f3cz historii budowli mo\u017cesz r\u00f3wnie\u017c dowiedzie\u0107 si\u0119 o historii wydobywania pere\u0142 w Bahrajnie.<\/p>\n\n\n\n<p>Shajarat al-Hayat, cz\u0119sto nazywany Drzewem \u017bycia, jest drzewem maj\u0105cym oko\u0142o 400 lat. Zaskakuj\u0105ce jest, \u017ce ro\u015bnie niezale\u017cnie na pustyni. Liczne historie i przypuszczenia zarastaj\u0105 to miejsce. Jest uwa\u017cane za ostatnie drzewo w Ogrodzie Eden. Ponadto zak\u0142ada si\u0119, \u017ce podziemna rzeka od\u017cywia jego korzenie. Drzewo nale\u017cy do podgatunku Mimosa gatunku Prosopis cineraria. Drzewa te mog\u0105 tolerowa\u0107 temperatury do 50 stopni Fahrenheita bez konieczno\u015bci du\u017cej ilo\u015bci wody. Mo\u017ce r\u00f3wnie\u017c przetrwa\u0107 w s\u0142onych glebach. Jego korzenie osi\u0105gaj\u0105 du\u017ce g\u0142\u0119boko\u015bci (dziesi\u0105tki metr\u00f3w) i mog\u0105 wch\u0142on\u0105\u0107 nawet najmniejsze ilo\u015bci wody. Li\u015bcie wch\u0142aniaj\u0105 wilgo\u0107 z otoczenia.<\/p>\n\n\n\n<p>Fort Arad zosta\u0142 zbudowany w XV wieku w celu obrony wyspy Muharraq. Zosta\u0142 zbudowany w stylu arabskich fortyfikacji. Fort jest kwadratowy i zwarty. Na jego czterech rogach znajduj\u0105 si\u0119 wie\u017ce w kszta\u0142cie walca. Fort doskonale nadawa\u0142 si\u0119 do obrony wybrze\u017ca i obserwacji. Niedawno przeprowadzono ogromn\u0105 przebudow\u0119. W nocy historyczne fortyfikacje s\u0105 o\u015bwietlone. To zapieraj\u0105cy dech w piersiach widok. Fort Riffa zosta\u0142 zbudowany w 1812 roku. Niemniej jednak niekt\u00f3rzy archeolodzy datuj\u0105 jego powstanie na XVII wiek. Cytadela by\u0142a domem szejka Salmana bin Ahmeda. Znajdowa\u0142y si\u0119 tam inne agencje rz\u0105dowe. Isa ibn Ali Al Khalifa, jeden z w\u0142adc\u00f3w Bahrajnu, urodzi\u0142 si\u0119 w twierdzy.<\/p>\n\n\n\n<p>Rezydencja Isa ibn Ali Al Khalifa jest doskona\u0142ym przyk\u0142adem rezydencji kr\u00f3lewskiej. Zosta\u0142a zbudowana w klasycznym stylu arabskim. Rezydencja ma system ch\u0142odzenia. Jest to wie\u017ca wiatrowa, kt\u00f3ra dostarcza\u0142a do budynku zimne powietrze. Wie\u017ca by\u0142a wy\u0142\u0105czona na zim\u0119. Wn\u0119trza zdobi\u0105 \u0142uki, drewniane meble, drzwi, sufity i witra\u017ce.<\/p>\n\n\n\n<p>Meczet Al-Fatih nale\u017cy do najwi\u0119kszych na \u015bwiecie. G\u0142\u00f3wna kopu\u0142a jest wykonana z w\u0142\u00f3kna szklanego. To prawdziwe arcydzie\u0142o in\u017cynierii. Konstrukcja jest nowoczesna. Jej budowa zosta\u0142a uko\u0144czona w 1987 roku. Wej\u015bcie jest blokowane w pi\u0105tki (\u015bwi\u0119to muzu\u0142ma\u0144skie) i inne \u015bwi\u0119ta religijne. Meczet Al-Khamis jest najstarsz\u0105 budowl\u0105 religijn\u0105 w kraju. Uwa\u017ca si\u0119, \u017ce pierwszy kamie\u0144 fundamentu \u015bwi\u0105tyni zosta\u0142 po\u0142o\u017cony w VII wieku. Meczet by\u0142 wielokrotnie odnawiany. Najwcze\u015bniejsze jego elementy pochodz\u0105 z XIV wieku. Jako mihrab wykorzystano p\u0142yt\u0119 z XII wieku (nisz\u0119 wskazuj\u0105c\u0105 kierunek, w kt\u00f3rym znajduje si\u0119 Mekka).<\/p>\n\n\n\n<p>Little India to dzielnica w Manamie, kt\u00f3ra bardziej przypomina Delhi ni\u017c stolic\u0119 Bahrajnu. Tutaj znajduje si\u0119 \u015awi\u0105tynia Kryszny. Ma ponad dwie\u015bcie lat. Jest tam wiele zabytkowych drewnianych dom\u00f3w z indyjskiego drewna, sklep\u00f3w z pami\u0105tkami i kawiarni. Miniaturowe kaniony w Al-Bahar s\u0105 naturaln\u0105 atrakcj\u0105. Niesamowicie ukszta\u0142towane z\u0142ote formacje skalne, kt\u00f3re zapewniaj\u0105 zimowe siedlisko dla wielu ptak\u00f3w.<\/p>\n\n\n\n<p>Wahooo jest jednym z najbardziej innowacyjnych i nowoczesnych park\u00f3w wodnych na Bliskim Wschodzie. Jego powierzchnia przekracza 15 000 metr\u00f3w kwadratowych. Dzi\u0119ki grom, przeja\u017cd\u017ckom, zje\u017cd\u017calniom i basenom park wodny przyci\u0105ga miliony ludzi. Styl projektu parku wodnego to \u201esubtropikalny raj\u201d. W jego centrum znajduje si\u0119 zakotwiczony szkuner. To wspania\u0142e miejsce dla os\u00f3b w ka\u017cdym wieku. W parku odbywa si\u0119 30% wydarze\u0144 na \u015bwie\u017cym powietrzu i 70% w pomieszczeniach. Zapewnia to przyjemn\u0105 wizyt\u0119 bez wzgl\u0119du na pogod\u0119. Ponadto, bior\u0105c pod uwag\u0119, \u017ce park wodny znajduje si\u0119 w centrum miasta, go\u015bcie b\u0119d\u0105 mogli spacerowa\u0107 po licznych sklepach. B\u0119dziesz mie\u0107 okazj\u0119 po\u015bwi\u0119ci\u0107 kilka godzin na zakupy lub zje\u015b\u0107 posi\u0142ek w restauracji serwuj\u0105cej dania kuchni regionalnej.<\/p>\n\n\n\n<p>Bird Kingdom of Asia to wyj\u0105tkowo zarz\u0105dzane siedlisko. Mieszka tu ponad siedemdziesi\u0105t gatunk\u00f3w ptak\u00f3w z ca\u0142ego \u015bwiata. Jest tu 500 pracownik\u00f3w. Niekt\u00f3re z tych gatunk\u00f3w s\u0105 zagro\u017cone. Aby pom\u00f3c w ich ochronie, s\u0105 one starannie hodowane i hodowane w niewoli w Bird Kingdom of Asia. Otoczenie zosta\u0142o opracowane nie tylko po to, aby oczarowa\u0107 i zabawia\u0107 ca\u0142\u0105 rodzin\u0119, ale tak\u017ce po to, aby zapewni\u0107 najm\u0142odszym i ich rodzicom edukacyjny rodzaj nauki. W\u0119druj\u0105c przez te labirynty, tury\u015bci b\u0119d\u0105 mogli robi\u0107 pi\u0119kne zdj\u0119cia i do\u015bwiadcza\u0107 wspania\u0142ych emocji.<\/p>\n\n\n\n<h2 class=\"wp-block-heading\">Forty w Bahrajnie<\/h2>\n\n\n\n<h3 class=\"wp-block-heading\">Fort Arad<\/h3>\n\n\n\n<p><em>Fort Arad, droga nr 4233, Arad, Bahrajn<\/em><\/p>\n\n\n\n<p>Fort Arad jest doskona\u0142ym przyk\u0142adem oma\u0144skiej konstrukcji wojskowej z ko\u0144ca XV do pocz\u0105tku XVI wieku. Fort ten odegra\u0142 znacz\u0105c\u0105 rol\u0119 w obronie Bahrajnu przed maruderami na przestrzeni wiek\u00f3w, chocia\u017c nie jest jasne, kiedy zosta\u0142 zbudowany. Fort, kt\u00f3ry zosta\u0142 odrestaurowany w latach 80. XX wieku przy u\u017cyciu wy\u0142\u0105cznie oryginalnych materia\u0142\u00f3w, jest atrakcyjnie o\u015bwietlony noc\u0105 i odbywaj\u0105 si\u0119 w nim okresowe uroczysto\u015bci.<\/p>\n\n\n\n<h3 class=\"wp-block-heading\">Fort i muzeum w Bahrajnie<\/h3>\n\n\n\n<p><em>Obszar Seef Karbabad, gubernatorstwo sto\u0142eczne<\/em><\/p>\n\n\n\n<p>Znajduj\u0105cy si\u0119 w Seef i dawniej znany jako Portugal Port, Bahrain Fort lub \u201eQal&#039;at al-Bahrain\u201d ma powierzchni\u0119 180 000 st\u00f3p kwadratowych. Od 2300 p.n.e. do XVI wieku fort by\u0142 zamieszkany. Fort znajdowa\u0142 si\u0119 w stolicy cywilizacji Dilmun i zosta\u0142 nazwany na cze\u015b\u0107 Qal&#039;at al-Burtughal.<\/p>\n\n\n\n<p>Wykopaliska w forcie ujawniaj\u0105, \u017ce pe\u0142ni\u0142 on funkcje mieszkalne, publiczne, handlowe, religijne i wojskowe. Wykopaliska archeologiczne ujawni\u0142y kilka narz\u0119dzi i artefakt\u00f3w, w tym piecz\u0119cie Dilmun Stamp, sprz\u0119t rybacki oraz naczynia do gotowania i transportu \u017cywno\u015bci z Omanu i Mezopotamii. Fort Bahrajnu, jeden z trzech obiekt\u00f3w \u015bwiatowego dziedzictwa UNESCO w Bahrajnie, to imponuj\u0105cy budynek, kt\u00f3ry honoruje g\u0142\u0119boko zakorzenion\u0105 histori\u0119 Bahrajnu.<\/p>\n\n\n\n<h3 class=\"wp-block-heading\">Fort Szejka Salmana Bin Ahmeda Al Fateha<\/h3>\n\n\n\n<p><em>Fort Sheikh Salman Bin Ahmed Al Fateh, droga nr 368, Riffa<\/em><\/p>\n\n\n\n<p>Ze wzgl\u0119du na swoje po\u0142o\u017cenie w Riffie, fort Sheikh Salman bin Ahmed Al-Fateh jest r\u00f3wnie\u017c znany jako fort Riffa. To historyczne miejsce jest \u015bwiadkiem jednego z najwa\u017cniejszych moment\u00f3w w historii Bahrajnu; Al Khalifas, panuj\u0105ca rodzina Bahrajnu, zosta\u0142a upami\u0119tniona w jego wspania\u0142ej architekturze.<\/p>\n\n\n\n<p>Poznaj rodzin\u0119 Al Khalifa dzi\u0119ki starannie dobranym wystawom prezentuj\u0105cym ich drzewo genealogiczne, przedmioty osobiste i ulubione rozrywki. Ponadto fort zawiera kawiarni\u0119 Saffron Caf\u00e9 z widokiem na malownicz\u0105 dolin\u0119 Al-Haniniya.<\/p>\n\n\n\n<h2 class=\"wp-block-heading\">Muzea w Bahrajnie<\/h2>\n\n\n\n<h3 class=\"wp-block-heading\">Muzeum Narodowe Bahrajnu<\/h3>\n\n\n\n<p>15 grudnia 1988 r. Muzeum Narodowe Bahrajnu zosta\u0142o zainaugurowane przez zmar\u0142ego emira, HH Shaikha Is\u0119 Bin Salmana Al-Khalif\u0119. Uwa\u017cano je za jedno z najbardziej presti\u017cowych muze\u00f3w tego typu w regionie Zatoki Perskiej. Muzeum Narodowe Bahrajnu jest obecnie jednym z najwa\u017cniejszych zabytk\u00f3w kultury wyspy.<\/p>\n\n\n\n<p>Wyj\u0105tkowy budynek, pomy\u015blany i zaprojektowany przez Krohn i Hartvig Rasmussen, ma zewn\u0119trzn\u0105 cz\u0119\u015b\u0107 z bia\u0142ego marmuru trawertynowego i jest strategicznie umiejscowiony na sztucznym p\u00f3\u0142wyspie z widokiem na wysp\u0119 Muharraq. Kompleks muzealny sk\u0142ada si\u0119 z dw\u00f3ch po\u0142\u0105czonych budynk\u00f3w o \u0142\u0105cznej powierzchni u\u017cytkowej oko\u0142o 20 000 metr\u00f3w kwadratowych. G\u0142\u00f3wna struktura zawiera sta\u0142\u0105 powierzchni\u0119 wystawow\u0105, tymczasowe sale wystawowe, galeri\u0119 sztuki, audytorium, kawiarni\u0119 i sklep z pami\u0105tkami. Budynek administracyjny mie\u015bci biura administracyjne, pracownie badawcze kuratorskie, laboratoria konserwatorskie, konstrukcj\u0119 wystawiennicz\u0105 i obszary przechowywania zbior\u00f3w.<\/p>\n\n\n\n<p>6000 lat historii Bahrajnu zosta\u0142o zachowanych w muzeum. Halls of Graves, Dilmun, Tylos i Islam, Customs and Traditions, Traditional Trades and Crafts oraz Documents and Manuscripts o\u017cywiaj\u0105 histori\u0119 Bahrajnu. Wielkie foyer zapewnia wej\u015bcie do sal wystawowych na parterze i pierwszym pi\u0119trze, kt\u00f3re znajduj\u0105 si\u0119 na parterze i pierwszym pi\u0119trze. Foyer to ogromna dramatyczna przestrze\u0144 podkre\u015blona naturalnymi snopami \u015bwiat\u0142a i prezentuje wystaw\u0119 \u201eInvesting in Culture\u201d.<\/p>\n\n\n\n<h2 class=\"wp-block-heading\">Meczety w Bahrajnie<\/h2>\n\n\n\n<h3 class=\"wp-block-heading\">Wielki Meczet Al Fateh<\/h3>\n\n\n\n<p><em>Wielki Meczet Al Fateh, r\u00f3g Awal Avenue, autostrada Al Fatih<\/em><\/p>\n\n\n\n<p>Al Fateh Grand Mosque jest najwi\u0119kszym meczetem w Bahrajnie i jednym z najwi\u0119kszych na \u015bwiecie. Zosta\u0142 zbudowany w 1987 roku pod patronatem zmar\u0142ego szejka Isa bin Salmana Al Khalifa i otrzyma\u0142 nazw\u0119 Ahmed Al Fateh. Meczet mo\u017ce pomie\u015bci\u0107 do 7000 wiernych i zwie\u0144czony jest najwi\u0119ksz\u0105 na \u015bwiecie kopu\u0142\u0105 z w\u0142\u00f3kna szklanego. Jego \u015bciany s\u0105 wykwintnie zdobione kaligrafi\u0105 kufick\u0105.<\/p>\n\n\n\n<h3 class=\"wp-block-heading\">Meczet Al Khamis<\/h3>\n\n\n\n<p><em>Bilad Al Qadim, autostrada Szejka Salmana<\/em><\/p>\n\n\n\n<p>Meczet Al Khamis, zbudowany w 692 r. n.e., jest jednym z najwcze\u015bniejszych meczet\u00f3w w \u015bwiecie arabskim. Przebudowany w XIV i XV wieku, jego fundamenty si\u0119gaj\u0105 XI wieku.<\/p>\n\n\n\n<p>Podczas prac renowacyjnych do historycznej budowli islamskiej dobudowano bli\u017aniacze minarety, dzi\u0119ki czemu sta\u0142a si\u0119 ona natychmiast rozpoznawalna.<\/p>\n\n\n\n<h3 class=\"wp-block-heading\">Przyn\u0119ta al-Koran<\/h3>\n\n\n\n<p><em>Budynek nr 17, droga nr 1901, teren dyplomatyczny, Manama.<\/em><\/p>\n\n\n\n<p>To presti\u017cowe muzeum mie\u015bci du\u017c\u0105 kolekcj\u0119 r\u0119kopis\u00f3w i pism Koranu pochodz\u0105cych z VII wieku w budynku ozdobionym arabskim pismem. Istnieje kilka kopii Koranu, kt\u00f3re same w sobie s\u0105 dzie\u0142ami sztuki. Niekt\u00f3re mniejsze kopie s\u0105 na tyle ma\u0142e, \u017ce mieszcz\u0105 si\u0119 na d\u0142oni, a frazy Koranu zosta\u0142y nawet wyryte na ziarnach ry\u017cu. Opr\u00f3cz znacz\u0105cej kolekcji historycznej, przestrze\u0144 wystawowa Bait al Quran cz\u0119sto organizuje r\u00f3\u017cnorodne wystawy sztuki, a tak\u017ce ma\u0142y meczet, znakomit\u0105 bibliotek\u0119 i miejsce do nauki islamu.<\/p>\n\n\n\n<h2 class=\"wp-block-heading\">Parki w Bahrajnie<\/h2>\n\n\n\n<p>Bahrajn to nowe do\u015bwiadczenie dla spo\u0142eczno\u015bci globalnej. Okre\u015blenie \u201ekraina kontrast\u00f3w\u201d mo\u017ce by\u0107 nadu\u017cywane. Jednak podr\u00f3\u017cnicy postrzegaj\u0105 ten kraj jako wyj\u0105tkow\u0105 per\u0142\u0119 w centrum ocean\u00f3w. Na tle ponurego ksi\u0119\u017cycowego otoczenia, bardziej sprzyjaj\u0105cego wy\u015bcigom wielb\u0142\u0105d\u00f3w ni\u017c dobrze dostrojonym samochodom wype\u0142nionym najnowocze\u015bniejsz\u0105 technologi\u0105, spektakularny projekt krajobrazu jest si\u0142\u0105 architektoniczn\u0105. Kraj ma powierzchni\u0119 700 kilometr\u00f3w kwadratowych. Ma oko\u0142o 161 kilometr\u00f3w wybrze\u017ca. Najwi\u0119ksze wyspy to Muharraq, Sitrah, Umm a Nasan i Hawar Group.<\/p>\n\n\n\n<p>Bahrajn jest cz\u0119sto nazywany \u201eBram\u0105 do Zatoki Perskiej\u201d, co wida\u0107 po r\u00f3\u017cnorodno\u015bci i tolerancji ludno\u015bci. Oficjalnym j\u0119zykiem jest tutaj arabski. Jednak angielski jest cz\u0119sto u\u017cywany w biznesie i jest wymagany w szko\u0142ach. Ze wzgl\u0119du na du\u017c\u0105 liczb\u0119 ekspatriant\u00f3w mieszkaj\u0105cych w Bahrajnie, inne j\u0119zyki, takie jak perski i urdu, s\u0105 u\u017cywane zar\u00f3wno na tradycyjnych, jak i nowoczesnych rynkach. Geolodzy odkryli rop\u0119 naftow\u0105 w 1932 roku. By\u0142o to pierwsze odkrycie \u201eczarnego z\u0142ota\u201d po arabskiej stronie Zatoki Perskiej.<\/p>\n\n\n\n<p>Dawno temu ta male\u0144ka wyspa by\u0142a bujnym, \u017cyznym, zielonym sanktuarium. Podstaw\u0105 narodu by\u0142o bogactwo \u017ar\u00f3de\u0142, z kt\u00f3rych kilka nadal istnieje na terenie staro\u017cytnej cywilizacji Dilmun, s\u0142yn\u0105cej z produkt\u00f3w ro\u015blinnych i rolniczej wiedzy fachowej. Urbanizacja i rekultywacja grunt\u00f3w przez wiele pokole\u0144 sprawi\u0142y, \u017ce kraj sta\u0142 si\u0119 coraz bardziej podobny do s\u0105siad\u00f3w z Zatoki Perskiej: suchy, nienadaj\u0105cy si\u0119 do produkcji wi\u0119kszo\u015bci upraw rolnych.<\/p>\n\n\n\n<p>Park Ksi\u0119cia Khalify Bin Salmana jest wspania\u0142y. Na jego terenie znajduje si\u0119 jezioro, \u015bcie\u017cki, restauracje, centra handlowe, prywatne przestrzenie rekreacyjne i mn\u00f3stwo ro\u015blinno\u015bci. Ten park o powierzchni 80 tysi\u0119cy metr\u00f3w kwadratowych zosta\u0142 stworzony za oko\u0142o sze\u015b\u0107 milion\u00f3w dinar\u00f3w. Jest to jeden z najwi\u0119kszych park\u00f3w w Bahrajnie. W parku mo\u017cna r\u00f3wnie\u017c wypo\u017cyczy\u0107 \u0142y\u017cwy, rowery wodne i rowery. Udogodnienia na miejscu obejmuj\u0105 plac zabaw, przeja\u017cd\u017cki i pok\u00f3j gier z hokejem powietrznym. Mo\u017cna zje\u015b\u0107 w Chai &amp; Chapati lub restauracji Koffiatto w wie\u017cy z 360-stopniowym widokiem na jezioro.<\/p>\n\n\n\n<p>Lata w Bahrajnie s\u0105 szczeg\u00f3lnie gor\u0105ce. Temperatury zim\u0105 rzadko spadaj\u0105 poni\u017cej 17 stopni Celsjusza. Tutaj nie pada cz\u0119sto. Pada g\u0142\u00f3wnie zim\u0105. W tym regionie jest niewiele \u017cyznych gleb. Tylko 8% powierzchni kraju jest wykorzystywane w celach rolniczych. Wyst\u0119puje tu r\u00f3wnie\u017c problem s\u0142odkiej wody. Ro\u015blinno\u015b\u0107 i \u017cycie na wyspach nie s\u0105 szczeg\u00f3lnie bogate. Wyst\u0119puje tu 195 gatunk\u00f3w ro\u015blin, 17 gatunk\u00f3w ssak\u00f3w, 14 gatunk\u00f3w gad\u00f3w i jeden gatunek p\u0142az\u00f3w. Zim\u0119 sp\u0119dza tu wiele ptak\u00f3w w\u0119drownych. Niekt\u00f3re gatunki ptak\u00f3w gniazduj\u0105 na wyspach. Liczne gatunki ro\u015blin z Bahrajnu s\u0105 dobrze przystosowane do gleb pustynnych i s\u0142onych. Potrafi\u0105 pobiera\u0107 wod\u0119 z ogromnych g\u0142\u0119boko\u015bci i wch\u0142ania\u0107 wilgo\u0107 z atmosfery. Na wyspach \u017cyje niewiele ogromnych zwierz\u0105t. W\u015br\u00f3d nich jest gazela piaskowa. Mo\u017cna tu r\u00f3wnie\u017c spotka\u0107 je\u017cowce, zaj\u0105ce arabskie i mangusty indyjskie. Pustynie s\u0105 domem dla wielu gatunk\u00f3w nietoperzy.<\/p>\n\n\n\n<p>Bahrajn jest jednym z niewielu pa\u0144stw Zatoki Perskiej, kt\u00f3re zajmuj\u0105 si\u0119 ochron\u0105 \u015brodowiska. Al Areen Wildlife Park zosta\u0142 za\u0142o\u017cony w 1976 r. w celu ochrony unikalnej bior\u00f3\u017cnorodno\u015bci regionu. Opr\u00f3cz rodzimych ro\u015blin i zwierz\u0105t Bahrajnu, wyst\u0119puj\u0105 tam r\u00f3wnie\u017c przedstawiciele fauny Afryki i Azji. W parku \u017cyje ponad 100 000 gatunk\u00f3w ro\u015blin, 45 gatunk\u00f3w zwierz\u0105t i 82 gatunki ptak\u00f3w. Liczne gatunki s\u0105 zagro\u017cone. Na li\u015bcie tej znajduj\u0105 si\u0119 oryks arabski, gepard po\u0142udniowoafryka\u0144ski, jaszczurka stepowa, gazela perska, springbok i afryka\u0144ski dziki pies. Polityka parku stawia na pierwszym miejscu ochron\u0119 unikalnych gatunk\u00f3w, rekreacj\u0119 zagro\u017conych populacji zwierz\u0105t i rozmna\u017canie zwierz\u0105t w niewoli. Cz\u0119\u015b\u0107 parku jest otwarta dla publiczno\u015bci. Co roku odwiedza go oko\u0142o 200 000 go\u015bci. Teren rekreacyjny jest niedost\u0119pny dla publiczno\u015bci. Odwiedzaj\u0105 go weterynarze, personel parku i r\u00f3\u017cnorodni specjali\u015bci.<\/p>\n\n\n\n<p>Zatoka Tubli znajduje si\u0119 mi\u0119dzy wyspami Bahrajn i Sitrah we wschodniej cz\u0119\u015bci kraju. Tutaj znajduje si\u0119 wyspa Nabih Saleh. Zatoka s\u0142ynie z bogatego \u017cycia morskiego i populacji ptak\u00f3w. Jej brzegi s\u0105 wy\u0142o\u017cone namorzynami. Zatoka zapewnia tarlisko dla wielu gatunk\u00f3w ryb i krewetek. Zimuje tu kilka gatunk\u00f3w ptak\u00f3w. Ze wzgl\u0119du na zanieczyszczenie i szkodliwe skutki dzia\u0142alno\u015bci przemys\u0142u, wielko\u015b\u0107 rezerwatu drastycznie si\u0119 zmniejszy\u0142a. Jednak od 1997 r. podejmowane s\u0105 wysi\u0142ki w celu zachowania charakterystycznego ekosystemu regionu.<\/p>\n\n\n\n<p>W Zatoce Perskiej znajduje si\u0119 archipelag Hawar. Wyspy s\u0105 prawie wyludnione. Kiedy\u015b obszar ten zamieszkiwa\u0142o plemi\u0119 Beduin\u00f3w. Dzi\u015b jednak ich wioski s\u0105 opuszczone. Na wyspach pozosta\u0142 tylko posterunek policji i hotel. Wymagane jest specjalne zezwolenie na po\u0142\u00f3w ryb. Wyspy s\u0105 domem dla kilku gatunk\u00f3w ptak\u00f3w. Tutaj l\u0119gnie si\u0119 rzadki gatunek kormorana. Na wyspach zim\u0119 sp\u0119dza ponad sze\u015b\u0107dziesi\u0105t gatunk\u00f3w ptak\u00f3w w\u0119drownych. Ptaki te migruj\u0105 na tereny l\u0119gowe wiosn\u0105. Ptaki l\u0119gowe wracaj\u0105 do gniazd. Tutaj mo\u017cna znale\u017a\u0107 wyj\u0105tkowe stworzenia, w tym oryksa arabskiego i gazel\u0119 pustynn\u0105. W pobli\u017cu wysp w wodzie \u017cyje znaczna kolonia diugonii. Od 1997 r. terytorium znajduje si\u0119 pod ochron\u0105 pa\u0144stwa.<\/p>\n\n\n\n<p>Arab Bay to obszar chroniony. Zosta\u0142 niedawno utworzony na wyspie Muharraq w pobli\u017cu miasta Arad. Jego celem jest ochrona unikalnego ekosystemu morskiego regionu. Zazwyczaj w wodach w pobli\u017cu Bahrajnu \u017cyj\u0105 delfiny i mor\u015bwiny. Tutaj jest mniejsze prawdopodobie\u0144stwo spotkania wieloryb\u00f3w i orek. Diugonie (krowy morskie) s\u0105 cz\u0119sto obserwowane w obszarach przybrze\u017cnych. S\u0105 to najbardziej osobliwe ssaki morskie. W wodach Zatoki Perskiej \u017cyje oko\u0142o 700 gatunk\u00f3w ryb. Ponad 80 procent z nich zamieszkuje rafy, zw\u0142aszcza koralowce. W Zatoce Perskiej \u017cyje trzydzie\u015bci gatunk\u00f3w rekin\u00f3w. 16 jest uznawanych za zagro\u017cone. W wodach Bahrajnu odkryto wi\u0119cej ostryg per\u0142owych ni\u017c gdziekolwiek indziej. Dlatego wydobycie pere\u0142 jest bardzo rozpowszechnione w tym regionie.<\/p>\n\n\n\n<p>Wyspa Umm a Nasan jest w\u0142asno\u015bci\u0105 Korony. Obszar ten jest niedost\u0119pny dla zwyk\u0142ych ludzi. Na wyspie \u017cyje niewielka populacja k\u00f3z o rogach \u015brubowych. Ma\u0142a spo\u0142eczno\u015b\u0107 znajduje si\u0119 na zachodnim brzegu. Mieszka tu wiele rodzin nomad\u00f3w. Opiekuj\u0105 si\u0119 one jeleniami i gazelami zamieszkuj\u0105cymi wysp\u0119. W ostatnich latach dzia\u0142alno\u015b\u0107 zak\u0142ad\u00f3w przemys\u0142owych i odsalania wody mia\u0142a znaczny negatywny wp\u0142yw na gatunki morskie u wybrze\u017cy. Rz\u0105d podejmuje kroki w celu zachowania wyj\u0105tkowego charakteru wysp i przybrze\u017cnych dr\u00f3g wodnych.<\/p>","protected":false},"excerpt":{"rendered":"<p>Bahrain is an island nation with a rich history that spans thousands of years, and it offers a unique blend of cultural excursions, entertainment, and recreation. In the region, the first state existed as early as the third millennium BCE. At various times in history, the land belonged to the Sassanid kingdom, the Arab Caliphate, Portugal, and Iran. The nation was under British protectorate for a period of time. All of these historical phases have left their mark on the country\u2019s landscape. Therefore, there are numerous attractions of interest here.<\/p>","protected":false},"author":1,"featured_media":35408,"parent":35335,"menu_order":0,"comment_status":"closed","ping_status":"closed","template":"elementor_theme","meta":{"_eb_attr":"","footnotes":""},"class_list":["post-35405","page","type-page","status-publish","has-post-thumbnail"],"_links":{"self":[{"href":"https:\/\/travelshelper.com\/pl\/wp-json\/wp\/v2\/pages\/35405","targetHints":{"allow":["GET"]}}],"collection":[{"href":"https:\/\/travelshelper.com\/pl\/wp-json\/wp\/v2\/pages"}],"about":[{"href":"https:\/\/travelshelper.com\/pl\/wp-json\/wp\/v2\/types\/page"}],"author":[{"embeddable":true,"href":"https:\/\/travelshelper.com\/pl\/wp-json\/wp\/v2\/users\/1"}],"replies":[{"embeddable":true,"href":"https:\/\/travelshelper.com\/pl\/wp-json\/wp\/v2\/comments?post=35405"}],"version-history":[{"count":0,"href":"https:\/\/travelshelper.com\/pl\/wp-json\/wp\/v2\/pages\/35405\/revisions"}],"up":[{"embeddable":true,"href":"https:\/\/travelshelper.com\/pl\/wp-json\/wp\/v2\/pages\/35335"}],"wp:featuredmedia":[{"embeddable":true,"href":"https:\/\/travelshelper.com\/pl\/wp-json\/wp\/v2\/media\/35408"}],"wp:attachment":[{"href":"https:\/\/travelshelper.com\/pl\/wp-json\/wp\/v2\/media?parent=35405"}],"curies":[{"name":"wp","href":"https:\/\/api.w.org\/{rel}","templated":true}]}}