{"id":17417,"date":"2024-09-26T13:27:29","date_gmt":"2024-09-26T13:27:29","guid":{"rendered":"https:\/\/travelshelper.com\/staging\/?page_id=17417"},"modified":"2026-03-13T23:34:55","modified_gmt":"2026-03-13T23:34:55","slug":"wody-swietego-piotra","status":"publish","type":"page","link":"https:\/\/travelshelper.com\/pl\/destinations\/south-america\/brazil\/aguas-de-sao-pedro\/","title":{"rendered":"Wody \u015awi\u0119tego Piotra"},"content":{"rendered":"<p>Cho\u0107 rozci\u0105ga si\u0119 na powierzchni zaledwie 3,61 km\u00b2 \u2014 co czyni j\u0105 drug\u0105 najmniejsz\u0105 gmin\u0105 w Brazylii pod wzgl\u0119dem powierzchni \u2014 \u00c1guas de S\u00e3o Pedro ma ci\u0119\u017car miejsca znacznie wi\u0119kszego, ni\u017c sugeruj\u0105 jego granice. Schowana w pag\u00f3rkowatym pa\u015bmie Itaqueri, oko\u0142o 184 kilometr\u00f3w na p\u00f3\u0142nocny zach\u00f3d od miasta S\u00e3o Paulo, wydaje si\u0119 jednocze\u015bnie intymna i kompletna, jakby wzg\u00f3rza i \u017ar\u00f3d\u0142a sprzysi\u0119g\u0142y si\u0119, aby ukszta\u0142towa\u0107 spo\u0142eczno\u015b\u0107 precyzyjnie dostosowan\u0105 zar\u00f3wno do natury, jak i ludzkich potrzeb. Z zaledwie 3521 mieszka\u0144cami zarejestrowanymi w 2020 roku, ta male\u0144ka enklawa pulsuje \u017cyciem zdefiniowanym przez wody termalne, zielone parki i cich\u0105 pewno\u015b\u0107 siebie zrodzon\u0105 ze starannego planowania.<\/p>\n<p>\u201e\u00c1guas de S\u00e3o Pedro\u201d \u2014 dos\u0142ownie \u201eWody \u015awi\u0119tego Piotra\u201d \u2014 przemawiaj\u0105 bezpo\u015brednio do istoty miasta. Tutaj ka\u017cda fontanna, \u0142a\u017ania i plac publiczny zdaj\u0105 si\u0119 kiwa\u0107 g\u0142ow\u0105 w stron\u0119 wi\u0119zi mi\u0119dzy tym, co \u015bwi\u0119te, a tym, co ziemskie. \u015awi\u0119ty Piotr, tradycyjnie stra\u017cnik kluczy do nieba, u\u017cyczy\u0142 swojego imienia wodom, kt\u00f3re mia\u0142y przynie\u015b\u0107 zar\u00f3wno ulg\u0119 fizyczn\u0105, jak i wewn\u0119trzny spok\u00f3j. Jednak tytu\u0142 wskazuje r\u00f3wnie\u017c na bliskie pokrewie\u0144stwo miasta z jego wi\u0119kszym s\u0105siadem, gmin\u0105 S\u00e3o Pedro, kt\u00f3ra kiedy\u015b ro\u015bci\u0142a sobie prawa do tych \u017ar\u00f3de\u0142, zanim zosta\u0142y wyodr\u0119bnione jako spo\u0142eczno\u015b\u0107 planowa w latach 40. XX wieku.<\/p>\n<p>Nazwa \u201eItaqueri\u201d, zapo\u017cyczona z j\u0119zyka Tupi-Guaran\u00ed i oznaczaj\u0105ca \u201ele\u017c\u0105cy kamie\u0144\u201d, przywo\u0142uje powolne, cierpliwe rze\u017abienie szczyt\u00f3w wzg\u00f3rz, kt\u00f3re ko\u0142ysz\u0105 \u00c1guas de S\u00e3o Pedro. Otoczona ze wszystkich stron przez S\u00e3o Pedro, ta enklawa wydaje si\u0119 zar\u00f3wno os\u0142oni\u0119ta, jak i wyj\u0105tkowa \u2014 jest jedn\u0105 z zaledwie czterech takich miejskich kieszeni w Brazylii. Jej cztery dzielnice \u2014 Jardim Jerubia\u00e7aba na p\u00f3\u0142nocnym wschodzie, Jardim Iporanga na wschodzie, Centro w sercu i Jardim Porangaba na po\u0142udniu \u2014 nosz\u0105 nazwy Tupi-Guaran\u00ed, kt\u00f3re przywo\u0142uj\u0105 lojalno\u015b\u0107, rzeki i szerokie perspektywy. Mo\u017cesz wyj\u015b\u0107 z zacienionej ulicy mieszkalnej na niespodziewany otwarty plac Centro, gdzie cisza pobliskich fontann sprawia, \u017ce \u200b\u200bnawet po\u0142udnie pozostaje w mi\u0119kkim skupieniu.<\/p>\n<p>Przy \u015bredniej rocznej temperaturze 22,4 \u00b0C (72,3 \u00b0F) powietrze tutaj utrzymuje wystarczaj\u0105co du\u017co ciep\u0142a, aby wywabi\u0107 p\u0105ki i ptaki w\u0119drowne, jednocze\u015bnie nigdy nie zatrzymuj\u0105c si\u0119 zbyt d\u0142ugo w letnim blasku. Du\u017ce zalesione obszary przeplataj\u0105 si\u0119 przez miasto, \u015bwiadomy wyb\u00f3r, kt\u00f3ry wi\u0105\u017ce ludzki \u015blad z rodzim\u0105 flor\u0105. Te zielone arterie prowadz\u0105 do dw\u00f3ch g\u0142\u00f3wnych park\u00f3w i kompaktowego ogrodu miejskiego \u2014 ka\u017cdy z nich to przestrze\u0144 do oddychania, w kt\u00f3rej miejscowi spaceruj\u0105, biegaj\u0105 lub odchylaj\u0105 si\u0119 do ty\u0142u, aby ogl\u0105da\u0107 koati przemykaj\u0105ce przez \u015bci\u00f3\u0142k\u0119 z li\u015bci.<\/p>\n<p>W parku Dr. Octavio Moura Andrade, ponad milion metr\u00f3w kwadratowych otwiera si\u0119 na szesna\u015bcie oznakowanych szlak\u00f3w rozci\u0105gaj\u0105cych si\u0119 na \u0142\u0105czn\u0105 d\u0142ugo\u015b\u0107 6,5 kilometra. Wzd\u0142u\u017c tras oko\u0142o 250 gatunk\u00f3w ptak\u00f3w przelatuje mi\u0119dzy bromeliami i paprociami; ich odg\u0142osy tworz\u0105 \u015bcie\u017ck\u0119 d\u017awi\u0119kow\u0105 dla weekendowych w\u0119drowc\u00f3w. Zaro\u015bla od czasu do czasu rozst\u0119puj\u0105 si\u0119, ukazuj\u0105c czujne spojrzenie koati, oceniaj\u0105cego go\u015bci, zanim schowa si\u0119 pod pl\u0105tanin\u0105 niskich ga\u0142\u0119zi. Na przeciwleg\u0142ym kra\u0144cu miasta Parque das \u00c1guas \u201eJos\u00e9 Benedito Zani\u201d kompresuje aktywno\u015b\u0107 do 6400 metr\u00f3w kwadratowych, oferuj\u0105c ramp\u0119 do jazdy na deskorolce, kt\u00f3ra brz\u0119czy energi\u0105, drewnian\u0105 \u015bcie\u017ck\u0119 rowerow\u0105 wyznaczaj\u0105c\u0105 jej obw\u00f3d i \u0142awki, na kt\u00f3rych starsi mieszka\u0144cy zbieraj\u0105 si\u0119 po sesji na si\u0142owni na \u015bwie\u017cym powietrzu.<\/p>\n<p>To woda \u2014 siarkowa, bogata w minera\u0142y, niepokoj\u0105ca w g\u0142\u0119bi \u2014 sprawia, \u017ce \u200b\u200b\u00c1guas de S\u00e3o Pedro znajduje si\u0119 na mapie ka\u017cdego podr\u00f3\u017cnika. Stan S\u00e3o Paulo nada\u0142 mu oficjalny status uzdrowiska hydromineralnego, jednego z jedenastu w regionie, uznaj\u0105c terapeutyczn\u0105 reputacj\u0119 jego \u017ar\u00f3de\u0142. Trzy studnie czerpi\u0105 wod\u0119 z g\u0142\u0119bokich szyb\u00f3w:<\/p>\n<ul>\n<li>Fonte Juventude wznosi si\u0119 z 348,59 metr\u00f3w poni\u017cej, wylewaj\u0105c drug\u0105 najbardziej siarkow\u0105 wod\u0119 na Ziemi i roszcz\u0105c sobie prawo do miana najsilniejszej w obu Amerykach. Odwiedzaj\u0105cy pochylaj\u0105 si\u0119 nad jej ciemnymi, pachn\u0105cymi jajkiem wodami, aby podda\u0107 si\u0119 zabiegom na sk\u00f3r\u0119 i zanurzy\u0107 si\u0119 w gor\u0105cej wodzie, kt\u00f3ra pozostawia delikatny po\u0142ysk wzd\u0142u\u017c por\u00f3w.<\/li>\n<li>Fonte Gioconda, czyli siarczan sodu, jest polecana osobom z problemami trawiennymi \u2014 jej smak jest lekko s\u0142ony i ma posmak \u017celaza, kt\u00f3ry mrowi j\u0119zyk.<\/li>\n<li>Fonte Almeida Salles nosi nazw\u0119 od nazwiska jej kronikarza z pocz\u0105tku XX wieku, dr Sallesa, kt\u00f3ry odnotowa\u0142 zawarto\u015b\u0107 wodorow\u0119glanu sodu w tym \u017ar\u00f3dle i przepisywa\u0142 je na dolegliwo\u015bci w\u0105troby i \u017co\u0142\u0105dka.<\/li>\n<\/ul>\n<p>Podczas d\u0142ugich \u015bwi\u0105t ulicami przechadza si\u0119 nawet 30 000 os\u00f3b \u2014 prawie dziesi\u0119\u0107 razy wi\u0119cej ni\u017c mieszka\u0144c\u00f3w \u2014 podczas gdy w zwyk\u0142e weekendy populacja mo\u017ce si\u0119 zwi\u0119kszy\u0107 czterokrotnie. Karnawa\u0142 w szczeg\u00f3lno\u015bci przelewa miliony reali do lokalnych sklep\u00f3w, restauracji i \u0142a\u017ani.<\/p>\n<p>Bez rolniczego zaplecza, o kt\u00f3rym mo\u017cna by m\u00f3wi\u0107, \u00c1guas de S\u00e3o Pedro opiera si\u0119 na gospodarce skoncentrowanej na us\u0142ugach. W 2016 r. PKB osi\u0105gn\u0105\u0142 132 616 500 R$, co przek\u0142ada si\u0119 na zdrow\u0105 liczb\u0119 R$ na mieszka\u0144ca wynosz\u0105c\u0105 41 378,02. Hotele stoj\u0105 wzd\u0142u\u017c zacienionych drzewami alejek; kawiarnie sprzedaj\u0105 czarn\u0105 kaw\u0119 i wypieki z guawy w staro\u015bwieckim stylu pastelaria. Ma\u0142e butiki sprzedaj\u0105 drewniane rze\u017aby, butelkowan\u0105 wod\u0119 \u017ar\u00f3dlan\u0105 i rzemie\u015blnicze myd\u0142a pachn\u0105ce eukaliptusem lub lawend\u0105. W ka\u017cdej transakcji wida\u0107, \u017ce dobrobyt nie wynika z eksploatacji ziemi, ale z opieki nad rzadkim zasobem.<\/p>\n<p>Pomimo \u2014 lub mo\u017ce w\u0142a\u015bnie z powodu \u2014 swojej niewielkiej skali, \u00c1guas de S\u00e3o Pedro mo\u017ce pochwali\u0107 si\u0119 wska\u017anikiem rozwoju spo\u0142ecznego na poziomie 0,854, co plasuje je na drugim miejscu zar\u00f3wno w stanie, jak i w kraju. Kliniki dzia\u0142aj\u0105 punktualnie, sprawnie; szko\u0142y zach\u0119caj\u0105 do zaj\u0119\u0107 na \u015bwie\u017cym powietrzu pod drzewami cedrowymi i jacarand\u0105. Ulice \u0142agodnie wij\u0105 si\u0119 pod g\u00f3r\u0119, o\u015bwietlone latarniami, kt\u00f3re wyginaj\u0105 si\u0119 jak tancerze ta\u0144cz\u0105cy na smyczkach o zmierzchu. Wczesnym rankiem przed piekarni\u0105 miejsk\u0105 cz\u0119sto ustawia si\u0119 kolejka, zanim otworz\u0105 si\u0119 drzwi, a miejscowi wymieniaj\u0105 si\u0119 wiadomo\u015bciami o zaobserwowanych w parku dzikich zwierz\u0119tach.<\/p>\n<p>Tutaj czas wydaje si\u0119 rozszerza\u0107. Po\u0142udniowe s\u0142o\u0144ce wydaje si\u0119 \u0142agodniejsze po k\u0105pieli w siarkowym zapachu. Prosty spacer z Jardim Jerubia\u00e7aba do Centro wymaga zatrzymania si\u0119 przy miejskim ogrodzie, gdzie cisza palm i storczyk\u00f3w t\u0142umi przeje\u017cd\u017caj\u0105ce samochody. Nawet najbardziej spiesz\u0105cy si\u0119 turysta zwalnia, dostosowuj\u0105c si\u0119 do rozmy\u015blnego tempa miasta.<\/p>\n<p>W swej istocie \u00c1guas de S\u00e3o Pedro opiera si\u0119 na obietnicy: \u017ce miejsce nie musi si\u0119 rozrasta\u0107, aby si\u0119 rozwija\u0107. Jego termalne \u017ar\u00f3d\u0142a, niegdy\u015b iskra dla zaplanowanego miasta, obecnie podtrzymuj\u0105 ci\u0105g\u0142y eksperyment r\u00f3wnowagi \u2014 mi\u0119dzy natur\u0105 a \u017cyciem miejskim, mi\u0119dzy lokalnymi potrzebami a turystycznymi impulsami. W chwilach ciszy mo\u017cesz zobaczy\u0107 starsz\u0105 par\u0119 dryfuj\u0105c\u0105 po zacienionej \u015bcie\u017cce, wspominaj\u0105c\u0105 czasy, gdy chodniki by\u0142y \u015bwie\u017ce i budowano pierwsze pawilony uzdrowiskowe. Mo\u017cesz te\u017c pods\u0142ucha\u0107 m\u0142odego przewodnika opowiadaj\u0105cego legend\u0119 o wizycie \u015bw. Piotra na tych wzg\u00f3rzach, kamieniach wyrze\u017abionych w reliefie przez strumienie uzdrawiaj\u0105cej wody.<\/p>\n<p>W takich winietach gmina ukazuje si\u0119 nie tylko jako punkt na mapie, ale jako zbi\u00f3r wspomnie\u0144 i rutyny. Jest w syczeniu pary unosz\u0105cej si\u0119 z basenu termalnego, trzepocie skrzyde\u0142 nad \u015bcie\u017ck\u0105 wy\u0142o\u017con\u0105 paprociami, miarowym brz\u0119ku fili\u017canek w porannej kawiarni \u2014 subtelnych nutach, kt\u00f3re sk\u0142adaj\u0105 si\u0119 na wi\u0119ksz\u0105 melodi\u0119 \u017cycia tutaj. A je\u015bli \u015bwiat poza nim wydaje si\u0119 coraz bardziej niespokojny i rozleg\u0142y, \u00c1guas de S\u00e3o Pedro oferuje, w swojej ma\u0142o\u015bci, przypomnienie, \u017ce bogactwo nie le\u017cy w rozmiarze lub ha\u0142asie, ale w g\u0142\u0119bi \u017cycia.<\/p>","protected":false},"excerpt":{"rendered":"<p>Although small, the little municipality of \u00c1guas de S\u00e3o Pedro in S\u00e3o Paulo state, Brazil, deserves appreciation. Just 3.61 square kilometers, it is the second-smallest municipality in Brazil by area. The urban enclave claimed 3,521 residents as of 2020. Notwithstanding its small population, \u00c1guas de S\u00e3o Pedro has developed a reputation for great quality of living, a rich historical history, and a booming tourism industry based on its famous thermal springs.<\/p>","protected":false},"author":1,"featured_media":17515,"parent":7508,"menu_order":0,"comment_status":"closed","ping_status":"closed","template":"elementor_theme","meta":{"_eb_attr":"","footnotes":""},"class_list":["post-17417","page","type-page","status-publish","has-post-thumbnail"],"_links":{"self":[{"href":"https:\/\/travelshelper.com\/pl\/wp-json\/wp\/v2\/pages\/17417","targetHints":{"allow":["GET"]}}],"collection":[{"href":"https:\/\/travelshelper.com\/pl\/wp-json\/wp\/v2\/pages"}],"about":[{"href":"https:\/\/travelshelper.com\/pl\/wp-json\/wp\/v2\/types\/page"}],"author":[{"embeddable":true,"href":"https:\/\/travelshelper.com\/pl\/wp-json\/wp\/v2\/users\/1"}],"replies":[{"embeddable":true,"href":"https:\/\/travelshelper.com\/pl\/wp-json\/wp\/v2\/comments?post=17417"}],"version-history":[{"count":0,"href":"https:\/\/travelshelper.com\/pl\/wp-json\/wp\/v2\/pages\/17417\/revisions"}],"up":[{"embeddable":true,"href":"https:\/\/travelshelper.com\/pl\/wp-json\/wp\/v2\/pages\/7508"}],"wp:featuredmedia":[{"embeddable":true,"href":"https:\/\/travelshelper.com\/pl\/wp-json\/wp\/v2\/media\/17515"}],"wp:attachment":[{"href":"https:\/\/travelshelper.com\/pl\/wp-json\/wp\/v2\/media?parent=17417"}],"curies":[{"name":"wp","href":"https:\/\/api.w.org\/{rel}","templated":true}]}}