{"id":17269,"date":"2024-09-25T23:43:43","date_gmt":"2024-09-25T23:43:43","guid":{"rendered":"https:\/\/travelshelper.com\/staging\/?page_id=17269"},"modified":"2026-03-12T22:42:56","modified_gmt":"2026-03-12T22:42:56","slug":"rajecke-teplice","status":"publish","type":"page","link":"https:\/\/travelshelper.com\/pl\/destinations\/europe\/slovakia\/rajecke-teplice\/","title":{"rendered":"Rajeck\u00e9 Teplice"},"content":{"rendered":"<p>Rajeck\u00e9 Teplice, kompaktowa gmina po\u0142o\u017cona w s\u0142owackim regionie \u017cyli\u0144skim, stanowi czwarte pod wzgl\u0119dem liczby ludno\u015bci miasto w kraju \u2014 licz\u0105ce oko\u0142o 2800 os\u00f3b \u2014 i zajmuje w\u0105ski pas Kotliny Rajeckiej oko\u0142o dziesi\u0119ciu kilometr\u00f3w na po\u0142udnie od \u017byliny. S\u0142yn\u0105ca z termalnych \u017ar\u00f3de\u0142, kt\u00f3re wrz\u0105 w temperaturze trzydziestu o\u015bmiu stopni Celsjusza, miejscowo\u015b\u0107 obejmuje zar\u00f3wno historyczny obszar uzdrowiskowy, jak i powiat Poluvsie pod jedn\u0105 administracj\u0105 miejsk\u0105, z dost\u0119pem do kt\u00f3rego zapewnia droga I\/64 i linia kolejowa \u017bylina\u2013Rajec. To eleganckie po\u0142\u0105czenie pochodzenia hydrotermalnego i geografii doliny sytuuje Rajeck\u00e9 Teplice jako trwa\u0142y w\u0119ze\u0142 praktyk balneologicznych i pasterskiego odpoczynku.<\/p>\n<p>Kronika ludzkiej \u015bwiadomo\u015bci tych w\u00f3d si\u0119ga po\u0142owy XIV wieku, kiedy to kartograficzny obraz z 1376 r. po raz pierwszy wskaza\u0142 to miejsce \u2014 Thermae \u2014 podczas gdy kr\u00f3lewski przywilej kr\u00f3la Ludwika Wielkiego, po\u015bwiadczaj\u0105cy \u201eVilla Tapolcha\u201d, dostarczy\u0142 inauguracyjnego pisemnego potwierdzenia \u017ar\u00f3de\u0142. Dwa wieki p\u00f3\u017aniej, w 1496 r., kr\u00f3l W\u0142adys\u0142aw II w akcie darowizny dla \u0160tefana Z\u00e1po\u013eskiego, odni\u00f3s\u0142 si\u0119 do \u201epossessio Thoplycza\u201d, sugeruj\u0105c powstanie osiad\u0142ej enklawy wok\u00f3\u0142 leczniczego wodono\u015bnika. Poprzez te wczesne po\u015bwiadczenia Rajeck\u00e9 Teplice przyj\u0119\u0142y swoj\u0105 rol\u0119 jako miejsce, w kt\u00f3rym przecina\u0142y si\u0119 geologia i zarz\u0105dzanie, a podziemne ciep\u0142o tej pierwszej u\u017cy\u017ania\u0142o zar\u00f3wno cia\u0142a, jak i interesy biurokratyczne.<\/p>\n<p>Na pocz\u0105tku XVII wieku domena Lietava \u2014 w kt\u00f3rej rozleg\u0142ym zasi\u0119gu znajdowa\u0142y si\u0119 \u017ar\u00f3d\u0142a \u2014 dokona\u0142a pocz\u0105tkowego rozwoju: prymitywny dom uzdrowiskowy i zajazd dla zamo\u017cnych klient\u00f3w, k\u0142ad\u0105c tym samym podwaliny pod osad\u0119, kt\u00f3ra mia\u0142a przekszta\u0142ci\u0107 si\u0119 w dzisiejsze uzdrowisko. Pierwszy szczeg\u00f3\u0142owy opis balneograficzny, spisany przez wsp\u00f3\u0142czesnego profesora Christopha Wilhelma Hufelanda, profesora Davida Gottfrieda Cranza, opisywa\u0142 trzy skromnie zadaszone baseny i wychwala\u0142 zbawienne dzia\u0142anie w\u00f3d na parali\u017c, reumatyzm, obrz\u0119ki i schorzenia dermatologiczne \u2014 wczesny dow\u00f3d terapeutycznego presti\u017cu tego miejsca.<\/p>\n<p>Budowa przyspieszy\u0142a w 1610 roku pod auspicjami palatyna Juraja Thurzo, kt\u00f3ry, jak potwierdza dokument z 1604 roku, darzy\u0142 \u017ar\u00f3d\u0142a takim szacunkiem, \u017ce zleci\u0142 budow\u0119 murowanego dworu sk\u0142adaj\u0105cego si\u0119 z sze\u015bciu komnat go\u015bcinnych. Jednak po jego \u015bmierci podzia\u0142 domeny Lietava przyspieszy\u0142 okres zaniedbania, podczas kt\u00f3rego infrastruktura uzdrowiska podupad\u0142a. Dopiero pod koniec XVIII wieku nast\u0105pi\u0142o odnowienie, gdy baron J\u00e1n Kalis \u2014 sam potomek pierwotnej domeny \u2014 zainwestowa\u0142 znaczn\u0105 kwot\u0119 w nowy murowany pawilon mieszcz\u0105cy czterna\u015bcie apartament\u00f3w, przywracaj\u0105c tym samym status Rajeck\u00e9 Teplice jako miejsca docelowego dla szlachty, mieszczan i plebsu, z kt\u00f3rych ka\u017cdy korzysta\u0142 z jednego z trzech wyznaczonych basen\u00f3w.<\/p>\n<p>Same wody po raz pierwszy znalaz\u0142y naukowe odzwierciedlenie w 1776 r., kiedy Pavol Adami przedstawi\u0142 najwcze\u015bniejszy zachowany opis ich sk\u0142adu; siedemna\u015bcie lat p\u00f3\u017aniej, w 1793 r., dr Amad\u00e9 Kelin, pe\u0142ni\u0105cy funkcj\u0119 lekarza w powiecie Tur\u010dianska, opublikowa\u0142 inauguracyjn\u0105 monografi\u0119 w Wiedniu, tym samym rozpowszechniaj\u0105c zalety Rajeck\u00e9 Teplice w ca\u0142ym Kr\u00f3lestwie W\u0119gier. Nast\u0119pnie, przez ca\u0142y XIX wiek, miasto rozkwita\u0142o jako preferowane letnie schronienie dla arystokracji i zamo\u017cnej bur\u017cuazji, a jego skoordynowana ekspansja o\u015brodk\u00f3w leczniczych i zakwaterowania \u015bwiadczy\u0142a o rosn\u0105cej klienteli.<\/p>\n<p>Konwulsje pierwszej wojny \u015bwiatowej przyspieszy\u0142y wyra\u017any kryzys: liczba zagranicznych go\u015bci zmala\u0142a, a s\u0142awa miasta spad\u0142a wy\u0142\u0105cznie do lokalnej s\u0142awy. Niemniej jednak okres mi\u0119dzywojenny (1925\u20131937) by\u0142 \u015bwiadkiem wznoszenia charakterystycznych obiekt\u00f3w \u2014 Domu Zdrojowego, Instytutu Zdrojowego Ban\u00edk oraz hoteli Ve\u013ek\u00e1 Fatra i Mal\u00e1 Fatra \u2014 ka\u017cda z nich odzwierciedla\u0142a wsp\u00f3\u0142czesn\u0105 wra\u017cliwo\u015b\u0107 architektoniczn\u0105 i odnowione zaanga\u017cowanie w innowacje terapeutyczne.<\/p>\n<p>W okresie istnienia pa\u0144stwa s\u0142owackiego w 1941 r. opiek\u0119 nad uzdrowiskiem przej\u0119\u0142a Pracownicza Sp\u00f3\u0142ka Ubezpiecze\u0144 Spo\u0142ecznych, kt\u00f3ra zainaugurowa\u0142a otwarty basen termalny, demokratyzuj\u0105c w ten spos\u00f3b dost\u0119p do leczniczych w\u00f3d. W 1959 r. w\u0142adze pa\u0144stwowe nada\u0142y Rajeckim Teplicom formalny status uzdrowiska, wyznaczaj\u0105c granice ochronne \u017ar\u00f3de\u0142 i kodyfikuj\u0105c balneologiczne znaczenie tego obszaru. Dekady po II wojnie \u015bwiatowej zapocz\u0105tkowa\u0142y najwi\u0119kszy rozkwit uzdrowiska, poniewa\u017c inwestycje w aparatur\u0119 medyczn\u0105 i zakwaterowanie wzros\u0142y, co osi\u0105gn\u0119\u0142o punkt kulminacyjny w 1989 r., kiedy miasto uzyska\u0142o status miasta.<\/p>\n<p>Dzi\u015b, w dolinie rzeki Raj\u010danka \u2014 i otoczone li\u015bciastymi i iglastymi zboczami wzg\u00f3rz S\u00fa\u013eov i L\u00fa\u010dansk\u00e1 Mal\u00e1 Fatra \u2014 Rajeck\u00e9 Teplice prezentuj\u0105 gobelin leczniczej infrastruktury i le\u015bnego spokoju. Odwiedzaj\u0105cy mog\u0105 spacerowa\u0107 wzd\u0142u\u017c stawu uzdrowiskowego w centrum miasta, skorzysta\u0107 z zabieg\u00f3w hydroterapeutycznych w kompleksie zdrowotnym lub przemierzy\u0107 niezliczone szlaki turystyczne, kt\u00f3re wiod\u0105 do rezerwatu przyrody Kozol, 91,58-hektarowej enklawy przerywanej rzadkimi zbiorami kwiatowymi i oferuj\u0105cej panoramy formacji skalnych, jaski\u0144 i szczelin wyrze\u017abionych w staro\u017cytnych dolomitach.<\/p>\n<p>Dziedzictwo kulturowe znajduje si\u0119 w kaplicach i klasztorach, kt\u00f3re \u015bwiadcz\u0105 zar\u00f3wno o wierze, jak i pami\u0119ci: kaplica Wniebowzi\u0119cia Naj\u015bwi\u0119tszej Marii Panny, ko\u015bci\u00f3\u0142 Boskiego Serca Jezusowego i ko\u015bci\u00f3\u0142 \u015bwi\u0119tych Cyryla i Metodego w Poluvsie \u2014 wszystkie one wsp\u00f3\u0142istniej\u0105 obok uroczystego pomnika upami\u0119tniaj\u0105cego poleg\u0142ych w I wojnie \u015bwiatowej. Promenady \u015br\u00f3dmiejskie przez centrum miasta ods\u0142aniaj\u0105 \u0142a\u017anie, kt\u00f3rych fasady przywo\u0142uj\u0105 wielowarstwow\u0105 histori\u0119 uzdrowiska, podczas gdy nowoczesne plac\u00f3wki \u2014 centra fitness, korty tenisowe, miejsca do minigolfa i disc-golfa oraz Rajec Golf Park \u2014 uzupe\u0142niaj\u0105 program terapeutyczny o zaj\u0119cia rekreacyjne.<\/p>\n<p>Centralnym elementem wsp\u00f3\u0142czesnej to\u017csamo\u015bci miasta jest jego \u017ar\u00f3d\u0142o geotermalne: \u017ar\u00f3d\u0142o wodorow\u0119glanowo-wapniowo-magnezowe, wyp\u0142ywaj\u0105ce w temperaturze 38 \u00b0C, nieobci\u0105\u017cone obr\u00f3bk\u0105 chemiczn\u0105, przepisywane na choroby funkcjonalne i zwyrodnieniowe uk\u0142adu mi\u0119\u015bniowo-szkieletowego, pooperacyjn\u0105 rekonwalescencj\u0119 du\u017cych staw\u00f3w i interwencje kr\u0119gos\u0142upa, a tak\u017ce wybrane zaburzenia uk\u0142adu nerwowego. W ramach kompleksowego leczenia uzdrowiskowego go\u015bcie otrzymuj\u0105 hydroterapi\u0119, elektroterapi\u0119, zabiegi parafinowe, techniki manipulacyjne, zastrzyki gazowe oraz indywidualne i grupowe wychowanie fizyczne \u2014 zintegrowane podej\u015bcie, kt\u00f3re ugruntowa\u0142o miejsce Rajeck\u00e9 Teplice w europejskim panteonie balneologicznym.<\/p>\n<p>Okoliczne lasy, w kt\u00f3rych \u017cyj\u0105 borsuki, lisy, kuny, jelenie szlachetne, sowy i or\u0142y, a tak\u017ce przejrzysto\u015b\u0107 lokalnej atmosfery \u2014 praktycznie pozbawionej cz\u0105stek sta\u0142ych \u2014 sprawi\u0142y, \u017ce miasto sta\u0142o si\u0119 ulubionym miejscem wypoczynku nie tylko dla s\u0142owackich rekonwalescent\u00f3w, ale tak\u017ce dla go\u015bci z Czech, Polski i Niemiec. Trasy rowerowe biegn\u0105 przez dno doliny, a zacienione \u015bcie\u017cki zach\u0119caj\u0105 spacerowicz\u00f3w do obserwowania obfito\u015bci karpackiej flory. W ka\u017cdej porze roku Rajeck\u00e9 Teplice prezentuj\u0105 syntez\u0119 medycznej precyzji i naturalnego splendoru: miejsce, w kt\u00f3rym rytm stuleci delikatnie rozbrzmiewa pod szmerem w\u00f3d termalnych.<\/p>","protected":false},"excerpt":{"rendered":"<p>Rajeck\u00e9 Teplice, po\u0142o\u017cone w s\u0142owackim regionie \u017cyli\u0144skim, to ma\u0142e miasteczko z czwart\u0105 najmniejsz\u0105 liczb\u0105 ludno\u015bci w kraju. Dzi\u0119ki leczniczym wodom i spokojnemu otoczeniu, to urocze uzdrowisko \u2014 znane z naturalnych \u017ar\u00f3de\u0142 termalnych \u2014 od wiek\u00f3w zachwyca go\u015bci. Po\u0142o\u017cone w p\u00f3\u0142nocnej cz\u0119\u015bci Kotliny Rajeckiej, oko\u0142o 10 kilometr\u00f3w na po\u0142udnie od \u017byliny, Rajeck\u00e9 Teplice stanowi\u0105 dow\u00f3d bogatej historii i naturalnego pi\u0119kna tego obszaru.<\/p>","protected":false},"author":1,"featured_media":17604,"parent":13300,"menu_order":0,"comment_status":"closed","ping_status":"closed","template":"elementor_theme","meta":{"_eb_attr":"","footnotes":""},"class_list":["post-17269","page","type-page","status-publish","has-post-thumbnail"],"_links":{"self":[{"href":"https:\/\/travelshelper.com\/pl\/wp-json\/wp\/v2\/pages\/17269","targetHints":{"allow":["GET"]}}],"collection":[{"href":"https:\/\/travelshelper.com\/pl\/wp-json\/wp\/v2\/pages"}],"about":[{"href":"https:\/\/travelshelper.com\/pl\/wp-json\/wp\/v2\/types\/page"}],"author":[{"embeddable":true,"href":"https:\/\/travelshelper.com\/pl\/wp-json\/wp\/v2\/users\/1"}],"replies":[{"embeddable":true,"href":"https:\/\/travelshelper.com\/pl\/wp-json\/wp\/v2\/comments?post=17269"}],"version-history":[{"count":0,"href":"https:\/\/travelshelper.com\/pl\/wp-json\/wp\/v2\/pages\/17269\/revisions"}],"up":[{"embeddable":true,"href":"https:\/\/travelshelper.com\/pl\/wp-json\/wp\/v2\/pages\/13300"}],"wp:featuredmedia":[{"embeddable":true,"href":"https:\/\/travelshelper.com\/pl\/wp-json\/wp\/v2\/media\/17604"}],"wp:attachment":[{"href":"https:\/\/travelshelper.com\/pl\/wp-json\/wp\/v2\/media?parent=17269"}],"curies":[{"name":"wp","href":"https:\/\/api.w.org\/{rel}","templated":true}]}}