{"id":17250,"date":"2024-09-25T23:25:22","date_gmt":"2024-09-25T23:25:22","guid":{"rendered":"https:\/\/travelshelper.com\/staging\/?page_id=17250"},"modified":"2026-03-12T22:43:57","modified_gmt":"2026-03-12T22:43:57","slug":"kowaczowa","status":"publish","type":"page","link":"https:\/\/travelshelper.com\/pl\/destinations\/europe\/slovakia\/kovacova\/","title":{"rendered":"Kowaczowa"},"content":{"rendered":"<p>Kov\u00e1\u010dov\u00e1 le\u017cy w samym sercu s\u0142owackiej Kotliny Zwole\u0144skiej, jej centrum wznosi si\u0119 na wysoko\u015b\u0107 303 metr\u00f3w nad poziomem morza i rozci\u0105ga si\u0119 na terenie o wysoko\u015bci od 288 do 489 metr\u00f3w. W 2016 r. by\u0142o tam 1541 mieszka\u0144c\u00f3w, a miejscowo\u015b\u0107 zajmowa\u0142a strategiczne miejsce pi\u0119\u0107 kilometr\u00f3w na zach\u00f3d od Zwolenia i osiemna\u015bcie kilometr\u00f3w od Ba\u0144skiej Bystrzycy, a uzdrowisko Slia\u010d znajdowa\u0142o si\u0119 tu\u017c za jej p\u00f3\u0142nocnymi kra\u0144cami. Ta zwarta osada zyska\u0142a s\u0142aw\u0119 dzi\u0119ki odkrytemu w 1898 r. \u017ar\u00f3d\u0142u termalnemu, kt\u00f3rego woda o temperaturze prawie pi\u0119\u0107dziesi\u0119ciu stopni Celsjusza przyci\u0105ga\u0142a turyst\u00f3w od ponad wieku. Jej po\u0142o\u017cenie u podn\u00f3\u017ca G\u00f3r Kremnickich, obok biegu rzeki Hron i na skrzy\u017cowaniu g\u0142\u00f3wnych dr\u00f3g sprawia, \u017ce \u200b\u200bKov\u00e1\u010dov\u00e1 jest zar\u00f3wno cichym schronieniem, jak i dost\u0119pnym miejscem wypoczynku w \u015brodkowej S\u0142owacji.<\/p>\n<p>Od jej geologicznych fundament\u00f3w po jej nowoczesne uzdrowiska, historia Kov\u00e1\u010dovej rozwija si\u0119 warstwami tak staro\u017cytnymi i z\u0142o\u017conymi jak ska\u0142y pod jej ulicami. Si\u0142y tektoniczne w starszych ska\u0142ach trzeciorz\u0119du ukszta\u0142towa\u0142y Kotlin\u0119 Zwole\u0144sk\u0105, podczas gdy linia uskoku wyrze\u017abiona przez p\u00f3\u0142nocno-zachodni\u0105 pokryw\u0119 lodow\u0105 doliny Hronu pozostawi\u0142a ziemi\u0119 tutaj lekko zapadni\u0119t\u0105 w por\u00f3wnaniu z s\u0105siednimi wy\u017cynami. Niepokoje wulkaniczne w epoce andezyt\u00f3w i tuf\u00f3w rzuci\u0142y mozaik\u0119 dolnotoro\u0144skich tufit\u00f3w, glin, zlepie\u0144c\u00f3w i piaskowc\u00f3w w ca\u0142ym regionie, cz\u0119sto przykrytych lessami i glinami poligenetycznymi. Osady te stworzy\u0142y gleby, kt\u00f3re r\u00f3\u017cni\u0105 si\u0119 od sklejonych podtyp\u00f3w illimerycznych na nizinach do brunatnic na zboczach, oferuj\u0105c \u017cyzn\u0105 matryc\u0119 dla zalesionych wzniesie\u0144 nad terenami uzdrowiskowymi. W obr\u0119bie tej warstwowej ziemi znajdowa\u0142 si\u0119 uskok biegn\u0105cy na po\u0142udniowy zach\u00f3d od uzdrowiska, kt\u00f3ry zatrzymywa\u0142 wody termalne g\u0142\u0119boko pod nieprzepuszczalnymi warstwami. Wody te chirurdzy geologowie przebili w 1898 r., wierc\u0105c na g\u0142\u0119boko\u015b\u0107 405 metr\u00f3w w dolomity i wapienie triasowe, aby odkry\u0107 \u017ar\u00f3d\u0142o dostarczaj\u0105ce pi\u0119tna\u015bcie litr\u00f3w wody mineralnej o temperaturze 48,5 \u00b0C na sekund\u0119.<\/p>\n<p>Na d\u0142ugo zanim ciekawo\u015b\u0107 naukowa odkry\u0142a jego ciep\u0142o, obecno\u015b\u0107 cz\u0142owieka w rejonie Kov\u00e1\u010dovej si\u0119ga wczesnej epoki br\u0105zu, kiedy to od\u0142amki ceramiki \u2014 znalezione podczas wykopalisk w uzdrowisku \u2014 wskazuj\u0105 na osady, kt\u00f3rych nazwy zagin\u0119\u0142y w mrokach dziej\u00f3w. Pod koniec VI wieku pojawi\u0142a si\u0119 wczesnos\u0142owia\u0144ska ceramika typu praskiego, poniewa\u017c nowi mieszka\u0144cy pr\u00f3bowali uprawia\u0107 gliniaste gleby kotliny. W okresie wielkomorawskim sie\u0107 spo\u0142eczno\u015bci po\u0142\u0105czy\u0142a si\u0119 wok\u00f3\u0142 Pust\u00fd hrad, centrum administracyjnego komitatu, a\u017c do czasu, gdy mongolski najazd w 1241 r. zniszczy\u0142 te plac\u00f3wki. Dopiero po wycofaniu si\u0119 naje\u017ad\u017ac\u00f3w ziemia powoli si\u0119 zaludni\u0142a, a 23 kwietnia 1254 r. w karcie kr\u00f3la Beli IV odnotowano \u201eTerra hospitum de Koachou\u201d, pierwsz\u0105 pisemn\u0105 wzmiank\u0119 o tym, co mia\u0142o sta\u0107 si\u0119 Star\u0105 Kov\u00e1\u010dov\u0105, osad\u0105 kowali rozmieszczon\u0105 wzd\u0142u\u017c szlaku handlowego z Levic do Ba\u0144skiej Bystrzycy.<\/p>\n<p>Przeniesienie wsi na obecne miejsce, w pobli\u017cu powstaj\u0105cych \u017ar\u00f3de\u0142 mineralnych, nast\u0105pi\u0142o dopiero pod koniec XVI wieku. P\u00f3\u017aniej \u017cycie w Kov\u00e1\u010dovej by\u0142o zakotwiczone w maj\u0105tku Zvolen, a jej mieszka\u0144cy zwi\u0105zani byli rytmem siewu, \u017cniw i transportu dla lokalnej szlachty, nawet gdy nosili bro\u0144, gdy zagro\u017cenie ze strony Imperium Osma\u0144skiego dotar\u0142o do tych wy\u017cyn na prze\u0142omie XVII wieku. Polihistor Matej Bel p\u00f3\u017aniej opisa\u0142 spo\u0142eczno\u015b\u0107 jako \u201ema\u0142\u0105, biedn\u0105 wiosk\u0119\u201d w 1736 roku, a mapy Samuela Mikov\u00edny&#039;ego z po\u0142owy XVIII wieku potwierdzi\u0142y jej skromny zasi\u0119g. Polityka madziaryzacji nie wykorzeni\u0142a s\u0142owackiej to\u017csamo\u015bci miasta, a pod koniec XIX wieku kopalnie w\u0119gla brunatnego szpeci\u0142y okoliczne wzg\u00f3rza, nawet gdy eksploracyjne odwierty w\u0119glowe natrafi\u0142y na \u017cy\u0142\u0119 termaln\u0105, kt\u00f3ra mia\u0142a na nowo zdefiniowa\u0107 przeznaczenie Kov\u00e1\u010dovej.<\/p>\n<p>Odkrycie wody termalnej w 1898 r. otworzy\u0142o nowy rozdzia\u0142. Pocz\u0105tkowe studnie dostarcza\u0142y wod\u0119 \u017ar\u00f3dlan\u0105 o temperaturze 45,6 \u00b0C, ale w 1964 r. g\u0142\u0119bszy odwiert przyni\u00f3s\u0142 cieplejsze i obfitsze przep\u0142ywy. Zainteresowanie spo\u0142ecze\u0144stwa tymi wodami ros\u0142o wraz z przemianami politycznymi, kt\u00f3re ogarn\u0119\u0142y Europ\u0119 \u015arodkow\u0105. Za czas\u00f3w Kr\u00f3lestwa W\u0119gier Kov\u00e1\u010dov\u00e1 le\u017ca\u0142a w komitacie Z\u00f3lyom; w 1918 r. do\u0142\u0105czy\u0142a do nowej Republiki Czechos\u0142owackiej, a od 1939 do 1945 r. istnia\u0142a w kr\u00f3tkiej Republice S\u0142owackiej. W latach mi\u0119dzywojennych lokalni przyw\u00f3dcy wyst\u0105pili w 1932 r. o oficjalny status uzdrowiska leczniczego, a doprowadzenie elektryczno\u015bci do uzdrowiska w 1930 r., a nast\u0119pnie elektryfikacja ca\u0142ej wsi w 1937 r., zapowiada\u0142y przysz\u0142e ulepszenia infrastruktury.<\/p>\n<p>Drogi sta\u0142y si\u0119 arteriami rozwoju Kov\u00e1\u010dovej. Autostrada I\/69 okr\u0105\u017ca jej wschodni\u0105 kraw\u0119d\u017a, przecinaj\u0105c drog\u0119 ekspresow\u0105 R1, kt\u00f3ra \u0142\u0105czy Nitr\u0119 z Ba\u0144sk\u0105 Bystrzyc\u0105 i \u0142\u0105cz\u0105c si\u0119 z I\/66 ze Zwolenia. Trzy kilometry na p\u00f3\u0142noc, lotnisko Slia\u010d rozszerza zasi\u0119g wsi dla podr\u00f3\u017cnych lotniczych. Podmiejskie linie autobusowe gwarantuj\u0105 bezpo\u015brednie po\u0142\u0105czenie z obydwoma o\u015brodkami regionalnymi, podczas gdy droga ekspresowa R1\u2013Bud\u010da i lokalne ulepszenia dr\u00f3g u\u0142atwi\u0142y dojazd zar\u00f3wno doje\u017cd\u017caj\u0105cym do pracy, jak i turystom. W latach 50. prywatny transport samochodowy wypar\u0142 wozy konne; autobusy \u010cSAD oferowa\u0142y regularne rozk\u0142ady jazdy od 1952 r.<\/p>\n<p>Pod szumem ruchu ulicznego i gwarem turyst\u00f3w kryje si\u0119 klimat kontynentalnych kontrast\u00f3w. W basenie cz\u0119sto wyst\u0119puj\u0105 inwersje i mg\u0142y przez okres do 173 dni w roku, co \u015bwiadczy o gromadzeniu si\u0119 zimnego powietrza w korycie rzeki. Zimy s\u0105 zimne \u2014 \u015brednia temperatura w styczniu spada do \u20134,7 \u00b0C, a odczyty mog\u0105 spa\u015b\u0107 do \u201330 \u00b0C \u2014 podczas gdy lipcowe ciep\u0142o osi\u0105ga szczyt \u015brednio 18,8 \u00b0C, z ekstremami powy\u017cej 35 \u00b0C pod s\u0142o\u0144cem, kt\u00f3re wywo\u0142uje popo\u0142udniowe burze. Roczne opady przekraczaj\u0105 700 mm, koncentruj\u0105c si\u0119 w 81 mm lipca, a pierwsze \u015bniegi pojawiaj\u0105 si\u0119 pod koniec listopada, pokrywaj\u0105c pola do pocz\u0105tku marca, a ich g\u0142\u0119boko\u015b\u0107 przekracza zaledwie 20 cm. Mg\u0142a w dolinie ust\u0119puje miejsca wypaleniu do po\u0142owy poranka, ale zachmurzenie utrzymuje si\u0119 do grudnia na poziomie prawie 79 procent, zmniejszaj\u0105c si\u0119 do 52 procent tylko we wrze\u015bniu, kiedy czyste niebo zdobi jeden dzie\u0144 na pi\u0119\u0107.<\/p>\n<p>Przyroda otacza wiosk\u0119 bogatymi lasami bukowymi, d\u0119bowymi i \u015bwierkowymi, przeplatanymi grabem, jod\u0142\u0105 pospolit\u0105 i sosn\u0105 zwyczajn\u0105. Klon, platany i osika zdobi\u0105 korytarze nadrzeczne, podczas gdy robinia akacjowa i lipa wyznaczaj\u0105 \u015bcie\u017cki parku zdrojowego i stare chlorowane stawy. Na terenie cmentarza znajduje si\u0119 gaj lipy wielkolistnej, kt\u00f3rej trzystuletnie pnie s\u0105 \u017cywym pomnikiem, a w pobli\u017cu, w strefie rekreacyjnej, znajduj\u0105 si\u0119 trzy masywne d\u0119by, kt\u00f3re oznaczaj\u0105 stulecia zmieniaj\u0105cych si\u0119 p\u00f3r roku. Gaj sosnowy B\u00f4rina r\u00f3wnie\u017c zas\u0142uguje na wzmiank\u0119 ze wzgl\u0119du na majestatyczne rz\u0119dy i ciep\u0142olubne ro\u015bliny, kt\u00f3re czepiaj\u0105 si\u0119 nagrzanych s\u0142o\u0144cem zboczy. Zbieracze znajduj\u0105 grzyby i zio\u0142a lecznicze w obfito\u015bci, a ma\u0142y staw nad wiosk\u0105 oferuje spokojny odpoczynek nad wod\u0105.<\/p>\n<p>Fauna pod\u0105\u017ca za lasem. Sarny, jelenie szlachetne i dziki w\u0119druj\u0105 po po\u0142udniowych ostrogach Kremnickich Wierch\u00f3w, podczas gdy zbieg\u0142e daniele z dawnej mena\u017cerii mieszaj\u0105 si\u0119 niezauwa\u017cone z rodzimymi stadami. Dzikie koty poluj\u0105 o zmierzchu, a sowy \u2014 zar\u00f3wno wielkie, jak i podkowcowate \u2014 patroluj\u0105 nocne niebo. Na os\u0142oni\u0119tych polanach wielki podkowiec trzepocze pod starymi ga\u0142\u0119ziami, a po\u015br\u00f3d niskiej ro\u015blinno\u015bci zielona modliszka mo\u017ce nieruchomo przytrzyma\u0107 si\u0119 na li\u015bciu. Mozaika siedlisk \u2014 od zaro\u015bli nadrzecznych po skaliste wychodnie \u2014 podtrzymuje r\u00f3\u017cnorodno\u015b\u0107, kt\u00f3ra zaprzecza skromnym rozmiarom wioski.<\/p>\n<p>XX wiek zmieni\u0142 struktur\u0119 spo\u0142eczn\u0105 i obywatelsk\u0105. W 1929 roku przyby\u0142 pierwszy samoch\u00f3d nale\u017c\u0105cy do \u0160tefana P\u0159\u00edhody, a w ci\u0105gu kilku lat wie\u015b mia\u0142a linie telefoniczne i przebudowan\u0105 drog\u0119 krajow\u0105 ze stacj\u0105 dyli\u017cans\u00f3w. Lata powojenne przynios\u0142y prywatne us\u0142ugi autobusowe, konsolidacj\u0119 sp\u00f3\u0142dzielczych gospodarstw rolnych, centrum kulturalne, dom towarowy, hotel i schronisko g\u00f3rskie. W latach 70. kemping samochodowy i gazoci\u0105g sygnalizowa\u0142y nowoczesny wypoczynek i u\u017cyteczno\u015b\u0107, podczas gdy dzieci\u0119ce spa, przedszkole i Narodowe Centrum Rehabilitacji do\u0142\u0105czy\u0142y do \u200b\u200brosn\u0105cej listy us\u0142ug opieki zdrowotnej i rodzinnej. Zako\u0144czenie w 1991 roku budowy szko\u0142y podstawowej, zbiornika wodnego i ulepszonych \u015brodk\u00f3w komunikacji zapowiada\u0142o odnowiony wiejski plac ods\u0142oni\u0119ty w 1998 roku, gdzie hala targowa, wiaty autobusowe i tablice informacyjne gromadz\u0105 si\u0119 wok\u00f3\u0142 ma\u0142ej promenady.<\/p>\n<p>Edukacja w Kov\u00e1\u010dovej rozpocz\u0119\u0142a si\u0119 skromnie w 1837 r., kiedy nauczyciel-ch\u0142op o nazwisku Trebu\u013ea oferowa\u0142 podstawowe lekcje w miejscu, kt\u00f3re by\u0142o raczej plac\u00f3wk\u0105 dydaktyczn\u0105 ni\u017c formaln\u0105 szko\u0142\u0105. W 1907 r. mieszka\u0144cy wybudowali nowy budynek szkolny i wprowadzili nauk\u0119 j\u0119zyka w\u0119gierskiego; po 1918 r. nauczyciele wykszta\u0142ceni przez pa\u0144stwo prowadzili lekcje w j\u0119zyku s\u0142owackim. W drugiej po\u0142owie XX wieku powsta\u0142a dwuklasowa szko\u0142a podstawowa, a nast\u0119pnie przedszkole. W 2002 r. obie instytucje po\u0142\u0105czy\u0142y si\u0119 w Szko\u0142\u0119 Podstawow\u0105 i Przedszkole Kov\u00e1\u010dov\u00e1, wspieraj\u0105c dzieci od przedszkola do pierwszej klasy pod jednym dachem i podtrzymuj\u0105c wiejsk\u0105 tradycj\u0119 nauki opartej na spo\u0142eczno\u015bci.<\/p>\n<p>Stowarzyszenia i grupy wolontariackie od dawna definiuj\u0105 lokaln\u0105 kultur\u0119. S\u0142owacki Czerwony Krzy\u017c, S\u0142owackie Stowarzyszenie Kobiet i Matica slovensk\u00e1 prowadz\u0105 dzia\u0142alno\u015b\u0107 obywatelsk\u0105 i kulturaln\u0105, do kt\u00f3rych do\u0142\u0105cza \u017divena, Klub Emeryt\u00f3w, Stowarzyszenie \u0141owieckie i Gorazd\u00edk, ch\u00f3r dzieci\u0119cy. Mi\u0142o\u015bnicy sportu organizuj\u0105 dru\u017cyny pi\u0142karskie i tenisa sto\u0142owego, tury\u015bci i siatkarze wyznaczaj\u0105 trasy i boiska, kr\u0119glarze i szachi\u015bci spotykaj\u0105 si\u0119 w sali wsp\u00f3lnotowej, a w Narodowym Centrum Rehabilitacji dzia\u0142a Klub Sportowy dla Niepe\u0142nosprawnych. Ka\u017cda organizacja piel\u0119gnuje tradycje, piel\u0119gnuje wi\u0119zi spo\u0142eczne i podkre\u015bla zaanga\u017cowanie Kov\u00e1\u010dovej w \u017cycie wsp\u00f3lnotowe.<\/p>\n<p>Trendy demograficzne odzwierciedlaj\u0105 sta\u0142y wzrost. Z zaledwie 203 mieszka\u0144c\u00f3w w 1787 r. populacja wzros\u0142a do 297 wiek p\u00f3\u017aniej i 450 w 1948 r. Do 1970 r. wzros\u0142a do 685, a na prze\u0142omie tysi\u0105cleci wynosi\u0142a 1480. Po kr\u00f3tkim okresie stagnacji nowe osiedla mieszkaniowe po 2005 r. nap\u0119dzi\u0142y ponown\u0105 ekspansj\u0119, co osi\u0105gn\u0119\u0142o punkt kulminacyjny w 2016 r., kiedy liczba mieszka\u0144c\u00f3w wynios\u0142a 1541. S\u0142owacy stanowi\u0105 ponad 98 procent populacji, a ci\u0105g\u0142y wzrost liczby indywidualnych projekt\u00f3w mieszkaniowych potwierdza atrakcyjno\u015b\u0107 wioski zar\u00f3wno dla rodzin, jak i emeryt\u00f3w.<\/p>\n<p>Symbole Kov\u00e1\u010dovej oddaj\u0105 jej to\u017csamo\u015b\u0107 w formie heraldycznej. Herb miasta przedstawia dwie skrzy\u017cowane podkowy w kolorze z\u0142otym na niebieskiej tarczy, z podniesionym falistym obcasem pod niebieskim pasem, kt\u00f3ry przywodzi na my\u015bl zar\u00f3wno konia, jak i rzek\u0119. Flaga, wymachiwana podczas uroczysto\u015bci, rozci\u0105ga si\u0119 poziomo w pi\u0119ciu pasach \u2014 bia\u0142ym, \u017c\u00f3\u0142tym, niebieskim, \u017c\u00f3\u0142tym, bia\u0142ym \u2014 w proporcjach, kt\u00f3re odzwierciedlaj\u0105 herby i ko\u0144cz\u0105 si\u0119 trzema spiczastymi ko\u0144cami, przypominaj\u0105c o po\u0142\u0105czeniu tradycji i otwarto\u015bci tej wioski.<\/p>\n<p>Turystyka dzisiaj kwitnie dzi\u0119ki po\u0142\u0105czeniu opieki zdrowotnej, rekreacji na \u015bwie\u017cym powietrzu i dziedzictwa regionalnego Kov\u00e1\u010dovej. Holiday Park dzia\u0142a przez ca\u0142y rok, a jego atrakcje wodne i s\u0105siaduj\u0105cy kemping s\u0105 otoczone prywatnymi domkami i pensjonatami. Rowerzy\u015bci pod\u0105\u017caj\u0105 asfaltowymi i le\u015bnymi drogami do pobliskiego lasu Bad\u00edn lub wzd\u0142u\u017c podn\u00f3\u017cy w kierunku grzbietu Kremnick\u00e9 vrchy, podczas gdy zbieracze zapuszczaj\u0105 si\u0119 w podszycie w poszukiwaniu kurek i borowik\u00f3w. Szlak turystyczny prowadzi do panoramicznych widok\u00f3w na szczyty tych wulkanicznych wzg\u00f3rz, a szereg pobliskich punkt\u00f3w orientacyjnych wzbogaca ka\u017cd\u0105 tras\u0119: elegancki drewniany ko\u015bci\u00f3\u0142 artykularny Hronsek, ciche ruiny zamku Pust\u00fd, ufortyfikowane sale zamku Zvolen, drzewa iglaste Arboretum Borov\u00e1 hora i baseny mineralne uzdrowiska Slia\u010d.<\/p>\n<p>Esencja Kov\u00e1\u010dovej wy\u0142ania si\u0119 z po\u0142\u0105czenia ziemi, wody, historii i spo\u0142eczno\u015bci. Jej \u017ar\u00f3d\u0142a termalne bulgocz\u0105 w triasowym pod\u0142o\u017cu skalnym, jej lasy rosn\u0105 na tufach wulkanicznych, jej mieszka\u0144cy \u015bledz\u0105 lini\u0119 od garncarzy z epoki br\u0105zu do wsp\u00f3\u0142czesnych terapeut\u00f3w uzdrowiskowych. Przez stulecia zmian politycznych, wstrz\u0105s\u00f3w gospodarczych i transformacji spo\u0142ecznej wie\u015b zachowa\u0142a sw\u00f3j charakter, nawet gdy obejmuje nowe rozdzia\u0142y wzrostu. Dla podr\u00f3\u017cnik\u00f3w poszukuj\u0105cych zar\u00f3wno wytchnienia, jak i objawienia, Kov\u00e1\u010dov\u00e1 oferuje ciep\u0142o swoich w\u00f3d, przejrzysto\u015b\u0107 g\u00f3rskiego powietrza i trwa\u0142y puls spo\u0142eczno\u015bci, kt\u00f3ra od dawna rozumie warto\u015b\u0107 miejsca.<\/p>","protected":false},"excerpt":{"rendered":"<p>Kov\u00e1\u010dov\u00e1, po\u0142o\u017cona w po\u0142udniowo-zachodniej cz\u0119\u015bci Kotliny Zwole\u0144skiej, jest uzdrowiskow\u0105 miejscowo\u015bci\u0105 w \u015brodkowej S\u0142owacji, licz\u0105c\u0105 oko\u0142o 1600 mieszka\u0144c\u00f3w. S\u0142ynna z leczniczych gor\u0105cych \u017ar\u00f3de\u0142 i bogatej historii si\u0119gaj\u0105cej XIII wieku, ta sielska osada znajduje si\u0119 zaledwie 4 kilometry na zach\u00f3d od Zwolenia.<\/p>","protected":false},"author":1,"featured_media":17539,"parent":13300,"menu_order":0,"comment_status":"closed","ping_status":"closed","template":"elementor_theme","meta":{"_eb_attr":"","footnotes":""},"class_list":["post-17250","page","type-page","status-publish","has-post-thumbnail"],"_links":{"self":[{"href":"https:\/\/travelshelper.com\/pl\/wp-json\/wp\/v2\/pages\/17250","targetHints":{"allow":["GET"]}}],"collection":[{"href":"https:\/\/travelshelper.com\/pl\/wp-json\/wp\/v2\/pages"}],"about":[{"href":"https:\/\/travelshelper.com\/pl\/wp-json\/wp\/v2\/types\/page"}],"author":[{"embeddable":true,"href":"https:\/\/travelshelper.com\/pl\/wp-json\/wp\/v2\/users\/1"}],"replies":[{"embeddable":true,"href":"https:\/\/travelshelper.com\/pl\/wp-json\/wp\/v2\/comments?post=17250"}],"version-history":[{"count":0,"href":"https:\/\/travelshelper.com\/pl\/wp-json\/wp\/v2\/pages\/17250\/revisions"}],"up":[{"embeddable":true,"href":"https:\/\/travelshelper.com\/pl\/wp-json\/wp\/v2\/pages\/13300"}],"wp:featuredmedia":[{"embeddable":true,"href":"https:\/\/travelshelper.com\/pl\/wp-json\/wp\/v2\/media\/17539"}],"wp:attachment":[{"href":"https:\/\/travelshelper.com\/pl\/wp-json\/wp\/v2\/media?parent=17250"}],"curies":[{"name":"wp","href":"https:\/\/api.w.org\/{rel}","templated":true}]}}