{"id":17244,"date":"2024-09-25T23:20:32","date_gmt":"2024-09-25T23:20:32","guid":{"rendered":"https:\/\/travelshelper.com\/staging\/?page_id=17244"},"modified":"2026-03-12T22:34:39","modified_gmt":"2026-03-12T22:34:39","slug":"dudince","status":"publish","type":"page","link":"https:\/\/travelshelper.com\/pl\/destinations\/europe\/slovakia\/dudince\/","title":{"rendered":"Dudince"},"content":{"rendered":"<p>Dudince, najmniejsze miasto na S\u0142owacji, jest domem dla oko\u0142o 1400 mieszka\u0144c\u00f3w i zajmuje zwart\u0105 powierzchni\u0119 140 metr\u00f3w nad poziomem morza w regionie Ba\u0144ska Bystrzyca na po\u0142udniu S\u0142owacji. Po\u0142o\u017cone u podn\u00f3\u017ca r\u00f3wniny Krupina \u2014 cz\u0119\u015bci wewn\u0119trznych Karpat Zachodnich \u2014 i rozci\u0105gaj\u0105ce si\u0119 nad dolin\u0105 rzeki \u0160tiavnica, le\u017cy oko\u0142o 27 kilometr\u00f3w na po\u0142udniowy zach\u00f3d od Krupiny i 15 kilometr\u00f3w na p\u00f3\u0142noc od \u0160ahy. Skromny rozmiar miasta zaprzecza jego znaczeniu jako uzdrowiska, kt\u00f3rego reputacja opiera si\u0119 na bogatych w minera\u0142y \u017ar\u00f3d\u0142ach termalnych, kt\u00f3re przyci\u0105gaj\u0105 turyst\u00f3w od czas\u00f3w staro\u017cytnych. Przyj\u0119cie przez Dudince ciep\u0142ego, stabilnego klimatu i po\u0142o\u017cenie w sercu regionu winiarskiego Stredoslovenska, z winnicami flankuj\u0105cymi jego granice, stanowi\u0105 niezb\u0119dny kontekst dla zrozumienia jego nieprzemijaj\u0105cej atrakcyjno\u015bci.<\/p>\n<p>Dowody archeologiczne ujawniaj\u0105 obecno\u015b\u0107 cz\u0142owieka na tym obszarze od czas\u00f3w neolitu, a najwcze\u015bniejszy znany zapis osadnictwa pochodzi z 1284 r. i nosi nazw\u0119 Dyud. W 1551 r. udokumentowane \u017ar\u00f3d\u0142a po raz pierwszy odnotowa\u0142y istnienie \u017ar\u00f3de\u0142 termalnych, jednak pochodzenie \u017ar\u00f3de\u0142 le\u017cy o wiele g\u0142\u0119biej w czasie: wzorce geologiczne i hydrologiczne sugeruj\u0105, \u017ce Rzymianie wiedzieli o tych wodach i prawdopodobnie je wykorzystywali ponad dwa tysi\u0105ce lat temu. Osady trawertynu w Dudince i wok\u00f3\u0142 niego s\u0105 cichym \u015bwiadectwem tej epoki: na terenie wsp\u00f3\u0142czesnego uzdrowiska nadal mo\u017cna zobaczy\u0107 \u0142a\u017anie rzymskie, skupisko oko\u0142o trzydziestu dw\u00f3ch rze\u017abionych basen\u00f3w wykutych bezpo\u015brednio w trawertynie, gdzie woda kiedy\u015b tryska\u0142a z g\u0142\u00f3wnego basenu i kaskadowo sp\u0142ywa\u0142a do kolejnych basen\u00f3w. Lokalna tradycja g\u0142osi, \u017ce ni\u017csze baseny by\u0142y zarezerwowane dla szeregowych legionist\u00f3w, podczas gdy te po\u0142o\u017cone wy\u017cej na zboczu s\u0142u\u017cy\u0142y dow\u00f3dcom. Wiele stuleci p\u00f3\u017aniej s\u0142u\u017cy\u0142y jako \u0142a\u017anie konopne, jednak ich kamienne \u015bciany wci\u0105\u017c \u015bwiadcz\u0105 o r\u0119cznym rzemio\u015ble pierwszych osadnik\u00f3w.<\/p>\n<p>Geologiczny charakter \u017ar\u00f3de\u0142 Dudince jest zar\u00f3wno z\u0142o\u017cony, jak i korzystny. Wody s\u0105 klasyfikowane jako wodorow\u0119glanowo-chlorkowe, sodowo-wapniowe, gazowane, siarkowe i lekko hipotoniczne, wydzielaj\u0105ce si\u0119 w sta\u0142ej temperaturze od 28 do 28,5 stopni Celsjusza. W po\u0142owie XVIII wieku profesor Heinrich Johan von Crantz cytowa\u0142 je w swoim traktacie o \u017ar\u00f3d\u0142ach leczniczych z 1777 roku, co oznacza\u0142o ich pierwsze formalne w\u0142\u0105czenie do europejskiej literatury medycznej. Oko\u0142o 1890 roku Wiede\u0144ski Instytut Geograficzny przeprowadzi\u0142 wst\u0119pne badania, a nast\u0119pnie badacze z Instytutu G\u00f3rnictwa Geologicznego; ich praca osi\u0105gn\u0119\u0142a punkt kulminacyjny w dekrecie z 23 stycznia 1894 roku, kt\u00f3ry oficjalnie uzna\u0142 \u017ar\u00f3d\u0142a za lecznicze i wyznaczy\u0142 teren wok\u00f3\u0142 wzg\u00f3rza Gestenec jako stref\u0119 chronion\u0105. Decyzje te po\u0142o\u017cy\u0142y podwaliny pod rozw\u00f3j Dudince jako o\u015brodka leczniczego.<\/p>\n<p>Na prze\u0142omie XX wieku przedsi\u0119biorcy zacz\u0119li wykorzystywa\u0107 to okre\u015blenie. W 1900 roku Hugo Oberndorff \u2014 w\u0142a\u015bciciel \u017ar\u00f3de\u0142 \u2014 zleci\u0142 budow\u0119 pierwszej otwartej \u0142a\u017ani w wschodnim systemie \u017ar\u00f3de\u0142 dla swojego osobistego kr\u0119gu; zamkni\u0119to j\u0105 w 1935 roku, ale stanowi\u0142a ona kluczowy moment w transformacji miasta. W 1907 roku w zachodnim systemie \u017ar\u00f3de\u0142 zainstalowano pierwsz\u0105 \u0142a\u017ani\u0119 przez Filip Gutmann and Company, obiekt wyrze\u017abiony w trawertynie u wschodnich st\u00f3p uzdrowiska. Po kadencji Gutmanna, od 1916 roku \u017ar\u00f3d\u0142a przesz\u0142y w r\u0119ce Kolomana Br\u00e1zzay&#039;a z Budapesztu, kt\u00f3ry wiosn\u0105 1918 roku wywierci\u0142 to, co nazwa\u0142 Wielkim Uzdrowiskiem. Kiedy w 1921 roku Br\u00e1zzay przesta\u0142 p\u0142aci\u0107 czynsz, przeni\u00f3s\u0142 pozosta\u0142e prawa dzier\u017cawy \u2013 pochodz\u0105ce od Oberndorffa i trwaj\u0105ce pi\u0119\u0107dziesi\u0105t jeden lat \u2013 na J\u00faliusa Unterbergera z \u0160ahy, kt\u00f3ry zarz\u0105dza\u0142 \u017ar\u00f3d\u0142ami a\u017c do politycznego przewrotu arbitra\u017cu wiede\u0144skiego 2 listopada 1938 roku. Kiedy Dudince pozosta\u0142y w granicach S\u0142owacji, a \u0160ahy przypad\u0142y W\u0119grom, europejska trajektoria miasta skierowa\u0142a si\u0119 w niepewne lata II wojny \u015bwiatowej.<\/p>\n<p>Wojna wyrz\u0105dzi\u0142a znaczne szkody w obiektach uzdrowiskowych, jednak prace renowacyjne rozpocz\u0119\u0142y si\u0119 szybko w okresie powojennym. Upa\u0144stwowienie w 1948 r. zapocz\u0105tkowa\u0142o faz\u0119 budowy obiekt\u00f3w specjalnie w tym celu. W latach 1953\u20131956 przeprowadzono badania hydrogeologiczne, kt\u00f3rych celem by\u0142o zabezpieczenie obfitszego zaopatrzenia w lecznicze wody. W zachodniej grupie \u017ar\u00f3de\u0142 studnia S-3 przynios\u0142a \u015bwie\u017cy, obfity dop\u0142yw do uzdrowiska; w latach 1957\u20131958 architekci wznie\u015bli ceglany budynek wej\u015bciowy do kompleksu basen\u00f3w na \u015bwie\u017cym powietrzu i rozbudowali wi\u0119kszy basen, nawet gdy ma\u0142y basen znany jako Kis B\u00fad\u00f4s zosta\u0142 wycofany z eksploatacji. Ostateczna, kompleksowa ocena \u2014 przeprowadzona przez zesp\u00f3\u0142 profesora in\u017c. dr Oty Hyniego z Uniwersytetu Karola w Pradze w latach 1953\u20131958 \u2014 okre\u015bli\u0142a sk\u0142ad i jako\u015b\u0107 wody, potwierdzaj\u0105c jej potencja\u0142 do szerokiego zastosowania terapeutycznego.<\/p>\n<p>Zabiegi spa Dudince&#039;a koncentruj\u0105 si\u0119 g\u0142\u00f3wnie na uk\u0142adzie sercowo-naczyniowym i mi\u0119\u015bniowo-szkieletowym, a tak\u017ce na schorzeniach reumatycznych, nadci\u015bnieniu, problemach dermatologicznych i niekt\u00f3rych dolegliwo\u015bciach ginekologicznych i trawiennych. Ciep\u0142a woda mineralna, bogata w zwi\u0105zki wapnia, sodu, wodorow\u0119glanu, chlorku i siarki, wywiera dzia\u0142anie rozszerzaj\u0105ce naczynia krwiono\u015bne i wspomaga stabilno\u015b\u0107 uk\u0142adu kr\u0105\u017cenia. Od maja do wrze\u015bnia miasto otwiera publiczny basen zasilany tymi \u017ar\u00f3d\u0142ami mineralnymi, umo\u017cliwiaj\u0105c mieszka\u0144com i turystom zanurzenie si\u0119 w wodzie, kt\u00f3rej koj\u0105ce w\u0142a\u015bciwo\u015bci przynosz\u0105 wymierne korzy\u015bci zar\u00f3wno w rehabilitacji, jak i relaksie.<\/p>\n<p>Opr\u00f3cz dziedzictwa hydrologicznego, Dudince korzystaj\u0105 z geograficznej konwergencji trzech odr\u0119bnych form terenu: G\u00f3r Szczawnickich na p\u00f3\u0142nocnym zachodzie, R\u00f3wniny Krupi\u0144skiej \u0142agodnie wznosz\u0105cej si\u0119 na p\u00f3\u0142nocnym wschodzie i R\u00f3wniny Dunajskiej rozwijaj\u0105cej si\u0119 na po\u0142udniu. Strumie\u0144 Szczawnicy przecina miasto, nadaj\u0105c mu spokojn\u0105, rytmiczn\u0105 obecno\u015b\u0107, kt\u00f3ra o\u017cywia zar\u00f3wno Star\u00e9 Dudince \u2014 pierwotn\u0105 wiosk\u0119 na prawym brzegu strumienia \u2014 jak i Nov\u00e9 Dudince, kt\u00f3re rozros\u0142y si\u0119 wok\u00f3\u0142 linii kolejowej na zachodzie. Za torami le\u017c\u0105 Merovce, dawniej niezale\u017cna wie\u015b przy\u0142\u0105czona w 1960 roku; zachowa\u0142a w\u0142asny rzymskokatolicki ko\u015bci\u00f3\u0142 Matki Boskiej Pokoju, wzniesiony w 1994 roku, oraz ko\u015bci\u00f3\u0142 ewangelicki pochodz\u0105cy z 1996 roku.<\/p>\n<p>Uk\u0142ad miasta jest zar\u00f3wno zwarty, jak i celowy. Star\u00e9 Dudince skupia si\u0119 wzd\u0142u\u017c g\u0142\u00f3wnej drogi, oferuj\u0105c spojrzenie na wernakularne domy z kamienia i stiuku, kt\u00f3re nawi\u0105zuj\u0105 do \u015bredniowiecznych przodk\u00f3w. Nov\u00e9 Dudince rozci\u0105ga si\u0119 mi\u0119dzy strumieniem a lini\u0105 kolejow\u0105 Zvolen\u2013\u010cata, a jego nowsze konstrukcje odzwierciedlaj\u0105 post\u0119py w planowaniu uzdrowiskowym XX wieku. Merovce, niegdy\u015b odosobniona osada, obecnie \u0142\u0105czy si\u0119 z granic\u0105 miejsk\u0105 Dudince, a jej dwa nowoczesne ko\u015bcio\u0142y s\u0142u\u017c\u0105 ma\u0142ej, ale oddanej kongregacji.<\/p>\n<p>Po\u0142\u0105czenia transportowe wzmacniaj\u0105 dost\u0119pno\u015b\u0107 Dudince. Autostrady I\/66 i E77 przecinaj\u0105 miasto, przewo\u017c\u0105c ruch regionalny w kierunku W\u0119gier i \u015brodkowej S\u0142owacji. Plany zak\u0142adaj\u0105, \u017ce droga ekspresowa R3 ominie peryferie miasta, przekierowuj\u0105c ruch tranzytowy i \u0142\u0105cz\u0105c si\u0119 z R7, tworz\u0105c korytarz du\u017cej pr\u0119dko\u015bci. Us\u0142ugi kolejowe na linii Zvolen\u2013\u010cata zapewniaj\u0105 cich\u0105 alternatyw\u0119 dla autostrad, a przystanki na stacji miejskiej zapewniaj\u0105 sta\u0142y dop\u0142yw podr\u00f3\u017cnych. Wsp\u00f3\u0142dzia\u0142anie dr\u00f3g i kolei stanowi podstaw\u0119 zar\u00f3wno lokalnej gospodarki, jak i nap\u0142ywu kuracjuszy.<\/p>\n<p>Pod wzgl\u0119dem demograficznym Dudince zachowa\u0142o niezwykle stabiln\u0105 populacj\u0119. Spis ludno\u015bci z 2001 r. odnotowa\u0142 1500 mieszka\u0144c\u00f3w, z kt\u00f3rych 95,67 procent zidentyfikowa\u0142o si\u0119 jako S\u0142owacy, 3,53 procent jako W\u0119grzy i 0,20 procent jako Romowie. Przynale\u017cno\u015b\u0107 religijna sk\u0142ania\u0142a si\u0119 ku katolicyzmowi rzymskiemu (55,67 procent), luteranie stanowili 28,93 procent, a osoby niedeklaruj\u0105ce wi\u0119zi religijnych stanowi\u0142y 11,27 procent. Chocia\u017c wielko\u015b\u0107 miasta wyklucza statystyczn\u0105 dynamik\u0119 wi\u0119kszych o\u015brodk\u00f3w, liczby te podkre\u015blaj\u0105 spo\u0142eczno\u015b\u0107 charakteryzuj\u0105c\u0105 si\u0119 wzgl\u0119dn\u0105 jednorodno\u015bci\u0105 i tradycyjnym przestrzeganiem religii.<\/p>\n<p>Klimatologicznie Dudince nale\u017cy do jednej ze stref o najni\u017cszych temperaturach na S\u0142owacji, a mimo to paradoksalnie cieszy si\u0119 najwi\u0119ksz\u0105 liczb\u0105 s\u0142onecznych dni w roku w kraju. Wed\u0142ug szwajcarskiej klasyfikacji klimatycznej, jej atmosfera wywiera uspokajaj\u0105cy, koj\u0105cy wp\u0142yw, co czyni j\u0105 szczeg\u00f3lnie odpowiedni\u0105 do rekonwalescencji i \u0142agodnej rehabilitacji. Brak emisji przemys\u0142owych \u2014 dzi\u0119ki odleg\u0142emu, zalesionemu otoczeniu \u2014 i ochronne obj\u0119cie otaczaj\u0105cych wzg\u00f3rz tworz\u0105 \u015brodowisko o wyj\u0105tkowej czysto\u015bci powietrza.<\/p>\n<p>Kontrast kompaktowego krajobrazu miasta Dudince z pag\u00f3rkowatymi winnicami i odleg\u0142ymi szczytami zach\u0119ca do r\u00f3\u017cnych wycieczek. Mo\u017cna wybra\u0107 si\u0119 na szlak do Ba\u0144skiej Szczawnicy, kt\u00f3rej misternie zachowana architektura g\u00f3rnicza zas\u0142uguje na wpisanie na List\u0119 \u015bwiatowego dziedzictwa UNESCO. Zwole\u0144 le\u017cy w zasi\u0119gu r\u0119ki, a jego trzynastowieczny zamek w St. Anton mie\u015bci ma\u0142e muzeum \u0142owieckie. Na wschodzie \u0160ia i Brhlovce oferuj\u0105 ciekawy spektakl dom\u00f3w troglodyt\u00f3w wykutych w piaskowcowych klifach. Bardziej ambitni podr\u00f3\u017cnicy podejmuj\u0105 jednodniowe wycieczki do Wiednia lub Budapesztu, przekraczaj\u0105c granice pa\u0144stwowe w mniej ni\u017c dwie godziny; inni zapuszczaj\u0105 si\u0119 na p\u00f3\u0142noc w Tatry Niskie i Wysokie, alpejskie serce S\u0142owacji.<\/p>\n<p>Bli\u017cej, wycieczki degustacyjne w Rykyn\u010dicach odbywaj\u0105 si\u0119 po\u015br\u00f3d uliczek z piwnicami, kt\u00f3rym towarzysz\u0105 programy kulturalne prezentuj\u0105ce regionalne tradycje ludowe. Osoby poszukuj\u0105ce r\u00f3\u017cnorodno\u015bci termalnej mog\u0105 odwiedzi\u0107 poblisk\u0105 Podh\u00e1jsk\u0105, gdzie ca\u0142oroczny kompleks termalny uzupe\u0142nia sezonowy basen w Dudincach. Podczas tych wycieczek odwiedzaj\u0105cy mog\u0105 dostrzec bogactwo kulturowe, naturalne i historyczne, kt\u00f3re zbiegaj\u0105 si\u0119 w tym zak\u0105tku Europy \u015arodkowej.<\/p>\n<p>Wydarzenia sportowe zaznaczy\u0142y niedawn\u0105 histori\u0119 Dudince, a najbardziej znanym z nich jest Puchar Europy w chodzie sportowym 2013. Zawody przyci\u0105gn\u0119\u0142y elitarnych sportowc\u00f3w z ca\u0142ego kontynentu, kt\u00f3rzy przemierzali tras\u0119 wij\u0105c\u0105 si\u0119 alejami miasta, obok fasad hoteli uzdrowiskowych i wzd\u0142u\u017c brzeg\u00f3w \u0160tiavnicy. Wydarzenie to podkre\u015bli\u0142o zdolno\u015b\u0107 Dudince do organizowania mi\u0119dzynarodowych spotka\u0144, wykorzystuj\u0105c infrastruktur\u0119 noclegow\u0105 i spokojne otoczenie, aby pomie\u015bci\u0107 zar\u00f3wno zawodnik\u00f3w, jak i widz\u00f3w.<\/p>\n<p>Pomimo skromnej skali, Dudince od dawna kultywuje to\u017csamo\u015b\u0107 wykraczaj\u0105c\u0105 poza demografi\u0119. Region winiarski Stredoslovenska otacza go winiarskimi tradycjami si\u0119gaj\u0105cymi \u015bredniowiecza, podczas gdy trawertynowe tarasy i termy m\u00f3wi\u0105 o g\u0142\u0119bszej geologicznej przesz\u0142o\u015bci. Warstwy rzymskich odcisk\u00f3w, \u015bredniowiecznych wzorc\u00f3w osadniczych, dziewi\u0119tnastowiecznych bada\u0144 naukowych i dwudziestowiecznego rozwoju kierowanego przez pa\u0144stwo zaowocowa\u0142y miastem, kt\u00f3rego charakter jest zar\u00f3wno wyj\u0105tkowy, jak i reprezentatywny dla \u015brodkowoeuropejskiej kultury uzdrowiskowej.<\/p>\n<p>Spaceruj\u0105c g\u0142\u00f3wn\u0105 promenad\u0105, natrafia si\u0119 na hotele spa, kt\u00f3rych fasady \u0142\u0105cz\u0105 w sobie wczesno-XX-wieczne zdobienia z surowymi powojennymi rozbudowami. Chodnik, wy\u0142o\u017cony lokalnym kamieniem, nawi\u0105zuje do trawertynu le\u017c\u0105cego u \u017ar\u00f3de\u0142. Drewniane \u0142awki, zacienione lip\u0105 i akacj\u0105, zapraszaj\u0105 do refleksyjnego odpoczynku; ich zniszczone powierzchnie nosz\u0105 \u015blady pokole\u0144 go\u015bci robi\u0105cych przerwy mi\u0119dzy zabiegami. Lekarze spa ubrani w bia\u0142e kitle konsultuj\u0105 pacjent\u00f3w w wype\u0142nionych \u015bwiat\u0142em klinikach, przepisuj\u0105 re\u017cim k\u0105pieli, ok\u0142ad\u00f3w i delikatnych \u0107wicze\u0144. Po drugiej stronie rzeki winnice wspinaj\u0105 si\u0119 po ni\u017cszych zboczach, a ich rz\u0119dy winoro\u015bli z cierpliw\u0105 regularno\u015bci\u0105 zmierzaj\u0105 w stron\u0119 s\u0142o\u0144ca.<\/p>\n<p>W Star\u00e9 Dudince ma\u0142e piekarnie wydzielaj\u0105 zapach \u017cyta i kminku; kawiarnie nalewaj\u0105 ciemn\u0105, s\u0142odko-gorzk\u0105 kaw\u0119 do porcelanowych fili\u017canek. Nov\u00e9 Dudince, przeciwnie, wydaj\u0105 si\u0119 bardziej op\u0142ywowe, prostok\u0105tne bloki mieszkalne i budynki us\u0142ugowe zwi\u0105zane ze spa rozmieszczone z funkcjonaln\u0105 precyzj\u0105. Tutaj wyczuwa si\u0119 \u015blad planowania ery socjalistycznej przeplataj\u0105cy si\u0119 z potrzebami uzdrowiskowymi: pokoje terapeutyczne ci\u0105gn\u0105 si\u0119 wzd\u0142u\u017c prostych korytarzy, a szersze okna oprawiaj\u0105 w ramy przeb\u0142yski odleg\u0142ych g\u00f3r. Merovce, cho\u0107 spokojniejsze, emanuj\u0105 sielankowym urokiem: dzieci bawi\u0105 si\u0119 na trawiastych uliczkach pod iglicami dw\u00f3ch nowoczesnych ko\u015bcio\u0142\u00f3w, kt\u00f3rych dzwonnice wznosz\u0105 si\u0119 nad zadbanymi ogrodami.<\/p>\n<p>Zim\u0105, gdy \u015bnieg pokrywa wzg\u00f3rza, a powietrze staje si\u0119 krystalicznie czyste, ciep\u0142o wody mineralnej wydaje si\u0119 jeszcze bardziej zach\u0119caj\u0105ce. Para unosi si\u0119 z otwartych basen\u00f3w, unosz\u0105c si\u0119 nad k\u0105pi\u0105cymi si\u0119 jak widmowe w\u0105sy, a w ch\u0142odnym \u015bwicie pierwsze promienie s\u0142o\u0144ca z\u0142oc\u0105 okoliczne winnice. Nawet poza sezonem Dudince zachowuje stonowan\u0105 witalno\u015b\u0107: lokalne kawiarnie serwuj\u0105 gor\u0105ce zio\u0142owe napary, starsi mieszka\u0144cy gromadz\u0105 si\u0119 na placu, aby wymienia\u0107 si\u0119 nowinami, a kilku wytrwa\u0142ych go\u015bci bierze udzia\u0142 w indywidualnych kuracjach pitnych, popijaj\u0105c wod\u0119 butelkowan\u0105 w okre\u015blonych odst\u0119pach czasu.<\/p>\n<p>Patrz\u0105c w przysz\u0142o\u015b\u0107, uko\u0144czenie dr\u00f3g ekspresowych R3 i R7 obiecuje przeformu\u0142owanie po\u0142\u0105cze\u0144 Dudince z Bratys\u0142aw\u0105, Budapesztem i dalej. Ruch tranzytowy zmniejszy si\u0119 w centrum miasta, co poprawi jako\u015b\u0107 powietrza i uspokoi ulice, podczas gdy nowe skrzy\u017cowania mog\u0105 stymulowa\u0107 umiarkowany wzrost gospodarczy. Jednak wyzwaniem b\u0119dzie zachowanie delikatnej r\u00f3wnowagi miasta mi\u0119dzy spokojem a us\u0142ugami, zapewniaj\u0105c, \u017ce jego raison d&#039;\u00eatre \u2014 terapeutyczny odpoczynek \u2014 pozostanie najwa\u017cniejszy po\u015br\u00f3d zmian infrastrukturalnych.<\/p>\n<p>Przez ponad siedem wiek\u00f3w udokumentowanej historii Dudince przechodzi\u0142o przez zmieniaj\u0105ce si\u0119 granice polityczne, re\u017cimy ekonomiczne i paradygmaty naukowe. Od Dyud w 1284 r. do obecnego uzdrowiska, jego to\u017csamo\u015b\u0107 kszta\u0142towa\u0142a woda, kt\u00f3ra bulgocze z g\u0142\u0119bin, wapie\u0144 gromadz\u0105cy si\u0119 na staro\u017cytnych korytach rzek oraz ludzka pomys\u0142owo\u015b\u0107, kt\u00f3ra dostrzeg\u0142a terapeutyczne w\u0142a\u015bciwo\u015bci naturalnego wyposa\u017cenia. Dziedzictwo profesora von Crantza, Oberndorffa i Gutmanna, Br\u00e1zzay i Unterbergera, pozostaje wyryte w kamiennych \u015bcianach \u0142a\u017ani, w dekretach chroni\u0105cych zasilane \u017ar\u00f3d\u0142ami zbocza wzg\u00f3rz i w nieustaj\u0105cej atrakcyjno\u015bci w\u00f3d mineralnych Dudince.<\/p>\n<p>Ostatecznie Dudince jest mikrokosmosem \u015brodkowoeuropejskiej kultury uzdrowiskowej, gdzie geologiczne zrz\u0105dzenie losu przecina si\u0119 z historyczn\u0105 przypadkowo\u015bci\u0105, a zwarta spo\u0142eczno\u015b\u0107 podtrzymuje tradycje go\u015bcinno\u015bci i uzdrawiania. Niewielka populacja zaprzecza szerokiemu wk\u0142adowi w turystyk\u0119 zdrowotn\u0105 i roli w europejskiej narracji podr\u00f3\u017cy terapeutycznych. Dla tych, kt\u00f3rzy szukaj\u0105 miejsca, w kt\u00f3rym rytm naturalnego rytmu \u2014 rzeki, winoro\u015bli, pary \u2014 rz\u0105dzi dniem, Dudince oferuje spotkanie z tradycyjnymi \u015brodkami leczniczymi i wci\u0105gaj\u0105ce do\u015bwiadczenie miejsca, kt\u00f3re wykracza poza zwyczajno\u015b\u0107.<\/p>","protected":false},"excerpt":{"rendered":"<p>Dudince, w po\u0142udniowej S\u0142owacji, uosabia kulturowe dziedzictwo kraju i naturalne pi\u0119kno. Z liczb\u0105 zaledwie 1400 mieszka\u0144c\u00f3w, to ma\u0142e uzdrowisko jest znane jako najmniejsze miasto na S\u0142owacji. Pomimo swojej niewielkiej skali, Dudince jest poszukiwanym schronieniem dla tych, kt\u00f3rzy szukaj\u0105 relaksu i odm\u0142odzenia ze wzgl\u0119du na swoj\u0105 wyj\u0105tkow\u0105 wod\u0119 mineraln\u0105, lecznicze gor\u0105ce \u017ar\u00f3d\u0142a i pierwszorz\u0119dne uzdrowiska.<\/p>","protected":false},"author":1,"featured_media":17590,"parent":13300,"menu_order":0,"comment_status":"closed","ping_status":"closed","template":"elementor_theme","meta":{"_eb_attr":"","footnotes":""},"class_list":["post-17244","page","type-page","status-publish","has-post-thumbnail"],"_links":{"self":[{"href":"https:\/\/travelshelper.com\/pl\/wp-json\/wp\/v2\/pages\/17244","targetHints":{"allow":["GET"]}}],"collection":[{"href":"https:\/\/travelshelper.com\/pl\/wp-json\/wp\/v2\/pages"}],"about":[{"href":"https:\/\/travelshelper.com\/pl\/wp-json\/wp\/v2\/types\/page"}],"author":[{"embeddable":true,"href":"https:\/\/travelshelper.com\/pl\/wp-json\/wp\/v2\/users\/1"}],"replies":[{"embeddable":true,"href":"https:\/\/travelshelper.com\/pl\/wp-json\/wp\/v2\/comments?post=17244"}],"version-history":[{"count":0,"href":"https:\/\/travelshelper.com\/pl\/wp-json\/wp\/v2\/pages\/17244\/revisions"}],"up":[{"embeddable":true,"href":"https:\/\/travelshelper.com\/pl\/wp-json\/wp\/v2\/pages\/13300"}],"wp:featuredmedia":[{"embeddable":true,"href":"https:\/\/travelshelper.com\/pl\/wp-json\/wp\/v2\/media\/17590"}],"wp:attachment":[{"href":"https:\/\/travelshelper.com\/pl\/wp-json\/wp\/v2\/media?parent=17244"}],"curies":[{"name":"wp","href":"https:\/\/api.w.org\/{rel}","templated":true}]}}