{"id":17238,"date":"2024-09-25T23:14:21","date_gmt":"2024-09-25T23:14:21","guid":{"rendered":"https:\/\/travelshelper.com\/staging\/?page_id=17238"},"modified":"2026-03-12T22:35:10","modified_gmt":"2026-03-12T22:35:10","slug":"bojnice","status":"publish","type":"page","link":"https:\/\/travelshelper.com\/pl\/destinations\/europe\/slovakia\/bojnice\/","title":{"rendered":"Bojnice"},"content":{"rendered":"<p>Bojnice, miasto licz\u0105ce oko\u0142o 5000 mieszka\u0144c\u00f3w, zajmuje strategiczne po\u0142o\u017cenie we wschodniej S\u0142owacji wzd\u0142u\u017c rzeki Nitra, tu\u017c pod \u015bredniowiecznym zamkiem Bojnice. Po\u0142o\u017cone w g\u00f3rnej dolinie rzeki Nitra u podn\u00f3\u017ca G\u00f3r Str\u00e1\u017eovskich, dzieli sie\u0107 transportu publicznego z pobliskim miastem Prievidza i le\u017cy oko\u0142o 60 kilometr\u00f3w na po\u0142udnie od \u017byliny i 65 kilometr\u00f3w na wsch\u00f3d od Trenczyna.<\/p>\n<p>Historia Bojnic zaczyna si\u0119 w mrokach prehistorii, gdzie lecznicze ciep\u0142o jej \u017ar\u00f3de\u0142 termalnych po raz pierwszy zwr\u00f3ci\u0142o uwag\u0119 cz\u0142owieka w okresie lodowcowym Riss-W\u00fcrm, oko\u0142o 100 000 lat temu. Skamienia\u0142e szcz\u0105tki plejstoce\u0144skich ssak\u00f3w, osadzone w osadach trawertynowych, \u015bwiadcz\u0105 zar\u00f3wno o bogactwie lokalnej fauny, jak i obecno\u015bci grup ludzkich poszukuj\u0105cych po\u017cywienia i schronienia. W jaskiniowych zakamarkach dzisiejszej Jaskini Prepo\u0161tsk\u00e1, kamienne artefakty \u2014 skrobaki, groty i wiert\u0142a \u2014 \u015bwiadcz\u0105 o zamieszkiwaniu tych teren\u00f3w przez neandertalczyk\u00f3w w epoce lewaluisko-musterskiej, mi\u0119dzy 70 000 a 40 000 p.n.e. Fragmentaryczne \u015blady z dolnego paleolitu i neolitu ust\u0119puj\u0105 miejsca bardziej znacz\u0105cym oznakom sta\u0142ego zamieszkiwania przez kultur\u0119 halsztack\u0105 od VIII wieku p.n.e.<\/p>\n<p>Na ods\u0142oni\u0119ciu trawertynowym, kt\u00f3re mia\u0142o sta\u0107 si\u0119 wzg\u00f3rzem zamkowym, spo\u0142eczno\u015bci kultury puchowskiej wznios\u0142y swoje pierwsze fortyfikacje na prze\u0142omie pierwszego tysi\u0105clecia p.n.e. P\u00f3\u017aniej osadnicy s\u0142owia\u0144scy przekszta\u0142cili ten przyl\u0105dek w centrum rzemios\u0142a, handlu i obrony, pozostawiaj\u0105c po sobie narz\u0119dzia z \u017celaza i od\u0142amki charakterystycznej ceramiki. Ci\u0105g\u0142o\u015b\u0107 osadnictwa trwa\u0142a od IX wieku, kiedy ufortyfikowany szczyt wzg\u00f3rza przej\u0105\u0142 swoj\u0105 trwa\u0142\u0105 rol\u0119 serca regionalnej w\u0142adzy.<\/p>\n<p>Pierwsza pisemna wzmianka o Bojnicach pochodzi z 1113 r., kiedy to dokumenty Zoborskie wspominaj\u0105 o \u201ede suburbanis Baimoz\u201d jako o przedmie\u015bciu pod zamkiem. Karta ta wspomina r\u00f3wnie\u017c o budynku plebanii; ko\u015bci\u00f3\u0142 pojawia si\u0119 w zachowanych dokumentach z 1244 r., co potwierdza status Bojnic jako centralnego punktu \u017cycia religijnego w G\u00f3rnej Nitrze. W 1366 r. kr\u00f3l Ludwik I W\u0119gierski nada\u0142 miastu prawa miejskie, kt\u00f3re obejmowa\u0142y prawa do rze\u017ani, m\u0142yna, uzdrowiska i regularnych jarmark\u00f3w, k\u0142ad\u0105c tym samym podwaliny pod wzrost gospodarczy poprzez handel i specjalistyczne rzemios\u0142o.<\/p>\n<p>P\u00f3\u017ane \u015bredniowiecze przynios\u0142o niebezpiecze\u0144stwo militarne na granicy karpackiej, co sk\u0142oni\u0142o rodziny Turz, a p\u00f3\u017aniej P\u00e1lffy do nadzorowania budowy mur\u00f3w obronnych wok\u00f3\u0142 zamku i miasta. Do 1663 r. ten bastion zosta\u0142 uko\u0144czony, wzmacniaj\u0105c rol\u0119 Bojnic jako bastionu na kr\u00f3lewskiej drodze znanej jako Magna via, kt\u00f3ra \u0142\u0105czy\u0142a Wiede\u0144 z Siedmiogrodem. Od 1613 do 1823 r. Bojnice by\u0142y jedn\u0105 z najwa\u017cniejszych stacji pocztowych monarchii Habsburg\u00f3w, u\u0142atwiaj\u0105c przep\u0142yw soli, \u017celaza i metali szlachetnych przez Europ\u0119 \u015arodkow\u0105. Cesarz Ferdynand III przywr\u00f3ci\u0142 przywileje miejskie w 1647 r., potwierdzaj\u0105c autonomi\u0119 miejsk\u0105 miasta.<\/p>\n<p>Cechy, odzwierciedlaj\u0105ce z\u0142o\u017cono\u015b\u0107 gospodarki Bojnic, pojawi\u0142y si\u0119 w po\u0142owie XVII wieku. Zapisy z 1653 r. wspominaj\u0105 o obecno\u015bci szewc\u00f3w, murarzy, szewc\u00f3w, krawc\u00f3w, tkaczy, farbiarzy, ku\u015bnierzy i bednarzy. Zarz\u0105dzanie miastem spoczywa\u0142o w r\u0119kach burmistrza i dwunastu senator\u00f3w, wspieranych przez notariusza i hajd\u00facha, kt\u00f3rych instrumenty egzekwowania prawa \u2014 pr\u0119gierz i miejskie wi\u0119zienie \u2014 sta\u0142y na g\u0142\u00f3wnym placu. Bojnice zachowa\u0142y swoj\u0105 rol\u0119 jako centrum gospodarcze, administracyjne i wojskowe regionu do 1872 r., kiedy s\u0105siednia Prievidza stopniowo przej\u0119\u0142a te funkcje na pocz\u0105tku XX wieku.<\/p>\n<p>Sercem nieprzemijaj\u0105cej atrakcyjno\u015bci Bojnic jest sam zamek, po raz pierwszy udokumentowany w 1113 r. jako drewniany fort. Przez kolejne stulecia kolejni w\u0142a\u015bciciele zast\u0119powali drewniane palisady masywnymi kamiennymi murami i wie\u017cami. W XX wieku rodzina P\u00e1lffy, kieruj\u0105c si\u0119 romantyczn\u0105 wra\u017cliwo\u015bci\u0105, przebudowa\u0142a kompleks do obecnej, bajkowej formy, ze smuk\u0142ymi wie\u017cyczkami, ozdobnymi arkadami i sylwetk\u0105 uniesion\u0105 na szczycie trawertynowej ska\u0142y, kt\u00f3ra ukrywa naturaln\u0105 jaskini\u0119. Obecnie w zamku mie\u015bci si\u0119 muzeum narodowe, a jego galerie przechowuj\u0105 artefakty i dzie\u0142a sztuki, kt\u00f3re \u015bledz\u0105 histori\u0119 regionu. Filmowcy wielokrotnie zwracali si\u0119 do jego sugestywnych przestrzeni, a ka\u017cdej wiosny na dziedzi\u0144cu odbywa si\u0119 Mi\u0119dzynarodowy Festiwal Duch\u00f3w i Zjaw, podczas kt\u00f3rego go\u015bcie posiadaj\u0105cy bilety \u2014 op\u0142ata za wst\u0119p wynosi oko\u0142o 150 koron s\u0142owackich \u2014 s\u0105 prowadzeni na teatraln\u0105 rekonstrukcj\u0119 widmowych legend podtrzymywanych przez lokalne legendy. W kalendarzu zamku znajduj\u0105 si\u0119 r\u00f3wnie\u017c wydarzenia sezonowe, takie jak program Bajkowy Zamek, obchody weekendu walentynkowego i wydarzenie Bo\u017ce Narodzenie w Zamku.<\/p>\n<p>\u0179r\u00f3d\u0142a termalne, kt\u00f3re niegdy\u015b przyci\u0105ga\u0142y prehistorycznych my\u015bliwych, nadal potwierdzaj\u0105 wyj\u0105tkowo\u015b\u0107 Bojnic jako jednego z najstarszych uzdrowisk na S\u0142owacji. Pierwsze wzmianki o nich pochodz\u0105 z 1549 r., lecznicza woda wyp\u0142ywa z g\u0142\u0119boko\u015bci od 1200 do 1500 metr\u00f3w, a jej temperatura waha si\u0119 od 28 do 52 \u00baC z dziewi\u0119ciu studni, kt\u00f3re \u0142\u0105cznie odprowadzaj\u0105 oko\u0142o 40 litr\u00f3w na sekund\u0119. Nowoczesne o\u015brodki uzdrowiskowe s\u0105 dostosowane do potrzeb pacjent\u00f3w z zaburzeniami uk\u0142adu ruchu, schorzeniami reumatycznymi, pourazowymi i ortopedycznymi nast\u0119pstwami u nastolatk\u00f3w, schorzeniami neurologicznymi i schorzeniami zawodowymi. W \u015brodku lata odkryte kompleksy p\u0142ywackie \u2014 sk\u0142adaj\u0105ce si\u0119 z trzech basen\u00f3w \u2014 oferuj\u0105 go\u015bciom wytchnienie od upa\u0142u, \u0142\u0105cz\u0105c tradycj\u0119 terapeutyczn\u0105 z rekreacj\u0105.<\/p>\n<p>W 1955 r. utworzenie Bojnickiego Zoo doda\u0142o kolejny wymiar do oferty kulturalnej i naukowej miasta. Do 2006 r. rozros\u0142o si\u0119 do ponad 1800 osobnik\u00f3w zwierz\u0105t reprezentuj\u0105cych 355 gatunk\u00f3w. Jego wybiegi, po\u0142o\u017cone w parku krajobrazowym z okazami drzewnymi z ca\u0142ego \u015bwiata, umo\u017cliwiaj\u0105 blisk\u0105 obserwacj\u0119 75 gatunk\u00f3w ssak\u00f3w, 138 takson\u00f3w ptak\u00f3w, 86 gatunk\u00f3w ryb i 47 odmian gad\u00f3w. Atrakcje skierowane do m\u0142odzie\u017cy, od eksponat\u00f3w edukacyjnych po interaktywne place zabaw, zapewniaj\u0105, \u017ce dzieci bezpo\u015brednio anga\u017cuj\u0105 si\u0119 w procesy ochrony przyrody i historii naturalnej.<\/p>\n<p>Migawki demograficzne odzwierciedlaj\u0105 w du\u017cej mierze jednorodn\u0105 populacj\u0119: spis powszechny z 2001 r. odnotowa\u0142 5006 mieszka\u0144c\u00f3w, z kt\u00f3rych 97,06 procent zidentyfikowa\u0142o si\u0119 jako S\u0142owacy, 0,68 procent jako Czesi i 0,24 procent jako Niemcy (Niemcy karpaccy). Przynale\u017cno\u015b\u0107 religijna by\u0142a zdominowana przez rzymskich katolik\u00f3w (74,55 procent), przy czym 19 procent zg\u0142osi\u0142o brak przynale\u017cno\u015bci religijnej, a oko\u0142o 2 procent wyznaje luteranizm.<\/p>\n<p>Przez ca\u0142y XX wiek Bojnice wykorzystywa\u0142y swoje bogactwo historyczne, zasoby termalne i instytucj\u0119 zoologiczn\u0105, aby sta\u0107 si\u0119 wybitnym celem podr\u00f3\u017cy dla turyst\u00f3w z ca\u0142ej S\u0142owacji i spoza niej. Roczne wydarzenia kulturalne i sportowe przyci\u0105gaj\u0105 t\u0142umy do kompaktowego centrum miasta, gdzie \u015bredniowieczne wzory ulic i zabytkowa architektura przywo\u0142uj\u0105 warstwy ludzkiego wysi\u0142ku. Niezale\u017cnie od tego, czy kto\u015b szuka naukowego wgl\u0105du w prehistoryczn\u0105 archeologi\u0119, kontemplacji w salach zamkowych, terapeutycznej odnowy w wodach uzdrowiskowych, czy te\u017c prostej przyjemno\u015bci obserwowania egzotycznej fauny, Bojnice nagradzaj\u0105 podr\u00f3\u017cnika na ka\u017cdym kroku kalendarza.<\/p>\n<p>W ka\u017cdej porze roku miasto oferuje syntez\u0119 historii, nauki i zdrowia, zbiegaj\u0105c si\u0119 w jednym punkcie, gdzie opary termiczne unosz\u0105 si\u0119 na tle gotyckich wie\u017c, a echa odleg\u0142ych dyli\u017cans\u00f3w pocztowych rozbrzmiewaj\u0105 pod kamiennymi \u0142ukami. Jego trwa\u0142y charakter wy\u0142ania si\u0119 nie z masowego widowiska, ale z cichej godno\u015bci nieprzerwanego osadnictwa, nieustannego przep\u0142ywu ciep\u0142ych \u017ar\u00f3de\u0142 mineralnych i opieki nad tradycjami, kt\u00f3re trwaj\u0105 tysi\u0105clecia. Bojnice s\u0105 \u015bwiadectwem zdolno\u015bci ma\u0142ej spo\u0142eczno\u015bci \u2014 zaledwie pi\u0119ciu tysi\u0119cy dusz \u2014 do podtrzymywania dziedzictwa, kt\u00f3re \u0142\u0105czy paleolitycznych mieszka\u0144c\u00f3w jaski\u0144, \u015bredniowiecznych duchownych, o\u015bwieceniowych in\u017cynier\u00f3w wojskowych i wsp\u00f3\u0142czesnych kurator\u00f3w dziedzictwa naturalnego i kulturowego. Jego historia pozostaje tak samo \u017cywa teraz, jak by\u0142a, gdy pierwsze krzemienie uderza\u0142y w prehistoryczn\u0105 ska\u0142\u0119, zapraszaj\u0105c do refleksji nad kontinuum ludzkiej obecno\u015bci w tym zak\u0105tku Europy \u015arodkowej.<\/p>","protected":false},"excerpt":{"rendered":"<p>Po\u0142o\u017cone w malowniczej dolinie g\u00f3rnej Nitry we wschodniej S\u0142owacji, Bojnice s\u0105 \u015bwiadectwem bogatej gobelinowej historii i kultury europejskiej. To urokliwe miasteczko, licz\u0105ce oko\u0142o 5000 mieszka\u0144c\u00f3w, znajduje si\u0119 tu\u017c pod kultowym zamkiem Bojnice i w pobli\u017cu miasta Prievidza. Bojnice, kt\u00f3re le\u017c\u0105 pod G\u00f3rami Str\u00e1\u017eovskimi, rozwin\u0119\u0142y si\u0119 w jedno z najbardziej lubianych miejsc turystycznych S\u0142owacji i najstarsze uzdrowiska pod wp\u0142ywem swojego strategicznego po\u0142o\u017cenia.<\/p>","protected":false},"author":1,"featured_media":17502,"parent":13300,"menu_order":0,"comment_status":"closed","ping_status":"closed","template":"elementor_theme","meta":{"_eb_attr":"","footnotes":""},"class_list":["post-17238","page","type-page","status-publish","has-post-thumbnail"],"_links":{"self":[{"href":"https:\/\/travelshelper.com\/pl\/wp-json\/wp\/v2\/pages\/17238","targetHints":{"allow":["GET"]}}],"collection":[{"href":"https:\/\/travelshelper.com\/pl\/wp-json\/wp\/v2\/pages"}],"about":[{"href":"https:\/\/travelshelper.com\/pl\/wp-json\/wp\/v2\/types\/page"}],"author":[{"embeddable":true,"href":"https:\/\/travelshelper.com\/pl\/wp-json\/wp\/v2\/users\/1"}],"replies":[{"embeddable":true,"href":"https:\/\/travelshelper.com\/pl\/wp-json\/wp\/v2\/comments?post=17238"}],"version-history":[{"count":0,"href":"https:\/\/travelshelper.com\/pl\/wp-json\/wp\/v2\/pages\/17238\/revisions"}],"up":[{"embeddable":true,"href":"https:\/\/travelshelper.com\/pl\/wp-json\/wp\/v2\/pages\/13300"}],"wp:featuredmedia":[{"embeddable":true,"href":"https:\/\/travelshelper.com\/pl\/wp-json\/wp\/v2\/media\/17502"}],"wp:attachment":[{"href":"https:\/\/travelshelper.com\/pl\/wp-json\/wp\/v2\/media?parent=17238"}],"curies":[{"name":"wp","href":"https:\/\/api.w.org\/{rel}","templated":true}]}}