{"id":17113,"date":"2024-09-25T16:13:12","date_gmt":"2024-09-25T16:13:12","guid":{"rendered":"https:\/\/travelshelper.com\/staging\/?page_id=17113"},"modified":"2026-03-12T21:51:13","modified_gmt":"2026-03-12T21:51:13","slug":"yessentuki","status":"publish","type":"page","link":"https:\/\/travelshelper.com\/pl\/destinations\/europe\/russian-federation\/yessentuki\/","title":{"rendered":"Yessentuki"},"content":{"rendered":"<p>Yessentuki zajmuje charakterystyczne miejsce u podn\u00f3\u017ca g\u00f3r Kaukazu, gdzie cie\u0144 g\u00f3ry Elbrus pada na miasto s\u0142yn\u0105ce z leczniczych w\u00f3d i harmonijnego po\u0142\u0105czenia dziedzictwa kulturowego i wyrafinowania architektonicznego. Po\u0142o\u017cone czterdzie\u015bci trzy kilometry na po\u0142udniowy zach\u00f3d od Mineralnych W\u00f3d i siedemna\u015bcie kilometr\u00f3w na zach\u00f3d od Piatigorska, to centrum miejskie w Kraju Stawropolskim rozci\u0105ga si\u0119 na obszarze okre\u015blonym przez \u017ar\u00f3d\u0142a termalne, zielone parki i aleje u\u0142o\u017cone w \u015bcis\u0142ym prostopad\u0142ym uk\u0142adzie; jego populacja wynosz\u0105ca 119 658 os\u00f3b odnotowana w spisie z 2021 r. \u015bwiadczy o sta\u0142ym wzro\u015bcie z 100 996 w 2010 r. i 81 758 w 2002 r., co odzwierciedla zar\u00f3wno jego nieprzemijaj\u0105c\u0105 atrakcyjno\u015b\u0107, jak i ci\u0105g\u0142\u0105 ewolucj\u0119.<\/p>\n<p>Najwcze\u015bniejsze \u015blady zabudowy Yessentuki si\u0119gaj\u0105 skromnej kozackiej stanicy z po\u0142owy XIX wieku, kiedy drewniane domy skupi\u0142y si\u0119 wok\u00f3\u0142 rodz\u0105cej si\u0119 siatki ulic u\u0142o\u017conych w kratk\u0119, pomy\u015blanej dla uporz\u0105dkowanej ekspansji. Po\u015br\u00f3d tej embrionalnej osady, w latach 20. XIX wieku pojawi\u0142 si\u0119 ma\u0142y drewniany ko\u015bci\u00f3\u0142 po\u015bwi\u0119cony \u015bw. Miko\u0142ajowi, kt\u00f3rego proste linie przypisuje si\u0119 architektom Bernardacci, Giovanniemu i Giuseppe. Ta kaplica pozostaje najstarszym zachowanym zabytkiem architektonicznym, a jej zwietrza\u0142a fasada jest \u015bwiadectwem przekszta\u0142cenia granicznej plac\u00f3wki w s\u0142ynne uzdrowisko.<\/p>\n<p>Odkrycie i rozw\u00f3j \u017ar\u00f3de\u0142 mineralnych wynios\u0142o Yessentuki z prowincjonalnego zapomnienia do s\u0142awy w ca\u0142ym Imperium Rosyjskim. \u0179r\u00f3d\u0142a numer cztery i siedemna\u015bcie, kt\u00f3rych woda ma sk\u0142ad wodorow\u0119glanowo-chlorkowy sodu, wkr\u00f3tce sta\u0142y si\u0119 synonimem skuteczno\u015bci terapeutycznej, ich ciep\u0142o \u2014 wahaj\u0105ce si\u0119 od trzydziestu pi\u0119ciu i p\u00f3\u0142 do czterdziestu sze\u015bciu stopni Celsjusza \u2014 przep\u0142ywa\u0142o przez galerie do picia i prywatne pawilony. W latach 50. XIX wieku rozbudowana galeria zaprojektowana przez S. Uptona w maureta\u0144skim j\u0119zyku oferowa\u0142a odwiedzaj\u0105cym os\u0142oni\u0119ty dost\u0119p do p\u0142yn\u0105cej wody, obramowanej \u0142ukami podkowy i polichromowanymi zdobieniami. Schematy leczenia zaleca\u0142y doustne przyjmowanie wody \u017ar\u00f3dlanej, kt\u00f3ra rzekomo \u0142agodzi\u0142a spektrum zaburze\u0144 trawiennych i zaburze\u0144 metabolicznych.<\/p>\n<p>Jednocze\u015bnie inne \u017ar\u00f3d\u0142a i b\u0142ota urozmaici\u0142y ofert\u0119 lecznicz\u0105. \u0179r\u00f3d\u0142a siarkowodoru w\u0119glowego numer jeden i dwa, obok wody wodorosiarkowo-siarczanowo-wodorow\u0119glanowej wapnia i sodu ze \u017ar\u00f3d\u0142a Gaazo-Ponomarevsky, znalaz\u0142y zastosowanie w k\u0105pielach balneoterapeutycznych, p\u0142ukaniach i inhalacjach. Jezioro Tambukan, oko\u0142o o\u015bmiu kilometr\u00f3w na po\u0142udniowy wsch\u00f3d, dostarczy\u0142o mu\u0142u siarczkowego, z kt\u00f3rego formowano ok\u0142ady b\u0142otne stosowane w leczniczych k\u0105pielach b\u0142otnych. W p\u00f3\u017aniejszych dekadach wprowadzono dodatkowe metody \u2014 klimatoterapi\u0119 wykorzystuj\u0105c\u0105 280 s\u0142onecznych dni w roku w regionie, elektrochromofototerapi\u0119 i inne \u2014 co umocni\u0142o reputacj\u0119 Yessentuki jako kompleksowego o\u015brodka leczenia dolegliwo\u015bci przewodu pokarmowego i zaburze\u0144 metabolicznych.<\/p>\n<p>Fala budownictwa, kt\u00f3ra nast\u0105pi\u0142a po po\u0142owie XIX wieku, nada\u0142a architektoniczny charakter, kt\u00f3ry po\u0142\u0105czy\u0142 neoklasyczn\u0105 pow\u015bci\u0105gliwo\u015b\u0107 z ozdobnym rozmachem. \u0141a\u017anie Niko\u0142ajewskie, uko\u0144czone w 1899 roku wed\u0142ug projektu NV Dmitrijewa i BV Pravzdika, prezentowa\u0142y kolumnadow\u0105 fasad\u0119 o harmonijnych proporcjach. Kilka lat p\u00f3\u017aniej Galeria Handlowa, pomy\u015blana w 1912 roku przez YF Shretera w stonowanym neoklasycznym stylu, mie\u015bci\u0142a sklepy i gabinety konsultacyjne przed jej p\u00f3\u017aniejsz\u0105 przekszta\u0142ceniem w instytut elektroterapii. Wizja Shretera rozszerzy\u0142a si\u0119 dalej w latach 1913\u20131915 na monumentalny budynek leczniczej \u0142a\u017ani b\u0142otnej, przywo\u0142uj\u0105cy na my\u015bl rzymskie termy z jo\u0144skim portykiem i rze\u017abiarskimi zdobieniami autorstwa LA Ditrikha i Wasilija Koz\u0142owa.<\/p>\n<p>Przeplataj\u0105cy si\u0119 z tymi budynkami Park Kurortny \u2014 znany r\u00f3wnie\u017c jako Park Glavny \u2014 le\u017ca\u0142 w sercu dzielnicy uzdrowiskowej, a jego \u015bcie\u017cki wytyczono w 1849 roku w\u015br\u00f3d nasadze\u0144 jesion\u00f3w, d\u0119b\u00f3w, grab\u00f3w, kasztanowc\u00f3w i lip. Na pocz\u0105tku XX wieku nad studniami pojawi\u0142y si\u0119 specjalnie zaprojektowane pawilony zaprojektowane przez NN Semyonowa, a drewniany pawilon widokowy nazwany Oreanda doda\u0142 romantycznej sylwetki na tle koron drzew. Poza p\u00f3\u0142nocno-wschodnimi kra\u0144cami parku, mi\u0119dzy zieleni\u0105 a lini\u0105 kolejow\u0105, pojawi\u0142y si\u0119 prywatne sanatoria i wille: Orlinoye Gnezdo, wzniesione w stylu Art Nouveau w latach 1912\u20131914, oferowa\u0142o odosobnienie w bogato zdobionych pokojach, a Park Angliysky, za\u0142o\u017cony w 1903 roku, stanowi\u0142 zagospodarowane uzupe\u0142nienie dzielnicy dworcowej.<\/p>\n<p>Rola miasta jako w\u0119z\u0142a na linii kolejowej Mineralne Wody\u2013Kislovodsk umocni\u0142a jego dost\u0119pno\u015b\u0107, przyci\u0105gaj\u0105c go\u015bci z ca\u0142ego imperium. Blisko\u015b\u0107 Mineralnych W\u00f3d umie\u015bci\u0142a Yessentuki w szerszym regionie Kaukaskich W\u00f3d Mineralnych, s\u0142yn\u0105cym z koncentracji uzdrowisk i sanatori\u00f3w. Wraz z post\u0119pem XX wieku Yessentuki dostosowa\u0142o si\u0119 do zmieniaj\u0105cych si\u0119 potrzeb: pojawienie si\u0119 Novye Yessentuki na p\u00f3\u0142noc od linii kolejowej przynios\u0142o bloki mieszkalne i strefy przemys\u0142owe, podczas gdy zabytki po\u0142owy XX wieku \u2014 takie jak cztery wielkie wej\u015bcia do Parku Kurortnego wzniesione w latach 50. XX wieku pod kierownictwem PP Yeskova i op\u0142ywowa galeria z 1967 roku przy Spring No. 4 autorstwa VN Fukleva \u2014 odzwierciedla\u0142y architektoniczny s\u0142ownik epoki. Budowa sanatorium Ukraina w 1972 roku doda\u0142a nowoczesne zakwaterowanie do oferty turystyki zdrowotnej.<\/p>\n<p>U podstaw tych wydarze\u0144 le\u017cy wyj\u0105tkowa struktura spo\u0142eczna miasta. Blisko dziesi\u0119\u0107 procent populacji wywodzi swoje korzenie od greckich osadnik\u00f3w, spu\u015bcizny dziewi\u0119tnastowiecznej migracji, kt\u00f3ra przekaza\u0142a \u017cywe tradycje miejskiemu \u015brodowisku. Yessentuki jest cz\u0119sto uwa\u017cane za stolic\u0119 kulturaln\u0105 greckiej diaspory Rosji, gdzie stowarzyszenia spo\u0142eczno\u015bci piel\u0119gnuj\u0105 j\u0119zyk, kuchni\u0119 i obrz\u0119dy w wieloetnicznym kontek\u015bcie ukszta\u0142towanym przez wp\u0142ywy rosyjskie, kozackie i kaukaskie.<\/p>\n<p>Warunki klimatyczne dodatkowo okre\u015bli\u0142y charakter kurortu. Umiarkowanie kontynentalny w typie, Yessentuki do\u015bwiadcza zim, kt\u00f3re zwykle oscyluj\u0105 wok\u00f3\u0142 minus czterech stopni Celsjusza w styczniu, przerywane sporadycznymi silnymi przymrozkami i cz\u0119stymi mg\u0142ami. Kr\u00f3tki okres wiosenny ust\u0119puje latu, kt\u00f3rego \u015brednia temperatura w lipcu wynosi dwadzie\u015bcia pi\u0119\u0107 stopni Celsjusza, kiedy to przewa\u017caj\u0105 suche, wschodnie wiatry pod niebem, kt\u00f3re zapewnia trzysta pogodnych dni w roku. Jesie\u0144 \u0142agodnie rozci\u0105ga si\u0119 do pa\u017adziernika, ze \u015bredni\u0105 temperatur\u0105 we wrze\u015bniu mi\u0119dzy pi\u0119tnastoma a dwudziestoma stopniami Celsjusza, zanim ust\u0105pi zimowym cyklom roztop\u00f3w i zamarzania. Roczne opady wynosz\u0105ce oko\u0142o pi\u0119\u0107set milimetr\u00f3w zapewniaj\u0105 ziele\u0144 w parkach, pozostawiaj\u0105c jednocze\u015bnie mn\u00f3stwo mo\u017cliwo\u015bci spacer\u00f3w na \u015bwie\u017cym powietrzu.<\/p>\n<p>Mozaika historii Yessentuki \u2014 jego za\u0142o\u017cenie jako skromnej osady, rozw\u00f3j jako centrum balneoterapii, architektoniczne rozkwity i kultywowanie odr\u0119bnej to\u017csamo\u015bci kulturowej \u2014 nadal rezonuje w XXI wieku. Nowoczesne przedsi\u0119biorstwa butelkuj\u0105 wod\u0119 ze \u017ar\u00f3de\u0142 czwartego i siedemnastego pod mark\u0105 Yessentuki zar\u00f3wno do cel\u00f3w medycznych, jak i sto\u0142owych, podczas gdy sanatoria i pensjonaty otaczaj\u0105 Park Kurortny, tak jak robi\u0105 to od ponad wieku. Symbioza zasob\u00f3w naturalnych, dziedzictwa architektonicznego i \u017cycia spo\u0142eczno\u015bci przetrwa\u0142a, chroni\u0105c miasto przed przemijaniem i obdarzaj\u0105c je poczuciem trwa\u0142o\u015bci.<\/p>\n<p>Istota Yessentuki le\u017cy w tej ci\u0105g\u0142o\u015bci: miejsce, w kt\u00f3rym podziemne dary ziemi ukszta\u0142towa\u0142y ludzkie wysi\u0142ki, daj\u0105c pocz\u0105tek budynkom o wyrafinowanych proporcjach i zielonym przestrzeniom o wywa\u017conym pi\u0119knie. Jego ulice \u2014 niegdy\u015b zaprojektowane tak, aby pomie\u015bci\u0107 kozackie wozy \u2014 teraz przewo\u017c\u0105 odwiedzaj\u0105cych poszukuj\u0105cych dobrego samopoczucia po\u015br\u00f3d klasycznych pawilon\u00f3w i promenad wy\u0142o\u017conych kasztanowcami. Jego populacja, pochodz\u0105ca z r\u00f3\u017cnych \u015brodowisk, ale zwi\u0105zana rytua\u0142em \u017ar\u00f3de\u0142, podtrzymuje kulturow\u0105 witalno\u015b\u0107, kt\u00f3ra o\u017cywia codzienne \u017cycie. Taka sp\u00f3jno\u015b\u0107 po\u015br\u00f3d zmian definiuje charakter Yessentuki: miasto uzdrowiskowe, w kt\u00f3rym woda, architektura i spo\u0142eczno\u015b\u0107 \u0142\u0105cz\u0105 si\u0119, tworz\u0105c trwa\u0142y obraz u progu Kaukazu.<\/p>","protected":false},"excerpt":{"rendered":"<p>Yessentuki, miasto po\u0142o\u017cone w Kraju Stawropolskim w Rosji, licz\u0105ce 119 658 mieszka\u0144c\u00f3w wed\u0142ug spisu z 2021 r. Ten urokliwy obszar metropolitalny po\u0142o\u017cony jest u podn\u00f3\u017ca spektakularnych g\u00f3r Kaukazu, w cieniu wznosz\u0105cej si\u0119 g\u00f3ry Elbrus. Strategiczne po\u0142o\u017cenie Yessentuki, 43 kilometry na po\u0142udniowy zach\u00f3d od Mineralnych W\u00f3d i zaledwie 17 kilometr\u00f3w na zach\u00f3d od Piatigorska, czyni je wa\u017cn\u0105 stacj\u0105 kolejow\u0105 na linii Mineralne Wody-Kislovodsk. S\u0142awa miasta opiera si\u0119 na jego s\u0142ynnych \u017ar\u00f3d\u0142ach mineralnych i leczniczych \u0142a\u017aniach, co czyni je istotnym elementem uznanego obszaru Kaukaskich W\u00f3d Mineralnych. To naturalne bogactwo ukszta\u0142towa\u0142o charakter i gospodark\u0119 Yessentuki, kusz\u0105c ludzi z daleka i szeroko poszukuj\u0105cych leczniczych mocy jego w\u00f3d.<\/p>","protected":false},"author":1,"featured_media":17478,"parent":11976,"menu_order":0,"comment_status":"closed","ping_status":"closed","template":"elementor_theme","meta":{"_eb_attr":"","footnotes":""},"class_list":["post-17113","page","type-page","status-publish","has-post-thumbnail"],"_links":{"self":[{"href":"https:\/\/travelshelper.com\/pl\/wp-json\/wp\/v2\/pages\/17113","targetHints":{"allow":["GET"]}}],"collection":[{"href":"https:\/\/travelshelper.com\/pl\/wp-json\/wp\/v2\/pages"}],"about":[{"href":"https:\/\/travelshelper.com\/pl\/wp-json\/wp\/v2\/types\/page"}],"author":[{"embeddable":true,"href":"https:\/\/travelshelper.com\/pl\/wp-json\/wp\/v2\/users\/1"}],"replies":[{"embeddable":true,"href":"https:\/\/travelshelper.com\/pl\/wp-json\/wp\/v2\/comments?post=17113"}],"version-history":[{"count":0,"href":"https:\/\/travelshelper.com\/pl\/wp-json\/wp\/v2\/pages\/17113\/revisions"}],"up":[{"embeddable":true,"href":"https:\/\/travelshelper.com\/pl\/wp-json\/wp\/v2\/pages\/11976"}],"wp:featuredmedia":[{"embeddable":true,"href":"https:\/\/travelshelper.com\/pl\/wp-json\/wp\/v2\/media\/17478"}],"wp:attachment":[{"href":"https:\/\/travelshelper.com\/pl\/wp-json\/wp\/v2\/media?parent=17113"}],"curies":[{"name":"wp","href":"https:\/\/api.w.org\/{rel}","templated":true}]}}