{"id":17095,"date":"2024-09-25T15:41:46","date_gmt":"2024-09-25T15:41:46","guid":{"rendered":"https:\/\/travelshelper.com\/staging\/?page_id=17095"},"modified":"2026-03-12T21:51:17","modified_gmt":"2026-03-12T21:51:17","slug":"zeleznowodsk","status":"publish","type":"page","link":"https:\/\/travelshelper.com\/pl\/destinations\/europe\/russian-federation\/zheleznovodsk\/","title":{"rendered":"\u017beleznowodsk"},"content":{"rendered":"<p>\u017beleznowodsk to kompaktowe, ale bogate w histori\u0119 uzdrowisko na po\u0142udniowych stokach Wielkiego Kaukazu w Kraju Stawropolskim w Rosji. Zajmuj\u0105ce dziewi\u0119\u0107dziesi\u0105t trzy kilometry kwadratowe na wysoko\u015bci od 470 do 650 metr\u00f3w, to centrum uzdrowiskowe liczy oko\u0142o 24 433 mieszka\u0144c\u00f3w wed\u0142ug spisu z 2010 roku. Po\u0142o\u017cone mi\u0119dzy g\u00f3rami Beshtau i \u017beleznaja, jego nazwa \u2014 \u201e\u017celazista woda-miejsce\u201d \u2014 \u015bwiadczy o bogatych w \u017celazo \u017ar\u00f3d\u0142ach mineralnych, kt\u00f3re od prawie dw\u00f3ch stuleci przyci\u0105gaj\u0105 poszukiwaczy zdrowia i ukojenia.<\/p>\n<p>Po\u015br\u00f3d zalesionych wzg\u00f3rz, kt\u00f3re obrze\u017caj\u0105 region Kaukaskich W\u00f3d Mineralnych, \u017beleznowodsk zyska\u0142 na znaczeniu na pocz\u0105tku XIX wieku, kiedy w 1825 roku naturalny las na wschodnim zboczu g\u00f3ry \u017beleznaja zosta\u0142 ukszta\u0142towany w to, co sta\u0142o si\u0119 Parkiem Uzdrowiskowym \u017beleznowodsk. In\u017cynierowie i lekarze uznali, \u017ce te lasy, nasycone tlenem i fitoncydami emitowanymi przez drzewa iglaste, oferuj\u0105 terapeutyczne obietnice. W po\u0142owie lat 60. XIX wieku w\u0142adze lokalne zacz\u0119\u0142y eksploatowa\u0107 mu\u0142 siarczkowy z jeziora Tambukan \u2014 po\u0142o\u017conego niedaleko na po\u0142udnie \u2014 ze wzgl\u0119du na jego w\u0142a\u015bciwo\u015bci antybakteryjne i biologicznie stymuluj\u0105ce. Pod koniec tej dekady pionierzy in\u017cynierii g\u00f3rniczej Anton Nezlobinsky i Niko\u0142aj S\u0142awjanow zmapowali podziemne warstwy wodono\u015bne i u\u0142atwili pierwsze systematyczne butelkowanie i dystrybucj\u0119 unikalnych w\u00f3d mineralnych regionu.<\/p>\n<p>Pod koniec XIX wieku reputacja \u017beleznowodska jako uzdrowiska pog\u0142\u0119bi\u0142a si\u0119. Budowa czterech g\u0142\u00f3wnych pijalni \u2014 Lermontowskiej, S\u0142awianowskiej, Smirnowskiej i Zapadnego \u2014 zapewni\u0142a zorganizowane miejsca do kuracji pitnych i terapii inhalacyjnych. Francuscy specjali\u015bci Jules Fran\u00e7ois i L\u00e9on Dru kr\u00f3tko doradzali w zakresie rozwoju studni, jednak rosyjska wiedza specjalistyczna ostatecznie ukszta\u0142towa\u0142a infrastruktur\u0119 hydrogeologiczn\u0105 miasta. W 1893 roku projekt \u0141a\u017ani Ostrowskiego autorstwa architekta P. Yu. Suzora wprowadzi\u0142 neomaureta\u0144ski pawilon w pobli\u017cu stacji kolejowej, oferuj\u0105cy k\u0105piele mineralne i zabiegi b\u0142otne w otoczeniu por\u00f3wnywanym przez wsp\u00f3\u0142czesnych do najwspanialszych europejskich budowli uzdrowiskowych. Cztery lata p\u00f3\u017aniej, w styczniu 1897 roku, oficjalnie otwarto lini\u0119 kolejow\u0105 \u017beleznowodsk\u2013Besztau, chocia\u017c jej strome nachylenie wymaga\u0142o ma\u0142ej lokomotywy czo\u0142gowej i ograniczonej obs\u0142ugi do poci\u0105g\u00f3w dwuwagonowych.<\/p>\n<p>Otwarcie Galerii Puszkina 20 maja 1902 r. jeszcze bardziej urozmaici\u0142o ofert\u0119 kulturaln\u0105 \u017beleznowodska. Ten Kursaal, zbudowany w Sankt Petersburgu i Warszawie i wzorowany na pawilonie maszynowym z 1896 r. z Ni\u017cnonowogrodzkiej Wystawy Przemys\u0142owej, go\u015bci\u0142 s\u0142awnych aktor\u00f3w, takich jak WF Komissarzhevskaya i M. Dalsky. W 1918 r., po\u015br\u00f3d rewolucyjnego zapa\u0142u, galeria sta\u0142a si\u0119 miejscem proklamacji w\u0142adzy radzieckiej w mie\u015bcie. Sto lat p\u00f3\u017aniej ta sala pozostaje federalnym zabytkiem dziedzictwa kulturowego, a jej wn\u0119trze zdobi rze\u017aba Aleksandra Puszkina z 1937 r. autorstwa SD Merkurowa.<\/p>\n<p>W okresie mi\u0119dzywojennym nast\u0105pi\u0142y zar\u00f3wno upi\u0119kszenia architektoniczne, jak i reorganizacja administracyjna. W 1936 r. NA Papkov zaprojektowa\u0142 g\u00f3rny segment tego, co mia\u0142o sta\u0107 si\u0119 Schodami Kaskadowymi, ogromn\u0105 kamienn\u0105 ozdob\u0105 schodz\u0105c\u0105 z pijalni Smirnovsky w kierunku ozdobnego jeziora. Pocz\u0105tkowo pomy\u015blane jako cz\u0119\u015bciowy element jednolitego planu, schody zawiera\u0142y rze\u017abiarskie fontanny przedstawiaj\u0105ce postacie z bajek \u2014 Pani\u0105 Miedzianej G\u00f3ry, Mistrza Danil\u0119, Nimf\u0119 i Ksi\u0119\u017cniczk\u0119 \u017bab\u0119 \u2014 i s\u0142u\u017cy\u0142y jako kana\u0142 dla przep\u0142ywu wody mineralnej. W mi\u0119dzyczasie plani\u015bci miejscy przenie\u015bli dzia\u0142alno\u015b\u0107 przemys\u0142ow\u0105 i transportow\u0105, wraz z du\u017c\u0105 cz\u0119\u015bci\u0105 zabudowy mieszkaniowej, do Inoziemcewa, zachowuj\u0105c dzielnic\u0119 uzdrowiskow\u0105 \u017beleznowodska jako obszar o wyj\u0105tkowej czysto\u015bci \u015brodowiska.<\/p>\n<p>II wojna \u015bwiatowa rzuci\u0142a kr\u00f3tki cie\u0144 na t\u0119 enklaw\u0119 uzdrowiskow\u0105, gdy wojska niemieckie okupowa\u0142y miasto od 10 sierpnia 1942 r. do 12 stycznia 1943 r. Szybkie wyzwolenie \u017beleznowodzka przez wojska radzieckie przywr\u00f3ci\u0142o mu rol\u0119 o\u015brodka rekonwalescencji, a powracaj\u0105cy kuracjusze szukali tu leczenia chor\u00f3b wojennych w sanatoriach i pijalniach w\u00f3d.<\/p>\n<p>W czasach sowieckich \u017beleznowodsk sta\u0142 si\u0119 jedn\u0105 z pi\u0119ciu g\u0142\u00f3wnych gmin obejmuj\u0105cych Kaukaskie Wody Mineralne \u2014 obok Piatigorska, Jessentuki, Kis\u0142owodzka i Mineralnych W\u00f3d \u2014 ka\u017cda z nich przyczyni\u0142a si\u0119 do wsp\u00f3lnej reputacji w leczeniu chor\u00f3b uk\u0142adu pokarmowego, nerek i w\u0105troby. Do 1989 roku populacja miasta osi\u0105gn\u0119\u0142a 28 460 os\u00f3b; zmiany demograficzne w kolejnych dekadach przynios\u0142y liczby 25 135 w 2002 roku i 24 433 w 2010 roku. 23 wrze\u015bnia 1991 roku \u017beleznowodsk osi\u0105gn\u0105\u0142 znaczenie geopolityczne, gdy w jego sanatorium podpisano komunikat przez Borysa Jelcyna, Nursu\u0142tana Nazarbajewa, Ajaza Mutallibowa i Lewona Ter-Petrosjana, co oznacza\u0142o porozumienie mi\u0119dzy powstaj\u0105cymi pa\u0144stwami postsowieckimi.<\/p>\n<p>Reformy administracyjne na pocz\u0105tku XXI wieku nada\u0142y \u017beleznowodskowi, wraz z Inoziemcewo, status \u201emiasta o znaczeniu krai\u201d, co nada\u0142o mu status r\u00f3wnowa\u017cny do poziomu powiatu. Jako okr\u0119g miejski zarz\u0105dza lokalnymi rz\u0105dami, zachowuj\u0105c jednocze\u015bnie swoj\u0105 podstawow\u0105 to\u017csamo\u015b\u0107 jako uzdrowiska. Skupienie to zyska\u0142o krajowe uznanie w 2003 r., kiedy \u017beleznowodsk otrzyma\u0142 tytu\u0142 \u201eNajlepszego miasta Rosji\u201d w\u015br\u00f3d ma\u0142ych miast, co odzwierciedla\u0142o zar\u00f3wno jego infrastruktur\u0119 medyczn\u0105, jak i dba\u0142o\u015b\u0107 o \u015brodowisko.<\/p>\n<p>Klimat miasta \u2014 klasyfikowany jako g\u00f3rsko-le\u015bny, \u015bredniog\u00f3rski, alpejski i umiarkowanie suchy \u2014 znacz\u0105co przyczynia si\u0119 do jego terapeutycznego \u015brodowiska. Zimy pozostaj\u0105 \u0142agodne, smagane podmuchami wiatru kierowanymi mi\u0119dzy Beshtau i Zheleznaya przez lokalny kana\u0142 aerodynamiczny; lata charakteryzuj\u0105 si\u0119 ciep\u0142ymi dniami i ch\u0142odnymi nocami, obfitym s\u0142o\u0144cem i \u0142agodnymi wiatrami. D\u0142ugoterminowe obserwacje por\u00f3wnuj\u0105 atmosfer\u0119 Zheleznovodsk do atmosfery kurort\u00f3w Central Alpe, podkre\u015blaj\u0105c wysokie nasycenie tlenem i bogate w fitoncydy powietrze.<\/p>\n<p>Turystyka zdrowotna opiera si\u0119 na dw\u00f3ch podstawowych zasobach naturalnych: \u017ar\u00f3d\u0142ach wody mineralnej i mule siarczkowym. Ponad dwadzie\u015bcia \u017ar\u00f3de\u0142 wyp\u0142ywa z g\u0142\u0119boko\u015bci przekraczaj\u0105cych 1500 metr\u00f3w, a ich wody s\u0105 nieprawid\u0142owo podgrzewane przez intruzje magmowe pod g\u00f3r\u0105 Zheleznaya. Te bogate w wodorow\u0119glan wapnia wody \u2014 wyj\u0105tkowe w Europie, poniewa\u017c \u0142\u0105cz\u0105 wysok\u0105 temperatur\u0119 ze znaczn\u0105 ilo\u015bci\u0105 rozpuszczonych substancji sta\u0142ych \u2014 s\u0142u\u017c\u0105 do picia, k\u0105pieli i inhalacji, a ich zmienna temperatura i zawarto\u015b\u0107 dwutlenku w\u0119gla stanowi\u0105 podstaw\u0119 zalece\u0144 lekarskich. Ta geologiczna osobliwo\u015b\u0107 wynika z krystalicznej magmy, kt\u00f3ra przebi\u0142a si\u0119 przez warstwy wapienia kredowego, tworz\u0105c kana\u0142y dla g\u0142\u0119bokich p\u0142yn\u00f3w hydrotermalnych.<\/p>\n<p>Jezioro Tambukan, znane z ciemnego, plastycznego b\u0142ota bogatego w \u017celazo, jod, cynk, mied\u017a i srebro, dostarcza leczniczego mu\u0142u stosowanego od 1866 roku. Bogate w biogenne stymulatory i zwi\u0105zki podobne do antybiotyk\u00f3w, b\u0142oto to stanowi podstaw\u0119 leczenia schorze\u0144 uk\u0142adu mi\u0119\u015bniowo-szkieletowego, dermatologicznych i ginekologicznych w lokalnych sanatoriach. Jeziora Lysogorsk, w pobli\u017cu Inoziemcewa, uzupe\u0142niaj\u0105 dostawy b\u0142ota, zapewniaj\u0105c sta\u0142e \u017ar\u00f3d\u0142o dla nowoczesnych instytucji uzdrowiskowych miasta.<\/p>\n<p>Ponad dwadzie\u015bcia wsp\u00f3\u0142czesnych uzdrowisk \u2014 w\u015br\u00f3d nich Kavkaz, Gorny Vozdukh, Dubovaya Roshcha, Beshtau, Rus, Maszuk i Elbrus \u2014 przyjmuje rocznie ponad osiemdziesi\u0105t tysi\u0119cy go\u015bci. Obiekty wyposa\u017cone s\u0105 w zaawansowany sprz\u0119t diagnostyczny i specjalistyczne zabiegi okr\u0119\u017cnicy, a jednocze\u015bnie kontynuuj\u0105 tradycje balneoterapii i ok\u0142ad\u00f3w b\u0142otnych, kt\u00f3re si\u0119gaj\u0105 czas\u00f3w, gdy imperium przyj\u0119\u0142o hydroterapi\u0119.<\/p>\n<p>Opr\u00f3cz swojego medycznego powo\u0142ania, \u017beleznowodsk jest o\u017cywiony szeregiem zabytk\u00f3w architektonicznych i kulturowych. \u017belazna G\u00f3ra, lub G\u00f3ra \u017beleznaja, wznosi si\u0119 na 853 metry jako sto\u017cek lakkolitowy zwie\u0144czony p\u0142askowy\u017cem o powierzchni 200 metr\u00f3w kwadratowych. Utwardzona \u015bcie\u017cka zdrowia wznosi si\u0119 na ponad trzy kilometry od podstawy miasta, \u0142\u0105cz\u0105c tereny parkowe z panoramicznymi widokami na kaukaski basen w\u00f3d mineralnych. Asfaltowa droga okr\u0105\u017ca podn\u00f3\u017ce g\u00f3ry, zapewniaj\u0105c dost\u0119p zar\u00f3wno odwiedzaj\u0105cym, jak i mieszka\u0144com.<\/p>\n<p>Schody Kaskadowe przesz\u0142y kompleksow\u0105 renowacj\u0119 w 2019 r., rozszerzaj\u0105c ich dolne partie do brzegu jeziora i integruj\u0105c nowe elementy projektu: przypominaj\u0105c\u0105 kszta\u0142tem ksi\u0105\u017ck\u0119 pompowni\u0119 z inskrypcj\u0105 z Michai\u0142a Lermontowa, pomnik dr. Fiodora Gaaza \u2014 jednego z pierwszych odkrywc\u00f3w \u017ar\u00f3de\u0142 regionu \u2014 oraz p\u0142askorze\u017aby cara Aleksandra I, genera\u0142a Aleksieja Jermo\u0142owa i pisarzy Lwa To\u0142stoja, Aleksandra Puszkina i samego Lermontowa. Schody o ponad sze\u015bciuset stopniach \u0142\u0105cz\u0105 w sobie terapeutyczny, pami\u0105tkowy i estetyczny wymiar.<\/p>\n<p>Dworzec kolejowy, zaprojektowany przez architekta kolei w\u0142adykaukaskiej E. Deskubesa, otwarto wraz z g\u0142\u00f3wn\u0105 lini\u0105 Mineralne Wody\u2013Kislovodsk. Jego imponuj\u0105ca fasada pozostaje chronionym zabytkiem architektonicznym pomimo okresowego zawieszenia us\u0142ug; po zamkni\u0119ciach po wrze\u015bniu 2008 r. poci\u0105gi wznowi\u0142y ruch na ograniczony czas w 2010 r. oraz mi\u0119dzy sierpniem 2013 r. a marcem 2014 r., zanim sta\u0142e po\u0142\u0105czenie elektryczne z Kis\u0142owodskiem zosta\u0142o przywr\u00f3cone 20 kwietnia 2019 r.<\/p>\n<p>Ostatnio, 19 czerwca 2008 r., \u017beleznowodsk doda\u0142 odrobin\u0119 fantazji do swojej sztuki miejskiej, ods\u0142aniaj\u0105c wa\u017c\u0105c\u0105 365 kilogram\u00f3w mosi\u0119\u017cn\u0105 statu\u0119 lewatywy przed uzdrowiskiem Maszuk. Ten wyj\u0105tkowy pomnik podkre\u015bla szczere przyj\u0119cie przez miasto dziedzictwa leczenia okr\u0119\u017cnicy i jest przyk\u0142adem po\u0142\u0105czenia powa\u017cnego celu medycznego z beztroskim urokiem.<\/p>\n<p>Bardziej kontemplacyjna atrakcja znajduje si\u0119 w Alley of Love, obsadzonej drzewami promenadzie przed Western Pump Room. Udekorowana artystycznymi instalacjami, sprz\u0119tem fitness, \u0142awkami i hu\u015btawkami, ta piesza arteria zaprasza do delikatnych \u0107wicze\u0144 i spokojnej refleksji po\u015br\u00f3d rze\u017abionej zieleni. Jest przyk\u0142adem zaanga\u017cowania \u017beleznowodzka w holistyczne dobre samopoczucie, rozszerzaj\u0105c do\u015bwiadczenie terapeutyczne poza formalne zabiegi spa.<\/p>\n<p>W trakcie swojej ewolucji \u017beleznowodsk kultywowa\u0142 harmonijn\u0105 syntez\u0119 naturalnego wyposa\u017cenia i ludzkiej pomys\u0142owo\u015bci. Od genezy jako le\u015bno-parkowego azylu do wsp\u00f3\u0142czesnego statusu o\u015brodka doskona\u0142o\u015bci medycznej, miasto zachowa\u0142o powietrze, wod\u0119 i gleb\u0119 o wyj\u0105tkowej czysto\u015bci, nawet gdy rozwija\u0142o infrastruktur\u0119, aby pomie\u015bci\u0107 go\u015bci z ca\u0142ej Rosji i spoza niej. Jego \u015brodowisko zabudowane \u2014 od neomaureta\u0144skich \u0142a\u017ani po okaza\u0142e schody i galerie kulturalne \u2014 przedstawia histori\u0119 adaptacji i afirmacji.<\/p>\n<p>W swej istocie \u017beleznowodsk pozostaje zdefiniowany przez wod\u0119, kt\u00f3ra wznosi si\u0119 ciep\u0142a i wyporna z g\u0142\u0119bokich warstw, przez b\u0142oto, kt\u00f3re leczy dzi\u0119ki mineralnej mocy, i przez g\u00f3ry, kt\u00f3re oprawiaj\u0105 ka\u017cdy horyzont ponadczasow\u0105 obecno\u015bci\u0105. Tutaj ka\u017cdy krok na wybrukowanych kamieniem \u015bcie\u017ckach i ka\u017cdy \u0142yk z bogatego w \u017celazo \u017ar\u00f3d\u0142a potwierdza pojedyncz\u0105 obietnic\u0119: \u017ce po\u015br\u00f3d przekonuj\u0105cych kontur\u00f3w Kaukazu po\u0142\u0105czenie si\u0142y natury i architektonicznej gracji mo\u017ce przynie\u015b\u0107 odnow\u0119 zar\u00f3wno cia\u0142u, jak i duchowi.<\/p>","protected":false},"excerpt":{"rendered":"<p>\u017beleznowodsk, po\u0142o\u017cony w Kraju Stawropolskim w Rosji, mia\u0142 populacj\u0119 24 433 os\u00f3b wed\u0142ug spisu z 2010 r., co wskazuje na sta\u0142y spadek w por\u00f3wnaniu z poprzednimi latami. Ta atrakcyjna lokalizacja, kt\u00f3rej nazwa oznacza \u201e\u017celazno-wodne miejsce\u201d, s\u0142ynie z naturalnych \u017ar\u00f3de\u0142, o kt\u00f3rych m\u00f3wi si\u0119, \u017ce maj\u0105 wysok\u0105 zawarto\u015b\u0107 \u017celaza, co wp\u0142yn\u0119\u0142o na jej to\u017csamo\u015b\u0107 i ekonomi\u0119 na przestrzeni lat.<\/p>","protected":false},"author":1,"featured_media":17506,"parent":11976,"menu_order":0,"comment_status":"closed","ping_status":"closed","template":"elementor_theme","meta":{"_eb_attr":"","footnotes":""},"class_list":["post-17095","page","type-page","status-publish","has-post-thumbnail"],"_links":{"self":[{"href":"https:\/\/travelshelper.com\/pl\/wp-json\/wp\/v2\/pages\/17095","targetHints":{"allow":["GET"]}}],"collection":[{"href":"https:\/\/travelshelper.com\/pl\/wp-json\/wp\/v2\/pages"}],"about":[{"href":"https:\/\/travelshelper.com\/pl\/wp-json\/wp\/v2\/types\/page"}],"author":[{"embeddable":true,"href":"https:\/\/travelshelper.com\/pl\/wp-json\/wp\/v2\/users\/1"}],"replies":[{"embeddable":true,"href":"https:\/\/travelshelper.com\/pl\/wp-json\/wp\/v2\/comments?post=17095"}],"version-history":[{"count":0,"href":"https:\/\/travelshelper.com\/pl\/wp-json\/wp\/v2\/pages\/17095\/revisions"}],"up":[{"embeddable":true,"href":"https:\/\/travelshelper.com\/pl\/wp-json\/wp\/v2\/pages\/11976"}],"wp:featuredmedia":[{"embeddable":true,"href":"https:\/\/travelshelper.com\/pl\/wp-json\/wp\/v2\/media\/17506"}],"wp:attachment":[{"href":"https:\/\/travelshelper.com\/pl\/wp-json\/wp\/v2\/media?parent=17095"}],"curies":[{"name":"wp","href":"https:\/\/api.w.org\/{rel}","templated":true}]}}