{"id":17071,"date":"2024-09-25T14:20:43","date_gmt":"2024-09-25T14:20:43","guid":{"rendered":"https:\/\/travelshelper.com\/staging\/?page_id=17071"},"modified":"2026-03-12T21:17:11","modified_gmt":"2026-03-12T21:17:11","slug":"sinaia","status":"publish","type":"page","link":"https:\/\/travelshelper.com\/pl\/destinations\/europe\/romania\/sinaia\/","title":{"rendered":"Sinaia"},"content":{"rendered":"<p>Sinaia, po\u0142o\u017cona na wysoko\u015bci od 767 do 860 metr\u00f3w nad poziomem morza w dolinie rzeki Prahova w Muntenii w Rumunii, wy\u0142ania si\u0119 jako g\u00f3rski kurort, kt\u00f3rego to\u017csamo\u015b\u0107 jest nierozerwalnie zwi\u0105zana z klasztorem z XVII wieku i kr\u00f3lewskim patronatem z ko\u0144ca XIX wieku. Nazwane na cze\u015b\u0107 klasztoru Sinaia, za\u0142o\u017conego w 1695 roku i czerpi\u0105cego inspiracj\u0119 z biblijnej g\u00f3ry Synaj, miasto rozros\u0142o si\u0119 wok\u00f3\u0142 tego duchowego j\u0105dra do miejsca docelowego licz\u0105cego 9071 mieszka\u0144c\u00f3w, jak odnotowano w spisie z 2021 roku, w por\u00f3wnaniu z 10 410 dekad\u0119 wcze\u015bniej. Po\u0142o\u017cona oko\u0142o 65 kilometr\u00f3w na p\u00f3\u0142nocny zach\u00f3d od Ploeszti i 48 kilometr\u00f3w na po\u0142udnie od Braszowa, osada ta dominuje nad krajobrazem, kt\u00f3ry ukszta\u0142towa\u0142 jej klimat, \u015brodki ochrony, dziedzictwo architektoniczne i lokaln\u0105 kultur\u0119.<\/p>\n<p>Pod niebem, kt\u00f3re zmienia si\u0119 mi\u0119dzy jesiennym lazurem a stalow\u0105 szaro\u015bci\u0105 zimy, pocz\u0105tki Sinai le\u017c\u0105 w kamieniach jej klasztoru. Zesp\u00f3\u0142 sk\u0142adaj\u0105cy si\u0119 z ko\u015bcio\u0142a \u201eWniebowzi\u0119cia Naj\u015bwi\u0119tszej Marii Panny\u201d, kaplicy, klasztoru i cel klasztornych otoczonych \u015bredniowiecznym murem obronnym, miejsce to s\u0142u\u017cy\u0142o zar\u00f3wno jako duchowe schronienie, jak i architektoniczna kotwica. Jego fundamenty nada\u0142y osadzie nazw\u0119, a jego p\u00f3\u017aniejsza reputacja pokoju i odosobnienia po\u0142o\u017cy\u0142a podwaliny pod spo\u0142eczno\u015b\u0107, kt\u00f3rej losy ros\u0142y i upada\u0142y wraz z odp\u0142ywami historii. Pod koniec XIX wieku kr\u00f3l Rumunii Karol I postanowi\u0142 za\u0142o\u017cy\u0107 swoj\u0105 letni\u0105 rezydencj\u0119 po\u015br\u00f3d zalesionych zboczy G\u00f3r Bucegi, zlecaj\u0105c budow\u0119 zamku Pele\u0219 w latach 1873\u20131883. Nowy kompleks kr\u00f3lewski, kt\u00f3ry mia\u0142 obejmowa\u0107 zamek Peli\u0219or, zamek Foi\u0219or i kilka pomocniczych willi i budynk\u00f3w us\u0142ugowych, przekszta\u0142ci\u0142 Sinai\u0119 w preferowany sezonowy dom w\u0142adcy i przyci\u0105gn\u0105\u0142 szlacht\u0119 i bur\u017cuazj\u0119, kt\u00f3rzy szukali blisko\u015bci korony.<\/p>\n<p>Po\u0142o\u017cenie miasta mi\u0119dzy masywem Bucegi na zachodzie a pag\u00f3rkowatymi podn\u00f3\u017cami na wschodzie dyktuje jego klimatologi\u0119. Sklasyfikowane jako ciep\u0142y, wilgotny klimat kontynentalny (K\u00f6ppen Dfb), Sinaia jest \u015bwiadkiem lat, kt\u00f3re rozpoczynaj\u0105 si\u0119 ulewnymi deszczami, gdy burze wywo\u0142ane przez orograficzne wypi\u0119trzenie przetaczaj\u0105 si\u0119 przez dolin\u0119. Temperatury pozostaj\u0105 wysokie nawet w lipcu, zach\u0119caj\u0105c do d\u0142ugich spacer\u00f3w w powietrzu pachn\u0105cym sosnami. Zimy przychodz\u0105 z umiarkowanym ch\u0142odem i obfitymi opadami \u015bniegu. W po\u0142owie listopada o\u015brodek zwykle pokrywa jednolita warstwa \u015bniegu; na wi\u0119kszych wysoko\u015bciach g\u0142\u0119boko\u015b\u0107 mo\u017ce wzrosn\u0105\u0107 do trzech metr\u00f3w, podczas gdy w dnie doliny wynosi \u015brednio oko\u0142o 20 centymetr\u00f3w. Warunki te historycznie umo\u017cliwia\u0142y jazd\u0119 na nartach zjazdowych od pocz\u0105tku grudnia do marca, ale w ostatnich latach lokalni obserwatorzy zauwa\u017cyli wp\u0142yw globalnego ocieplenia atmosferycznego: sezony \u015bnie\u017cne uleg\u0142y skr\u00f3ceniu, a wzorce opad\u00f3w sta\u0142y si\u0119 bardziej nieregularne.<\/p>\n<p>Ochrona delikatnej flory i las\u00f3w wysokog\u00f3rskich sta\u0142a si\u0119 obywatelskim nakazem. W obr\u0119bie miasta i jego bezpo\u015bredniego otoczenia surowe przepisy zabraniaj\u0105 wycinania jakichkolwiek drzew i zakazuj\u0105 zbierania ro\u015blin alpejskich. Piwonia g\u00f3rska (Rhododendron kotschyi), szarotka alpejska (Leontopodium alpinum) i goryczka \u017c\u00f3\u0142ta (Gentiana lutea) ciesz\u0105 si\u0119 prawnym azylem pod surowymi karami. Tury\u015bci mog\u0105 rozbija\u0107 kempingi tylko w specjalnie wyznaczonych strefach, gdzie egzekwowanie norm \u015brodowiskowych jest rygorystyczne. Poza tymi \u015brodkami Sinaia znajduje si\u0119 na wschodnim zboczu Parku Narodowego Bucegi, chronionego regionu obejmuj\u0105cego 326,63 kilometr\u00f3w kwadratowych, z czego 58,05 kilometr\u00f3w kwadratowych podlega \u015bcis\u0142ej ochronie. Te enklawy chroni\u0105 strome szczyty, takie jak V\u00e2rful cu Dor, Furnica i Piatra Ars\u0103, i s\u0105 przedmiotem ci\u0105g\u0142ych patroli zespo\u0142\u00f3w ratownictwa g\u00f3rskiego i policji g\u00f3rskiej.<\/p>\n<p>Szersza sie\u0107 ekologiczna obejmuje dwie stacje badawcze w dystrykcie Cump\u0103tu. W pobli\u017cu wej\u015bcia do Cump\u0103tu znajduje si\u0119 \u201egaj olchowy Sinaia\u201d, rezerwat botaniczny pod patronatem Rumu\u0144skiej Akademii i Instytutu Biologii w Bukareszcie. Dalej znajduje si\u0119 obj\u0119te patronatem UNESCO centrum ekologiczne za\u0142o\u017cone przez Jacques&#039;a-Yves&#039;a Cousteau i nadzorowane przez Uniwersytet w Bukareszcie, kt\u00f3re bada faun\u0119 g\u00f3r Bucegi. Kompleks obejmuje muzeum, kt\u00f3re przedstawia interakcje mi\u0119dzy lokaln\u0105 przyrod\u0105 a obecno\u015bci\u0105 cz\u0142owieka, oferuj\u0105c naukowy wgl\u0105d, kt\u00f3ry pog\u0142\u0119bia zrozumienie \u015brodowiska alpejskiego przez zwiedzaj\u0105cych poza jego atrakcyjno\u015bci\u0105 rekreacyjn\u0105.<\/p>\n<p>Zaj\u0119cia rekreacyjne w Sinaia wykraczaj\u0105 daleko poza stoki. Urbani\u015bci i animatorzy kultury wymy\u015blili Sinaia Forever \u2014 znany r\u00f3wnie\u017c jako Festiwal Jesienny \u2014 aby przywo\u0142a\u0107 atmosfer\u0119 miasta z lat 40. XX wieku, prezentuj\u0105c jednocze\u015bnie wsp\u00f3\u0142czesnych wykonawc\u00f3w. Tradycyjnie odbywaj\u0105cy si\u0119 w ostatni weekend wrze\u015bnia, wydarzenie to odbywa si\u0119 teraz na pocz\u0105tku wrze\u015bnia. Przez trzy dni ruch samochodowy znika z centralnej arterii, ust\u0119puj\u0105c miejsca chodnikom kontyngent\u00f3w paradnych, sprzedawc\u00f3w jedzenia i przeja\u017cd\u017cek dla dzieci. Koncerty uznanych rumu\u0144skich muzyk\u00f3w wype\u0142niaj\u0105 sceny na \u015bwie\u017cym powietrzu, gdy mieszka\u0144cy i wczasowicze spotykaj\u0105 si\u0119 w towarzyskim towarzystwie. Festiwal podkre\u015bla zdolno\u015b\u0107 miasta do r\u00f3wnowa\u017cenia dziedzictwa i innowacji, odnawiania tradycji bez uciekania si\u0119 do zwyk\u0142ej nostalgii.<\/p>\n<p>Uzupe\u0142nieniem tej \u015bwi\u0105tecznej uroczysto\u015bci jest pomnik, kt\u00f3ry m\u00f3wi o mi\u0119dzynarodowej solidarno\u015bci. W 2015 r. zainaugurowano plac Eagles of Freedom Plaza, aby uczci\u0107 pami\u0119\u0107 378 ameryka\u0144skich \u017co\u0142nierzy, kt\u00f3rzy zgin\u0119li w Rumunii podczas II wojny \u015bwiatowej. W jego sercu znajduje si\u0119 Ksi\u0119ga Amerykan\u00f3w \u2014 marmurowa p\u0142yta z nazwiskami poleg\u0142ych \u2014 kt\u00f3ra zach\u0119ca do spokojnej refleksji. Pami\u0105tkowa tablica podkre\u015bla historyczne wi\u0119zi przyja\u017ani mi\u0119dzy Rumuni\u0105 a Stanami Zjednoczonymi. Dygnitarze, tacy jak burmistrz Sinai, ameryka\u0144ski attach\u00e9 obrony w Rumunii i holenderski ambasador w Bukareszcie, nadali uroczysto\u015bci uroczysty charakter, potwierdzaj\u0105c status placu jako miejsca pami\u0119ci i symbolu wsp\u00f3lnych warto\u015bci.<\/p>\n<p>Profil demograficzny miasta odzwierciedla zar\u00f3wno ci\u0105g\u0142o\u015b\u0107, jak i zmiany. Wed\u0142ug spisu z 2021 r. Rumuni stanowi\u0105 83,2 proc. populacji, podczas gdy 15,62 proc. nie deklaruje przynale\u017cno\u015bci etnicznej. W kwestiach wiary 79,84 proc. identyfikuje si\u0119 jako prawos\u0142awni, 1,33 proc. jako rzymskokatolicy, a 16,96 proc. ponownie wstrzymuje si\u0119 od odpowiedzi. Liczby te oznaczaj\u0105 spadek w por\u00f3wnaniu z poprzednim spisem, co sugeruje zmiany demograficzne, kt\u00f3re mog\u0105 korelowa\u0107 z mo\u017cliwo\u015bciami ekonomicznymi, kosztami mieszkaniowymi i sezonowym charakterem lokalnego rynku pracy. Jednak obecno\u015b\u0107 rodzin zwi\u0105zanych z turystyk\u0105, le\u015bnictwem i instytucjami kulturalnymi zapewni\u0142a, \u017ce \u200b\u200bpodstawowa to\u017csamo\u015b\u0107 miasta przetrwa\u0142a.<\/p>\n<p>Dziedzictwo architektoniczne pozostaje najbardziej widocznym \u015bwiadectwem ewolucji Sinaia. Jedena\u015bcie pomnik\u00f3w o znaczeniu krajowym wyr\u00f3\u017cnia krajobraz miasta. W\u015br\u00f3d nich znajduj\u0105 si\u0119 kasyno Sinaia, wzniesione w latach 1912\u20131913 w celu organizacji gier karcianych i koncert\u00f3w; hotel Caraiman z 1911 r., kt\u00f3rego fasada jest studium elegancji kurortu z pocz\u0105tku XX wieku; willa Aliny \u015etirbei (1875), obecnie dzielnica finansowa Sinaia; oraz willa Emila Costinescu, kt\u00f3rej pierwotna konstrukcja z 1892 r. zosta\u0142a rozbudowana w latach 1918\u20131939. Kompleks dworca kolejowego Sinaia obejmuje dworzec kr\u00f3lewski z 1870 r. i dworzec pasa\u017cerski z okresu mi\u0119dzywojennego (1930\u20131940), architektoniczny palimpsest opowiadaj\u0105cy o kolejnych momentach rozwoju miasta. Dom historyka Nicolae Iorgi (1918) stanowi podstaw\u0119 dziedzictwa intelektualnego, podczas gdy Hotel Furnica i Hotel Palace, oba pochodz\u0105ce z ko\u0144ca XIX i pocz\u0105tku XX wieku, zachowuj\u0105 apogeum turystyki Belle \u00c9poque. Willa Take Ionescu i dom George&#039;a Enescu (1923\u20131926) dodatkowo potwierdzaj\u0105 atrakcyjno\u015b\u0107 tego miejsca dla luminarzy politycznych i kulturalnych. Wreszcie klasztor Sinaia i zesp\u00f3\u0142 zamku Pele\u0219 \u2014 obejmuj\u0105cy g\u0142\u00f3wny zamek, Peli\u0219or, Foi\u0219or, Economat Villa, elektrowni\u0119 (dawniej m\u0142yn klasztorny), Casa Ceramicii, Villa Cavalerilor, Villa \u015eipot i kilka innych willi w parku zamkowym \u2014 tworz\u0105 dwa filary duchowej i \u015bwieckiej w\u0142adzy, kt\u00f3re zdefiniowa\u0142y miasto.<\/p>\n<p>Opr\u00f3cz tych narodowych skarb\u00f3w, rejestr okr\u0119gu Prahova wymienia sze\u015b\u0107dziesi\u0105t trzy inne wille i domy uznane za lokalne, a tak\u017ce krzy\u017c pami\u0105tkowy oznaczaj\u0105cy gr\u00f3b Badei C\u00e2r\u021ban (1911). Te mniejsze punkty orientacyjne, rozproszone w\u015br\u00f3d ulic mieszkalnych i le\u015bnych polan, wzmacniaj\u0105 poczucie, \u017ce dziedzictwo Sinai jest wplecione w codzienne \u017cycie, a nie ograniczone do kilku okaza\u0142ych budowli.<\/p>\n<p>Na tym tle Muzeum Miasta Sinaia zajmuje szczeg\u00f3lne miejsce jako najnowsza atrakcja kulturalna kurortu. Muzeum mie\u015bci si\u0119 w dawnym zamku \u015etirbey \u2014 jego architektura w stylu niemieckiego romantyzmu osadzona jest po\u015br\u00f3d pozosta\u0142o\u015bci parku naturalnego \u2014 przywracaj\u0105c atmosfer\u0119 posiad\u0142o\u015bci Aliny \u015etirbey, niegdy\u015b jednej z najbardziej znanych posiad\u0142o\u015bci rodziny. Niewielkie jezioro, niegdy\u015b zasilane ozdobnym strumieniem i odbijaj\u0105ce fasad\u0119 w swoich spokojnych wodach, przywo\u0142uje atmosfer\u0119 g\u00f3rskiego odosobnienia z ko\u0144ca XIX wieku. Niedaleko znajduje si\u0119 kaplica zam\u00f3wiona przez Stirbey\u00f3w i namalowana przez Gheorghe Tattarescu, kt\u00f3ra podkre\u015bla przeci\u0119cie si\u0119 wiary i sztuki, kt\u00f3re przenikaj\u0105 ten region.<\/p>\n<p>Przez ca\u0142\u0105 swoj\u0105 histori\u0119 Sinaia r\u00f3wnowa\u017cy\u0142a swoje podw\u00f3jne impulsy: s\u0142u\u017cy\u0107 jako sanktuarium do kontemplacji i jako centrum spotka\u0144 towarzyskich. Klasztorny spok\u00f3j ust\u0105pi\u0142 miejsca kr\u00f3lewskiej paradzie; modni zagraniczni go\u015bcie ust\u0105pili miejsca akademickim badaczom; sezonowe festiwale \u0142\u0105czy\u0142y historyczne wspomnienia ze wsp\u00f3\u0142czesnymi praktykami. Ostro\u017cna opieka gminy nad zasobami naturalnymi \u2014 przejawiaj\u0105ca si\u0119 w \u015bcis\u0142ej ochronie flory, utrzymywaniu patroli wysokog\u00f3rskich i zarz\u0105dzaniu infrastruktur\u0105 turystyczn\u0105 \u2014 mia\u0142a na celu zapewnienie, \u017ce witalno\u015b\u0107 gospodarcza nie odbywa si\u0119 kosztem integralno\u015bci \u015brodowiskowej.<\/p>\n<p>Wzajemne oddzia\u0142ywanie geografii, klimatu i ludzkiej dzia\u0142alno\u015bci nadal kszta\u0142tuje trajektori\u0119 miasta. Poszerzenie dr\u00f3g krajowych i rozbudowa us\u0142ug kolejowych uczyni\u0142y Sinai\u0119 bardziej dost\u0119pn\u0105 dla go\u015bci krajowych i zagranicznych, podczas gdy wysoko\u015b\u0107 i szeroko\u015b\u0107 geograficzna miasta sprawiaj\u0105, \u017ce lata s\u0105 umiarkowane, a zimy niezawodnie \u015bnie\u017cne, nawet gdy zmiany klimatyczne zmuszaj\u0105 lokalne w\u0142adze do dostosowania si\u0119. Sezonowo\u015b\u0107 opad\u00f3w, z obfitymi opadami deszczu na pocz\u0105tku lata i sta\u0142\u0105 pokryw\u0105 \u015bnie\u017cn\u0105 od listopada do kwietnia, okre\u015bli\u0142a rytm \u017cycia publicznego i wp\u0142yn\u0119\u0142a na formy architektoniczne, kt\u00f3re chroni\u0105 przed wilgoci\u0105 i ch\u0142odem.<\/p>\n<p>Spadek demograficzny miasta od 2011 r. wskazuje na wyzwania typowe dla g\u00f3rskich kurort\u00f3w: wysokie koszty utrzymania, ograniczone ca\u0142oroczne zatrudnienie poza sektorem turystycznym i atrakcyjno\u015b\u0107 o\u015brodk\u00f3w miejskich. Jednak trwa\u0142a obecno\u015b\u0107 instytucji badawczych, organizacji kulturalnych i inicjatyw konserwatorskich sugeruje dywersyfikacj\u0119 lokalnej gospodarki. Rezerwat botaniczny i o\u015brodek powi\u0105zany z UNESCO przyci\u0105gaj\u0105 naukowc\u00f3w i student\u00f3w; Muzeum Miejskie przyczynia si\u0119 do turystyki kulturalnej; festiwale i miejsca upami\u0119tniaj\u0105ce przyci\u0105gaj\u0105 t\u0142umy poza sezonem narciarskim.<\/p>\n<p>W cieniu szczyt\u00f3w Bucegi Sinaia wykszta\u0142ci\u0142a to\u017csamo\u015b\u0107, kt\u00f3ra nie jest ani statyczna, ani czysto performatywna. Jej klasztorne korzenie, kr\u00f3lewskie dziedzictwo i wsp\u00f3\u0142czesne zobowi\u0105zania do ochrony i bada\u0144 zbiegaj\u0105 si\u0119 we wsp\u00f3lnocie, kt\u00f3ra ceni zar\u00f3wno tradycj\u0119, jak i innowacj\u0119. Nag\u0142y spadek populacji od czasu poprzedniego spisu powszechnego s\u0142u\u017cy jako przypomnienie, \u017ce samo naturalne pi\u0119kno i historyczna wspania\u0142o\u015b\u0107 nie mog\u0105 zagwarantowa\u0107 stabilno\u015bci. Ostro\u017cno\u015b\u0107 fiskalna, czujno\u015b\u0107 \u015brodowiskowa i programowanie kulturalne musz\u0105 dzia\u0142a\u0107 w harmonii, je\u015bli Sinaia ma pozosta\u0107 \u017cywym miastem, a nie eksponatem muzealnym.<\/p>\n<p>Jako miasto wypoczynkowe Sinaia zyska\u0142a mi\u0119dzynarodow\u0105 renom\u0119 dzi\u0119ki zespo\u0142om architektonicznym, parkowi naturalnemu, festiwalom i obiektom sport\u00f3w zimowych. Jednak jej prawdziwy charakter ujawnia si\u0119 w delikatnej r\u00f3wnowadze, kt\u00f3r\u0105 utrzymuje: mi\u0119dzy oddaniem a wypoczynkiem, ochron\u0105 a rozwojem, pami\u0119ci\u0105 a odnow\u0105. Od marmurowych stron Eagles of Freedom Plaza po p\u0142atki chronionej Mountain Peony, ka\u017cdy element miasta uciele\u015bnia \u015bwiadomo\u015b\u0107 krucho\u015bci i determinacj\u0119 do przetrwania. W takim napi\u0119ciu tkwi istota Sinai \u2014 miejsca, w kt\u00f3rym historia nie jest po prostu upami\u0119tniana, ale nieustannie wyobra\u017cana na nowo w odpowiedzi na zmieniaj\u0105ce si\u0119 kontury \u015brodowiska i spo\u0142ecze\u0144stwa.<\/p>\n<p>W swoich klasztornych kamieniach i rokokowych wie\u017cyczkach, deszczowych latach i \u015bnie\u017cnych zimach Sinaia jest jednocze\u015bnie sanktuarium i scen\u0105, zapraszaj\u0105c tych, kt\u00f3rzy si\u0119 tam zapuszczaj\u0105, by zobaczyli, jak spo\u0142eczno\u015b\u0107 mo\u017ce zakotwiczy\u0107 swoje poczucie siebie w trwa\u0142o\u015bci kamienia i p\u0142ynno\u015bci p\u00f3r roku. Chroni\u0105c swoje dziedzictwo naturalne, szanuj\u0105c swoj\u0105 przesz\u0142o\u015b\u0107 i otwieraj\u0105c si\u0119 na wymian\u0119 naukow\u0105 i kulturaln\u0105, miasto utrwala cykl wgl\u0105du i odnowy, kt\u00f3ry rozci\u0105ga si\u0119 daleko poza jego bezpo\u015bredni\u0105 dolin\u0119. Tak jak G\u00f3ry Bucegi czuwaj\u0105 nad biegiem rzeki Prahova, tak Sinaia, wpleciona w sam\u0105 geografi\u0119 Muntenii, czuwa nad delikatn\u0105 wsp\u00f3\u0142zale\u017cno\u015bci\u0105 ludzkich aspiracji i nakaz\u00f3w miejsca.<\/p>","protected":false},"excerpt":{"rendered":"<p>Sinaia to malownicza wioska i g\u00f3rski kurort w rumu\u0144skim okr\u0119gu Prahova, licz\u0105cy oko\u0142o 9000 mieszka\u0144c\u00f3w. Oko\u0142o 65 kilometr\u00f3w na p\u00f3\u0142nocny zach\u00f3d od Ploeszti i 48 kilometr\u00f3w na po\u0142udnie od Braszowa, to urokliwe miejsce jest cz\u0119\u015bci\u0105 historycznego regionu Muntenia. Na wysoko\u015bci od 767 do 860 metr\u00f3w nad poziomem morza, unikalne ukszta\u0142towanie geograficzne miasta umieszcza je w g\u00f3rzystym terenie wzd\u0142u\u017c dorzecza rzeki Prahova, bezpo\u015brednio na wsch\u00f3d od wspania\u0142ych g\u00f3r Bucegi.<\/p>","protected":false},"author":1,"featured_media":17586,"parent":11908,"menu_order":0,"comment_status":"closed","ping_status":"closed","template":"elementor_theme","meta":{"_eb_attr":"","footnotes":""},"class_list":["post-17071","page","type-page","status-publish","has-post-thumbnail"],"_links":{"self":[{"href":"https:\/\/travelshelper.com\/pl\/wp-json\/wp\/v2\/pages\/17071","targetHints":{"allow":["GET"]}}],"collection":[{"href":"https:\/\/travelshelper.com\/pl\/wp-json\/wp\/v2\/pages"}],"about":[{"href":"https:\/\/travelshelper.com\/pl\/wp-json\/wp\/v2\/types\/page"}],"author":[{"embeddable":true,"href":"https:\/\/travelshelper.com\/pl\/wp-json\/wp\/v2\/users\/1"}],"replies":[{"embeddable":true,"href":"https:\/\/travelshelper.com\/pl\/wp-json\/wp\/v2\/comments?post=17071"}],"version-history":[{"count":0,"href":"https:\/\/travelshelper.com\/pl\/wp-json\/wp\/v2\/pages\/17071\/revisions"}],"up":[{"embeddable":true,"href":"https:\/\/travelshelper.com\/pl\/wp-json\/wp\/v2\/pages\/11908"}],"wp:featuredmedia":[{"embeddable":true,"href":"https:\/\/travelshelper.com\/pl\/wp-json\/wp\/v2\/media\/17586"}],"wp:attachment":[{"href":"https:\/\/travelshelper.com\/pl\/wp-json\/wp\/v2\/media?parent=17071"}],"curies":[{"name":"wp","href":"https:\/\/api.w.org\/{rel}","templated":true}]}}