{"id":17035,"date":"2024-09-25T12:28:10","date_gmt":"2024-09-25T12:28:10","guid":{"rendered":"https:\/\/travelshelper.com\/staging\/?page_id=17035"},"modified":"2026-03-12T21:02:12","modified_gmt":"2026-03-12T21:02:12","slug":"baile-tusznad","status":"publish","type":"page","link":"https:\/\/travelshelper.com\/pl\/destinations\/europe\/romania\/baile-tusnad\/","title":{"rendered":"B\u0103ile Tusznad"},"content":{"rendered":"<p>B\u0103ile Tu\u015fnad le\u017cy na styku g\u00f3r i dolin, a jego istnienie zosta\u0142o ukszta\u0142towane przez nieustanny przep\u0142yw bogatych w minera\u0142y \u017ar\u00f3de\u0142 i warstwow\u0105 histori\u0119 Transylwanii. Z zarejestrowan\u0105 populacj\u0105 1372 os\u00f3b w 2021 r., posiada wyr\u00f3\u017cnienie jako najmniejsze miasto w Rumunii pod wzgl\u0119dem liczby mieszka\u0144c\u00f3w, ale ma rezonans znacznie przekraczaj\u0105cy jego zasi\u0119g demograficzny. Po\u0142o\u017cona na wysoko\u015bci 650 metr\u00f3w w po\u0142udniowych kra\u0144cach depresji Ciuc, osada rozci\u0105ga si\u0119 mi\u0119dzy pasmami Harghita i Bodoc, obejmuj\u0105c kr\u0119ty bieg rzeki Olt. Zarz\u0105dzaj\u0105c r\u00f3wnie\u017c poblisk\u0105 wiosk\u0105 Carpitus, B\u0103ile Tu\u015fnad prezentuje si\u0119 nie tylko jako jednostka geograficzna, ale jako \u017cywe repozytorium tradycji uzdrowiskowych, cud\u00f3w geologicznych i ci\u0105g\u0142o\u015bci kulturowej.<\/p>\n<p>Kontury dziedzictwa mineralnego B\u0103ile Tu\u015fnad stopniowo wy\u0142ania\u0142y si\u0119 z lokalnej pami\u0119ci do formalnego uznania na pocz\u0105tku XIX wieku. Pisemne zapisy m\u00f3wi\u0105 o wodach \u017ar\u00f3dlanych w rejonie Tu\u015fnad ju\u017c w XVIII wieku, jednak dopiero w 1842 roku plotka stwardnia\u0142a i przekszta\u0142ci\u0142a si\u0119 w legend\u0119, kiedy syn pasterza rzekomo znalaz\u0142 ulg\u0119 w uporczywej wysypce po zanurzeniu si\u0119 w jednym ze \u017ar\u00f3de\u0142. Takie opowie\u015bci, opowiadane w j\u0119zyku potocznym ludu Sz\u00e9kely, po raz pierwszy popchn\u0119\u0142y lokaln\u0105 ciekawo\u015b\u0107 do zorganizowanego przedsi\u0119wzi\u0119cia. Do 1845 roku za\u0142o\u017cono firm\u0119 z wyra\u017anym celem wykorzystania siedmiu odr\u0119bnych \u017ar\u00f3de\u0142, kt\u00f3rych musuj\u0105ce wody, nasycone dwutlenkiem w\u0119gla w procesach podziemnych, zawiera\u0142y z\u0142o\u017con\u0105 chemi\u0119 sodu, wodorow\u0119glanu, chloru i \u015bladowych pierwiastk\u00f3w \u017celazistych. Ta wczesna inwestycja w hydroterapi\u0119 przewidywa\u0142a podej\u015bcie naukowe, jednak nie by\u0142a odporna na wstrz\u0105sy polityczne. Potyczki podczas rewolucji w latach 1848\u20131849 obr\u00f3ci\u0142y powstaj\u0105c\u0105 stacj\u0119 k\u0105pielow\u0105 w gruzy, ale cesarz Franciszek J\u00f3zef osobi\u015bcie nakaza\u0142 jej odbudow\u0119 podczas wizyty w 1852 r., potwierdzaj\u0105c tym samym cesarskie upowa\u017cnienie do dzia\u0142ania tego powstaj\u0105cego uzdrowiska.<\/p>\n<p>W dekadzie po 1860 roku B\u0103ile Tu\u015fnad przyspieszy\u0142o w kierunku swojej nowoczesnej to\u017csamo\u015bci. \u0179r\u00f3d\u0142o Mikes, nazwane na cze\u015b\u0107 hrabiego Benedeka Mikesa \u2014 przewodnicz\u0105cego komitetu uzdrowiskowego \u2014 jako pierwsze przesz\u0142o analiz\u0119 chemiczn\u0105, sfinansowan\u0105 przez samego Mikesa. Ten moment oznacza\u0142 przej\u015bcie od rodzimej wiedzy do bada\u0144 laboratoryjnych, a zatem wody mineralne Tu\u015fnad zyska\u0142y reputacj\u0119 opart\u0105 na pomiarach empirycznych. Otwarcie Centrum Medycznego Stef\u00e1nia w 1890 roku, zaprojektowanego przez B\u00e9l\u0119 Kuklai, a p\u00f3\u017aniej znanego po prostu jako \u201eSf\u00e2nta Ana\u201d, zinstytucjonalizowa\u0142o praktyk\u0119 terapeutyczn\u0105. Tutaj pacjenci otrzymywali leczenie zaburze\u0144 sercowo-naczyniowych, zaburze\u0144 uk\u0142adu nerwowego, dolegliwo\u015bci trawiennych i nieprawid\u0142owo\u015bci endokrynologicznych, wszystko to podparte re\u017cimem k\u0105pieli gazowanych, terapii galwanicznych i parafinowych, r\u0119cznego masa\u017cu odruchowego i ukierunkowanego przyjmowania wody mineralnej.<\/p>\n<p>Budowa sztucznego jeziora Ciuca\u015f w 1900 r. wprowadzi\u0142a nowy element do krajobrazu miasta, kt\u00f3ry p\u00f3\u017aniej zosta\u0142 przy\u0107miony przez naturalny cud jeziora Sf\u00e2nta Ana. Utworzone w kraterze wulkanicznym na wysoko\u015bci 950 metr\u00f3w i po\u0142o\u017cone zaledwie dwa kilometry na po\u0142udniowy wsch\u00f3d, to szmaragdowe jezioro pozostaje unikatem w Rumunii. Jego pojawienie si\u0119 \u2014 z komory magmowej do wype\u0142nionego wod\u0105 basenu \u2014 nadaje krajobrazowi geologiczn\u0105 odr\u0119bno\u015b\u0107, przyci\u0105gaj\u0105c odwiedzaj\u0105cych zar\u00f3wno do jego odblaskowej powierzchni, jak i rzadkich zbiorowisk ro\u015blinnych zachowanych w s\u0105siednim Tinovul Mohos, bogatym w torfowce torfowcowe torfowisku wyznaczonym jako rezerwat przyrody.<\/p>\n<p>Przez ca\u0142y koniec XIX i pocz\u0105tek XX wieku to\u017csamo\u015b\u0107 B\u0103ile Tu\u015fnad przeplata\u0142a si\u0119 ze zmieniaj\u0105cymi si\u0119 geografiami politycznymi. Po\u0142o\u017cone w krainie Sz\u00e9kely w historycznej Transylwanii, stanowi\u0142o cz\u0119\u015b\u0107 dystryktu Cs\u00edksz\u00e9k w Kr\u00f3lestwie W\u0119gier, dop\u00f3ki reformy administracyjne z 1876 roku nie umie\u015bci\u0142y go w komitacie Cs\u00edk. Nast\u0119pstwa I wojny \u015bwiatowej, a konkretnie zjednoczenie Transylwanii z Rumuni\u0105 w grudniu 1918 roku, doprowadzi\u0142y do \u200b\u200bprzeniesienia w\u0142adzy administracyjnej do Bukaresztu. Konflikt w\u0119giersko-rumu\u0144ski w latach 1918\u20131919 potwierdzi\u0142 rumu\u0144skie rz\u0105dy, a Traktat z Trianon z 1920 roku ratyfikowa\u0142 te zmiany, sytuuj\u0105c B\u0103ile Tu\u015fnad w komitacie Ciuc w okresie mi\u0119dzywojennym. Drugi arbitra\u017c wiede\u0144ski z 1940 r. odwr\u00f3ci\u0142 t\u0119 trajektori\u0119, przywracaj\u0105c p\u00f3\u0142nocn\u0105 Transylwani\u0119 administracji w\u0119gierskiej do ko\u0144ca 1944 r., kiedy to nacieraj\u0105ce si\u0142y rumu\u0144skie i radzieckie wyzwoli\u0142y terytorium. Radziecka administracja wojskowa trwa\u0142a do 9 marca 1945 r., po czym miasto ponownie znalaz\u0142o si\u0119 pod jurysdykcj\u0105 rumu\u0144sk\u0105. Powojenna reorganizacja umie\u015bci\u0142a B\u0103ile Tu\u015fnad w Autonomicznym Regionie W\u0119gierskim w latach 1952\u20131960, a nast\u0119pnie w Autonomicznym Regionie Mure\u015f-W\u0119gierskim a\u017c do jego rozwi\u0105zania w 1968 r. Od tego roku miasto by\u0142o administrowane jako cz\u0119\u015b\u0107 powiatu Harghita.<\/p>\n<p>Zmiany demograficzne w ostatnich dekadach odzwierciedlaj\u0105 szersze wzorce wyludniania si\u0119 obszar\u00f3w wiejskich i ci\u0105g\u0142o\u015bci etnicznej. Spis powszechny z 2011 r. odnotowa\u0142 1617 mieszka\u0144c\u00f3w, z kt\u00f3rych 90,3 proc. stanowili W\u0119grzy Szekely, obok spo\u0142eczno\u015bci etnicznych Rumun\u00f3w (6,9 proc.) i Rom\u00f3w (2,6 proc.). Do 2021 r. populacja spad\u0142a do 1372, jednak sk\u0142ad etniczny pozosta\u0142 w przewa\u017caj\u0105cej mierze w\u0119gierski. Profil wyznaniowy dodatkowo podkre\u015bla historyczne powi\u0105zania: katolicy rzymscy stanowi\u0105 trzy czwarte wiernych, a prawos\u0142awni, reformowani, \u015awiadkowie Jehowy i inne wyznania stanowi\u0105 reszt\u0119, podczas gdy cz\u0119\u015b\u0107 mieszka\u0144c\u00f3w zdecydowa\u0142a si\u0119 nie deklarowa\u0107 to\u017csamo\u015bci religijnej.<\/p>\n<p>Na tle tej demograficznej kanwy uzdrowisko nadal podkre\u015bla sw\u00f3j naturalny i kulturowy urok. Wskazania terapeutyczne dla odwiedzaj\u0105cych obejmuj\u0105 szereg schorze\u0144, w szczeg\u00f3lno\u015bci choroby uk\u0142adu kr\u0105\u017cenia \u2014 rekonwalescencj\u0119 po zawale, nadci\u015bnienie i zaburzenia zastawkowe \u2014 a tak\u017ce zespo\u0142y neurowegetatywne, przewlek\u0142e zaburzenia trawienne i \u0142agodne zaburzenia endokrynologiczne, takie jak nadczynno\u015b\u0107 tarczycy. Zabiegi obejmuj\u0105 r\u00f3\u017cne metody, kt\u00f3re \u0142\u0105cz\u0105 hydroterapi\u0119 \u2014 w gazowanych, \u017celazistych i hipotonicznych wodach pobieranych w temperaturze od 7 do 14 stopni Celsjusza \u2014 z pr\u0105dami elektrycznymi, magnetoterapi\u0105, aplikacjami parafiny, naparami zio\u0142owymi i manualn\u0105 refleksologi\u0105. Subalpejski klimat, charakteryzuj\u0105cy si\u0119 \u015bredni\u0105 roczn\u0105 temperatur\u0105 o\u015bmiu stopni Celsjusza, epizodycznymi zimnymi zimami, ograniczonym zachmurzeniem i powietrzem wzbogaconym w \u017cywiczne aerozole i jonami ujemnymi, uzupe\u0142nia te interwencje, oferuj\u0105c tonizuj\u0105cy bioklimat, kt\u00f3ry miasto reklamuje jako sprzyjaj\u0105cy odm\u0142odzeniu fizycznemu i intelektualnemu.<\/p>\n<p>Opr\u00f3cz infrastruktury terapeutycznej, otaczaj\u0105cy krajobraz oferuje szereg atrakcji, kt\u00f3re wyd\u0142u\u017caj\u0105 do\u015bwiadczenie zwiedzaj\u0105cego. Na wysoko\u015bci 701 metr\u00f3w, Apor Tower oferuje panoramiczne perspektywy; po raz pierwszy wzniesiona w 1883 roku i pieczo\u0142owicie odrestaurowana w 2008 roku, stanowi \u015bwiadectwo dziewi\u0119tnastowiecznego romantyzmu i wsp\u00f3\u0142czesnej ochrony przyrody. Niedaleko Falcons&#039; Rock \u015bwiadczy o bogactwie ornitologicznym regionu, podczas gdy wulkaniczna kotlina jeziora Sf\u00e2nta Ana pozostaje klejnotem koronnym cud\u00f3w natury. Jezioro Moss Bog, lub Tinovul Mohos, chroni rzadkie ro\u015bliny naczyniowe i gatunki torfowc\u00f3w, a jego mi\u0119kkie pag\u00f3rki zach\u0119caj\u0105 do ostro\u017cnej eksploracji wzd\u0142u\u017c k\u0142adek. W promieniu od trzydziestu do czterdziestu kilometr\u00f3w znajduj\u0105 si\u0119 miejsca etnograficzne i religijne: Twierdza Miko w Miercurea Ciuc mie\u015bci muzeum etnograficzne; Klasztor franciszkan\u00f3w w \u015eumuleu Ciuc zachowa\u0142 jedne z niewielu gotyckich organ\u00f3w piszcza\u0142kowych w Transylwanii; pomnik Szeklera w Siculeni upami\u0119tnia lokalne dziedzictwo; Odorheiu Secuiesc prezentuje ruiny twierdzy z XVI wieku; a Sf\u00e2ntu Gheorghe prezentuje gotyck\u0105 architektur\u0119 w swoim ko\u015bciele reformowanym oraz narodowym muzeum sztuki i etnografii.<\/p>\n<p>Kalendarz kulturalny podkre\u015bla rytmy sezonowe festiwalami folklorystycznymi i procesjami. Ka\u017cdego czerwca Balvanyos Song, Dance and Folk Costume Festival przywraca do \u017cycia tradycyjn\u0105 choreografi\u0119 i stroje, a w lipcu odbywa si\u0119 Folklore Festival w Ica Fortress w Cernat Commune. W grudniu zamaskowana procesja Cernat przywo\u0142uje przedchrze\u015bcija\u0144skie zwyczaje poprzez wyszukane kostiumy i inscenizacj\u0119 rytua\u0142\u00f3w. Tradycje r\u0119kodzielnicze przetrwa\u0142y w warsztatach, kt\u00f3re produkuj\u0105 bi\u017cuteri\u0119 z korundu, ceramik\u0119 malowan\u0105 niebieskimi i zielonymi motywami kwiatowymi oraz wyroby z wikliny, z kt\u00f3rych ka\u017cdy odzwierciedla rzemie\u015blnicze dziedzictwo regionu.<\/p>\n<p>Oferta gastronomiczna odzwierciedla przeplatanie si\u0119 w\u0119gierskich i rumu\u0144skich zwyczaj\u00f3w kulinarnych. Zupa kminkowa pojawia si\u0119 paruj\u0105ca z kminkowym ciep\u0142em, po niej paprykarz i gulasz, kt\u00f3re \u0142\u0105cz\u0105 w\u0119dzon\u0105 papryk\u0119 z wolno gotowanym mi\u0119sem. Musaka i pog\u0103ci zdobi\u0105 st\u00f3\u0142, podczas gdy k\u00fcrt\u0151skal\u00e1cs \u2014 wa\u0142kowane cylindry ciasta karmelizowane na w\u0119glach \u2014 unosz\u0105 zapach wanilii i cynamonu. Zupa z bia\u0142ej kapusty z kwa\u015bn\u0105 \u015bmietan\u0105 i faszerowanymi pieczarkami ilustruje lokalne produkty po\u015br\u00f3d g\u00f3rskich pastwisk.<\/p>\n<p>Dojazd do B\u0103ile Tu\u015fnad pozostaje prosty, zar\u00f3wno drog\u0105 l\u0105dow\u0105, jak i kolej\u0105. Autostrada DN 12 biegnie od Braszowa przez Sf\u00e2ntu Gheorghe do Miercurea Ciuc i dalej, oferuj\u0105c 67-kilometrow\u0105 podr\u00f3\u017c z Braszowa, 37 kilometr\u00f3w od Sf\u00e2ntu Gheorghe i 32 kilometry od Miercurea Ciuc. Pomocnicza trasa z Bac\u0103u przez Com\u0103ne\u015fti \u0142\u0105czy si\u0119 w Miercurea Ciuc z DN 12A. G\u0142\u00f3wna linia kolejowa \u0142\u0105czy Bukareszt z Baia Mare, a us\u0142ugi zatrzymuj\u0105 si\u0119 na stacji B\u0103ile Tu\u015fnad, chocia\u017c cz\u0119stotliwo\u015b\u0107 kurs\u00f3w odzwierciedla skromn\u0105 skal\u0119 miasta.<\/p>\n<p>Historia B\u0103ile Tu\u015fnad jest nierozerwalnie zwi\u0105zana z \u017cyciem tych, kt\u00f3rzy ukszta\u0142towali jego instytucje. Iosif Blaga (1864\u20131937) u\u017cyczy\u0142 swojego przyw\u00f3dztwa Towarzystwu Spa jako jego prezes, kieruj\u0105c wczesnym rozwojem, a Mihai \u015eerban (1877\u20131947) za\u0142o\u017cy\u0142 pierwszy rumu\u0144ski ko\u015bci\u00f3\u0142 prawos\u0142awny w mie\u015bcie, rozszerzaj\u0105c kulturowe i duchowe wymiary spo\u0142eczno\u015bci zakorzenionej w tradycjach w\u0119gierskich Sz\u00e9kely. Ich dziedzictwo trwa w wci\u0105\u017c stoj\u0105cych budowlach i w rytua\u0142ach kultu i dobrego samopoczucia, kt\u00f3re nadal definiuj\u0105 codzienne \u017cycie.<\/p>\n<p>Podsumowuj\u0105c, B\u0103ile Tu\u015fnad oferuje wi\u0119cej ni\u017c miejsce wypoczynku lub uzdrowienia; prezentuje sp\u00f3jny portret ludzkiego zaanga\u017cowania w \u015brodowisko, nauk\u0119 i tradycj\u0119. Liczby ludno\u015bci, stosunki etniczne i przynale\u017cno\u015b\u0107 religijna ilustruj\u0105 spo\u0142eczno\u015b\u0107 zar\u00f3wno stabiln\u0105, jak i rozwijaj\u0105c\u0105 si\u0119. \u0179r\u00f3d\u0142a mineralne, ko\u0142ysane przez wulkaniczn\u0105 topografi\u0119, stanowi\u0105 podstawowy fundament terapii, kt\u00f3re \u0142\u0105cz\u0105 analiz\u0119 empiryczn\u0105 z praktyk\u0105 trwaj\u0105c\u0105 od wiek\u00f3w. Bioklimat, doskonale dostrojony przez wysoko\u015b\u0107 i pokryw\u0119 le\u015bn\u0105, wspomaga fizyczn\u0105 regeneracj\u0119, jednocze\u015bnie zach\u0119caj\u0105c do kontemplacji. Okoliczne wie\u017ce, jeziora i w\u0105wozy rozszerzaj\u0105 narracj\u0119 na domen\u0119 historii naturalnej, podczas gdy festiwale, r\u0119kodzie\u0142o i rytua\u0142y kulinarne podtrzymuj\u0105 ci\u0105g\u0142o\u015b\u0107 kulturow\u0105. Trwa\u0142a sekwencja politycznych reorganizacji \u2014 dekrety Habsburg\u00f3w, traktaty XX wieku, regiony autonomiczne i wsp\u00f3\u0142czesne hrabstwa \u2014 nasycaj\u0105 krajobraz miasta palimpsestem autorytetu i to\u017csamo\u015bci. Jednak przy ka\u017cdej transformacji przep\u0142yw wody pozostaje sta\u0142y, ni\u0107 \u0142\u0105cz\u0105ca opowie\u015bci pasterzy z raportami laboratoryjnymi, edykty cesarskie z wsp\u00f3\u0142czesnymi protoko\u0142ami dobrego samopoczucia. To w\u0142a\u015bnie w tej sta\u0142o\u015bci, przep\u0142ywaj\u0105cej przez wapie\u0144 i ludzk\u0105 pami\u0119\u0107, B\u0103ile Tu\u015fnad ujawnia sw\u00f3j zasadniczy charakter: miejsce, w kt\u00f3rym subtelna chemia ziemi i \u015bwiadoma praktyka opieki zbiegaj\u0105 si\u0119, zapraszaj\u0105c ka\u017cdego odwiedzaj\u0105cego do udzia\u0142u w dialogu mi\u0119dzy natur\u0105, histori\u0105 i zdrowiem.<\/p>","protected":false},"excerpt":{"rendered":"<p>B\u0103ile Tu\u0219nad, malownicze miasteczko po\u0142o\u017cone we wschodniej cz\u0119\u015bci Transylwanii w Rumunii, ma populacj\u0119 1372 os\u00f3b w 2021 r., co czyni je najmniejszym miastem w kraju pod wzgl\u0119dem liczby ludno\u015bci. To ma\u0142e miasteczko, po\u0142o\u017cone mi\u0119dzy g\u00f3rami Harghita i Bodoc w dolinie rzeki Olt, na wysoko\u015bci 650 metr\u00f3w w po\u0142udniowej cz\u0119\u015bci depresji Ciuc, jest naprawd\u0119 urocze.<\/p>","protected":false},"author":1,"featured_media":17485,"parent":11908,"menu_order":0,"comment_status":"closed","ping_status":"closed","template":"elementor_theme","meta":{"_eb_attr":"","footnotes":""},"class_list":["post-17035","page","type-page","status-publish","has-post-thumbnail"],"_links":{"self":[{"href":"https:\/\/travelshelper.com\/pl\/wp-json\/wp\/v2\/pages\/17035","targetHints":{"allow":["GET"]}}],"collection":[{"href":"https:\/\/travelshelper.com\/pl\/wp-json\/wp\/v2\/pages"}],"about":[{"href":"https:\/\/travelshelper.com\/pl\/wp-json\/wp\/v2\/types\/page"}],"author":[{"embeddable":true,"href":"https:\/\/travelshelper.com\/pl\/wp-json\/wp\/v2\/users\/1"}],"replies":[{"embeddable":true,"href":"https:\/\/travelshelper.com\/pl\/wp-json\/wp\/v2\/comments?post=17035"}],"version-history":[{"count":0,"href":"https:\/\/travelshelper.com\/pl\/wp-json\/wp\/v2\/pages\/17035\/revisions"}],"up":[{"embeddable":true,"href":"https:\/\/travelshelper.com\/pl\/wp-json\/wp\/v2\/pages\/11908"}],"wp:featuredmedia":[{"embeddable":true,"href":"https:\/\/travelshelper.com\/pl\/wp-json\/wp\/v2\/media\/17485"}],"wp:attachment":[{"href":"https:\/\/travelshelper.com\/pl\/wp-json\/wp\/v2\/media?parent=17035"}],"curies":[{"name":"wp","href":"https:\/\/api.w.org\/{rel}","templated":true}]}}