{"id":17002,"date":"2024-09-25T11:16:38","date_gmt":"2024-09-25T11:16:38","guid":{"rendered":"https:\/\/travelshelper.com\/staging\/?page_id=17002"},"modified":"2026-03-12T19:44:11","modified_gmt":"2026-03-12T19:44:11","slug":"pedras-salgadas","status":"publish","type":"page","link":"https:\/\/travelshelper.com\/pl\/destinations\/europe\/portugal\/pedras-salgadas\/","title":{"rendered":"Pedras Salgadas"},"content":{"rendered":"<p>Pedras Salgadas wyrasta z fa\u0142d p\u00f3\u0142nocnej Portugalii jako miejsce, w kt\u00f3rym powolna alchemia ziemi \u0142\u0105czy si\u0119 z ludzk\u0105 pomys\u0142owo\u015bci\u0105. Po\u0142o\u017cone na odizolowanym p\u0142askowy\u017cu na wysoko\u015bci 1263 metr\u00f3w nad poziomem morza i obejmuj\u0105ce dwadzie\u015bcia hektar\u00f3w przerywanych o\u015bmioma kilometrami kr\u0119tych \u015bcie\u017cek, le\u017cy zaledwie godzin\u0119 i dziesi\u0119\u0107 minut jazdy od Porto, ale wydaje si\u0119 dziwnie oderwane od rytm\u00f3w \u017cycia miejskiego. Tutaj, w regionie s\u0142yn\u0105cym z dziewiczego powietrza i panoramicznych widok\u00f3w, dziedzictwo zrodzone w XIX wieku rozwija si\u0119 poprzez nowoczesne spa i park przyrodniczy oraz mark\u0119 wody mineralnej, kt\u00f3rej musowanie zyska\u0142o \u015bwiatowe uznanie. Pedras Salgadas to nie tylko cel podr\u00f3\u017cy; to trwa\u0142y dow\u00f3d na regeneruj\u0105c\u0105 synergi\u0119 mi\u0119dzy dziedzictwem a innowacj\u0105, gdzie sam czas staje si\u0119 sk\u0142adnikiem dobrego samopoczucia.<\/p>\n<p>Ju\u017c od momentu, gdy zbli\u017cymy si\u0119 do wej\u015bcia do parku, teren \u2014 pokryty d\u0119bami i kasztanowcami \u2014 wywo\u0142uje poczucie czci. \u015acie\u017cki \u0142agodnie wij\u0105 si\u0119 mi\u0119dzy odrestaurowanymi budynkami z XIX wieku a wsp\u00f3\u0142czesnymi, ekologicznymi kwaterami, zapraszaj\u0105c go\u015bci do \u015bwiata zmierzonego spokoju. Sam projekt zakwaterowania \u015bwiadczy o g\u0142\u0119bokim szacunku do miejsca. Ekologiczne domy, kt\u00f3rych jest szesna\u015bcie, wykorzystuj\u0105 \u0142upki i lokalne drewno, aby rozpu\u015bci\u0107 si\u0119 w le\u015bnym poszyciu, a ka\u017cdy dom oferuje dyskretne widoki na otaczaj\u0105cy las. Niekt\u00f3re z tych konstrukcji mog\u0105 pomie\u015bci\u0107 do sze\u015bciu go\u015bci, dzi\u0119ki czemu nadaj\u0105 si\u0119 na rodzinne lub ma\u0142e firmowe odosobnienia, podczas gdy Tree Houses autorstwa Lu\u00edsa Rebelo de Andrade wznosz\u0105 si\u0119 wysoko w\u015br\u00f3d ga\u0142\u0119zi, oddaj\u0105c ho\u0142d dzieci\u0119cym wyobra\u017ceniom dopracowanym przez architektoniczn\u0105 precyzj\u0119. Ka\u017cda belka i szyba odzwierciedlaj\u0105 celowy wyb\u00f3r: uhonorowanie charakteru ziemi, a nie narzucanie mu si\u0119.<\/p>\n<p>W sercu tego drzewiastego kr\u00f3lestwa stoi Thermal Spa, pawilon zaprojektowany na nowo przez \u00c1lvara Siza Vieir\u0119, kt\u00f3ry \u0142\u0105czy XIX wiek z tera\u017aniejszo\u015bci\u0105. Tutaj woda wyp\u0142ywa z tego samego \u017ar\u00f3d\u0142a, kt\u00f3re da\u0142o Pedras Salgadas jego nazw\u0119, bogatego w wap\u0144, magnez, wodorow\u0119glan i mn\u00f3stwo pierwiastk\u00f3w \u015bladowych wch\u0142oni\u0119tych przez dziesi\u0119ciolecia podziemnych przej\u015b\u0107. Gdy deszcz przes\u0105cza si\u0119 przez granitowe szczeliny na g\u0142\u0119boko\u015b\u0107 tysi\u0105ca metr\u00f3w, zyskuje zar\u00f3wno sw\u00f3j skarb mineralny, jak i naturaln\u0105 musuj\u0105c\u0105 moc. Gdy wyp\u0142ywa na powierzchni\u0119, ka\u017cda kropla nosi \u015blad geologicznego czasu i ci\u015bnienia, zapewniaj\u0105c k\u0105pi\u0105cym si\u0119 szereg terapeutycznych do\u015bwiadcze\u0144 \u2014 od wn\u0119k z hydromasa\u017cem i prysznic\u00f3w Vichy po ok\u0142ady termiczne \u2014 ka\u017cde skalibrowane tak, aby ukoi\u0107 mi\u0119\u015bnie i wyciszy\u0107 umys\u0142. Kryte baseny, sauny i \u0142a\u017anie tureckie zamykaj\u0105 obw\u00f3d, kt\u00f3ry m\u00f3wi o staro\u017cytnych korzeniach kultury spa, a tak\u017ce o precyzji wsp\u00f3\u0142czesnej nauki o zdrowiu.<\/p>\n<p>Pedras Salgadas nie ogranicza si\u0119 jednak do biernego odpoczynku. Korony drzew ust\u0119puj\u0105 miejsca sieci szlak\u00f3w, na kt\u00f3rych przeplataj\u0105 si\u0119 szlaki piesze i rowerowe, prowadz\u0105c odkrywc\u00f3w do ukrytych \u017ar\u00f3de\u0142 i punkt\u00f3w widokowych. Instalacje do wspinaczki po drzewach, pomy\u015blane tak, aby stanowi\u0107 wyzwanie, ale jednocze\u015bnie pozostawa\u0107 w harmonii z ro\u015blinno\u015bci\u0105, wsp\u00f3\u0142istniej\u0105 obok kortu tenisowego i o\u015brodka je\u017adzieckiego, chwalonego za stajnie i uje\u017cd\u017calnie. Dzieci znajduj\u0105 w\u0142asne schronienie na placu zabaw na \u015bwie\u017cym powietrzu i w dedykowanym Klubie dla Dzieci, podczas gdy kompleks z dwoma basenami, z oddzielnymi strefami dla doros\u0142ych i m\u0142odych go\u015bci, zach\u0119ca do wsp\u00f3lnych chwil \u015bmiechu pod go\u0142ym niebem. Ciekawo\u015b\u0107 kulturowa znajduje uj\u015bcie w Pedras Experience Museum, interaktywnej wystawie, kt\u00f3ra przedstawia podziemn\u0105 podr\u00f3\u017c wody, ewolucj\u0119 parku i rytua\u0142y zdrowotne, kt\u00f3re przyci\u0105gaj\u0105 tu pielgrzym\u00f3w od ponad 150 lat.<\/p>\n<p>Posi\u0142ki w Casa de Ch\u00e1 \u2013 Restaurante podkre\u015blaj\u0105 zaanga\u017cowanie w regionalne sk\u0142adniki i przemy\u015blan\u0105 prezentacj\u0119. Wieczory w Barze Avelames mog\u0105 si\u0119 odbywa\u0107 przy grach w snookera lub pi\u0142karzyki, cichym pokazie filmowym lub po prostu przy cichym pomruku rozmowy prowadzonej pod \u015bwiat\u0142em latarni. Spotkania biznesowe i uroczysto\u015bci rodzinne odbywaj\u0105 si\u0119 w elastycznych przestrzeniach, kt\u00f3re mog\u0105 pomie\u015bci\u0107 od dwudziestu pi\u0119ciu do trzystu pi\u0119\u0107dziesi\u0119ciu go\u015bci, oferuj\u0105c wsparcie audiowizualne i dostosowany catering. Aby zach\u0119ci\u0107 do bezpo\u015bredniego zaanga\u017cowania, rezerwacje dokonywane za po\u015brednictwem oficjalnych kana\u0142\u00f3w obejmuj\u0105 parking, \u015bniadanie i bezprzewodowy internet, co jest uk\u0142onem w stron\u0119 potrzeb wsp\u00f3\u0142czesnych podr\u00f3\u017cnych i przypomnieniem, \u017ce luksus cz\u0119sto polega na p\u0142ynnej organizacji ma\u0142ych udogodnie\u0144.<\/p>\n<p>Taka dba\u0142o\u015b\u0107 o szczeg\u00f3\u0142y odbija si\u0119 echem w g\u0142osach tych, kt\u00f3rzy przeszli tymi \u015bcie\u017ckami. Zweryfikowane opinie go\u015bci wynosz\u0105 \u015brednio 8,6 na 10 w siedmiuset dwudziestu trzech ocenach, ze szczeg\u00f3lnym uwzgl\u0119dnieniem serdeczno\u015bci personelu \u2014 cz\u0142onkowie personelu otrzymuj\u0105 niezwyk\u0142e 9,4 \u2014 a tak\u017ce komfortu (9,0), lokalizacji (9,1), czysto\u015bci (8,9) i \u0142\u0105czno\u015bci (9,0). Go\u015bcie m\u00f3wi\u0105 o \u201edomach po\u015br\u00f3d natury\u201d i \u201eol\u015bniewaj\u0105cym spa\u201d, kt\u00f3re sprzyja zar\u00f3wno samotno\u015bci, jak i towarzysko\u015bci. Jednak uczciwe oceny podkre\u015blaj\u0105 r\u00f3wnie\u017c mo\u017cliwo\u015bci: niekt\u00f3rzy go\u015bcie zauwa\u017caj\u0105, \u017ce niekt\u00f3re \u017ar\u00f3d\u0142a termalne pozostaj\u0105 zamkni\u0119te zim\u0105 i sugeruj\u0105, \u017ce odrestaurowanie starej struktury hotelu wzmocni\u0142oby historyczne kontinuum parku. Wynik 7,5 za stosunek jako\u015bci do ceny sugeruje postrzeganie cen premium, zach\u0119caj\u0105c kierownictwo do rozwa\u017cenia bardziej kompleksowych pakiet\u00f3w lub sezonowych promocji, aby dok\u0142adniej dopasowa\u0107 koszty do do\u015bwiadczenia.<\/p>\n<p>Podczas gdy nowoczesny luksus definiuje spa i park, \u00c1gua das Pedras przenosi tego samego ducha autentyczno\u015bci na sto\u0142y i p\u00f3\u0142ki sklepowe na ca\u0142ym \u015bwiecie. Powsta\u0142a tam, gdzie woda deszczowa l\u0105duje na nieska\u017conym dnie doliny na wysoko\u015bci 580 metr\u00f3w nad poziomem morza, rozpoczyna podziemn\u0105 podr\u00f3\u017c, kt\u00f3ra mo\u017ce trwa\u0107 przez dziesi\u0119ciolecia. Podczas opadania przez sp\u0119kany granit, gaz w\u0119glowy z g\u0142\u0119bi ziemi przenika wod\u0119, nasycaj\u0105c j\u0105 b\u0105belkami, kt\u00f3re unosz\u0105 si\u0119 naturalnie, a nie poprzez sztuczne procesy. Podczas wynurzania si\u0119 woda jest zar\u00f3wno \u015bwie\u017ca, jak i aksamitna, a jej profil mineralny nadaje charakterystyczny smak i reputacj\u0119 w\u015br\u00f3d koneser\u00f3w naturalnie gazowanych \u017ar\u00f3de\u0142.<\/p>\n<p>Historia handlowa \u00c1gua das Pedras rozpocz\u0119\u0142a si\u0119 w 1871 r. od formalnej eksploatacji \u017ar\u00f3de\u0142 termalnych i dotar\u0142a do pierwszej mi\u0119dzynarodowej publiczno\u015bci dwa lata p\u00f3\u017aniej, zdobywaj\u0105c nagrod\u0119 na Mi\u0119dzynarodowej Wystawie Wiede\u0144skiej. Infrastruktura butelkowania pojawi\u0142a si\u0119 w 1893 r., pocz\u0105tkowo w celu obs\u0142ugi re\u017cim\u00f3w medycznych, poniewa\u017c dyrektorzy kliniczni skodyfikowali zasady u\u017cytkowania do 1907 r. Kr\u00f3lewskie wizyty w 1884 r. kr\u00f3lowej D. Marii II, Infante D. Augusto i kr\u00f3la-ma\u0142\u017conka D. Fernando nada\u0142y kr\u00f3lewski presti\u017c, ten ostatni nawet zobaczy\u0142 \u017ar\u00f3d\u0142o nazwane na jego cze\u015b\u0107. Taki patronat podni\u00f3s\u0142 pozycj\u0119 \u017ar\u00f3de\u0142 w\u015br\u00f3d elity Europy, ustanawiaj\u0105c wz\u00f3r presti\u017cu, kt\u00f3ry marka podtrzymuje do dzi\u015b.<\/p>\n<p>Przez ca\u0142y XX wiek \u00c1gua das Pedras radzi\u0142a sobie ze zmianami w gustach konsument\u00f3w dzi\u0119ki rozs\u0105dnemu marketingowi. Has\u0142o z 1970 roku \u2014 \u201eKa\u017cda pora jest dobra na picie \u00c1gua das Pedras\u201d \u2014 zapocz\u0105tkowa\u0142o szersz\u0105 akceptacj\u0119 poza ograniczeniami medycznymi, podczas gdy inauguracja w 1994 roku zak\u0142adu butelkowania zaawansowanej technologii zapewni\u0142a zdolno\u015b\u0107 do globalnej dystrybucji. Kampanie na pocz\u0105tku XXI wieku \u2014 \u201eW r\u00f3wnowadze\u201d, \u201ePrzyniesione przez natur\u0119\u201d i \u201eWoda z \u017cyciem\u201d, kt\u00f3rych twarz\u0105 by\u0142a aktorka Daniela Ruah \u2014 przemawia\u0142y do \u200b\u200brozwijaj\u0105cego si\u0119 ruchu wellness. Kamienie milowe, takie jak butelka w limitowanej edycji z okazji 150. rocznicy w 2021 roku i atrakcje do\u015bwiadczalne \u2014 otwarcie parku w 2012 roku i Pedras Experience Museum w 2018 roku \u2014 przekszta\u0142ci\u0142y mark\u0119 z towaru w propozycj\u0119 stylu \u017cycia, zapraszaj\u0105c konsument\u00f3w do wej\u015bcia w histori\u0119, a nie tylko do jej popijania.<\/p>\n<p>W r\u00f3\u017cnych porach roku wzajemne oddzia\u0142ywanie wody i lasu, dziedzictwa i designu podtrzymuje atrakcyjno\u015b\u0107 Pedras Salgadas. Jego oryginalne kamienne domki i fasady dwor\u00f3w pozostaj\u0105 kamieniami milowymi minionej epoki, a ich zwietrza\u0142e \u015bciany s\u0105 przeciwstawione czystym liniom drewnianych bungalow\u00f3w i pawilon\u00f3w ze szklanymi \u015bcianami. Zr\u00f3wnowa\u017cone praktyki \u2014 zbieranie wody deszczowej, panele s\u0142oneczne i ogrzewanie geotermalne \u2014 wsp\u00f3\u0142istniej\u0105 z wysi\u0142kami na rzecz ochrony rodzimej flory i fauny, zapewniaj\u0105c, \u017ce przysz\u0142o\u015b\u0107 parku jest tak bezpieczna, jak bogata jest jego przesz\u0142o\u015b\u0107. Inicjatywa Giving Back firmy Management, uruchomiona w 2019 r., przekazuje cz\u0119\u015b\u0107 dochod\u00f3w na lokalne projekty \u015brodowiskowe i spo\u0142eczne, podczas gdy etos \u201eLet Nature Take Care of You\u201d wprowadzony w 2020 r. podkre\u015bla filozofi\u0119, w kt\u00f3rej dobrostan cz\u0142owieka jest nierozerwalnie zwi\u0105zany ze zdrowiem ekosystemu.<\/p>\n<p>Ostatecznie Pedras Salgadas jest paradygmatem tego, jak dziedzictwo kulturowe i wsp\u00f3\u0142czesna opieka mog\u0105 si\u0119 zbiega\u0107, aby od\u017cywi\u0107 zar\u00f3wno cia\u0142o, jak i ducha. Jego wody mineralne, powoli t\u0142oczone przez g\u0142\u0119biny ziemi przez ca\u0142e \u017cycie, odzwierciedlaj\u0105 dojrzewanie samego obiektu \u2014 od kr\u00f3lewskiego schronienia do nowoczesnego miejsca odnowy biologicznej. Niezale\u017cnie od tego, czy go\u015b\u0107 szuka solidarno\u015bci le\u015bnych \u015bcie\u017cek, regeneruj\u0105cej kolebki k\u0105pieliska termalnego, prostej przyjemno\u015bci szklanki musuj\u0105cej wody \u017ar\u00f3dlanej lub wsp\u00f3lnego \u015bmiechu podczas rodzinnych spotka\u0144, Pedras Salgadas oferuje ci\u0105g\u0142y dialog mi\u0119dzy przesz\u0142o\u015bci\u0105 a tera\u017aniejszo\u015bci\u0105. W tej rozmowie ka\u017cdy krok na poro\u015bni\u0119tych mchem szlakach i ka\u017cdy \u0142yk naturalnie gazowanej wody potwierdzaj\u0105 staro\u017cytn\u0105 prawd\u0119: \u017ce nasze najcenniejsze zasoby p\u0142yn\u0105 pod powierzchni\u0105, czekaj\u0105c na przemy\u015blane zarz\u0105dzanie, aby wydoby\u0107 je na \u015bwiat\u0142o dzienne.<\/p>","protected":false},"excerpt":{"rendered":"<p>Pedras Salgadas, ma\u0142e uzdrowisko po\u0142o\u017cone w dystrykcie Vila Real w p\u00f3\u0142nocnej Portugalii, ma ograniczon\u0105 populacj\u0119, co wzmacnia jego spokojne otoczenie. Oko\u0142o 37 kilometr\u00f3w na p\u00f3\u0142noc od siedziby dystryktu, to ma\u0142e miasteczko zyska\u0142o uznanie za swoje wyj\u0105tkowe \u017ar\u00f3d\u0142a mineralne, kt\u00f3re obecnie definiuj\u0105 jego charakter i gospodark\u0119.<\/p>","protected":false},"author":1,"featured_media":17474,"parent":12065,"menu_order":0,"comment_status":"closed","ping_status":"closed","template":"elementor_theme","meta":{"_eb_attr":"","footnotes":""},"class_list":["post-17002","page","type-page","status-publish","has-post-thumbnail"],"_links":{"self":[{"href":"https:\/\/travelshelper.com\/pl\/wp-json\/wp\/v2\/pages\/17002","targetHints":{"allow":["GET"]}}],"collection":[{"href":"https:\/\/travelshelper.com\/pl\/wp-json\/wp\/v2\/pages"}],"about":[{"href":"https:\/\/travelshelper.com\/pl\/wp-json\/wp\/v2\/types\/page"}],"author":[{"embeddable":true,"href":"https:\/\/travelshelper.com\/pl\/wp-json\/wp\/v2\/users\/1"}],"replies":[{"embeddable":true,"href":"https:\/\/travelshelper.com\/pl\/wp-json\/wp\/v2\/comments?post=17002"}],"version-history":[{"count":0,"href":"https:\/\/travelshelper.com\/pl\/wp-json\/wp\/v2\/pages\/17002\/revisions"}],"up":[{"embeddable":true,"href":"https:\/\/travelshelper.com\/pl\/wp-json\/wp\/v2\/pages\/12065"}],"wp:featuredmedia":[{"embeddable":true,"href":"https:\/\/travelshelper.com\/pl\/wp-json\/wp\/v2\/media\/17474"}],"wp:attachment":[{"href":"https:\/\/travelshelper.com\/pl\/wp-json\/wp\/v2\/media?parent=17002"}],"curies":[{"name":"wp","href":"https:\/\/api.w.org\/{rel}","templated":true}]}}