{"id":16989,"date":"2024-09-24T16:50:33","date_gmt":"2024-09-24T16:50:33","guid":{"rendered":"https:\/\/travelshelper.com\/staging\/?page_id=16989"},"modified":"2026-03-12T19:43:13","modified_gmt":"2026-03-12T19:43:13","slug":"serra-de-monchique","status":"publish","type":"page","link":"https:\/\/travelshelper.com\/pl\/destinations\/europe\/portugal\/serra-de-monchique\/","title":{"rendered":"Serra de Monchique"},"content":{"rendered":"<p>Serra de Monchique wznosi si\u0119 gwa\u0142townie z falistych r\u00f3wnin zachodniego Algarve, zwartego \u0142a\u0144cucha g\u00f3rskiego po\u0142o\u017conego oko\u0142o dwudziestu kilometr\u00f3w w g\u0142\u0105b l\u0105du, kt\u00f3ry mimo to zalicza si\u0119 do najbardziej widocznych wzniesie\u0144 po\u0142udniowej Portugalii. Jego najwy\u017cszy szczyt, F\u00f3ia, osi\u0105ga 902 metry nad poziomem morza i zajmuje odosobnienie o wysoko\u015bci 172,69 kilometr\u00f3w, co czyni go zar\u00f3wno najwy\u017cszym punktem w Algarve, jak i jednym z najbardziej samotnych szczyt\u00f3w Portugalii. Drugi najwy\u017cszy punkt, Picota, osi\u0105ga 774 metry, dodaj\u0105c g\u0142\u0119bi skromnemu, ale uderzaj\u0105cemu profilowi \u200b\u200bpasma. Rozproszona po zboczach i dolinach niewielka, rozproszona populacja utrzymuje wielowiekowe wi\u0119zi z tym terenem, gdzie geografia, geologia, flora i fauna przeplataj\u0105 si\u0119, tworz\u0105c miejsce o wyj\u0105tkowym charakterze.<\/p>\n<p>Status pasma jako najbardziej wysuni\u0119tego na po\u0142udniowy zach\u00f3d pasa g\u00f3rskiego P\u00f3\u0142wyspu Iberyjskiego podkre\u015bla jego unikaln\u0105 to\u017csamo\u015b\u0107. Tutaj \u0142agodz\u0105cy wp\u0142yw Atlantyku zbiega si\u0119 z wysoko\u015bci\u0105. Panuj\u0105 wilgotne warunki subtropikalne, daj\u0105c \u015brednie roczne opady wynosz\u0105ce od 1000 do 2000 milimetr\u00f3w. \u0141agodne temperatury i obfita wilgo\u0107 utrzymuj\u0105 zielon\u0105 matryc\u0119 ro\u015blinno\u015bci bardziej typow\u0105 dla region\u00f3w umiarkowanych ni\u017c dla zwykle suchych okolic Algarve. D\u0105b monchique i d\u0105b szypu\u0142kowy dobrze rosn\u0105 obok gatunk\u00f3w rzadko spotykanych tak daleko na po\u0142udniu \u2014 kasztanowce, d\u0119by portugalskie i solidny d\u0105b-roble zdobi\u0105 zbocza, przywodz\u0105c na my\u015bl kr\u00f3lestwo le\u015bne w kontra\u015bcie do nizinnych r\u00f3wnin.<\/p>\n<p>Jednak\u017ce te lasy zosta\u0142y g\u0142\u0119boko zmienione przez dzia\u0142alno\u015b\u0107 cz\u0142owieka. W po\u0142owie lat 70. XX wieku rozleg\u0142e po\u0142acie rodzimych las\u00f3w zosta\u0142y przekszta\u0142cone w plantacje eukaliptus\u00f3w, sosen i akacji. Chocia\u017c te szybko rosn\u0105ce drzewa wspieraj\u0105 cele komercyjne i przemys\u0142 celulozowy, ponosz\u0105 wysokie koszty ekologiczne: wyczerpuj\u0105 rezerwy w\u00f3d gruntowych, t\u0142umi\u0105 bior\u00f3\u017cnorodno\u015b\u0107 podszytu i sprzyjaj\u0105 \u015brodowisku, w kt\u00f3rym niegdy\u015b wieloletnie strumienie wysychaj\u0105 przez wi\u0119ksz\u0105 cz\u0119\u015b\u0107 roku. Przej\u015bcie z rodzimych las\u00f3w na le\u015bnictwo upraw towarowych zak\u0142\u00f3ci\u0142o r\u00f3wnowag\u0119, kt\u00f3ra podtrzymywa\u0142a zar\u00f3wno flor\u0119, jak i faun\u0119, pozostawiaj\u0105c gatunki endemiczne bezbronnymi, a lokalne szlaki wodne zmniejszone.<\/p>\n<p>W\u015br\u00f3d spo\u0142eczno\u015bci piel\u0119gnowanych przez te wzg\u00f3rza, Monchique u\u017cyczy\u0142o swojej nazwy ca\u0142emu pasmu. Ukryte w\u015br\u00f3d zielonych zboczy, miasto jest \u015bwiadectwem trwa\u0142ej ci\u0105g\u0142o\u015bci kulturowej. Jego w\u0105skie uliczki, bielone fasady i wybrukowane granitem place \u015bwiadcz\u0105 o pokoleniach, kt\u00f3re czerpa\u0142y \u015brodki do \u017cycia z rolnictwa, le\u015bnictwa i leczniczych w\u00f3d tych g\u00f3r. Niedaleko znajduje si\u0119 uzdrowisko Caldas de Monchique, kt\u00f3re korzysta ze \u017ar\u00f3de\u0142 geotermalnych, o kt\u00f3rych m\u00f3wi si\u0119, \u017ce maj\u0105 w\u0142a\u015bciwo\u015bci lecznicze. Kaplica tam, ukryta w\u015br\u00f3d k\u0119p magnolii \u2014 w\u015br\u00f3d kt\u00f3rych mo\u017cna znale\u017a\u0107 najwi\u0119ksze w Europie \u2014 g\u00f3ruje nad kompleksem termalnym i parkiem bujnej ro\u015blinno\u015bci, kt\u00f3ry rozwija si\u0119 dzi\u0119ki zar\u00f3wno wilgoci, jak i \u017cyznym glebom pochodz\u0105cym ze ska\u0142 magmowych.<\/p>\n<p>Te gleby zawdzi\u0119czaj\u0105 swoje bogactwo foyaitowi, lokalnej odmianie nefelinowo-syenitowej nazwanej tak od jej lokalizacji w F\u00f3ia. Serra de Monchique stanowi cz\u0119\u015b\u0107 p\u00f3\u017anokredowej iberyjskiej alkalicznej prowincji magmowej, prowincji geologicznej, kt\u00f3ra \u0142\u0105czy intruzje l\u0105dowe z cechami na morzu, takimi jak g\u00f3ra podmorska Mount Ormonde w Gorringe Bank. Sama intruzja Monchique rozci\u0105ga si\u0119 na oko\u0142o 63 kilometry kwadratowe, zajmuj\u0105c czwarte miejsce pod wzgl\u0119dem wielko\u015bci miaskitowego cia\u0142a nefelinowo-syenitowego, jakie dotychczas udokumentowano. Jej szeroko laccolityczna forma jest wnioskowana z jej g\u0142adkiego kontaktu z otaczaj\u0105c\u0105 formacj\u0105 Breijera, gdzie psammit, \u0142upek i margiel wy\u0142aniaj\u0105 si\u0119 w poszarpanych ods\u0142oni\u0119ciach.<\/p>\n<p>W rdzeniu pasma pegmatyty o podobnym sk\u0142adzie foyaitycznym pojawiaj\u0105 si\u0119 w dw\u00f3ch odr\u0119bnych miejscach, podczas gdy powi\u0105zany r\u00f3j lamprofir\u00f3w i pikryt\u00f3w wystaje na prawie trzy kilometry od F\u00f3ia. Cechy te oferuj\u0105 okno na si\u0142y plutoniczne i wulkaniczne, kt\u00f3re ukszta\u0142towa\u0142y pod\u0142o\u017ce skalne regionu w okresie zaniku kredy. Na zachodzie, nier\u00f3wna rze\u017aba formacji Breijera rze\u017abi dramatyczne w\u0105wozy i strome kaniony, ich nagie warstwy psammitu i margla ostro kontrastuj\u0105 z \u0142agodniejszymi zboczami g\u00f3r syenitowych.<\/p>\n<p>Pod wzgl\u0119dem hydrologicznym Serra de Monchique stanowi \u017ar\u00f3d\u0142o kilku g\u0142\u00f3wnych rzek Algarve. Ribeira de Seixe, Ribeira de Aljezur (znana r\u00f3wnie\u017c jako da Cerca) i Ribeira de Odi\u00e1xere, wraz z mniejszymi strumieniami, takimi jak Ribeira de Monchique i Ribeira de Boina, wszystkie maj\u0105 sw\u00f3j pocz\u0105tek na jej wy\u017cynach. Te szlaki wodne nie tylko nawadniaj\u0105 rolnictwo po\u0142o\u017cone ni\u017cej, ale tak\u017ce od\u017cywiaj\u0105 ekosystemy przybrze\u017cne. Historycznie wiele z tych strumieni p\u0142yn\u0119\u0142o przez ca\u0142y rok; jednak od czasu intensyfikacji uprawy eukaliptusa w 1976 r. cz\u0119sto wysychaj\u0105, a regionalny poziom w\u00f3d gruntowych wyra\u017anie si\u0119 obni\u017cy\u0142, co zagra\u017ca zar\u00f3wno spo\u0142eczno\u015bciom ludzkim, jak i ekologicznym.<\/p>\n<p>Serra de Monchique jest siedliskiem flory i fauny, kt\u00f3re s\u0105 przedmiotem szczeg\u00f3lnej troski o ochron\u0119. Orze\u0142 Bonelliego, majestatyczny drapie\u017cnik, kt\u00f3rego zasi\u0119g \u0142owiecki kiedy\u015b obejmowa\u0142 znaczn\u0105 cz\u0119\u015b\u0107 po\u0142udniowej Europy, obecnie stoi w obliczu lokalnego wyt\u0119pienia, poniewa\u017c odpowiednie miejsca gniazdowania malej\u0105, a ofiary staj\u0105 si\u0119 rzadko\u015bci\u0105. Podobnie zagro\u017cona jest iberyjska jaszczurka szmaragdowa, jaskrawo ubarwiony \u0142uskono\u015bny, kt\u00f3ry jest zale\u017cny od ch\u0142odniejszych, wilgotniejszych mikroklimat\u00f3w zalesionych zboczy pasma. Oba gatunki, mi\u0119dzy innymi, s\u0105 chronione na mocy dyrektyw Unii Europejskiej, a obszar ten jest oznaczony jako obszar Natura 2000 PTCON0037, wymieniony jako Specjalny Obszar Ochrony Ptak\u00f3w i Obszar o Znaczeniu Wsp\u00f3lnotowym dla siedlisk.<\/p>\n<p>Podczas gdy oznaczenie Natura 2000 zapewnia ramy prawne dla ochrony, skuteczne zarz\u0105dzanie pozostaje powa\u017cnym wyzwaniem. Stres hydrologiczny wywo\u0142any przez plantacje obce nadal podwa\u017ca korytarze nadrzeczne. Wyczerpywanie si\u0119 w\u00f3d gruntowych zwi\u0119ksza ryzyko po\u017car\u00f3w las\u00f3w i eroduje \u017cyzno\u015b\u0107 gleby. Jednak wrodzona odporno\u015b\u0107 d\u0119bu monchique i d\u0119bu szypu\u0142kowego, wraz z kieszeniami d\u0119bu kasztanowca i d\u0119bu portugalskiego, oferuje fundament, na kt\u00f3rym mo\u017cna budowa\u0107 wysi\u0142ki na rzecz odbudowy. Rozpocz\u0119to lokalne inicjatywy maj\u0105ce na celu zast\u0105pienie drzewostan\u00f3w eukaliptusowych gatunkami rodzimymi i ponowne zalesianie bufor\u00f3w nadrzecznych, ale post\u0119p jest stopniowy.<\/p>\n<p>Pomimo tych nacisk\u00f3w, Serra de Monchique zachowuje niemal namacalne poczucie miejsca. Jej szczyty oferuj\u0105 panoramiczne widoki na Atlantyk i nadmorskie r\u00f3wniny Algarve; o \u015bwicie mg\u0142a cz\u0119sto gromadzi si\u0119 w dolinach, nadaj\u0105c scenerii cich\u0105 wspania\u0142o\u015b\u0107. G\u00f3ruj\u0105ca magnolia Caldas de Monchique stoi jako cichy \u015bwiadek zbie\u017cno\u015bci geologii, klimatu i historii ludzko\u015bci. Pod jej ga\u0142\u0119ziami \u017ar\u00f3d\u0142a mineralne przyci\u0105gaj\u0105 turyst\u00f3w od czas\u00f3w staro\u017cytnych, ich wody wyp\u0142ywaj\u0105 z pop\u0119kanej ska\u0142y podgrzewanej na g\u0142\u0119boko\u015bci.<\/p>\n<p>Witalno\u015b\u0107 tego regionu zale\u017cy od r\u00f3wnowagi mi\u0119dzy u\u017cytkowaniem a ochron\u0105. \u017byzne gleby \u2014 piel\u0119gnowane przez wilgotne deszcze subtropikalne i bogactwo mineralne foyaitu \u2014 wspieraj\u0105 zar\u00f3wno tradycyjne sady, jak i powstaj\u0105ce rolnictwo o niskim wp\u0142ywie na \u015brodowisko. Modele agroforestry, w kt\u00f3rych rodzime d\u0119by przeplataj\u0105 si\u0119 z drzewami owocowymi i oliwkami, daj\u0105 nadziej\u0119 na utrzymanie \u017ar\u00f3de\u0142 utrzymania przy jednoczesnym zwi\u0119kszeniu bior\u00f3\u017cnorodno\u015bci. Wraz ze wzrostem turystyki skoncentrowanej na naturze i zdrowiu interesariusze staj\u0105 przed zadaniem zapewnienia zakwaterowania odwiedzaj\u0105cym bez niszczenia samych cech, kt\u00f3re o\u017cywiaj\u0105 g\u00f3ry.<\/p>\n<p>W swej istocie Serra de Monchique jest przyk\u0142adem wsp\u00f3\u0142dzia\u0142ania si\u0142 natury i wysi\u0142k\u00f3w cz\u0142owieka. Jej granitowe \u015bcie\u017cki i zacienione \u015bcie\u017cki wyznaczaj\u0105 \u015bcie\u017cki wyrze\u017abione przez geologiczne wstrz\u0105sy, ale pod\u0105\u017caj\u0105 r\u00f3wnie\u017c \u015bladami pokole\u0144, kt\u00f3re zbiera\u0142y drewno, piel\u0119gnowa\u0142y winnice i szuka\u0142y ukojenia w basenach termalnych. Rzeki, kt\u00f3re maj\u0105 tutaj sw\u00f3j pocz\u0105tek, nios\u0105 histori\u0119 tych wzniesie\u0144 na r\u00f3wniny, \u0142\u0105cz\u0105c wy\u017cyny z brzegiem. Wyzwanie, kt\u00f3re stoi przed nami, polega na zachowaniu integralno\u015bci geologii, hydrologii i ekologii, przy jednoczesnym zachowaniu tradycji kulturowych, kt\u00f3re nadaj\u0105 temu pasmu jego to\u017csamo\u015b\u0107.<\/p>\n<p>W\u0105tki historii wulkanicznej, ekologii lasu i zamieszkiwania przez ludzi s\u0105 nierozerwalne. Zachowanie unikalnych ekosystem\u00f3w \u2014 od gaj\u00f3w kasztanowych po miejsca gniazdowania or\u0142\u00f3w \u2014 wymaga zaanga\u017cowania w odwr\u00f3cenie szkodliwego u\u017cytkowania grunt\u00f3w i piel\u0119gnacj\u0119 rodzimych las\u00f3w. \u0141\u0105cz\u0105c ochron\u0119 przyrody ze zr\u00f3wnowa\u017conymi \u015brodkami do \u017cycia i \u015bwiadom\u0105 turystyk\u0105, region mo\u017ce utrzyma\u0107 swoje wilgotne lasy klimatyczne, strumienie wieloletnie i \u017ar\u00f3d\u0142a termalne. W ten spos\u00f3b zapewni, \u017ce szczyty F\u00f3ia i Picota pozostan\u0105 nie tylko pomnikami geologicznymi, ale \u017cywymi krajobrazami, w kt\u00f3rych g\u0142\u0119boki czas natury i historia cz\u0142owieka nadal si\u0119 rozwijaj\u0105.<\/p>","protected":false},"excerpt":{"rendered":"<p>Serra de Monchique to wybitny \u0142a\u0144cuch g\u00f3rski po\u0142o\u017cony w zachodnim regionie Algarve w Portugalii, oko\u0142o 20 kilometr\u00f3w w g\u0142\u0105b l\u0105du od linii brzegowej. Na po\u0142udniowym zachodzie P\u00f3\u0142wyspu Iberyjskiego ta niesamowita formacja geologiczna \u2014 zamieszkiwana przez niewielk\u0105 populacj\u0119 rozproszon\u0105 po zboczach i dolinach \u2014 stanowi pomnik przyrody.<\/p>","protected":false},"author":1,"featured_media":17473,"parent":12065,"menu_order":0,"comment_status":"closed","ping_status":"closed","template":"elementor_theme","meta":{"_eb_attr":"","footnotes":""},"class_list":["post-16989","page","type-page","status-publish","has-post-thumbnail"],"_links":{"self":[{"href":"https:\/\/travelshelper.com\/pl\/wp-json\/wp\/v2\/pages\/16989","targetHints":{"allow":["GET"]}}],"collection":[{"href":"https:\/\/travelshelper.com\/pl\/wp-json\/wp\/v2\/pages"}],"about":[{"href":"https:\/\/travelshelper.com\/pl\/wp-json\/wp\/v2\/types\/page"}],"author":[{"embeddable":true,"href":"https:\/\/travelshelper.com\/pl\/wp-json\/wp\/v2\/users\/1"}],"replies":[{"embeddable":true,"href":"https:\/\/travelshelper.com\/pl\/wp-json\/wp\/v2\/comments?post=16989"}],"version-history":[{"count":0,"href":"https:\/\/travelshelper.com\/pl\/wp-json\/wp\/v2\/pages\/16989\/revisions"}],"up":[{"embeddable":true,"href":"https:\/\/travelshelper.com\/pl\/wp-json\/wp\/v2\/pages\/12065"}],"wp:featuredmedia":[{"embeddable":true,"href":"https:\/\/travelshelper.com\/pl\/wp-json\/wp\/v2\/media\/17473"}],"wp:attachment":[{"href":"https:\/\/travelshelper.com\/pl\/wp-json\/wp\/v2\/media?parent=16989"}],"curies":[{"name":"wp","href":"https:\/\/api.w.org\/{rel}","templated":true}]}}