{"id":16921,"date":"2024-09-24T13:50:42","date_gmt":"2024-09-24T13:50:42","guid":{"rendered":"https:\/\/travelshelper.com\/staging\/?page_id=16921"},"modified":"2026-03-12T19:33:29","modified_gmt":"2026-03-12T19:33:29","slug":"duszniki-zdroj","status":"publish","type":"page","link":"https:\/\/travelshelper.com\/pl\/destinations\/europe\/poland\/duszniki-zdroj\/","title":{"rendered":"Duszniki-Zdr\u00f3j"},"content":{"rendered":"<p>Duszniki-Zdr\u00f3j znajduj\u0105 si\u0119 na styku zdrowia i historii w Kotlinie K\u0142odzkiej w po\u0142udniowo-zachodniej Polsce. Z populacj\u0105 4329 os\u00f3b (stan na grudzie\u0144 2021 r.) to uzdrowisko zajmuje dolin\u0119 rzeki Bystrzycy Dusznickiej, gdzie G\u00f3ry Orlickie ust\u0119puj\u0105 pasma Bystrzyckiego wzd\u0142u\u017c granicy z Republik\u0105 Czesk\u0105. Po\u0142o\u017cone na wysoko\u015bci 537 metr\u00f3w nad poziomem morza w swoim centrum i wznosz\u0105ce si\u0119 na 960 metr\u00f3w w Ziele\u0144cu, geografia Dusznik-Zdroju podkre\u015bla ich podw\u00f3jn\u0105 to\u017csamo\u015b\u0107 jako g\u00f3rskiego schronienia i skrzy\u017cowania kultur.<\/p>\n<p>Osada po raz pierwszy pojawia si\u0119 w zapisach historycznych w 1324 r., kiedy jej po\u0142o\u017cenie na szlaku handlowym \u0142\u0105cz\u0105cym \u015al\u0105sk z Czechami zacz\u0119\u0142o kszta\u0142towa\u0107 jej trajektori\u0119. Wcze\u015bni osadnicy \u2014 g\u0142\u00f3wnie niemieccy koloni\u015bci \u2014 przywie\u017ali ze sob\u0105 nazw\u0119 Reinerz, prawdopodobnie pochodz\u0105c\u0105 od miejsca w Hesji, oraz techniki, kt\u00f3re mia\u0142y podtrzyma\u0107 rozwijaj\u0105c\u0105 si\u0119 gospodark\u0119. Miasto, kt\u00f3remu nadano prawa miejskie w 1346 r., pozosta\u0142o w\u0142asno\u015bci\u0105 prywatn\u0105 do 1595 r., rozwijaj\u0105c przemys\u0142 tkacki, huty \u017celaza i, co najtrwalsze, produkcj\u0119 papieru. Lokalne z\u0142o\u017ca \u017celaza okaza\u0142y si\u0119 jednak niewystarczaj\u0105ce pod wzgl\u0119dem obfito\u015bci, a pod koniec XVI wieku m\u0142yny w Dusznikach zacz\u0119\u0142y bardziej zwraca\u0107 si\u0119 w stron\u0119 produkcji tekstyli\u00f3w i papieru.<\/p>\n<p>W 1584 r. w\u0142adze miejskie wznios\u0142y ratusz, kt\u00f3ry przetrwa\u0142 nadchodz\u0105ce zamieszki, a w 1605 r. na brzegach Bystrzycy wyr\u00f3s\u0142 m\u0142yn papierniczy. M\u0142yn ten przetrwa\u0142 do dzi\u015b jako Muzeum Papiernictwa, \u017cywy ho\u0142d dla rzemios\u0142a, kt\u00f3re niegdy\u015b stanowi\u0142o podstaw\u0119 dobrobytu Dusznik-Zdroju. Wojna trzydziestoletnia przynios\u0142a spustoszenie w latach 1618\u20131648, hamuj\u0105c wzrost i oszpecaj\u0105c krajobraz, jednak do 1669 r. udogodnienia miasta odzyska\u0142y na tyle presti\u017cu, \u017ce mog\u0142y go\u015bci\u0107 abdykuj\u0105cego monarch\u0119 Polski, Jana II Kazimierza Waz\u0119, kt\u00f3ry zatrzyma\u0142 si\u0119 tutaj podczas odwrotu od tronu.<\/p>\n<p>Zainteresowanie leczniczymi w\u0142a\u015bciwo\u015bciami tutejszych \u017ar\u00f3de\u0142 zacz\u0119\u0142o si\u0119 na dobre w 1748 r., kiedy badacze przeprowadzili pierwsz\u0105 systematyczn\u0105 analiz\u0119 w\u00f3d mineralnych. Zabiegi uzdrowiskowe rozpocz\u0119to w 1751 r., a osada oficjalnie uzyska\u0142a status uzdrowiska w 1769 r. W 1822 r. przyj\u0119to go\u015bci do pijalni w\u00f3d, oferuj\u0105cej charakterystyczne wody kwa\u015bne i zasadowe, kt\u00f3re, jak si\u0119 uwa\u017ca, pomagaj\u0105 w leczeniu chor\u00f3b serca i uk\u0142adu trawiennego. Zabiegi balneoterapii i fizjoterapii fizycznej sprawi\u0142y, \u017ce Duszniki-Zdr\u00f3j sta\u0142y si\u0119 ca\u0142orocznym uzdrowiskiem, a ich wody mia\u0142y pobudza\u0107 produkcj\u0119 czerwonych krwinek. K\u0105piele w ig\u0142ach sosnowych i zabiegi borowinowe, zw\u0142aszcza w przypadku schorze\u0144 kobiecych, takich jak niep\u0142odno\u015b\u0107, dodatkowo urozmaici\u0142y repertuar terapeutyczny miasta.<\/p>\n<p>Latem 1826 roku renoma uzdrowiska przyci\u0105gn\u0119\u0142a szesnastoletniego Fryderyka Chopina. Rekonwalescencja w tym miejscu da\u0142a jego pierwszy publiczny koncert poza granicami zaboru rosyjskiego, co by\u0142o zar\u00f3wno jego pierwszym charytatywnym recitalem, jak i kamieniem milowym w rozwoju kultury Dusznik-Zdroju. W po\u0142owie i pod koniec XIX wieku nast\u0105pi\u0142a rozbudowa infrastruktury uzdrowiska: w 1877 roku otwarto palmiarni\u0119 z sal\u0105 koncertow\u0105 i czytelni\u0105, a w ci\u0105gu nast\u0119pnej dekady wzniesiono liczne pensjonaty, aby pomie\u015bci\u0107 rosn\u0105c\u0105 liczb\u0119 go\u015bci. Aby upami\u0119tni\u0107 pobyt Chopina, w 1896 lub 1897 roku w pobli\u017cu brzegu rzeki stoi pomnik ods\u0142oni\u0119ty w 1896 lub 1897 roku, b\u0119d\u0105cy kamiennym \u015bwiadectwem wp\u0142ywu m\u0142odego kompozytora na pami\u0119\u0107 kulturow\u0105 miasta.<\/p>\n<p>XX wiek przyni\u00f3s\u0142 wstrz\u0105sy lokalne i mi\u0119dzynarodowe. Po II wojnie \u015bwiatowej greccy uchod\u017acy uciekaj\u0105cy przed wojn\u0105 domow\u0105 w ojczy\u017anie znale\u017ali tymczasowe schronienie w Dusznikach-Zdroju w 1949 roku. Oko\u0142o 1500 kobiet i dzieci znalaz\u0142o tu schronienie przed przesiedleniem do innych cz\u0119\u015bci Polski. Nied\u0142ugo potem, w 1946 roku, miasto zainaugurowa\u0142o sw\u00f3j Mi\u0119dzynarodowy Festiwal Chopinowski. Odbywaj\u0105cy si\u0119 ka\u017cdego sierpnia w Teatrze Fryderyka Chopina \u2014 kt\u00f3ry zajmuje miejsce wyst\u0119pu kompozytora w 1826 roku \u2014 festiwal od pokole\u0144 przyci\u0105ga pianist\u00f3w i publiczno\u015b\u0107 z ca\u0142ego \u015bwiata.<\/p>\n<p>Administratively, the town\u2019s alignments shifted over centuries. Until 1951 it served as the seat of the rural commune of Duszniki Zdr\u00f3j; between 1975 and 1998 it belonged to Wa\u0142brzych Voivodeship. Contemporary governance recognizes no formal urban districts, yet six official parts\u2014Dolina Str\u0105\u017cycka, Graniczna, Kozicowa Hala, Podg\u00f3rze, Wapienniki and Zieleniec\u2014are acknowledged alongside customary designations such as Stare Miasto, Zdr\u00f3j and Osiedle Chopina. Cadastral divisions further demarcate six districts: Centrum, Lasy, Podg\u00f3rze, Wapienniki, Zdr\u00f3j and Zieleniec.<\/p>\n<p>Si\u0142y natury wystawi\u0142y na pr\u00f3b\u0119 odporno\u015b\u0107 miasta. Katastrofalna pow\u00f3d\u017a w Europie \u015arodkowej w 1997 r. wyrz\u0105dzi\u0142a znaczne szkody, zrywaj\u0105c mosty i zalewaj\u0105c zabytkowe budynki. Dzia\u0142ania naprawcze w kolejnych latach wzmocni\u0142y brzegi rzek i odrestaurowa\u0142y kluczowe struktury, zapewniaj\u0105c, \u017ce zar\u00f3wno zabytkowe obiekty uzdrowiskowe, jak i muzeum papiernictwa mog\u0142y nadal s\u0142u\u017cy\u0107 mieszka\u0144com i turystom.<\/p>\n<p>Turystyka jest obecnie podstaw\u0105 gospodarki Dusznik-Zdroju, a co roku przybywaj\u0105 tu setki tysi\u0119cy go\u015bci, aby spr\u00f3bowa\u0107 w\u00f3d mineralnych i alpejskiego klimatu. Lokalne przedsi\u0119biorstwa obejmuj\u0105 rozlewnie w\u00f3d mineralnych, tradycyjne warsztaty papiernicze i producenta kryszta\u0142\u00f3w i bi\u017cuterii. Drobny przemys\u0142 r\u00f3wnie\u017c przetrwa\u0142: obok pracowni papierniczych dzia\u0142a Zak\u0142ad Elektrotechniki Samochodowej. Dworzec kolejowy \u2014 po\u0142\u0105czony z K\u0142odzkiem od grudnia 1902 r., a z Kudow\u0105-Zdrojem od 10 lipca 1905 r. \u2014 stanowi wa\u017cny kana\u0142 zar\u00f3wno dla handlu, jak i podr\u00f3\u017cy wypoczynkowych.<\/p>\n<p>\u0179r\u00f3d\u0142a mineralne, znane od p\u00f3\u017anego \u015bredniowiecza, pochodz\u0105 ze studni zasilaj\u0105cych pijalnie i o\u015brodki balneoterapii uzdrowiskowej. Pacjenci szukaj\u0105 ulgi w chorobach kardiologicznych i \u017co\u0142\u0105dkowo-jelitowych, a o\u015brodek diagnostyki i leczenia osteoporozy oferuje nowoczesny sprz\u0119t i specjalistyczn\u0105 opiek\u0119. Sam klimat Dusznik dzia\u0142a jak \u015brodek leczniczy; wysokog\u00f3rskie lasy sosnowe nasycaj\u0105 powietrze fitoncydami, przyczyniaj\u0105c si\u0119 do reputacji miasta jako o\u015brodka stymuluj\u0105cego produkcj\u0119 czerwonych krwinek i wzmacniaj\u0105cego og\u00f3lny stan zdrowia.<\/p>\n<p>Zabytki kultury wzbogacaj\u0105 \u015brodowisko zabudowane. Muzeum Papiernictwa zajmuje oryginalny m\u0142yn z XVII wieku, kt\u00f3rego ceglane \u015bciany i drewniane belki zosta\u0142y zachowane jako Pomnik Historii Polski. W pobli\u017cu ko\u015bci\u00f3\u0142 \u015awi\u0119tych Piotra i Paw\u0142a mie\u015bci si\u0119 rzadka barokowa ambona wyrze\u017abiona w kszta\u0142cie wieloryba, niezwyk\u0142y przyk\u0142ad kunsztu ko\u015bcielnego. Teatr Fryderyka Chopina, odrestaurowany w ostatnich dekadach, zachowuje kameralny charakter dziewi\u0119tnastowiecznej sali koncertowej, a jego scena wci\u0105\u017c nawi\u0105zuje do wczesnego wyst\u0119pu kompozytora.<\/p>\n<p>Poza granicami miasta sie\u0107 szlak\u00f3w rozchodzi si\u0119 promieni\u015bcie do chronionych obszar\u00f3w naturalnych. Jamrozowa Polana Polish Biathlon Centre jest miejscem dla mi\u0142o\u015bnik\u00f3w sport\u00f3w zimowych, a rezerwat Torfowisko pod Ziele\u0144cem chroni torfowiska przypominaj\u0105ce tundr\u0119 i endemiczn\u0105 flor\u0119. Zar\u00f3wno jednodniowi tury\u015bci, jak i powa\u017cni piechurzy wykorzystuj\u0105 Duszniki-Zdr\u00f3j jako baz\u0119 wypadow\u0105 do wypraw w G\u00f3ry Sto\u0142owe i Szczeliniec Wielki, gdzie rze\u017abione szczyty z piaskowca oferuj\u0105 panoramiczne widoki. Dalej znajduj\u0105 si\u0119 pasma Orlickie i Bystrzyckie, formacje skalne B\u0142\u0119dne Ska\u0142y i miejsce pielgrzymkowe Wambierzyce.<\/p>\n<p>Przez stulecia Duszniki-Zdr\u00f3j pokonywa\u0142y granice polityczne, transformacje gospodarcze i wyzwania \u015brodowiskowe, ale ich to\u017csamo\u015b\u0107 pozostaje zakorzeniona w wodzie, drewnie i kamieniu. Architektura miasta odzwierciedla warstwy epok: gotyckie pozosta\u0142o\u015bci w ratuszu kontrastuj\u0105 z neoklasycystycznymi pijalniami i pensjonatami w stylu Art Nouveau. Jego kalendarz kulturalny, zakotwiczony w Festiwalu Chopinowskim, \u0142\u0105czy przesz\u0142o\u015b\u0107 z tera\u017aniejszo\u015bci\u0105, zapraszaj\u0105c uczestnik\u00f3w do zaanga\u017cowania si\u0119 w te same przestrzenie, w kt\u00f3rych rozgrywa\u0142a si\u0119 historia.<\/p>\n<p>Brak pomocniczych jednostek miejskich zaprzecza odr\u0119bnemu charakterowi ka\u017cdej dzielnicy, od wysokog\u00f3rskich schronie\u0144 Ziele\u0144ca po z\u0142o\u017ca mineralne Wapiennik. Podg\u00f3rze zachowuje \u015blady \u017cycia wiejskiego, podczas gdy Graniczna wyznacza granic\u0119 z s\u0105siednim Lewinem K\u0142odzkim, gmin\u0105 Szczytna i czeskim powiatem Rychnov nad Kn\u011b\u017enou. Ta peryferyjna pozycja zapewni\u0142a zar\u00f3wno podatno\u015b\u0107, jak i szans\u0119, poniewa\u017c handel i turystyka naprzemiennie pe\u0142ni\u0142y rol\u0119 si\u0142 nap\u0119dowych gospodarki.<\/p>\n<p>Dzisiejszy profil ekonomiczny miasta r\u00f3wnowa\u017cy turystyk\u0119 opart\u0105 na dziedzictwie z selektywnym przemys\u0142em. Producenci wody mineralnej wykorzystuj\u0105 reputacj\u0119 uzdrowiska, dystrybuuj\u0105c j\u0105 na rynki krajowe i mi\u0119dzynarodowe. Rzemie\u015blnicy zajmuj\u0105cy si\u0119 wyrobami z kryszta\u0142\u00f3w czerpi\u0105 z lokalnych tradycji szklarskich, kt\u00f3re si\u0119gaj\u0105 \u015bl\u0105skich warsztat\u00f3w z XVIII wieku. Tymczasem Zak\u0142ad In\u017cynierii Elektrycznej Samochodowej osadza nowoczesn\u0105 produkcj\u0119 w krajobrazie cz\u0119\u015bciej kojarzonym z rekonwalescencj\u0105 ni\u017c produkcj\u0105.<\/p>\n<p>W swej istocie Duszniki-Zdr\u00f3j pozostaj\u0105 jednak uzdrowiskiem. Karta za\u0142o\u017cycielska uzdrowiska z 1769 r. nakazywa\u0142a leczenie \u201edolegliwo\u015bci sercowych i \u017co\u0142\u0105dkowych\u201d, przepis udoskonalany przez kolejne stulecia bada\u0144 medycznych. Nowoczesne centrum diagnostyki osteoporozy i wachlarz metod fizjoterapeutycznych kontynuuj\u0105 t\u0119 spu\u015bcizn\u0119, podczas gdy k\u0105piele borowinowe i z igie\u0142 sosnowych przypominaj\u0105 najprostsze elementy re\u017cimu terapeutycznego zakorzenionego w naturze.<\/p>\n<p>Oferta edukacyjna uzupe\u0142nia ofert\u0119 medyczn\u0105: Muzeum Papiernictwa prowadzi warsztaty demonstruj\u0105ce techniki formowania arkuszy, kt\u00f3re poprzedzaj\u0105 druk przemys\u0142owy. Sesje te, odbywaj\u0105ce si\u0119 po\u015br\u00f3d oryginalnych maszyn papierniczych, s\u0142u\u017c\u0105 zar\u00f3wno jako ochrona kultury, jak i \u017ar\u00f3d\u0142o dochodu rzemie\u015blniczego. Ko\u015bci\u00f3\u0142 \u015awi\u0119tych Piotra i Paw\u0142a udost\u0119pnia swoj\u0105 ambon\u0119 i o\u0142tarze na wycieczki z przewodnikiem, a sezon Teatru Chopina wykracza poza letni festiwal, obejmuj\u0105c seri\u0119 koncert\u00f3w kameralnych i recitali.<\/p>\n<p>Ka\u017cdego sierpnia Festiwal Chopinowski powraca na swoj\u0105 historyczn\u0105 scen\u0119, wype\u0142niaj\u0105c ogrody uzdrowiskowe i widowni\u0119 teatraln\u0105 pianistami, kt\u00f3rzy rywalizuj\u0105 i wsp\u00f3\u0142pracuj\u0105 w r\u00f3wnym stopniu. Ci\u0105g\u0142o\u015b\u0107 festiwalu od 1946 r. \u015bwiadczy o powojennym zaanga\u017cowaniu w odbudow\u0119 kultury, przekonaniu, \u017ce sztuka i uzdrawianie to si\u0142y uzupe\u0142niaj\u0105ce si\u0119. Publiczno\u015b\u0107 zbiera si\u0119 pod palmiarni\u0105 i jej szklan\u0105 kopu\u0142\u0105, przypominaj\u0105c sobie epok\u0119, w kt\u00f3rej go\u015bcie przechadzali si\u0119 po tropikalnej florze, podczas gdy p\u00f3\u017anoromantyczny repertuar rozbrzmiewa\u0142 w sali koncertowej poza ni\u0105.<\/p>\n<p>Kontury geograficzne nadal kszta\u0142tuj\u0105 codzienne \u017cycie. Zimowe \u015bniegi zamieniaj\u0105 Zieleniec w o\u015brodek narciarski, podczas gdy letnie deszcze wzburzaj\u0105 Bystrzyc\u0119, przypominaj\u0105c mieszka\u0144com o powodziach, kt\u00f3re nawiedzi\u0142y miasto cztery dekady temu. Oznaczenia szlak\u00f3w prowadz\u0105 w\u0119drowc\u00f3w przez Park Narodowy G\u00f3r Sto\u0142owych, a drogowskazy w trzech j\u0119zykach odzwierciedlaj\u0105 dziedzictwo graniczne miasta. W urz\u0119dach miejskich zapisy w j\u0119zyku niemieckim, czeskim i polskim \u015bwiadcz\u0105 o stuleciach ewolucji administracyjnej.<\/p>\n<p>Historia Dusznik-Zdroju to historia adaptacji. \u015aredniowieczni kupcy ust\u0105pili miejsca w\u0142a\u015bcicielom papierni; lekarze uzdrowiskowi zast\u0105pili hutnik\u00f3w; organizatorzy festiwali odziedziczyli sal\u0119 koncertow\u0105, kt\u00f3ra kiedy\u015b by\u0142a zadaszona palmami. Podczas ka\u017cdej transformacji charakter miasta nie by\u0142 ani sta\u0142y, ani ulotny, ale kszta\u0142towany przez wzajemne oddzia\u0142ywanie natury, kultury i potrzeb cz\u0142owieka. Dzisiejsi go\u015bcie uczestnicz\u0105 w tym kontinuum, smakuj\u0105c wody badane w 1748 r., s\u0142ysz\u0105c echa Chopina w cegle i drewnie oraz \u015bledz\u0105c \u015bcie\u017cki wydeptane przez handlarzy, kt\u00f3rych towary kiedy\u015b przemierza\u0142y korytarz \u015al\u0105sko-Czeski.<\/p>\n<p>W ostatecznym rozrachunku Duszniki-Zdr\u00f3j stanowi\u0105 przyk\u0142ad g\u00f3rskiego uzdrowiska, kt\u00f3re zachowa\u0142o swoje historyczne j\u0105dro, jednocze\u015bnie przyjmuj\u0105c nowoczesne praktyki wellness. Jego sze\u015b\u0107 dzielnic katastralnych i zwyczajowe dzielnice oferuj\u0105 mozaik\u0119 do\u015bwiadcze\u0144, od kontemplacyjnej ciszy le\u015bnych szlak\u00f3w po o\u017cywion\u0105 wymian\u0119 publiczno\u015bci festiwalowej. Tutaj bieg rzeki i zbocze g\u00f3ry zbiegaj\u0105 si\u0119 z wiekami ludzkich wysi\u0142k\u00f3w, aby ukszta\u0142towa\u0107 miejsce, kt\u00f3re pozostaje przede wszystkim sanktuarium wody, drewna i d\u017awi\u0119ku.<\/p>","protected":false},"excerpt":{"rendered":"<p>Duszniki-Zdr\u00f3j to uzdrowisko po\u0142o\u017cone w po\u0142udniowo-zachodniej cz\u0119\u015bci Polski, w wojew\u00f3dztwie dolno\u015bl\u0105skim i powiecie k\u0142odzkim. Po\u0142o\u017cone na skraju Republiki Czeskiej, to zaczarowane miejsce oferuje mo\u017cliwo\u015bci terapeutyczne i bogat\u0105 histori\u0119. Skromna populacja miasta pomaga stworzy\u0107 jego urokliwe i spokojne otoczenie, kt\u00f3re przyci\u0105ga go\u015bci poszukuj\u0105cych przyg\u00f3d, a tak\u017ce wypoczynku.<\/p>","protected":false},"author":1,"featured_media":17497,"parent":12137,"menu_order":0,"comment_status":"closed","ping_status":"closed","template":"elementor_theme","meta":{"_eb_attr":"","footnotes":""},"class_list":["post-16921","page","type-page","status-publish","has-post-thumbnail"],"_links":{"self":[{"href":"https:\/\/travelshelper.com\/pl\/wp-json\/wp\/v2\/pages\/16921","targetHints":{"allow":["GET"]}}],"collection":[{"href":"https:\/\/travelshelper.com\/pl\/wp-json\/wp\/v2\/pages"}],"about":[{"href":"https:\/\/travelshelper.com\/pl\/wp-json\/wp\/v2\/types\/page"}],"author":[{"embeddable":true,"href":"https:\/\/travelshelper.com\/pl\/wp-json\/wp\/v2\/users\/1"}],"replies":[{"embeddable":true,"href":"https:\/\/travelshelper.com\/pl\/wp-json\/wp\/v2\/comments?post=16921"}],"version-history":[{"count":0,"href":"https:\/\/travelshelper.com\/pl\/wp-json\/wp\/v2\/pages\/16921\/revisions"}],"up":[{"embeddable":true,"href":"https:\/\/travelshelper.com\/pl\/wp-json\/wp\/v2\/pages\/12137"}],"wp:featuredmedia":[{"embeddable":true,"href":"https:\/\/travelshelper.com\/pl\/wp-json\/wp\/v2\/media\/17497"}],"wp:attachment":[{"href":"https:\/\/travelshelper.com\/pl\/wp-json\/wp\/v2\/media?parent=16921"}],"curies":[{"name":"wp","href":"https:\/\/api.w.org\/{rel}","templated":true}]}}