{"id":16869,"date":"2024-09-24T00:46:21","date_gmt":"2024-09-24T00:46:21","guid":{"rendered":"https:\/\/travelshelper.com\/staging\/?page_id=16869"},"modified":"2026-03-12T16:31:35","modified_gmt":"2026-03-12T16:31:35","slug":"merano","status":"publish","type":"page","link":"https:\/\/travelshelper.com\/pl\/destinations\/europe\/italy\/merano\/","title":{"rendered":"Merano"},"content":{"rendered":"<p>Merano to gmina w Po\u0142udniowym Tyrolu, w p\u00f3\u0142nocnych W\u0142oszech, zamieszkana przez oko\u0142o 41 000 mieszka\u0144c\u00f3w na obszarze 31,3 km\u00b2. Po\u0142o\u017cone na wysoko\u015bci 324 metr\u00f3w nad poziomem morza, miasto le\u017cy w kotlinie u zbiegu trzech dolin \u2014 Val Venosta, Val Passiria i Val d&#039;Adige \u2014 i stanowi strategiczne otwarcie na doliny Passier i Vinschgau. Umiarkowany klimat Merano, otoczonego szczytami wznosz\u0105cymi si\u0119 na wysoko\u015b\u0107 3480 metr\u00f3w, od dawna wzmacnia jego reputacj\u0119 jako g\u0142\u00f3wnego uzdrowiska i o\u015brodka rozkwitu kulturalnego.<\/p>\n<p>Geologiczn\u0105 kolebk\u0119 Merano wyznacza wyrze\u017abiona przez lodowiec niecka, przez kt\u00f3r\u0105 przep\u0142ywa potok Passirio, zanim wpadnie do Adygi. Na p\u00f3\u0142nocy i zachodzie Grupa Tessa wybija si\u0119 na wysoko\u015b\u0107 3480 metr\u00f3w, podczas gdy p\u0142askowy\u017c Salto si\u0119ga 2800 metr\u00f3w na wschodzie. Ten amfiteatr szczyt\u00f3w chroni miasto przed niekorzystnymi p\u00f3\u0142nocnymi wiatrami, sprzyjaj\u0105c \u015brodowisku, w kt\u00f3rym winnice i sady rozkwitaj\u0105 a\u017c do samych granic miasta. Nawet w granicach obwodu miejskiego rz\u0119dy winoro\u015bli znane jako Meraner Leiten wplataj\u0105 si\u0119 w krajobraz miasta, daj\u0105c jasnoczerwone wino, kt\u00f3re najlepiej spo\u017cywa\u0107 w m\u0142odo\u015bci. Sady owocuj\u0105ce owocami ziarnkowymi rozci\u0105gaj\u0105 si\u0119 dalej, a ich eksport dociera do rynk\u00f3w w ca\u0142ej Europie, podczas gdy na obrze\u017cach Browar Forst wytwarza piwa, kt\u00f3re sta\u0142y si\u0119 podstaw\u0105 we W\u0142oszech i poza nimi.<\/p>\n<p>Od najwcze\u015bniejszych wzmianek o Meran (po niemiecku) lub Merano (po w\u0142osku) gmina mia\u0142a podw\u00f3jn\u0105 to\u017csamo\u015b\u0107. Nazwa lady\u0144ska, Maran, pojawia si\u0119 tylko w lokalnym u\u017cyciu, jednak wszystkie trzy nazwy rezonuj\u0105 w dwuj\u0119zycznym \u015brodowisku miasta. Oficjalne tytu\u0142y \u2014 Comune di Merano po w\u0142osku i Stadtgemeinde Meran po niemiecku \u2014 s\u0105 u\u017cywane zamiennie w dokumentacji miejskiej. Ta dwoisto\u015b\u0107 odzwierciedla r\u00f3wnomierny podzia\u0142 j\u0119zyk\u00f3w w\u015br\u00f3d mieszka\u0144c\u00f3w: w 2024 r. 51,37 procent m\u00f3wi po w\u0142osku jako pierwszym j\u0119zyku, 48,26 procent po niemiecku, a niewielka mniejszo\u015b\u0107 lady\u0144ska nadal istnieje.<\/p>\n<p>\u015aredniowieczne serce Merano zachowa\u0142o swoje oryginalne fortyfikacje, wyra\u017cone w trzech imponuj\u0105cych bramach: Vinschgauer Tor, Passeirer Tor i Bozener Tor. Obok stoi wie\u017ca Ortenstein, popularnie znana jako Pulverturm lub \u201ewie\u017ca prochowa\u201d, stra\u017cnik z kamienia, kt\u00f3ry przypomina o dawnej obronnej postawie miasta. W tych murach z szarego kamienia, Zamek Ksi\u0105\u017c\u0119cy \u2014 lub Landesf\u00fcrstliche Burg \u2014 spoczywa jako \u015bwiadectwo architektury XV wieku i by\u0142 kiedy\u015b siedzib\u0105 arcyksi\u0119cia Zygmunta Austriackiego. Niedaleko wznosi si\u0119 gotycki gmach ko\u015bcio\u0142a \u015bw. Miko\u0142aja, kt\u00f3rego ostro\u0142ukowe \u0142uki i maswerki witra\u017cowe pochodz\u0105 z tego samego stulecia, podczas gdy skromna kaplica \u015bw. Barbary oferuje spokojniejsze odbicie pobo\u017cno\u015bci epoki.<\/p>\n<p>Przecinaj\u0105cy rzek\u0119 Passer kamienny most Steinerner Steg z XVII wieku zapewnia zar\u00f3wno przej\u015bcie, jak i punkt widokowy, a jego zniszczone balustrady s\u0105 \u015bwiadkami stuleci przej\u015bcia. Brzegi rzeki na po\u0142udniu s\u0105 siedzib\u0105 \u0142ukowatych promenad Wandelhalle, kt\u00f3rych sklepione kolumnady oferuj\u0105 schronienie i cie\u0144 spacerowiczom od po\u0142owy XIX wieku. Promenady te znajduj\u0105 si\u0119 obok pawilonu Kurhaus, eleganckiej pami\u0105tki po wzniesieniu si\u0119 Merano jako uzdrowiska, gdy cesarzowa El\u017cbieta Austriacka rozpocz\u0119\u0142a swoje wizyty w drugiej po\u0142owie XIX wieku. S\u0105siedni Park Cesarzowej El\u017cbiety pozostaje zielon\u0105 enklaw\u0105 upami\u0119tniaj\u0105c\u0105 jej patronat.<\/p>\n<p>Ekspansja przemys\u0142owa i obywatelska trwa\u0142a w XX wieku. Po aneksji Po\u0142udniowego Tyrolu przez W\u0142ochy w 1919 roku, w\u0142adze faszystowskie wznios\u0142y nowy ratusz w latach 20. XX wieku, kt\u00f3rego racjonalistyczny projekt ostro kontrastowa\u0142 ze \u015bredniowiecznymi i gotyckimi elementami starego miasta. Na obrze\u017cach zamek Trauttmansdorff g\u00f3ruje nad ogrodami o botanicznym charakterze; od 2003 roku tamtejsze Muzeum Turystyki dokumentuje ewolucj\u0119 podr\u00f3\u017cy w prowincji. Zamek Tyrol, od kt\u00f3rego szerszy region wzi\u0105\u0142 swoj\u0105 nazw\u0119, stoi niedaleko, wyznaczaj\u0105c granic\u0119 z Austri\u0105 i potwierdzaj\u0105c rol\u0119 Merano jako skrzy\u017cowania dr\u00f3g.<\/p>\n<p>Klimatycznie Merano delikatnie balansuje mi\u0119dzy wp\u0142ywami oceanicznymi, wilgotnymi subtropikalnymi i kontynentalnymi. Oficjalnie klasyfikowane jako Cfb, graniczy z Cfa, jego \u015brednia dzienna temperatura w lipcu wynosz\u0105ca nieco poni\u017cej 22 \u00b0C jest o u\u0142amki ni\u017csza od kryteri\u00f3w subtropikalnych. Zimy, z nocnymi minimami mi\u0119dzy \u20134 a \u20132 \u00b0C, nadaj\u0105 miastu kontynentaln\u0105 ostro\u015b\u0107, podczas gdy lata maj\u0105 maksima od 27 do 30 \u00b0C i noce mi\u0119dzy 12 a 15 \u00b0C. Opady osi\u0105gaj\u0105 szczyt w sierpniu na poziomie 96 mm i spadaj\u0105 w lutym do 25 mm. Te rekordy, prowadzone na stacji Merano\/Gratsch od 1983 do 2017 r., wspieraj\u0105 dobrobyt rolniczy regionu.<\/p>\n<p>\u017bycie kulturalne w Merano wykracza daleko poza jego uzdrowiska i winnice. Od 1986 r. Merano Music Weeks odbywa si\u0119 ka\u017cdego lata w pawilonie Kurhaus, przyci\u0105gaj\u0105c mi\u0119dzynarodowe orkiestry do wyst\u0119p\u00f3w na festiwalu pomy\u015blanym na 150. rocznic\u0119 za\u0142o\u017cenia uzdrowiska. Pocz\u0105wszy od 1997 r. MeranoJazz skupia si\u0119 na uznanych artystach jazzowych, a od 2002 r. jest gospodarzem Mitteleuropean Jazz Academy, aby po\u0142\u0105czy\u0107 w\u0142oskie i niemieckie tradycje muzyczne. Przyci\u0105gaj\u0105c zar\u00f3wno luminarzy, jak i student\u00f3w, akademia przyznaje tytu\u0142 artysty rezydenta, co jeszcze bardziej umacnia artystyczny rodow\u00f3d Merano.<\/p>\n<p>Osi\u0105gni\u0119cia literackie s\u0105 honorowane poprzez dwuletni\u0105 nagrod\u0119 Meraner Lyrikpreis, zainaugurowan\u0105 w 1993 r. i ocenian\u0105 przez mi\u0119dzynarodowy panel. W\u015br\u00f3d wybitnych zwyci\u0119zc\u00f3w znale\u017ali si\u0119 Kurt Drawert, Kathrin Schmidt i Ulrike Almut Sandig. Uzupe\u0142niaj\u0105c to, od 1995 r. Merano-Europa International Literary Prize docenia wybitne osi\u0105gni\u0119cia w dziedzinie fikcji literackiej i t\u0142umacze\u0144, przyznawane przez Passirio Club we wsp\u00f3\u0142pracy z wydawnictwami i regionalnymi organizacjami artystycznymi. W 2017 r. miasto wzi\u0119\u0142o udzia\u0142 w konkursie na w\u0142osk\u0105 stolic\u0119 kultury 2020, awansuj\u0105c do fina\u0142owej dziesi\u0105tki w\u015br\u00f3d takich miast jak Parma i Reggio Emilia.<\/p>\n<p>Upami\u0119tnienie pobytu Franza Kafki w 1920 r. w Merano przybra\u0142o kszta\u0142t w dw\u00f3ch konferencjach mi\u0119dzynarodowych (2020 i 2024) oraz w po\u015bwi\u0119ceniu piazzetta Kafce i Milenie Jesenskiej. Te gesty odzwierciedlaj\u0105 trwa\u0142\u0105 \u015bwiadomo\u015b\u0107 literack\u0105, kt\u00f3ra uzupe\u0142nia muzea i galerie miasta: Touriseum w zamku Trauttmansdorff; Muzeum Miejskie w dawnym hotelu; Muzeum Zamku Ksi\u0105\u017c\u0119cego; i Muzeum \u017bydowskie w jedynej synagodze w Po\u0142udniowym Tyrolu. Uzupe\u0142niaj\u0105ce miejsca obejmuj\u0105 Muzeum Kobiet Evelyn Ortner, Galeri\u0119 Miasta Sztuki Meran i Bia\u0142\u0105 Galeri\u0119 Sztuki, z kt\u00f3rych ka\u017cda oferuje perspektywy dotycz\u0105ce p\u0142ci, sztuki wsp\u00f3\u0142czesnej i architektury.<\/p>\n<p>Merano jest podzielone przez Passer na dwa g\u0142\u00f3wne brzegi orograficzne. Po prawej stronie le\u017cy stare centrum i dzielnica Steinach; po lewej Maia Alta i Maia Bassa. Quarazze zajmuje p\u00f3\u0142nocno-zachodni kraniec na zboczach Tessa, podczas gdy Labers rozci\u0105ga si\u0119 na wschodnich zboczach Monte Zoccolo. Na po\u0142udniu Sinigo s\u0142u\u017cy jako strefa przemys\u0142owa i handlowa, oddzielona topografi\u0105 od historycznego centrum. Od XIX wieku status miasta jako uzdrowiska kierowa\u0142 uwag\u0119 na starszych go\u015bci szukaj\u0105cych odpoczynku; pod koniec XX wieku i na pocz\u0105tku XXI wieku zr\u00f3\u017cnicowana oferta i rosn\u0105ca turystyka mi\u0119dzynarodowa odwr\u00f3ci\u0142y demografi\u0119 wiekow\u0105 i poszerzy\u0142y atrakcyjno\u015b\u0107 dla r\u00f3\u017cnych pokole\u0144.<\/p>\n<p>Sieci transportowe wzmocni\u0142y dost\u0119pno\u015b\u0107 Merano. Linia Brenner jest omijana na rzecz MeBo, czteropasmowej autostrady \u0142\u0105cz\u0105cej miasto z Bolzano 30 km na po\u0142udnie i dalej do autostrady A22. Linia kolejowa Bolzano\u2013Merano biegnie r\u00f3wnolegle do autostrady i rozci\u0105ga si\u0119 na zach\u00f3d do Val Venosta przez lini\u0119 Vinschgau. Z Bolzano poci\u0105gi odje\u017cd\u017caj\u0105 mniej wi\u0119cej co 40 minut, a dost\u0119pna jest zintegrowana sprzeda\u017c bilet\u00f3w. Us\u0142ugi autobusowe, zarz\u0105dzane przez SASA i SAD, kursuj\u0105 co godzin\u0119 mi\u0119dzy Bolzano i Merano, a posiadacze kart warto\u015bciowych maj\u0105 ni\u017csze ceny. Mi\u0119dzynarodowe us\u0142ugi autokarowe docieraj\u0105 do Bolzano, sk\u0105d po\u0142\u0105czenia s\u0105 regularne.<\/p>\n<p>W Merano dziewi\u0119\u0107 dziennych linii autobusowych i jedna nocna linia przewozi mieszka\u0144c\u00f3w i go\u015bci w godzinach 06:00\u201301:00. Autobusy stosuj\u0105 system honorowy \u2014 skasowany bilet zachowuje wa\u017cno\u015b\u0107 przez 45 minut \u2014 a postoje na \u017c\u0105danie wymagaj\u0105 r\u0119cznego sygna\u0142u, aby wysi\u0105\u015b\u0107 lub wsi\u0105\u015b\u0107. Wyci\u0105g krzese\u0142kowy \u0142\u0105czy Merano z g\u00f3rzyst\u0105 wiosk\u0105 Tyrol od kwietnia do listopada. Taks\u00f3wki dzia\u0142aj\u0105 na wezwanie za po\u015brednictwem Radio Taxi lub prywatnych us\u0142ug wynajmu. Sie\u0107 rowerowa, cho\u0107 mniej rozleg\u0142a ni\u017c w Bolzano, oferuje bezp\u0142atne wypo\u017cyczanie rower\u00f3w od wiosny do po\u0142owy pa\u017adziernika w takich miejscach, jak dworzec kolejowy, budynek uzdrowiska i centrum tenisowe, po wp\u0142aceniu zwrotnego depozytu.<\/p>\n<p>Samochody w centrum miasta s\u0105 zazwyczaj zb\u0119dne, a miejsca parkingowe s\u0105 rzadko\u015bci\u0105. Zim\u0105 \u015brodki niskoemisyjne ograniczaj\u0105 pojazdy Euro 0 w ca\u0142ym mie\u015bcie, a w dni o wysokim zanieczyszczeniu nawet samochody Euro 1 s\u0105 obj\u0119te zakazem. Takie przepisy odzwierciedlaj\u0105 wieloletnie zaanga\u017cowanie Merano w ochron\u0119 \u015brodowiska.<\/p>\n<p>Rekreacja obejmuje zar\u00f3wno uprawiane, jak i dzikie zaj\u0119cia. Wody termalne tryskaj\u0105 przez nowoczesne centrum spa na przeciwleg\u0142ym brzegu Passirio, gdzie naturalna radioaktywno\u015b\u0107 wzmacnia walory terapeutyczne. Publiczne baseny zewn\u0119trzne, lodowisko, 15 kort\u00f3w tenisowych (z czego cztery s\u0105 kryte), szko\u0142a je\u017adziecka i skok\u00f3w przez przeszkody oraz pole do minigolfa odpowiadaj\u0105 r\u00f3\u017cnorodnym gustom. Bystrza Passirio go\u015bci\u0142y Mistrzostwa \u015awiata w Kajakarstwie Lataj\u0105cy (1971, 1983) i Puchar Europy (1980). Szlak Tappeiner Walk, wyznaczony przez dr Tappeinera i podarowany miastu w 1892 r., biegnie po lodowcowym zboczu wzg\u00f3rza od g\u00f3ry St. Benedetto do w\u0105wozu Gilf, oferuj\u0105c niezak\u0142\u00f3cone panoramy.<\/p>\n<p>Poza miastem szlaki rozci\u0105gaj\u0105 si\u0119 do Meran\/o 2000 na pobliskich wzg\u00f3rzach, gdzie znajduj\u0105 si\u0119 zar\u00f3wno letnie promenady, jak i zimowe stoki narciarskie. Masyw Hirzer i dolina Ultimo oferuj\u0105 dalsze trasy narciarskie, a w ci\u0105gu godziny jazdy lodowiec Schnalstal umo\u017cliwia letnie narciarstwo na \u015bnie\u017cnym polu. Dla piechur\u00f3w i wspinaczy skomplikowana sie\u0107 szlak\u00f3w i schronisk alpejskich podkre\u015bla podw\u00f3jn\u0105 to\u017csamo\u015b\u0107 Merano jako sanktuarium odpoczynku i punktu startowego dla alpejskich przedsi\u0119wzi\u0119\u0107.<\/p>\n<p>Merano to opowie\u015b\u0107 o nieustannym odnawianiu si\u0119 po\u015br\u00f3d trwa\u0142o\u015bci g\u00f3r. Od \u015bredniowiecznych bram po nowoczesne galerie, od pawilon\u00f3w uzdrowiskowych po akademie jazzu, miasto pozostaje jednocze\u015bnie historyczne i dynamiczne. Ka\u017cda jego ulica opowiada o wizytach cesarskich i lokalnej pracy, jego festiwale \u0142\u0105cz\u0105 j\u0119zyki i tradycje, jego klimat piel\u0119gnuje winoro\u015bl i sady, a jego mieszka\u0144cy podtrzymuj\u0105 \u017cywe po\u0142\u0105czenie kultur w\u0142oskiej, niemieckiej i lady\u0144skiej. W tej fuzji Merano jest \u015bwiadectwem mo\u017cliwo\u015bci harmonii mi\u0119dzy tradycj\u0105 a innowacj\u0105, mi\u0119dzy odpoczynkiem a zaanga\u017cowaniem \u2014 miejscem, w kt\u00f3rym ka\u017cda pora roku ujawnia inny aspekt tej samej ponadczasowej kotliny.<\/p>","protected":false},"excerpt":{"rendered":"<p>Merano, malownicza gmina w Po\u0142udniowym Tyrolu, w p\u00f3\u0142nocnych W\u0142oszech, licz\u0105ca oko\u0142o 41 000 mieszka\u0144c\u00f3w. To malownicze miasto, po\u0142o\u017cone w kotlinie otoczonej g\u00f3rami, jest przyk\u0142adem p\u0142ynnej integracji naturalnego pi\u0119kna i ludzkiej kreatywno\u015bci. Po\u0142o\u017cone na skrzy\u017cowaniu trzech wybitnych dolin \u2014 Val Venosta, Val Passiria i Val d&#039;Adige \u2014 Merano stanowi punkt wej\u015bcia do jednych z najbardziej osza\u0142amiaj\u0105cych krajobraz\u00f3w w okolicy.<\/p>","protected":false},"author":1,"featured_media":17524,"parent":11663,"menu_order":0,"comment_status":"closed","ping_status":"closed","template":"elementor_theme","meta":{"_eb_attr":"","footnotes":""},"class_list":["post-16869","page","type-page","status-publish","has-post-thumbnail"],"_links":{"self":[{"href":"https:\/\/travelshelper.com\/pl\/wp-json\/wp\/v2\/pages\/16869","targetHints":{"allow":["GET"]}}],"collection":[{"href":"https:\/\/travelshelper.com\/pl\/wp-json\/wp\/v2\/pages"}],"about":[{"href":"https:\/\/travelshelper.com\/pl\/wp-json\/wp\/v2\/types\/page"}],"author":[{"embeddable":true,"href":"https:\/\/travelshelper.com\/pl\/wp-json\/wp\/v2\/users\/1"}],"replies":[{"embeddable":true,"href":"https:\/\/travelshelper.com\/pl\/wp-json\/wp\/v2\/comments?post=16869"}],"version-history":[{"count":0,"href":"https:\/\/travelshelper.com\/pl\/wp-json\/wp\/v2\/pages\/16869\/revisions"}],"up":[{"embeddable":true,"href":"https:\/\/travelshelper.com\/pl\/wp-json\/wp\/v2\/pages\/11663"}],"wp:featuredmedia":[{"embeddable":true,"href":"https:\/\/travelshelper.com\/pl\/wp-json\/wp\/v2\/media\/17524"}],"wp:attachment":[{"href":"https:\/\/travelshelper.com\/pl\/wp-json\/wp\/v2\/media?parent=16869"}],"curies":[{"name":"wp","href":"https:\/\/api.w.org\/{rel}","templated":true}]}}