{"id":16654,"date":"2024-09-23T16:26:58","date_gmt":"2024-09-23T16:26:58","guid":{"rendered":"https:\/\/travelshelper.com\/staging\/?page_id=16654"},"modified":"2026-03-12T00:24:29","modified_gmt":"2026-03-12T00:24:29","slug":"bad-karlshafen","status":"publish","type":"page","link":"https:\/\/travelshelper.com\/pl\/destinations\/europe\/germany\/bad-karlshafen\/","title":{"rendered":"Bad Karlshafen"},"content":{"rendered":"<p>Bad Karlshafen, uzdrowisko termalne z 3778 mieszka\u0144cami, rozci\u0105gaj\u0105ce si\u0119 na powierzchni 14,85 km\u00b2, le\u017cy na styku rzek Diemel i Wezera w p\u00f3\u0142nocnej Hesji w Niemczech. Pi\u0119tna\u015bcie kilometr\u00f3w na po\u0142udnie od H\u00f6xter i trzydzie\u015bci siedem kilometr\u00f3w na p\u00f3\u0142noc od Kassel, zajmuje wyj\u0105tkowy punkt tr\u00f3jstyku, gdzie zbiegaj\u0105 si\u0119 Hesja, Dolna Saksonia i Nadrenia P\u00f3\u0142nocna-Westfalia. G\u0142\u00f3wna dzielnica Bad Karlshafen jest domem dla oko\u0142o 2300 mieszka\u0144c\u00f3w, podczas gdy \u015bredniowieczna wioska Helmarshausen, obecnie dzielnica po reformach miejskich w 1972 r., dodaje kolejne 1478 do og\u00f3lnej liczby. Jego wysoko\u015b\u0107 95,6 m nad poziomem morza obejmuje krajobraz zalesionych klif\u00f3w, dolin rzecznych i pozosta\u0142o\u015bci ambitnych plan\u00f3w budowy dr\u00f3g wodnych, kt\u00f3re nigdy nie zosta\u0142y zrealizowane.<\/p>\n<p>Za\u0142o\u017cona w 1699 roku przez francuskich protestant\u00f3w uciekaj\u0105cych przed prze\u015bladowaniami po odwo\u0142aniu edyktu nantejskiego, osada pocz\u0105tkowo nazywa\u0142a si\u0119 Sieburg. Karol I, landgraf Hesji-Kassel, udzieli\u0142 schronienia tym hugenotom, zmieniaj\u0105c nazw\u0119 miasta na swoj\u0105 cze\u015b\u0107 i wyobra\u017caj\u0105c sobie sie\u0107 kana\u0142\u00f3w, kt\u00f3ra omin\u0119\u0142aby c\u0142a w Hannoversch M\u00fcnden. Jego in\u017cynier Friedrich Conradi opracowa\u0142 plany kana\u0142u Landgrafa-Karola, kt\u00f3ry mia\u0142 po\u0142\u0105czy\u0107 Karlshafen z Marburgiem, ale zbudowano tylko pocz\u0105tkowy odcinek do H\u00fcmme. Barokowy plan miasta autorstwa architekta Paula du Ry nabra\u0142 kszta\u0142tu w 1717 roku, rozwijaj\u0105c siatk\u0119 symetrycznych ulic, centralnych plac\u00f3w i basenu portowego, kt\u00f3ry nadal definiuje historyczne centrum miasta.<\/p>\n<p>Basen portu Wezery, pierwotnie odci\u0119ty od rzeki w latach 20. XX wieku, zosta\u0142 ponownie po\u0142\u0105czony w 2018 roku za pomoc\u0105 \u015bluzy, kt\u00f3ra utrzymuje sta\u0142y poziom wody i pozwala na wp\u0142ywanie ma\u0142ych jednostek p\u0142ywaj\u0105cych. Odrestaurowany basen przylega do dawnego pakowni i magazynu, wzniesionego w latach 1715\u20131718 z charakterystycznym dachem czterospadowym i wie\u017c\u0105 z wie\u017cyczk\u0105 \u2014 obecnie ratusza. Wewn\u0105trz zwiedzaj\u0105cy znajd\u0105 lustrzane sufity stiukowe w\u0142oskiego dekoratora Andrei Gallasiniego oraz dzwonnic\u0119, kt\u00f3ra cztery razy dziennie wybija godziny melodiami. Ogr\u00f3d r\u00f3\u017cany, zasadzony na dziedzi\u0144cu w 2009 roku, zmi\u0119kcza kamienne fasady, kt\u00f3re niegdy\u015b go\u015bci\u0142y landgrafa Karla podczas jego rzadkich wizyt.<\/p>\n<p>Helmarshausen, po\u0142o\u017cone zaledwie 1,3 kilometra na po\u0142udnie przez Diemel, jest starsze od Karlshafen o kilka stuleci. Jego ko\u015bci\u00f3\u0142 miejski pochodzi z roma\u0144skiego stylu z X wieku, chocia\u017c po\u017cary i naprawy zmieni\u0142y jego struktur\u0119 z biegiem czasu. XVIII-wieczne organy z 1100 piszcza\u0142kami zosta\u0142y przywr\u00f3cone do \u017cycia, a za szk\u0142em w nawie g\u0142\u00f3wnej spoczywaj\u0105 cenne strony z Ewangelii Henryka Lwa. Dawne opactwo benedykty\u0144skie w Helmarshausen, za\u0142o\u017cone w 997 roku, tworzy\u0142o \u015bredniowieczne arcydzie\u0142a iluminacji ksi\u0105g i prac z\u0142otniczych. Rozwi\u0105zany w okresie reformacji, plan pi\u0119tra ko\u015bcio\u0142a klasztornego le\u017cy teraz ods\u0142oni\u0119ty pod nowoczesnymi p\u0142ytami chodnikowymi.<\/p>\n<p>W latach 1685\u20131750 miasto dawa\u0142o schronienie r\u00f3wnie\u017c Waldensom wygnanym z dolin Piemontu w Kr\u00f3lestwie Sabaudii-Piemontu-Sardynii. Mieszkali w enklawach, kt\u00f3re pomimo fizycznego oddzielenia wzbogaca\u0142y tkank\u0119 kulturow\u0105 miasta. Niemieckie Muzeum Hugenot\u00f3w, za\u0142o\u017cone w 1980 r. w przebudowanej fabryce cygar, zachowuje t\u0119 wielowarstwow\u0105 histori\u0119. Jego 700-metrowa wystawa obejmuje archiwa zdj\u0119\u0107, genealogie rodzinne i artefakty ilustruj\u0105ce zmagania i osi\u0105gni\u0119cia hugenot\u00f3w i waldens\u00f3w. Centrum bada\u0144 genealogicznych i archiwum miejskie uzupe\u0142niaj\u0105 ekspozycje, kt\u00f3re przyci\u0105gaj\u0105 naukowc\u00f3w i potomk\u00f3w z ca\u0142ej Europy.<\/p>\n<p>Status uzdrowiska nadano w 1977 r., co sk\u0142oni\u0142o do dodania \u201eBad\u201d do nazwy miasta i wybudowania t\u0119\u017cni w 1986 r. Obecnie Weser Therme jest nowoczesnym o\u015brodkiem zdrowia zbudowanym na \u017ar\u00f3dle termalnym, kt\u00f3re dostarcza solank\u0119 o niezwyk\u0142ym st\u0119\u017ceniu soli wynosz\u0105cym 23 procent z g\u0142\u0119boko\u015bci 1150 metr\u00f3w. Otwarte w grudniu 2004 r. jako Kristalltherme Weserbergland za kwot\u0119 20 milion\u00f3w euro, ostatecznie obiekt zosta\u0142 przekazany gminie w 2009 r. po przed\u0142u\u017caj\u0105cej si\u0119 ugodzie prawnej. Odwiedzaj\u0105cy mog\u0105 korzysta\u0107 z basen\u00f3w utrzymywanych w temperaturze 33\u201336 \u00b0C, jacuzzi, kompleksu saun z saun\u0105-\u0142\u00f3dk\u0105 na Wezerze i panoramicznych widok\u00f3w na brzeg rzeki.<\/p>\n<p>Za wodami Bad Karlshafen mie\u015bci si\u0119 mi\u0119dzy g\u00f3rami Solling na p\u00f3\u0142nocy a lasem Reinhardswald na po\u0142udniu. Klify Hesji wznosz\u0105 si\u0119 bezpo\u015brednio na po\u0142udniowy zach\u00f3d w miejscu, gdzie Diemel spotyka si\u0119 z Wezer\u0105, dost\u0119pne szlakiem Fulda-Diemel ze starego miasta. Na jednym z przyl\u0105dk\u00f3w stoi Wie\u017ca Hugenot\u00f3w, zbudowana w 1913 roku przez Johanna Josepha Davina i ponownie otwarta dla zwiedzaj\u0105cych w 2011 roku, oferuj\u0105ca rozleg\u0142e widoki na dwie rzeki i barokow\u0105 siatk\u0119 poni\u017cej. Na wschodzie p\u0142askowy\u017c Sieburg zachowuje pozosta\u0142o\u015bci prehistorycznego systemu mur\u00f3w pier\u015bcieniowych \u2014 wewn\u0119trzne i zewn\u0119trzne mury o d\u0142ugo\u015bci ponad 800 metr\u00f3w otaczaj\u0105 ponad kilometr kwadratowy zalesionego terenu g\u00f3rskiego.<\/p>\n<p>Ruiny zamku Krukenburg wie\u0144cz\u0105 Waltersberg, 184-metrowe wzg\u00f3rze nad Helmarshausen. Wzniesiona w latach 1215\u20131220 twierdza popad\u0142a w ruin\u0119 po 1617 r., a jej mury sta\u0142y si\u0119 romantycznym fragmentem na tle nieba. Niedaleko, odwiedzaj\u0105cy mog\u0105 zatrzyma\u0107 si\u0119 w Caf\u00e9 zur Krukenburg, aby prze\u015bledzi\u0107 \u015bredniowieczne echa pod sklepionym wn\u0119trzem i zastanowi\u0107 si\u0119 nad rytmami rzeki i lasu, kt\u00f3re ukszta\u0142towa\u0142y to pogranicze.<\/p>\n<p>Dost\u0119p do Bad Karlshafen \u0142\u0105czy wygod\u0119 z prowincjonalnym spokojem. Lotnisko Kassel-Calden znajduje si\u0119 26 kilometr\u00f3w na po\u0142udnie i oferuje loty regionalne od 2013 r., podczas gdy lotnisko Paderborn-Lippstadt, 58 kilometr\u00f3w na zach\u00f3d, \u0142\u0105czy si\u0119 z Lufthans\u0105 i przewo\u017anikami turystycznymi. Transport l\u0105dowy obejmuje lini\u0119 kolejow\u0105 Solling \u2014 stacja Bad Karlshafen oznacza koniec trasy, kt\u00f3r\u0105 kiedy\u015b dzieli\u0142 historyczny prom Carlsbahn \u2014 oraz cztery linie autobusowe, kt\u00f3re \u0142\u0105cz\u0105 s\u0105siednie miasta i sezonowe us\u0142ugi Wisent z przyczepkami rowerowymi. Przez gmin\u0119 przebiegaj\u0105 autostrady federalne B80 i B83, a przez jej ulice przebiega Niemiecki Szlak Bajek.<\/p>\n<p>Rowerzy\u015bci ceni\u0105 miasto jako skrzy\u017cowanie d\u0142ugodystansowych tras: Weser Cycle Route, Diemel Cycle Route, o\u015b Fulda-Weser i obw\u00f3d Monastery Gardens \u2013 wszystkie zbiegaj\u0105 si\u0119 tutaj. Dla piechur\u00f3w szlak hugenot\u00f3w i waldens\u00f3w pod\u0105\u017ca staro\u017cytnymi szlakami do Reinhardswald, podczas gdy oznaczone X szlaki Hessenweg wyznaczaj\u0105 tras\u0119 przez wzg\u00f3rza Solling i doliny rzek. Mi\u0142o\u015bnicy pieszych w\u0119dr\u00f3wek wodnych mog\u0105 wybra\u0107 si\u0119 na wycieczki kajakowe z przewodnikiem po Wezerze lub Diemel \u2013 ochrona przyrody ogranicza rejestracj\u0119 na mniejszym dop\u0142ywie \u2013 a statek pasa\u017cerski Hessen nadal oferuje rejsy \u015bniadaniowe i zaplanowane przeskoki do Beverungen z promenady uzdrowiskowej.<\/p>\n<p>W mie\u015bcie, prosty hotel-restauracja zajmuje najstarszy dom, zbudowany w 1700 roku na Hafenplatz. Dom rekonwalescencyjny dla urz\u0119dnik\u00f3w kolejowych powsta\u0142 w 1910 roku pod kierownictwem Aloisa Holtmeyera, a inspirowany Lutrem Dom Inwalid\u00f3w \u2014 wzorowany na Hotel des Invalides Ludwika XIV \u2014 otworzy\u0142 swoj\u0105 kaplic\u0119 w 1710 roku, aby s\u0142u\u017cy\u0107 emerytowanym \u017co\u0142nierzom heskim. Obecnie ta czcigodna budowla jest schronieniem dla kongregacji Nowoapostolskiej i zachowuje ostatnie miejsce spoczynku architekta.<\/p>\n<p>Przeplatanie si\u0119 sacrum i \u015bwiecko\u015bci w tkance Bad Karlshafen. Ko\u015bci\u00f3\u0142 \u015bw. Szczepana, protestancki dom modlitwy wzniesiony w 1962 r. z lokalnego piaskowca, stoi na promenadzie uzdrowiskowej z oknami autorstwa Hansa-Gottfrieda von Stockhausena i organami z zabytkowych piszcza\u0142ek. Ko\u015bci\u00f3\u0142 katolicki \u015bw. Micha\u0142a, konsekrowany w 1956 r., mie\u015bci drewnian\u0105 Madonn\u0119 o niepewnym wieku i zajmuje cichy plac niedaleko wie\u017cy t\u0119\u017cni. W Helmarshausen, ko\u015bci\u00f3\u0142 \u015bw. Piotra i Paw\u0142a, uko\u0144czony w 1971 r., funkcjonuje dzi\u015b na podstawie um\u00f3wionych wizyt, odzwierciedlaj\u0105c zmieniaj\u0105ce si\u0119 p\u0142ywy zasob\u00f3w duszpasterskich.<\/p>\n<p>\u015awieckie budynki tworz\u0105 galeri\u0119 obywatelskich ambicji. Barokowy uk\u0142ad miasta pozostaje w du\u017cej mierze nienaruszony, jego symetria nie zosta\u0142a naruszona przez neonowe szyldy ani nowoczesne najazdy. Spaceruj\u0105c pod arkadami ratusza, mo\u017cna wyczu\u0107 aspiracje o\u015bwieconego despotyzmu, z\u0142agodzone lokalnym rzemios\u0142em. Wok\u00f3\u0142 basenu portowego \u0142awki i trawniki zach\u0119caj\u0105 do refleksji nad obietnic\u0105 rzecznych kana\u0142\u00f3w handlowych, kt\u00f3ra nigdy w pe\u0142ni si\u0119 nie zmaterializowa\u0142a.<\/p>\n<p>Zaj\u0119cia rekreacyjne r\u00f3wnowa\u017c\u0105 tryby aktywny i kontemplacyjny. Kemping i pole do minigolfa znajduj\u0105 si\u0119 obok Wezery, a promenada uzdrowiskowa rozci\u0105ga si\u0119 do wie\u017cy t\u0119\u017cniowej, kt\u00f3ra wzbogaca powietrze o solankowe aerozole z warstw krzew\u00f3w tarniny. Wst\u0119p jest bezp\u0142atny, a wdychanie mgie\u0142ki zapewnia chwil\u0119 wytchnienia od rutyny dnia codziennego. Ka\u017cdego maja odbywa si\u0119 Mordkammerlauf, seria bieg\u00f3w rekreacyjnych od 400 metr\u00f3w do p\u00f3\u0142maratonu przez dolin\u0119 Holzapetal w Reinhardswald, cz\u0119\u015b\u0107 regionalnych zawod\u00f3w Reinhardswald Cup.<\/p>\n<p>Muzea uzupe\u0142niaj\u0105 naturalne i architektoniczne atrakcje miasta. Centrum genealogiczne Niemieckiego Muzeum Hugenot\u00f3w przyci\u0105ga zwiedzaj\u0105cych, kt\u00f3rzy chc\u0105 prze\u015bledzi\u0107 linie hugenot\u00f3w, podczas gdy Stary Ratusz w Helmarshausen \u2014 prowadzony przez lokalne stowarzyszenie historyczne \u2014 prezentuje \u015bredniowieczne iluminacje r\u0119kopis\u00f3w i legendarn\u0105 Ewangeli\u0119 Henryka Lwa. Zasady wst\u0119pu s\u0105 skromne, a rotacyjne wystawy zapewniaj\u0105, \u017ce powt\u00f3rne wizyty s\u0105 nagrod\u0105 nawet dla tych, kt\u00f3rzy przybywaj\u0105 nie spodziewaj\u0105c si\u0119 niczego wi\u0119cej ni\u017c lokalnego kolorytu.<\/p>\n<p>Dla tych, kt\u00f3rzy wol\u0105 wyl\u0105dowa\u0107 na twardym l\u0105dzie, Hanover Cliffs kusz\u0105 tu\u017c poni\u017cej, na przeciwleg\u0142ym brzegu. Siedem filar\u00f3w z piaskowca, zwie\u0144czonych od 2011 r. platform\u0105 Weser Skywalk, si\u0119ga 75 metr\u00f3w w niebo. Z parkingu w Beverungen prowadzi \u015bcie\u017cka bez barier, a z kratowanych taras\u00f3w mo\u017cna podziwia\u0107 po\u0142\u0105czenie poni\u017cej i mozaik\u0119 p\u00f3l i las\u00f3w w oddali. U st\u00f3p tych klif\u00f3w tr\u00f3jk\u0105t graniczny jest oznaczony kamieniami wskazuj\u0105cymi na spotkanie trzech niemieckich pa\u0144stw, co przypomina o po\u0142o\u017ceniu miasta na kulturowym skrzy\u017cowaniu.<\/p>\n<p>Historia Bad Karlshafen to historia ci\u0105g\u0142o\u015bci i zmiany. Jego barokowe ko\u015bci m\u00f3wi\u0105 o wizji zaplanowanej elegancji, podczas gdy jego uzdrowiska i termy podkre\u015blaj\u0105 wielowiekowe zaanga\u017cowanie w zdrowie i relaks. Groby hugenockich uchod\u017ac\u00f3w, mury opactw i zamk\u00f3w oraz kr\u0119te \u015bcie\u017cki przez Reinhardswald \u015bwiadcz\u0105 o warstwach ludzkiego wysi\u0142ku. Tutaj mo\u017cna przej\u015b\u0107 od brzegu rzeki do grzbietu, od kamiennych portali do le\u015bnych polan, ka\u017cdy krok to cicha medytacja nad tym, jak miejsce i cel si\u0119 przeplataj\u0105.<\/p>\n<p>W tym uzdrowiskowym mie\u015bcie nad Wezer\u0105 przesz\u0142o\u015b\u0107 przenika ka\u017cd\u0105 ulic\u0119 i widok, nigdy nie staj\u0105c si\u0119 eksponatem muzealnym. Aktywno\u015b\u0107 i odpoczynek wsp\u00f3\u0142istniej\u0105 w wywa\u017conej harmonii \u2014 od p\u0142ywania kajakiem pod piaskowcowymi klifami po wdychanie s\u0142onego powietrza przy t\u0119\u017cni. Relikty architektoniczne, od kaplicy Domu Inwalid\u00f3w po odrestaurowany plan pi\u0119tra opactwa Helmarshausen, nasycaj\u0105 codzienne \u017cycie poczuciem historycznego rezonansu. Niezale\u017cnie od tego, czy przyje\u017cd\u017casz poci\u0105giem Solling Railway, samochodem B83, czy \u0142odzi\u0105 przez odrestaurowan\u0105 \u015bluz\u0119, odwiedzaj\u0105cy napotykaj\u0105 miasto zar\u00f3wno starannie zachowane, jak i cicho \u017cywe \u2014 barokowy klejnot u zbiegu rzek i region\u00f3w, gdzie ka\u017cdy zak\u0105tek oferuje histori\u0119 wart\u0105 zatrzymania si\u0119.<\/p>","protected":false},"excerpt":{"rendered":"<p>Bad Karlshafen, barokowe uzdrowisko solne w powiecie Kassel w Hesji w Niemczech, ma populacj\u0119 oko\u0142o 4200 mieszka\u0144c\u00f3w. G\u0142\u00f3wna dzielnica Bad Karlshafen jest domem dla 2300 mieszka\u0144c\u00f3w, podczas gdy \u015bredniowieczna wioska Helmarshausen stanowi dodatkowe 1900. To malownicze miasto jest strategicznie po\u0142o\u017cone u zbiegu rzek Diemel i Wezera, 15 kilometr\u00f3w na po\u0142udnie od H\u00f6xter i 37 kilometr\u00f3w na p\u00f3\u0142noc od Kassel.<\/p>","protected":false},"author":1,"featured_media":17549,"parent":13736,"menu_order":0,"comment_status":"closed","ping_status":"closed","template":"elementor_theme","meta":{"_eb_attr":"","footnotes":""},"class_list":["post-16654","page","type-page","status-publish","has-post-thumbnail"],"_links":{"self":[{"href":"https:\/\/travelshelper.com\/pl\/wp-json\/wp\/v2\/pages\/16654","targetHints":{"allow":["GET"]}}],"collection":[{"href":"https:\/\/travelshelper.com\/pl\/wp-json\/wp\/v2\/pages"}],"about":[{"href":"https:\/\/travelshelper.com\/pl\/wp-json\/wp\/v2\/types\/page"}],"author":[{"embeddable":true,"href":"https:\/\/travelshelper.com\/pl\/wp-json\/wp\/v2\/users\/1"}],"replies":[{"embeddable":true,"href":"https:\/\/travelshelper.com\/pl\/wp-json\/wp\/v2\/comments?post=16654"}],"version-history":[{"count":0,"href":"https:\/\/travelshelper.com\/pl\/wp-json\/wp\/v2\/pages\/16654\/revisions"}],"up":[{"embeddable":true,"href":"https:\/\/travelshelper.com\/pl\/wp-json\/wp\/v2\/pages\/13736"}],"wp:featuredmedia":[{"embeddable":true,"href":"https:\/\/travelshelper.com\/pl\/wp-json\/wp\/v2\/media\/17549"}],"wp:attachment":[{"href":"https:\/\/travelshelper.com\/pl\/wp-json\/wp\/v2\/media?parent=16654"}],"curies":[{"name":"wp","href":"https:\/\/api.w.org\/{rel}","templated":true}]}}