{"id":16648,"date":"2024-09-23T16:18:29","date_gmt":"2024-09-23T16:18:29","guid":{"rendered":"https:\/\/travelshelper.com\/staging\/?page_id=16648"},"modified":"2026-03-12T00:24:17","modified_gmt":"2026-03-12T00:24:17","slug":"bad-kissingen","status":"publish","type":"page","link":"https:\/\/travelshelper.com\/pl\/destinations\/europe\/germany\/bad-kissingen\/","title":{"rendered":"Bad Kissingen"},"content":{"rendered":"<p>Bad Kissingen, uzdrowisko licz\u0105ce oko\u0142o 23 245 mieszka\u0144c\u00f3w, rozci\u0105gaj\u0105ce si\u0119 na obszarze 69,92 kilometr\u00f3w kwadratowych, le\u017cy nad rzek\u0105 Franko\u0144sk\u0105 Saale na po\u0142udnie od g\u00f3r Rh\u00f6n w bawarskiej Dolnej Frankonii. Jego status uzdrowiska pa\u0144stwowego i siedziby powiatu, w po\u0142\u0105czeniu z eleganck\u0105 architektur\u0105 z XIX i pocz\u0105tku XX wieku oraz \u017ar\u00f3d\u0142ami mineralnymi odnotowanymi od 823 r. n.e., zapewni\u0142 mu wpisanie na list\u0119 \u015bwiatowego dziedzictwa UNESCO \u201eGreat Spa Towns of Europe\u201d w 2021 r. Od pierwszej dokumentacji jako \u201echizzicha\u201d w 801 r. do rozkwitu wy\u017cszych sfer za czas\u00f3w Ludwika I i ksi\u0119cia regenta Luitpolda, narracja Bad Kissingen przeplata lecznicze wody, intrygi polityczne i zaanga\u017cowanie w komfort go\u015bci, kt\u00f3re trwa do dzi\u015b.<\/p>\n<p>Najwcze\u015bniejsze atrakcje miasta skupia\u0142y si\u0119 wok\u00f3\u0142 \u017ar\u00f3de\u0142 mineralnych, kt\u00f3re odnotowano pod panowaniem opactwa Fulda na pocz\u0105tku IX wieku, a p\u00f3\u017aniej pod panowaniem hrabi\u00f3w Henneberg i biskup\u00f3w W\u00fcrzburga. W 1279 roku Kissingen mia\u0142o status miasta, a w XVI wieku zosta\u0142o formalnie uznane za uzdrowisko: w 1520 roku pierwszy udokumentowany go\u015b\u0107 szuka\u0142 tu ulgi. W\u0142\u0105czenie do Kr\u00f3lestwa Bawarii w 1814 roku otworzy\u0142o \u015bcie\u017cki do kr\u00f3lewskiego patronatu; Ludwik I zleci\u0142 rozbudow\u0119, kt\u00f3ra nada\u0142a dzielnicy uzdrowiskowej wspania\u0142e promenady i arkady. Podniesienie do rangi \u201eBad\u201d w 1883 roku oznacza\u0142o jego przybycie do czo\u0142owych europejskich uzdrowisk, \u201eWeltbad\u201d, gdzie dworscy go\u015bcie od cesarzowej El\u017cbiety Austriackiej po cara Aleksandra II Rosji i kr\u00f3la Ludwika II Bawarskiego szukali terapeutycznego wytchnienia.<\/p>\n<p>Nie ca\u0142a historia Bad Kissingen jest kulturalna. 10 lipca 1866 r. by\u0142o to miejsce zaci\u0119tego starcia w Mainfeldzug wojny austriacko-pruskiej, kiedy to bawarskie wojska stawia\u0142y op\u00f3r pruskim posuni\u0119ciom, ale zosta\u0142y rozgromione. Kanclerz cesarski Otto von Bismarck, cz\u0119sty go\u015b\u0107 uzdrowiska, prze\u017cy\u0142 tutaj pr\u00f3b\u0119 zamachu podczas Kulturkampfu w 1874 r. P\u00f3\u017aniej dyktowa\u0142 \u201edyktando Kissingen\u201d z 1877 r., w kt\u00f3rym okre\u015blono zasady niemieckiej polityki zagranicznej; w jego dawnej rezydencji mie\u015bci si\u0119 obecnie Muzeum Bismarcka. W czerwcu 1911 r. w ratuszu miejskim odby\u0142y si\u0119 francusko-niemieckie negocjacje w sprawach maroka\u0144skich \u2014 impas, kt\u00f3ry przyspieszy\u0142 kryzys agadirski, zapowiadaj\u0105c napi\u0119cia XX wieku.<\/p>\n<p>Pierwsza wojna \u015bwiatowa i jej nast\u0119pstwa przynios\u0142y zmiany w klienteli: szlachta ust\u0105pi\u0142a miejsca szerszej klasie \u015bredniej, a uzdrowisko przetrwa\u0142o zamkni\u0119cie tylko na rok w 1945 r. W przededniu drugiej wojny \u015bwiatowej na skraju miasta wyros\u0142y niemieckie koszary wojskowe; pokojowo przej\u0119te przez si\u0142y ameryka\u0144skie w 1945 r., sta\u0142y si\u0119 koszarami Daleya do pocz\u0105tku lat 90. Powojenne kliniki ubezpiecze\u0144 spo\u0142ecznych wspiera\u0142y lokalne zatrudnienie, a\u017c do lat 90. reformy ubezpiecze\u0144 zdrowotnych zmniejszy\u0142y finansowanie uzdrowisk, co sk\u0142oni\u0142o w\u0142adze miejskie \u2014 poparte badaniem EMNID, kt\u00f3re uzna\u0142o Bad Kissingen za najbardziej znane uzdrowisko w Niemczech \u2014 do zr\u00f3\u017cnicowania bazy odwiedzaj\u0105cych. Do 2015 r. ponad 238 000 odwiedzaj\u0105cych odpowiada\u0142o za 1,5 miliona nocleg\u00f3w, co \u015bwiadczy o udanej reinwencji.<\/p>\n<p>Nowoczesne udogodnienia obejmuj\u0105 KissSalis Therme, otwarte w lutym 2004 r. jako o\u015brodek spa-rekreacji, oraz Niemiecko-Chi\u0144sk\u0105 Akademi\u0119 Pi\u0142karsk\u0105, zainaugurowan\u0105 pod koniec tego roku, aby go\u015bci\u0107 chi\u0144skich kandydat\u00f3w na olimpijczyk\u00f3w. Jednak sercem miasta pozostaje siedem \u017ar\u00f3de\u0142 mineralnych, wszystkie pochodz\u0105ce ze strefy uskokowej Kissingen-Ha\u00dffurt i wzbogacone warstwami osad\u00f3w permskich. Sze\u015b\u0107 z nich jest zimnych, bogatych w s\u00f3d, w\u0119glany i siarczany; tylko termalne \u017ar\u00f3d\u0142o Sch\u00f6nborn dostarcza ciep\u0142ej wody do k\u0105pieli. Ka\u017cde \u017ar\u00f3d\u0142o \u2014 od kultowej Fontanny Rakoczego z 1737 r., nazwanej na cze\u015b\u0107 w\u0119gierskiego bohatera Ferenca Rakoczego, po okresow\u0105 Okr\u0105g\u0142\u0105 Fontann\u0119 z 1788 r. \u2014 nadal przyci\u0105ga go\u015bci na kuracje pitne, k\u0105piele lub terapie inhalacyjne.<\/p>\n<p>Bad Kissingen jest przyk\u0142adem \u201eWeltbad\u201d nie tylko pod wzgl\u0119dem w\u00f3d, ale tak\u017ce oferty spo\u0142ecznej. Ogrody uzdrowiskowe i promenady niegdy\u015b go\u015bci\u0142y koncerty, teatry i gry; dworzanie i literaci mieszali si\u0119 w czytelniach, je\u017adzili konno lub sprawdzali swoje szcz\u0119\u015bcie w kasynie. Jego wspania\u0142a architektura \u2014 dzielnice uzdrowiskowe z willami, handel i obszary zabiegowe po\u0142\u0105czone arkadami \u2014 odzwierciedlaj\u0105 ambicj\u0119 p\u0142ynnego \u0142\u0105czenia przestrzeni publicznych z ogrodami, parkami i krajobrazem nadrzecznym. W XIX wieku najnowocze\u015bniejsze po\u0142\u0105czenia telegraficzne, telefoniczne i transportowe, a tak\u017ce luksusowe sklepy i r\u00f3\u017cnorodne hotele, wyposa\u017cy\u0142y \u200b\u200bmiasto w udogodnienia, kt\u00f3rych nie mo\u017cna znale\u017a\u0107 nawet w niekt\u00f3rych du\u017cych miastach.<\/p>\n<p>Administracyjnie, od 2016 r. Bad Kissingen utworzy\u0142o wsp\u00f3lne centrum regionalne z Bad Neustadt, mieszcz\u0105ce w\u0142adze Bawarii i oferuj\u0105ce miejsca konferencyjne, kt\u00f3re wykorzystuj\u0105 jego centralne po\u0142o\u017cenie. Architektura religijna odzwierciedla jego kosmopolityczn\u0105 przesz\u0142o\u015b\u0107: barokowy ko\u015bci\u00f3\u0142 \u015bw. Jakuba nosi pozosta\u0142o\u015bci wie\u017cy z XIV wieku pod XVIII-wiecznym stiukiem, neogotycka bazylika Sacr\u00e9-C\u0153ur (konsekrowana w 1884 r.) wznosi si\u0119 na 67 metr\u00f3w w stron\u0119 nieba, a XIX-wieczne ko\u015bcio\u0142y protestanckie, anglika\u0144skie i prawos\u0142awne \u015bwiadcz\u0105 o pluralistycznej klienteli. Obecno\u015b\u0107 \u017byd\u00f3w, odnotowana w XIII wieku, jest dzi\u015b upami\u0119tniona na sta\u0142ej wystawie w Centrum Spo\u0142eczno\u015bci \u017bydowskiej.<\/p>\n<p>Przechodz\u0105c przez franko\u0144sk\u0105 Saale, odwiedzaj\u0105cy mog\u0105 zobaczy\u0107 pi\u0119\u0107 most\u00f3w drogowych i dwana\u015bcie k\u0142adek dla pieszych, w tym antypo\u015blizgowy most dla koni w Schweizer Haus; dwie arterie autostradowe (A 7 i A 71) znajduj\u0105 si\u0119 w zasi\u0119gu r\u0119ki, obok dr\u00f3g federalnych B 286 i B 287. Kilometr na p\u00f3\u0142noc od miasta znajduje si\u0119 lotnisko Bad Kissingen. Od kwietnia do pa\u017adziernika linia dyli\u017cans\u00f3w do Bad Bocklet oferuje \u017cywe po\u0142\u0105czenie z dawnymi podr\u00f3\u017cami; autobusy miejskie i regionalne \u2014 bezp\u0142atne z kart\u0105 spa \u2014 obs\u0142uguj\u0105 lokalne trasy, podczas gdy parowiec Saaleschiffahrt sunie mi\u0119dzy Rosengarten i Unterer Saline. Stacja ko\u0144cowa miasta \u0142\u0105czy linie Gem\u00fcnden\u2013Bad Kissingen i Ebenhausen\u2013Bad Kissingen, z us\u0142ugami przelotowymi do Schweinfurtu, W\u00fcrzburga, Bambergu, Frankfurtu i dalej.<\/p>\n<p>Aby uzyska\u0107 panoramiczne widoki, bli\u017aniacze wie\u017ce zamku Botenlauben znajduj\u0105 si\u0119 na po\u0142udniowo-wschodnim grzbiecie, a ich mury z XII wieku przypominaj\u0105 o historii krzy\u017cowc\u00f3w i po\u017carach wojny ch\u0142opskiej; coroczny festiwal Botenlauben w po\u0142owie wrze\u015bnia o\u017cywia te ruiny. Na zach\u00f3d, 284-metrowy park szczytowy wzg\u00f3rza Altenberg i pawilon z 1848 roku (\u201eBellevue\u201d) oferuj\u0105 widoki na dzielnic\u0119 uzdrowiskow\u0105 zwie\u0144czon\u0105 pomnikiem Sissi. Dalej na po\u0142udnie, 33-metrowa wie\u017ca jubileuszowa Wittelsbach, wzniesiona w 1907 roku z okazji stulecia Bawarii, stoi na szczycie Scheinberg na wysoko\u015bci 420 metr\u00f3w, a na taras widokowy prowadzi 120 schod\u00f3w.<\/p>\n<p>W historycznym centrum Nowy Ratusz zajmuje dawny Zamek Lochner-Heu\u00dflein (1707\u20131710), barokowy klejnot Dientzenhofera, przekszta\u0142cony na u\u017cytek miejski w 1929 r. W pobli\u017cu renesansowy Stary Ratusz z 1577 r. s\u0142u\u017cy jako centrum wystaw kulturalnych. Dziedzictwo przemys\u0142owe przetrwa\u0142o w pompach solankowych i zrekonstruowanych sekcjach t\u0119\u017cni w Dolnej Warzelni Soli, przypominaj\u0105c o 1000-letniej tradycji produkcji soli w mie\u015bcie. W obiekcie Upper Saline, pochodz\u0105cym z 1767 r., mie\u015bci si\u0119 Muzeum Upper Saline i Muzeum Bismarcka, przy czym to drugie zachowa\u0142o rezydencj\u0119 uzdrowiskow\u0105 kanclerza i sal\u0119 dyktatorsk\u0105.<\/p>\n<p>Pomniki w ca\u0142ym ogrodzie uzdrowiskowym upami\u0119tniaj\u0105 postacie od pawilonu cesarzowej El\u017cbiety po pos\u0105gi kr\u00f3l\u00f3w Ludwika I i Maksymiliana II, kanclerza Bismarcka i architekta Balthasara Neumanna. Pomnik Antona Boxbergera stoi w ogrodzie r\u00f3\u017canym w pobli\u017cu \u017ar\u00f3d\u0142a Rakoczego. Wie\u017ce widokowe \u2014 Wie\u017ca Bismarcka na Sinnbergu i Wie\u017ca Ludwiga na Staffelsh\u00f6he \u2014 zapraszaj\u0105 do spokojnej kontemplacji zalesionych wzg\u00f3rz i meandr\u00f3w Saale poni\u017cej.<\/p>\n<p>Muzea wzbogacaj\u0105 historyczn\u0105 mozaik\u0119: Dzia\u0142 Soli i Produkcji Soli w Muzeum G\u00f3rnej Saliny przybli\u017ca tysi\u0105clecia wydobycia; sekcje Kissingen Spa i Toy World przywo\u0142uj\u0105 \u017cycie uzdrowiskowe; Muzeum Kardyna\u0142a Juliusa D\u00f6pfnera w dawnym klasztorze przedstawia dziedzictwo ko\u015bcielne, a wystawa w Centrum Spo\u0142eczno\u015bci \u017bydowskiej opowiada o stuleciach \u017cycia \u017byd\u00f3w w tym miejscu.<\/p>\n<p>Serce pieszych w Bad Kissingen pulsuje wzd\u0142u\u017c Ludwigstra\u00dfe i Marktstra\u00dfe mi\u0119dzy placem Ratuszowym, placem targowym i Marienplatz, podczas gdy Berliner Platz stanowi regionalny w\u0119ze\u0142 autobusowy. Theaterplatz znajduje si\u0119 naprzeciwko teatru uzdrowiskowego; te po\u0142\u0105czone alejki prowadz\u0105 odwiedzaj\u0105cych od \u015bredniowiecznego uroku do uzdrowiskowej \u015bwietno\u015bci. Parki zapewniaj\u0105 relaks: Salinenpromenade wije si\u0119 od Hausen obok saliny i t\u0119\u017cni do k\u0142adki Schweizerhaus; ogrody uzdrowiskowe, otoczone budynkiem arkadowym, rozci\u0105gaj\u0105 si\u0119 wok\u00f3\u0142 fontann, klomb\u00f3w i gaj\u00f3w palmowych, niegdy\u015b zarezerwowanych dla rodziny kr\u00f3lewskiej; a s\u0105siaduj\u0105cy Ogr\u00f3d R\u00f3\u017cany, powsta\u0142y na mocy przepis\u00f3w uzdrowiskowych z 1912 r., obecnie kwitnie ponad 12 000 r\u00f3\u017c w 155 odmianach, koronowanych co roku w czerwcu przez Kr\u00f3low\u0105 R\u00f3\u017c na Balu R\u00f3\u017c.<\/p>\n<p>Dla aktywnych KissSalis Therme oferuje baseny termalne, park saun i strefy fitness; kryty basen dzia\u0142a w miesi\u0105cach zimowych; a basen tarasowy \u2014 odnowiony w 1988 roku \u2014 oferuje 50-metrowy tor do p\u0142ywania, platform\u0119 do skok\u00f3w i zje\u017cd\u017calnie z widokiem na Rh\u00f6n. Klaushof Wildlife Park i drugi najstarszy klub golfowy w Bawarii zapraszaj\u0105 do spotka\u0144 z natur\u0105 i sportem.<\/p>\n<p>Przez stulecia transformacji Bad Kissingen zachowa\u0142o swoj\u0105 istot\u0119 jako miejsce, w kt\u00f3rym spotykaj\u0105 si\u0119 \u017ar\u00f3d\u0142a mineralne i ludzkie aspiracje. Jego wielowarstwowa historia \u2014 od wczesnych warzelni soli i \u015bredniowiecznego nadzoru opactwa po arystokratyczne promenady, wojenne wstrz\u0105sy i wsp\u00f3\u0142czesne odrodzenie \u2014 pozostaje namacalna w architekturze, rytuale i krajobrazie. Tutaj, w dolinie franko\u0144skiej Saale, d\u0105\u017cenie do zdrowia ukszta\u0142towa\u0142o miasto, kt\u00f3re nadal wita poszukiwaczy wytchnienia, refleksji i autentyczno\u015bci \u2014 sp\u00f3jno\u015b\u0107 ducha tak trwa\u0142ego, jak jego \u017ar\u00f3d\u0142a.<\/p>","protected":false},"excerpt":{"rendered":"<p>Bad Kissingen, malownicze uzdrowisko po\u0142o\u017cone w bawarskim regionie Dolnej Frankonii w Niemczech, szczyci si\u0119 bogat\u0105 histori\u0105 i populacj\u0105 oko\u0142o 22 000 mieszka\u0144c\u00f3w. Ta urocza miejscowo\u015b\u0107, po\u0142o\u017cona wzd\u0142u\u017c rzeki Saale Frankonii i na po\u0142udnie od g\u00f3r Rh\u00f6n, od dawna s\u0142ynie z leczniczych \u017ar\u00f3de\u0142 mineralnych i niedawno zyska\u0142a mi\u0119dzynarodowe uznanie jako cz\u0119\u015b\u0107 \u015bwiatowego dziedzictwa UNESCO \u201eGreat Spa Towns of Europe\u201d.<\/p>","protected":false},"author":1,"featured_media":17556,"parent":13736,"menu_order":0,"comment_status":"closed","ping_status":"closed","template":"elementor_theme","meta":{"_eb_attr":"","footnotes":""},"class_list":["post-16648","page","type-page","status-publish","has-post-thumbnail"],"_links":{"self":[{"href":"https:\/\/travelshelper.com\/pl\/wp-json\/wp\/v2\/pages\/16648","targetHints":{"allow":["GET"]}}],"collection":[{"href":"https:\/\/travelshelper.com\/pl\/wp-json\/wp\/v2\/pages"}],"about":[{"href":"https:\/\/travelshelper.com\/pl\/wp-json\/wp\/v2\/types\/page"}],"author":[{"embeddable":true,"href":"https:\/\/travelshelper.com\/pl\/wp-json\/wp\/v2\/users\/1"}],"replies":[{"embeddable":true,"href":"https:\/\/travelshelper.com\/pl\/wp-json\/wp\/v2\/comments?post=16648"}],"version-history":[{"count":0,"href":"https:\/\/travelshelper.com\/pl\/wp-json\/wp\/v2\/pages\/16648\/revisions"}],"up":[{"embeddable":true,"href":"https:\/\/travelshelper.com\/pl\/wp-json\/wp\/v2\/pages\/13736"}],"wp:featuredmedia":[{"embeddable":true,"href":"https:\/\/travelshelper.com\/pl\/wp-json\/wp\/v2\/media\/17556"}],"wp:attachment":[{"href":"https:\/\/travelshelper.com\/pl\/wp-json\/wp\/v2\/media?parent=16648"}],"curies":[{"name":"wp","href":"https:\/\/api.w.org\/{rel}","templated":true}]}}