{"id":16642,"date":"2024-09-23T16:12:19","date_gmt":"2024-09-23T16:12:19","guid":{"rendered":"https:\/\/travelshelper.com\/staging\/?page_id=16642"},"modified":"2026-03-12T00:23:46","modified_gmt":"2026-03-12T00:23:46","slug":"bad-kreuznach","status":"publish","type":"page","link":"https:\/\/travelshelper.com\/pl\/destinations\/europe\/germany\/bad-kreuznach\/","title":{"rendered":"Bad Kreuznach"},"content":{"rendered":"<p>Bad Kreuznach le\u017cy na styku tradycji i odnowy, jego 55,63 kilometr\u00f3w kwadratowych jest otoczone pag\u00f3rkowatymi wzg\u00f3rzami Hunsr\u00fcck na p\u00f3\u0142nocy, falistymi winnicami Hesji Nadre\u0144skiej na po\u0142udniowym wschodzie i zalesionymi szczytami P\u00f3\u0142nocnych Wy\u017cyn Palaty\u0144skich na po\u0142udniowym zachodzie. Z 52 529 mieszka\u0144cami na dzie\u0144 31 grudnia 2022 r. plasuje si\u0119 w\u015br\u00f3d \u015bredniej wielko\u015bci uzdrowisk Nadrenii-Palatynatu, a jego to\u017csamo\u015b\u0107 kszta\u0142tuje rzeka Nahe, kt\u00f3ra przecina jego centrum, oraz Alte Nahebr\u00fccke, \u015bredniowieczny most pochodz\u0105cy z oko\u0142o 1300 r. \u2014 rzadki przyk\u0142ad kamiennego mostu z domami na \u0142ukach. To miasto, cho\u0107 administracyjnie zwi\u0105zane z powiatem Bad Kreuznach, funkcjonuje jako \u201ecentrum \u015brodkowe\u201d z pewnymi rolami \u201ecentrum g\u00f3rnego\u201d, zakotwiczaj\u0105cymi handel, kultur\u0119 i zarz\u0105dzanie dla zaplecza licz\u0105cego ponad 150 000 mieszka\u0144c\u00f3w.<\/p>\n<p>Na brzegu rzeki Nahe \u0142agodny nurt ukszta\u0142towa\u0142 zar\u00f3wno fizjonomi\u0119 miasta, jak i jego losy. Dziedzictwo uzdrowiska Bad Kreuznach, jednego z najstarszych na \u015bwiecie uzdrowisk solankowo-radonowych, wywodzi si\u0119 ze \u017ar\u00f3de\u0142 solankowych, kt\u00f3rych lecznicze wody przyci\u0105gaj\u0105 go\u015bci od XVIII wieku. \u0179r\u00f3d\u0142a te, niegdy\u015b zbierane w celu uzyskania \u201ebia\u0142ego z\u0142ota\u201d soli poprzez wysokie drewniane konstrukcje gradacyjne w Salinental, obecnie stanowi\u0105 podstaw\u0119 sieci sze\u015bciu klinik uzdrowiskowych, o\u015brodk\u00f3w rehabilitacyjnych i k\u0105pieliska ruchowego Crucenia Thermen, gdzie go\u015bcie zanurzaj\u0105 si\u0119 w solance termalnej ch\u0142odzonej w komorze z grot\u0105 soln\u0105. Re\u017cim termalny s\u0142u\u017cy zaskakuj\u0105co szerokiemu spektrum wskaza\u0144 \u2014 dolegliwo\u015bciom reumatycznym, zwyrodnieniom staw\u00f3w, chorobom uk\u0142adu oddechowego, a nawet chorobom psychosomatycznym i dzieci\u0119cym \u2014 podkre\u015blaj\u0105c ewolucj\u0119 miasta od przemys\u0142owych warzelni soli do nowoczesnego centrum odnowy biologicznej.<\/p>\n<p>Klimat Bad Kreuznach odzwierciedla jego po\u0142o\u017cenie w regionie winiarskim: z zaledwie 517 milimetrami rocznych opad\u00f3w, znajduje si\u0119 w najsuchszej jednej trzeciej niemieckich lokalizacji. Stycze\u0144 jest najsuchszym miesi\u0105cem, z zaledwie jedn\u0105 trzeci\u0105 opad\u00f3w, jakie otrzymuje czerwiec, jednak sezonowe wahania pozostaj\u0105 skromne. Lata s\u0105 ciep\u0142e i \u0142agodne, ze \u015bredni\u0105 dzienn\u0105 temperatur\u0105 maksymaln\u0105 w lipcu wynosz\u0105c\u0105 oko\u0142o 18,4 \u00b0C, podczas gdy zimy spadaj\u0105 do temperatury tu\u017c powy\u017cej zera. Ten umiarkowany, \u0142agodnie kontynentalny re\u017cim stwarza idealne warunki do uprawy winoro\u015bli \u2014 i rzeczywi\u015bcie, uprawa winoro\u015bli definiuje znaczn\u0105 cz\u0119\u015b\u0107 charakteru miasta.<\/p>\n<p>Z 777 hektarami winnic \u2014 77 procent przeznaczonych na bia\u0142e odmiany, g\u0142\u00f3wnie Riesling i Silvaner, a reszta na czerwone winogrona \u2014 Bad Kreuznach jest najwi\u0119kszym o\u015brodkiem uprawy winoro\u015bli w regionie Nahe i si\u00f3dmym co do wielko\u015bci w Nadrenii-Palatynacie. Winiarze tutaj r\u00f3wnowa\u017c\u0105 tradycyjne techniki z wywa\u017con\u0105 nowoczesno\u015bci\u0105, piel\u0119gnuj\u0105c zbocza skierowane na wsch\u00f3d w stron\u0119 porannego s\u0142o\u0144ca i na zach\u00f3d w stron\u0119 ch\u0142odnej bryzy. Roczne festiwale zbior\u00f3w podkre\u015blaj\u0105 kalendarz, a lokalny Vinothek na Mannheimer Stra\u00dfe oferuje intymne degustacje win butelkowanych z winnic w cenach gospodarstw rolnych, zaproszenie do bezpo\u015bredniego kontaktu z winiarzami i by\u0107 mo\u017ce spotkania z sam\u0105 panuj\u0105c\u0105 Kr\u00f3low\u0105 Wina Nahe.<\/p>\n<p>Zakotwiczeniem gospodarczego rusztowania miasta jest jego rola jako siedziby powiatu i gospodarza w\u0142adz federalnych i stanowych, w tym Izby Handlowej Nadrenii-Palatynatu. Gwarny poza biurokratycznymi murami, cotygodniowy targ na Kornmarkt i Mannheimer Stra\u00dfe przyci\u0105ga rolnik\u00f3w, piekarzy i rzemie\u015blnik\u00f3w, aby sprzedawali regionalne produkty \u2014 olej z pestek winogron, ser, w\u0119dliny \u2014 w rytmach wtorkowych i pi\u0105tkowych porank\u00f3w. Ten targ, w po\u0142\u0105czeniu z przyjazn\u0105 dla pieszych dzielnic\u0105 Neustadt na zachodnim brzegu rzeki, o\u017cywia tkank\u0119 miejsk\u0105 rytmem zar\u00f3wno staro\u017cytnym, jak i bezpo\u015brednim.<\/p>\n<p>Korytarze transportowe wyznaczaj\u0105 kurs Nahe: stacja Bad Kreuznach w kszta\u0142cie litery V g\u00f3ruje na skrzy\u017cowaniu linii Bingen\u2013Saarbr\u00fccken i Gau-Algesheim, jej perony obs\u0142uguj\u0105 cogodzinne po\u0142\u0105czenia Regionalbahn do Moguncji w mniej ni\u017c p\u00f3\u0142 godziny, do Kaiserslautern w nieco ponad godzin\u0119 i do Saarbr\u00fccken w oko\u0142o dziewi\u0119\u0107dziesi\u0105t do 140 minut. Drog\u0105 l\u0105dow\u0105 autostrada A 61 wznosi si\u0119 do w\u0119z\u0142a 51 dwana\u015bcie kilometr\u00f3w na wsch\u00f3d od centrum, podczas gdy Bundesstra\u00dfen 41, 48 i 428 okr\u0105\u017caj\u0105 miasto. W obr\u0119bie sieci siedmiu miejskich tras autobusowych w odst\u0119pach 15- i 30-minutowych, obs\u0142ugiwanych przez VGK (sp\u00f3\u0142k\u0119 zale\u017cn\u0105 Rhenus Veniro), zapewnia bezproblemow\u0105 \u0142\u0105czno\u015b\u0107 z okolicznymi gminami.<\/p>\n<p>Dziedzictwo jest widoczne zar\u00f3wno w kamieniu, jak i w drewnie. Neustadt zachowuje \u015bredniowieczny uk\u0142ad ulic: w\u0105skie uliczki wij\u0105 si\u0119 obok dom\u00f3w z muru pruskiego, kt\u00f3rych zniszczone fasady wci\u0105\u017c nosz\u0105 \u015blady stuleci. Ko\u015bci\u00f3\u0142 \u015bw. Paw\u0142a, wzniesiony w XVIII wieku, ale zakotwiczony w odrestaurowanym gotyckim ch\u00f3rze, s\u0142u\u017cy\u0142 anglika\u0144skiej kongregacji angielskich go\u015bci uzdrowiskowych i pozostaje najwi\u0119kszym protestanckim sanktuarium Nadrenii mi\u0119dzy Moguncj\u0105 a Trewirem. Niedaleko Eiermarkt mie\u015bci ko\u015bci\u00f3\u0142 \u015bw. Miko\u0142aja, kt\u00f3rego XIII-wieczna \u201epiel\u0119gnowana tkanina\u201d przedstawia alegorie wiary i sprawiedliwo\u015bci, przypominaj\u0105c czasy, gdy surowo\u015b\u0107 Wielkiego Postu wymaga\u0142a, aby o\u0142tarze by\u0142y zas\u0142oni\u0119te pokutn\u0105 cisz\u0105.<\/p>\n<p>Po\u0142o\u017cone nad miastem na wzg\u00f3rzu Kauzenberg ruiny zamku Kauzenburg oferuj\u0105 panoramiczne widoki na dolin\u0119 Nahe i w stron\u0119 skalistego masywu Rheingrafenstein po drugiej stronie wody. Zniszczony przez wojska Ludwika XIV w 1689 r., jego poro\u015bni\u0119te mchem \u015bciany i fragmenty schod\u00f3w przywodz\u0105 na my\u015bl zar\u00f3wno wojenn\u0105 ruin\u0119, jak i sielankowy spok\u00f3j. W d\u00f3\u0142 rzeki, cztery g\u00f3rne filary Alte Nahebr\u00fccke podtrzymuj\u0105 domy sprzed wiek\u00f3w, z kt\u00f3rych jeden kryje sklep \u015bwiatowy \u2014 emporium fair-trade \u2014 a poni\u017cej kt\u00f3rego Schirmbar zaprasza przechodni\u00f3w do zatrzymania si\u0119 przy stawie m\u0142y\u0144skim pod baldachimem lip.<\/p>\n<p>Kultura rozwija si\u0119 w muzeach zar\u00f3wno wielkich, jak i kameralnych. W rzymskiej sali zachowano 2000-letnie mozaiki, kt\u00f3re kiedy\u015b pokrywa\u0142y pod\u0142og\u0119 willi; w pobli\u017cu znajduje si\u0119 Castle Park Museum \u2014 z ozdobn\u0105 sal\u0105 my\u015bliwsk\u0105 i rze\u017abami z dynastii Cauer \u2014 opowiadaj\u0105ce lokaln\u0105 histori\u0119 poprzez malarstwo, szk\u0142o i kamie\u0144. Puppet Theatre Culture Museum na H\u00fcffelsheimer Stra\u00dfe, globalne kompendium marionetek i pacynek, przywo\u0142uje postaci od kapitana Bluebeara po Heina Bl\u00f6da, podczas gdy poza miejskim pier\u015bcieniem, Guldental Feldbahn Museum prezentuje lokomotywy kolei polowej, kt\u00f3re poruszaj\u0105 si\u0119 po trzykilometrowym torze.<\/p>\n<p>Przestrzenie publiczne t\u0119tni\u0105 le\u015bn\u0105 gracj\u0105. Kurpark, pomy\u015blany w 1840 r., rozci\u0105ga si\u0119 mi\u0119dzy Nahe i M\u00fchlenkanal, a jego dojrza\u0142e platany rzucaj\u0105 cie\u0144 na muszl\u0119 koncertow\u0105, gdzie letnie koncerty przyci\u0105gaj\u0105 lokalne rodziny. Rose Island, wyrze\u017abiona przez ogrodnik\u00f3w z pocz\u0105tku XX wieku, kt\u00f3rzy zasadzili dwie\u015bcie odmian r\u00f3\u017c, oferuje tarasowe widoki na rzek\u0119, a pod koniec sierpnia s\u0142u\u017cy jako scena dla turniej\u00f3w w\u0119dkarskich \u2014 turniej\u00f3w prowadzonych z \u0142odzi po\u015br\u00f3d wiwatuj\u0105cych t\u0142um\u00f3w. W Oranienpark barokowa symetria otacza pergole, elementy wodne i \u201eP\u0142ywaj\u0105c\u0105 bogini\u0119\u201d Cauera, przywo\u0142uj\u0105c echa spacer\u00f3w Marcela Prousta z 1895 r. z matk\u0105 pod altanami o nazwie holenderskiej pomara\u0144czy.<\/p>\n<p>Dla tych, kt\u00f3rzy szukaj\u0105 \u0142agodnych przyg\u00f3d, Panorama Trail na Kauzenberg wznosi si\u0119 z Klappergasse do belwederu Tea Temple, jego kamienne stopnie i winne zakr\u0119ty otwieraj\u0105 nag\u0142e przestrzenie nieba. Rozrywki wodne rozci\u0105gaj\u0105 si\u0119 na p\u0142ywanie \u0142\u00f3dk\u0105 po Nahe i M\u00fchlenteich, podczas gdy w\u0119dkowanie pozostaje rytua\u0142em wzd\u0142u\u017c brzegu rzeki. W nocy obserwatorium Kuhberg spogl\u0105da w firmament, dodaj\u0105c niebia\u0144sk\u0105 kontemplacj\u0119 do ziemskich rozkoszy miasta.<\/p>\n<p>Wnioski z Bad Kreuznach nigdy nie s\u0105 ostateczne, ale zawsze stanowi\u0105 zaproszenie: prze\u015bledzi\u0107 \u0142uk \u015bredniowiecznego mostu, napi\u0107 si\u0119 bogatej w minera\u0142y solanki spod sklepionych sufit\u00f3w, wdycha\u0107 zapach wypalonych s\u0142o\u0144cem winnic o \u015bwicie. Tutaj historia i dobre samopoczucie, handel i kultura zbiegaj\u0105 si\u0119 w panoramie subtelnych kontrast\u00f3w \u2014 miejscu, w kt\u00f3rym ka\u017cdy kamie\u0144 i strumie\u0144 \u015bwiadcz\u0105 o cierpliwej sztuce czasu, a ka\u017cdy odwiedzaj\u0105cy mo\u017ce znale\u017a\u0107 w \u0142agodnych rytmach miasta lustro dla siebie.<\/p>","protected":false},"excerpt":{"rendered":"<p>Bad Kreuznach, malownicze miasteczko po\u0142o\u017cone w regionie Nadrenia-Palatynat w Niemczech, mo\u017ce pochwali\u0107 si\u0119 populacj\u0105 oko\u0142o 50 000 mieszka\u0144c\u00f3w. Ta urocza miejscowo\u015b\u0107, po\u0142o\u017cona wzd\u0142u\u017c brzeg\u00f3w rzeki Nahe, pe\u0142ni funkcj\u0119 centrum administracyjnego okr\u0119gu Bad Kreuznach, oferuj\u0105c unikalne po\u0142\u0105czenie historycznego znaczenia i nowoczesnych udogodnie\u0144.<\/p>","protected":false},"author":1,"featured_media":17520,"parent":13736,"menu_order":0,"comment_status":"closed","ping_status":"closed","template":"elementor_theme","meta":{"_eb_attr":"","footnotes":""},"class_list":["post-16642","page","type-page","status-publish","has-post-thumbnail"],"_links":{"self":[{"href":"https:\/\/travelshelper.com\/pl\/wp-json\/wp\/v2\/pages\/16642","targetHints":{"allow":["GET"]}}],"collection":[{"href":"https:\/\/travelshelper.com\/pl\/wp-json\/wp\/v2\/pages"}],"about":[{"href":"https:\/\/travelshelper.com\/pl\/wp-json\/wp\/v2\/types\/page"}],"author":[{"embeddable":true,"href":"https:\/\/travelshelper.com\/pl\/wp-json\/wp\/v2\/users\/1"}],"replies":[{"embeddable":true,"href":"https:\/\/travelshelper.com\/pl\/wp-json\/wp\/v2\/comments?post=16642"}],"version-history":[{"count":0,"href":"https:\/\/travelshelper.com\/pl\/wp-json\/wp\/v2\/pages\/16642\/revisions"}],"up":[{"embeddable":true,"href":"https:\/\/travelshelper.com\/pl\/wp-json\/wp\/v2\/pages\/13736"}],"wp:featuredmedia":[{"embeddable":true,"href":"https:\/\/travelshelper.com\/pl\/wp-json\/wp\/v2\/media\/17520"}],"wp:attachment":[{"href":"https:\/\/travelshelper.com\/pl\/wp-json\/wp\/v2\/media?parent=16642"}],"curies":[{"name":"wp","href":"https:\/\/api.w.org\/{rel}","templated":true}]}}