{"id":16614,"date":"2024-09-23T14:12:53","date_gmt":"2024-09-23T14:12:53","guid":{"rendered":"https:\/\/travelshelper.com\/staging\/?page_id=16614"},"modified":"2026-03-12T00:25:54","modified_gmt":"2026-03-12T00:25:54","slug":"bad-feilnbach","status":"publish","type":"page","link":"https:\/\/travelshelper.com\/pl\/destinations\/europe\/germany\/bad-feilnbach\/","title":{"rendered":"Bad Feilnbach"},"content":{"rendered":"<p>Bad Feilnbach le\u017cy tam, gdzie Alpy Bawarskie zaczynaj\u0105 \u0142agodnie opada\u0107 do Kotliny Rosenheim, 5800-hektarowego obszaru, kt\u00f3ry rozlewa si\u0119 z surowych zboczy g\u00f3ry Wendelstein na \u0142\u0105ki poprzecinane wrzosowiskami. U st\u00f3p szczytu wznosz\u0105cego si\u0119 na 1838 metr\u00f3w, ta gmina \u2014 17 kilometr\u00f3w na wsch\u00f3d od Miesbach, 10 kilometr\u00f3w na po\u0142udnie od Bad Aibling, 15 kilometr\u00f3w na po\u0142udniowy zach\u00f3d od Rosenheim i 33 kilometry od Kufstein \u2014 oferuje klimat wystarczaj\u0105co \u0142agodny, aby jarz\u0119bina i \u015bwierk miesza\u0142y si\u0119 po\u015br\u00f3d wilgotnego torfu. Przyznano jej tytu\u0142 \u201eBad\u201d w pa\u017adzierniku 1973 r. i nadal pozostaje jednym z najs\u0142ynniejszych niemieckich Moorheilb\u00e4der, gdzie wielowiekowe z\u0142o\u017ca torfu daj\u0105 grube, ciemne lecznicze b\u0142oto.<\/p>\n<p>Historia transformacji Bad Feilnbach zaczyna si\u0119 w XIX wieku, kiedy rozesz\u0142a si\u0119 wie\u015b\u0107 o leczniczych w\u0142a\u015bciwo\u015bciach torfu. Miejscowi powiedz\u0105 ci \u2014 je\u015bli odwa\u017cysz si\u0119 na zabieg o \u015bwicie \u2014 \u017ce zapach torfu m\u00f3wi o \u015bwie\u017co poruszonej ziemi, o staro\u017cytnych bagnach powoli oddychaj\u0105cych pod porann\u0105 mg\u0142\u0105. To \u201eczarne z\u0142oto\u201d okaza\u0142o si\u0119 skuteczne w walce z dolegliwo\u015bciami reumatycznymi i os\u0142abieniem uk\u0142adu oddechowego, co sk\u0142oni\u0142o przedsi\u0119biorczych lekarzy do za\u0142o\u017cenia o\u015brodk\u00f3w spa i rehabilitacji wzd\u0142u\u017c zboczy i w dolinie poni\u017cej. Z czasem wioska zyska\u0142a reputacj\u0119 uzdrowiska, jej drewniane domki i niskie pawilony wcina\u0142y si\u0119 w k\u0119py jode\u0142 niczym go\u015bcie siadaj\u0105cy przy palenisku.<\/p>\n<p>Nawet zanim \u201eBad\u201d pojawi\u0142o si\u0119 na pocz\u0105tku nazwy, korzenie gminy si\u0119ga\u0142y wielu stuleci wstecz. Pierwszy raz odnotowano je w 980 r. jako \u201eFulinpah\u201d, nazw\u0119 pochodz\u0105c\u0105 od leniwego strumienia, kt\u00f3ry wci\u0105\u017c s\u0105czy si\u0119 pod pokrytymi mchem kamieniami, osada prawdopodobnie pochodzi z czas\u00f3w rzymskich. Mo\u017cna stan\u0105\u0107 przy strumieniu i wyobrazi\u0107 sobie legionist\u00f3w zatrzymuj\u0105cych si\u0119 po wod\u0119, kt\u00f3rych sanda\u0142y szoruj\u0105 po ciemnych gliniastych brzegach. W 1818 r. bawarskie reformy administracyjne przyzna\u0142y niepodleg\u0142o\u015b\u0107 Feilnbach, rodz\u0105cej si\u0119 spo\u0142eczno\u015bci, kt\u00f3ra znajdowa\u0142a si\u0119 pomi\u0119dzy wysoko\u015bci\u0105 alpejskiego szczytu a szeroko\u015bci\u0105 kotliny.<\/p>\n<p>Koleje przyby\u0142y w 1897 r., prowadz\u0105c w\u0105skie tory z Bad Aibling do Feilnbach. Przez prawie osiem dekad parowozy przeje\u017cd\u017ca\u0142y przez zacienione lasy i przez mosty, a\u017c do 1973 r., kiedy to zako\u0144czy\u0142y dzia\u0142alno\u015b\u0107 \u2014 ale nie wcze\u015bniej ni\u017c po\u0142\u0105czy\u0142y uzdrowisko z szerszym \u015bwiatem os\u00f3b poszukuj\u0105cych zdrowia. Stary budynek stacji, obecnie przekszta\u0142cony w plac zabaw o nazwie \u201eAlter Bahnhof\u201d, jest cichym \u015bwiadkiem syczenia pary i \u015bmiechu dzieci testuj\u0105cych granice metalowej ramy.<\/p>\n<p>Przewroty w po\u0142owie wieku zmieni\u0142y kszta\u0142t samej gminy. 1 stycznia 1966 r. s\u0105siednie wsie Feilnbach i Wiechs po\u0142\u0105czy\u0142y si\u0119, tworz\u0105c Feilnbach-Wiechs, tylko po to, by powr\u00f3ci\u0107 do prostszej Feilnbach w grudniu 1971 r. W ci\u0105gu kilku tygodni przy\u0142\u0105czono Au bei Bad Aibling i Dettendorf \u2014 Dettendorf wy\u0142\u0105czono z tytu\u0142u uzdrowiska \u2014 zanim Litzldorf do\u0142\u0105czy\u0142 1 maja 1978 r. W lipcu 1972 r. spo\u0142eczno\u015b\u0107 przenios\u0142a si\u0119 z okr\u0119gu Bad Aibling do Rosenheim, \u015bci\u015blej wi\u0105\u017c\u0105c sw\u00f3j los z szerszym regionem administracyjnym.<\/p>\n<p>Okolice Bad Feilnbach s\u0105 ukszta\u0142towane przez drewno i wod\u0119. W g\u00f3rnym Jenbachtal szlak o nazwie \u201eJenbachwasser\u201d pod\u0105\u017ca za kataraktami, kt\u00f3re sycz\u0105 przez rozpadliny skalne, zapraszaj\u0105c odwiedzaj\u0105cych do st\u0105pania po w\u0105skich p\u00f3\u0142kach \u015bliskich od rozprysk\u00f3w. Dalej w d\u00f3\u0142 rzeki Jenbachparadies rozwija si\u0119 jako wodny plac zabaw, gdzie dzieci brodz\u0105 w p\u0142ytkich basenach, a rodzice odpoczywaj\u0105 na g\u0142adkich kamieniach wypolerowanych przez wieki p\u0142yn\u0105ce pr\u0105dy. Wtr\u0105cenia \u015bmiechu wznosz\u0105 si\u0119 jak odg\u0142osy ptak\u00f3w, rozbrzmiewaj\u0105c w\u015br\u00f3d k\u0119p olch i wierzb.<\/p>\n<p>W tym le\u015bnym u\u015bcisku stacja Moorerlebnis \u201eSterntaler Felts\u201d wprowadza ukryty \u015bwiat torfowisk. Tutaj k\u0142adki wyginaj\u0105 si\u0119 nad rozmok\u0142\u0105 ziemi\u0105, a ma\u0142e schronienia oferuj\u0105 przeb\u0142yski fauny bagiennej \u2014 \u017curawiny czerwieniej\u0105ce na tle czarnego b\u0142ota, wa\u017cki rzucaj\u0105ce si\u0119 jak \u017cywe klejnoty. Kr\u0119ta \u015bcie\u017cka tematyczna o nazwie \u201eOn Traces of God\u201d uk\u0142ada duchow\u0105 refleksj\u0119 na szczycie cud\u00f3w natury, prowadz\u0105c odwiedzaj\u0105cych obok kaplic i rze\u017ab, kt\u00f3re wy\u0142aniaj\u0105 si\u0119 z terenu, jakby z niego wyros\u0142y. Ca\u0142a sie\u0107 \u015bcie\u017cek tematycznych zawdzi\u0119cza swoje istnienie programowi LEADER UE, dyskretnie kieruj\u0105c pomoc rolnicz\u0105 na wzbogacenie kulturowe.<\/p>\n<p>Bad Feilnbach nie ogranicza swoich atrakcji do uzdrawiaj\u0105cej ziemi i rw\u0105cej wody. W Litzldorfie przemys\u0142owe ruiny starej cementowni stoj\u0105 jako pomnik innego rodzaju przemys\u0142u \u2014 cicha katedra belek i rdzy. Mech rozci\u0105ga si\u0119 na stalowych belkach jak malarskie poci\u0105gni\u0119cia, podczas gdy \u015bwiat\u0142o s\u0142oneczne wpada przez rozbite okna, rzucaj\u0105c cienie kratownic na betonowe pod\u0142ogi zalane cisz\u0105. Miejsce to sugeruje, \u017ce nawet rozk\u0142ad mo\u017ce budzi\u0107 szacunek.<\/p>\n<p>Dla tych, kt\u00f3rzy szukaj\u0105 aktywnego wypoczynku, odleg\u0142e szlaki je\u017adzieckie wij\u0105 si\u0119 w cieniu Wendelstein, \u0142\u0105cz\u0105c region G\u00f3rnej Bawarii z Tyrolem. Je\u017ad\u017acy na koniach nazwanych na cze\u015b\u0107 celtyckich wiatr\u00f3w poruszaj\u0105 si\u0119 wzd\u0142u\u017c trawiastych ostrog\u00f3w, ich oddech jest widoczny w ch\u0142odniejszych miesi\u0105cach, ich uderzenia kopyt mieszaj\u0105 wiruj\u0105ce wzory py\u0142u i igie\u0142 sosnowych. Powietrze smakuje \u017cywic\u0105 i wczesnym \u015bniegiem; mo\u017cna sobie wyobrazi\u0107 stulecia pielgrzym\u00f3w i le\u015bnik\u00f3w dziel\u0105cych te \u015bcie\u017cki.<\/p>\n<p>Jako nowoczesne uzdrowisko Bad Feilnbach przyj\u0119\u0142o r\u00f3\u017cnorodno\u015b\u0107 praktyk leczniczych. Opr\u00f3cz tradycyjnej terapii borowinowej, alternatywni praktycy oferuj\u0105 akupunktur\u0119 zakorzenion\u0105 w Tradycyjnej Medycynie Chi\u0144skiej, homeopatyczne fiolki u\u0142o\u017cone jak kamienie szlachetne, nalewki zio\u0142owych \u015brodk\u00f3w leczniczych, masa\u017ce ajurwedyjskie pachn\u0105ce kurkum\u0105 oraz konsultacje naturopatyczne, kt\u00f3re badaj\u0105 diet\u0119 i styl \u017cycia. Dostojny pawilon obok Haus des Gastes go\u015bci \u201ekoncerty uzdrowiskowe\u201d, gdzie kwartety smyczkowe graj\u0105 w\u015br\u00f3d kolumn brzozowych, a ich muzyka dryfuje po ma\u0142ym naturalnym basenie ogrzewanym przez zanurzone kamienie.<\/p>\n<p>Infrastruktura zdrowotna gminy obejmuje Clinic + more Reithofpark, Clinic + more Blumenhof i o\u015brodek terapii ambulatoryjnej, wszystkie specjalizuj\u0105ce si\u0119 w leczeniu Badetorf. Uzupe\u0142nione o dom opieki St. Martin i o\u015brodek piel\u0119gniarstwa, terapii i odnowy biologicznej St. Luke, Bad Feilnbach zapewnia zar\u00f3wno kr\u00f3tkoterminow\u0105 rekonwalescencj\u0119, jak i d\u0142ugoterminow\u0105 opiek\u0119. Mieszka\u0144cy korzystaj\u0105 z Ecumenical Nachbarschaftshilfe eV i niemieckiego o\u015brodka rehabilitacji religijnej, zapewniaj\u0105c, \u017ce potrzeby duchowe i spo\u0142eczne s\u0105 uwzgl\u0119dniane obok fizycznej rekonwalescencji.<\/p>\n<p>Rodziny znajduj\u0105 pomoc w plac\u00f3wkach edukacyjnych: szkole podstawowej i \u015bredniej w Bad Feilnbach, szkole podstawowej w Au, czterech miejskich przedszkolach i dw\u00f3ch katolickich przedszkolach. \u017bycie publiczne t\u0119tni wok\u00f3\u0142 podgrzewanego basenu w centrum wsi i oddzielnego k\u0105pieliska w Au. Place zabaw w Burgaltendorf Waldeck i Alter Bahnhof zach\u0119caj\u0105 do dzieci\u0119cej rado\u015bci \u017cycia, podczas gdy religijna i gminna biblioteka zapewnia ciche schronienie do nauki i refleksji.<\/p>\n<p>Infrastruktura turystyczna r\u00f3wnowa\u017cy komfort z zewem natury. Od 1968 roku czterogwiazdkowy Kaiser Camping Outdoor Resort go\u015bci do 800 go\u015bci pod namiotem lub w przyczepach kempingowych. W rze\u015bkim porannym powietrzu namioty opieraj\u0105 si\u0119 o jod\u0142y niczym p\u00f3\u0142opowiedziane historie, a pierwsze \u015bwiat\u0142o przebija si\u0119 przez przezroczyste \u015bciany. O zmierzchu latarnie ko\u0142ysz\u0105 si\u0119 na wietrze, mrucz\u0105c opowie\u015bci o podr\u00f3\u017cnikach zbli\u017caj\u0105cych si\u0119 do podgrzewanych torfem koszy i piec\u00f3w.<\/p>\n<p>\u0141\u0105czno\u015b\u0107 powr\u00f3ci\u0142a na nowo w 2024 r., kiedy Bad Feilnbach do\u0142\u0105czy\u0142o do Monachijskiego Stowarzyszenia Transportu i Taryf. Linie autobusowe 343 i 348 codziennie \u0142\u0105cz\u0105 si\u0119 z Bad Aibling, Raubling i Rosenheim, podczas gdy sezonowa linia obwodowa Wendelstein 349 \u2014 dzia\u0142aj\u0105ca od maja do listopada \u2014 okr\u0105\u017ca Bayrischzell, Fischbachau, Brannenburg, Flintsbach i Oberaudorf. Mo\u017cna prze\u015bledzi\u0107 podr\u00f3\u017c od rozrostu miejskiego do alpejskiej samotno\u015bci w ci\u0105gu jednego popo\u0142udnia, ka\u017cda mila oferuje nowy widok na ciemne stoki jod\u0142owe lub nas\u0142onecznione pastwiska.<\/p>\n<p>W tych warstwach historii i natury Bad Feilnbach pozostaje cicho stanowcze \u2014 osada ukszta\u0142towana przez geologi\u0119 w takim samym stopniu, jak przez edykty reform. Kamienie z dat\u0105 na budynkach miejskich przypominaj\u0105 1818 i 1973, ale g\u0142\u0119bsze \u015blady tkwi\u0105 w nazwach takich jak Fulinpah i w ludzkich gestach: promenadzie \u0142\u0105cz\u0105cej bagna z lasem, pawilonie wznosz\u0105cym si\u0119 obok basenu termalnego, oknach kliniki jarz\u0105cych si\u0119 o zmierzchu obietnic\u0105 ulgi. Torf uwalnia swoje lekarstwo powoli, ch\u0142odny i g\u0119sty jak zmierzch, a odwiedzaj\u0105cy uczy si\u0119 cierpliwo\u015bci w jego obj\u0119ciach.<\/p>\n<p>W regionie, w kt\u00f3rym szczyty przebijaj\u0105 niebo, a wrzosowiska ko\u0142ysz\u0105 ziemi\u0119, Bad Feilnbach zajmuje przestrze\u0144 liminaln\u0105. Wie\u017ca ko\u015bcio\u0142a przebija porann\u0105 mg\u0142\u0119; las wydycha \u017cywic\u0119 w \u015bwicie; k\u0105piele torfowe uspokajaj\u0105 zm\u0119czone ko\u0144czyny w ciszy. Tutaj rytm p\u00f3r roku ma znaczenie \u2014 wiosenne powodzie odnawiaj\u0105 bagna, letnie mg\u0142y zmi\u0119kczaj\u0105 kamie\u0144, jesienne popo\u0142udnia z\u0142oc\u0105 modrzewie, zimowe s\u0142o\u0144ce grabi tarasy lodu. Sp\u0119dzanie czasu w Bad Feilnbach oznacza bycie \u015bwiadkiem sta\u0142ej pracy ziemi i ludzi, historii wyrytej w kamieniu i uzdrawiaj\u0105cej, kt\u00f3r\u0105 wydobywa torf. Pod czujnym okiem Wendelsteina miasto trwa, wabi\u0105c podr\u00f3\u017cnik\u00f3w nie zgie\u0142kiem ani obietnic\u0105 widowiska, ale g\u0142\u0119bokim spokojem ziemi i wody w r\u00f3wnowadze.<\/p>","protected":false},"excerpt":{"rendered":"<p>Bad Feilnbach, malownicza gmina po\u0142o\u017cona w powiecie Rosenheim w G\u00f3rnej Bawarii w Niemczech, jest domem dla oko\u0142o 7500 mieszka\u0144c\u00f3w. To urokliwe miasteczko, po\u0142o\u017cone u st\u00f3p majestatycznej g\u00f3ry Wendelstein, zyska\u0142o reputacj\u0119 g\u0142\u00f3wnego o\u015brodka zdrowia i dobrego samopoczucia, oferuj\u0105c odwiedzaj\u0105cym wyj\u0105tkowe po\u0142\u0105czenie naturalnego pi\u0119kna i zabieg\u00f3w terapeutycznych.<\/p>","protected":false},"author":1,"featured_media":17525,"parent":13736,"menu_order":0,"comment_status":"closed","ping_status":"closed","template":"elementor_theme","meta":{"_eb_attr":"","footnotes":""},"class_list":["post-16614","page","type-page","status-publish","has-post-thumbnail"],"_links":{"self":[{"href":"https:\/\/travelshelper.com\/pl\/wp-json\/wp\/v2\/pages\/16614","targetHints":{"allow":["GET"]}}],"collection":[{"href":"https:\/\/travelshelper.com\/pl\/wp-json\/wp\/v2\/pages"}],"about":[{"href":"https:\/\/travelshelper.com\/pl\/wp-json\/wp\/v2\/types\/page"}],"author":[{"embeddable":true,"href":"https:\/\/travelshelper.com\/pl\/wp-json\/wp\/v2\/users\/1"}],"replies":[{"embeddable":true,"href":"https:\/\/travelshelper.com\/pl\/wp-json\/wp\/v2\/comments?post=16614"}],"version-history":[{"count":0,"href":"https:\/\/travelshelper.com\/pl\/wp-json\/wp\/v2\/pages\/16614\/revisions"}],"up":[{"embeddable":true,"href":"https:\/\/travelshelper.com\/pl\/wp-json\/wp\/v2\/pages\/13736"}],"wp:featuredmedia":[{"embeddable":true,"href":"https:\/\/travelshelper.com\/pl\/wp-json\/wp\/v2\/media\/17525"}],"wp:attachment":[{"href":"https:\/\/travelshelper.com\/pl\/wp-json\/wp\/v2\/media?parent=16614"}],"curies":[{"name":"wp","href":"https:\/\/api.w.org\/{rel}","templated":true}]}}