{"id":16596,"date":"2024-09-23T13:46:40","date_gmt":"2024-09-23T13:46:40","guid":{"rendered":"https:\/\/travelshelper.com\/staging\/?page_id=16596"},"modified":"2026-03-12T00:18:35","modified_gmt":"2026-03-12T00:18:35","slug":"bad-ems","status":"publish","type":"page","link":"https:\/\/travelshelper.com\/pl\/destinations\/europe\/germany\/bad-ems\/","title":{"rendered":"Bad Ems"},"content":{"rendered":"<p>Bad Ems, po\u0142o\u017cone w kraju zwi\u0105zkowym Nadrenia-Palatynat w zachodnich Niemczech, jest domem dla prawie dziesi\u0119ciu tysi\u0119cy mieszka\u0144c\u00f3w rozsianych na obszarze 15,41 kilometr\u00f3w kwadratowych. Miasto rozci\u0105ga si\u0119 na obu brzegach rzeki Lahn \u2014 kt\u00f3ra tutaj stanowi naturaln\u0105 granic\u0119 mi\u0119dzy regionami Taunus i Westerwald w G\u00f3rach \u0141upkowych Re\u0144skich \u2014 na wysoko\u015bci 80 metr\u00f3w nad poziomem morza. Jako centrum administracyjne powiatu Rhein-Lahn i cz\u0119\u015b\u0107 zwi\u0105zku miejskiego Bad Ems-Nassau, r\u00f3wnowa\u017cy swoj\u0105 historyczn\u0105 rol\u0119 z nowoczesnym zaanga\u017cowaniem w zdrowie, kultur\u0119 i zr\u00f3wnowa\u017cony rozw\u00f3j. W 2021 r. UNESCO wpisa\u0142o Bad Ems na list\u0119 \u201eWielkich Miast Uzdrowiskowych Europy\u201d, uznaj\u0105c jego trwa\u0142\u0105 sie\u0107 \u017ar\u00f3de\u0142 mineralnych i niezwyk\u0142\u0105 architektur\u0119 z XVIII\u2013XX wieku. To wyr\u00f3\u017cnienie potwierdza zar\u00f3wno jego znaczenie kulturowe, jak i wspiera jego ambicje przyci\u0105gania turyst\u00f3w i inwestycji, zapewniaj\u0105c miastu witalno\u015b\u0107 dla przysz\u0142ych pokole\u0144.<\/p>\n<p>Geologiczne korzenie s\u0142ynnych \u017ar\u00f3de\u0142 Bad Ems le\u017c\u0105 w formacjach dolnego dewonu re\u0144skiego pod miastem. Tutaj woda gruntowa przesi\u0105ka przez staro\u017cytne warstwy skalne, wy\u0142aniaj\u0105c si\u0119 jako pi\u0119tna\u015bcie odr\u0119bnych \u017ar\u00f3de\u0142 bogatych w wodorow\u0119glan sodu, o temperaturach od \u0142agodnych 27 \u00b0C do zdumiewaj\u0105cych 57 \u00b0C. Si\u0142a artezyjska \u017ar\u00f3d\u0142a Robert-Kampe mo\u017ce wyrzuca\u0107 wod\u0119 na osiem metr\u00f3w w powietrze w cieplejszych miesi\u0105cach. Lokalne przedsi\u0119biorstwa zbieraj\u0105 te wody, aby produkowa\u0107 s\u00f3l Emser i butelkowane warianty, takie jak Emser Kr\u00e4nchen, podczas gdy pastylki znane jako Emser Pastillen s\u0105 produkowane od ponad p\u00f3\u0142tora wieku. Produkty te, sprzedawane zar\u00f3wno do picia, jak i do inhalacji, odzwierciedlaj\u0105 ostro\u017cne po\u0142\u0105czenie tradycyjnych \u015brodk\u00f3w leczniczych z komercyjnym sprytem, \u200b\u200bzapewniaj\u0105c strumienie dochod\u00f3w, kt\u00f3re uzupe\u0142niaj\u0105 gospodark\u0119 turystyczn\u0105 miasta i rozszerzaj\u0105 jego reputacj\u0119 daleko poza dolin\u0119 Lahn.<\/p>\n<p>Historyczna gobelin Bad Ems rozci\u0105ga si\u0119 na przestrzeni dw\u00f3ch tysi\u0105cleci. Jego najwcze\u015bniejsza udokumentowana faza pojawi\u0142a si\u0119 jako rzymskie castrum wzd\u0142u\u017c g\u00f3rnogerma\u0144skich limes, kt\u00f3rego s\u0142abe ziemne umocnienia pozosta\u0142y po\u015br\u00f3d otaczaj\u0105cych las\u00f3w. W 880 r. n.e. osada pojawia si\u0119 w dokumentach; trzy i p\u00f3\u0142 wieku p\u00f3\u017aniej, w 1324 r., otrzyma\u0142a prawa miejskie. \u015aredniowieczne odniesienia do \u201edzikich k\u0105pieli\u201d stopniowo ust\u0105pi\u0142y miejsca bardziej kultywowanej kulturze uzdrowiskowej. W XVI wieku pisemne relacje odnotowa\u0142y korzy\u015bci p\u0142yn\u0105ce z picia w\u00f3d termalnych, a kolejni hrabiowie Nassau i Katzenelnbogen inwestowali w \u0142a\u017anie i pawilony recepcyjne. Wraz z przybyciem szlachetnych patron\u00f3w reputacja miasta ros\u0142a, przygotowuj\u0105c grunt pod transformacyjne XVIII i XIX wieki.<\/p>\n<p>Na pocz\u0105tku XVIII wieku w Bad Ems powstawa\u0142y nowe pijalnie i hale gier, aby obs\u0142u\u017cy\u0107 rosn\u0105c\u0105 klientel\u0119. W po\u0142owie XIX wieku miasto zyska\u0142o przydomek \u201eletniej stolicy Europy\u201d, goszcz\u0105c mi\u0119dzynarodow\u0105 elit\u0119, w kt\u00f3rej sk\u0142ad wchodzili cesarz Wilhelm I, car Aleksander II, powie\u015bciopisarz Fiodor Dostojewski i kompozytor Richard Wagner. Go\u015bcie ci przybywali parowcem w g\u00f3r\u0119 Renu i Lahn lub rozwijaj\u0105c\u0105 si\u0119 sieci\u0105 kolejow\u0105, kt\u00f3ra demokratyzowa\u0142a dost\u0119p daleko poza kr\u0119gi arystokratyczne. Uczestniczyli w pe\u0142nych werwy rytua\u0142ach spo\u0142ecznych \u2014 kuracjach pitnych w wy\u0142o\u017conych marmurem salach, leniwych spacerach przez zadbane parki, \u0142\u0105cznikach \u0142\u0105cz\u0105cych domy dynastyczne i nieformalnych negocjacjach, kt\u00f3re wp\u0142ywa\u0142y na handel i polityk\u0119. Rok 1870 przyni\u00f3s\u0142 Ems Dispatch, kt\u00f3rego zwi\u0119z\u0142e sformu\u0142owania dyplomatyczne przyczyni\u0142y si\u0119 do wybuchu wojny francusko-pruskiej, a w 1876 roku car Aleksander II podpisa\u0142 tutaj edykt Ems, ograniczaj\u0105c u\u017cywanie j\u0119zyka ukrai\u0144skiego. Wydarzenia te \u015bwiadcz\u0105 o dwojakim charakterze Bad Ems, jako miejsca odpoczynku i sceny dla wydarze\u0144 mi\u0119dzynarodowych.<\/p>\n<p>Zesp\u00f3\u0142 architektoniczny miasta zachowuje te warstwowe historie w kamieniu i ozdobach. Wzd\u0142u\u017c brzegu rzeki stoi Kurhaus, zbudowany w latach 1696-1715, z wczesno XX-wiecznym skrzyd\u0142em kasyna i Marmurow\u0105 Sal\u0105 pochodz\u0105c\u0105 z lat 30. XIX wieku. Niedaleko znajduje si\u0119 H\u00e4cker&#039;s Grand Hotel, kt\u00f3ry zachowa\u0142 wiele ze swojej \u015bwietno\u015bci z 1912 roku, zbudowany na fundamentach \u015bredniowiecznych \u0142a\u017ani, podczas gdy czterowie\u017cowy Haus Vier T\u00fcrme \u2014 wzniesiony w 1696 roku \u2014 p\u00f3\u017aniej go\u015bci\u0142 odwiedzaj\u0105cych cz\u0142onk\u00f3w rodziny kr\u00f3lewskiej. Po drugiej stronie Lahn, poz\u0142acana kopu\u0142a w kszta\u0142cie cebuli oznacza Rosyjski Ko\u015bci\u00f3\u0142 Prawos\u0142awny, uko\u0144czony w 1876 roku pod patronatem carskim, a tak zwany Schloss Balmoral, wzorowany na \u015bredniowiecznej twierdzy, nawi\u0105zuje do swoich korzeni z lat 60. XIX wieku dla rosyjskiego szlachcica. Barokowy zamek k\u0105pielowy, Pomnik Cesarza Wilhelma i neogotycki ko\u015bci\u00f3\u0142 \u015bw. Marcina przyczyniaj\u0105 si\u0119 do sp\u00f3jnego krajobrazu ulicznego, kt\u00f3ry jest jednocze\u015bnie kr\u00f3lewski i intymny. Nowsze dodatki, takie jak Muzeum i kawiarnia Beatles\u00f3w, sygnalizuj\u0105 ch\u0119\u0107 rozszerzenia programu kulturalnego poza sam\u0105 histori\u0119 uzdrowiska.<\/p>\n<p>Podczas gdy zabytkowe budynki odzwierciedlaj\u0105 dawn\u0105 \u015bwietno\u015b\u0107, wsp\u00f3\u0142czesne plac\u00f3wki s\u0142u\u017cby zdrowia pokazuj\u0105 ewolucj\u0119 miasta. Termy Emser, po\u0142o\u017cone na skraju rzeki, \u0142\u0105cz\u0105 panoramiczne widoki z basenami zasilanymi bezpo\u015brednio ze \u017ar\u00f3d\u0142a Robert-Kampe. W historycznym Kurhausie nadal p\u0142ynie kilka \u017ar\u00f3de\u0142 pitnych, otoczonych bogato zdobionymi wn\u0119trzami. Kompetencje medyczne obejmuj\u0105 cztery kliniki rehabilitacyjne \u2014 klinik\u0119 Hufeland, klinik\u0119 Lahntal, klinik\u0119 rehabilitacyjn\u0105 VAMED i szpital Malberg \u2014 a tak\u017ce szpital opieki dora\u017anej i prywatn\u0105 praktyk\u0119 medycyny holistycznej. Od 1992 r. Maharishi Ayurveda Health Centre jest najwi\u0119ksz\u0105 prywatn\u0105 klinik\u0105 ajurwedyjsk\u0105 w Europie, oferuj\u0105c\u0105 tradycyjne zabiegi w dzielnicy uzdrowiskowej. Co roku Dni Zdrowia Bad Emser gromadz\u0105 ekspert\u00f3w i ciekawskich w Kursaal, podkre\u015blaj\u0105c ci\u0105g\u0142\u0105 pozycj\u0119 miasta w edukacji zdrowotnej.<\/p>\n<p>Opr\u00f3cz bran\u017cy wellness, Bad Ems podtrzymuje zr\u00f3\u017cnicowan\u0105 lokaln\u0105 gospodark\u0119. Turystyka, nap\u0119dzana statusem UNESCO, zabytkow\u0105 architektur\u0105 i otoczeniem rezerwatu przyrody, pozostaje najwa\u017cniejsza. Us\u0142ugi medyczne \u2014 od rehabilitacji ortopedycznej po pulmonologi\u0119, alergologi\u0119, medycyn\u0119 snu i naturopati\u0119 \u2014 przyci\u0105gaj\u0105 pacjent\u00f3w, kt\u00f3rzy cz\u0119sto \u0142\u0105cz\u0105 leczenie z pobytem wypoczynkowym. Skromny sektor elektroin\u017cynierii dostarcza sprz\u0119t zwi\u0105zany ze spa, podczas gdy wydobywanie i przetwarzanie wody mineralnej nap\u0119dza produkcj\u0119 soli, wody butelkowanej i pastylek. Staatsbad Bad Ems GmbH, sp\u00f3\u0142ka miejska nadzoruj\u0105ca dzia\u0142anie \u017ar\u00f3de\u0142 i licencjonowanie, zapewnia niezawodne surowce do tych produkt\u00f3w i ubezpiecza rami\u0119 handlowe, kt\u00f3re dociera na rynki mi\u0119dzynarodowe. Ten zr\u00f3wnowa\u017cony model \u0142agodzi sezonowe odp\u0142ywy liczby odwiedzaj\u0105cych, zakotwiczaj\u0105c losy miasta zar\u00f3wno w go\u015bcinno\u015bci, jak i dystrybucji przemys\u0142owej.<\/p>\n<p>\u0141\u0105czno\u015b\u0107 stanowi podstaw\u0119 tej wieloaspektowej gospodarki. Bahnhofsgeb\u00e4ude na stacji Bad Ems obs\u0142uguje kolej Lahntal, z ekspresowymi i regionalnymi po\u0142\u0105czeniami do Koblenz Stadtmitte w mniej ni\u017c p\u00f3\u0142 godziny, g\u0142\u00f3wnego dworca we Frankfurcie w nieco ponad p\u00f3\u0142torej godziny, K\u00f6ln Hauptbahnhof w mniej ni\u017c dwie godziny i okazjonalnymi bezpo\u015brednimi poci\u0105gami do Berlina w mniej ni\u017c sze\u015b\u0107 godzin. Dodatkowy przystanek w Bad Ems West zwi\u0119ksza lokaln\u0105 wygod\u0119. Aby wspi\u0105\u0107 si\u0119 na klify nad miastem, kolejka linowo-terenowa Kurwaldbahn \u2014 jedna z najbardziej stromych na \u015bwiecie \u2014 przewozi 20 pasa\u017cer\u00f3w na kabin\u0119 na wysoko\u015b\u0107 132 metr\u00f3w w mniej ni\u017c dwie minuty, oferuj\u0105c rozleg\u0142\u0105 panoram\u0119. Dzia\u0142aj\u0105ca w siedmiominutowych odst\u0119pach od wczesnego ranka do p\u00f3\u017anego wieczora, \u0142\u0105czy si\u0119 z punktem widokowym Bismarckturm i szlakami uzdrowiskowymi, zapewniaj\u0105c zar\u00f3wno praktyczny dost\u0119p, jak i atrakcj\u0119 sam\u0105 w sobie.<\/p>\n<p>Ostatnie lata przynios\u0142y ukierunkowane inwestycje maj\u0105ce na celu zabezpieczenie przysz\u0142o\u015bci Bad Ems. Renowacja klubu golfowego, zaprojektowana przez Josefa Poettera z wizj\u0105 Thomasa Himmela, przywr\u00f3ci fairwaye i greeny, wprowadzi nowe tee, ulepszy nawadnianie za pomoc\u0105 system\u00f3w Rain Bird i stworzy nowy obszar do \u0107wicze\u0144 kr\u00f3tkiej gry. Zako\u0144czenie projektu zaplanowano na 2026 r., a ponowne otwarcie nast\u0105pi przed stuleciem w 2027 r. Projekt ten ma na celu wyd\u0142u\u017cenie sezonowo\u015bci oferty rekreacyjnej i przyci\u0105gni\u0119cie mi\u0142o\u015bnik\u00f3w golfa obok go\u015bci spa. W pa\u017adzierniku 2025 r. Emser Therme Hotel pojawi si\u0119 na IAKS Pool Study Tour, wystawie wzorowych centr\u00f3w wodnych, odzwierciedlaj\u0105cej uznanie bran\u017cy dla jego projektu i zr\u00f3wnowa\u017conej dzia\u0142alno\u015bci. Tymczasem coroczne programy muzyczne \u2014 od koncert\u00f3w w nadrzecznym Kurpark po awangardowy Festival gegen den Strom \u2014 wraz z parad\u0105 miliona kwiat\u00f3w na Bartholom\u00e4usmarkt, utrzymuj\u0105 puls lokalnej tradycji i \u015bwie\u017cy urok.<\/p>\n<p>Przez ca\u0142\u0105 swoj\u0105 histori\u0119 Bad Ems wykazywa\u0142o si\u0119 odporno\u015bci\u0105, dostosowuj\u0105c swoje zasoby do wsp\u00f3\u0142czesnych potrzeb. Jego naturalne \u017ar\u00f3d\u0142a, niegdy\u015b kojarzone g\u0142\u00f3wnie z patronatem szlacheckim, obecnie wspieraj\u0105 terapi\u0119 medyczn\u0105, produkty komercyjne i holistyczne praktyki pod jednym dachem. Jego okaza\u0142e budynki przesz\u0142y transformacj\u0119 z arystokratycznych salon\u00f3w w dynamiczne miejsca kultury, go\u015bcinno\u015bci i konferencji. Jego gospodarka przenios\u0142a si\u0119 z wydobycia rud metali na wydobycie mo\u017cliwo\u015bci wellness, jednak podstawowa zasada pozostaje niezmienna: wykorzystanie lokalnych zasob\u00f3w z rozwag\u0105 i innowacj\u0105. Wyznaczenie miasta przez UNESCO umacnia jego to\u017csamo\u015b\u0107 w szerszej europejskiej narracji, podczas gdy inwestycje w infrastruktur\u0119 i programy zapewniaj\u0105, \u017ce ewoluuje, a nie kostnieje.<\/p>\n<p>Jako przekonuj\u0105cy przyk\u0142ad adaptacyjnej ochrony, Bad Ems r\u00f3wnowa\u017cy swoje imperialne dziedzictwo z nowoczesn\u0105 witalno\u015bci\u0105. Spacer wzd\u0142u\u017c nabrze\u017ca Lahn ujawnia wielowarstwowe historie: rzymskie fortyfikacje cz\u0119\u015bciowo ukryte w lesie, barokowe fasady wzd\u0142u\u017c promenad i szklane \u015bciany wsp\u00f3\u0142czesnego kompleksu spa odbijaj\u0105ce \u015bwiat\u0142o rzeki. W po\u0142udnie go\u015bcie mog\u0105 popija\u0107 gor\u0105c\u0105 wod\u0119 mineraln\u0105 w osiemnastowiecznej sali, sp\u0119dzi\u0107 popo\u0142udnie na sesji rehabilitacyjnej, a wieczorem wzi\u0105\u0107 udzia\u0142 w recitalu muzyki kameralnej w Marble Hall w Kursaal. Nast\u0119pnego ranka golfi\u015bci testuj\u0105 przeprojektowane bunkry przed przeja\u017cd\u017ck\u0105 rowerow\u0105 przez rezerwat przyrody Nassau. Ta synteza uzdrawiania, historii i wypoczynku nie jest przypadkowa; jest produktem \u015bwiadomej opieki, kt\u00f3ra szanuje przesz\u0142o\u015b\u0107, nie poddaj\u0105c si\u0119 nostalgii.<\/p>\n<p>Trwa\u0142a atrakcyjno\u015b\u0107 Bad Ems tkwi w tej r\u00f3wnowadze: trwa\u0142o\u015b\u0107 \u017ar\u00f3de\u0142, godno\u015b\u0107 architektury, szeroko\u015b\u0107 wiedzy medycznej i energia \u017cycia kulturalnego. Status UNESCO oferuje wi\u0119cej ni\u017c tablic\u0119 pami\u0105tkow\u0105; zapewnia ramy dla konserwacji i promocji, zapraszaj\u0105c now\u0105 publiczno\u015b\u0107 do zaanga\u017cowania si\u0119 w jego wyj\u0105tkowe cechy. \u0141\u0105cz\u0105c adaptacyjne ponowne wykorzystanie historycznych struktur z najnowocze\u015bniejszym wellness i rekreacj\u0105, miasto zabezpiecza swoj\u0105 istotno\u015b\u0107 w epoce, w kt\u00f3rej podr\u00f3\u017cni szukaj\u0105 g\u0142\u0119bi r\u00f3wnie mocno, jak wygody. W ten spos\u00f3b Bad Ems jest nie tylko pomnikiem wiek\u00f3w tradycji uzdrowiskowej, ale tak\u017ce \u017cywym bytem, \u200b\u200bnieustannie od\u015bwie\u017canym przez w\u0142asne wody i wyobra\u017ani\u0119 tych, kt\u00f3rzy kszta\u0142tuj\u0105 jego przysz\u0142o\u015b\u0107.<\/p>","protected":false},"excerpt":{"rendered":"<p>Po\u0142o\u017cone na brzegach rzeki Lahn w Nadrenii-Palatynacie w Niemczech, Bad Ems jest idyllicznym miastem o bogatej przesz\u0142o\u015bci i populacji oko\u0142o 9000 mieszka\u0144c\u00f3w. To atrakcyjne miasto pe\u0142ni funkcj\u0119 centrum administracyjnego regionu wiejskiego Rhein-Lahn i s\u0142ynie z leczniczych gor\u0105cych \u017ar\u00f3de\u0142, kt\u00f3re przyci\u0105gaj\u0105 turyst\u00f3w od pokole\u0144. Strategiczne po\u0142o\u017cenie miasta, rozci\u0105gaj\u0105cego si\u0119 na obu brzegach rzeki Lahn, sytuuje je na naturalnej granicy mi\u0119dzy regionami Taunus i Westerwald, dwoma oddzielnymi obszarami G\u00f3r \u0141upkowych Nadre\u0144skich. Historia Bad Ems si\u0119ga czas\u00f3w rzymskich, kiedy to za\u0142o\u017cono castrum jako cz\u0119\u015b\u0107 g\u00f3rnogerma\u0144skich limes, rzymskich umocnie\u0144 granicznych. Pomimo sk\u0105pych pozosta\u0142o\u015bci tej starej budowli, s\u0105siaduj\u0105ce lasy nadal wykazuj\u0105 oznaki dawnej granicy rzymskiej, zapewniaj\u0105c konkretne powi\u0105zanie z odleg\u0142\u0105 histori\u0105 regionu.<\/p>","protected":false},"author":1,"featured_media":17503,"parent":13736,"menu_order":0,"comment_status":"closed","ping_status":"closed","template":"elementor_theme","meta":{"_eb_attr":"","footnotes":""},"class_list":["post-16596","page","type-page","status-publish","has-post-thumbnail"],"_links":{"self":[{"href":"https:\/\/travelshelper.com\/pl\/wp-json\/wp\/v2\/pages\/16596","targetHints":{"allow":["GET"]}}],"collection":[{"href":"https:\/\/travelshelper.com\/pl\/wp-json\/wp\/v2\/pages"}],"about":[{"href":"https:\/\/travelshelper.com\/pl\/wp-json\/wp\/v2\/types\/page"}],"author":[{"embeddable":true,"href":"https:\/\/travelshelper.com\/pl\/wp-json\/wp\/v2\/users\/1"}],"replies":[{"embeddable":true,"href":"https:\/\/travelshelper.com\/pl\/wp-json\/wp\/v2\/comments?post=16596"}],"version-history":[{"count":0,"href":"https:\/\/travelshelper.com\/pl\/wp-json\/wp\/v2\/pages\/16596\/revisions"}],"up":[{"embeddable":true,"href":"https:\/\/travelshelper.com\/pl\/wp-json\/wp\/v2\/pages\/13736"}],"wp:featuredmedia":[{"embeddable":true,"href":"https:\/\/travelshelper.com\/pl\/wp-json\/wp\/v2\/media\/17503"}],"wp:attachment":[{"href":"https:\/\/travelshelper.com\/pl\/wp-json\/wp\/v2\/media?parent=16596"}],"curies":[{"name":"wp","href":"https:\/\/api.w.org\/{rel}","templated":true}]}}