{"id":16587,"date":"2024-09-23T13:26:36","date_gmt":"2024-09-23T13:26:36","guid":{"rendered":"https:\/\/travelshelper.com\/staging\/?page_id=16587"},"modified":"2026-03-12T00:18:49","modified_gmt":"2026-03-12T00:18:49","slug":"bad-durkheim","status":"publish","type":"page","link":"https:\/\/travelshelper.com\/pl\/destinations\/europe\/germany\/bad-durkheim\/","title":{"rendered":"Bad D\u00fcrkheim"},"content":{"rendered":"<p>Bad D\u00fcrkheim le\u017cy w sercu regionu metropolitalnego Ren-Neckar, obejmuj\u0105c wyd\u0142u\u017cony obszar oko\u0142o dwudziestu kilometr\u00f3w od \u017ar\u00f3d\u0142a rzeki Isenach przez jej \u0142\u0105ki aluwialne do kraw\u0119dzi r\u00f3wniny Renu. Z populacj\u0105 19 331 (2020) i pe\u0142ni\u0105c funkcj\u0119 siedziby administracyjnej swojego powiatu o tej samej nazwie \u2014 drugiego pod wzgl\u0119dem wielko\u015bci po Ha\u00dfloch \u2014 prezentuje zar\u00f3wno intymno\u015b\u0107 \u015bredniej wielko\u015bci uzdrowiska, jak i t\u0119tni\u0105ce \u017cyciem rytmy regionalnego centrum. Po\u0142o\u017cona dwadzie\u015bcia kilometr\u00f3w na zach\u00f3d od Ludwigshafen i Mannheim oraz trzydzie\u015bci kilometr\u00f3w na wsch\u00f3d od Kaiserslautern, ta osada na Niemieckim Szlaku Winnym \u0142\u0105czy stulecia ludzkich wysi\u0142k\u00f3w z surowym pi\u0119knem Lasu Palatynackiego.<\/p>\n<p>Po\u0142o\u017cone tu\u017c na wsch\u00f3d od pasma Haardt \u2014 stromych wschodnich podn\u00f3\u017cy centralnego Lasu Palatynackiego \u2014 g\u0142\u00f3wne miasto Bad D\u00fcrkheim rozci\u0105ga si\u0119 wzd\u0142u\u017c \u0142agodnej doliny Isenach. Z ch\u0142odnego le\u015bnego zbiornika Isenachweiher rzeka opada przez tartaki i papiernie, kt\u00f3re kiedy\u015b wykorzystywa\u0142y jej przep\u0142yw, obok historycznego centrum miasta i na sezonowo wilgotne \u0142\u0105ki D\u00fcrkheimer Bruch. W miar\u0119 jak dolina rozszerza si\u0119 w kierunku r\u00f3wniny Renu, tereny przemys\u0142owe i miejska oczyszczalnia \u015bciek\u00f3w oznaczaj\u0105 nowoczesn\u0105 faz\u0119 osadnictwa, przypominaj\u0105c o dostosowaniu miasta do zmian gospodarczych na przestrzeni wiek\u00f3w.<\/p>\n<p>Obszar miejski wygina si\u0119 na zach\u00f3d w zalesione wy\u017cyny, obejmuj\u0105ce konstelacj\u0119 szczyt\u00f3w. Drachenfels, o wysoko\u015bci 570,8 m, g\u00f3ruje nad lini\u0105 horyzontu na zachodzie, podczas gdy Weilerskopf (470 m) stoi na stra\u017cy granicy z Herxheim am Berg. Bli\u017cej miasta, skromne wzniesienia Michelsberg (147,4 m) i Fuchsmantel (224 m) przypominaj\u0105 o dziedzictwie winiarskim, ich zbocza od dawna by\u0142y uprawiane pod winoro\u015bl. Na p\u00f3\u0142nocy Kleine Peterskopf i Teufelsstein prze\u0142amuj\u0105 horyzont, a jeszcze dalej wznosz\u0105 si\u0119 Mainzer Berg i Bellenscheid jako ciche \u015bwiadectwa trwa\u0142ej relacji miasta z jego naturalnym \u015brodowiskiem. Dwa jeziora \u2014 Herzogweiher na p\u00f3\u0142nocnym skraju Grethen i Almensee na r\u00f3wninie nadre\u0144skiej \u2014 oferuj\u0105 spokojne odbicia nieba i lasu.<\/p>\n<p>Cieki wodne przecinaj\u0105 krajobraz poza samym Isenach. Kirschbach, Dreibrunnentalbach i St\u00fctertalbach rze\u017abi\u0105 zalesione w\u0105wozy, ten ostatni \u0142\u0105czy si\u0119 z Glash\u00fcttentalbach w dziczy nieprzerwanej od \u017ar\u00f3d\u0142a do uj\u015bcia. Na p\u00f3\u0142nocnym wschodzie Schlittgraben pojawia si\u0119 na kr\u00f3tko, zanim przekroczy s\u0105siedni Erpolzheim \u2014 jego brzegi zosta\u0142y niedawno ufortyfikowane przez sze\u015b\u0107 zbiornik\u00f3w retencyjnych i zapor\u0119 uko\u0144czon\u0105 w 2023 r., cz\u0119\u015b\u0107 kompleksowej renaturyzacji Bruch, kt\u00f3ra rozpocz\u0119\u0142a si\u0119 w 2019 r. Inne strumienie, takie jak Glasbach i jego dop\u0142ywy Schwabenbach i Erlenbach, wyznaczaj\u0105 granice gmin, zanim pop\u0142yn\u0105 dalej w kierunku Frankenstein i Fischbach.<\/p>\n<p>Klimat tutaj charakteryzuje si\u0119 ciep\u0142em i wzgl\u0119dn\u0105 sucho\u015bci\u0105. \u015arednia roczna 11,1 \u00b0C i 574 mm opad\u00f3w stawiaj\u0105 Bad D\u00fcrkheim w\u015br\u00f3d najsuchszych miejsc w Niemczech \u2014 tylko szesna\u015bcie procent stacji meteorologicznych odnotowuje ni\u017csze opady. Luty jest zazwyczaj najbardziej suchym miesi\u0105cem, podczas gdy maj przynosi najintensywniejsze opady, chocia\u017c sezonowe wahania s\u0105 minimalne w por\u00f3wnaniu ze standardami krajowymi. Ciep\u0142e dzienne wiatry wznosz\u0105ce si\u0119 z r\u00f3wniny nadre\u0144skiej w kierunku wzg\u00f3rz, zawracaj\u0105c w nocy, aby opa\u015b\u0107 przez tarasy winnic, ch\u0142odz\u0105c dno doliny. Dwie stacje meteorologiczne \u2014 jedna na lotnisku obs\u0142ugiwana przez Niemieck\u0105 S\u0142u\u017cb\u0119 Meteorologiczn\u0105, a druga przez Rolnicz\u0105 Meteorologi\u0119 Nadrenii-Palatynatu w Neuberg \u2014 monitoruj\u0105 te subtelne wzorce.<\/p>\n<p>Osadnictwo ludzkie od dawna skupia\u0142o si\u0119 na brzegach rzek i zboczach. Do g\u0142\u00f3wnego miasta do\u0142\u0105czaj\u0105 Grethen, Hardenburg, Seebach, Trift, S\u00e4gm\u00fchle, Ungstein i Leistadt \u2014 ka\u017cda spo\u0142eczno\u015b\u0107 nosi \u015blady \u015bredniowiecznych pocz\u0105tk\u00f3w, p\u00f3\u017aniejszej konsolidacji i wciele\u0144 w XX wieku, kt\u00f3re podwoi\u0142y populacj\u0119 od pocz\u0105tku XX wieku do chwili obecnej. W 1815 roku mieszka\u0142o tu mniej ni\u017c 5000 mieszka\u0144c\u00f3w; do 1925 roku liczba ta wzros\u0142a do 7060, a po wielokrotnych wcieleniach i nowoczesnej ekspansji mieszkaniowej osi\u0105gn\u0119\u0142a 19 331 do 2020 roku. W latach 2013\u20132023 populacja pozostawa\u0142a praktycznie statyczna \u2014 wzrost o 2,4 procent w ci\u0105gu dekady \u2014 zr\u00f3wnowa\u017cona mi\u0119dzy ni\u017cszym wska\u017anikiem urodze\u0144 a wy\u017csz\u0105 \u015bmiertelno\u015bci\u0105, rekompensowan\u0105 przez migracj\u0119 wewn\u0119trzn\u0105. Zmiana demograficzna w kierunku starszej populacji jest oczywista: pod koniec 2023 r. 26,5 proc. mieszka\u0144c\u00f3w by\u0142o w wieku powy\u017cej 65 lat, w por\u00f3wnaniu z 17,7 proc. dekad\u0119 wcze\u015bniej. Doro\u015bli w wieku produkcyjnym (20\u201365 lat) stanowi\u0105 56,2 proc. og\u00f3\u0142u, co sprawia, \u017ce \u200b\u200bmiasto jest nieznacznie starsze ni\u017c jego szerszy okr\u0119g.<\/p>\n<p>Przynale\u017cno\u015b\u0107 religijna r\u00f3wnie\u017c ewoluowa\u0142a. Spis z 2011 r. wykaza\u0142, \u017ce 40,6% mieszka\u0144c\u00f3w to protestanci, a 24,9% to katolicy, a pozostali to osoby bezwyznaniowe lub wyznaj\u0105ce inne religie. Do 30 kwietnia 2025 r. proporcje te spad\u0142y do \u200b\u200b28,4% protestant\u00f3w i 19,3% katolik\u00f3w, podczas gdy 52,3% wskaza\u0142o inaczej lub nie poda\u0142o tej informacji.<\/p>\n<p>Dziedzictwo kulturowe kszta\u0142tuje sylwetk\u0119 miasta. Trzyna\u015bcie stref dziedzictwa chroni zabytki od IX-wiecznego opactwa benedykty\u0144skiego w Limburgu po ruiny zamku Hardenburg, siedziby hrabi\u00f3w Leiningen a\u017c do jego zniszczenia pod koniec XVIII wieku. Fundamenty zamku Schlosseck z X wieku stoj\u0105 po\u015br\u00f3d le\u015bnych polan, podczas gdy villa rustica na Weilberg oferuje widok na otwarte powietrze rzymskiego \u017cycia wiejskiego. Na zach\u00f3d od Hardenburga, le\u015bnicz\u00f3wka J\u00e4gerthal przypomina o szlachetnych tradycjach \u0142owieckich.<\/p>\n<p>W obr\u0119bie miasta domy le\u015bnik\u00f3w nosz\u0105 fantazyjne nazwy Kehrdichannichts, Murrmirnichtviel i Schaudichnichtum. Tylko Kehrdichannichts przetrwa\u0142o w u\u017cyciu; pozosta\u0142e istniej\u0105 jako niszczej\u0105ce pami\u0105tki arystokratycznego kaprysu. Protestancki ko\u015bci\u00f3\u0142 zamkowy \u2014 kiedy\u015b \u015bw. Jana \u2014 pochodzi z ko\u0144ca XIII wieku. Jego 70-metrowa wie\u017ca nale\u017cy do najwy\u017cszych w Vorderpfalz, ust\u0119puj\u0105c jedynie bli\u017aniaczym iglicom katedry w Spirze. Odbudowany po zniszczeniach wojennych, r\u0119cznie dzwoniony 317-kilogramowy dzwon ko\u015bcio\u0142a wyznacza godziny pami\u0105tkowe: ka\u017cdego roku 18 marca o 14:00 na cze\u015b\u0107 bombardowania z 1945 roku oraz w pierwsz\u0105 sobot\u0119 adwentu o 17:00, aby og\u0142osi\u0107 nowy rok liturgiczny.<\/p>\n<p>Po drugiej stronie rynku w Ludwigskirche neoklasycystyczne kolumny i bawarski patronat kr\u00f3lewski przywo\u0142uj\u0105 inspirowane Ramburgiem plany Johanna Bernharda Spatza. Wewn\u0105trz o\u0142tarz Paula Thalheimera z 1938 r. przedstawia ukrzy\u017cowanie z wyj\u0105tkow\u0105, niegdy\u015b niezauwa\u017con\u0105 podobizn\u0105 Adolfa Hitlera jako skruszonego z\u0142odzieja, niepokoj\u0105cy przypis historyczny i unikalny regionalny skarb.<\/p>\n<p>Dziedzictwo prehistoryczne i rzymskie przetrwa\u0142o w ziemnych budowlach i kamienio\u0142omach. Dwukilometrowy celtycki wa\u0142 Heidenmauer, zbudowany oko\u0142o 500 r. p.n.e., otacza zalesiony szczyt wzg\u00f3rza okr\u0105g\u0142ymi fortyfikacjami. Kamienio\u0142om Kriemhildenstuhl ujawnia obr\u00f3bk\u0119 kamienia z IV w., a jego pr\u0105\u017ckowane \u015bciany \u015bwiadcz\u0105 o imperialnych ambicjach.<\/p>\n<p>Nowoczesne \u017cycie gromadzi si\u0119 w Kurhaus, kt\u00f3rego wie\u017ca solna \u2013 lokalnie \u201eSaline\u201d \u2013 stanowi kotwic\u0119 dla ogrod\u00f3w spa zaprojektowanych zar\u00f3wno do wypoczynku, jak i leczniczej inhalacji solnej. S\u0105siednie sale funkcyjne goszcz\u0105 kasyno D\u00fcrkheim, a wie\u017ca Vigil, po\u0142o\u017cona na wzg\u00f3rzu winnic, jest uosobieniem po\u0142\u0105czenia dramaturgii architektonicznej i dziedzictwa winiarskiego miasta.<\/p>\n<p>Muzea chroni\u0105 histori\u0119 naturaln\u0105 i ludzk\u0105. W Grethen m\u0142yn Herzogm\u00fchle mie\u015bci Palatynackie Muzeum Historii Naturalnej \u2014 potocznie Muzeum Pollichia od Towarzystwa z lat 40. XIX wieku, kt\u00f3remu s\u0142u\u017cy\u0142o, zanim znalaz\u0142o sta\u0142\u0105 siedzib\u0119 w 1981 roku. Dom Catoir w centrum miasta rozci\u0105ga si\u0119 na ponad 800 m\u00b2 jako lokalne muzeum historyczne, a jego wystawy obejmuj\u0105 wszystko, od archeologii rzymskiej po \u017cycie takich postaci jak Johannes Fitz i Rosa Maas. Publiczna biblioteka, szko\u0142a muzyczna, akademie baletu i ta\u0144ca piel\u0119gnuj\u0105 kreatywno\u015b\u0107, uzupe\u0142niane przez kluby i stowarzyszenia: Theater an der Weinstra\u00dfe, otwarty warsztat Haus Catoir, Stowarzyszenie Sztuki Bad D\u00fcrkheim, stowarzyszenia karnawa\u0142owe, zespo\u0142y muzyczne i dziesi\u0119\u0107 innych zespo\u0142\u00f3w, kt\u00f3re podtrzymuj\u0105 melodi\u0119 i tradycj\u0119.<\/p>\n<p>Festiwale wyznaczaj\u0105 kalendarz. Ka\u017cdego weekendu Wniebowst\u0105pienia Pa\u0144skiego festiwal miejski organizuje wy\u015bcigi kaczek na Isenach; w maju Piknik Winiarzy i targ sztuki o\u017cywiaj\u0105 \u015bcie\u017cki winnic. Wrze\u015bniowy Wurstmarkt przyci\u0105ga ponad 600 000 go\u015bci na najwi\u0119kszy na \u015bwiecie festiwal wina, kt\u00f3rego korzenie si\u0119gaj\u0105 targu kie\u0142bas i winnic z 1416 r., obecnie dzielonego przez lokalne winiarnie i grupy obywatelskie. Noc Winnic w po\u0142owie marca zamienia sze\u015b\u0107 kilometr\u00f3w zboczy wzg\u00f3rz w o\u015bwietlone korytarze degustacyjne. Co trzy lata Limburska Nagroda Literacka \u015bwi\u0119tuje regionalne litery, a po\u0142\u0105czony d\u017awi\u0119k dziesi\u0119ciu dzwon\u00f3w ko\u015bcielnych w Adwencie oznacza sezonow\u0105 odnow\u0119.<\/p>\n<p>Kiedy\u015b sta\u0142y element festiwalu komediowego SWR3 zabawia\u0142 publiczno\u015b\u0107 przez trzy dni od 2016 do 2024 roku; najwi\u0119ksze na \u015bwiecie ko\u0142o ruletki kr\u0119ci\u0142o si\u0119 w ogrodach uzdrowiskowych w latach 1997\u20132007. W 1951 roku spotka\u0142a si\u0119 tu Grupa 47, przyznaj\u0105c Heinrichowi B\u00f6llowi nagrod\u0119 literack\u0105 \u2014 \u015bwiadectwo skromnej, ale znacz\u0105cej roli miasta w powojennej historii kultury.<\/p>\n<p>\u017bycie gospodarcze r\u00f3wnowa\u017cy tradycj\u0119 z innowacj\u0105. W 2022 r. us\u0142ugi stanowi\u0142y 86 proc. lokalnego zatrudnienia, produkcja 11 proc., a rolnictwo i le\u015bnictwo nieco poni\u017cej 3 proc. Spo\u015br\u00f3d oko\u0142o 8700 pracownik\u00f3w oko\u0142o 3500 doje\u017cd\u017ca do pracy, a 4000 wyje\u017cd\u017ca, co odzwierciedla regionaln\u0105 wsp\u00f3\u0142zale\u017cno\u015b\u0107 miasta. Plany rozbudowy strefy przemys\u0142owej Bruch o szesna\u015bcie hektar\u00f3w obiecuj\u0105 dalszy wzrost.<\/p>\n<p>Uprawa winoro\u015bli nadal ma pierwszorz\u0119dne znaczenie: z 819 ha winnic Bad D\u00fcrkheim zajmuje trzecie miejsce w\u015br\u00f3d gmin Palatynatu i sz\u00f3ste w Nadrenii-Palatynacie (dane z 2017 r.). Winnice takie jak Feuerberg, Hochmess i Honigs\u00e4ckel \u2014 a tak\u017ce bardziej kameralne dzia\u0142ki, takie jak Abtsfronhof, Bettelhaus i Osterberg \u2014 daj\u0105 wina pod opiek\u0105 trzydziestu pi\u0119ciu aktywnych winnic, w tym dw\u00f3ch sp\u00f3\u0142dzielni i piwnicy przedsi\u0119biorstwa spo\u0142ecznego. Turystyka uzupe\u0142nia drzwi piwnic. Nowe termalne spa \u2014 z obszarem odnowy biologicznej, basenem termalnym i saun\u0105 \u2014 jest w trakcie budowy, projekt o warto\u015bci 45 milion\u00f3w euro ma zosta\u0107 otwarty w 2025 r. obok istniej\u0105cych basen\u00f3w. Ogrody zdrojowe, zrewitalizowane brzegi rzek, warzelnie soli, wodny plac zabaw i o\u015brodek Kneippa przyci\u0105gaj\u0105 turyst\u00f3w odwiedzaj\u0105cych to miejsce jednodniowo. Do dyspozycji go\u015bci jest ponad 3500 miejsc noclegowych w hotelach, pensjonatach, kemping Almensee o pojemno\u015bci 600 miejsc oraz place zabaw dla kamper\u00f3w.<\/p>\n<p>Filary wspieraj\u0105ce \u017cycie spo\u0142eczno\u015bci obejmuj\u0105 dostawc\u00f3w opieki zdrowotnej, takich jak kliniki Median Group, instytucje finansowe, takie jak VR Bank Mittelhaardt eG, specjalistycznych producent\u00f3w sprz\u0119tu winiarskiego, firmy testuj\u0105ce silniki i mark\u0119 felg aluminiowych ATS Leichtmetallr\u00e4der. Pracodawcy publiczni to przedsi\u0119biorstwa u\u017cyteczno\u015bci publicznej, szko\u0142y, s\u0105d okr\u0119gowy, posterunek policji i agencja zatrudnienia, podczas gdy organizacja non-profit Lebenshilfe Bad D\u00fcrkheim utrzymuje us\u0142ugi socjalne, zatrudniaj\u0105c ponad 400 pracownik\u00f3w.<\/p>\n<p>Le\u015bnictwo odbija si\u0119 echem w wielowiekowym udziale miasta w systemie Hartgereiden, siedzibie urz\u0119du le\u015bnego i zachowanych domach le\u015bnik\u00f3w przekszta\u0142conych w restauracje. Sieci transportowe jednocz\u0105 miasto z jego regionem: w 1865 r. Palatynacka Kolej P\u00f3\u0142nocna dotar\u0142a najpierw do D\u00fcrkheim, p\u00f3\u017aniej przed\u0142u\u017cona do Monsheim, podczas gdy poci\u0105gi regionalne \u0142\u0105cz\u0105 teraz Gr\u00fcnstadt i Neustadt dwa razy na godzin\u0119, a Mannheim w ci\u0105gu godziny. W\u0105skotorowy tramwaj Rhine-Haardt z 1913 r. zapewnia po\u0142\u0105czenia mi\u0119dzymiastowe do Ludwigshafen i Mannheim, z weekendowymi przed\u0142u\u017ceniami do Heidelbergu. Pi\u0119\u0107 linii autobusowych zbiega si\u0119 w Bahnhof, oferuj\u0105c po\u0142\u0105czenia z kolej\u0105 i tramwajem. Tutaj krzy\u017cuj\u0105 si\u0119 drogi federalne 37 i 271, a autostrada A650 do Ludwigshafen znajduje si\u0119 kilka minut od centrum. Lotnisko obok Almensee dodaje dost\u0119p do lekkich samolot\u00f3w do tej tkaniny transportowej.<\/p>\n<p>Mi\u0142o\u015bnicy aktywnego wypoczynku znajd\u0105 niesko\u0144czone \u015bcie\u017cki: trasy rowerowe oznaczaj\u0105ce dynastie salickie, \u015bcie\u017cki musztardowe i brukwiowe, szlaki kwitn\u0105cych migda\u0142owc\u00f3w, dalekobie\u017cne sieci szlak\u00f3w turystycznych Saar-Rhine-Main i Saar-Palatinate, a tak\u017ce Pf\u00e4lzer Weinsteig i H\u00fcttensteig. Oznakowanie bia\u0142o-czerwonych pas\u00f3w, niebieskich pas\u00f3w, \u017c\u00f3\u0142tych krzy\u017cy, czarnych kropek oraz czerwonych i zielonych symboli prowadzi w\u0119drowc\u00f3w przez lasy d\u0119bowe i bukowe do schronisk takich jak Limburgblick, Frankenthaler H\u00fctte, Weilach i odleg\u0142ego Waldhaus Lambertskreuz. Dawny Fronm\u00fchle wita teraz go\u015bci jako wiejska gospoda.<\/p>\n<p>Warstwy historii i natury Bad D\u00fcrkheim zbiegaj\u0105 si\u0119 w miejscu jednocze\u015bnie znajomym i pe\u0142nym niuans\u00f3w \u2014 gdzie tarasy winoro\u015bli oprawiaj\u0105 \u015bredniowieczne ruiny, le\u015bne \u015bcie\u017cki prowadz\u0105 do staro\u017cytnych wa\u0142\u00f3w, a sta\u0142y przep\u0142yw Isenach odzwierciedla pokolenia ludzkiego \u017cycia. Tutaj rytmy klimatu i kultury, \u015bwi\u0105t i sezonu ugorowego nios\u0105 narracj\u0119 tak skomplikowan\u0105 jak sam teren, zapraszaj\u0105c do uwa\u017cnej refleksji nad odporno\u015bci\u0105 i ci\u0105g\u0142o\u015bci\u0105, kt\u00f3re definiuj\u0105 to uzdrowisko.<\/p>","protected":false},"excerpt":{"rendered":"<p>Po\u0142o\u017cone w obszarze metropolitalnym Rhein-Neckar, Bad D\u00fcrkheim jest urokliwym uzdrowiskiem i centrum administracyjnym powiatu Bad D\u00fcrkheim w Nadrenii-Palatynacie w Niemczech. Ta urokliwa lokalizacja, z populacj\u0105 ponad 20 000 mieszka\u0144c\u00f3w, s\u0142ynie z bogatej historii, kwitn\u0105cego przemys\u0142u winiarskiego i udogodnie\u0144 spa. Po\u0142o\u017cone na obrze\u017cach Lasu Palatynackiego wzd\u0142u\u017c Niemieckiego Szlaku Winnego, Bad D\u00fcrkheim znajduje si\u0119 oko\u0142o 30 kilometr\u00f3w na wsch\u00f3d od Kaiserslautern i prawie 20 kilometr\u00f3w na zach\u00f3d od Ludwigshafen i Mannheim.<\/p>","protected":false},"author":1,"featured_media":17562,"parent":13736,"menu_order":0,"comment_status":"closed","ping_status":"closed","template":"elementor_theme","meta":{"_eb_attr":"","footnotes":""},"class_list":["post-16587","page","type-page","status-publish","has-post-thumbnail"],"_links":{"self":[{"href":"https:\/\/travelshelper.com\/pl\/wp-json\/wp\/v2\/pages\/16587","targetHints":{"allow":["GET"]}}],"collection":[{"href":"https:\/\/travelshelper.com\/pl\/wp-json\/wp\/v2\/pages"}],"about":[{"href":"https:\/\/travelshelper.com\/pl\/wp-json\/wp\/v2\/types\/page"}],"author":[{"embeddable":true,"href":"https:\/\/travelshelper.com\/pl\/wp-json\/wp\/v2\/users\/1"}],"replies":[{"embeddable":true,"href":"https:\/\/travelshelper.com\/pl\/wp-json\/wp\/v2\/comments?post=16587"}],"version-history":[{"count":0,"href":"https:\/\/travelshelper.com\/pl\/wp-json\/wp\/v2\/pages\/16587\/revisions"}],"up":[{"embeddable":true,"href":"https:\/\/travelshelper.com\/pl\/wp-json\/wp\/v2\/pages\/13736"}],"wp:featuredmedia":[{"embeddable":true,"href":"https:\/\/travelshelper.com\/pl\/wp-json\/wp\/v2\/media\/17562"}],"wp:attachment":[{"href":"https:\/\/travelshelper.com\/pl\/wp-json\/wp\/v2\/media?parent=16587"}],"curies":[{"name":"wp","href":"https:\/\/api.w.org\/{rel}","templated":true}]}}