{"id":16581,"date":"2024-09-23T13:21:19","date_gmt":"2024-09-23T13:21:19","guid":{"rendered":"https:\/\/travelshelper.com\/staging\/?page_id=16581"},"modified":"2026-03-12T00:19:03","modified_gmt":"2026-03-12T00:19:03","slug":"bad-bruckenau","status":"publish","type":"page","link":"https:\/\/travelshelper.com\/pl\/destinations\/europe\/germany\/bad-bruckenau\/","title":{"rendered":"Bad Br\u00fcckenau"},"content":{"rendered":"<p>Bad Br\u00fcckenau, skromne uzdrowisko licz\u0105ce oko\u0142o 6695 mieszka\u0144c\u00f3w, rozci\u0105gaj\u0105ce si\u0119 na powierzchni 23,73 km\u00b2, le\u017cy w \u0142agodnie zalesionej dolinie Sinn na zachodnim skraju g\u00f3r Rh\u00f6n w p\u00f3\u0142nocno-zachodniej Bawarii. Od czasu, gdy wody zosta\u0142y formalnie uznane po raz pierwszy w 1747 r., spo\u0142eczno\u015b\u0107 rozros\u0142a si\u0119 wok\u00f3\u0142 szeregu \u017ar\u00f3de\u0142 mineralnych, kt\u00f3rych reputacja w zakresie w\u0142a\u015bciwo\u015bci leczniczych przetrwa\u0142a stulecia. Po\u0142o\u017cone w powiecie Bad Kissingen, Bad Br\u00fcckenau \u0142\u0105czy wywa\u017con\u0105 godno\u015b\u0107 swojego barokowego zespo\u0142u architektonicznego z bezpretensjonalnymi rytmami wiejskiego \u017cycia, oferuj\u0105c niuansowany portret osady, kt\u00f3ra przystosowa\u0142a si\u0119 do wojny, katastrof i zmieniaj\u0105cych si\u0119 p\u0142yw\u00f3w politycznych.<\/p>\n<p>Najwcze\u015bniejsze rozdzia\u0142y historii Br\u00fcckenau si\u0119gaj\u0105 czas\u00f3w panowania Karola Wielkiego, kiedy droga wojskowa, \u201eszeroka jak w\u0142\u00f3cznia\u201d, przecina\u0142a rzek\u0119 Sinn p\u0142ytkim brodem. Rolnicy poszukuj\u0105cy ziemi uprawnej i dost\u0119pu do tej niewielkiej arterii komunikacyjnej dali pocz\u0105tek osadzie znanej jako Sinn-Aue. Pierwsza wzmianka o niej w dokumentach pochodzi z 1249 r. i dotyczy nadania przywilej\u00f3w przez diecezj\u0119 Fuldy, wzorowanych na karcie miejskiej Gelnhausen. Szlachcie wkr\u00f3tce zezwolono na za\u0142o\u017cenie czterech maj\u0105tk\u00f3w zamkowych w okolicy, kt\u00f3rych \u015blady \u2014 przede wszystkim szcz\u0105tki Hohelina \u2014 nadal zdobi\u0105 krajobraz. Pod podw\u00f3jn\u0105 w\u0142adz\u0105 opata Henryka V z Fuldy i kr\u00f3la Henryka VII Sinn-Aue otrzyma\u0142o pe\u0142ne prawa miejskie w 1310 r., zyskuj\u0105c prawo do fortyfikowania swoich mur\u00f3w, organizowania targ\u00f3w, sprzeda\u017cy alkoholu, zwo\u0142ywania rad i korzystania z okolicznych las\u00f3w. Pomimo tych zdobyczy, tarcia z dziedzicznymi stanami rycerskimi od czasu do czasu wybucha\u0142y, daj\u0105c pocz\u0105tek lokalnej legendzie: w 1400 r. Rycerze z Th\u00fcngen rzekomo zaatakowali miasto, ale zostali odparci, wed\u0142ug legendy, dzi\u0119ki wstawiennictwu \u015bw. Jerzego. Od tego czasu Jerzego czczono jako patrona, a jego posta\u0107 uwieczniono na pomniku pogromcy smok\u00f3w przed starym ratuszem.<\/p>\n<p>Budowa solidnego kamiennego mostu nad Sinn w 1597 r. stanowi\u0142a punkt zwrotny, od kt\u00f3rego pochodzi obecna nazwa osady: Br\u00fcckenau (\u201e\u0142\u0105ka mostowa\u201d). Most ten ledwo przetrwa\u0142 II wojn\u0119 \u015bwiatow\u0105, gdy wycofuj\u0105ce si\u0119 si\u0142y usi\u0142owa\u0142y go zburzy\u0107, a dopiero w latach 60. XX wieku zast\u0105pi\u0142o go nowoczesne prz\u0119s\u0142o betonowe, kt\u00f3re jest nadal w u\u017cyciu. W 1605 r. osma\u0144skie rejestry podatkowe opactwa ksi\u0105\u017c\u0119cego Fulda wymienia\u0142y 191 rodzin w mie\u015bcie. Podczas wojny trzydziestoletniej okoliczne wsie zosta\u0142y zniszczone i spl\u0105drowane, jednak Br\u00fcckenau zosta\u0142o oszcz\u0119dzone \u2014 a mimo to w 1634 r. wybuch zarazy zebra\u0142 straszliwe \u017cniwo. Odbudowa pod rz\u0105dami Bawarii nast\u0105pi\u0142a po reorganizacji terytorialnej w 1816 r., gdy Br\u00fcckenau do\u0142\u0105czy\u0142o do nowo rozszerzonego Kr\u00f3lestwa Bawarii.<\/p>\n<p>W nocy z 13 na 14 sierpnia 1876 r. dosz\u0142o do katastrofy: po\u017car obr\u00f3ci\u0142 w perzyn\u0119 140 z 260 budynk\u00f3w miasta, zabijaj\u0105c pi\u0119ciu mieszka\u0144c\u00f3w i niszcz\u0105c wieki archiwalnych zapis\u00f3w. W latach odbudowy szereg inicjatyw prywatnych i miejskich pr\u00f3bowa\u0142o na\u015bladowa\u0107 sukces s\u0105siednich miast uzdrowiskowych. Odwierty eksploracyjne ujawni\u0142y stalowe \u017ar\u00f3d\u0142o i \u017ar\u00f3d\u0142o siarki w miejscu, kt\u00f3re sta\u0142o si\u0119 Siebener Park, a p\u00f3\u017aniej \u017celazne \u017ar\u00f3d\u0142o w pobli\u017cu dzisiejszego Georgi Kurpark. Obok odkrytego basenu \u2014 pocz\u0105tkowo zasilanego wodami siarkowymi \u2014 powsta\u0142a \u0142a\u017ania oferuj\u0105ca zabiegi b\u0142otne i masa\u017ce, a nast\u0119pnie kryty basen na pocz\u0105tku lat 70., zmodernizowany w latach 90., ale zamkni\u0119ty na sta\u0142e od 1 pa\u017adziernika 2023 r.<\/p>\n<p>Formalne przyj\u0119cie nazwy Bad Br\u00fcckenau 8 kwietnia 1970 r. odzwierciedla\u0142o to\u017csamo\u015b\u0107 miasta jako o\u015brodka leczenia mineralnego. Sta\u0142o si\u0119 r\u00f3wnie\u017c eponimem Br\u00fcckenauer Rh\u00f6nallianz, stowarzyszenia mi\u0119dzygminnego maj\u0105cego na celu koordynacj\u0119 turystyki i rozwoju w szerszym regionie Frankonii.<\/p>\n<p>Centralnym punktem Bad Br\u00fcckenau jest State Spa, kompleks, kt\u00f3rego historia zaczyna si\u0119 od przypadkowego odkrycia w 1747 roku. Podczas letniego pobytu w swojej willi w R\u00f6mershag, ksi\u0105\u017c\u0119 opat Amand von Buseck z Fuldy dowiedzia\u0142 si\u0119 \u2014 od swojego pasterza \u2014 o \u017ar\u00f3dle, kt\u00f3rego woda mia\u0142a niezwyk\u0142y smak. Lekarz opactwa szybko poinformowa\u0142 o tym swego pana, kt\u00f3ry nakaza\u0142 nabranie wody ze \u017ar\u00f3d\u0142a; do 1749 roku sze\u015b\u0107 pawilonowych rezydencji \u2014 Deer, Aries, Swan, Lamb, Beaver i Lion \u2014 otacza\u0142o obsadzon\u0105 drzewami promenad\u0119, zwie\u0144czon\u0105 poprzecznym Prince&#039;s Building, znanym jako Horse. Zesp\u00f3\u0142 wie\u0144czy\u0142a kopu\u0142owa \u015bwi\u0105tynia \u017ar\u00f3d\u0142a z o\u015bmioma filarami. Rozw\u00f3j miasta zosta\u0142 op\u00f3\u017aniony przez wojn\u0119 siedmioletni\u0105, ale po roku 1764, za czas\u00f3w ksi\u0119cia-biskupa Heinricha von Bibry, uzdrowisko przyj\u0119\u0142o obecny charakter architektoniczny i ogrodniczy, a pierwszy budynek \u0142a\u017ani otwarto w 1779 roku.<\/p>\n<p>Przewr\u00f3t napoleo\u0144ski i okupacja rewolucji francuskiej przynios\u0142y trudno\u015bci: w 1796 r. uzdrowisko odnotowa\u0142o zaledwie 127 go\u015bci. Odbudowa pod bawarskimi rz\u0105dami od 1816 r. zapocz\u0105tkowa\u0142a z\u0142ot\u0105 er\u0119 uzdrowiska. Kr\u00f3l Ludwik I odwiedzi\u0142 je nie mniej ni\u017c 26 razy w latach 1818\u20131862, okazjonalnie zarz\u0105dzaj\u0105c bawarsk\u0105 sztuk\u0105 polityczn\u0105 z F\u00fcrstenhof. To w\u0142a\u015bnie tutaj, w 1847 r., monarcha pozna\u0142 Eliz\u0119 Gilbert\u2014Lol\u0119 Montez\u2014\u0142\u0105cznika, kt\u00f3ry wywo\u0142a\u0142 rewolucyjny zapa\u0142 w 1848 r. i ostatecznie kosztowa\u0142 go koron\u0119.<\/p>\n<p>W\u0142\u0105czenie w 1939 r. (R\u00f6mershag i Wernarz) oraz w 1978 r. (Volkers) rozszerzy\u0142o granice gminy. Pod wzgl\u0119dem demograficznym miasto stopniowo si\u0119 rozwija\u0142o: z 6118 mieszka\u0144c\u00f3w w 1988 r. do 6449 w 2018 r. \u2014 wzrost o 5,4%.<\/p>\n<p>Gobelin kulturowy Bad Br\u00fcckenau odzwierciedla jego zr\u00f3\u017cnicowane dziedzictwo religijne. Katolicyzm, ustanowiony jako niezale\u017cna parafia w 1694 r., obecnie koncentruje si\u0119 na parafii \u015bw. Bart\u0142omieja i ko\u015bciele zamkowym \u015bw. Benedykta, kt\u00f3re obejmuj\u0105 R\u00f6mershag; Wernarz go\u015bci \u015bw. J\u00f3zefa, Oblubie\u0144ca Maryi, w\u0142\u0105czaj\u0105c do pa\u0144stwowego uzdrowiska Ko\u015bci\u00f3\u0142 Maryi, Uzdrowienia Chorych. Od 2009 r. spo\u0142eczno\u015bci te nale\u017c\u0105 do katolickiej wsp\u00f3lnoty parafialnej \u015bw. Jerzego Bad Br\u00fcckenau, kt\u00f3ra sama jest cz\u0119\u015bci\u0105 dekanatu Bad Kissingen od 9 stycznia 2022 r. Kult protestancki znalaz\u0142 wyraz w Ko\u015bciele Chrystusowym (1908), a p\u00f3\u017aniej w Ewangelicko-Lutera\u0144skim Ko\u015bciele Pokoju (1957\u201359) w Georgi Park. W latach 1908\u20131920 baron Andriej Budberg by\u0142 gospodarzem prawos\u0142awnej kaplicy \u015bw. Marii Magdaleny, symbolu kosmopolityzmu miasta na pocz\u0105tku XX wieku.<\/p>\n<p>Obecno\u015b\u0107 \u017byd\u00f3w w Br\u00fcckenau si\u0119ga \u015bredniowiecza, o czym \u015bwiadczy Judengasse, niegdy\u015b siedziba synagogi otwartej 22 sierpnia 1913 r. oraz cmentarz po\u015bwi\u0119cony w 1923 r. Nowela Samuela Josefa Agnona \u201eMi\u0119dzy dwoma miastami\u201d przywo\u0142uje t\u0119 spo\u0142eczno\u015b\u0107. Wraz z rozwojem narodowego socjalizmu \u017cycie \u017cydowskie zosta\u0142o brutalnie wygaszone: synagoga zosta\u0142a podpalona w SA w Kristallnacht, 9\u201310 listopada 1938 r., a do 1940 r. deportowano ostatnich \u017byd\u00f3w. Kamie\u0144 pami\u0105tkowy na Nowym Cmentarzu, wzniesiony w 1987 r., upami\u0119tnia 141 ofiar z okr\u0119gu Br\u00fcckenau.<\/p>\n<p>Obecnie w\u0142adz\u0119 w gminie sprawuje pierwszy burmistrz Jan-Malte Marberg (SPD), wybrany 12 maja 2024 r. z poparciem 54,0% wyborc\u00f3w; obj\u0105\u0142 urz\u0105d 14 maja 2024 r. W 20-osobowej radzie miejskiej reprezentowane s\u0105 w r\u00f3wnym stopniu przez CSU (7 miejsc), PWG (7), SPD (3), Zielonych (2) i FDP\/FB (1).<\/p>\n<p>Heraldyka Bad Br\u00fcckenau \u0142\u0105czy fulda\u0144sk\u0105 przesz\u0142o\u015b\u0107 i dziedzictwo ksi\u0119cia opata Bernharda Gustawa z Badenii-Durlach. Ma\u0142y herb \u2014 czerwony uko\u015bny pasek na z\u0142ocie \u2014 nawi\u0105zuje do god\u0142a Fuldy, podczas gdy du\u017cy herb dzieli krzy\u017c Fuldy na popiersie Hildegardy, za\u0142o\u017cycielki klasztoru Kempten, podkre\u015blaj\u0105c podw\u00f3jne duchowe i \u015bwieckie dziedzictwo miasta.<\/p>\n<p>Od 1980 r. Br\u00fcckenau jest miastem partnerskim Ancenis we Francji; pi\u0119\u0107 lat p\u00f3\u017aniej do\u0142\u0105czy\u0142 Kirkham w Lancashire. Ich wzajemne wymiany s\u0105 wspierane przez stowarzyszenie Association for the Promotion of European Town Partnerships, za\u0142o\u017cone w 2012 r.<\/p>\n<p>Muzea stanowi\u0105 podstaw\u0119 oferty kulturalnej miasta: Niemieckie Muzeum Rower\u00f3w i sale po\u015bwi\u0119cone lokalnej historii mieszcz\u0105ce si\u0119 w Starym Ratuszu prezentuj\u0105 ewolucj\u0119 Br\u00fcckenau. Staatsbad Br\u00fcckenau go\u015bci Bawarsk\u0105 Orkiestr\u0119 Kameraln\u0105, kt\u00f3rej sezony koncert\u00f3w i uniwersyteckich recitali podium o\u017cywiaj\u0105 neoklasycystyczn\u0105 wspania\u0142o\u015b\u0107 Kursaal. Zlecony przez kr\u00f3la Ludwika I i zainaugurowany w 1833 r. po ceremonii wmurowania kamienia w\u0119gielnego z pochodniami w 1827 r. Kursaal wyr\u00f3\u017cnia si\u0119 malowid\u0142ami sufitowymi w stylu w\u0142oskiego renesansu autorstwa Ludwiga H\u00f6gera i Jakoba Hochbranda. W obr\u0119bie kompleksu uzdrowiskowego Elisabethenhof \u2014 zbudowany w 1894 r. na cze\u015b\u0107 cesarzowej El\u017cbiety Austriackiej (\u201eSissi\u201d) \u2014 pe\u0142ni obecnie funkcj\u0119 Pa\u0144stwowej Administracji Uzdrowiskowej, oferuj\u0105cej us\u0142ugi go\u015bcinne, gabinety terapeutyczne i salon. Pobliski Schlosshotel F\u00fcrstenhof, urodzony w 1775 roku na zlecenie Heinricha von Bebry, a p\u00f3\u017aniej rozbudowany pod rz\u0105dami Johanna Gottfrieda Gutensohna, nadal stanowi aneks Dorint Resort &amp; Spa.<\/p>\n<p>Rozszerzenia z prze\u0142omu wiek\u00f3w obejmuj\u0105 Parkhotel (1899\u20131901) Maxa Littmanna, obecnie mieszcz\u0105cy Vital Spa, oraz neoklasycystyczny Bellevue (1819) Bernharda Morella. \u201eStara \u0142a\u017ania\u201d Leo von Klenzego (1823) i dobud\u00f3wka Eugena Drollingera z 1901 roku flankuj\u0105 Badhotel. Odrestaurowana wozownia z 1827 roku \u2014 przeprojektowana przez Johanna Nepomuka Pertscha na polecenie Ludwiga \u2014 mie\u015bci State Spa Gardens.<\/p>\n<p>\u015awi\u0105tynia \u0179r\u00f3d\u0142a Wernarzera (1911) autorstwa Drollingera wie\u0144czy \u0179r\u00f3d\u0142o Wernarzera, po raz pierwszy wykorzystane w 1749 r.; o\u015bmiok\u0105tna kolumnada i elementy secesyjne g\u00f3ruj\u0105 nad promenad\u0105. Gdzie indziej stoj\u0105 Christ Church (wzorowany na Grobie Pa\u0144skim w Jerozolimie) i St. Mary&#039;s w bawarskim baroku, oba zaprojektowane przez Drollingera, a tak\u017ce Ko\u015bci\u00f3\u0142 Parafialny \u015bw. Bart\u0142omieja autorstwa Johanna Georga Linka (konsekrowany w 1783 r.). Stary Ratusz, zabytkowe zajazdy z XVI wieku, Klasztor Volkersberg oraz mosty Grenzwald i Sinntal dope\u0142niaj\u0105 architektoniczn\u0105 panoram\u0119.<\/p>\n<p>Barokowy plan ogrodu spa Andrei Gallasiniego z 1747 r. \u2014 skupiony wok\u00f3\u0142 \u015bcis\u0142ej osi p\u00f3\u0142noc-po\u0142udnie \u2014 zosta\u0142 zachowany, nawet gdy sekcje przyj\u0119\u0142y angielski styl krajobrazu. Dzisiejsze renowacje parku pod\u0105\u017caj\u0105 za pierwotnym kszta\u0142tem drzew: kasztany w formie bukszpanu, wiernie przyci\u0119ta pergola lipowa i czcigodne okazy, takie jak d\u0105b kr\u00f3la Ludwiga (obw\u00f3d siedem metr\u00f3w), magnolia og\u00f3rkowa i wielowiekowy mi\u0142orz\u0105b.<\/p>\n<p>Dodatkowe tereny zielone \u2014 Georgi Kurpark, Siebener Park i park krajobrazowy Sinntal \u2014 uzupe\u0142niaj\u0105 ogrody uzdrowiskowe. Obiekty odnowy biologicznej obejmuj\u0105 obecnie zamkni\u0119te Therme Sinnflut, Dorint&#039;s Vital Spa &amp; Garden i Regena Health Resort &amp; Spa. Sezonowe rytmy przynosz\u0105 koncerty plenerowe w parku zamkowym, festiwale w historycznym parku, koncerty uzdrowiskowe w Wandelhalle, bale maskowe w Kursaal pod has\u0142em \u201eKr\u00f3l Ludwik zaprasza do ta\u0144ca\u201d, Coat Sunday, festiwal miejski i regionalne targi odbywaj\u0105ce si\u0119 co czwart\u0105 sobot\u0119.<\/p>\n<p>\u017bycie sportowe koncentruje si\u0119 na Hans Pfister Stadium, gdzie podczas Mistrzostw \u015awiata 2006 trenowa\u0142a reprezentacja Chorwacji. Lokalne kluby, takie jak 1. FC Bad Br\u00fcckenau wystawiaj\u0105 dru\u017cyny w pi\u0142ce no\u017cnej, pi\u0142ce r\u0119cznej i innych dyscyplinach, podczas gdy TV 1884 oferuje gimnastyk\u0119, siatk\u00f3wk\u0119, koszyk\u00f3wk\u0119, lekkoatletyk\u0119, judo i taniec. Jesienny bieg terenowy Dreggichen 1000er stawia przed uczestnikami wyzwanie na dystansie 10 km z prawie 140 m przewy\u017cszenia, a coroczny Pink Run 3 pa\u017adziernika zbiera fundusze na badania nad rakiem piersi.<\/p>\n<p>\u0179r\u00f3d\u0142a lecznicze \u2014 ka\u017cde o odr\u0119bnym profilu mineralnym \u2014 pozostaj\u0105 si\u0142\u0105 nap\u0119dow\u0105 miasta. Stalowe \u017ar\u00f3d\u0142o, po raz pierwszy odnotowane w 1747 r. i wywiercone na 300 m w 1965 r., dostarcza bogatej w \u017celazo, gazowanej wody, stosowanej w leczeniu anemii i zaburze\u0144 kr\u0105\u017cenia; jest butelkowane komercyjnie jako woda mineralna Bad Br\u00fcckenau. 10 \u00b0C Wernarzer Spring, na g\u0142\u0119boko\u015bci 60 m, i jego kuzyn, Sinnberger Spring (50 m g\u0142\u0119boko\u015bci), oba produkuj\u0105 kwa\u015bne, niskosodowe wody do terapii nerek i uk\u0142adu moczowego. Lola Montez Spring \u2014 bogate w pierwiastki \u015bladowe \u2014 wspomaga zdrowie sk\u00f3ry, paznokci i w\u0142os\u00f3w oraz pomaga w schorzeniach metabolicznych i p\u0119cherzyka \u017c\u00f3\u0142ciowego. Bad Br\u00fcckenau Vital Spring, r\u00f3wnie\u017c silnie gazowane, jest przepisywane na podwy\u017cszony poziom kwasu moczowego i zaburzenia trawienia lub kr\u0105\u017cenia. \u0179r\u00f3d\u0142o siarkowe Siebener Park i g\u0142\u0119bokie \u017ar\u00f3d\u0142o Georgi Spring oferuj\u0105 dalsze opcje dla os\u00f3b poszukuj\u0105cych chemicznej, termicznej i mechanicznej balneoterapii.<\/p>\n<p>Nowoczesna infrastruktura \u0142\u0105czy Bad Br\u00fcckenau z szerszymi regionami: autostrada A7 obs\u0142uguje dwa zjazdy (Bad Br\u00fcckenau\/Wildflecken i Bad Br\u00fcckenau\/Volkers), podczas gdy najbli\u017csze po\u0142\u0105czenie kolejowe w Jossa (Sinntal) i linie autobusowe do Fuldy utrzymuj\u0105 po\u0142\u0105czenia z sieciami krajowymi. Dawna linia kolejowa Jossa\u2013Wildflecken tworzy teraz tras\u0119 rowerow\u0105 Rh\u00f6nexpress, a lekkie lotnictwo nadal funkcjonuje na lotnisku szybowcowym Bad Br\u00fcckenau-Oberleichtersbach. Pielgrzymi na Frankonii Marienweg przechodz\u0105 przez miasto, oznaczaj\u0105c je zar\u00f3wno miejscem wytchnienia, jak i punktem orientacyjnym w g\u0142\u0119bszych duchowych podr\u00f3\u017cach.<\/p>\n<p>W swoim wsp\u00f3\u0142graniu surowego terenu i kultywowanej elegancji Bad Br\u00fcckenau uosabia zar\u00f3wno trudn\u0105 histori\u0119 spo\u0142eczno\u015bci, kt\u00f3ra przetrwa\u0142a wojn\u0119, ogie\u0144 i zmiany polityczne, jak i nieoczekiwane pi\u0119kno uzdrowiska ukszta\u0142towanego przez wod\u0119, wiatr i aspiracje ksi\u0105\u017c\u0105t i ch\u0142op\u00f3w. Tutaj, po\u015br\u00f3d barokowych pawilon\u00f3w i staro\u017cytnych d\u0119b\u00f3w, rytmy uzdrawiania i zamieszkiwania trwaj\u0105, zapraszaj\u0105c do refleksji nad wi\u0119zami, kt\u00f3re \u0142\u0105cz\u0105 ziemi\u0119, wod\u0119 i ludzkiego ducha.<\/p>","protected":false},"excerpt":{"rendered":"<p>Bad Br\u00fcckenau, czaruj\u0105ce uzdrowisko po\u0142o\u017cone u podn\u00f3\u017ca g\u00f3r Rh\u00f6n w regionie Dolnej Frankonii Bad Kissingen, z bogat\u0105 przesz\u0142o\u015bci\u0105 i mieszka\u0144cami, kt\u00f3rzy ceni\u0105 lecznicze wody. To malownicze bawarskie miasto jest akredytowanym miejscem uzdrowiskowym od 1747 r., oferuj\u0105c go\u015bciom wyj\u0105tkowe po\u0142\u0105czenie historycznej architektury, naturalnego pi\u0119kna i us\u0142ug terapeutycznych.<\/p>","protected":false},"author":1,"featured_media":17532,"parent":13736,"menu_order":0,"comment_status":"closed","ping_status":"closed","template":"elementor_theme","meta":{"_eb_attr":"","footnotes":""},"class_list":["post-16581","page","type-page","status-publish","has-post-thumbnail"],"_links":{"self":[{"href":"https:\/\/travelshelper.com\/pl\/wp-json\/wp\/v2\/pages\/16581","targetHints":{"allow":["GET"]}}],"collection":[{"href":"https:\/\/travelshelper.com\/pl\/wp-json\/wp\/v2\/pages"}],"about":[{"href":"https:\/\/travelshelper.com\/pl\/wp-json\/wp\/v2\/types\/page"}],"author":[{"embeddable":true,"href":"https:\/\/travelshelper.com\/pl\/wp-json\/wp\/v2\/users\/1"}],"replies":[{"embeddable":true,"href":"https:\/\/travelshelper.com\/pl\/wp-json\/wp\/v2\/comments?post=16581"}],"version-history":[{"count":0,"href":"https:\/\/travelshelper.com\/pl\/wp-json\/wp\/v2\/pages\/16581\/revisions"}],"up":[{"embeddable":true,"href":"https:\/\/travelshelper.com\/pl\/wp-json\/wp\/v2\/pages\/13736"}],"wp:featuredmedia":[{"embeddable":true,"href":"https:\/\/travelshelper.com\/pl\/wp-json\/wp\/v2\/media\/17532"}],"wp:attachment":[{"href":"https:\/\/travelshelper.com\/pl\/wp-json\/wp\/v2\/media?parent=16581"}],"curies":[{"name":"wp","href":"https:\/\/api.w.org\/{rel}","templated":true}]}}