{"id":16569,"date":"2024-09-23T13:02:14","date_gmt":"2024-09-23T13:02:14","guid":{"rendered":"https:\/\/travelshelper.com\/staging\/?page_id=16569"},"modified":"2026-03-12T00:19:44","modified_gmt":"2026-03-12T00:19:44","slug":"bad-brambach","status":"publish","type":"page","link":"https:\/\/travelshelper.com\/pl\/destinations\/europe\/germany\/bad-brambach\/","title":{"rendered":"Bad Brambach"},"content":{"rendered":"<p>Bad Brambach, po\u0142o\u017cone w po\u0142udniowych rejonach Saksonii, przyci\u0105ga uwag\u0119 swoim bogatym dziedzictwem i trwa\u0142\u0105 rol\u0105 uzdrowiska. Z populacj\u0105 licz\u0105c\u0105 nieco ponad 2000 mieszka\u0144c\u00f3w rozsianych na obszarze oko\u0142o 32 kilometr\u00f3w kwadratowych, to uznane przez pa\u0144stwo uzdrowisko le\u017cy na granicy Niemiec z Republik\u0105 Czesk\u0105. W dolinie wyrze\u017abionej przez R\u00f6thenbach, p\u00f3\u017aniej znanej jako Flei\u00dfenbach, Bad Brambach rozci\u0105ga si\u0119 na wst\u0119dze osadnictwa, kt\u00f3ra rozci\u0105ga si\u0119 z zachodu na wsch\u00f3d, zapewniaj\u0105c widoki na zalesione zbocza i \u0142agodny strumie\u0144, kt\u00f3ry ukszta\u0142towa\u0142 jego przeznaczenie. Tutaj, na wysoko\u015bci oko\u0142o 600 metr\u00f3w nad poziomem morza, \u0179r\u00f3d\u0142o Wettyn\u00f3w wyrzuca bogate w radon wody, kt\u00f3re zdefiniowa\u0142y charakter miasta od czasu ich odkrycia w 1911 roku, zyskuj\u0105c uznanie za najpot\u0119\u017cniejsze \u017ar\u00f3d\u0142o radonu na \u015bwiecie i umacniaj\u0105c miejsce Bad Brambach obok s\u0105siaduj\u0105cego Bad Elster w presti\u017cowych Sakso\u0144skich \u0141a\u017aniach Pa\u0144stwowych.<\/p>\n<p>Mozaika przysi\u00f3\u0142k\u00f3w gminy \u2014 w\u015br\u00f3d nich R\u00f6thenbach, B\u00e4rendorf, G\u00fcrth, Hohendorf, Oberbrambach z jego satelit\u0105 Frauengr\u00fcn i Kleedorf, Raun i w\u0105ski w\u0105w\u00f3z Raunergrund, Rohrbach z Hennebach i Sch\u00f6nberg \u2014 \u015bwiadczy o wiekach osadnictwa i ewoluuj\u0105cym przeznaczeniu. Od pierwszej wzmianki o rycerskiej rodzinie de Brantbuch w 1154 r. do nadania Brambuch praw miejskich w 1307 r., obszar ten przechodzi\u0142 przez r\u0119ce szlacheckich rod\u00f3w, takich jak Zedtwitz i Schirnding. Lokalna twierdza, odnotowana w 1372 r., pe\u0142ni\u0142a funkcj\u0119 bastionu i siedziby administracyjnej, podczas gdy lokalna parafia, powi\u0105zana z dekanatem diecezji Ratyzbony, s\u0142u\u017cy\u0142a duchowym potrzebom okolicznych p\u00f3l uprawnych. Z biegiem czasu rozproszone gospodarstwa i skupiska warsztat\u00f3w, kt\u00f3re tworzy\u0142y Brambach, zacz\u0119\u0142y si\u0119 jednoczy\u0107 wok\u00f3\u0142 \u017ar\u00f3de\u0142 w dolinie, \u0142\u0105cz\u0105c wp\u0142ywy ko\u015bcielne z rytmem \u017cycia wiejskiego.<\/p>\n<p>Po\u017car z 11 wrze\u015bnia 1842 r. zmieni\u0142 trajektori\u0119 miasta, gdy po\u017car strawi\u0142 ko\u015bci\u00f3\u0142 i dwadzie\u015bcia osiem dom\u00f3w gospodarczych z ich zabudowaniami gospodarczymi. Wraz z rozpocz\u0119ciem odbudowy pojawi\u0142a si\u0119 nowa forma architektoniczna dostosowana do rzemios\u0142a i produkcji. Pojawienie si\u0119 produkcji instrument\u00f3w muzycznych w po\u0142owie XIX wieku spowodowa\u0142o wzniesienie wyd\u0142u\u017conych budynk\u00f3w warsztatowych, zast\u0119puj\u0105c domy z konstrukcj\u0105 szkieletow\u0105 konstrukcjami dostosowanymi do precyzji d\u017awi\u0119ku lutnik\u00f3w i rzemie\u015blnik\u00f3w instrument\u00f3w d\u0119tych drewnianych. Przestrzenna reorganizacja, kt\u00f3ra towarzyszy\u0142a tym warsztatom, przetrwa\u0142a, osadzaj\u0105c subtelny charakter przemys\u0142owy w bukolicznym obliczu Brambacha.<\/p>\n<p>Na d\u0142ugo przed powstaniem parku zdrojowego i pawilon\u00f3w k\u0105pielowych, ziemia ta dostarcza\u0142a \u017ar\u00f3de\u0142, kt\u00f3rych musowanie przyci\u0105gn\u0119\u0142o uwag\u0119 lokalnej spo\u0142eczno\u015bci. W 1812 r. Wilhelm August Lampadius, ekspert g\u00f3rnictwa z Freibergu, zbada\u0142 \u201eSauerbrunnen von Unterbrambach\u201d, kwa\u015bne \u017ar\u00f3d\u0142o uwielbiane przez mieszka\u0144c\u00f3w. Kilkadziesi\u0105t lat p\u00f3\u017aniej, oko\u0142o 1890 r., Christian Sch\u00fcller rozpocz\u0105\u0142 komercyjne dostawy pod nazw\u0105 Sch\u00fcllerquelle z podziemnego uj\u015bcia w dolinie R\u00f6thenbach \u2014 jednego z tych, kt\u00f3re jego ojciec pocz\u0105tkowo zbada\u0142 w 1860 r., zanim je porzuci\u0142. Jednocze\u015bnie dzier\u017cawca miejski reklamowa\u0142 s\u0105siednie \u017ar\u00f3d\u0142o jako Schillerquelle, co ilustruje wczesn\u0105 konkurencj\u0119 w przedsi\u0119wzi\u0119ciach zwi\u0105zanych z wod\u0105 mineraln\u0105. Do 1912 r. produkcja przekroczy\u0142a dwa miliony butelek wody gazowanej rocznie, a przedsi\u0119biorstwo Brambacher Sprudel sta\u0142o si\u0119 wiod\u0105cym dostawc\u0105 w G\u00f3rnym Vogtlandzie, a jego musuj\u0105ce wody w szklanych butelkach by\u0142y wysy\u0142ane daleko poza dolin\u0119.<\/p>\n<p>Prze\u0142omowy moment nast\u0105pi\u0142 w 1911 r. wraz z odkryciem tego, co sta\u0142o si\u0119 znane jako \u0179r\u00f3d\u0142o Wettyn\u00f3w. To pe\u0142ne radonu uj\u015bcie zosta\u0142o og\u0142oszone \u201e\u017ar\u00f3d\u0142em radu\u201d, rzekomo niemaj\u0105cym sobie r\u00f3wnych pod wzgl\u0119dem si\u0142y na skal\u0119 \u015bwiatow\u0105. Rok p\u00f3\u017aniej park zdrojowy otworzy\u0142 swoje bramy dla go\u015bci poszukuj\u0105cych radioaktywnych k\u0105pieli mineralnych \u2014 w\u00f3wczas nazywanych radioaktywnymi k\u0105pielami mineralnymi \u2014 a w grudniu 1914 r. Kr\u00f3lewskie Sakso\u0144skie Ministerstwo Spraw Wewn\u0119trznych oficjalnie og\u0142osi\u0142o \u0179r\u00f3d\u0142o Wettyn\u00f3w \u017ar\u00f3d\u0142em leczniczym. Przemiana spo\u0142eczno\u015bci zosta\u0142a uwieczniona w zmianie nazwy na Bad Brambach w 1922 r. \u2014 prefiks wskazuj\u0105cy na jej status uzdrowiska \u2014 i kr\u00f3tko przemianowanej na Radiumbad Brambach w latach 1933\u20131963. W kolejnych dekadach budowano wille, pawilony zabiegowe i promenady, kt\u00f3re obecnie definiuj\u0105 ogrody uzdrowiskowe.<\/p>\n<p>Po II wojnie \u015bwiatowej Bad Brambach przekszta\u0142cono w sanatorium dla Armii Radzieckiej, a jego obiekty przeznaczono na potrzeby rekonwalescencji \u017co\u0142nierzy. W 1949 r. ponownie przyjmowano pacjent\u00f3w obj\u0119tych ubezpieczeniem spo\u0142ecznym, a w 1957 r. Niemiecka Republika Demokratyczna przeprowadzi\u0142a kompleksow\u0105 modernizacj\u0119 kompleksu uzdrowiskowego. Sosny i buki rozkwit\u0142y w nowo zasadzonych gajach \u2014 w 1961 r. zakorzeni\u0142o si\u0119 czterdzie\u015bci tysi\u0119cy m\u0142odych drzewek \u2014 przywracaj\u0105c lasy, kt\u00f3re niegdy\u015b otacza\u0142y \u017ar\u00f3d\u0142a. Pod rz\u0105dami NRD tereny uzdrowiskowe sta\u0142y si\u0119 zar\u00f3wno modelem wspieranej przez pa\u0144stwo turystyki zdrowotnej, jak i \u017ar\u00f3d\u0142em lokalnego zatrudnienia, podczas gdy s\u0105siaduj\u0105ce z nimi zak\u0142ady w\u00f3d mineralnych Brambacher Sprudel utrzyma\u0142y swoj\u0105 pozycj\u0119 filaru gospodarki miasta.<\/p>\n<p>Transformacja polityczna w latach 1989\u20131990 zapocz\u0105tkowa\u0142a now\u0105 er\u0119 rewitalizacji miejskiej. Prywatne i publiczne inwestycje przenikn\u0119\u0142y do \u200b\u200bBad Brambach, a S\u00e4chsische Staatsb\u00e4der GmbH stan\u0119\u0142a na czele projekt\u00f3w maj\u0105cych na celu odm\u0142odzenie ogrod\u00f3w i obiekt\u00f3w uzdrowiskowych. Kompleks k\u0105pielowy i saun AQUADON wprowadzi\u0142 nowoczesne udogodnienia wellness, jego baseny ze szklanymi dachami umieszczone na tarasach krajobrazowych. Historyczna sala festiwalowa przesz\u0142a starann\u0105 renowacj\u0119, jej audytorium ponownie go\u015bci\u0142o koncerty i spotkania spo\u0142eczno\u015bci. Centralny budynek \u017ar\u00f3d\u0142a, b\u0119d\u0105cy symbolem architektury uzdrowiskowej z pocz\u0105tku XX wieku, przeszed\u0142 renowacj\u0119 strukturaln\u0105 i estetyczn\u0105. Zaopatrzenie medyczne rozwin\u0119\u0142o si\u0119 wraz z pojawieniem si\u0119 Kliniki Ebel, podczas gdy dawny dom uzdrowiskowy RDB \u2014 znany w czasach NRD jako Julius-Fu\u010d\u00edk-Haus \u2014 zosta\u0142 przekszta\u0142cony w rezydencj\u0119 dla os\u00f3b starszych. Uzupe\u0142niaj\u0105c te inwestycje, rozproszone pensjonaty i zajazdy powsta\u0142y, aby pomie\u015bci\u0107 rosn\u0105c\u0105 liczb\u0119 piel\u0119gniarek.<\/p>\n<p>Jednocze\u015bnie produkcja wody mineralnej nie tylko zosta\u0142a zachowana, ale rozszerzona poprzez utworzenie Bad Brambacher Mineralquellen GmbH &amp; Co. Betriebs KG. Jako jeden z najwi\u0119kszych pracodawc\u00f3w w mie\u015bcie, firma utrzymywa\u0142a lokalne \u017ar\u00f3d\u0142a utrzymania i wspiera\u0142a sie\u0107 klub\u00f3w obywatelskich \u2014 od ochotniczej stra\u017cy po\u017carnej po stowarzyszenie muzyczne \u2014 poprzez sponsorowanie i zaanga\u017cowanie spo\u0142eczno\u015bci. Taka integracja przemys\u0142u i \u017cycia obywatelskiego pozostaje znakiem rozpoznawczym tkanki spo\u0142ecznej Bad Brambach.<\/p>\n<p>Miasto oferuje sze\u015b\u0107 odr\u0119bnych \u017ar\u00f3de\u0142 do k\u0105pieli i kuracji pitnych, ka\u017cde z nich ma sw\u00f3j w\u0142asny sk\u0142ad mineralny. Pod egid\u0105 dr Ebel Fachkliniken GmbH, kt\u00f3ra w 1991 r. przej\u0119\u0142a klinik\u0119 Bad Brambach, programy rehabilitacyjne skupi\u0142y si\u0119 na reumatologii, ortopedii i kardiologii. Nowy pawilon kliniki, uko\u0144czony w 1994 r., zapewnia nowoczesne zakwaterowanie dla pacjent\u00f3w hospitalizowanych, sale fizjoterapeutyczne i laboratoria diagnostyczne, zapewniaj\u0105c, \u017ce uzdrawiaj\u0105ce dziedzictwo w\u00f3d radonowych jest zgodne ze wsp\u00f3\u0142czesnymi standardami medycznymi.<\/p>\n<p>Dost\u0119p do tego przygranicznego schronienia zapewniaj\u0105 drogi federalne B 92 i E 49, kt\u00f3re kieruj\u0105 podr\u00f3\u017cnych na po\u0142udnie do Republiki Czeskiej. Linia kolejowa Plauen\u2013Cheb przebiega przez Bad Brambach, ze stacj\u0105 na skraju miasta i przystankiem na \u017c\u0105danie w Raun. Od 2001 r. obwodnica kieruje ruch tranzytowy z dala od historycznego centrum, kieruj\u0105c pojazdy w stron\u0119 przej\u015bcia granicznego Sch\u00f6nberg\u2013Vojtanov i zachowuj\u0105c spok\u00f3j dzielnicy uzdrowiskowej. Lokalnie trzy linie autobusowe obs\u0142ugiwane przez Vogtland Transport Association \u0142\u0105cz\u0105 dworzec kolejowy, klinik\u0119, hal\u0119 festiwalow\u0105 i odleg\u0142e wioski w odst\u0119pach sze\u015b\u0107dziesi\u0119ciu i 120 minut, zapewniaj\u0105c zar\u00f3wno mieszka\u0144com, jak i go\u015bciom bezproblemow\u0105 mobilno\u015b\u0107 w ca\u0142ej dolinie.<\/p>\n<p>Opr\u00f3cz oferty terapeutycznej Bad Brambach podtrzymuje spokojne bogactwo kulturowe. Park zdrojowy z gajami i promenadami pozostaje centralnym punktem \u017cycia wsp\u00f3lnotowego, podczas gdy lokalne muzeum historyczne, kt\u00f3rego kuratorem jest oddane stowarzyszenie, dokumentuje skomplikowan\u0105 przesz\u0142o\u015b\u0107 miasta. Dziedzictwo architektoniczne obfituje w kiosku ze \u017ar\u00f3d\u0142ami w dzielnicy R\u00f6thenbach, domach z muru pruskiego, kt\u00f3re wyznaczaj\u0105 rynek \u2014 gdzie dawny sasko-czeski urz\u0105d celny regulowa\u0142 kiedy\u015b handel \u2014 oraz imponuj\u0105c\u0105 obecno\u015b\u0107 zamku Sch\u00f6nberg na wzg\u00f3rzu powy\u017cej. Ka\u017cdy budynek przypomina warstwy rozwoju feudalnego, przemys\u0142owego i ery uzdrowiskowej, kt\u00f3re ukszta\u0142towa\u0142y krajobraz miasta.<\/p>\n<p>Inicjatywy ochrony przyrody dodaj\u0105 Bad Brambach kolejny wymiar atrakcyjno\u015bci. W powiecie Raunergrund stacja po\u015bwi\u0119cona ma\u0142\u017com per\u0142or\u00f3dkowym interpretuje dawn\u0105 warto\u015b\u0107 ekonomiczn\u0105 gatunku i obecne znaczenie ekologiczne. Dwukilometrowy \u201eSzlak ma\u0142\u017cy per\u0142or\u00f3dkowych\u201d prowadzi do s\u0105siedniej czeskiej wioski Sohl, podczas gdy s\u0105siednia stacja hodowlana obs\u0142uguje projekt ochrony gatunk\u00f3w ArKoNaVera, kt\u00f3rego zadaniem jest ochrona fauny odpowiedzialnej na szczeblu krajowym. Dzia\u0142ania te podkre\u015blaj\u0105 zaanga\u017cowanie regionu w r\u00f3\u017cnorodno\u015b\u0107 biologiczn\u0105 i wsp\u00f3\u0142prac\u0119 transgraniczn\u0105.<\/p>\n<p>Tradycja sportowa w Bad Brambach si\u0119ga lat 50. XX wieku, kiedy klub firmowy BSG Brambacher Sprudel ust\u0105pi\u0142 miejsca BSG Empor Bad Brambach. Po zjednoczeniu, obecne stowarzyszenie, SSV Bad Brambach, powsta\u0142o, aby wspiera\u0107 pi\u0142k\u0119 no\u017cn\u0105, gimnastyk\u0119 i inne wsp\u00f3lne aktywno\u015bci. W latach ubieg\u0142ych skoczkowie narciarscy sprawdzali swoje nerwy na Wachtbergschanze, Adolf-Hayer-Schanze i Pionierschanze \u2014 trzech skoczniach, kt\u00f3re kiedy\u015b o\u017cywia\u0142y sezon zimowy dreszczykiem emocji podczas lotu i rytmem wydr\u0105\u017conych \u015blad\u00f3w na \u015bniegu.<\/p>\n<p>\u0141\u0105cz\u0105c swoje \u015bredniowieczne korzenie, przemiany przemys\u0142owe, bogate w minera\u0142y wody i zalesione otoczenie, Bad Brambach prezentuje studium ci\u0105g\u0142o\u015bci i zmiany. Ewolucja miasta \u2014 od ufortyfikowanej osady i ko\u015bcielnego centrum do producenta wody mineralnej, od XIX-wiecznego o\u015brodka rzemie\u015blniczego do XX-wiecznego uzdrowiska \u2014 \u015bwiadczy o jego zdolno\u015bci do ponownego wynalezienia. Dzi\u015b jest to wiejskie uzdrowisko, kt\u00f3re r\u00f3wnowa\u017cy medyczn\u0105 rygorystyczno\u015b\u0107 z kulturow\u0105 autentyczno\u015bci\u0105, gdzie pudrowy zapach sosny miesza si\u0119 ze s\u0142abym rezonansem dzwon\u00f3w ko\u015bcielnych i wszechobecn\u0105 obietnic\u0105 uzdrowienia, kt\u00f3ra p\u0142ynie z sze\u015bciu trwa\u0142ych \u017ar\u00f3de\u0142. W tym po\u0142\u0105czeniu historii, natury i tradycji terapeutycznej Bad Brambach oferuje zar\u00f3wno wytchnienie, jak i refleksj\u0119, zapraszaj\u0105c odwiedzaj\u0105cych do udzia\u0142u w jego cicho rozwijaj\u0105cej si\u0119 narracji.<\/p>","protected":false},"excerpt":{"rendered":"<p>Bad Brambach, uzdrowisko uznane przez pa\u0144stwo, po\u0142o\u017cone w regionie Vogtland, jest najbardziej wysuni\u0119t\u0105 na po\u0142udnie gmin\u0105 w Saksonii w Niemczech. Bad Brambach, niewielkie, ale znane uzdrowisko, wypracowa\u0142o sobie wyj\u0105tkow\u0105 pozycj\u0119 w turystyce zdrowotnej i terapii naturalnej.<\/p>","protected":false},"author":1,"featured_media":17544,"parent":13736,"menu_order":0,"comment_status":"closed","ping_status":"closed","template":"elementor_theme","meta":{"_eb_attr":"","footnotes":""},"class_list":["post-16569","page","type-page","status-publish","has-post-thumbnail"],"_links":{"self":[{"href":"https:\/\/travelshelper.com\/pl\/wp-json\/wp\/v2\/pages\/16569","targetHints":{"allow":["GET"]}}],"collection":[{"href":"https:\/\/travelshelper.com\/pl\/wp-json\/wp\/v2\/pages"}],"about":[{"href":"https:\/\/travelshelper.com\/pl\/wp-json\/wp\/v2\/types\/page"}],"author":[{"embeddable":true,"href":"https:\/\/travelshelper.com\/pl\/wp-json\/wp\/v2\/users\/1"}],"replies":[{"embeddable":true,"href":"https:\/\/travelshelper.com\/pl\/wp-json\/wp\/v2\/comments?post=16569"}],"version-history":[{"count":0,"href":"https:\/\/travelshelper.com\/pl\/wp-json\/wp\/v2\/pages\/16569\/revisions"}],"up":[{"embeddable":true,"href":"https:\/\/travelshelper.com\/pl\/wp-json\/wp\/v2\/pages\/13736"}],"wp:featuredmedia":[{"embeddable":true,"href":"https:\/\/travelshelper.com\/pl\/wp-json\/wp\/v2\/media\/17544"}],"wp:attachment":[{"href":"https:\/\/travelshelper.com\/pl\/wp-json\/wp\/v2\/media?parent=16569"}],"curies":[{"name":"wp","href":"https:\/\/api.w.org\/{rel}","templated":true}]}}