{"id":16563,"date":"2024-09-23T12:55:14","date_gmt":"2024-09-23T12:55:14","guid":{"rendered":"https:\/\/travelshelper.com\/staging\/?page_id=16563"},"modified":"2026-03-12T00:19:58","modified_gmt":"2026-03-12T00:19:58","slug":"bad-berka","status":"publish","type":"page","link":"https:\/\/travelshelper.com\/pl\/destinations\/europe\/germany\/bad-berka\/","title":{"rendered":"Bad Berka"},"content":{"rendered":"<p>Po\u0142o\u017cone w\u015br\u00f3d \u0142agodnie faluj\u0105cych wzg\u00f3rz Ilm-Saale-Platte w \u015brodkowych Niemczech, Bad Berka jest miastem licz\u0105cym nieco poni\u017cej 8000 mieszka\u0144c\u00f3w, rozci\u0105gaj\u0105cym si\u0119 na obszarze oko\u0142o 27,4 km\u00b2. Po\u0142o\u017cone dwana\u015bcie kilometr\u00f3w na po\u0142udnie od Weimaru i dwadzie\u015bcia kilometr\u00f3w na zach\u00f3d od Jeny, zajmuje zielon\u0105 dolin\u0119 wyrze\u017abion\u0105 przez rzek\u0119 Ilm w nowym czerwonym piaskowcu. Od 2008 r. granice gminy obejmuj\u0105 dawn\u0105 wie\u015b Gutendorf, \u0142\u0105cz\u0105c sze\u015b\u0107 innych dzielnic i tworz\u0105c krajobraz, kt\u00f3ry na przemian obejmuje ogrody uzdrowiskowe, grunty rolne i g\u0119ste lasy \u015bwierkowe i bukowe.<\/p>\n<p>To\u017csamo\u015b\u0107 Bad Berka zosta\u0142a ukszta\u0142towana wok\u00f3\u0142 jej leczniczych w\u00f3d. Pocz\u0105tki przemys\u0142u uzdrowiskowego mo\u017cna prze\u015bledzi\u0107 do za\u0142o\u017cenia k\u0105pieli siarkowej w 1813 r., zainspirowanej odkryciem bogatego w \u017celazo \u017ar\u00f3d\u0142a \u201eStahlquelle\u201d w 1807 r. Pozyskiwanie tych w\u00f3d zar\u00f3wno do k\u0105pieli, jak i terapii pitnych by\u0142o promowane przez lokalnych wizjoner\u00f3w we wsp\u00f3\u0142pracy z Johannem Wolfgangiem von Goethe, kt\u00f3rzy u\u017cyczyli miastu nieformalnej nazwy \u201eDas Goethebad im Gr\u00fcnen\u201d. Do 2002 r. jego dziedzictwo zosta\u0142o formalnie uznane za \u201ePa\u0144stwowe Uzdrowisko z O\u015brodkiem Zdrowia \u0179r\u00f3d\u0142a Mineralnego\u201d. Z czasem plac\u00f3wki si\u0119 rozrasta\u0142y: w 1952 r. powsta\u0142a klinika gru\u017alicy, kt\u00f3ra przekszta\u0142ci\u0142a si\u0119 w Zentralklinik \u2014 o\u015brodek medyczny znany w ca\u0142ej Europie \u2014 a upadek muru berli\u0144skiego zapocz\u0105tkowa\u0142 powstanie klinik rehabilitacyjnych Median w 1994 i 1997 r., oferuj\u0105cych kompleksowe leczenie nast\u0119pcze.<\/p>\n<p>Pomimo skromnych rozmiar\u00f3w, Bad Berka od dawna jest splecione z niemieckimi nurtami kulturowymi. W latach 1812\u20131828 sam Goethe mieszka\u0142 u Heinricha Friedricha Sch\u00fctza, kt\u00f3rego dawny dom przetrwa\u0142 do dzi\u015b jako \u201eDom Goethego\u201d, ma\u0142e muzeum dokumentuj\u0105ce \u017cycie organisty-nauczyciela Berki i jego patrona. Powtarzaj\u0105ce si\u0119 przyp\u0142ywy i odp\u0142ywy wybitnych osobisto\u015bci odwiedzaj\u0105cych uzdrowisko da\u0142y pocz\u0105tek wspania\u0142ym neoklasycystycznym budowlom: odbudowany ratusz Clemensa Wenzeslausa Coudraya z 1817 r. stanowi podstaw\u0119 rynku, wyr\u00f3\u017cnia si\u0119 zegarem faz ksi\u0119\u017cyca, podczas gdy Dom Coudraya (1825) s\u0142u\u017cy\u0142 jako punkt centralny bal\u00f3w, koncert\u00f3w i rozrywek teatralnych przed przekszta\u0142ceniem w interaktywne muzeum uzdrowiskowe. W pobli\u017cu znajduje si\u0119 59-metrowy budynek Armory \u2014 niegdy\u015b sk\u0142adnica ksi\u0105\u017c\u0119cego ekwipunku my\u015bliwskiego \u2014 obecnie mie\u015bci bibliotek\u0119, archiwa, sal\u0119 wsp\u00f3lnotow\u0105 i restauracj\u0119.<\/p>\n<p>Pozosta\u0142o\u015bci \u015bredniowiecznej Berki przetrwa\u0142y w wewn\u0119trznym dziedzi\u0144cu Starego Zamku: fosa, fragmenty mur\u00f3w i zadaszona garderoba wskazuj\u0105 na rang\u0119 hrabi\u00f3w Berki przed ich przeniesieniem do pa\u0142acu na szczycie wzg\u00f3rza pod koniec XIII wieku. Barokowy \u201eEdelhof\u201d, wzniesiony w 1786 roku, przekszta\u0142ci\u0142 si\u0119 z ksi\u0105\u017c\u0119cego pawilonu my\u015bliwskiego w pensjonat dla bogatych go\u015bci uzdrowiskowych; Goethe i jego \u017cona Christiane zatrzymali si\u0119 tam podczas kuracji w 1814 roku. Architektura ko\u015bcielna odzwierciedla wielowarstwow\u0105 histori\u0119 miasta: ewangelicki ko\u015bci\u00f3\u0142 \u015bw. Marii zajmuje dawne tereny klasztoru cysterek, a jego gotycka wschodnia \u015bciana przetrwa\u0142a po\u017car z 1608 roku, kt\u00f3ry op\u00f3\u017ani\u0142 budow\u0119 barokowej nawy do 1739\u201341. Ma\u0142y ko\u015bci\u00f3\u0142 katolicki pochodz\u0105cy z 1918 roku przy drodze Tannroda \u015bwiadczy o ewoluuj\u0105cej mapie duchowej Bad Berka.<\/p>\n<p>Naturalne \u015brodowisko otaczaj\u0105ce miasto wzmacnia jego reputacj\u0119 jako o\u015brodka odnowy. \u015acie\u017cka rowerowa w dolinie Ilm i certyfikowany szlak turystyczny Thuringian Three Towers przecinaj\u0105 obszar chroniony o powierzchni 150 km\u00b2, podczas gdy park uzdrowiskowy rozci\u0105ga si\u0119 na rz\u0119dach trawnik\u00f3w, wrzosowisk i os\u0142oni\u0119tych gaj\u00f3w. Instalacje Kneippa \u2014 przy fontannie Goethego, Dammbachsgrund i Gottesbr\u00fcnnlein \u2014 oferuj\u0105 hydroterapie wodne do k\u0105pieli st\u00f3p i spacer\u00f3w. Na szczycie Adelsberg, wie\u017ca Pauline Tower (1884) oferuje panoramiczne widoki na tury\u0144sk\u0105 wie\u015b, a jej platforma jest skromn\u0105 nagrod\u0105 za dwudziestosze\u015bciometrowe podej\u015bcie.<\/p>\n<p>Po\u0142\u0105czenia transportowe Bad Berka zaprzeczaj\u0105 jego niewielkim rozmiarom. Dwie stacje na Ilm Valley Railway \u0142\u0105cz\u0105 g\u0142\u00f3wne miasto i s\u0105siedni okr\u0119g M\u00fcnchen z Weimarem i Kranichfeld. Przez gmin\u0119 przebiegaj\u0105 autostrady federalne B85 i B87, chocia\u017c w ostatnich dekadach odcinki tych ostatnich zosta\u0142y przeklasyfikowane na drogi krajowe. Sze\u015b\u0107 kilometr\u00f3w na p\u00f3\u0142noc znajduj\u0105 si\u0119 skrzy\u017cowania Nohra i Weimar autostrady A4, a ma\u0142e lotnisko obs\u0142uguje pilot\u00f3w szybowcowych i okazjonalne loty czarterowe.<\/p>\n<p>Historycznie rzecz bior\u0105c, losy miasta odzwierciedla\u0142y losy ca\u0142ego regionu. W \u015bredniowieczu klasztor cysters\u00f3w rozkwita\u0142 od 1251 r. a\u017c do reformacji, a jego ko\u015bci\u00f3\u0142 opactwa stanowi\u0142 podstaw\u0119 p\u00f3\u017aniejszych struktur ko\u015bcielnych. Wcielone do Wielkiego Ksi\u0119stwa Saksonii-Weimaru-Eisenach w Cesarstwie Niemieckim, Bad Berka przetrwa\u0142o wojenne zak\u0142\u00f3cenia: zak\u0142ady naftowe i podziemna fabryka pracy przymusowej uczyni\u0142y je celem podczas kampanii naftowej aliant\u00f3w w 1945 r. Bombardowania alianckie 31 marca, 5 kwietnia i 9 kwietnia pozostawi\u0142y za sob\u0105 ofiary w\u015br\u00f3d cywil\u00f3w i \u017co\u0142nierzy, upami\u0119tnione dzi\u015b stelami pami\u0105tkowymi na cmentarzu miejskim \u2014 grobami 23 ofiar i tablicami upami\u0119tniaj\u0105cymi przesiedle\u0144c\u00f3w i poleg\u0142ych \u017co\u0142nierzy ameryka\u0144skich.<\/p>\n<p>Ewolucja administracyjna miasta zmieni\u0142a r\u00f3wnie\u017c jego kontury wsp\u00f3lnotowe. Reforma tury\u0144ska z 1994 r. po\u0142\u0105czy\u0142a Berk\u0119 z dawniej niezale\u017cnymi wioskami Tannroda, Bergern, Schoppendorf, Meckfeld i Tiefengruben, a Gutendorf do\u0142\u0105czy\u0142 w grudniu 2008 r. Ka\u017cda dzielnica wnosi unikalne zabytki: Bergern jest gospodarzem wiejskiego ko\u015bcio\u0142a \u201eZum Kripplein Christi\u201d, kt\u00f3rego wn\u0119trze zosta\u0142o odnowione przez artyst\u0119 Matta Lamba; Tannroda zachowuje Tury\u0144skie Muzeum Koszykarstwa, \u015bwiadectwo regionalnego rzemios\u0142a; Meckfeld i Tiefengruben zachowuj\u0105 spokojny, rolniczy charakter.<\/p>\n<p>\u017bycie kulturalne w Bad Berka pozostaje zakotwiczone w dziedzictwie uzdrowiskowym i naturalnym otoczeniu. Od 1996 r. coroczny festiwal Party.San Open Air przyci\u0105ga mi\u0142o\u015bnik\u00f3w heavy metalu na otwarte pola na obrze\u017cach miasta. Bardziej tradycyjnie tury\u0144skie s\u0105 dwuletni Festiwal Fontann \u2014 z procesjami, fajerwerkami nad parkiem uzdrowiskowym i wieczornym spektaklem \u201eLiszt in the Green\u201d, gdzie o\u015bwietlone drzewa towarzysz\u0105 nagranym utworom fortepianowym z weimarskiej akademii muzycznej \u2014 oraz Festiwal Latawc\u00f3w na lotnisku szybowcowym. Sch\u00fctzenfest w parku uzdrowiskowym dodaje do kalendarza widowisko klubu my\u015bliwskiego, podczas gdy mniejsze do\u017cynki i uroczysto\u015bci powiatowe podkre\u015blaj\u0105 pory roku lokaln\u0105 serdeczno\u015bci\u0105.<\/p>\n<p>W samym parku uzdrowiskowym Fontanna Goethego zachowuje swoje bogate w \u017celazo wody z 1835 r., zacieniona przez zabytkowe wille i przeplatana torfowiskami pochodz\u0105cymi z wrzosowisk. Rze\u017aby Adolfa Br\u00fctta \u2014 popiersie Goethego w niszy ogrodowej \u2014 i Brunona Eyermanna \u2014 grupa k\u0105pi\u0105cych si\u0119 dodana w 1946 r. \u2014 o\u017cywiaj\u0105 dziedzictwo \u017ar\u00f3de\u0142. Niedaleko, dawne sanatorium \u201eSchloss Harth\u201d, zainaugurowane w 1905 r. pod has\u0142em \u201eMens sana in corpore sano\u201d, s\u0142u\u017cy obecnie jako Tury\u0144ski Instytut Kszta\u0142cenia Nauczycieli, Rozwoju Program\u00f3w Nauczania i Medi\u00f3w, odzwierciedlaj\u0105c transformacj\u0119 z o\u015brodka zdrowia w centrum edukacyjne.<\/p>\n<p>W swojej kompaktowej formie Bad Berka oferuje wyj\u0105tkowe po\u0142\u0105czenie tradycji medycznej, skojarze\u0144 literackich i naturalnego odosobnienia. Pr\u0105d rzeki Ilm p\u0142ynie staro\u017cytnymi szlakami przez piaskowcowe \u015bciany; drewniane dachy i neoklasycystyczne fasady trwaj\u0105 obok stalowych pami\u0105tek wojny. Odwiedzaj\u0105cy mog\u0105 w\u0119drowa\u0107 \u015bcie\u017ckami wrzosowisk, zatrzymywa\u0107 si\u0119 przy marmurowych popiersiach lub wspina\u0107 si\u0119, aby ogl\u0105da\u0107 \u015bwit nad odleg\u0142ymi lasami. Jednak w sercu miasta pozostaje ono zdefiniowane przez \u017ar\u00f3d\u0142o, kt\u00f3re najpierw przynios\u0142o nadziej\u0119 chorym na gru\u017alic\u0119, a p\u00f3\u017aniej zwr\u00f3ci\u0142o uwag\u0119 Goethego \u2014 wod\u0119, kt\u00f3ra nadal kszta\u0142tuje \u017cycie spo\u0142eczno\u015bci, praktyk\u0119 medyczn\u0105 i spokojne rytmy istnienia uzdrowiska.<\/p>","protected":false},"excerpt":{"rendered":"<p>Bad Berka, atrakcyjne niemieckie uzdrowisko po\u0142o\u017cone w po\u0142udniowej cz\u0119\u015bci Weimaru w Turyngii, z populacj\u0105 oko\u0142o 8000 mieszka\u0144c\u00f3w, co czyni je drugim co do wielko\u015bci miastem w okr\u0119gu Weimarer Land. To malownicze miasto, po\u0142o\u017cone wzd\u0142u\u017c rzeki Ilm i otoczone zielonymi lasami \u015bwierkowymi i bukowymi, ma dziedzictwo historyczne si\u0119gaj\u0105ce XIII wieku. Jego strategiczne po\u0142o\u017cenie, zaledwie 12 kilometr\u00f3w na po\u0142udnie od Weimaru, znacz\u0105co wp\u0142yn\u0119\u0142o na jego rozw\u00f3j kulturalny i gospodarczy na przestrzeni lat.<\/p>","protected":false},"author":1,"featured_media":17504,"parent":13736,"menu_order":0,"comment_status":"closed","ping_status":"closed","template":"elementor_theme","meta":{"_eb_attr":"","footnotes":""},"class_list":["post-16563","page","type-page","status-publish","has-post-thumbnail"],"_links":{"self":[{"href":"https:\/\/travelshelper.com\/pl\/wp-json\/wp\/v2\/pages\/16563","targetHints":{"allow":["GET"]}}],"collection":[{"href":"https:\/\/travelshelper.com\/pl\/wp-json\/wp\/v2\/pages"}],"about":[{"href":"https:\/\/travelshelper.com\/pl\/wp-json\/wp\/v2\/types\/page"}],"author":[{"embeddable":true,"href":"https:\/\/travelshelper.com\/pl\/wp-json\/wp\/v2\/users\/1"}],"replies":[{"embeddable":true,"href":"https:\/\/travelshelper.com\/pl\/wp-json\/wp\/v2\/comments?post=16563"}],"version-history":[{"count":0,"href":"https:\/\/travelshelper.com\/pl\/wp-json\/wp\/v2\/pages\/16563\/revisions"}],"up":[{"embeddable":true,"href":"https:\/\/travelshelper.com\/pl\/wp-json\/wp\/v2\/pages\/13736"}],"wp:featuredmedia":[{"embeddable":true,"href":"https:\/\/travelshelper.com\/pl\/wp-json\/wp\/v2\/media\/17504"}],"wp:attachment":[{"href":"https:\/\/travelshelper.com\/pl\/wp-json\/wp\/v2\/media?parent=16563"}],"curies":[{"name":"wp","href":"https:\/\/api.w.org\/{rel}","templated":true}]}}