{"id":16545,"date":"2024-09-23T12:31:13","date_gmt":"2024-09-23T12:31:13","guid":{"rendered":"https:\/\/travelshelper.com\/staging\/?page_id=16545"},"modified":"2026-03-12T00:13:07","modified_gmt":"2026-03-12T00:13:07","slug":"bad-aibling","status":"publish","type":"page","link":"https:\/\/travelshelper.com\/pl\/destinations\/europe\/germany\/bad-aibling\/","title":{"rendered":"Bad Aibling"},"content":{"rendered":"<p>Po\u0142o\u017cone na brzegach rzeki Mangfall, oko\u0142o 56 kilometr\u00f3w na po\u0142udniowy wsch\u00f3d od Monachium, Bad Aibling zajmuje powierzchni\u0119 41,55 kilometr\u00f3w kwadratowych na wysoko\u015bci 498 metr\u00f3w nad poziomem morza i jest domem dla oko\u0142o 18 000 mieszka\u0144c\u00f3w. To bawarskie uzdrowisko, kt\u00f3rego nazwa po raz pierwszy pojawi\u0142a si\u0119 w anna\u0142ach z 804 r. jako \u201eEpininga\u201d, ewoluowa\u0142o przez tysi\u0105clecia osadnictwa ludzkiego w miejsce, w kt\u00f3rym bogactwo geologiczne, dziedzictwo architektoniczne i echa historii zbiegaj\u0105 si\u0119 w r\u00f3wnym stopniu.<\/p>\n<p>Od oko\u0142o 500 r. p.n.e. do 15 r. p.n.e. plemiona celtyckie uprawia\u0142y \u017cyzne r\u00f3wniny i zalesione obrze\u017ca wok\u00f3\u0142 Mangfall, pozostawiaj\u0105c \u015blady swojego rolniczego i rytualnego \u017cycia. Przybycie rzymskich okupant\u00f3w w I wieku p.n.e. wprowadzi\u0142o nowe drogi i podstawow\u0105 infrastruktur\u0119, jednak to migracja Bawarczyk\u00f3w w V wieku n.e. ustanowi\u0142a kulturowe fundamenty, kt\u00f3re s\u0105 nadal namacalne w dialekcie i zwyczajach miasta. W \u015bredniowieczu osada \u2014 odnotowana w 1166 r. jako \u201eAibilingen\u201d w Codex diplomaticus Falkensteinensis \u2014 s\u0142u\u017cy\u0142a jako o\u015brodek administracyjny w domenie hrabi\u00f3w Falkenstein. Po wyga\u015bni\u0119ciu linii Neuburg-Falkenstein terytorium to przesz\u0142o w r\u0119ce dynastii Wittelsbach\u00f3w, kt\u00f3rej wp\u0142yw ukszta\u0142towa\u0142 znaczn\u0105 cz\u0119\u015b\u0107 p\u00f3\u017aniejszego krajobrazu politycznego i architektonicznego Bawarii.<\/p>\n<p>Dopiero w po\u0142owie XIX wieku Bad Aibling zacz\u0119\u0142o budowa\u0107 swoj\u0105 reputacj\u0119 jako miejsce docelowe dla zdrowia i dobrego samopoczucia. W 1845 roku lekarz Desiderius Beck zapocz\u0105tkowa\u0142 zabiegi lecznicze z wykorzystaniem obfitego torfu w mie\u015bcie, oferuj\u0105c k\u0105piele w mi\u0105\u017cszu torfowym, kt\u00f3re sta\u0142y si\u0119 kamieniem w\u0119gielnym turystyki medycznej. W ci\u0105gu pi\u0119ciu dekad rosn\u0105ce uznanie dla tych zabieg\u00f3w sk\u0142oni\u0142o Bawari\u0119 do nadania miastu przedrostka \u201eBad\u201d, formalnie uznaj\u0105c je w\u015br\u00f3d niemieckich miast uzdrowiskowych i zdrojowych w 1895 roku. Pokolenie p\u00f3\u017aniej, w 1933 roku, Bad Aibling uzyska\u0142o pe\u0142ny status miejski, nabywaj\u0105c zar\u00f3wno struktury administracyjne, jak i to\u017csamo\u015b\u0107 obywatelsk\u0105 pasuj\u0105c\u0105 do nowoczesnego miasta.<\/p>\n<p>Burzliwe lata II wojny \u015bwiatowej i jej nast\u0119pstwa odcisn\u0119\u0142y pi\u0119tno na Bad Aibling. W 1945 r. miasto go\u015bci\u0142o o\u015brodek POW Discharge Center #26, przez kt\u00f3ry niemieccy je\u0144cy wojenni wracali z niewoli alianckiej. Do 1946 r. teren bazy lotniczej sta\u0142 si\u0119 obozem dla os\u00f3b przesiedlonych dla cz\u0142onk\u00f3w Kr\u00f3lewskiej Armii Jugos\u0142owia\u0144skiej pod administracj\u0105 UNRRA, a p\u00f3\u017aniej IRO. Od 1948 r. do ko\u0144ca 1951 r. Wioska Dzieci\u0119ca IRO dawa\u0142a schronienie ponad 2300 dzieciom i m\u0142odzie\u017cy bez opieki, reprezentuj\u0105cym ponad dwadzie\u015bcia narodowo\u015bci \u2014 co czyni\u0142o j\u0105 najwi\u0119kszym tego typu obiektem w strefie okupacyjnej USA. W kolejnych dekadach dawny kompleks wojskowy przekszta\u0142ci\u0142 si\u0119 w punkt centralny organizacji wywiadowczych. Najbardziej rzucaj\u0105cym si\u0119 w oczy pozosta\u0142o\u015bci\u0105 tego rozdzia\u0142u by\u0142a stacja wywiadowcza ECHELON obs\u0142ugiwana przez si\u0142y ameryka\u0144skie; jego os\u0142ony radar\u00f3w, b\u0119d\u0105ce od dawna symbolem globalnego nadzoru, zosta\u0142y przekazane w 2005 r. Bundesnachrichtendienst (BND), kt\u00f3ra nadal ich u\u017cywa we wsp\u00f3\u0142pracy z Narodow\u0105 Agencj\u0105 Bezpiecze\u0144stwa.<\/p>\n<p>Uzupe\u0142niaj\u0105c swoj\u0105 historyczn\u0105 powag\u0119, nowoczesna infrastruktura spa Bad Aibling stanowi serce jego gospodarki i codziennego \u017cycia. We wrze\u015bniu 2007 r., po udanym odwiercie w poszukiwaniu wody termalnej w 2002 r., miasto zainaugurowa\u0142o swoje Thermae \u2014 kopulaste sanktuarium bogatych w minera\u0142y k\u0105pielisk termalnych i kompleksowy kompleks saun zaprojektowany przez Behnisch Architekten ze Stuttgartu. Z o\u015bmioma r\u00f3\u017cnymi do\u015bwiadczeniami w saunach \u2014 od kom\u00f3r z dodatkiem eukaliptusa po odosobnione chaty z bali \u2014 i dodaniem p\u0142ywaj\u0105cej sauny na \u0142odzi mieszkalnej zacumowanej na Triftbach we wrze\u015bniu 2017 r., Thermae obs\u0142uguje prawie 300 000 go\u015bci rocznie. W\u0142\u0105czenie technologii ultrafiltracji do uzdatniania wody, uznanie \u017ar\u00f3d\u0142a Desiderius za \u017ar\u00f3d\u0142o lecznicze w 2008 r. i rozbudowa cichych pokoi w grudniu 2015 r. podkre\u015blaj\u0105 zaanga\u017cowanie Bad Aibling w najnowocze\u015bniejsze odnowa biologiczna. Nawet kryzys w pa\u017adzierniku 2015 r., kiedy wypadek z u\u017cyciem chloru gazowego spowodowa\u0142 tymczasowe obra\u017cenia u dziesi\u0119ciu go\u015bci, spowodowa\u0142 szybkie dochodzenie i zaostrzenie protoko\u0142\u00f3w bezpiecze\u0144stwa.<\/p>\n<p>Oferta rekreacyjna miasta wykracza daleko poza wody termalne. Wiosn\u0105 2008 r. obok spa otwarto basen zewn\u0119trzny \u2014 sk\u0142adaj\u0105cy si\u0119 z basenu sportowego, basenu z atrakcjami i basenu dla dzieci z placem zabaw. Harthausen, jedna z dzielnic Bad Aibling, utrzymuje w\u0142asny kompleks basenowy, podczas gdy basen Hermann Buhl Training and Research Center obs\u0142uguje zar\u00f3wno kluby sportowe, jak i lokalne szko\u0142y. Ka\u017cdej zimy, od pa\u017adziernika do marca, lodowisko oferuje jazd\u0119 na \u0142y\u017cwach i hokej, goszcz\u0105c lokaln\u0105 dru\u017cyn\u0119 EHC Bad Aibling, kt\u00f3ra rywalizuje w South\/West Regional League. Obok Thermae, 31-miejscowy park kamper\u00f3w po\u0142o\u017cony przy Triftbach zapewnia ca\u0142odobowy dost\u0119p do le\u015bnego odpoczynku. \u017bycie sportowe toczy si\u0119 r\u00f3wnie\u017c na boiskach i kortach TuS Bad Aibling: \u017ce\u0144ska dru\u017cyna koszyk\u00f3wki \u2013 znana w sezonie 2014\/15 jako Fireballs \u2013 na kr\u00f3tko awansowa\u0142a do Frauen-Bundesligi, ale w sezonie 2015\/16 odzyska\u0142a miejsce w najwy\u017cszej klasie rozgrywkowej dzi\u0119ki niepokonanym wynikom, natomiast \u017ce\u0144ska dru\u017cyna pi\u0142karska gra w Bayernlidze.<\/p>\n<p>Przemys\u0142 w Bad Aibling ma swoje korzenie w \u017ar\u00f3d\u0142ach mineralnych, ale rozga\u0142\u0119zia si\u0119 na r\u00f3\u017cne sektory. Hotele uzdrowiskowe i kliniki rehabilitacyjne s\u0105 kotwic\u0105 gospodarki opieki zdrowotnej, podczas gdy firmy z bran\u017cy farmaceutycznej, tekstylnej, elektrotechnicznej, produkcji tworzyw sztucznych i przetw\u00f3rstwa mlecznego podsycaj\u0105 komercyjn\u0105 witalno\u015b\u0107 miasta. A od 2009 r. Echelon Open Air &amp; Indoor Festival \u2014 coroczne sierpniowe spotkanie fan\u00f3w muzyki electro, techno i house \u2014 przyci\u0105gn\u0105\u0142 oko\u0142o 25 000 go\u015bci na teren nieczynnej stacji ECHELON, przekszta\u0142caj\u0105c miejsce tajnego nadzoru w miejsce wsp\u00f3lnego \u015bwi\u0119towania.<\/p>\n<p>Podr\u00f3\u017cni przyje\u017cd\u017caj\u0105 drog\u0105 l\u0105dow\u0105 lub kolej\u0105. Zjazd z autostrady A8 Bad Aibling i droga krajowa 2078 \u0142\u0105cz\u0105 miasto z Monachium i Rosenheim, podczas gdy otwarta w 2000 r. po\u0142udniowa obwodnica \u2014 cz\u0119\u015bciowo tunelowana \u2014 w celu odci\u0105\u017cenia ruchu przelotowego pozostaje przedmiotem debaty, a jej ulice jednokierunkowe i objazdy mieszkalne sk\u0142aniaj\u0105 do apeli o p\u00f3\u0142nocn\u0105 drog\u0119 odci\u0105\u017caj\u0105c\u0105. Przeprojektowanie Marienplatz inspirowane przestrzeni\u0105 wsp\u00f3ln\u0105 w 2012 r. mia\u0142o na celu zr\u00f3wnowa\u017cenie potrzeb pojazd\u00f3w i pieszych, chocia\u017c samochody zachowuj\u0105 formalny priorytet. Na Mangfall Valley Railway centralnie po\u0142o\u017cona stacja Bad Aibling i nowszy przystanek Bad Aibling Kurpark (otwarty we wrze\u015bniu 2009 r.) \u0142\u0105cz\u0105 mieszka\u0144c\u00f3w i go\u015bci z Monachium, Holzkirchen i Rosenheim. Dwie powa\u017cne kolizje na tej linii \u2014 jedna w 1945 r. i druga 9 lutego 2016 r. \u2014 spowodowa\u0142y \u015bmier\u0107 \u0142\u0105cznie siedemnastu os\u00f3b i ponad dziewi\u0119\u0107dziesi\u0119ciu rannych, co sk\u0142oni\u0142o do przeprowadzenia gruntownego remontu bezpiecze\u0144stwa. Lokalny transport publiczny obejmuje us\u0142ug\u0119 Moorexpress w stylu dziedzictwa, \u0142\u0105cz\u0105c\u0105 szpitale, hotele i Thermae, a tak\u017ce sie\u0107 autobus\u00f3w RVO na liniach 276, 277, 343 i innych, a tak\u017ce dzia\u0142ania Max Hollinger na trasach 341, 344, 345 i 346. Od grudnia 2023 r. ca\u0142y obszar miejski znajduje si\u0119 w strefie taryfowej MVV 6.<\/p>\n<p>W granicach miasta le\u017cy dwadzie\u015bcia sze\u015b\u0107 dzielnic, kt\u00f3rych nazwy to: Abel, Adlfurt, Bad Aibling Mitte, Berbling, Ellmosen, Fachendorf, Gr\u00f6ben, Harthausen, Haslach, Heimathsberg, Heinrichsdorf, Holzhausen, K\u00f6ckbrunn, Markfeld, Mietraching, Mitterham, Moos, Natternberg, Thalacker, Th\u00fcrham, Unterheufeld, Weg, Westen, Westerham, Willing i Zell \u2014 mapuj\u0105 mozaik\u0119 wiosek, park\u00f3w zdrojowych i wiosek wiejskich, kt\u00f3re wtapiaj\u0105 si\u0119 w otaczaj\u0105c\u0105 przyrod\u0119.<\/p>\n<p>Zabytki kultury s\u0105 kotwic\u0105 Bad Aibling w czasie. Centralny Marienplatz, zdefiniowany przez eleganck\u0105 kolumn\u0119 maryjn\u0105 wzniesion\u0105 w podzi\u0119kowaniu za uwolnienie od zarazy, przylega do zabytkowego ratusza na zachodzie i Kirchzeile na wschodzie, gdzie Zamek Prantseck i Ko\u015bci\u00f3\u0142 \u015bw. Sebastiana g\u00f3ruj\u0105 po\u015br\u00f3d szeregu odrestaurowanych dom\u00f3w miejskich zacienionych drzewami. Grzbiet Hofberg, zwie\u0144czony ko\u015bcio\u0142em parafialnym z kopu\u0142\u0105 w kszta\u0142cie cebuli, stanowi p\u00f3\u0142nocn\u0105 granic\u0119 placu. Na po\u0142udniu ogrody uzdrowiskowe \u2014 rozplanowane bez formalnych przegr\u00f3d \u2014 \u0142\u0105cz\u0105 trawniki, ogr\u00f3d wrzosowiskowy i ogr\u00f3d zapachowy i dotykowy wok\u00f3\u0142 spokojnego stawu Irlachweiher. Tutaj wielopokoleniowa strefa fitness, kort tenisowy i pole do minigolfa sprzyjaj\u0105 letnim festiwalom, koncertom i wydarzeniom kulturalnym, kt\u00f3re \u0142\u0105cz\u0105 spo\u0142eczno\u015b\u0107 z miejscem.<\/p>\n<p>Lokalne muzeum historyczne, prowadzone przez Historical Society od 1931 r., zachowuje narracj\u0119 miasta: rustykalne meble, r\u0119kodzie\u0142o z epoki i pieczo\u0142owicie odtworzony warsztat bednarski i blacharski przywodz\u0105 na my\u015bl \u017cycie przedindustrialne, podczas gdy Marbacher Stube \u2014 z renesansowymi panelami i kasetonowym sufitem \u2014 przenosi zwiedzaj\u0105cych do wczesnonowo\u017cytnych salon\u00f3w. Najwa\u017cniejszym punktem jest pracownia Wilhelma Leibla, malarza realisty, kt\u00f3ry mieszka\u0142 w Berbling i Bad Aibling od 1873 r.; zwr\u00f3cona miastu przez burmistrza Konrada Adenauera z Kolonii, przestrze\u0144 ta odzwierciedla zar\u00f3wno dziedzictwo artystyczne, jak i dum\u0119 wsp\u00f3lnoty.<\/p>\n<p>Po ca\u0142ym Bad Aibling rozsiane s\u0105 dalsze \u015blady jego przesz\u0142o\u015bci: ruiny hotelu spa Ludwigsbad, kt\u00f3ry sp\u0142on\u0105\u0142 w 2007 r. i zosta\u0142 zburzony w 2011 r.; zesp\u00f3\u0142 secesyjny na Meggendorferstrasse; pomnik Teresy upami\u0119tniaj\u0105cy po\u017cegnanie kr\u00f3lowej matki Teresy z jej synem, Ottonem I Grekiem; zamek Prantshausen na Marienplatz; i wiejska osada Maxlrainer Hof. Ka\u017cda budowla, czy to zniszczona, czy odrestaurowana, przyczynia si\u0119 do warstwowego krajobrazu miasta, w kt\u00f3rym wsp\u00f3\u0142istniej\u0105 \u015bredniowieczne kamienie i nowoczesne szk\u0142o.<\/p>\n<p>Przez ca\u0142y okres swojej ewolucji \u2014 od celtyckiej polany do rzymskiej plac\u00f3wki, od \u015bredniowiecznego centrum administracyjnego do nowoczesnego uzdrowiska \u2014 Bad Aibling zachowa\u0142o poczucie odkrywania zakorzenione w obserwacji, a nie w widowisku. Jego torfowe wody i \u017ar\u00f3d\u0142a mineralne oferuj\u0105 namacaln\u0105 ulg\u0119 dla cia\u0142a i umys\u0142u; jego architektura i przestrzenie publiczne zapewniaj\u0105 spokojne chwile refleksji; a jego festiwale i wydarzenia sportowe wywodz\u0105 si\u0119 z lokalnej inicjatywy, a nie z zewn\u0119trznego szumu. W ka\u017cdej dzielnicy i wzd\u0142u\u017c ka\u017cdej \u015bcie\u017cki spacerowej p\u0142ynie sta\u0142e tempo miejsca dostosowanego zar\u00f3wno do jego dziedzictwa, jak i przysz\u0142ych perspektyw. Bad Aibling nie krzyczy o swoich zaletach; ujawnia je poprzez celowe rozwijanie historii, natury i wsp\u00f3lnego wysi\u0142ku, zapraszaj\u0105c odwiedzaj\u0105cych nie do pogoni za ekscytacj\u0105, ale do bycia \u015bwiadkami subtelnej interakcji ziemi, kultury i dobrobytu, kt\u00f3ra definiuje ten zak\u0105tek Bawarii.<\/p>","protected":false},"excerpt":{"rendered":"<p>Bad Aibling, atrakcyjne uzdrowisko po\u0142o\u017cone w Bawarii, w Niemczech, licz\u0105ce oko\u0142o 18 000 mieszka\u0144c\u00f3w. Po\u0142o\u017cone 56 kilometr\u00f3w na po\u0142udniowy wsch\u00f3d od Monachium, to malownicze miejsce znajduje si\u0119 na wysoko\u015bci 498 metr\u00f3w nad poziomem morza i obejmuje obszar 41,55 kilometr\u00f3w kwadratowych. Korzystne po\u0142o\u017cenie miasta nad rzek\u0105 Mangfall zwi\u0119ksza jego atrakcyjno\u015b\u0107 jako po\u017c\u0105danego celu podr\u00f3\u017cy dla mi\u0142o\u015bnik\u00f3w zdrowia i dobrego samopoczucia.<\/p>","protected":false},"author":1,"featured_media":17527,"parent":13736,"menu_order":0,"comment_status":"closed","ping_status":"closed","template":"elementor_theme","meta":{"_eb_attr":"","footnotes":""},"class_list":["post-16545","page","type-page","status-publish","has-post-thumbnail"],"_links":{"self":[{"href":"https:\/\/travelshelper.com\/pl\/wp-json\/wp\/v2\/pages\/16545","targetHints":{"allow":["GET"]}}],"collection":[{"href":"https:\/\/travelshelper.com\/pl\/wp-json\/wp\/v2\/pages"}],"about":[{"href":"https:\/\/travelshelper.com\/pl\/wp-json\/wp\/v2\/types\/page"}],"author":[{"embeddable":true,"href":"https:\/\/travelshelper.com\/pl\/wp-json\/wp\/v2\/users\/1"}],"replies":[{"embeddable":true,"href":"https:\/\/travelshelper.com\/pl\/wp-json\/wp\/v2\/comments?post=16545"}],"version-history":[{"count":0,"href":"https:\/\/travelshelper.com\/pl\/wp-json\/wp\/v2\/pages\/16545\/revisions"}],"up":[{"embeddable":true,"href":"https:\/\/travelshelper.com\/pl\/wp-json\/wp\/v2\/pages\/13736"}],"wp:featuredmedia":[{"embeddable":true,"href":"https:\/\/travelshelper.com\/pl\/wp-json\/wp\/v2\/media\/17527"}],"wp:attachment":[{"href":"https:\/\/travelshelper.com\/pl\/wp-json\/wp\/v2\/media?parent=16545"}],"curies":[{"name":"wp","href":"https:\/\/api.w.org\/{rel}","templated":true}]}}