{"id":16218,"date":"2024-09-22T18:20:15","date_gmt":"2024-09-22T18:20:15","guid":{"rendered":"https:\/\/travelshelper.com\/staging\/?page_id=16218"},"modified":"2026-03-11T22:53:01","modified_gmt":"2026-03-11T22:53:01","slug":"jachymov","status":"publish","type":"page","link":"https:\/\/travelshelper.com\/pl\/destinations\/europe\/czech-republic\/jachymov\/","title":{"rendered":"J\u00e1chymov"},"content":{"rendered":"<p>Po\u0142o\u017cony wysoko w G\u00f3rach Rudawskich wzd\u0142u\u017c granicy czesko-niemieckiej, J\u00e1chymov zajmuje w\u0105sk\u0105 dolin\u0119 na wysoko\u015bci 733 metr\u00f3w nad poziomem morza, otoczon\u0105 wznosz\u0105cymi si\u0119 szczytami, takimi jak Kl\u00ednovec (1244 m) i Bo\u017e\u00eddarsk\u00fd \u0160pi\u010d\u00e1k (1115 m). Pomimo obecnej populacji wynosz\u0105cej oko\u0142o 2300 os\u00f3b, zniszczone fasady miasta i strome, kr\u0119te uliczki przypominaj\u0105 epok\u0119, w kt\u00f3rej plasowa\u0142o si\u0119 ono w\u015br\u00f3d najwi\u0119kszych o\u015brodk\u00f3w miejskich w Kr\u00f3lestwie Czech. Zbie\u017cno\u015b\u0107 bogactw mineralnych, pionierskiej metalurgii i uzdrowisk nada\u0142y temu miejscu dalekosi\u0119\u017cny wp\u0142yw \u2014 jego srebrne monety da\u0142y nazw\u0119 talarowi, a ostatecznie dolarowi; jego uran jest \u015bwiadkiem zar\u00f3wno prze\u0142om\u00f3w naukowych, jak i ludzkiej tragedii; a jego bogate w radon \u017ar\u00f3d\u0142a daj\u0105 pocz\u0105tek pierwszym na \u015bwiecie leczniczym k\u0105pielom opartym na radioaktywnych wodach.<\/p>\n<p>J\u00e1chymov zaczyna\u0142 jako bezimienna kotlina znana po niemiecku po prostu jako \u201eThal\u201d, czyli \u201edolina\u201d. Zmieni\u0142o si\u0119 to w 1516 r., kiedy Steffan Schlick za\u0142o\u017cy\u0142 osad\u0119 pod nazw\u0105 Sankt Joachimsthal \u2013 \u201eDolina \u015awi\u0119tego Joachima\u201d \u2013 p\u00f3\u017aniej zczechizowan\u0105 na J\u00e1chymov. Strome \u015bciany doliny nosz\u0105 \u015blady stuleci wydobycia, podczas gdy zalesione zbocza wznosz\u0105 si\u0119 w kierunku grzbiet\u00f3w, kt\u00f3re kiedy\u015b wyznacza\u0142y szlaki handlowe mi\u0119dzy Czechami a Saksoni\u0105. Obecnie miasto jest podzielone na pi\u0119\u0107 cz\u0119\u015bci miejskich \u2013 J\u00e1chymov w\u0142a\u015bciwy, Mari\u00e1nsk\u00e1, Nov\u00e9 M\u011bsto, Such\u00e1 i Vr\u0161ek \u2013 ka\u017cda z nich odzwierciedla warstwy rozwoju, kt\u00f3re towarzyszy\u0142y kolejnym falom g\u00f3rnik\u00f3w, szlacheckich patron\u00f3w, a p\u00f3\u017aniej odwiedzaj\u0105cych w poszukiwaniu zdrowia.<\/p>\n<p>Odkrycie rudy srebra w 1512 r. niemal z dnia na dzie\u0144 odmieni\u0142o J\u00e1chymov. Pod patronatem rodziny Schlick nast\u0105pi\u0142 szybki wzrost populacji i w 1534 r. miasto liczy\u0142o oko\u0142o 20 000 mieszka\u0144c\u00f3w, co czyni\u0142o je drugim pod wzgl\u0119dem liczby ludno\u015bci miastem w Czechach. Monety sta\u0142y si\u0119 centralnym punktem lokalnego przemys\u0142u: od 1520 r. srebrne monety znane jako Joachimsthalers by\u0142y wybijane z pras menniczych mieszcz\u0105cych si\u0119 w kr\u00f3lewskim obiekcie zbudowanym w latach 1533\u20131536. Te \u201etalery\u201d kr\u0105\u017cy\u0142y po ca\u0142ej Europie, a ich nazwa zmieni\u0142a si\u0119 w \u201etolar\u201d po czesku, \u201edaalder\u201d po holendersku i ostatecznie \u201edollar\u201d po angielsku. Kiedy Ferdynand I przej\u0105\u0142 prawa g\u00f3rnicze w 1528 r., hrabiowie Schlick stracili monopol, jednak legenda Joachimsthalera przetrwa\u0142a, a jej j\u0119zykowe dziedzictwo przetrwa\u0142o w walutach na ca\u0142ym \u015bwiecie.<\/p>\n<p>Pot\u0119\u017cne operacje hutnicze J\u00e1chymova przyci\u0105gn\u0119\u0142y Georgiusa Agricol\u0119, niemieckiego lekarza i przyrodnika, kt\u00f3rego obserwacje w latach 1527\u20131531 po\u0142o\u017cy\u0142y podwaliny pod nowoczesn\u0105 mineralogi\u0119. Udokumentowa\u0142 projekty piec\u00f3w, techniki oddzielania rudy i chemi\u0119 wytopu, publikuj\u0105c swoje odkrycia w De re metallica (1556). Praca Agricoli mia\u0142a poprowadzi\u0107 pokolenia metalurg\u00f3w. Jednak same procesy, kt\u00f3re wzbogaci\u0142y Czechy, nios\u0142y ze sob\u0105 r\u00f3wnie\u017c niebezpiecze\u0144stwa: g\u00f3rnicy wdychali szkodliwy py\u0142 i znosili ci\u0119\u017ckie warunki, zapowiadaj\u0105c p\u00f3\u017aniejsze doniesienia o chorobach zawodowych.<\/p>\n<p>Przewroty religijne rzuci\u0142y cie\u0144 na dobrobyt Jachymowa. Miasto przyj\u0119\u0142o luteranizm w latach dwudziestych XVI wieku, buduj\u0105c ko\u015bci\u00f3\u0142 \u015bw. Joachima (1534\u20131540) jako pierwsze protestanckie sanktuarium w Kr\u00f3lestwie Czech. Podczas wojny szmalkaldzkiej wojska saskie zaj\u0119\u0142y dolin\u0119, a po kontrreformacji w 1621 r. wiele rodzin lutera\u0144skich uciek\u0142o na terytoria saskie. Nast\u0119pnie przewa\u017ca\u0142y obrz\u0105dki katolickie, a Jachym\u00f3w sta\u0142 si\u0119 o\u015brodkiem okr\u0119gu Habsburg\u00f3w w Austro-W\u0119grzech a\u017c do rozpadu imperium w 1918 r. Podczas gdy srebro pozostawa\u0142o wa\u017cne przez ca\u0142y XVIII wiek, rozszerzone wydobycie niklu, bizmutu, o\u0142owiu, arsenu, kobaltu, cyny, a w XIX wieku uranu, zr\u00f3\u017cnicowa\u0142o lokaln\u0105 gospodark\u0119 wydobywcz\u0105.<\/p>\n<p>W po\u0142owie XIX wieku opr\u00f3cz g\u00f3rnictwa pojawi\u0142y si\u0119 nowe ga\u0142\u0119zie przemys\u0142u: w 1856 i 1860 roku otwarto odpowiednio pigmenty uranowe i fabryk\u0119 tytoniu. W 1873 roku niszczycielski po\u017car zniszczy\u0142 du\u017ce po\u0142acie miejskiego centrum. Rekonstrukcja wprowadzi\u0142a fasady barokowe i neoklasycystyczne na zachowanych renesansowych muszlach. Dom patrycjuszowski nr 131, pochodz\u0105cy z oko\u0142o 1520 roku, mie\u015bci\u0142 kiedy\u015b najstarsz\u0105 aptek\u0119 w Czechach. Ratusz, pierwotnie wzniesiony w latach trzydziestych XVI wieku na dawnej rezydencji Schlicka, zyska\u0142 rozkwit w stylu secesyjnym w latach 1901\u20131902 i obecnie mie\u015bci rzadk\u0105 \u0142aci\u0144sk\u0105 bibliotek\u0119 szkoln\u0105 w sklepionym piwnicy.<\/p>\n<p>W 1898 roku na ha\u0142dzie uranowej Maria Sk\u0142odowska-Curie odkry\u0142a nowy pierwiastek \u2014 rad \u2014 kt\u00f3ry uczyni\u0142 z J\u00e1chymov g\u0142\u00f3wne \u017ar\u00f3d\u0142o tego cennego metalu na \u015bwiecie a\u017c do I wojny \u015bwiatowej. Dziesi\u0119\u0107 lat p\u00f3\u017aniej, w 1929 roku, praski internista dr Josef L\u00f6wy powi\u0105za\u0142 \u201etajemnicze emanacje\u201d w kopalniach z rakiem p\u0142uc u g\u00f3rnik\u00f3w. Pomimo ulepszonej wentylacji, system\u00f3w zraszania wod\u0105 i wy\u017cszych wynagrodze\u0144 zachorowalno\u015b\u0107 pozosta\u0142a wysoka. Opublikowane sprawozdania z tego okresu odnotowuj\u0105 \u015bredni\u0105 d\u0142ugo\u015b\u0107 \u017cycia wynosz\u0105c\u0105 oko\u0142o czterdziestu dw\u00f3ch lat w\u015br\u00f3d pracownik\u00f3w uranowych. Te ponure statystyki zapowiada\u0142y mroczniejsze rozdzia\u0142y XX wieku.<\/p>\n<p>Po uk\u0142adzie monachijskim z 1938 r. Jachymov zosta\u0142 zaanektowany przez nazistowskie Niemcy. Uran wydobywany w latach 1939\u20131945 podsyca\u0142 ambicje nuklearne Trzeciej Rzeszy \u2014 ostatecznie nieudane w budowie dzia\u0142aj\u0105cego reaktora. Jednocze\u015bnie wok\u00f3\u0142 kopalni powstawa\u0142y obozy pracy przymusowej. Radzieccy je\u0144cy wojenni znosili brutalne warunki, podobnie jak czescy wi\u0119\u017aniowie polityczni przetrzymywani po 1948 r. pod rz\u0105dami komunist\u00f3w. G\u00f3rnictwo trwa\u0142o do 1964 r., pozostawiaj\u0105c po sobie spu\u015bcizn\u0119 ska\u017cenia \u015brodowiska i ludzi.<\/p>\n<p>R\u00f3wnolegle do dziedzictwa g\u00f3rniczego, J\u00e1chymov piel\u0119gnowa\u0142 tradycj\u0119 hydroterapii. \u0179r\u00f3d\u0142o z wod\u0105 zawieraj\u0105c\u0105 radon zosta\u0142o odkryte w 1864 roku, ale dopiero w 1906 roku otwarto pierwsze w Europie uzdrowisko radonowe. Wzorowane na pobliskich Karlowych Warach i Maria\u0144skich \u0141a\u017aniach, Centrum Uzdrowiskowe Agricola (1906\u20131911) wykorzystywa\u0142o radioaktywno\u015b\u0107 \u017ar\u00f3d\u0142a \u2014 opieraj\u0105c si\u0119 na kwestionowanej hipotezie hormezy radiacyjnej \u2014 do leczenia schorze\u0144 neurologicznych, chor\u00f3b reumatycznych, chor\u00f3b sk\u00f3ry, a nawet schorze\u0144 metabolicznych, takich jak dna moczanowa i cukrzyca. Obecnie, pod nadzorem lekarza, go\u015bcie zanurzaj\u0105 si\u0119 w k\u0105pielach wype\u0142nionych rozpuszczonym radonem (\u00b2\u00b2\u00b2Rn), wierz\u0105c w jego dzia\u0142anie przeciwb\u00f3lowe i przeciwzapalne, pomimo trwaj\u0105cej debaty w spo\u0142eczno\u015bci naukowej.<\/p>\n<p>Poniewa\u017c wi\u0119kszo\u015b\u0107 operacji g\u00f3rniczych jest zamkni\u0119ta, kopalnia Svornost \u2014 za\u0142o\u017cona w 1525 r. \u2014 pozostaje najstarsz\u0105 czynn\u0105 kopalni\u0105 w Europie. W innym miejscu kompleks Eduard zosta\u0142 przekszta\u0142cony w o\u015brodek biathlonowy, oferuj\u0105cy mo\u017cliwo\u015b\u0107 uprawiania narciarstwa i strzelectwa na kilometrach tras. Wpisanie Jachymowa na list\u0119 \u015bwiatowego dziedzictwa UNESCO dla regionu g\u00f3rniczego Rudawy uznaje krajobraz kulturowy bogaty w zabytki techniki: szyby g\u00f3rnicze, ha\u0142dy \u017cu\u017clowe, huty i systemy zarz\u0105dzania wod\u0105. Muzeum Kr\u00f3lewskiej Mennicy w Jachymowie, mieszcz\u0105ce si\u0119 w budynku mennicy z XVI wieku, dokumentuje techniki bicia monet i histori\u0119 pieni\u0105dza. Kolumna Tr\u00f3jcy \u015awi\u0119tej (1703 r.) stoi na stra\u017cy na rynku miejskim, podczas gdy s\u0105siaduj\u0105cy Zamek Freudenstein \u2014 niegdy\u015b obronna twierdza zbudowana oko\u0142o 1520 r. \u2014 zachowa\u0142 dwie wie\u017ce (Wie\u017c\u0119 Schlicka i tzw. Prach\u00e1rn\u0119) ze swoich zrujnowanych wa\u0142\u00f3w obronnych.<\/p>\n<p>Strefa zabytk\u00f3w miejskich miasta zachowuje ci\u0105g\u0142y zesp\u00f3\u0142 dom\u00f3w mieszcza\u0144skich z misternymi portalami, kt\u00f3rych renesansowe rdzenie otoczone s\u0105 barokowymi i neoklasycystycznymi renowacjami. \u015awi\u0119te miejsca obejmuj\u0105 Ko\u015bci\u00f3\u0142 Wszystkich \u015awi\u0119tych (wczesny renesans, 1520), znany z cz\u0119\u015bci z muru pruskiego; Ko\u015bci\u00f3\u0142 \u015bw. Joachima, kt\u00f3ry ewoluowa\u0142 od swojego pierwotnego lutera\u0144skiego projektu poprzez barokow\u0105 renowacj\u0119 (1764\u20131785) i pseudogotyck\u0105 przebudow\u0119 po po\u017carze w latach 70. XIX wieku; oraz ko\u015bci\u00f3\u0142 ewangelicki (1904), godny uwagi przyk\u0142ad pseudorenesansowej formy. Architektura uzdrowiskowa dodatkowo wzbogaca tkank\u0119 miejsk\u0105: neoklasycystyczny Hotel Radium Palace (1912) go\u015bci\u0142 takie s\u0142awy jak kompozytor Richard Strauss, m\u0105\u017c stanu Tom\u00e1\u0161 G. Masaryk i kr\u00f3l Egiptu Fuad I. Pomnik autorstwa rze\u017abiarza Karla Lidickiego z 1966 r. upami\u0119tnia prac\u0119 ma\u0142\u017ce\u0144stwa Curie, a na nim widnieje inskrypcja informuj\u0105ca o dziedzictwie radowym J\u00e1chymowa.<\/p>\n<p>Dzisiejszy J\u00e1chymov \u0142\u0105czy w sobie pami\u0119\u0107 z rekreacj\u0105. Poniewa\u017c nie ma po\u0142\u0105czenia kolejowego, dojazd zapewnia droga I\/25, a do Karlowych War\u00f3w kursuje autobus. Zim\u0105 trzy o\u015brodki narciarskie \u2014 Novako, Kl\u00ednovec i Kl\u00ednovec\u2011Neklid \u2014 przyci\u0105gaj\u0105 mi\u0142o\u015bnik\u00f3w narciarstwa alpejskiego i bieg\u00f3w prze\u0142ajowych, a poligon w Eduard przypomina surow\u0105 przesz\u0142o\u015b\u0107 kopalni, przekszta\u0142con\u0105 w obiekt sportowy. Park wodny Georgius Agricola oferuje wypoczynek w pomieszczeniach, a jego nazwa oddaje ho\u0142d naukowemu przodkowi miasta. Otoczony g\u0119stymi lasami iglastymi i pastwiskami g\u00f3rskimi, J\u00e1chymov oferuje wielowarstwowe spotkanie: echo kilof\u00f3w g\u0142\u0119boko pod ziemi\u0105, zapach sosen w g\u00f3rskim powietrzu i st\u0142umiony szum nowoczesnych obiekt\u00f3w spa. Kamienne fasady i kr\u0119te uliczki miasta odzwierciedlaj\u0105 echa sztabek srebra, kot\u0142\u00f3w z roztopion\u0105 rud\u0105, laureat\u00f3w Nagrody Nobla i wi\u0119\u017ani\u00f3w, kt\u00f3rych \u017cycie zwi\u0105zane by\u0142o z podziemnymi \u017cy\u0142ami.<\/p>\n<p>Opowie\u015b\u0107 J\u00e1chymova nie jest ani nieprzerwanym triumfem, ani nieustaj\u0105c\u0105 tragedi\u0105, ale gobelinem ludzkich ambicji \u2014 ekonomicznych, naukowych, politycznych i terapeutycznych \u2014 wplecionych w nier\u00f3wny teren Rudaw. Jego monety ukszta\u0142towa\u0142y globalny handel; jego rad nap\u0119dza\u0142 zar\u00f3wno medyczny optymizm, jak i ludzkie cierpienie; jego \u017ar\u00f3d\u0142a podtrzymywa\u0142y wiar\u0119 w podziemne \u017ar\u00f3d\u0142a uzdrowienia. Dolina, kt\u00f3ra kiedy\u015b zrodzi\u0142a walut\u0119 o tej samej nazwie, teraz zaprasza do refleksji nad z\u0142o\u017con\u0105 wsp\u00f3\u0142zale\u017cno\u015bci\u0105 mi\u0119dzy zasobami, przemys\u0142em i spo\u0142eczno\u015bci\u0105. Po\u015br\u00f3d konturowych kamieni i zimowych mgie\u0142 J\u00e1chymov trwa jako \u015bwiadectwo adaptacji, pami\u0119ci i trwa\u0142ego rezonansu miejsca.<\/p>","protected":false},"excerpt":{"rendered":"<p>J\u00e1chymov, ma\u0142e uzdrowisko po\u0142o\u017cone w regionie Karlowych War\u00f3w w Czechach, ma populacj\u0119 oko\u0142o 2400 mieszka\u0144c\u00f3w. Ta historyczna osada, po\u0142o\u017cona w G\u00f3rach Rudawskich, wywar\u0142a znacz\u0105cy wp\u0142yw na histori\u0119 Europy, szczeg\u00f3lnie w g\u00f3rnictwie, ekonomii i naukach o zdrowiu.<\/p>","protected":false},"author":1,"featured_media":29465,"parent":14322,"menu_order":0,"comment_status":"closed","ping_status":"closed","template":"elementor_theme","meta":{"_eb_attr":"","footnotes":""},"class_list":["post-16218","page","type-page","status-publish","has-post-thumbnail"],"_links":{"self":[{"href":"https:\/\/travelshelper.com\/pl\/wp-json\/wp\/v2\/pages\/16218","targetHints":{"allow":["GET"]}}],"collection":[{"href":"https:\/\/travelshelper.com\/pl\/wp-json\/wp\/v2\/pages"}],"about":[{"href":"https:\/\/travelshelper.com\/pl\/wp-json\/wp\/v2\/types\/page"}],"author":[{"embeddable":true,"href":"https:\/\/travelshelper.com\/pl\/wp-json\/wp\/v2\/users\/1"}],"replies":[{"embeddable":true,"href":"https:\/\/travelshelper.com\/pl\/wp-json\/wp\/v2\/comments?post=16218"}],"version-history":[{"count":0,"href":"https:\/\/travelshelper.com\/pl\/wp-json\/wp\/v2\/pages\/16218\/revisions"}],"up":[{"embeddable":true,"href":"https:\/\/travelshelper.com\/pl\/wp-json\/wp\/v2\/pages\/14322"}],"wp:featuredmedia":[{"embeddable":true,"href":"https:\/\/travelshelper.com\/pl\/wp-json\/wp\/v2\/media\/29465"}],"wp:attachment":[{"href":"https:\/\/travelshelper.com\/pl\/wp-json\/wp\/v2\/media?parent=16218"}],"curies":[{"name":"wp","href":"https:\/\/api.w.org\/{rel}","templated":true}]}}