{"id":16212,"date":"2024-09-22T18:15:28","date_gmt":"2024-09-22T18:15:28","guid":{"rendered":"https:\/\/travelshelper.com\/staging\/?page_id=16212"},"modified":"2026-03-11T22:53:19","modified_gmt":"2026-03-11T22:53:19","slug":"franciszkowe-laznie","status":"publish","type":"page","link":"https:\/\/travelshelper.com\/pl\/destinations\/europe\/czech-republic\/frantiskovy-lazne\/","title":{"rendered":"Franciszkowe \u0141a\u017anie"},"content":{"rendered":"<p>Franciszkowe \u0141a\u017anie zajmuj\u0105 spokojny zak\u0105tek zachodnich Czech, pi\u0119\u0107 kilometr\u00f3w na p\u00f3\u0142noc od Chebu, w najbardziej na zach\u00f3d wysuni\u0119tym kra\u0144cu Kotliny Czebskiej. Jej \u0142agodne wzg\u00f3rza wznosz\u0105 si\u0119 na wysoko\u015b\u0107 nie wi\u0119ksz\u0105 ni\u017c 483 m n.p.m. w Na Sk\u00e1le, kryj\u0105 jednak bogat\u0105 sie\u0107 \u017ar\u00f3de\u0142 mineralnych, kt\u00f3rych s\u0142awa si\u0119ga wiek\u00f3w w przesz\u0142o\u015b\u0107. Dop\u0142yw Ohrzy, Slatinn\u00fd potok, wije si\u0119 przez gmin\u0119, mijaj\u0105c zesp\u00f3\u0142 o\u015bmiu osad \u2013 Franti\u0161kovy L\u00e1zn\u011b w\u0142a\u015bciwe (2 986 mieszka\u0144c\u00f3w), Aleje-Z\u00e1ti\u0161\u00ed (59), Dlouh\u00e9 Mosty (44), Doln\u00ed Lomany (235), Horn\u00ed Lomany (890), Krapice (47), Slatina (416) i \u017d\u00edrovice (355) \u2013 zanim znikn\u0119\u0142y w nizinie. Krajobraz urozmaicaj\u0105 stawy rybne, z kt\u00f3rych najwi\u0119kszy nosi nazw\u0119 Amerika. Zachodnia wyspa jest chronionym schronieniem dla migruj\u0105cych ptak\u00f3w wodnych, a wschodnie wybrze\u017ce s\u0142u\u017cy jako miejsce letniego wypoczynku.<\/p>\n<p>Wody tego regionu by\u0142y cenione co najmniej od ko\u0144ca XIV wieku, kiedy Georgius Agricola (1494\u20131555) odnotowa\u0142 s\u0142onych \u017ar\u00f3de\u0142, z kt\u00f3rych korzystali mieszka\u0144cy Cheb. W tamtych wczesnych latach lokalna tradycja dopuszcza\u0142a obywateli do studni zgodnie ze staro\u017cytnym zwyczajem; wod\u0119 nalewano do glinianych naczy\u0144 i wysy\u0142ano przez ca\u0142e imperium. Do 1700 roku sprzeda\u017c z tych \u017ar\u00f3de\u0142 podobno przewy\u017cszy\u0142a \u0142\u0105czn\u0105 produkcj\u0119 wszystkich \u00f3wczesnych uzdrowisk. Oko\u0142o 1705 roku obok \u017ar\u00f3d\u0142a, znanego p\u00f3\u017aniej jako Franzensquelle, powsta\u0142 zajazd, co oznacza\u0142o pierwsze skromne kroki w kierunku formalnego kurortu.<\/p>\n<p>Formalne za\u0142o\u017cenie nast\u0105pi\u0142o 27 kwietnia 1793 r., kiedy doktor Bernhard Adler (1753\u20131810) z Egeru (obecnie Cheb) uzyska\u0142 cesarskie pozwolenie na wytyczenie Kaiser Franzensdorf \u2014 wkr\u00f3tce znanego jako Franzensbad \u2014 na cze\u015b\u0107 cesarza Franciszka II. Adler nadzorowa\u0142 osuszanie bagiennych wrzosowisk, budow\u0119 k\u0142adek i wzniesienie pawilonu i zbiornika wodnego w Franzensquelle, wok\u00f3\u0142 kt\u00f3rego rozmie\u015bci\u0142 dwadzie\u015bcia cztery \u017ar\u00f3d\u0142a w ortogonalnej siatce. Jego wizja spotka\u0142a si\u0119 z zaciek\u0142ym oporem w tzw. Egerer Weibersturm, kiedy miejscowe kobiety, kt\u00f3rych utrzymanie zale\u017ca\u0142o od sprzeda\u017cy wody \u017ar\u00f3dlanej, zburzy\u0142y jego wczesne obiekty. Interwencja rady miejskiej Chebu st\u0142umi\u0142a niepokoje, a w po\u0142owie wieku Franzensbad sta\u0142 si\u0119 niezale\u017cn\u0105 gmin\u0105 (1852) z rozleg\u0142\u0105 sieci\u0105 promenad, pawilon\u00f3w i noclegowni dla go\u015bci poszukuj\u0105cych regeneruj\u0105cych w\u0142a\u015bciwo\u015bci jej w\u00f3d.<\/p>\n<p>W pierwszych dekadach istnienia kurortu patronowa\u0142y jedne z najwybitniejszych postaci epoki. Johann Wolfgang von Goethe odwiedza\u0142 go wielokrotnie; jego wra\u017cenia p\u00f3\u017aniej wyp\u0142yn\u0119\u0142y na powierzchni\u0119 w pami\u0119tniku Johannesa Urzidila z 1932 r., Goethe in B\u00f6hmen. Ludwig van Beethoven przyjecha\u0142 z rodzin\u0105 Brentano, a Johann Strauss Jr. przechadza\u0142 si\u0119 po ogrodach w rytm w\u0142asnych walc\u00f3w. Pielgrzymki literackie Bo\u017eeny N\u011bmcovej i Marie von Ebner\u2011Eschenbach \u2014 kt\u00f3rej nowela z 1858 r. Aus Franzensbad naszkicowa\u0142a \u017cycie towarzyskie kurortu \u2014 jeszcze bardziej podsyci\u0142y jego reputacj\u0119. Arcyksi\u0105\u017c\u0119 Karol I i cesarz Franciszek J\u00f3zef I udzielili cesarskiego patronatu, ten ostatni podni\u00f3s\u0142 Franzensbad do rangi miasta w 1865 r.<\/p>\n<p>Przez ca\u0142y XIX wiek rosyjscy magnaci i europejscy arystokraci przybywali t\u0142umnie do Franzensbad, przyci\u0105gni\u0119ci pionierskimi metodami leczenia, takimi jak k\u0105piele borowinowe, jedne z pierwszych tego typu na kontynencie. Publiczny dom uzdrowiskowy wzniesiony w 1827 roku oferowa\u0142 udogodnienia wsp\u00f3lne, podczas gdy prywatne wille i hotele wyrasta\u0142y wzd\u0142u\u017c g\u0142\u00f3wnych alei. Na prze\u0142omie wiek\u00f3w roczna frekwencja wzros\u0142a do prawie 20 000 pacjent\u00f3w i 80 000 turyst\u00f3w, kt\u00f3rzy przybywali powozami, a p\u00f3\u017aniej kolej\u0105 lini\u0105 Cheb\u2013Hof. Ortogonalny plan kurortu, przerywany zacienionymi alejkami i neoklasycystycznymi pawilonami, \u015bwiadczy\u0142 o o\u015bwieceniowych idea\u0142ach porz\u0105dku i dobrobytu.<\/p>\n<p>Upadek Austro\u2011W\u0119gier w 1918 r. zapocz\u0105tkowa\u0142 okres niepewno\u015bci. Jako cz\u0119\u015b\u0107 Czechos\u0142owacji, miasto do\u015bwiadczy\u0142o zmniejszenia si\u0119 tradycyjnej klienteli; Wielki Kryzys z 1929 r. zada\u0142 kolejny cios gospodarce uzdrowiskowej. W nast\u0119pstwie II wojny \u015bwiatowej ludno\u015b\u0107 niemieckoj\u0119zyczna zosta\u0142a wysiedlona na mocy dekret\u00f3w Bene\u0161a, a uzdrowisko \u2014 oficjalnie przemianowane na Franti\u0161kovy L\u00e1zn\u011b \u2014 zosta\u0142o znacjonalizowane pod rz\u0105dami komunist\u00f3w. Powsta\u0142a pa\u0144stwowa korporacja uzdrowiskowa, \u0142\u0105cz\u0105ca osiem dom\u00f3w uzdrowiskowych i hoteli z oko\u0142o 1500 \u0142\u00f3\u017ckami i obs\u0142uguj\u0105ca dwadzie\u015bcia cztery \u017ar\u00f3d\u0142a, z kt\u00f3rych dwana\u015bcie jest nadal w u\u017cyciu.<\/p>\n<p>Aksamitna rewolucja z 1989 r. zapocz\u0105tkowa\u0142a now\u0105 transformacj\u0119. Aktywa uzdrowiska zosta\u0142y przeniesione do sp\u00f3\u0142ki akcyjnej, kt\u00f3rej celem by\u0142o ponowne rozbudzenie mi\u0119dzynarodowego zainteresowania. Renowacja fasad z epoki cesarskiej, renowacja zabytkowych pawilon\u00f3w \u017ar\u00f3dlanych i modernizacja obiekt\u00f3w leczniczych trwaj\u0105 do dzi\u015b. W 1992 r. centrum miasta uzyska\u0142o ochron\u0119 jako miejski rezerwat zabytk\u00f3w. W 2021 r. UNESCO wpisa\u0142o Franciszkowe \u0141a\u017anie, wraz z Karlowymi Warami i Maria\u0144skimi \u0141a\u017aniami, na list\u0119 \u015bwiatowego dziedzictwa wielkich uzdrowisk Europy, w uznaniu naturalnych \u017ar\u00f3de\u0142 i architektury od wysokiego baroku do secesji, kt\u00f3ra ilustruje kult zdrowia i wypoczynku na kontynencie od XVIII do XX wieku.<\/p>\n<p>Obecnie schemat terapeutyczny pozostaje zakorzeniony w lokalnej geologii. Opady przedostaj\u0105 si\u0119 do warstw osadowych Kotliny Cheb, rozpuszczaj\u0105c dwutlenek w\u0119gla i sole mineralne, zanim pojawi\u0105 si\u0119 w dwudziestu trzech aktywnych \u017ar\u00f3d\u0142ach. Chocia\u017c sk\u0142ad chemiczny jest r\u00f3\u017cny, wszystkie wody maj\u0105 wysok\u0105 zawarto\u015b\u0107 rozpuszczonego kwasu w\u0119glowego. K\u0105piele hydrostatyczne wykorzystuj\u0105 te w\u0142a\u015bciwo\u015bci, aby poprawi\u0107 wydolno\u015b\u0107 uk\u0142adu sercowo-naczyniowego, \u0142agodnie obni\u017caj\u0105 ci\u015bnienie krwi i u\u0142atwiaj\u0105 kr\u0105\u017cenie krwi, jednocze\u015bnie \u0142agodz\u0105c przewlek\u0142e stany zapalne i przynosz\u0105c ulg\u0119 w schorzeniach reumatycznych. Lokalne zabiegi b\u0142otne \u0142\u0105cz\u0105 bod\u017ace termiczne, chemiczne i mechaniczne: podgrzana mieszanka b\u0142ota i wody mineralnej, stosowana na mi\u0119\u015bnie, zwi\u0119ksza ruchomo\u015b\u0107 i \u0142agodzi b\u00f3l poprzez stopniowe przenoszenie ciep\u0142a i wch\u0142anianie minera\u0142\u00f3w.<\/p>\n<p>Opr\u00f3cz zabieg\u00f3w uzdrowiskowych, dziedzictwo architektoniczne Franciszkowych \u0141a\u017ani zach\u0119ca do eksploracji. Neorenesansowy Dom Towarzyski (1877) stanowi centrum uzdrowiskowe, w kt\u00f3rym odbywaj\u0105 si\u0119 kongresy, formalne bale i znajduje si\u0119 kasyno w obr\u0119bie kolumnowych fasad i sklepionych wn\u0119trz. Kr\u00f3tki spacer na zach\u00f3d ods\u0142ania Ko\u015bci\u00f3\u0142 Podwy\u017cszenia Krzy\u017ca \u015awi\u0119tego (1815\u20131820), czysty przyk\u0142ad sakralnej architektury w stylu empire, wyr\u00f3\u017cniaj\u0105cy si\u0119 surowym portykiem i wyrafinowan\u0105 ornamentyk\u0105. Niedaleko znajduje si\u0119 Ko\u015bci\u00f3\u0142 \u015bw. Olgi (1887), kt\u00f3ry przywo\u0142uje rosyjski barok z cebulastymi kopu\u0142ami i z\u0142oconym ikonostasem, \u015bwiadectwem przybysz\u00f3w z carskich posiad\u0142o\u015bci, kt\u00f3rzy kiedy\u015b szukali tu wytchnienia. Ko\u015bci\u00f3\u0142 ewangelicki \u015bwi\u0119tych Piotra i Paw\u0142a (1875\u20131880) \u0142\u0105czy w sobie neoroma\u0144sk\u0105 bry\u0142\u0119 z wie\u017c\u0105 inspirowan\u0105 kubizmem, dobudowan\u0105 w latach 20. XX wieku, natomiast w Horn\u00edch Lomanach barokowy ko\u015bci\u00f3\u0142 \u015bw. Jakuba Wi\u0119kszego (1739\u20131741) stanowi pami\u0105tk\u0119 wiejskiego \u017cycia parafialnego przed uzdrowiskiem.<\/p>\n<p>Trasa kulturalna obejmuje wyst\u0119py i wystawy. Teatr Bo\u017eeny N\u011bmcovej, otwarty w 1868 r. i przebudowany w latach 1927\u20131928 w neoklasycystycznej formie z wn\u0119trzami w stylu art d\u00e9co, organizuje koncerty i lokalne przedstawienia pod freskami na sufitach. Muzeum Miejskie dokumentuje ewolucj\u0119 miasta od bagiennych spotka\u0144 przy \u017ar\u00f3dle do miejsca Belle \u00c9poque, podczas gdy prywatne Muzeum Motocykli i Samochod\u00f3w oferuje niszow\u0105 fascynacj\u0119 rzemios\u0142em mechanicznym i wzornictwem. Dla l\u017cejszej rekreacji park wodny Aquaforum oferuje nowoczesne baseny, zje\u017cd\u017calnie i apartamenty wellness, \u0142\u0105cz\u0105c przesz\u0142o\u015b\u0107 z tera\u017aniejszo\u015bci\u0105 poprzez rozrywk\u0119 wodn\u0105.<\/p>\n<p>Nowoczesny dojazd do Franciszkowych \u0141a\u017ani jest prosty. Droga I\/21 \u0142\u0105czy Cheb i autostrad\u0119 D6 z granic\u0105 niemieck\u0105 w Vojtanov, podczas gdy I\/64 odga\u0142\u0119zia si\u0119 w kierunku A\u0161, a I\/6 \u2014 kontynuuj\u0105c D6 \u2014 kieruje si\u0119 na po\u0142udnie w stron\u0119 Pomez\u00ed nad Oh\u0159\u00ed. Regularne poci\u0105gi przecinaj\u0105 lini\u0119 Cheb\u2013Hof, przywo\u017c\u0105c zar\u00f3wno go\u015bci uzdrowiskowych, jak i jednodniowych turyst\u00f3w do serca miasta.<\/p>\n<p>Cho\u0107 mieszka w nich zaledwie 5600 mieszka\u0144c\u00f3w, Franciszkowe \u0141a\u017anie przetrwa\u0142y jako \u015bwiadectwo skrzy\u017cowania krajobrazu i architektury, nauki i \u017cycia spo\u0142ecznego. W zadbanych promenadach i kolumnadach z kolumnami mo\u017cna dostrzec o\u015bwieceniow\u0105 wiar\u0119 w lecznicze moce natury. W obj\u0119ciach w\u00f3d mineralnych ka\u017cde nowe pokolenie odkrywa na nowo t\u0119 sam\u0105 spokojn\u0105 intensywno\u015b\u0107, kt\u00f3ra pi\u0119\u0107 wiek\u00f3w temu po raz pierwszy przyci\u0105gn\u0119\u0142a ciekawo\u015b\u0107 Georgiusa Agricoli. Tutaj, po\u015br\u00f3d spokojnych staw\u00f3w i pawilon\u00f3w z XVIII wieku, rytmy przesz\u0142o\u015bci i tera\u017aniejszo\u015bci zbiegaj\u0105 si\u0119 w cierpliwym rozwijaniu dobrego samopoczucia.<\/p>","protected":false},"excerpt":{"rendered":"<p>Franciszkowe \u0141a\u017anie to uzdrowisko po\u0142o\u017cone w powiecie Cheb w kraju karlowarskim w Czechach, licz\u0105ce oko\u0142o 5800 mieszka\u0144c\u00f3w. To miejsce, po\u0142o\u017cone oko\u0142o 5 km na p\u00f3\u0142noc od Chebu w regionie Egerland, jest znacz\u0105cym elementem zachodnioczeskiego tr\u00f3jk\u0105ta uzdrowiskowego, obok miast Karlowe Wary i Maria\u0144skie \u0141a\u017anie.<\/p>","protected":false},"author":1,"featured_media":18720,"parent":14322,"menu_order":0,"comment_status":"closed","ping_status":"closed","template":"elementor_theme","meta":{"_eb_attr":"","footnotes":""},"class_list":["post-16212","page","type-page","status-publish","has-post-thumbnail"],"_links":{"self":[{"href":"https:\/\/travelshelper.com\/pl\/wp-json\/wp\/v2\/pages\/16212","targetHints":{"allow":["GET"]}}],"collection":[{"href":"https:\/\/travelshelper.com\/pl\/wp-json\/wp\/v2\/pages"}],"about":[{"href":"https:\/\/travelshelper.com\/pl\/wp-json\/wp\/v2\/types\/page"}],"author":[{"embeddable":true,"href":"https:\/\/travelshelper.com\/pl\/wp-json\/wp\/v2\/users\/1"}],"replies":[{"embeddable":true,"href":"https:\/\/travelshelper.com\/pl\/wp-json\/wp\/v2\/comments?post=16212"}],"version-history":[{"count":0,"href":"https:\/\/travelshelper.com\/pl\/wp-json\/wp\/v2\/pages\/16212\/revisions"}],"up":[{"embeddable":true,"href":"https:\/\/travelshelper.com\/pl\/wp-json\/wp\/v2\/pages\/14322"}],"wp:featuredmedia":[{"embeddable":true,"href":"https:\/\/travelshelper.com\/pl\/wp-json\/wp\/v2\/media\/18720"}],"wp:attachment":[{"href":"https:\/\/travelshelper.com\/pl\/wp-json\/wp\/v2\/media?parent=16212"}],"curies":[{"name":"wp","href":"https:\/\/api.w.org\/{rel}","templated":true}]}}