{"id":16170,"date":"2024-09-22T15:02:20","date_gmt":"2024-09-22T15:02:20","guid":{"rendered":"https:\/\/travelshelper.com\/staging\/?page_id=16170"},"modified":"2026-03-11T22:31:09","modified_gmt":"2026-03-11T22:31:09","slug":"spa","status":"publish","type":"page","link":"https:\/\/travelshelper.com\/pl\/destinations\/europe\/belgium\/spa\/","title":{"rendered":"Spa"},"content":{"rendered":"<p>Spa zajmuje \u0142agodne zag\u0142\u0119bienie w masywie Arden\u00f3w, gdzie fa\u0142dy doliny Wayai ko\u0142ysz\u0105 osad\u0119, kt\u00f3rej nazwa sta\u0142a si\u0119 symbolem praktyki leczniczych k\u0105pieli na ca\u0142ym \u015bwiecie. Po\u0142o\u017cone oko\u0142o trzydziestu pi\u0119ciu kilometr\u00f3w na po\u0142udniowy wsch\u00f3d od Li\u00e8ge i czterdziestu pi\u0119ciu kilometr\u00f3w na po\u0142udniowy zach\u00f3d od Akwizgranu, miasto rozci\u0105ga si\u0119 na powierzchni oko\u0142o 39,85 kilometr\u00f3w kwadratowych. W 2006 roku jego ponad dziesi\u0119\u0107 tysi\u0119cy mieszka\u0144c\u00f3w mieszka\u0142o przy \u015bredniej g\u0119sto\u015bci 265 mieszka\u0144c\u00f3w na kilometr kwadratowy, ich domy by\u0142y skupione po\u015br\u00f3d krajobrazu zalesionych grzbiet\u00f3w i pag\u00f3rkowatych p\u00f3l. Jednak urok Spa wykracza poza zwyk\u0142e statystyki. Jego \u017ar\u00f3d\u0142a \u2014 w sumie ponad trzysta \u2014 przyci\u0105gaj\u0105 od wiek\u00f3w podr\u00f3\u017cnik\u00f3w szukaj\u0105cych ulgi i odnowy, daj\u0105c pocz\u0105tek trwa\u0142emu dziedzictwu zdrowia, wypoczynku i kulturowego wyr\u00f3\u017cnienia.<\/p>\n<p>S\u0142owo \u201espa\u201d obecnie oznacza ka\u017cdy o\u015brodek wypoczynkowo-rekreacyjny zbudowany wok\u00f3\u0142 \u017ar\u00f3de\u0142 mineralnych, ale jego pochodzenie le\u017cy w tym skromnym belgijskim miasteczku. Wcze\u015bni go\u015bcie m\u00f3wili o \u201eSpa\u201d jako o skr\u00f3towym okre\u015bleniu miejsca w\u00f3d leczniczych; z czasem miejsce to nada\u0142o nazw\u0119 samym wodom. Popularne opowie\u015bci przekszta\u0142ci\u0142y termin w \u0142aci\u0144ski akronim \u2014 sanitas per aqua \u2014 jednak \u017cadne wsp\u00f3\u0142czesne dowody nie potwierdzaj\u0105 takiego pochodzenia. Bardziej prawdopodobne jest, \u017ce s\u0142awa miasta po prostu przewy\u017cszy\u0142a jego granice, a \u201eSpa\u201d wesz\u0142o do leksykonu dobrego samopoczucia dzi\u0119ki cz\u0119stym pochwa\u0142om w dziennikach podr\u00f3\u017cnik\u00f3w i traktatach medycznych.<\/p>\n<p>Spa znajduje si\u0119 na wysoko\u015bci, kt\u00f3ra \u0142agodzi jego klimat, usadowione na skraju High Fens. Na p\u00f3\u0142nocy wznosz\u0105 si\u0119 zalesione szczyty Annette i Lubin; za nimi zalesiona przestrze\u0144 Arden\u00f3w g\u0119stnieje w niemal pierwotn\u0105 dzicz. Na wschodzie i zachodzie pola uprawne i pastwiska przerywaj\u0105 las, podczas gdy na po\u0142udniu wzg\u00f3rza opadaj\u0105 w kierunku Malchamps Moor. To tutaj, oko\u0142o cztery kilometry na po\u0142udniowy zach\u00f3d od centrum miasta, ostatnie opady deszczu filtruj\u0105 si\u0119 w d\u00f3\u0142 przez warstwy torfu, kwarcu i fyllitu, aby wy\u0142oni\u0107 si\u0119 jako lekka woda mineralna. G\u0142\u0119bsze \u201epouhons\u201d \u2014 naturalnie musuj\u0105ce \u017ar\u00f3d\u0142a \u2014 maj\u0105 sw\u00f3j pocz\u0105tek daleko poni\u017cej w wapiennych warstwach, gdzie deszcz, kt\u00f3ry spad\u0142 dziesi\u0105tki lat temu, powoli przesi\u0105ka, a\u017c zostanie uwolniony z cichym sykiem. Zestawienie powierzchniowych i podziemnych \u015bcie\u017cek tworzy r\u00f3\u017cnorodno\u015b\u0107 w\u00f3d, z kt\u00f3rych ka\u017cda jest ceniona za sw\u00f3j odr\u0119bny sk\u0142ad.<\/p>\n<p>Chocia\u017c Spa dzieli z wi\u0119kszo\u015bci\u0105 Belgii og\u00f3lne zarysy klimatu oceanicznego, jego wysoko\u015b\u0107 i po\u0142o\u017cenie w g\u0142\u0119bi l\u0105du zapewniaj\u0105 wi\u0119ksze ekstrema i kapry\u015bn\u0105 pogod\u0119. Lata maj\u0105 tendencj\u0119 do ch\u0142odu, podczas gdy zimy cz\u0119sto przynosz\u0105 mr\u00f3z i sporadyczny \u015bnieg. Opady deszczu s\u0105 cz\u0119ste, a nisko po\u0142o\u017cona mg\u0142a mo\u017ce otula\u0107 dolin\u0119 przez wiele dni, nadaj\u0105c miastu atmosfer\u0119 kontemplacji. Jednak Spa zazwyczaj cieszy si\u0119 nieznacznie wi\u0119ksz\u0105 ilo\u015bci\u0105 s\u0142o\u0144ca i nieznacznie mniejszymi opadami ni\u017c s\u0105siednie Stavelot lub Malmedy, subtelne nachylenie zawdzi\u0119cza schronieniu za wzg\u00f3rzami Arden\u00f3w.<\/p>\n<p>Zapisy dotycz\u0105ce \u017ar\u00f3de\u0142 Spa si\u0119gaj\u0105 co najmniej XVI wieku, kiedy to lekarze zacz\u0119li zauwa\u017ca\u0107 ich lecznicze w\u0142a\u015bciwo\u015bci. W XVIII wieku miasto rozkwit\u0142o i sta\u0142o si\u0119 o\u015brodkiem towarzyskim dla klas wy\u017cszych w Europie. W 1888 roku Spa zorganizowa\u0142o to, co obecnie uznaje si\u0119 za pierwszy wsp\u00f3\u0142czesny konkurs pi\u0119kno\u015bci, Concours de Beaut\u00e9, 19 wrze\u015bnia \u2014 ciekawe wydarzenie, podczas kt\u00f3rego paryscy arty\u015bci oceniali lokalne i przyjezdne uczestniczki, zapowiadaj\u0105c mi\u0119dzynarodowe konkursy, kt\u00f3re mia\u0142y si\u0119 odby\u0107 w XX wieku. W tej samej epoce eleganckie wille i promenady Spa rozrasta\u0142y si\u0119, aby pomie\u015bci\u0107 nap\u0142yw go\u015bci uzdrowiskowych, a ich fasady odzwierciedla\u0142y style od neoklasycyzmu po rodz\u0105c\u0105 si\u0119 secesj\u0119.<\/p>\n<p>Pojawienie si\u0119 kolei po\u0142\u0105czy\u0142o Spa z Theux, Verviers i Akwizgranem, u\u0142atwiaj\u0105c zar\u00f3wno turystyk\u0119, jak i handel. Dwie stacje \u2014 Spa i Spa-G\u00e9ronst\u00e8re \u2014 nadal wyznaczaj\u0105 dolin\u0119, przypominaj\u0105c o czasach, gdy poci\u0105gi by\u0142y podpor\u0105 europejskich podr\u00f3\u017cy. Szybkie po\u0142\u0105czenia drogowe, w tym trasy krajowe N62, N629 i N686, oraz blisko\u015b\u0107 autostrady A27 w Jalhay, podtrzyma\u0142y dost\u0119pno\u015b\u0107 Spa, poniewa\u017c podr\u00f3\u017c samochodem wypar\u0142a kolej jako dominuj\u0105cy \u015brodek transportu.<\/p>\n<p>Zabudowa uzdrowiska zachowuje warstwy jego przesz\u0142o\u015bci. \u00c9glise Saint-Remacle, cho\u0107 zbudowana w 1885 r., wiernie przywo\u0142uje p\u00f3\u017anorzymski styl wcze\u015bniejszych ko\u015bcio\u0142\u00f3w regionalnych. Jej ci\u0119\u017ckie przypory i zaokr\u0105glone \u0142uki przekazuj\u0105 poczucie solidno\u015bci, kt\u00f3re kontrastuje z eterycznymi oparami unosz\u0105cymi si\u0119 z pobliskich \u017ar\u00f3de\u0142. Po\u015br\u00f3d samych \u017ar\u00f3de\u0142 stoi Pouhon Pierre le Grand, pawilon nazwany na cze\u015b\u0107 cara Piotra Wielkiego, kt\u00f3ry odwiedzi\u0142 je w XVIII wieku i wychwala\u0142 w\u0142a\u015bciwo\u015bci lecznicze w\u00f3d. Jej emblematyczna kowalstwo i kamieniarstwo oprawiaj\u0105 bulgocz\u0105c\u0105 fontann\u0119, pot\u0119\u017cny symbol mi\u0119dzynarodowej s\u0142awy miasta.<\/p>\n<p>Obok \u017ar\u00f3d\u0142a stary budynek Bains de Spa \u2014 zamkni\u0119ty w 2005 r. \u2014 zosta\u0142 przekszta\u0142cony w luksusowy hotel od kwietnia 2025 r. Nowoczesny o\u015brodek spa w lesie wita teraz klient\u00f3w poszukuj\u0105cych zabieg\u00f3w termalnych, masa\u017cu i relaksu w otoczeniu dyskretnej elegancji. Na obrze\u017cach miasta g\u00f3ruje Villa royale Marie-Henriette, uko\u0144czona w 1863 r. dla kr\u00f3lowej Belgii. Obecnie mie\u015bci si\u0119 tam Mus\u00e9e de la ville d&#039;eaux, kt\u00f3rego zbiory przedstawiaj\u0105 powstanie Spa jako o\u015brodka hydroterapii, badaj\u0105c wczesne urz\u0105dzenia k\u0105pielowe, dziewi\u0119tnastowieczne pami\u0105tki medyczne i ewolucj\u0119 architektury uzdrowiskowej.<\/p>\n<p>Spotkania w Spa od dawna odzwierciedlaj\u0105 zmieniaj\u0105c\u0105 si\u0119 mod\u0119 i dynamik\u0119 spo\u0142eczn\u0105. Opr\u00f3cz pionierskiego konkursu pi\u0119kno\u015bci z 1888 r. miasto go\u015bci\u0142o koncerty, salony literackie i zgromadzenia dyplomatyczne \u2014 wydarzenia tak r\u00f3\u017cnorodne, jak sami go\u015bcie. W bardziej wsp\u00f3\u0142czesnych czasach Tour de France przyby\u0142 5 lipca 2010 r., kiedy to Etap 2 zako\u0144czy\u0142 si\u0119 w\u015br\u00f3d spokojnych ulic Spa, oferuj\u0105c rzadkie skrzy\u017cowanie elitarnego sportu i rytua\u0142u spa.<\/p>\n<p>Kasyno w mie\u015bcie, za\u0142o\u017cone w 1762 r. i roszcz\u0105ce sobie prawo do tytu\u0142u najstarszego na \u015bwiecie, pozostaje aktywnym uczestnikiem \u017cycia kulturalnego Spa. Jego sale gier i sale koncertowe przypominaj\u0105 epok\u0119, w kt\u00f3rej arystokraci i politycy obstawiali fortuny mi\u0119dzy promenad\u0105 a pawilonem. Dzisiaj Casino de Spa nadal przyci\u0105ga klient\u00f3w przyci\u0105ganych zar\u00f3wno historycznym rezonansem, jak i szans\u0105 na szcz\u0119\u015bcie.<\/p>\n<p>Tu\u017c na po\u0142udnie od wioski Francorchamps, Circuit de Spa-Francorchamps rozci\u0105ga si\u0119 na prawie siedem kilometr\u00f3w przez zalesiony teren. S\u0142ynie z falistego przebiegu i s\u0142ynnego zakr\u0119tu Eau Rouge, co roku w lipcu odbywa si\u0119 tu Grand Prix Belgii. Po wy\u015bcigu w 2024 roku, kt\u00f3ry odby\u0142 si\u0119 w dniach od 26 do 28 lipca, zespo\u0142y i widzowie przygotowuj\u0105 si\u0119 teraz do kolejnej edycji zaplanowanej na 25 do 27 lipca 2025 roku. Opr\u00f3cz Formu\u0142y 1, na torze odbywaj\u0105 si\u0119 zawody wytrzyma\u0142o\u015bciowe, takie jak 24-godzinny wy\u015bcig Spa i 1000-kilometrowy wy\u015bcig Spa, przyci\u0105gaj\u0105c zawodnik\u00f3w i fan\u00f3w, kt\u00f3rzy rozkoszuj\u0105 si\u0119 jego zmienn\u0105 pogod\u0105 i wymagaj\u0105cym uk\u0142adem.<\/p>\n<p>Granice miejskie Spa przylegaj\u0105 do granic Theux, Jalhay, Stavelot i Stoumont, co plasuje je w dystrykcie Verviers. Z prawie czterdziestu kilometr\u00f3w kwadratowych oko\u0142o 7,9 kilometr\u00f3w kwadratowych zajmuj\u0105 obszary miejskie i zabudowane, 5,6 km\u00b2 zajmuj\u0105 tereny rolnicze, a oko\u0142o 23,6 km\u00b2 lasy i tereny le\u015bne. Taki rozk\u0142ad zapewnia r\u00f3wnowag\u0119 mi\u0119dzy zamieszkaniem przez ludzi, produktywnymi gruntami i siedliskami naturalnymi, co daje \u015brodowisko cenione zar\u00f3wno pod wzgl\u0119dem rekreacji, jak i ochrony.<\/p>\n<p>Komercyjne butelkowanie wody mineralnej Spa rozpocz\u0119\u0142o si\u0119 pod koniec XIX wieku, a dzi\u015b woda marki \u201eSpa\u201d trafia na sto\u0142y w ca\u0142ej Europie i poza ni\u0105. Rynki eksportowe ceni\u0105 jej nisk\u0105 zawarto\u015b\u0107 minera\u0142\u00f3w, podczas gdy naturalnie gazowane pouhons dostarczaj\u0105 seltzer, kt\u00f3ry przetrwa\u0142 wielu na\u015bladowc\u00f3w. Lokalne przedsi\u0119biorstwa zarz\u0105dzaj\u0105 wychwytem \u017ar\u00f3de\u0142, butelkowaniem i dystrybucj\u0105, zapewniaj\u0105c, \u017ce podstawowe zasoby miasta pozostaj\u0105 zar\u00f3wno lokalnym \u017ar\u00f3d\u0142em utrzymania, jak i globalnym towarem.<\/p>\n<p>Poza wod\u0105 gospodarka Spa opiera si\u0119 na go\u015bcinno\u015bci i wydarzeniach. Hotele, pensjonaty i o\u015brodki spa obs\u0142uguj\u0105 go\u015bci przez ca\u0142y rok, chocia\u017c szczyt sezonu przypada na \u0142agodniejsz\u0105 pogod\u0119 latem i lipcowy Grand Prix. Konferencje i o\u015brodki odnowy biologicznej wype\u0142niaj\u0105 spokojniejsze miesi\u0105ce w mie\u015bcie, przyci\u0105gaj\u0105c stowarzyszenia zawodowe i grupy nastawione na zdrowie.<\/p>\n<p>W 2021 r. Spa zosta\u0142o wpisane na list\u0119 mi\u0119dzynarodowego \u015bwiatowego dziedzictwa UNESCO \u201eGreat Spa Towns of Europe\u201d. To wyr\u00f3\u017cnienie potwierdza wyj\u0105tkowe \u015bwiadectwo miasta dla rozwoju europejskiej kultury k\u0105pieli w XVIII i XIX wieku. Spa do\u0142\u0105cza do dziesi\u0119ciu innych miast w pi\u0119ciu krajach, kt\u00f3re wsp\u00f3lnie ilustruj\u0105, w jaki spos\u00f3b \u017ar\u00f3d\u0142a mineralne ukszta\u0142towa\u0142y form\u0119 miejsk\u0105, praktyki spo\u0142eczne i teori\u0119 medyczn\u0105. Wpis UNESCO podkre\u015bla zar\u00f3wno materialne aktywa \u2014 pawilony, promenady i wille \u2014 jak i niematerialne dziedzictwo, w tym tradycje k\u0105pieli i zwyczaje uzdrowiskowe, kt\u00f3re przetrwa\u0142y w zmodyfikowanej formie.<\/p>\n<p>Pomimo wiejskiego po\u0142o\u017cenia, Spa pozostaje dobrze skomunikowane. Lokalne poci\u0105gi SNCB\/NMBS odje\u017cd\u017caj\u0105 ze stacji Spa i Spa\u2010G\u00e9ronst\u00e8re, \u0142\u0105cz\u0105c si\u0119 z Theux, Verviers i Akwizgranem. Autobusy regionalne obs\u0142ugiwane przez TEC rozszerzaj\u0105 zasi\u0119g na s\u0105siednie gminy, podczas gdy drogi krajowe N62, N629 i N686 zbiegaj\u0105 si\u0119 w mie\u015bcie. Niedaleka autostrada A27\/E42 zapewnia szybki dost\u0119p do Li\u00e8ge, Akwizgranu i szerszych tras europejskich. Dla go\u015bci zagranicznych najbli\u017csze du\u017ce lotniska znajduj\u0105 si\u0119 w Li\u00e8ge i Brukseli, z kt\u00f3rych opcje transportu l\u0105dowego u\u0142atwiaj\u0105 ostatni etap do Arden\u00f3w.<\/p>\n<p>Mi\u0142o\u015bnicy aktywnego wypoczynku na \u015bwie\u017cym powietrzu eksploruj\u0105 szlaki piesze, kt\u00f3re wij\u0105 si\u0119 przez okoliczne lasy, podczas gdy rowerzy\u015bci pokonuj\u0105 podjazdy w kierunku Malchamps Moor lub zje\u017cd\u017caj\u0105 do High Fens. W mie\u015bcie znajduje si\u0119 centrum odnowy biologicznej Thermes de Spa \u2014 po\u0142o\u017cone na Collines d&#039;Annette et Lubin \u2014 oferuj\u0105ce baseny termalne, sauny i studia fitness. Lokalne targi oferuj\u0105 regionalne produkty, a kawiarnie wzd\u0142u\u017c Promenade des Ormes zapewniaj\u0105 widoki zar\u00f3wno na Pouhon, jak i na przeje\u017cd\u017caj\u0105c\u0105 parad\u0119 go\u015bci, od jednodniowych wycieczek po go\u015bci na d\u0142u\u017cszy pobyt.<\/p>\n<p>Przez ca\u0142y rok kalendarz Spa r\u00f3wnowa\u017cy powag\u0119 UNESCO i dziedzictwa medycznego z dreszczykiem emocji sport\u00f3w motorowych i towarzysko\u015bci\u0105 wydarze\u0144 kulturalnych. Wiosenne festiwale celebruj\u0105 lokalne jedzenie i napoje; jesienne spotkania upami\u0119tniaj\u0105 histori\u0119 miasta; zimowe odosobnienia skupiaj\u0105 si\u0119 na zabiegach termalnych i introspekcji. Ten rytm aktywno\u015bci podtrzymuje spo\u0142eczno\u015b\u0107, kt\u00f3ra jest zar\u00f3wno stra\u017cnikiem tradycji, jak i gospodarzem dla stale zmieniaj\u0105cej si\u0119 obsady go\u015bci.<\/p>\n<p>Niepowtarzalne po\u0142\u0105czenie geologii, architektury i historii spo\u0142ecznej Spa le\u017cy u podstaw jego nieprzemijaj\u0105cego uroku. Jego \u017ar\u00f3d\u0142a \u015bwiadcz\u0105 o czasie geologicznym; jego struktury rejestruj\u0105 smaki kolejnych epok; jego wydarzenia uciele\u015bniaj\u0105 ewoluuj\u0105ce skrzy\u017cowanie zdrowia, wypoczynku i widowiska. Chocia\u017c termin \u201espa\u201d przywo\u0142uje teraz niezliczone miejsca \u2014 od miejskich centr\u00f3w odnowy biologicznej po kurorty na odleg\u0142ych kontynentach \u2014 zawsze powraca, w swoim pochodzeniu i duchu, do tej doliny Arden\u00f3w. Tutaj woda i ludzki cel miesza\u0142y si\u0119 przez stulecia, daj\u0105c miejsce, kt\u00f3rego skromna skala zaprzecza ogromnemu zakresowi jego wp\u0142ywu. W Spa prosty akt czerpania wody nadal kszta\u0142tuje krajobrazy, gospodarki i praktyki kulturowe, zapewniaj\u0105c, \u017ce miasto pozostaje tak samo istotne dzisiaj, jak w momencie, gdy podr\u00f3\u017cni po raz pierwszy zjechali si\u0119 do jego \u017ar\u00f3de\u0142.<\/p>","protected":false},"excerpt":{"rendered":"<p>Po\u0142o\u017cone w centrum Walonii w Belgii miasto Spa jest uosobieniem trwaj\u0105cej atrakcyjno\u015bci naturalnego zdrowia i rekreacji. Z populacj\u0105 10 543 os\u00f3b w 2006 r. i powierzchni\u0105 39,85 km\u00b2, ta gmina ma znaczenie, kt\u00f3re przeczy jej ma\u0142ej skali. Po\u0142o\u017cenie Spa w dolinie Arden\u00f3w od dawna czyni je po\u017c\u0105danym miejscem dla os\u00f3b poszukuj\u0105cych relaksu i odnowy; znajduje si\u0119 35 kilometr\u00f3w na po\u0142udniowy wsch\u00f3d od Li\u00e8ge i 45 kilometr\u00f3w na po\u0142udniowy zach\u00f3d od Akwizgranu.<\/p>","protected":false},"author":1,"featured_media":18002,"parent":14562,"menu_order":0,"comment_status":"closed","ping_status":"closed","template":"elementor_theme","meta":{"_eb_attr":"","footnotes":""},"class_list":["post-16170","page","type-page","status-publish","has-post-thumbnail"],"_links":{"self":[{"href":"https:\/\/travelshelper.com\/pl\/wp-json\/wp\/v2\/pages\/16170","targetHints":{"allow":["GET"]}}],"collection":[{"href":"https:\/\/travelshelper.com\/pl\/wp-json\/wp\/v2\/pages"}],"about":[{"href":"https:\/\/travelshelper.com\/pl\/wp-json\/wp\/v2\/types\/page"}],"author":[{"embeddable":true,"href":"https:\/\/travelshelper.com\/pl\/wp-json\/wp\/v2\/users\/1"}],"replies":[{"embeddable":true,"href":"https:\/\/travelshelper.com\/pl\/wp-json\/wp\/v2\/comments?post=16170"}],"version-history":[{"count":0,"href":"https:\/\/travelshelper.com\/pl\/wp-json\/wp\/v2\/pages\/16170\/revisions"}],"up":[{"embeddable":true,"href":"https:\/\/travelshelper.com\/pl\/wp-json\/wp\/v2\/pages\/14562"}],"wp:featuredmedia":[{"embeddable":true,"href":"https:\/\/travelshelper.com\/pl\/wp-json\/wp\/v2\/media\/18002"}],"wp:attachment":[{"href":"https:\/\/travelshelper.com\/pl\/wp-json\/wp\/v2\/media?parent=16170"}],"curies":[{"name":"wp","href":"https:\/\/api.w.org\/{rel}","templated":true}]}}