{"id":15974,"date":"2024-09-22T01:11:09","date_gmt":"2024-09-22T01:11:09","guid":{"rendered":"https:\/\/travelshelper.com\/staging\/?page_id=15974"},"modified":"2024-09-22T01:13:07","modified_gmt":"2024-09-22T01:13:07","slug":"zastrzezenie-prawne","status":"publish","type":"page","link":"https:\/\/travelshelper.com\/pl\/disclaimer\/","title":{"rendered":"Zastrze\u017cenie"},"content":{"rendered":"<div data-elementor-type=\"wp-page\" data-elementor-id=\"15974\" class=\"elementor elementor-15974\">\n\t\t\t\t<div class=\"elementor-element elementor-element-6f0bcdfa e-flex e-con-boxed e-con e-parent\" data-id=\"6f0bcdfa\" data-element_type=\"container\" data-e-type=\"container\">\n\t\t\t\t\t<div class=\"e-con-inner\">\n\t\t<div class=\"elementor-element elementor-element-627d6690 e-con-full e-flex e-con e-child\" data-id=\"627d6690\" data-element_type=\"container\" data-e-type=\"container\">\n\t\t\t\t<div class=\"elementor-element elementor-element-428000a8 elementor-widget elementor-widget-text-editor\" data-id=\"428000a8\" data-element_type=\"widget\" data-e-type=\"widget\" data-widget_type=\"text-editor.default\">\n\t\t\t\t\t\t\t\t\t<p><\/p><p>Ostatnia aktualizacja: 2024-09-26<\/p><p> <\/p><p><strong>ZASTRZE\u017bENIE DOTYCZ\u0104CE STRONY INTERNETOWEJ<\/strong><\/p><p> <\/p><p>Informacje dostarczone przez\u00a0<strong>Pomocnik podr\u00f3\u017cny<\/strong>\u00a0(\u201eSp\u00f3\u0142ka\u201d, \u201emy\u201d, \u201enasz\u201d, \u201enas\u201d) na\u00a0<strong>https:\/\/travelshelper.com<\/strong>\u00a0(dalej \u201eStrona\u201d) s\u0142u\u017cy wy\u0142\u0105cznie celom informacyjnym. Wszystkie informacje na Stronie s\u0105 udost\u0119pniane w dobrej wierze, jednak nie sk\u0142adamy \u017cadnych o\u015bwiadcze\u0144 ani gwarancji \u017cadnego rodzaju, wyra\u017anych ani dorozumianych, dotycz\u0105cych dok\u0142adno\u015bci, adekwatno\u015bci, wa\u017cno\u015bci, niezawodno\u015bci, dost\u0119pno\u015bci lub kompletno\u015bci jakichkolwiek informacji na Stronie.<\/p><p> <\/p><p>W \u017bADNYM WYPADKU NIE PONOSIMY \u017bADNEJ ODPOWIEDZIALNO\u015aCI ZA JAKIEKOLWIEK STRATY LUB USZKODZENIA JAKIEGOKOLWIEK RODZAJU PONIESIONE W WYNIKU KORZYSTANIA ZE STRONY LUB POLEGANIA NA JAKICHKOLWIEK INFORMACJACH UDOST\u0118PNIONYCH NA STRONIE. KORZYSTASZ ZE STRONY I POLEGASZ NA JAKICHKOLWIEK INFORMACJACH NA STRONIE WY\u0141\u0104CZNIE NA W\u0141ASNE RYZYKO.<\/p><p> <\/p><p><strong>ZASTRZE\u017bENIE DOTYCZ\u0104CE LINK\u00d3W ZEWN\u0118TRZNYCH<\/strong><\/p><p> <\/p><p>Witryna mo\u017ce zawiera\u0107 (lub mo\u017cesz zosta\u0107 wys\u0142any za po\u015brednictwem Witryny) linki do innych witryn lub tre\u015bci nale\u017c\u0105cych do lub pochodz\u0105cych od os\u00f3b trzecich lub linki do witryn i funkcji. Takie linki zewn\u0119trzne nie s\u0105 badane, monitorowane ani sprawdzane pod k\u0105tem dok\u0142adno\u015bci, adekwatno\u015bci, wa\u017cno\u015bci, niezawodno\u015bci, dost\u0119pno\u015bci lub kompletno\u015bci przez nas.<\/p><p> <\/p><p>NIE GWARANTUJEMY, NIE POPIERAMY, NIE ZAPEWNIAMY ANI NIE PRZYJMUJEMY ODPOWIEDZIALNO\u015aCI ZA DOK\u0141ADNO\u015a\u0106 ANI WIARYGODNO\u015a\u0106 \u017bADNYCH INFORMACJI OFEROWANYCH PRZEZ STRONY INTERNETOWE OS\u00d3B TRZECICH POD\u0141\u0104CZONE PRZEZ STRON\u0118 LUB JAK\u0104KOLWIEK STRON\u0118 INTERNETOW\u0104 LUB FUNKCJ\u0118 POD\u0141\u0104CZON\u0104 W JAKIMKOLWIEK BANERZE LUB INNEJ REKLAMIE. NIE B\u0118DZIEMY STRON\u0104 ANI W \u017bADEN SPOS\u00d3B NIE B\u0118DZIEMY ODPOWIEDZIALNI ZA MONITOROWANIE \u017bADNEJ TRANSAKCJI MI\u0118DZY U\u017bYTKOWNIKIEM A ZEWN\u0118TRZNYMI DOSTAWCAMI PRODUKT\u00d3W LUB US\u0141UG.<\/p><p> <\/p><p><strong>ZASTRZE\u017bENIE DLA PARTNER\u00d3W<\/strong><\/p><p> <\/p><p>Witryna mo\u017ce zawiera\u0107 linki do witryn partnerskich, a my mo\u017cemy otrzymywa\u0107 prowizj\u0119 partnersk\u0105 za wszelkie zakupy lub dzia\u0142ania dokonane przez Ciebie na witrynach partnerskich korzystaj\u0105cych z takich link\u00f3w.<\/p><p> <\/p><p><strong>ZASTRZE\u017bENIE DOTYCZ\u0104CE REFERENCJI<\/strong><\/p><p> <\/p><p>Witryna mo\u017ce zawiera\u0107 opinie u\u017cytkownik\u00f3w naszych produkt\u00f3w i\/lub us\u0142ug. Opinie te odzwierciedlaj\u0105 rzeczywiste do\u015bwiadczenia i opinie takich u\u017cytkownik\u00f3w. Jednak\u017ce do\u015bwiadczenia te s\u0105 osobiste dla tych konkretnych u\u017cytkownik\u00f3w i niekoniecznie musz\u0105 by\u0107 reprezentatywne dla wszystkich u\u017cytkownik\u00f3w naszych produkt\u00f3w i\/lub us\u0142ug. Nie twierdzimy i nie nale\u017cy zak\u0142ada\u0107, \u017ce wszyscy u\u017cytkownicy b\u0119d\u0105 mieli takie same do\u015bwiadczenia.<\/p><p> <\/p><p>TWOJE INDYWIDUALNE WYNIKI MOG\u0104 SI\u0118 R\u00d3\u017bNI\u0106.<\/p><p> <\/p><p>\u015awiadectwa na Stronie s\u0105 przesy\u0142ane w r\u00f3\u017cnych formach, takich jak tekst, d\u017awi\u0119k i\/lub wideo, i s\u0105 przez nas sprawdzane przed opublikowaniem. Pojawiaj\u0105 si\u0119 na Stronie dos\u0142ownie, tak jak podaj\u0105 je u\u017cytkownicy, z wyj\u0105tkiem korekty b\u0142\u0119d\u00f3w gramatycznych lub liter\u00f3wek. Niekt\u00f3re \u015bwiadectwa mog\u0142y zosta\u0107 skr\u00f3cone ze wzgl\u0119du na zwi\u0119z\u0142o\u015b\u0107, je\u015bli pe\u0142ne \u015bwiadectwo zawiera\u0142o zb\u0119dne informacje nieistotne dla og\u00f3\u0142u spo\u0142ecze\u0144stwa.<\/p><p> <\/p><p>Pogl\u0105dy i opinie wyra\u017cone w referencjach s\u0105 w\u0142asno\u015bci\u0105 wy\u0142\u0105cznie poszczeg\u00f3lnych u\u017cytkownik\u00f3w i nie odzwierciedlaj\u0105 naszych pogl\u0105d\u00f3w ani opinii.<\/p><p> <\/p><p><strong>O\u015aWIADCZENIE O B\u0141\u0118DACH I POMINI\u0118CIACH<\/strong><\/p><p> <\/p><p>Chocia\u017c do\u0142o\u017cyli\u015bmy wszelkich stara\u0144, aby zapewni\u0107, \u017ce informacje zawarte na tej stronie zosta\u0142y uzyskane z wiarygodnych \u017ar\u00f3de\u0142, Travel S Helper nie ponosi odpowiedzialno\u015bci za jakiekolwiek b\u0142\u0119dy lub pomini\u0119cia ani za wyniki uzyskane z wykorzystania tych informacji. Wszystkie informacje na tej stronie s\u0105 dostarczane \u201etak jak s\u0105\u201d, bez \u017cadnej gwarancji kompletno\u015bci, dok\u0142adno\u015bci, aktualno\u015bci ani wynik\u00f3w uzyskanych z wykorzystania tych informacji i bez \u017cadnej gwarancji, wyra\u017anej lub dorozumianej, w tym, ale nie wy\u0142\u0105cznie, gwarancji wydajno\u015bci, przydatno\u015bci handlowej i przydatno\u015bci do okre\u015blonego celu.<\/p><p> <\/p><p>W \u017cadnym wypadku Travel S Helper, jego powi\u0105zane sp\u00f3\u0142ki partnerskie lub korporacje, a tak\u017ce ich partnerzy, agenci lub pracownicy nie ponosz\u0105 odpowiedzialno\u015bci wobec Ciebie lub kogokolwiek innego za jakiekolwiek decyzje lub dzia\u0142ania podj\u0119te w oparciu o informacje zawarte w tej Witrynie ani za jakiekolwiek nast\u0119pcze, szczeg\u00f3lne lub podobne szkody, nawet je\u015bli zostali poinformowani o mo\u017cliwo\u015bci wyst\u0105pienia takich szk\u00f3d.<\/p><p> <\/p><p><strong>ZASTRZE\u017bENIE DLA WSP\u00d3\u0141PRACOWNIK\u00d3W GO\u015aCINNYCH<\/strong><\/p><p> <\/p><p>Niniejsza Witryna mo\u017ce zawiera\u0107 tre\u015bci pochodz\u0105ce od go\u015bcinnych autor\u00f3w, a wszelkie pogl\u0105dy lub opinie wyra\u017cone w takich postach s\u0105 pogl\u0105dami osobistymi i nie odzwierciedlaj\u0105 pogl\u0105d\u00f3w Travel S Helper ani \u017cadnego z jego pracownik\u00f3w lub podmiot\u00f3w stowarzyszonych, o ile nie zaznaczono inaczej.<\/p><p> <\/p><p><strong>ZASTRZE\u017bENIE DOTYCZ\u0104CE LOGOTYP\u00d3W I ZNAK\u00d3W TOWAROWYCH<\/strong><\/p><p> <\/p><p>All logos and trademarks of third parties referenced on\u00a0https:\/\/travelshelper.com\u00a0are the trademarks and logos of their respective owners. Any inclusion of such trademarks or logos does not imply or constitute any approval, endorsement or sponsorship of\u00a0Travel S Helper\u00a0by such owners.<\/p><p> <\/p><p><strong>KONTAKT Z NAMI<\/strong><\/p><p> <\/p><p>Je\u015bli masz jakie\u015b uwagi, komentarze, pro\u015bby o wsparcie techniczne lub inne pytania, skontaktuj si\u0119 z nami za po\u015brednictwem poczty elektronicznej:\u00a0<strong>biuro@travelshelper.com<\/strong>.<\/p><p><\/p>\t\t\t\t\t\t\t\t<\/div>\n\t\t\t\t<\/div>\n\t\t\t\t\t<\/div>\n\t\t\t\t<\/div>\n\t\t\t\t<\/div>","protected":false},"excerpt":{"rendered":"<p>Last updated: 2024-09-26 WEBSITE DISCLAIMER The information provided by\u00a0Travel S Helper\u00a0(\u201cCompany\u201d, \u201cwe\u201d, \u201cour\u201d, \u201cus\u201d) on\u00a0https:\/\/travelshelper.com\u00a0(the \u201cSite\u201d) is for general informational purposes only. All information on the Site is provided in good faith, however we make no representation or warranty of any kind, express or implied, regarding the accuracy, adequacy, validity, reliability, availability, or completeness of [&hellip;]<\/p>\n","protected":false},"author":1,"featured_media":0,"parent":0,"menu_order":0,"comment_status":"closed","ping_status":"closed","template":"elementor_header_footer","meta":{"_eb_attr":"","footnotes":""},"class_list":["post-15974","page","type-page","status-publish"],"_links":{"self":[{"href":"https:\/\/travelshelper.com\/pl\/wp-json\/wp\/v2\/pages\/15974","targetHints":{"allow":["GET"]}}],"collection":[{"href":"https:\/\/travelshelper.com\/pl\/wp-json\/wp\/v2\/pages"}],"about":[{"href":"https:\/\/travelshelper.com\/pl\/wp-json\/wp\/v2\/types\/page"}],"author":[{"embeddable":true,"href":"https:\/\/travelshelper.com\/pl\/wp-json\/wp\/v2\/users\/1"}],"replies":[{"embeddable":true,"href":"https:\/\/travelshelper.com\/pl\/wp-json\/wp\/v2\/comments?post=15974"}],"version-history":[{"count":0,"href":"https:\/\/travelshelper.com\/pl\/wp-json\/wp\/v2\/pages\/15974\/revisions"}],"wp:attachment":[{"href":"https:\/\/travelshelper.com\/pl\/wp-json\/wp\/v2\/media?parent=15974"}],"curies":[{"name":"wp","href":"https:\/\/api.w.org\/{rel}","templated":true}]}}