{"id":15674,"date":"2024-09-21T18:19:44","date_gmt":"2024-09-21T18:19:44","guid":{"rendered":"https:\/\/travelshelper.com\/staging\/?page_id=15674"},"modified":"2026-03-11T19:54:45","modified_gmt":"2026-03-11T19:54:45","slug":"korea-poludniowa","status":"publish","type":"page","link":"https:\/\/travelshelper.com\/pl\/destinations\/asia\/south-korea\/","title":{"rendered":"Korea Po\u0142udniowa"},"content":{"rendered":"<p>Korea Po\u0142udniowa le\u017cy na styku tysi\u0105cletniej tradycji i najnowocze\u015bniejszej technologii, jest narodem ukszta\u0142towanym przez surowe g\u00f3ry i nieustanne p\u0142ywy historii. Stanowi\u0105c po\u0142udniow\u0105 po\u0142ow\u0119 P\u00f3\u0142wyspu Korea\u0144skiego, jest ograniczona od p\u00f3\u0142nocy przez Stref\u0119 Zdemilitaryzowan\u0105, kt\u00f3ra oddziela j\u0105 od p\u00f3\u0142nocnego s\u0105siada, od zachodu przez Morze \u017b\u00f3\u0142te, a od wschodu przez to, co Korea\u0144czycy nazywaj\u0105 Morzem Wschodnim. Z powierzchni\u0105 l\u0105dow\u0105 wynosz\u0105c\u0105 nieco ponad 100 000 kilometr\u00f3w kwadratowych, z czego oko\u0142o 70 procent stanowi\u0105 tereny g\u00f3rzyste lub zalesione, ten zwarty kraj utrzymuje ponad 52 miliony mieszka\u0144c\u00f3w, z kt\u00f3rych po\u0142owa mieszka w rozleg\u0142ym obszarze metropolitalnym Seulu \u2014 jednym z najludniejszych region\u00f3w miejskich na \u015bwiecie.<\/p>\n\n\n\n<p>Dowody archeologiczne wskazuj\u0105 na obecno\u015b\u0107 cz\u0142owieka na p\u00f3\u0142wyspie ju\u017c w okresie dolnego paleolitu. Na pocz\u0105tku VII wieku p.n.e. chi\u0144skie zapisy \u015bwiadcz\u0105 o zorganizowanej polityce. Przez kolejne stulecia trzy kr\u00f3lestwa \u2014 Goguryeo, Baekje i Silla \u2014 rywalizowa\u0142y o supremacj\u0119, a\u017c Silla zjednoczy\u0142a wi\u0119ksz\u0105 cz\u0119\u015b\u0107 p\u00f3\u0142wyspu pod koniec VII wieku n.e. Nast\u0119puj\u0105ca po nich dynastia Goryeo (918\u20131392) utrwali\u0142a trwa\u0142\u0105 to\u017csamo\u015b\u0107 korea\u0144sk\u0105, u\u017cyczaj\u0105c swojej nazwy angielskiemu egzonimowi \u201eKorea\u201d. Za czas\u00f3w Joseona (1392\u20131897) zasady konfucja\u0144skie dominowa\u0142y w \u017cyciu dworskim: sztywna hierarchia spo\u0142eczna wywy\u017csza\u0142a elit\u0119 yangban ponad zwyk\u0142ych ludzi, podczas gdy uczeni wprowadzili system s\u0142u\u017cby cywilnej, kt\u00f3ry ceni\u0142 nauk\u0119 literatury.<\/p>\n\n\n\n<p>Pod koniec XIX wieku kr\u00f3tkotrwa\u0142e Imperium Korea\u0144skie d\u0105\u017cy\u0142o do modernizacji kodeks\u00f3w prawnych i przemys\u0142u, ale aneksja japo\u0144ska w 1910 r. po\u0142o\u017cy\u0142a kres suwerenno\u015bci na 35 lat. Wyzwolenie nast\u0105pi\u0142o dopiero wraz z kl\u0119sk\u0105 Japonii w II wojnie \u015bwiatowej, jednak niepodleg\u0142o\u015b\u0107 mia\u0142a wysok\u0105 cen\u0119: okupacja radziecka i ameryka\u0144ska podzieli\u0142a p\u00f3\u0142wysep, a w 1950 r. inwazja P\u00f3\u0142nocy wywo\u0142a\u0142a trzyletni\u0105 wojn\u0119, kt\u00f3ra poch\u0142on\u0119\u0142a oko\u0142o trzech milion\u00f3w ofiar i obr\u00f3ci\u0142a miasta w popi\u00f3\u0142. Zawieszenie broni w 1953 r. zamrozi\u0142o konflikt bez traktatu pokojowego, utrwalaj\u0105c napi\u0119ty impas, kt\u00f3ry trwa do dzi\u015b.<\/p>\n\n\n\n<p>Powojenna Korea Po\u0142udniowa zmaga\u0142a si\u0119 ze zniszczon\u0105 infrastruktur\u0105, zubo\u017ca\u0142\u0105 populacj\u0105 i kolejnymi autorytarnymi re\u017cimami. Jednak industrializacja prowadzona przez pa\u0144stwo w latach 60. i 70. XX wieku sprzyja\u0142a szybkiemu wzrostowi gospodarczemu, wprowadzaj\u0105c na rynek nastawionych na eksport gigant\u00f3w, takich jak Samsung i Hyundai. \u201eCud nad rzek\u0105 Han\u201d spowodowa\u0142, \u017ce PKB per capita wzr\u00f3s\u0142 w jednym z najszybszych na \u015bwiecie wska\u017anik\u00f3w w latach 1980\u20131990. Chocia\u017c kryzys finansowy w Azji w 1997 r. ujawni\u0142 strukturalne s\u0142abo\u015bci, szybkie \u015brodki fiskalne i monetarne doprowadzi\u0142y do \u200b\u200bszybkiego o\u017cywienia. Podczas globalnej recesji w 2008 r. Korea Po\u0142udniowa ponownie wykaza\u0142a si\u0119 odporno\u015bci\u0105, unikaj\u0105c recesji, nawet gdy wiele rozwini\u0119tych gospodarek popad\u0142o w recesj\u0119.<\/p>\n\n\n\n<p>R\u00f3wnolegle rozwija\u0142a si\u0119 transformacja polityczna. Po dekadach naznaczonych wojskowymi zamachami stanu i powstaniami student\u00f3w, czerwcowa walka demokratyczna z 1987 r. zmusi\u0142a rz\u0105dz\u0105c\u0105 elit\u0119 do przyj\u0119cia bezpo\u015brednich wybor\u00f3w prezydenckich i wi\u0119kszych swob\u00f3d obywatelskich. Zgodnie z konstytucj\u0105 Sz\u00f3stej Republiki jednoizbowe Zgromadzenie Narodowe dzieli w\u0142adz\u0119 z wybranym prezydentem. Obecnie Korea Po\u0142udniowa jest powszechnie uwa\u017cana za jedn\u0105 z najsilniejszych demokracji w Azji Wschodniej, z konkurencyjnymi wyborami, niezale\u017cnym s\u0105dem i dynamicznym spo\u0142ecze\u0144stwem obywatelskim.<\/p>\n\n\n\n<p>Grzbiet p\u00f3\u0142wyspu z granitowych i gnejsowych g\u00f3r kieruje rzeki w szerokie zachodnie r\u00f3wniny i w\u0105skie wschodnie korytarze. Wy\u0142aniaj\u0105 si\u0119 cztery g\u0142\u00f3wne regiony: wysokie pasma g\u00f3rskie i morskie wychodnie na wschodzie; \u017cyzne, \u0142agodnie pag\u00f3rkowate niziny na zachodzie; surowe doliny na po\u0142udniowym zachodzie; i dorzecze rzeki Nakdong na po\u0142udniowym wschodzie. Tylko oko\u0142o 30 procent ziemi nadaje si\u0119 do uprawy.<\/p>\n\n\n\n<p>Trzy ekoregiony l\u0105dowe \u2014 \u015brodkowokorea\u0144skie lasy li\u015bciaste, mand\u017curskie lasy mieszane i wiecznie zielone lasy Korei Po\u0142udniowej \u2014 s\u0105 siedliskiem r\u00f3\u017cnorodnej flory i fauny. Korea Po\u0142udniowa chroni obszary naturalne poprzez dwadzie\u015bcia park\u00f3w narodowych, od spowitych mg\u0142\u0105 szczyt\u00f3w Jirisan po zrekonstruowane tarasy ry\u017cowe p\u00f3l herbacianych Boseong i raj dla ptak\u00f3w w\u0119drownych w zatoce Suncheon.<\/p>\n\n\n\n<p>Na morzu le\u017cy prawie trzy tysi\u0105ce wysp, z kt\u00f3rych wi\u0119kszo\u015b\u0107 jest niezamieszkana. Wyspa Jeju, 100 kilometr\u00f3w na po\u0142udnie od l\u0105du, wy\u0142ania si\u0119 z morza zielonymi zboczami i Hallasan, szczytem wulkanicznym o wysoko\u015bci 1950 metr\u00f3w. Mniejsze wyspy, takie jak Ulleungdo i sporne ska\u0142y Liancourt (znane lokalnie jako Dokdo), wyznaczaj\u0105 wschodni\u0105 granic\u0119 morsk\u0105.<\/p>\n\n\n\n<p>Klimat rozci\u0105ga si\u0119 na wilgotne strefy kontynentalne i subtropikalne. Cztery wyra\u017ane pory roku przynosz\u0105 rze\u015bkie, suche zimy, kwitnienie wiosn\u0105, duszne deszcze monsunowe (jangma) od ko\u0144ca czerwca do lipca i umiarkowane jesienie. \u015arednie temperatury w Seulu wahaj\u0105 si\u0119 od \u20137 do 1 \u00b0C w styczniu do 22\u201330 \u00b0C w sierpniu. Wzd\u0142u\u017c po\u0142udniowego wybrze\u017ca zimy s\u0105 \u0142agodniejsze, a zagro\u017cenie tajfunami pojawia si\u0119 p\u00f3\u017anym latem.<\/p>\n\n\n\n<p>Gospodarka mieszana Korei Po\u0142udniowej zajmuje dwunaste miejsce pod wzgl\u0119dem nominalnego PKB i czternaste pod wzgl\u0119dem parytetu si\u0142y nabywczej. Jej orientacja na zewn\u0105trz sprawia, \u017ce \u200b\u200bjest jedenasta w\u015br\u00f3d globalnych eksporter\u00f3w i si\u00f3dma w\u015br\u00f3d importer\u00f3w. Konglomeraty Czebol \u2014 mieszcz\u0105ce si\u0119 w l\u015bni\u0105cych szklanych wie\u017cach \u2014 nap\u0119dzaj\u0105 produkcj\u0119 p\u00f3\u0142przewodnik\u00f3w, samochod\u00f3w i elektroniki. LG i Samsung zyska\u0142y mi\u0119dzynarodow\u0105 s\u0142aw\u0119 dzi\u0119ki dobrom konsumpcyjnym; Hyundai i Kia przekszta\u0142ci\u0142y produkcj\u0119 motoryzacyjn\u0105.<\/p>\n\n\n\n<p>Edukacja jest narodow\u0105 obsesj\u0105. Kiedy\u015b zmagaj\u0105ca si\u0119 z powszechnym analfabetyzmem, Korea Po\u0142udniowa obecnie notuje jedne z najwy\u017cszych na \u015bwiecie wska\u017anik\u00f3w zdobywania wy\u017cszego wykszta\u0142cenia. Zdyscyplinowana, wysoko wykwalifikowana si\u0142a robocza wspiera badania i rozw\u00f3j: obecnie Korea Po\u0142udniowa jest liderem w liczbie zg\u0142osze\u0144 patentowych na mieszka\u0144ca i przewy\u017csza swoich r\u00f3wie\u015bnik\u00f3w w mi\u0119dzynarodowych rankingach innowacji.<\/p>\n\n\n\n<p>Infrastruktura odzwierciedla te priorytety. Sie\u0107 poci\u0105g\u00f3w ekspresowych Korail, zw\u0142aszcza us\u0142uga KTX \u0142\u0105cz\u0105ca Seul z Busan, przecina linie kolei du\u017cych pr\u0119dko\u015bci przez kraj. Autostrady p\u0142atne rozci\u0105gaj\u0105 si\u0119 przez grzbiety i r\u00f3wniny; ekspresowe autobusy krzy\u017cuj\u0105 si\u0119 z wiejskimi wioskami; a promy \u0142\u0105cz\u0105 wyspy. Mi\u0119dzynarodowy port lotniczy Incheon, otwarty w 2001 r., obs\u0142u\u017cy\u0142 58 milion\u00f3w pasa\u017cer\u00f3w w 2016 r. i plasuje si\u0119 w\u015br\u00f3d najbardziej ruchliwych w\u0119z\u0142\u00f3w komunikacyjnych na \u015bwiecie. Dw\u00f3ch g\u0142\u00f3wnych przewo\u017anik\u00f3w \u2014 Korean Air i Asiana \u2014 obs\u0142uguje prawie trzysta tras mi\u0119dzynarodowych, podczas gdy tanie linie krajowe utrzymuj\u0105 niedrogie po\u0142\u0105czenia mi\u0119dzymiastowe.<\/p>\n\n\n\n<p>Populacja Korei Po\u0142udniowej osi\u0105gn\u0119\u0142a szczyt na poziomie nieco ponad 52 milion\u00f3w w 2024 r. po wzro\u015bcie z 21,5 miliona w 1955 r. Jednak wraz ze spadkiem wska\u017anik\u00f3w urodze\u0144 \u2014 spadaj\u0105c poni\u017cej jednego dziecka na kobiet\u0119 w 2018 r. i osi\u0105gaj\u0105c 0,72 do 2023 r. \u2014 kraj stoi w obliczu pierwszego naturalnego spadku populacji. Do 2050 r. prawie po\u0142owa populacji mo\u017ce mie\u0107 ponad sze\u015b\u0107dziesi\u0105t pi\u0119\u0107 lat, co ma g\u0142\u0119bokie implikacje dla emerytur, opieki zdrowotnej i produktywno\u015bci gospodarczej. W maju 2024 r. rz\u0105d utworzy\u0142 specjalne ministerstwo zajmuj\u0105ce si\u0119 starzeniem si\u0119 i p\u0142odno\u015bci\u0105, a skromne wzrosty urodze\u0144 pod koniec 2024 r. da\u0142y ostro\u017cny optymizm.<\/p>\n\n\n\n<p>Urbanizacja zmieni\u0142a spo\u0142ecze\u0144stwo: do tego stopnia, \u017ce \u200b\u200bSeul i jego miasta satelickie s\u0105 obecnie domem dla oko\u0142o po\u0142owy populacji kraju. Busan, Incheon, Daegu, Daejeon, Gwangju i Ulsan stanowi\u0105 konstelacj\u0119 megamiast, z kt\u00f3rych ka\u017cde ma w\u0142asn\u0105 baz\u0119 przemys\u0142ow\u0105 i charakter kulturowy. Obszary wiejskie, niegdy\u015b zamieszkane przez du\u017ce rodziny wielopokoleniowe, widz\u0105 starzej\u0105ce si\u0119 kohorty, poniewa\u017c m\u0142odsze pokolenia migruj\u0105 do o\u015brodk\u00f3w miejskich w celu zdobycia wykszta\u0142cenia i zatrudnienia.<\/p>\n\n\n\n<p>Zakorzeniona we wczesnych praktykach szama\u0144skich i przesi\u0105kni\u0119ta przez wieki filozofiami konfucja\u0144skimi, buddyjskimi i taoistycznymi, korea\u0144ska kultura zachowuje rytua\u0142y, kt\u00f3re wi\u0105\u017c\u0105 pami\u0119\u0107 spo\u0142eczno\u015bci i przodk\u00f3w. Surowa konfucja\u0144ska hierarchia ery Joseon przekaza\u0142a szacunek dla edukacji, synowsk\u0105 pobo\u017cno\u015b\u0107 i porz\u0105dek spo\u0142eczny \u2014 warto\u015bci, kt\u00f3re przetrwa\u0142y we wsp\u00f3\u0142czesnym \u017cyciu organizacyjnym. Jednak obok tych ci\u0105g\u0142o\u015bci Korea Po\u0142udniowa stworzy\u0142a globaln\u0105 obecno\u015b\u0107 kulturow\u0105: grupy K-popowe wyprzedaj\u0105 stadiony na ca\u0142ym \u015bwiecie, seriale telewizyjne urzekaj\u0105 mi\u0119dzynarodow\u0105 publiczno\u015b\u0107, a filmowcy zdobywaj\u0105 uznanie w Cannes i na Oscarach. Ta \u201ekorea\u0144ska fala\u201d nie tylko nap\u0119dza turystyk\u0119 \u2014 w 2019 roku przyby\u0142o ponad 17 milion\u00f3w go\u015bci \u2014 ale tak\u017ce stymuluje popyt na korea\u0144skie jedzenie, mod\u0119 i kosmetyki.<\/p>\n\n\n\n<p>Kulinarne tradycje skupiaj\u0105 si\u0119 na ry\u017cu, makaronie, warzywach, rybach i mi\u0119sie, kt\u00f3rym towarzyszy konstelacja dodatk\u00f3w (banchan) do ka\u017cdego posi\u0142ku. Kimchi, wszechobecny fermentowany warzywny produkt podstawowy, jest przyk\u0142adem korea\u0144skiej sprawno\u015bci fermentacyjnej, podobnie jak pasty sojowe (doenjang), pasty chili (gochujang) i wszechobecny olej sezamowy. Kultowe dania obejmuj\u0105 bulgogi \u2014 cienkie plasterki marynowanej wo\u0142owiny grillowane przy stole \u2014 po tteokbokki, pikantne ciastka ry\u017cowe sprzedawane przez ulicznych sprzedawc\u00f3w. Napoje alkoholowe, takie jak soju i makgeolli, towarzysz\u0105 towarzyskim spotkaniom, cz\u0119sto smarowanym metalowymi pa\u0142eczkami i wsp\u00f3lnymi sto\u0142ami.<\/p>\n\n\n\n<p>Religia w Korei Po\u0142udniowej jest pluralistyczna: badania wskazuj\u0105, \u017ce oko\u0142o po\u0142owa populacji nie deklaruje przynale\u017cno\u015bci religijnej, podczas gdy chrze\u015bcija\u0144stwo (protestanckie i katolickie) i buddyzm stanowi\u0105 wi\u0119kszo\u015b\u0107 pozosta\u0142ej cz\u0119\u015bci. Rdzenne wyznania \u2014 buddyzm won, cheondoizm, daejongizm \u2014 oraz ma\u0142a, ale rosn\u0105ca spo\u0142eczno\u015b\u0107 muzu\u0142ma\u0144ska uzupe\u0142niaj\u0105 mozaik\u0119. Gwarancje konstytucyjne zapewniaj\u0105 wolno\u015b\u0107 wyznania, nawet gdy tradycyjne maniery konfucja\u0144skie wp\u0142ywaj\u0105 na codzienne interakcje.<\/p>\n\n\n\n<p>Powtarzaj\u0105ce si\u0119 cykle budowy i zniszczenia \u2014 od mongolskich inwazji po japo\u0144sk\u0105 okupacj\u0119, od zniszcze\u0144 wojennych po szale\u0144stwo odbudowy \u2014 wytworzy\u0142y architektoniczny kola\u017c. Staro\u017cytne pa\u0142ace z \u0142agodnie wygi\u0119tymi dachami z dach\u00f3wek, twierdze z kamiennymi murami i wioski hanok, takie jak Hahoe i Yangdong, stoj\u0105 obok wysokich biurowc\u00f3w i eksperymentalnych, nowoczesnych dzie\u0142 zagranicznych architekt\u00f3w. Rozw\u00f3j poolimpijski w 1988 r. wprowadzi\u0142 szklane struktury, kt\u00f3re r\u00f3wnowa\u017c\u0105 futurystyczn\u0105 ambicj\u0119 z odniesieniami do \u201eharmonii z natur\u0105\u201d, przewodniej zasady tradycyjnej korea\u0144skiej architektury i podgrzewanych pod\u0142\u00f3g ondol.<\/p>\n\n\n\n<p>Etykieta w Korei Po\u0142udniowej wyp\u0142ywa z konfucja\u0144skiego szacunku dla hierarchii i harmonii spo\u0142ecznej. K\u0142anianie si\u0119 i wymiana obur\u0105cz \u2014 czy to wizyt\u00f3wek, czy fili\u017canek do herbaty \u2014 oznaczaj\u0105 szacunek. W domach i niekt\u00f3rych restauracjach nale\u017cy zdj\u0105\u0107 buty. Publiczne okazywanie uczu\u0107 pozostaje rzadko\u015bci\u0105 poza m\u0142odzie\u017cowymi subkulturami. Zwyczaje zwi\u0105zane z posi\u0142kami nakazuj\u0105, aby starsi zaczynali jako pierwsi, aby nigdy nie nalewa\u0107 sobie drinka i aby odmowa wypicia czyjego\u015b kieliszka by\u0142a niegrzeczna. Wra\u017cliwych temat\u00f3w \u2014 Korei P\u00f3\u0142nocnej, kolonialnego dziedzictwa Japonii, spor\u00f3w terytorialnych o Dokdo i polityki wewn\u0119trznej \u2014 najlepiej unika\u0107 przez osoby z zewn\u0105trz.<\/p>\n\n\n\n<p>Kultura biznesowa w szczeg\u00f3lno\u015bci opiera si\u0119 na rytualnej wymianie kart przedstawionych obur\u0105cz, odwr\u00f3conych twarz\u0105 do g\u00f3ry; uszkodzenie lub niedba\u0142e obchodzenie si\u0119 z nimi sugeruje brak szacunku. Ubi\u00f3r sk\u0142ania si\u0119 ku konserwatyzmowi i nieskazitelno\u015bci, odzwierciedlaj\u0105c osobist\u0105 dum\u0119 i wizerunek korporacyjny.<\/p>\n\n\n\n<p>Mocne strony Korei Po\u0142udniowej \u2014 gospodarka \u015bwiatowej klasy, wysoki poziom edukacji, szybkie innowacje i dynamiczna kultura \u2014 istniej\u0105 obok pilnych obaw. Spadek demograficzny zagra\u017ca rynkom pracy i systemom opieki spo\u0142ecznej. Zale\u017cno\u015b\u0107 gospodarcza od rynk\u00f3w eksportowych czyni j\u0105 podatn\u0105 na globalne recesje i napi\u0119cia geopolityczne. Nierozwi\u0105zany konflikt na p\u00f3\u0142nocnej granicy p\u00f3\u0142wyspu jawi si\u0119 jako odwieczne \u017ar\u00f3d\u0142o niepewno\u015bci.<\/p>\n\n\n\n<p>Jednak te wyzwania pobudzi\u0142y \u015bmia\u0142e eksperymenty polityczne: od zach\u0119t pieni\u0119\u017cnych dla rodzin po nowe programy imigracyjne maj\u0105ce na celu uzupe\u0142nienie kurcz\u0105cej si\u0119 si\u0142y roboczej; od inwestycji w zielone technologie po strategiczn\u0105 dyplomacj\u0119, kt\u00f3ra r\u00f3wnowa\u017cy wi\u0119zi ze Stanami Zjednoczonymi, Chinami i Japoni\u0105. W 2025 r. Korea Po\u0142udniowa, \u015bwi\u0119tuj\u0105c siedemdziesi\u0105t\u0105 rocznic\u0119 powojennego istnienia, pozostaje krajem pomys\u0142owo\u015bci i zdolno\u015bci adaptacji \u2014 krajem, kt\u00f3ry czerpie z lekcji historii, nawet gdy wytycza nowe \u015bcie\u017cki w po\u0142\u0105czonym \u015bwiecie.<\/p>\n\n\n\n<p>W ka\u017cdej w\u0105skiej uliczce Seulu i odleg\u0142ej g\u00f3rskiej prze\u0142\u0119czy p\u00f3\u0142wyspu widoczne s\u0105 kontury historii Korei Po\u0142udniowej: trwa\u0142e zaanga\u017cowanie w edukacj\u0119, nacisk na szacunek spo\u0142eczny i niespokojna kreatywno\u015b\u0107, kt\u00f3ra popycha jej ludzi ku przysz\u0142o\u015bci. Ta gra dziedzictwa i innowacji definiuje kraj, kt\u00f3rego duch, cho\u0107 \u0142agodzony przez trudno\u015bci, nadal kszta\u0142tuje wsp\u00f3\u0142czesny \u015bwiat.<\/p>","protected":false},"excerpt":{"rendered":"<p>Korea Po\u0142udniowa, formalnie nazywana Republik\u0105 Korei (ROK), znajduje si\u0119 w Azji Wschodniej, obejmuj\u0105c po\u0142udniowy segment P\u00f3\u0142wyspu Korea\u0144skiego i ma populacj\u0119 51,96 miliona. Kraj ten sta\u0142 si\u0119 wa\u017cnym \u015bwiatowym graczem \u0142\u0105cz\u0105cym nowoczesn\u0105 technologi\u0119 z dziedzictwem kulturowym i pot\u0119g\u0105 ekonomiczn\u0105. Odporno\u015b\u0107 i potencja\u0142 tw\u00f3rczy narodu najlepiej wida\u0107 w jego rozwoju od pa\u0144stwa ogarni\u0119tego wojn\u0105 do jednej z najbardziej rozwini\u0119tych gospodarek na \u015bwiecie.<\/p>","protected":false},"author":1,"featured_media":3312,"parent":24063,"menu_order":0,"comment_status":"closed","ping_status":"closed","template":"elementor_theme","meta":{"_eb_attr":"","footnotes":""},"class_list":["post-15674","page","type-page","status-publish","has-post-thumbnail"],"_links":{"self":[{"href":"https:\/\/travelshelper.com\/pl\/wp-json\/wp\/v2\/pages\/15674","targetHints":{"allow":["GET"]}}],"collection":[{"href":"https:\/\/travelshelper.com\/pl\/wp-json\/wp\/v2\/pages"}],"about":[{"href":"https:\/\/travelshelper.com\/pl\/wp-json\/wp\/v2\/types\/page"}],"author":[{"embeddable":true,"href":"https:\/\/travelshelper.com\/pl\/wp-json\/wp\/v2\/users\/1"}],"replies":[{"embeddable":true,"href":"https:\/\/travelshelper.com\/pl\/wp-json\/wp\/v2\/comments?post=15674"}],"version-history":[{"count":0,"href":"https:\/\/travelshelper.com\/pl\/wp-json\/wp\/v2\/pages\/15674\/revisions"}],"up":[{"embeddable":true,"href":"https:\/\/travelshelper.com\/pl\/wp-json\/wp\/v2\/pages\/24063"}],"wp:featuredmedia":[{"embeddable":true,"href":"https:\/\/travelshelper.com\/pl\/wp-json\/wp\/v2\/media\/3312"}],"wp:attachment":[{"href":"https:\/\/travelshelper.com\/pl\/wp-json\/wp\/v2\/media?parent=15674"}],"curies":[{"name":"wp","href":"https:\/\/api.w.org\/{rel}","templated":true}]}}