{"id":15662,"date":"2024-09-21T17:11:49","date_gmt":"2024-09-21T17:11:49","guid":{"rendered":"https:\/\/travelshelper.com\/staging\/?page_id=15662"},"modified":"2026-03-11T21:11:35","modified_gmt":"2026-03-11T21:11:35","slug":"tadzykistan","status":"publish","type":"page","link":"https:\/\/travelshelper.com\/pl\/destinations\/asia\/tajikistan\/","title":{"rendered":"Tad\u017cykistan"},"content":{"rendered":"<p>Wci\u015bni\u0119ty mi\u0119dzy pasma Pamiru i suche r\u00f3wniny Azji \u015arodkowej le\u017cy Tad\u017cykistan, kraj bez port\u00f3w morskich, ale bogaty w wysoko\u015bci. Jego kontury \u015bledz\u0105 od wysokich prze\u0142\u0119czy Hindukuszu na wschodzie do dolnych basen\u00f3w Amu-darii na zachodzie. Po\u015br\u00f3d grzbiet\u00f3w, kt\u00f3re rzadko spadaj\u0105 poni\u017cej 3000 metr\u00f3w, kraj styka si\u0119 z Afganistanem na po\u0142udniowym kra\u0144cu, Uzbekistanem na zachodzie, Kirgistanem na p\u00f3\u0142nocy i Chinami wzd\u0142u\u017c wschodniego grzbietu. Po drugiej stronie w\u0105skiego korytarza Wacha\u0144skiego, Pakistan le\u017cy tu\u017c za nim. Duszanbe, po\u0142o\u017cone na zboczach nad dolin\u0105 Kofarnihon, s\u0142u\u017cy jako polityczne serce i najludniejsze centrum tej republiki, w kt\u00f3rej mieszka oko\u0142o 10,7 miliona ludzi.<\/p>\n<p>Historia ludzko\u015bci si\u0119ga tutaj g\u0142\u0119bokiej prehistorii. Spo\u0142eczno\u015bci neolityczne i epoki br\u0105zu pozostawi\u0142y \u015blady w narz\u0119dziach kamiennych i nawadnianych polach, podczas gdy cywilizacja Oksus niegdy\u015b rozkwita\u0142a wzd\u0142u\u017c zachodnich brzeg\u00f3w rzek. Grupy indoira\u0144skie przyby\u0142y pod egid\u0105 kultury Andronowa, a przez stulecia kupcy sogdyjscy tkali karawany przez doliny rzeczne, przewo\u017c\u0105c jedwab i idee. W\u0142adza zmienia\u0142a si\u0119 mi\u0119dzy satrapami Achemenid\u00f3w, kr\u00f3lestwami hellenistycznymi, imperium Kuszan\u00f3w i kolejnymi dynastiami tureckimi i perskimi. Do XIX wieku dwory Baktryjczyk\u00f3w i Samanid\u00f3w nadzorowa\u0142y o\u015brodki miejskie, kt\u00f3re sta\u0142y si\u0119 centrami nauki i handlu. Imperium Rosyjskie wch\u0142on\u0119\u0142o ten region pod koniec XIX wieku. W 1924 roku w\u0142adze radzieckie wydzieli\u0142y terytorium Tad\u017cykistanu z ziem uzbeckich jako republik\u0119 autonomiczn\u0105, podnosz\u0105c je do statusu pe\u0142nej republiki zwi\u0105zkowej w grudniu 1929 roku. Do 1991 roku centralne planowanie w Moskwie okre\u015bla\u0142o jego gospodark\u0119 i granice.<\/p>\n<p>9 wrze\u015bnia 1991 r. og\u0142oszono deklaracj\u0119 niepodleg\u0142o\u015bci. Nieca\u0142y rok p\u00f3\u017aniej konflikt nap\u0119dzany podzia\u0142ami regionalnymi i ideologicznymi ogarn\u0105\u0142 nowe pa\u0144stwo. Od maja 1992 r. do czerwca 1997 r. frakcje \u015bciera\u0142y si\u0119 na r\u00f3wninach Khatlon i dolinach Pamiri, pozostawiaj\u0105c miasta i pola uprawne zdewastowane. Porozumienie pokojowe przynios\u0142o stabilizacj\u0119 wraz z pomoc\u0105 zagraniczn\u0105, podczas gdy polityka wewn\u0119trzna przywr\u00f3ci\u0142a kana\u0142y irygacyjne i po\u0142\u0105czenia kolejowe. W 1994 r. Emomali Rahmon obj\u0105\u0142 urz\u0105d prezydenta i od tego czasu utrzymuje skonsolidowan\u0105 w\u0142adz\u0119 wykonawcz\u0105, spotykaj\u0105c si\u0119 z krytyk\u0105 za ograniczanie sprzeciwu i swob\u00f3d obywatelskich.<\/p>\n<p>Administracyjnie Tad\u017cykistan dzieli si\u0119 na cztery regiony. Sughd na p\u00f3\u0142nocy przechodzi przez cz\u0119\u015b\u0107 Kotliny Ferga\u0144skiej, a jej centrum stanowi Chod\u017cent. Khatlon na po\u0142udniowym zachodzie obejmuje r\u00f3wniny, kt\u00f3re kiedy\u015b zosta\u0142y naznaczone wojn\u0105 domow\u0105, podczas gdy autonomiczna prowincja Gorno-Badachszan zajmuje wi\u0119kszo\u015b\u0107 wy\u017cyn Pamiru. Centralny pas wok\u00f3\u0142 Duszanbe tworzy Regiony Podporz\u0105dkowania Republika\u0144skiego. Dystrykty dziel\u0105 te terytoria na d\u017camony i wsie. Pomimo tej hierarchii, nier\u00f3wny teren izoluje spo\u0142eczno\u015bci: drogi wij\u0105 si\u0119 przez g\u00f3rskie prze\u0142\u0119cze, a do niekt\u00f3rych dolin wysokich p\u0142askowy\u017c\u00f3w mo\u017cna dotrze\u0107 tylko w\u0105skimi \u015bcie\u017ckami.<\/p>\n<p>G\u00f3ry zajmuj\u0105 ponad dziewi\u0119\u0107dziesi\u0105t procent powierzchni kraju. Pamiry, p\u00f3\u0142nocne przed\u0142u\u017cenie Hindukuszu, wznosz\u0105 si\u0119 na wysoko\u015b\u0107 ponad 7000 metr\u00f3w w Qullai Ismoili Somoni. G\u00f3ry Alay i Turkestan rozci\u0105gaj\u0105 si\u0119 przez \u015brodkow\u0105 cz\u0119\u015b\u0107 kraju, oddzielaj\u0105c korytarz Fergana od po\u0142udniowych kotlin. Mniejsze grzbiety \u2014 Hisor w pobli\u017cu Duszanbe, Fann przy Panjakent i Zeravshan dalej na zach\u00f3d \u2014 oferuj\u0105 ni\u017csze, ale nadal imponuj\u0105ce szczyty. Poni\u017cej trzy g\u0142\u00f3wne doliny dostarczaj\u0105 gleb uprawnych: odcinek Fergana w Sughd, dolina Zeravshan usiana staro\u017cytnymi ruinami oraz r\u00f3wniny aluwialne wok\u00f3\u0142 Kulob i Bokhtar.<\/p>\n<p>Woda kszta\u0142tuje zar\u00f3wno krajobraz, jak i \u015brodki do \u017cycia. Rzeki Kofarnihon i Vakhsh \u0142\u0105cz\u0105 si\u0119 jako Amu-daria na granicy Afganistanu. Topniej\u0105cy \u015bnieg zasila kana\u0142y irygacyjne, kt\u00f3re podtrzymuj\u0105 pola bawe\u0142ny i sady moreli, granat\u00f3w i orzech\u00f3w w\u0142oskich. Alpejskie jeziora b\u0142yszcz\u0105 w\u015br\u00f3d ska\u0142, szczeg\u00f3lnie jezioro Karakul pod wznosz\u0105cymi si\u0119 szczytami.<\/p>\n<p>J\u0119zyk i wiara odzwierciedlaj\u0105 warstwy historii. Tad\u017cycki, j\u0119zyk pochodz\u0105cy z perskiego, pisany cyrylic\u0105, s\u0142u\u017cy jako j\u0119zyk pa\u0144stwowy. Rosyjski pozostaje oficjalnym \u015brodkiem komunikacji mi\u0119dzyetnicznej; prawie dziewi\u0119ciu na dziesi\u0119ciu obywateli pos\u0142uguje si\u0119 nim w r\u00f3\u017cnym stopniu. W G\u00f3rnym Badachszanie j\u0119zyki mniejszo\u015bci, takie jak shughni, rushani i wachi, nadal wyst\u0119puj\u0105 w\u015br\u00f3d spo\u0142eczno\u015bci Pamiri. Dominuje islam szko\u0142y hanafickiej, kt\u00f3r\u0105 przyjmuje ponad dziewi\u0119\u0107dziesi\u0105t siedem procent ludno\u015bci. Niewielka mniejszo\u015b\u0107 szyicko-ismailicka zamieszkuje g\u0142\u00f3wnie wschodnie wy\u017cyny. Cho\u0107 z zasady \u015bwiecka, konstytucja uznaje dwa \u015bwi\u0119ta islamskie i reguluje edukacj\u0119 religijn\u0105 i kult.<\/p>\n<p>Demograficznie etniczni Tad\u017cycy stanowi\u0105 wi\u0119kszo\u015b\u0107. Uzbecy i Rosjanie pojawiaj\u0105 si\u0119 g\u0142\u00f3wnie w o\u015brodkach miejskich, a ich liczba maleje w wyniku migracji. Lud Jaghnobi, licz\u0105cy oko\u0142o 25 000 os\u00f3b, zamieszkuje p\u00f3\u0142nocne podg\u00f3rza i m\u00f3wi jedynym \u017cyj\u0105cym potomkiem j\u0119zyka sogdyjskiego. Pamiris \u2014 kt\u00f3rych odr\u0119bne kultury odzwierciedlaj\u0105 staro\u017cytne enklawy Jedwabnego Szlaku \u2014 zamieszkuj\u0105 GBAO.<\/p>\n<p>\u017bycie gospodarcze w du\u017cej mierze opiera si\u0119 na migracji zarobkowej. Przekazy pieni\u0119\u017cne od Tad\u017cyk\u00f3w pracuj\u0105cych za granic\u0105 \u2014 g\u0142\u00f3wnie w Rosji \u2014 stanowi\u0105 prawie trzydzie\u015bci procent PKB, co zwi\u0119ksza podatno\u015b\u0107 na wstrz\u0105sy zewn\u0119trzne. Bogactwo mineralne jest ograniczone; hutnictwo aluminium i odziarnianie bawe\u0142ny pozostaj\u0105 g\u0142\u00f3wnymi ga\u0142\u0119ziami przemys\u0142u. Na pocz\u0105tku XXI wieku mi\u0119dzynarodowa pomoc rozwi\u0105za\u0142a niedobory \u017cywno\u015bci po suszy i konflikcie wewn\u0119trznym. Do 2010 roku przekazy pieni\u0119\u017cne przekroczy\u0142y dwa miliardy dolar\u00f3w ameryka\u0144skich, wspieraj\u0105c konsumpcj\u0119 i redukcj\u0119 ub\u00f3stwa. Chiny sta\u0142y si\u0119 g\u0142\u00f3wnym partnerem dzi\u0119ki projektom Inicjatywy Pasa i Szlaku, finansuj\u0105c drogi, koleje i po\u0142\u0105czenia energetyczne.<\/p>\n<p>Po\u0142\u0105czenia transportowe wci\u0105\u017c s\u0105 obci\u0105\u017cone geografi\u0105. Tylko 680 kilometr\u00f3w tor\u00f3w szerokotorowych \u0142\u0105czy Duszanbe z Uzbekistanem, Rosj\u0105 i innymi s\u0105siadami. Wi\u0119kszo\u015b\u0107 towar\u00f3w przewozi kolej. Autostrady maj\u0105 w sumie oko\u0142o 28 000 kilometr\u00f3w, jednak g\u00f3rskie prze\u0142\u0119cze zamykaj\u0105 si\u0119 zim\u0105. Zatoki w \u0142\u0105czno\u015bci pobudzaj\u0105 wysi\u0142ki na rzecz wykorzystania port\u00f3w w Iranie i Pakistanie za po\u015brednictwem korytarzy afga\u0144skich. Most przyja\u017ani tad\u017cycko-afga\u0144skiej, zbudowany w 2004 roku przy wsparciu USA, otworzy\u0142 tras\u0119 na po\u0142udnie. Nowsze porozumienia przewiduj\u0105 1300-kilometrowy korytarz drogowo-kolejowy od granic Chin i Afganistanu do port\u00f3w pakista\u0144skich.<\/p>\n<p>Podr\u00f3\u017ce lotnicze zale\u017c\u0105 od sieci 26 lotnisk, z kt\u00f3rych po\u0142owa ma utwardzone pasy startowe. G\u0142\u00f3wna mi\u0119dzynarodowa brama w Duszanbe \u0142\u0105czy si\u0119 ze stolicami region\u00f3w i miastami rosyjskimi. Modernizacje dr\u00f3g i projekty tuneli w Anzob, Shakhristan i gdzie indziej maj\u0105 na celu u\u0142atwienie dost\u0119pu przez wzniesienia i pogod\u0119.<\/p>\n<p>Tury\u015bci spotykaj\u0105 nar\u00f3d kontrast\u00f3w. Skromne miasta Jedwabnego Szlaku w Ferganie \u2014 Khujand, Isfara i Istaravshan \u2014 zachowa\u0142y dziedzi\u0144ce madras i aleje bazar\u00f3w. W Pend\u017cakencie znajduj\u0105 si\u0119 proto-miejskie ruiny Sarazmu i pozosta\u0142o\u015bci sogdyjskich osad. G\u00f3ry Fann w Zeravshan przyci\u0105gaj\u0105 wspinaczy granitowymi grzbietami i polodowcowymi jeziorami. Dalej Pamir Highway wije si\u0119 przez wioski przyklejone do brzeg\u00f3w rzek po\u015br\u00f3d szczyt\u00f3w wznosz\u0105cych si\u0119 na wysoko\u015b\u0107 4500 metr\u00f3w. Duszanbe oferuje zielone aleje, wspania\u0142e pomniki i r\u0119cznie haftowane hafty eksponowane na bazarach.<\/p>\n<p>Praktyczne sprawy wymagaj\u0105 planowania. Somoni, podzielone na 100 diram\u00f3w, najcz\u0119\u015bciej kr\u0105\u017cy w monetach o nomina\u0142ach jednego, trzech i pi\u0119ciu somoni. Banki i bankomaty wydaj\u0105 got\u00f3wk\u0119; karty kredytowe dzia\u0142aj\u0105 niemal wy\u0142\u0105cznie za po\u015brednictwem sieci Visa. Ceny na bazarach zach\u0119caj\u0105 do negocjacji; sklepy stacjonarne stosuj\u0105 si\u0119 do ustalonych metek. Odwiedzaj\u0105cy powinni przychodzi\u0107 z somoni, poniewa\u017c u\u017cywanie waluty obcej narusza lokalne prawo. Dok\u0142adna reszta cz\u0119sto okazuje si\u0119 nieuchwytna, poniewa\u017c kupcy zaokr\u0105glaj\u0105 do najbli\u017cszej pe\u0142nej kwoty, ale \u017c\u0105danie dok\u0142adnej reszty zazwyczaj si\u0119 udaje.<\/p>\n<p>Ryzyko bezpiecze\u0144stwa pozostaje niskie w przypadku drobnych przest\u0119pstw; miejscowi okazuj\u0105 zwyczajow\u0105 go\u015bcinno\u015b\u0107, a kradzie\u017ce kieszonkowe s\u0105 rzadkie. Wyzwania bezpiecze\u0144stwa pojawiaj\u0105 si\u0119 w pobli\u017cu granicy z Afganistanem i w odizolowanych osadach Pamiri. Po zmroku samotna podr\u00f3\u017c na terenach wiejskich wi\u0105\u017ce si\u0119 z wi\u0119kszym ryzykiem. Organom \u015bcigania mo\u017ce brakowa\u0107 zasob\u00f3w, a pro\u015bby o \u0142ap\u00f3wki pojawiaj\u0105 si\u0119; udawanie nieporozumienia cz\u0119sto \u0142agodzi \u017c\u0105dania. Przerwy w dostawie pr\u0105du i wody mog\u0105 trwa\u0107 dni; noszenie przeno\u015bnych \u0142adowarek i dodatkowych baterii \u0142agodzi niedogodno\u015bci.<\/p>\n<p>Normy kulturowe zas\u0142uguj\u0105 na szacunek. Odwiedzaj\u0105cy powinni nosi\u0107 skromny ubi\u00f3r poza Duszanbe \u2014 zakrywaj\u0105cy ramiona i kolana \u2014 i nosi\u0107 chust\u0119 na wizyty w meczecie, chocia\u017c wst\u0119p dla kobiet pozostaje ograniczony i zwykle ograniczony do godzin poza modlitw\u0105 lub grup z przewodnikiem. Interakcja ze starszymi wymaga po\u0142o\u017cenia r\u0119ki na sercu. Publiczne okazywanie uczu\u0107 os\u00f3b tej samej p\u0142ci, cho\u0107 nie jest nielegalne, mo\u017ce wywo\u0142a\u0107 wrogo\u015b\u0107 w konserwatywnym spo\u0142ecze\u0144stwie. Rozmowy o polityce, szczeg\u00f3lnie o Rosji lub Afganistanie, gro\u017c\u0105 napi\u0119ciami.<\/p>\n<p>Samotne podr\u00f3\u017cniczki uwa\u017caj\u0105 Tad\u017cykistan za og\u00f3lnie bezpieczny, je\u015bli s\u0105 przyzwyczajone do niezale\u017cnych podr\u00f3\u017cy. Dyskretny str\u00f3j, obr\u0105czka \u015blubna jako \u015brodek ostro\u017cno\u015bci przed niechcian\u0105 uwag\u0105 i grupowe wycieczki w odleg\u0142e g\u00f3rskie rejony zwi\u0119kszaj\u0105 komfort. Przewodniczki dzia\u0142aj\u0105 za po\u015brednictwem Pamir Eco-Cultural Tourism Association na wycieczkach w regionach, w kt\u00f3rych m\u0119skie towarzystwo mo\u017ce powodowa\u0107 niepok\u00f3j.<\/p>\n<p>Przepisy eksportowe zabraniaj\u0105 usuwania nieprzetworzonych kamieni, metali lub bi\u017cuterii bez oficjalnych znak\u00f3w. Fotografowanie niekt\u00f3rych budynk\u00f3w rz\u0105dowych wi\u0105\u017ce si\u0119 z karami prawnymi. Przest\u0119pstwa narkotykowe poci\u0105gaj\u0105 za sob\u0105 surowe wyroki. Ambasady zapewniaj\u0105 pomoc w nag\u0142ych wypadkach lub w sprawach paszportowych.<\/p>\n<p>Trzy miejsca wpisane na list\u0119 UNESCO \u015bwiadcz\u0105 o dziedzictwie kraju: krajobraz archeologiczny Sarazmu, staro\u017cytne miasto Pend\u017cakent i g\u00f3rzysty obszar Tad\u017cyckiego Parku Narodowego. Miejsca te oferuj\u0105 namacalne powi\u0105zania z wiekami ludzkiego wysi\u0142ku na tle wznosz\u0105cych si\u0119 szczyt\u00f3w.<\/p>\n<p>Szczyty, doliny i dziedzictwo kulturowe Tad\u017cykistanu opieraj\u0105 si\u0119 powierzchownemu przedstawieniu. Jego mieszka\u0144cy nosz\u0105 pi\u0119tno stuleci imperium i step\u00f3w. Kamienne pomniki stoj\u0105 jako przypomnienia o zaginionych dynastiach, podczas gdy kana\u0142y irygacyjne nios\u0105 pami\u0119\u0107 tak samo pewnie jak woda. Dla tych, kt\u00f3rzy przemierzaj\u0105 jego kr\u0119te drogi, kraj ujawnia sw\u00f3j kszta\u0142t nie tylko w wspania\u0142ych widokach, ale w cichych rytmach codziennego \u017cycia: starsi zebrani przy herbaciarni, targi o\u017cywione g\u0142osami targowymi i sta\u0142y puls wiosennego topnienia na wy\u017cynach, kt\u00f3re definiuj\u0105 charakter narodu.<\/p>","protected":false},"excerpt":{"rendered":"<p>Tad\u017cykistan, oficjalnie znany jako Republika Tad\u017cykistanu, jest krajem \u015br\u00f3dl\u0105dowym po\u0142o\u017conym w sercu Azji \u015arodkowej. Z populacj\u0105 oko\u0142o dziesi\u0119ciu milion\u00f3w, ten nar\u00f3d szczyci si\u0119 zr\u00f3\u017cnicowanym spektrum pi\u0119kna przyrody, dziedzictwa i kultury. Duszanbe, stolica i najludniejsze miasto w kraju, jest zar\u00f3wno politycznym, jak i ekonomicznym centrum. Strategicznie po\u0142o\u017cony Tad\u017cykistan graniczy z Afganistanem na po\u0142udniu, Uzbekistanem na zachodzie, Kirgistanem na p\u00f3\u0142nocy i Chinami na wschodzie, przecinaj\u0105c kilka s\u0105siednich kraj\u00f3w. Co ciekawe, ograniczony korytarz Wacha\u0144ski oddziela Afganistan od Pakistanu, co jest geograficzn\u0105 osobliwo\u015bci\u0105, kt\u00f3ra pomaga wyja\u015bni\u0107 ich wyj\u0105tkowe po\u0142o\u017cenie w regionie.<\/p>","protected":false},"author":1,"featured_media":4607,"parent":24063,"menu_order":0,"comment_status":"closed","ping_status":"closed","template":"elementor_theme","meta":{"_eb_attr":"","footnotes":""},"class_list":["post-15662","page","type-page","status-publish","has-post-thumbnail"],"_links":{"self":[{"href":"https:\/\/travelshelper.com\/pl\/wp-json\/wp\/v2\/pages\/15662","targetHints":{"allow":["GET"]}}],"collection":[{"href":"https:\/\/travelshelper.com\/pl\/wp-json\/wp\/v2\/pages"}],"about":[{"href":"https:\/\/travelshelper.com\/pl\/wp-json\/wp\/v2\/types\/page"}],"author":[{"embeddable":true,"href":"https:\/\/travelshelper.com\/pl\/wp-json\/wp\/v2\/users\/1"}],"replies":[{"embeddable":true,"href":"https:\/\/travelshelper.com\/pl\/wp-json\/wp\/v2\/comments?post=15662"}],"version-history":[{"count":0,"href":"https:\/\/travelshelper.com\/pl\/wp-json\/wp\/v2\/pages\/15662\/revisions"}],"up":[{"embeddable":true,"href":"https:\/\/travelshelper.com\/pl\/wp-json\/wp\/v2\/pages\/24063"}],"wp:featuredmedia":[{"embeddable":true,"href":"https:\/\/travelshelper.com\/pl\/wp-json\/wp\/v2\/media\/4607"}],"wp:attachment":[{"href":"https:\/\/travelshelper.com\/pl\/wp-json\/wp\/v2\/media?parent=15662"}],"curies":[{"name":"wp","href":"https:\/\/api.w.org\/{rel}","templated":true}]}}