{"id":15647,"date":"2024-09-21T16:59:50","date_gmt":"2024-09-21T16:59:50","guid":{"rendered":"https:\/\/travelshelper.com\/staging\/?page_id=15647"},"modified":"2026-03-11T20:55:22","modified_gmt":"2026-03-11T20:55:22","slug":"tajwan","status":"publish","type":"page","link":"https:\/\/travelshelper.com\/pl\/destinations\/asia\/taiwan\/","title":{"rendered":"Tajwan"},"content":{"rendered":"<p>Tajwan zajmuje w\u0105ski \u0142uk mi\u0119dzy Morzem Wschodniochi\u0144skim i Po\u0142udniowochi\u0144skim, gdzie pi\u0119\u0107 pasm g\u00f3rskich dominuje nad dwiema trzecimi jego wschodnimi cz\u0119\u015bciami, a szereg r\u00f3wnin rozci\u0105ga si\u0119 przez zachodni\u0105 trzeci\u0105 cz\u0119\u015b\u0107. Sama wyspa rozci\u0105ga si\u0119 na powierzchni 35 808 kilometr\u00f3w kwadratowych, w sumie na 168 wyspach pod jurysdykcj\u0105 Republiki Chi\u0144skiej, obejmuj\u0105cych 36 193 kilometr\u00f3w kwadratowych. Tajpej, Nowe Tajpej i Keelung tworz\u0105 najwi\u0119ksz\u0105 aglomeracj\u0119, w kt\u00f3rej mieszka prawie 24 miliony ludzi, co plasuje Tajwan w\u015br\u00f3d najg\u0119\u015bciej zaludnionych terytori\u00f3w na \u015bwiecie.<\/p>\n<p>Obecno\u015b\u0107 cz\u0142owieka na Tajwanie si\u0119ga co najmniej 25 000 lat wstecz. Oko\u0142o 6000 lat temu przybyli osadnicy austronezyjscy i za\u0142o\u017cyli przodk\u00f3w dzisiejszych spo\u0142eczno\u015bci tubylczych. Na pocz\u0105tku XVII wieku holenderskie w\u0142adze kolonialne nadzorowa\u0142y pierwszy du\u017cy nap\u0142yw migrant\u00f3w z dynastii Han, ruch, kt\u00f3ry trwa\u0142 pod rz\u0105dami Kr\u00f3lestwa Tungning, pierwszego pa\u0144stwa na wyspie kierowanego przez dynasti\u0119 Han. Si\u0142y Qing zaanektowa\u0142y Tajwan w 1683 r., a nast\u0119pnie odda\u0142y go Japonii w 1895 r. Po kapitulacji Japonii w 1945 r. kontrol\u0119 przej\u0119\u0142a Republika Chi\u0144ska; konflikt wewn\u0119trzny z si\u0142ami komunistycznymi doprowadzi\u0142 do przeniesienia rz\u0105du Republiki Chi\u0144skiej na Tajwan w 1949 r., ograniczaj\u0105c jego skuteczne rz\u0105dy odt\u0105d do Tajwanu, Penghu, Kinmen, Matsu i kilku wysepek na Morzu Po\u0142udniowochi\u0144skim.<\/p>\n<p>Mi\u0119dzy latami 60. a 80. XX wieku gospodarka Tajwanu rozwija\u0142a si\u0119 szybko, transformacja ta jest cz\u0119sto nazywana cudem Tajwanu. Industrializacja przebiega\u0142a zgodnie z modelem zorientowanym na eksport, skoncentrowanym na stali, maszynach, elektronice i chemikaliach. Ma\u0142e i \u015brednie przedsi\u0119biorstwa sta\u0142y si\u0119 kr\u0119gos\u0142upem produkcji, r\u00f3\u017cni\u0105c si\u0119 od du\u017cych konglomerat\u00f3w s\u0105siednich gospodarek. Do pa\u017adziernika 2022 r. Tajwan zajmowa\u0142 dwudzieste pierwsze miejsce pod wzgl\u0119dem nominalnego PKB i dwudzieste pod wzgl\u0119dem parytetu si\u0142y nabywczej, przy ca\u0142kowitym handlu si\u0119gaj\u0105cym 907 mld USD: eksport 479,5 mld USD, a import 427,6 mld USD. Chiny, Stany Zjednoczone i Japonia \u0142\u0105cznie odpowiada\u0142y za ponad czterdzie\u015bci procent tej wymiany. Parki high-tech i przej\u015bcie w kierunku kapita\u0142och\u0142onnych ga\u0142\u0119zi przemys\u0142u wspiera\u0142y trwa\u0142y wzrost.<\/p>\n<p>Pod wzgl\u0119dem geologicznym Tajwan jest blokiem uskok\u00f3w przechylonych. Pi\u0119\u0107 pasm g\u00f3rskich na wschodzie obejmuje szczyty powy\u017cej 3500 metr\u00f3w; najwy\u017cszy, Yu Shan, wznosi si\u0119 na 3952 metr\u00f3w, co czyni Tajwan czwart\u0105 co do wysoko\u015bci wysp\u0105 w Azji Wschodniej. Aktywna tektonika i podwodny wulkanizm wywo\u0142uj\u0105 cz\u0119ste trz\u0119sienia ziemi. Cztery ekoregiony l\u0105dowe \u2014 subtropikalne lasy wiecznie zielone, lasy deszczowe monsunowe, wyspy Morza Po\u0142udniowochi\u0144skiego i lasy monsunowe po\u0142udniowe \u2014 s\u0105 siedliskiem r\u00f3\u017cnorodnej flory i fauny. Integralno\u015b\u0107 pokrywy le\u015bnej uzyska\u0142a 6,38 na 10 punkt\u00f3w w 2019 r., co plasuje Tajwan na siedemdziesi\u0105tym sz\u00f3stym miejscu w\u015br\u00f3d 172 kraj\u00f3w.<\/p>\n<p>Klimatycznie Tajwan le\u017cy na Zwrotniku Raka. \u015arednie roczne opady wynosz\u0105 2600 milimetr\u00f3w, z ulewnymi deszczami od maja do wrze\u015bnia z powodu monsunu wschodnioazjatyckiego. Gor\u0105ca, wilgotna pogoda utrzymuje si\u0119 od czerwca do wrze\u015bnia, kiedy najcz\u0119\u015bciej wyst\u0119puj\u0105 tajfuny. Zimy, od listopada do marca, przynosz\u0105 sta\u0142e deszcze na p\u00f3\u0142nocnym wschodzie, podczas gdy strefy centralne i po\u0142udniowe pozostaj\u0105 stosunkowo suche i s\u0142oneczne. \u015arednie temperatury wzros\u0142y o 1,4 \u00b0C w ostatnim stuleciu \u2014 dwukrotnie wi\u0119cej ni\u017c \u015bredni wzrost globalny \u2014 co sk\u0142oni\u0142o rz\u0105d do ustalenia cel\u00f3w redukcji emisji o 20 procent do 2030 r. i o 50 procent do 2050 r. w por\u00f3wnaniu z poziomami z 2005 r.<\/p>\n<p>Status polityczny wyspy pozostaje nierozstrzygni\u0119ty. Tajwan utraci\u0142 swoje miejsce w Organizacji Narod\u00f3w Zjednoczonych w 1971 r., poniewa\u017c cz\u0142onkowie uznali Chi\u0144sk\u0105 Republik\u0119 Ludow\u0105; rz\u0105d Republiki Chi\u0144skiej wycofa\u0142 si\u0119 ze swojego roszczenia z 1949 r. do reprezentowania ca\u0142ych Chin w 1991 r. Pekin utrzymuje, \u017ce Tajwan stanowi cz\u0119\u015b\u0107 jego terytorium i odmawia uznania dyplomatycznego pa\u0144stwom utrzymuj\u0105cym formalne stosunki z Tajpej. Obecnie Republika Chi\u0144ska utrzymuje oficjalne stosunki z jedenastoma cz\u0142onkami ONZ i Stolic\u0105 Apostolsk\u0105, podczas gdy inne goszcz\u0105 de facto ambasady pod r\u00f3\u017cnymi nazwami. Polityka krajowa koncentruje si\u0119 wok\u00f3\u0142 dw\u00f3ch koalicji: partie Pan-Blue opowiadaj\u0105 si\u0119 za ostatecznym zjednoczeniem pod rz\u0105dami Republiki Chi\u0144skiej, podczas gdy grupy Pan-Green popieraj\u0105 formaln\u0105 niepodleg\u0142o\u015b\u0107. Obie strony maj\u0105 umiarkowane stanowiska, aby apelowa\u0107 szerzej.<\/p>\n<p>Sieci transportowe koncentruj\u0105 si\u0119 tam, gdzie gromadz\u0105 si\u0119 ludzie. Do marca 2019 r. 13,86 mln skuter\u00f3w przewozi\u0142o mieszka\u0144c\u00f3w dwa razy wi\u0119cej ni\u017c samochod\u00f3w. Autostrady rozci\u0105gaj\u0105 si\u0119 na 1619 kilometr\u00f3w, g\u0142\u00f3wnie wzd\u0142u\u017c wybrze\u017cy. Tajwa\u0144ska Administracja Kolejowa obs\u0142uguje system okr\u0119\u017cny; Tajwa\u0144ska Szybka Kolej \u0142\u0105czy miasta zachodnie. Metropolie miejskie obs\u0142uguj\u0105 Tajpej, Nowe Tajpej, Kaohsiung, Taoyuan i Taichung. Lotniska w Taoyuan, Kaohsiung, Songshan i Taichung obs\u0142uguj\u0105 ruch cywilny. Dzia\u0142a siedem krajowych linii lotniczych, na czele z China Airlines i EVA Air. Siedem port\u00f3w morskich, z kt\u00f3rych Kaohsiung obs\u0142uguje 58,6 procent z 750 milion\u00f3w ton przepustowo\u015bci kraju w 2021 r., wspiera handel morski.<\/p>\n<p>Populacja Tajwanu, oko\u0142o 23,4 miliona w 2022 r., obejmuje 95 procent Chi\u0144czyk\u00f3w Han, 2,4 procent rdzennych Austronezyjczyk\u00f3w i 2,6 procent niedawnych przybysz\u00f3w z Chin i Azji Po\u0142udniowo-Wschodniej. W\u015br\u00f3d Han\u00f3w pochodzenie Hoklo stanowi oko\u0142o 70 procent, Hakka 15 procent, a \u201ewaishengren\u201d tych zwi\u0105zanych z migrantami po 1949 r. Analizy genetyczne wskazuj\u0105 na po\u0142udniowochi\u0144skie pochodzenie z wymieszaniem si\u0119 grup austronezyjskich przed migracj\u0105. Szesna\u015bcie spo\u0142eczno\u015bci tubylczych \u2014 Ami, Atayal, Bunun, Kanakanavu, Kavalan, Paiwan, Puyuma, Rukai, Saisiyat, Saaroa, Sakizaya, Sediq, Thao, Truku, Tsou i Yami \u2014 zamieszkuje wschodnie wy\u017cyny i Wysp\u0119 Orchidei. Ich j\u0119zyki nale\u017c\u0105 do rodzin austronezyjskich i pos\u0142uguj\u0105 si\u0119 pismem \u0142aci\u0144skim; u\u017cycie zmniejszy\u0142o si\u0119 poza wysi\u0142kami na rzecz odrodzenia kulturowego.<\/p>\n<p>Mandary\u0144ski dominuje w biznesie i edukacji bez prawnie okre\u015blonego j\u0119zyka urz\u0119dowego. Tradycyjne znaki chi\u0144skie pozostaj\u0105 standardowym systemem pisma. Tajwa\u0144ski Hokkien, kt\u00f3rym pos\u0142uguje si\u0119 70 procent populacji, i Hakka, kt\u00f3rym pos\u0142uguje si\u0119 14\u201318 procent, pojawi\u0142y si\u0119 ponownie w \u017cyciu publicznym od lat 90. Ruch d\u0105\u017cy do uproszczenia tekst\u00f3w s\u0105dowych do j\u0119zyka chi\u0144skiego, poniewa\u017c wiele orzecze\u0144 nadal wykorzystuje formy klasyczne. Klasyczny chi\u0144ski przetrwa\u0142 w formalnych kontekstach ceremonialnych, w tym w hymnie narodowym.<\/p>\n<p>Wolno\u015b\u0107 religijna jest zapisana w konstytucji. W 2020 r. religie ludowe stanowi\u0142y 43,8 proc. wyznawc\u00f3w, buddyzm 21,2 proc., praktyki zwi\u0105zane z taoizmem 15,5 proc., niezrzeszone 13,7 proc., chrze\u015bcija\u0144stwo 5,8 proc., a islam 1 proc. Istnieje oko\u0142o 15 175 budynk\u00f3w religijnych \u2014 jeden na 1 572 mieszka\u0144c\u00f3w \u2014 w tym 2 317 \u015bwi\u0105ty\u0144 buddyjskich, 9 684 \u015bwi\u0105ty\u0144 taoistycznych i 2 845 ko\u015bcio\u0142\u00f3w. Rdzenni chrze\u015bcijanie stanowi\u0105 znacz\u0105c\u0105 mniejszo\u015b\u0107. Wysokie wyniki w zakresie wolno\u015bci religijnej uczyni\u0142y Tajwan jednym z niewielu \u201eotwartych\u201d spo\u0142ecze\u0144stw w regionie Azji i Pacyfiku.<\/p>\n<p>Po\u0142\u0105czenie tradycji chi\u0144skich Han, rdzennych zwyczaj\u00f3w, japo\u0144skich kolonialnych spu\u015bcizn i zachodnich idei kszta\u0142tuje kultur\u0119 Tajwanu. Podczas stanu wojennego w\u0142adze Kuomintangu promowa\u0142y \u201echi\u0144ski renesans kulturowy\u201d, aby zachowa\u0107 tradycyjne sztuki i j\u0119zyk. Po 1987 r. ograniczenia z\u0142agodzono, umo\u017cliwiaj\u0105c rozkwit literatury, medi\u00f3w i \u015brodowiska akademickiego. W 2022 r. Tajwan zaj\u0105\u0142 drugie miejsce w regionie Azji i Pacyfiku w Indeksie Demokracji; swobody obywatelskie i wolno\u015b\u0107 wypowiedzi wspieraj\u0105 t\u0119tni\u0105c\u0105 \u017cyciem scen\u0119 kulturaln\u0105. Ostatnie fale migrant\u00f3w z Hongkongu wzbogaci\u0142y dyskurs, osi\u0105gaj\u0105c \u015brednio prawie 9000 przybysz\u00f3w rocznie od 2019 do 2022 r.<\/p>\n<p>Administracyjnie Tajwan dzieli si\u0119 na regiony: p\u00f3\u0142nocny, centralny, wschodni, po\u0142udniowy i wyspy zewn\u0119trzne. P\u00f3\u0142nocny Tajwan, zakotwiczony w Tajpej, pe\u0142ni funkcj\u0119 politycznego i technologicznego centrum. Obszary centralne obejmuj\u0105 Changhua, Miaoli, Nantou i Taichung, znane z g\u00f3r, jezior i park\u00f3w. Wschodnie hrabstwa Yilan, Hualien i Taitung le\u017c\u0105 poza centralnym kr\u0119gos\u0142upem, miejscami dziedzictwa rdzennej ludno\u015bci i naturalnymi widokami. Po\u0142udniowe lokalizacje \u2014 Chiayi, Kaohsiung, Pingtung i Tainan \u2014 charakteryzuj\u0105 si\u0119 tropikalnymi wybrze\u017cami i historyczn\u0105 architektur\u0105. Wyspy zewn\u0119trzne \u2014 Kinmen, Matsu, Penghu, Green i Orchid \u2014 oferuj\u0105 lokalne odosobnienia.<\/p>\n<p>O\u015brodki miejskie rozci\u0105gaj\u0105 si\u0119 od Tajpej, globalnej metropolii z takimi punktami orientacyjnymi jak Tajpej 101 i Narodowe Muzeum Pa\u0142acowe, po Jiufen, dawn\u0105 wiosk\u0119 g\u00f3rnicz\u0105 s\u0142yn\u0105c\u0105 z w\u0105skich uliczek i widok\u00f3w na morze. Tainan zachowuje status najstarszego miasta Tajwanu, ze \u015bwi\u0105tyniami i kolonialnymi reliktami, takimi jak Anping Tree House. Kaohsiung, trzecie co do wielko\u015bci miasto, jest gospodarzem jednego z najbardziej ruchliwych port\u00f3w i nowoczesnego nabrze\u017ca. Taichung przyci\u0105ga turyst\u00f3w swoimi piekarniami i parkami kulturowymi; Hualien i Taitung oferuj\u0105 dost\u0119p do w\u0105wozu Taroko i nadmorskich klif\u00f3w.<\/p>\n<p>Zaj\u0119cia na \u015bwie\u017cym powietrzu s\u0105 atrakcyjne na ca\u0142ej wyspie. Gor\u0105ce \u017ar\u00f3d\u0142a w Beitou, Wulai i Yangmingshan odzwierciedlaj\u0105 dziedzictwo wulkaniczne; publiczne \u0142a\u017anie wymagaj\u0105 dok\u0142adnego oczyszczenia przed wej\u015bciem i cz\u0119sto s\u0105 podzielone ze wzgl\u0119du na p\u0142e\u0107, chocia\u017c niekt\u00f3re oferuj\u0105 prywatne baseny, do kt\u00f3rych wymagany jest garnitur. Szlaki g\u00f3rskie obejmuj\u0105 \u0142agodne trasy w mie\u015bcie Tajpej, a tak\u017ce wielodniowe w\u0119dr\u00f3wki po Yushan i Wuling Sixiu, na kt\u00f3re obowi\u0105zuj\u0105 zezwolenia i loterie noclegowe. Po\u0142\u00f3w krewetek w krytych basenach, zarybionych tajskimi krewetkami i po\u0142\u0105czony z gotowaniem na miejscu, sta\u0142 si\u0119 popularny zar\u00f3wno w\u015br\u00f3d mieszka\u0144c\u00f3w, jak i turyst\u00f3w.<\/p>\n<p>Nowy dolar tajwa\u0144ski (NT$) dzieli si\u0119 na 100 cent\u00f3w (\u5206); potocznie juan i ku\u00e0i oznaczaj\u0105 jednostk\u0119, podczas gdy f\u0113n, ji\u01ceo i m\u00e1o oznaczaj\u0105 kwoty u\u0142amkowe. Koszty utrzymania s\u0105 ni\u017csze ni\u017c w Japonii i Korei Po\u0142udniowej, ale przekraczaj\u0105 wiele miejsc w Azji Po\u0142udniowo-Wschodniej. Minimalny dzienny bud\u017cet mo\u017ce zaczyna\u0107 si\u0119 od 1000 NT$; posi\u0142ki uliczne kosztuj\u0105 50 NT$ lub mniej, fast-food oko\u0142o 150 NT$, a wykwintne restauracje ponad 1000 NT$. Ekskluzywne hotele mog\u0105 oferowa\u0107 pokoje za 5000 NT$ lub wi\u0119cej. Taks\u00f3wki dzia\u0142aj\u0105 na podstawie taksometr\u00f3w lub sta\u0142ych op\u0142at z mo\u017cliwo\u015bci\u0105 negocjacji; napiwki s\u0105 rzadko\u015bci\u0105 poza napiwkami dla baga\u017cowych.<\/p>\n<p>Zwyczaje i etykieta odzwierciedlaj\u0105 konfucja\u0144skie zasady szacunku i harmonii. Wizyt\u00f3wki wymieniane s\u0105 obiema r\u0119kami i lekko si\u0119 k\u0142aniaj\u0105. Prezenty tabu obejmuj\u0105 zegary, buty, no\u017ce i parasole, ze wzgl\u0119du na skojarzenia j\u0119zykowe lub symboliczne. Buty nale\u017cy zdj\u0105\u0107 przed wej\u015bciem do domu, nale\u017cy zapewni\u0107 kapcie. Anonimowe wr\u0119czanie prezent\u00f3w w\u015br\u00f3d przyjaci\u00f3\u0142 zach\u0119ca do wzajemno\u015bci w czasie wolnym. Transport publiczny rezerwuje miejsca priorytetowe dla starszych, niepe\u0142nosprawnych i kobiet w ci\u0105\u017cy. W \u015bwi\u0105tyniach odwiedzaj\u0105cy powinni k\u0142ania\u0107 si\u0119 b\u00f3stwom, unika\u0107 st\u0105pania po progach i powstrzymywa\u0107 si\u0119 od wskazywania jednym palcem.<\/p>\n<p>To\u017csamo\u015b\u0107 Tajwanu nadal ewoluuje po\u015br\u00f3d zewn\u0119trznych nacisk\u00f3w i wewn\u0119trznych debat. Niekt\u00f3rzy podkre\u015blaj\u0105 wyj\u0105tkowe chi\u0144skie dziedzictwo; inni przyjmuj\u0105 odr\u0119bny tajwa\u0144ski nacjonalizm lub wielokulturow\u0105 perspektyw\u0119, kt\u00f3ra obejmuje narracje rdzennych mieszka\u0144c\u00f3w, mieszka\u0144c\u00f3w kontynentu i imigrant\u00f3w. Ta dynamika odzwierciedla ponad wiek oddzielenia od kontynentu i zaanga\u017cowanie na rzecz wolno\u015bci demokratycznych, kt\u00f3re kszta\u0142tuj\u0105 jego spo\u0142ecze\u0144stwo, kultur\u0119 i obecno\u015b\u0107 mi\u0119dzynarodow\u0105.<\/p>","protected":false},"excerpt":{"rendered":"<p>Tajwan jest wyspiarskim pa\u0144stwem Azji Wschodniej, licz\u0105cym oko\u0142o 23,9 miliona ludzi, co czyni go jednym z najg\u0119\u015bciej zaludnionych pa\u0144stw na Ziemi. Strategiczne po\u0142o\u017cenie Tajwanu na p\u00f3\u0142nocno-zachodnim Pacyfiku, pomi\u0119dzy Morzem Wschodniochi\u0144skim i Po\u0142udniowochi\u0144skim, w znacznym stopniu ukszta\u0142towa\u0142o jego z\u0142o\u017con\u0105 histori\u0119 i geopolityczne znaczenie.<\/p>","protected":false},"author":1,"featured_media":3752,"parent":24063,"menu_order":0,"comment_status":"closed","ping_status":"closed","template":"elementor_theme","meta":{"_eb_attr":"","footnotes":""},"class_list":["post-15647","page","type-page","status-publish","has-post-thumbnail"],"_links":{"self":[{"href":"https:\/\/travelshelper.com\/pl\/wp-json\/wp\/v2\/pages\/15647","targetHints":{"allow":["GET"]}}],"collection":[{"href":"https:\/\/travelshelper.com\/pl\/wp-json\/wp\/v2\/pages"}],"about":[{"href":"https:\/\/travelshelper.com\/pl\/wp-json\/wp\/v2\/types\/page"}],"author":[{"embeddable":true,"href":"https:\/\/travelshelper.com\/pl\/wp-json\/wp\/v2\/users\/1"}],"replies":[{"embeddable":true,"href":"https:\/\/travelshelper.com\/pl\/wp-json\/wp\/v2\/comments?post=15647"}],"version-history":[{"count":0,"href":"https:\/\/travelshelper.com\/pl\/wp-json\/wp\/v2\/pages\/15647\/revisions"}],"up":[{"embeddable":true,"href":"https:\/\/travelshelper.com\/pl\/wp-json\/wp\/v2\/pages\/24063"}],"wp:featuredmedia":[{"embeddable":true,"href":"https:\/\/travelshelper.com\/pl\/wp-json\/wp\/v2\/media\/3752"}],"wp:attachment":[{"href":"https:\/\/travelshelper.com\/pl\/wp-json\/wp\/v2\/media?parent=15647"}],"curies":[{"name":"wp","href":"https:\/\/api.w.org\/{rel}","templated":true}]}}