{"id":15472,"date":"2024-09-21T13:55:29","date_gmt":"2024-09-21T13:55:29","guid":{"rendered":"https:\/\/travelshelper.com\/staging\/?page_id=15472"},"modified":"2026-03-11T21:52:17","modified_gmt":"2026-03-11T21:52:17","slug":"zjednoczone-emiraty-arabskie","status":"publish","type":"page","link":"https:\/\/travelshelper.com\/pl\/destinations\/asia\/united-arab-emirates\/","title":{"rendered":"Zjednoczone Emiraty Arabskie"},"content":{"rendered":"<p>Po\u0142o\u017cone na wschodnim kra\u0144cu P\u00f3\u0142wyspu Arabskiego Zjednoczone Emiraty Arabskie (ZEA) wy\u0142aniaj\u0105 si\u0119 jako uderzaj\u0105cy przyk\u0142ad szybkiej transformacji. W ci\u0105gu zaledwie p\u00f3\u0142 wieku, zbi\u00f3r ma\u0142ych nadmorskich szejk\u00f3w i pustynnych oaz po\u0142\u0105czy\u0142 si\u0119 w federacj\u0119 siedmiu emirat\u00f3w \u2014 Abu Zabi, Dubaj, Szard\u017ca, Ad\u017cman, Umm al-Kajwajn, Ras al-Chajma i Fud\u017cajra \u2014 ka\u017cdy rz\u0105dzony przez w\u0142asnego suwerena, ale po\u0142\u0105czony pod federaln\u0105 monarchi\u0105 elekcyjn\u0105. Z Abu Zabi jako siedzib\u0105 prezydenta i centrum politycznym, federacja rozci\u0105ga si\u0119 na oko\u0142o 83 600 kilometr\u00f3w kwadratowych, jej terytorium naznaczone jest ruchomymi wydmami, pustynnymi g\u00f3rami, b\u0142yszcz\u0105cymi liniami brzegowymi i enklawami, kt\u00f3rych granice szepcz\u0105 o dawnych umowach i przeci\u0105gaj\u0105cych si\u0119 sporach.<\/p>\n<p>Kontury Emirat\u00f3w wyznaczaj\u0105 zar\u00f3wno pustynia, jak i morze. Na po\u0142udniowym zachodzie i zachodzie le\u017cy Arabia Saudyjska; na wschodzie i p\u00f3\u0142nocnym wschodzie Oman; po drugiej stronie w\u00f3d Zatoki Perskiej Katar i Iran; a na p\u00f3\u0142nocnym wschodzie Zatoka Oma\u0144ska otwiera si\u0119 na Ocean Indyjski. Rub al-Khali, tak zwana Pusta \u0106wiartka, naciska na po\u0142udniowe kra\u0144ce Abu Zabi w morzu wypalonych piask\u00f3w ochry. Dalej na p\u00f3\u0142noc g\u00f3ry Al-Had\u017car rozcinaj\u0105 krajobraz, a ich szare wapienne grzbiety wznosz\u0105 si\u0119 na prawie 1900 metr\u00f3w w D\u017cabal D\u017cajs w Ras al-Khaimah. Pomi\u0119dzy tymi skrajno\u015bciami le\u017c\u0105 oazy: Liwa, rozleg\u0142a i odizolowana w pobli\u017cu granicy z Arabi\u0105 Saudyjsk\u0105; Al-Buraimi, rozci\u0105gaj\u0105ca si\u0119 nad granic\u0105 z Omanem; i sztuczne jezioro Zakher w Al Ain, dow\u00f3d mistrzostwa zwi\u0105zku w radzeniu sobie z niedoborem w\u00f3d gruntowych.<\/p>\n<p>R\u00f3wniny przybrze\u017cne rozci\u0105gaj\u0105 si\u0119 pod niebem, kt\u00f3re przez wi\u0119ksz\u0105 cz\u0119\u015b\u0107 roku pali si\u0119 nieustaj\u0105cym s\u0142o\u0144cem. Wzd\u0142u\u017c oko\u0142o 650 kilometr\u00f3w linii brzegowej, solniska rozci\u0105gaj\u0105 si\u0119 w g\u0142\u0105b l\u0105du, zanim ust\u0105pi\u0105 miejsca platformom wiertniczym, portom i miastom. Naturalny port Dubaju, kiedy\u015b skromny, zosta\u0142 rozbudowany dzi\u0119ki pog\u0142\u0119bianiu; Abu Zabi, Szard\u017ca i inne emiraty utrzymuj\u0105 g\u0142\u0119bokowodne porty, kt\u00f3re \u0142\u0105cz\u0105 Emiraty z handlem \u015bwiatowym. Jednak te sztuczne porty le\u017c\u0105 obok raf koralowych i ruchomych mielizn, kt\u00f3re od dawna wystawiaj\u0105 na pr\u00f3b\u0119 umiej\u0119tno\u015bci marynarzy. Silne p\u0142ywy i nag\u0142e burze wiatrowe nadal kszta\u0142tuj\u0105 lini\u0119 brzegow\u0105, nawet gdy najnowocze\u015bniejsze systemy nawigacji i elektronicznego sterowania u\u0142atwiaj\u0105 przep\u0142yw gigantycznych tankowc\u00f3w za\u0142adowanych czarnym z\u0142otem, kt\u00f3re jest podstaw\u0105 bogactwa narodowego.<\/p>\n<p>Klimat pod\u0105\u017ca za swoim pustynnym charakterem: lata s\u0105 upalne, a dzienne temperatury cz\u0119sto przekraczaj\u0105 45 \u00b0C na r\u00f3wninach; zimy pozostaj\u0105 \u0142agodne, a rt\u0119\u0107 spada do 10\u201314 \u00b0C w nocy. Opady deszczu s\u0105 sk\u0105pe, zazwyczaj spadaj\u0105 kr\u00f3tkimi, ulewnymi seriami w ch\u0142odniejszych miesi\u0105cach, czasami powoduj\u0105c p\u0119cznienie suchych koryt wadi w nag\u0142e rzeki. W g\u00f3rach opady s\u0105 nieco bardziej obfite i czasami spadaj\u0105 w postaci \u015bniegu \u2014 najbardziej znanym przyk\u0142adem jest D\u017cabal D\u017cajs w grudniu 2004 r., kiedy szczyt po raz pierwszy zosta\u0142 pokryty bia\u0142ym py\u0142em. Burze piaskowe mog\u0105 pojawi\u0107 si\u0119 bez ostrze\u017cenia, otulaj\u0105c autostrady i szlaki pustynne, podczas gdy wilgotne wiatry z po\u0142udniowego wschodu, znane lokalnie jako Sharqi, nios\u0105 nieprzyjemn\u0105 wilgo\u0107 na wybrze\u017cu p\u00f3\u017anym latem.<\/p>\n<p>Struktura federalna, opracowana w 1971 r., gdy Wielka Brytania wycofa\u0142a si\u0119 ze swoich protektorat\u00f3w, przyznaje szerok\u0105 autonomi\u0119 ka\u017cdemu emiratowi. Abu Zabi, stanowi\u0105ce prawie 87 procent terytorium narodowego, ma znaczny wp\u0142yw: jego w\u0142adca pe\u0142ni tradycyjnie funkcj\u0119 prezydenta federacji, a jego dochody \u2014 g\u0142\u00f3wnie z ropy naftowej i gazu \u2014 finansuj\u0105 znaczn\u0105 cz\u0119\u015b\u0107 wydatk\u00f3w unii na opiek\u0119 zdrowotn\u0105, edukacj\u0119 i infrastruktur\u0119. Dubaj, najmniejszy pod wzgl\u0119dem powierzchni, ale najbardziej zaludniony, skupi\u0142 si\u0119 na handlu, lotnictwie i turystyce, staj\u0105c si\u0119 mi\u0119dzynarodowym centrum, w kt\u00f3rym miesza si\u0119 ponad 10 milion\u00f3w mieszka\u0144c\u00f3w i turyst\u00f3w. Szard\u017ca utrzymuje bardziej konserwatywny klimat spo\u0142eczny, a jego linia brzegowa jest urozmaicona obszarami przemys\u0142owymi i dzielnicami kulturalnymi, kt\u00f3re nawi\u0105zuj\u0105 do dziedzictwa arabskiego. P\u00f3\u0142nocny kwartet emirat\u00f3w \u2014 Fud\u017cajra, Ad\u017cman, Ras al-Chajma i Umm al-Kajwajn \u2014 \u0142\u0105czy nadmorskie enklawy, g\u00f3rskie odosobnienia i pustynne przestrzenie, z kt\u00f3rych ka\u017cdy oferuje w\u0142asn\u0105 r\u00f3wnowag\u0119 tradycji i nowoczesno\u015bci.<\/p>\n<p>Dynamika populacji ilustruje wyj\u0105tkowy charakter federacji. W po\u0142owie 2024 r. oko\u0142o 10 milion\u00f3w ludzi nazywa\u0142o ZEA domem, jednak obywatele Emirat\u00f3w stanowili tylko oko\u0142o jedena\u015bcie procent tej liczby. Pozosta\u0142\u0105 cz\u0119\u015b\u0107 stanowi\u0105 migranci przyci\u0105gni\u0119ci prac\u0105 w budownictwie, hotelarstwie, finansach i niezliczonych bran\u017cach us\u0142ugowych. Hindusi stanowi\u0105 oko\u0142o jedn\u0105 czwart\u0105 populacji, a nast\u0119pnie Pakista\u0144czycy, Bangladesz i Filipi\u0144czycy; liczba zachodnich ekspatriant\u00f3w wynosi dziesi\u0105tki tysi\u0119cy. Ta nier\u00f3wnowaga doprowadzi\u0142a do powstania spo\u0142ecze\u0144stwa, w kt\u00f3rym lokalne tradycje niespokojnie wsp\u00f3\u0142istniej\u0105 z globalnym stylem \u017cycia. Arabski ma status oficjalny, a islam kszta\u0142tuje ramy prawne; jednak angielski dominuje w biznesie, edukacji i codziennym handlu. Pa\u0144stwo wyznaje tolerancj\u0119 dla innych wyzna\u0144, pozwalaj\u0105c ko\u015bcio\u0142om dzia\u0142a\u0107, a mniejszo\u015bciom niemuzu\u0142ma\u0144skim na swobodne oddawanie czci, nawet gdy wi\u0119kszo\u015b\u0107 pozostaje sunnickimi muzu\u0142manami \u2014 chocia\u017c znacz\u0105ca spo\u0142eczno\u015b\u0107 szyicka, wraz z wp\u0142ywami ibadyt\u00f3w i sufi, przewija si\u0119 przez federacj\u0119.<\/p>\n<p>Ropa naftowa i gaz ziemny pozostaj\u0105 centralnym elementem bogactwa ZEA. Kraj ten znajduje si\u0119 w pierwszej dziesi\u0105tce posiadaczy rezerw ropy naftowej i gazu na \u015bwiecie. Przychody przekazywane dzi\u0119ki wizji prezydenta za\u0142o\u017cyciela federacji, szejka Zayeda bin Sultana Al Nahyana, zosta\u0142y zainwestowane w szpitale, szko\u0142y, autostrady i porty, co pozwoli\u0142o Emiratom na skok w stron\u0119 nowoczesno\u015bci. Od pocz\u0105tku XXI wieku przyw\u00f3dcy celowo poszerzali gospodark\u0119. Turystyka, finanse, nieruchomo\u015bci, logistyka i technologia nap\u0119dzaj\u0105 obecnie wzrost, a sektory niezwi\u0105zane z rop\u0105 naftow\u0105 zwi\u0119kszaj\u0105 swoj\u0105 warto\u015b\u0107 i zatrudnienie. Dubaj, od dawna b\u0119d\u0105cy portem prze\u0142adunkowym, jest gospodarzem dw\u00f3ch najbardziej ruchliwych lotnisk na \u015bwiecie \u2014 Dubai International i obiecuj\u0105cego Al Maktoum \u2014 a Abu Zabi sta\u0142o si\u0119 stolic\u0105 globalnych konferencji i projekt\u00f3w kulturalnych, w\u015br\u00f3d kt\u00f3rych znajduj\u0105 si\u0119 Luwr w Abu Zabi i planowany satelita Guggenheima. Transformacja z monolitycznego eksportera w\u0119glowodor\u00f3w w zdywersyfikowane \u015brednie mocarstwo nie przebieg\u0142a bezproblemowo \u2014 w latach 2015\u20132019 wzrost gospodarczy chwilami wyhamowywa\u0142 \u2014 jednak \u015bredni wzrost realnego PKB o oko\u0142o 4 procent w latach 2000\u20132018 podkre\u015bla og\u00f3lnie pozytywny trend.<\/p>\n<p>Niemniej jednak koncentracja bogactwa i w\u0142adzy politycznej wywo\u0142uje krytyk\u0119. Mi\u0119dzynarodowe organizacje praw cz\u0142owieka obwiniaj\u0105 rz\u0105d za ograniczanie wolno\u015bci zgromadze\u0144, wypowiedzi i prasy oraz za system prawny, kt\u00f3ry pozwala na d\u0142ugie zatrzymania bez procesu. Nadal pojawiaj\u0105 si\u0119 doniesienia o torturach, wymuszonych zagini\u0119ciach i n\u0119kaniu dysydent\u00f3w. Pracownicy w sektorach o niskich p\u0142acach cz\u0119sto znosz\u0105 trudne warunki, ograniczon\u0105 ochron\u0119 i bariery utrudniaj\u0105ce organizowanie si\u0119. Wyniki indeksu wolno\u015bci cz\u0142owieka w kraju s\u0105 gorsze od wynik\u00f3w wielu innych kraj\u00f3w, co przypomina obserwatorom, \u017ce otwarto\u015b\u0107 gospodarcza nie idzie w parze z liberalizacj\u0105 polityczn\u0105.<\/p>\n<p>Inwestycje w infrastruktur\u0119 post\u0119puj\u0105 w szybkim tempie. Sie\u0107 autostrad \u2014 przede wszystkim E11 rozci\u0105gaj\u0105ca si\u0119 od Abu Zabi przez Dubaj, Szard\u017c\u0119 i dalej \u2014 \u0142\u0105czy g\u0142\u00f3wne o\u015brodki populacji. Elektroniczny pob\u00f3r op\u0142at za po\u015brednictwem Salik w Dubaju zarz\u0105dza ruchem i finansuje utrzymanie. Miejskie systemy transportu publicznego zapu\u015bci\u0142y korzenie: metro w Dubaju, bezkierowcowe i pierwsza w regionie sie\u0107 szybkiego transportu, przebiega pod wie\u017cowcami; tramwaje i koleje jednoszynowe obs\u0142uguj\u0105 dzielnice takie jak Palm Jumeirah i Al Sufouh. Plany 1200-kilometrowej krajowej kolei obiecuj\u0105 po\u0142\u0105czenie port\u00f3w, stref przemys\u0142owych i miast \u015br\u00f3dl\u0105dowych, chocia\u017c uko\u0144czenie ich jest jeszcze odleg\u0142e o lata.<\/p>\n<p>Logistyka morska stanowi kolejny filar. Khalifa Port, Jebel Ali, Zayed Port i inne tworz\u0105 bramy nie tylko do rynk\u00f3w regionalnych, ale tak\u017ce do szerszego Morskiego Jedwabnego Szlaku, nowoczesnego wcielenia staro\u017cytnych szlak\u00f3w handlowych \u0142\u0105cz\u0105cych Chiny, Azj\u0119 Po\u0142udniow\u0105, Afryk\u0119 i Europ\u0119. Automatyzacja, szybka obs\u0142uga i g\u0142\u0119bokie nabrze\u017ca umo\u017cliwiaj\u0105 Emiratom konkurowanie z tradycyjnymi w\u0119z\u0142ami; ambicje obejmuj\u0105 wykorzystanie po\u0142\u0105cze\u0144 kolejowych przez Kaukaz i Europ\u0119, pog\u0142\u0119biaj\u0105c po\u0142\u0105czenia poza Zatok\u0105 Persk\u0105.<\/p>\n<p>\u017bycie kulturalne r\u00f3wnowa\u017cy konserwacj\u0119 i nowo\u015b\u0107. W Sharjah Heritage District odrestaurowane wie\u017ce wiatrowe i domy z koralowego tynku s\u0105 goszcz\u0105cym muzea, kt\u00f3re opowiadaj\u0105 histori\u0119 Beduin\u00f3w, po\u0142\u00f3w pere\u0142 i wczesne \u017cycie przybrze\u017cne. Wyspa Saadiyat w Abu Zabi rozrasta si\u0119, rozszerzaj\u0105c muzea o \u015bwiatowej renomie. Dubaj, niegdy\u015b skromne miasto handlowe, obecnie mie\u015bci galerie w Al Quoz i dzielnicowe przestrzenie artystyczne, kt\u00f3re prezentuj\u0105 tw\u00f3rc\u00f3w z Bliskiego Wschodu i \u015bwiata. Sharjah International Book Fair, najstarsze w Zatoce Perskiej, przyci\u0105ga ka\u017cdego roku setki autor\u00f3w i wydawc\u00f3w.<\/p>\n<p>Literatura i poezja maj\u0105 tu g\u0142\u0119bokie korzenie. Ibn Majid, XV-wieczny nawigator i poeta z Ras al-Khaimah, by\u0142 pionierem arabskich traktat\u00f3w morskich. Wczesno XX-wieczni pisarze, tacy jak Mubarak Al Oqaili i Salem bin Ali al Owais, zachowali lokalne dialekty i folklor w wierszach, podczas gdy postacie z po\u0142owy wieku opisywa\u0142y zmiany spo\u0142eczne w okresie niepodleg\u0142o\u015bci. Dzisiaj autorzy z Emirat\u00f3w nadal snuj\u0105 narracje, kt\u00f3re zestawiaj\u0105 pasterskie oazy ze szklanymi wie\u017cami i zglobalizowanymi spo\u0142ecze\u0144stwami.<\/p>\n<p>Festiwale odzwierciedlaj\u0105 t\u0119 dwoisto\u015b\u0107: tradycyjna muzyka i taniec Liwa, wywodz\u0105ce si\u0119 z rytm\u00f3w Bantu-African, trwaj\u0105 na spotkaniach na pustyni, nawet gdy Dubai Desert Rock Festival wprowadza heavy metal na mi\u0119dzynarodowe sceny. Wsp\u00f3\u0142czesne kompozycje znajduj\u0105 miejsce obok wielowiekowych rytua\u0142\u00f3w, poniewa\u017c \u017cycie w Emiratach oscyluje mi\u0119dzy pami\u0119ci\u0105 a ponownym wynalezieniem.<\/p>\n<p>Kuchnia r\u00f3wnie\u017c m\u00f3wi o konwergencji. Przez stulecia owoce morza, ry\u017c i koza lub jagni\u0119cina karmione by\u0142y przybrze\u017cnymi i bedui\u0144skimi sto\u0142ami. Przyprawy i metody przyby\u0142y z handlu perskiego, indyjskiego i wschodnioafryka\u0144skiego: kawa z szafranem; machboos, danie z ry\u017cu z przyprawami; dania z daktyli i s\u0142odki lugaimat. Dzisiaj suki s\u0105 pe\u0142ne lokalnych przypraw i produkt\u00f3w, nawet gdy globalne sieci supermarket\u00f3w zaopatruj\u0105 si\u0119 w towary ze wszystkich kontynent\u00f3w. Restauracje obejmuj\u0105 zar\u00f3wno skromne stragany z shawarm\u0105, jak i wykwintne restauracje, kt\u00f3re reinterpretuj\u0105 arabskie podstawy za pomoc\u0105 wsp\u00f3\u0142czesnej techniki.<\/p>\n<p>Turystyka sta\u0142a si\u0119 filarem strategii. Dubaj nale\u017cy do najcz\u0119\u015bciej odwiedzanych miast na \u015bwiecie, a jego panoram\u0119 zdobi Burd\u017c Chalifa, obecnie najwy\u017cszy budynek na Ziemi. W pobli\u017cu z morza wy\u0142aniaj\u0105 si\u0119 archipelagi Palm Jumeirah i The World, oferuj\u0105ce po\u0142\u0105czenie \u017cycia mieszkalnego i kurortowego. Wielki Meczet Szejka Zayeda w Abu Zabi przyci\u0105ga pielgrzym\u00f3w i turyst\u00f3w marmurowymi salami i mistern\u0105 kaligrafi\u0105. Na wyspie Yas znajduje si\u0119 Ferrari World i tor wy\u015bcigowy Yas Marina Circuit, miejsce fina\u0142u Formu\u0142y 1. Podn\u00f3\u017ca wzg\u00f3rz Al-Had\u017car i wadi w Fud\u017cajrze przyci\u0105gaj\u0105 turyst\u00f3w pieszych i wspinaczy; D\u017cabal D\u017cajs w Ras al-Chajmie oferuje najd\u0142u\u017csz\u0105 na \u015bwiecie tyrolk\u0119. W g\u0142\u0119bi l\u0105du Al Ain przypomina \u017cycie w oazie z domami w cieniu, palmami daktylowymi i pozosta\u0142o\u015bciami archeologicznymi datowanymi na trzecie tysi\u0105clecie p.n.e.<\/p>\n<p>Jednak poza wizualizacjami architekt\u00f3w i broszurami turystycznymi kryje si\u0119 bardziej z\u0142o\u017cona rzeczywisto\u015b\u0107. Pracownicy migruj\u0105cy cz\u0119sto mieszkaj\u0105 w obozach pracy na peryferiach miast, daleko od luksusowych hoteli i dziewiczych p\u00f3l golfowych. Wyra\u017canie sprzeciwu politycznego lub religijnego jest ograniczone. Kobiety, cho\u0107 nie s\u0105 prawnie zobowi\u0105zane do zakrywania cia\u0142a, dostosowuj\u0105 si\u0119 do konserwatywnych norm w wi\u0119kszo\u015bci federacji; skromny ubi\u00f3r jest oczekiwany w miejscach publicznych i obowi\u0105zkowy w meczetach. Alkohol, ograniczony do lokali z licencj\u0105, pozostaje dost\u0119pny g\u0142\u00f3wnie dla ekspatriant\u00f3w; upijanie si\u0119 w miejscach publicznych jest karane. Przepisy przeciwko seksowi pozama\u0142\u017ce\u0144skiemu, homoseksualizmowi i posiadaniu narkotyk\u00f3w pozostaj\u0105 surowe, a kary mog\u0105 obejmowa\u0107 pozbawienie wolno\u015bci lub gorsze.<\/p>\n<p>Kontrole celne na lotniskach mog\u0105 obejmowa\u0107 badania krwi na obecno\u015b\u0107 substancji przyjmowanych za granic\u0105. Etykieta biznesowa wymaga formalno\u015bci: wymienianie kart praw\u0105 r\u0119k\u0105, pe\u0142ne szacunku powitania, cierpliwo\u015b\u0107 w negocjacjach. Sami Emiratczycy uosabiaj\u0105 zar\u00f3wno ciep\u0142o, jak i dum\u0119, dbaj\u0105c o go\u015bcinno\u015b\u0107, jednocze\u015bnie pami\u0119taj\u0105c o tradycji.<\/p>\n<p>Poprzez te sprzeczno\u015bci \u2014 szybki wzrost wie\u017cowc\u00f3w i nieustaj\u0105cy puls pustynnych wiatr\u00f3w; kosmopolityczne dzielnice bankowe obok kameralnych alejek suk\u00f3w \u2014 ZEA ujawniaj\u0105 si\u0119 jako studium kontrast\u00f3w. Ich przyw\u00f3dcy wykorzystali bogactwo w\u0119glowodor\u00f3w do wznoszenia l\u015bni\u0105cych miast i finansowania globalnych projekt\u00f3w kulturalnych. Jednak kwestie r\u00f3wno\u015bci, praw i przysz\u0142o\u015bci zr\u00f3\u017cnicowanych mieszka\u0144c\u00f3w federacji pozostaj\u0105 nierozwi\u0105zane. Przemierzanie Emirat\u00f3w oznacza do\u015bwiadczanie tego napi\u0119cia z pierwszej r\u0119ki: stanie na szczycie l\u015bni\u0105cej wie\u017cy o zachodzie s\u0142o\u0144ca, odczuwanie powiewu ch\u0142odnego g\u00f3rskiego powietrza o \u015bwicie, w\u0119drowanie po gaju daktylowym i podziwianie pomys\u0142owo\u015bci, kt\u00f3ra przekszta\u0142ci\u0142a chaty z chrustu w globalne skrzy\u017cowanie dr\u00f3g. Tutaj historia i nowoczesno\u015b\u0107 spotykaj\u0105 si\u0119 pod bezchmurnym niebem, oferuj\u0105c zar\u00f3wno \u015bwiadectwo ludzkiej ambicji, jak i przypomnienie, \u017ce post\u0119p niesie ze sob\u0105 w\u0142asne zawi\u0142o\u015bci.<\/p>","protected":false},"excerpt":{"rendered":"<p>Zjednoczone Emiraty Arabskie (ZEA), po\u0142o\u017cone na wschodnim kra\u0144cu P\u00f3\u0142wyspu Arabskiego w Azji Zachodniej, s\u0105 wybieraln\u0105 monarchi\u0105 federaln\u0105 sk\u0142adaj\u0105c\u0105 si\u0119 z siedmiu emirat\u00f3w, z szacowan\u0105 populacj\u0105 przekraczaj\u0105c\u0105 10 milion\u00f3w w 2024 r. Wraz z Omanem w Zatoce Oma\u0144skiej, ten strategicznie po\u0142o\u017cony kraj na Bliskim Wschodzie ma granice morskie z Katarem i Iranem w Zatoce Perskiej oraz granice l\u0105dowe z Arabi\u0105 Saudyjsk\u0105. Stolic\u0105 jest Abu Zabi; najbardziej zaludnionym miastem i mi\u0119dzynarodowym centrum jest Dubaj.<\/p>","protected":false},"author":1,"featured_media":2910,"parent":24063,"menu_order":0,"comment_status":"closed","ping_status":"closed","template":"elementor_theme","meta":{"_eb_attr":"","footnotes":""},"class_list":["post-15472","page","type-page","status-publish","has-post-thumbnail"],"_links":{"self":[{"href":"https:\/\/travelshelper.com\/pl\/wp-json\/wp\/v2\/pages\/15472","targetHints":{"allow":["GET"]}}],"collection":[{"href":"https:\/\/travelshelper.com\/pl\/wp-json\/wp\/v2\/pages"}],"about":[{"href":"https:\/\/travelshelper.com\/pl\/wp-json\/wp\/v2\/types\/page"}],"author":[{"embeddable":true,"href":"https:\/\/travelshelper.com\/pl\/wp-json\/wp\/v2\/users\/1"}],"replies":[{"embeddable":true,"href":"https:\/\/travelshelper.com\/pl\/wp-json\/wp\/v2\/comments?post=15472"}],"version-history":[{"count":0,"href":"https:\/\/travelshelper.com\/pl\/wp-json\/wp\/v2\/pages\/15472\/revisions"}],"up":[{"embeddable":true,"href":"https:\/\/travelshelper.com\/pl\/wp-json\/wp\/v2\/pages\/24063"}],"wp:featuredmedia":[{"embeddable":true,"href":"https:\/\/travelshelper.com\/pl\/wp-json\/wp\/v2\/media\/2910"}],"wp:attachment":[{"href":"https:\/\/travelshelper.com\/pl\/wp-json\/wp\/v2\/media?parent=15472"}],"curies":[{"name":"wp","href":"https:\/\/api.w.org\/{rel}","templated":true}]}}