{"id":15466,"date":"2024-09-21T13:48:07","date_gmt":"2024-09-21T13:48:07","guid":{"rendered":"https:\/\/travelshelper.com\/staging\/?page_id=15466"},"modified":"2026-03-11T21:44:36","modified_gmt":"2026-03-11T21:44:36","slug":"aszchabad","status":"publish","type":"page","link":"https:\/\/travelshelper.com\/pl\/destinations\/asia\/turkmenistan\/ashgabat\/","title":{"rendered":"Aszchabad"},"content":{"rendered":"<p>Po\u0142o\u017cony na progu pustyni Kara-kum i os\u0142oni\u0119ty przez podn\u00f3\u017ca Kopetdagu, Aszchabad wznosi si\u0119 z bladych piask\u00f3w niczym mira\u017c, kt\u00f3remu nadano substancj\u0119. Na wysoko\u015bci wahaj\u0105cej si\u0119 od dwustu do dwustu pi\u0119\u0107dziesi\u0119ciu pi\u0119ciu metr\u00f3w nad poziomem morza, miasto spoczywa na osadach naniesionych przez staro\u017cytne Morze Paratetydy, jego fundamenty s\u0105 jednocze\u015bnie kruche i barwne. Mniej ni\u017c trzydzie\u015bci kilometr\u00f3w od granicy z Iranem, Aszchabad zajmuje r\u00f3wnin\u0119 oazow\u0105 podatn\u0105 na wstrz\u0105sy, jednak opiera si\u0119 ruchom ziemi z determinacj\u0105 \u2014 kt\u00f3ra zdefiniowa\u0142a jego charakter od momentu, gdy rosyjscy \u017co\u0142nierze po raz pierwszy narysowali mapy wioski plemiennej w 1881 roku.<\/p>\n<p>Pocz\u0105tkowo skromna osada jurt Ahal Teke \u2014 licz\u0105ca prawdopodobnie cztery tysi\u0105ce wed\u0142ug pierwszych rosyjskich go\u015bci \u2014 Aszchabat przekszta\u0142ci\u0142 si\u0119 gwa\u0142townie po 1881 r. w miasto garnizonowe licz\u0105ce mniej ni\u017c trzy tysi\u0105ce dusz, niemal w ca\u0142o\u015bci z\u0142o\u017cone z Rosjan. Przybycie Kolei Transkaspijskiej na prze\u0142omie wiek\u00f3w otworzy\u0142o miasto na migrant\u00f3w z Kaukazu, Doliny Wo\u0142gi i Persji, niemal podwajaj\u0105c jego populacj\u0119 w ci\u0105gu dekady. Do 1911 r. na jego ulicach t\u0142oczy\u0142o si\u0119 oko\u0142o czterdziestu pi\u0119ciu tysi\u0119cy mieszka\u0144c\u00f3w; etniczni Rosjanie stanowili wi\u0119kszo\u015b\u0107, towarzyszyli im Ormianie, Persowie i rozproszeni inni przedstawiciele. W 1924 r. osada, znana w\u00f3wczas pod radzieck\u0105 nazw\u0105 Po\u0142torack, sta\u0142a si\u0119 siedzib\u0105 Turkme\u0144skiej Socjalistycznej Republiki Radzieckiej, a wkr\u00f3tce potem odsetek Turkmen\u00f3w w granicach miasta zacz\u0105\u0142 rosn\u0105\u0107, cho\u0107 stopniowo, w miar\u0119 jak sowiecka polityka przekszta\u0142ca\u0142a spo\u0142ecze\u0144stwo. Pomimo tych zmian, katastrofalne trz\u0119sienie ziemi w pa\u017adzierniku 1948 r. zniszczy\u0142o znaczn\u0105 cz\u0119\u015b\u0107 tkanki miejskiej, sprowadzaj\u0105c tragedi\u0119 na ulice Aszchabatu i obracaj\u0105c ca\u0142e dzielnice w gruzy.<\/p>\n<p>Jednak dewastacja okaza\u0142a si\u0119 zaledwie preludium do odnowy. W kolejnych dekadach zbudowany przez Zwi\u0105zek Radziecki Kana\u0142 Kara-kumski przetransportowa\u0142 wody Amu-darii przez miasto ze wschodu na zach\u00f3d, podtrzymuj\u0105c ogrody i now\u0105 zabudow\u0119. Kiedy Turkmenistan uzyska\u0142 niepodleg\u0142o\u015b\u0107 w 1991 r., prezydent Saparmurat Nijazow rozpocz\u0105\u0142 ambitny program odnowy miasta. Pod jego kierownictwem zagraniczne firmy \u2014 przede wszystkim Bouygues of France i tureckie koncerny Polimeks i Gap \u0130n\u015faat \u2014 ukszta\u0142towa\u0142y architektoniczny idiom zakorzeniony w grecko-rzymskich kolumnach i perskich kopu\u0142ach, ka\u017cda powierzchnia pokryta \u015bwietlistym bia\u0142ym marmurem. Ca\u0142e bulwary mieni\u0142y si\u0119 w s\u0142o\u0144cu, a filary i frontony ust\u0119powa\u0142y miejsca monumentalnym fontannom i placom zaprojektowanym tak, aby robi\u0107 wra\u017cenie zar\u00f3wno na obywatelach, jak i dyplomatach.<\/p>\n<p>Obecnie populacja Aszchabatu przekracza milion, a Turkmeni stanowi\u0105 ponad trzy czwarte mieszka\u0144c\u00f3w. Rosjanie stanowi\u0105 oko\u0142o dziesi\u0119\u0107 procent, podczas gdy mniejsze spo\u0142eczno\u015bci Uzbek\u00f3w, Azer\u00f3w, Turk\u00f3w i innych utrzymuj\u0105 w\u0142asne enklawy kulturowe. Administracyjnie miasto dzieli si\u0119 na cztery g\u0142\u00f3wne dzielnice: Bagty\u00fdarlyk, Berkararlyk, B\u00fczme\u00fdin i K\u00f6petdag. Te etraplary wch\u0142aniaj\u0105 konstelacj\u0119 mikrodzielnic \u2014 ponumerowanych sektor\u00f3w i nazwanych dzielnic, takich jak Howdan A, B i W oraz seria Parahat \u2014 ka\u017cda z nich zosta\u0142a utworzona w celu usprawnienia zarz\u0105dzania mediami i mieszkalnictwem, cho\u0107 bez niezale\u017cnego lokalnego zarz\u0105dzania. Zmieniaj\u0105ce si\u0119 granice tych jednostek odzwierciedlaj\u0105 nieustann\u0105 transformacj\u0119 Aszchabatu: dzielnice, kt\u00f3re kiedy\u015b nosi\u0142y imiona Lenina i Nijazowa, zosta\u0142y po\u0142\u0105czone i przemianowane, a w 2020 r. og\u0142oszono plany utworzenia pi\u0105tej dzielnicy, Altyn etraby, skupionej wok\u00f3\u0142 nowo ochrzczonej strefy wypoczynkowej Z\u0142ote Jezioro.<\/p>\n<p>Jednak\u017ce pod b\u0142yszcz\u0105c\u0105 fasad\u0105 odnowa miasta poci\u0105gn\u0119\u0142a za sob\u0105 ludzkie koszty. Rozbi\u00f3rka wie\u017cowc\u00f3w z marmurowymi elewacjami cz\u0119sto wi\u0105za\u0142a si\u0119 z usuni\u0119ciem dom\u00f3w jednorodzinnych \u2014 rezydencji odbudowanych po trz\u0119sieniu ziemi w 1948 r., ale nigdy formalnie niezarejestrowanych \u2014 a w wielu przypadkach lokatorzy zostali eksmitowani bez odszkodowania. Dzielnice takie jak Ruhabat i dawne osiedla daczy w Berzengi i Choganly znikn\u0119\u0142y pod buldo\u017cerami, pozostawiaj\u0105c ich mieszka\u0144c\u00f3w na pastw\u0119 losu.<\/p>\n<p>Geograficznie Aszchabat zajmuje klimat jednocze\u015bnie niego\u015bcinny i uderzaj\u0105cy. Lata s\u0105 upalne: lipcowe popo\u0142udnia rutynowo szybuj\u0105 do \u015bredniej temperatury maksymalnej 38,3 \u00b0C, a w rzadkich przypadkach osi\u0105gaj\u0105 szczyt powy\u017cej 47 \u00b0C. Noce przynosz\u0105 jedynie \u0142agodn\u0105 ulg\u0119, z temperaturami minimalnymi oko\u0142o 23,8 \u00b0C. Zimy s\u0105 kr\u00f3tkie i ch\u0142odne, rt\u0119\u0107 czasami spada tu\u017c poni\u017cej zera; historyczne zapisy odnotowuj\u0105 najni\u017csz\u0105 temperatur\u0119 \u201324,1 \u00b0C w 1969 r. Opady deszczu prawie nie psuj\u0105 nieust\u0119pliwego s\u0142o\u0144ca, rzadko przekraczaj\u0105c dwie\u015bcie milimetr\u00f3w rocznie. Jednak w kwietniu 2022 r. miasto odnotowa\u0142o ponad trzysta milimetr\u00f3w opad\u00f3w, co rozbi\u0142o miesi\u0119czne normy i przypomnia\u0142o mieszka\u0144com o kapry\u015bno\u015bci tej r\u00f3wniny otoczonej pustyni\u0105.<\/p>\n<p>Architektura pozostaje najbardziej rzucaj\u0105cym si\u0119 w oczy znakiem rozpoznawczym Aszchabatu. Po \u015bmierci Nijazowa w 2006 r. zami\u0142owanie do kopu\u0142 zmniejszy\u0142o si\u0119, z wyj\u0105tkiem przestrzeni sakralnych, ust\u0119puj\u0105c miejsca modernistycznym motywom, kt\u00f3re sygnalizuj\u0105 funkcj\u0119 budynku. Na szczycie Ministerstwa Spraw Zagranicznych znajduje si\u0119 kula ziemska, kt\u00f3rej wn\u0119trze s\u0142u\u017cy jako sala konferencyjna; stylizowana moneta wie\u0144czy Bank Rozwoju; Ministerstwo Zdrowia i Przemys\u0142u Medycznego przyjmuje form\u0119 kaduceusza; szpital stomatologiczny przypomina ogromny z\u0105b trzonowy; a terminal Mi\u0119dzynarodowego Portu Lotniczego w Aszchabadzie w kszta\u0142cie soko\u0142a wznosi si\u0119 ku niebu, a jego rozbudowa o warto\u015bci 2,3 miliarda dolar\u00f3w jest w stanie obs\u0142u\u017cy\u0107 czterna\u015bcie milion\u00f3w pasa\u017cer\u00f3w rocznie.<\/p>\n<p>Bia\u0142a marmurowa pow\u0142oka si\u0119ga wie\u017cy telewizyjnej, kt\u00f3rej o\u015bmiok\u0105tna Gwiazda Oguzchana \u2014 symbol staro\u017cytnego tureckiego rodu \u2014 zosta\u0142a wpisana do Ksi\u0119gi Rekord\u00f3w Guinnessa jako najwi\u0119ksza gwiazda architektoniczna. Mno\u017c\u0105 si\u0119 pomniki miejskie: od czasu uzyskania niepodleg\u0142o\u015bci do pos\u0105g\u00f3w Lenina i Puszkina do\u0142\u0105czy\u0142y ho\u0142dy dla Magtymguly Pyragy&#039;ego, Tarasa Szewczenki, Alp Arslana i Mustafy Kemala Atat\u00fcrka. W parkach takich jak Ylham i kompleks VDNH popiersia bohater\u00f3w stoj\u0105 na stra\u017cy obsadzonych drzewami promenad. Poz\u0142acana podobizna Niyazova obraca\u0142a si\u0119 kiedy\u015b na szczycie \u0141uku Neutralno\u015bci, orientuj\u0105c si\u0119 w stron\u0119 s\u0142o\u0144ca a\u017c do jej usuni\u0119cia w 2010 roku za prezydenta Gurbanguly Berdimuhamedova.<\/p>\n<p>Ostatnie uzupe\u0142nienia \u015bwiadcz\u0105 o trwaj\u0105cym pa\u0144stwowym mecenacie sztuki publicznej. W maju 2015 r. w pobli\u017cu stadionu narodowego ods\u0142oni\u0119to monumentaln\u0105 podobizn\u0119 urz\u0119duj\u0105cego prezydenta. W 2020 r. pojawi\u0142y si\u0119 pomniki z br\u0105zu upami\u0119tniaj\u0105ce ras\u0119 ps\u00f3w turkme\u0144skich Alabay oraz Pomnik Rowerowy ods\u0142oni\u0119ty na okr\u0105g\u0142ych placach. W maju 2024 r. u st\u00f3p Kopetdagu wzniesiono sze\u015b\u0107dziesi\u0119ciometrow\u0105 rze\u017ab\u0119 Magtymguly Pyragy, XVIII-wiecznego poety i filozofa, kt\u00f3rego wiersze pulsuj\u0105 w \u015bwiadomo\u015bci Turkmen\u00f3w. W pa\u017adzierniku nast\u0119pnego roku w Parku Lachyn umieszczono pomnik kazachskiego poety Abai Qunanbaiuly, podkre\u015blaj\u0105c transnarodowy dialog kulturowy miasta. Na terenie kompleksu kulturalno-parkowego Piramidy Magtymguly dwadzie\u015bcia cztery marmurowe figury oddaj\u0105 ho\u0142d wybitnym artystom, od Dantego i Goethego po Tagore\u2019a i Langstona Hughesa. Ka\u017cda z nich zosta\u0142a uchwycona z zamiarem przywo\u0142ania wyj\u0105tkowego ducha ich dzie\u0142a.<\/p>\n<p>Jednak pod wspania\u0142o\u015bci\u0105 kryje si\u0119 pami\u0119\u0107. Kompleks pami\u0119ci Bekrewe oddaje ho\u0142d poleg\u0142ym w bitwie pod Geok Tepe i II wojnie \u015bwiatowej, przedstawiaj\u0105c br\u0105zowego byka trzymaj\u0105cego kul\u0119 ziemsk\u0105 \u2014 nawi\u0105zanie do trz\u0119sienia ziemi z 1948 r. \u2014 oraz turkme\u0144skich wojownik\u00f3w otaczaj\u0105cych wdow\u0119 w \u017ca\u0142obie. Kompleks pami\u0119ci Halk Hakydasy prowadzony przez pa\u0144stwo, otwarty w 2014 r., upami\u0119tnia ofiary konflikt\u00f3w ko\u0144ca XIX wieku, II wojny \u015bwiatowej i ofiar trz\u0119sienia ziemi, a jego \u015bciany zdobi\u0105 p\u0142askorze\u017abione sceny z historii Turkmenistanu.<\/p>\n<p>Architektura religijna stanowi kolejny element przesz\u0142o\u015bci Aszchabatu. W 1908 r. miasto sta\u0142o si\u0119 domem pierwszego na \u015bwiecie bahaickiego domu modlitwy, otoczonego formalnymi ogrodami i uzupe\u0142nionego szko\u0142\u0105, szpitalem, pensjonatem i kwaterami dla ogrodnik\u00f3w. Podczas sekularyzacji sowieckiej nieruchomo\u015b\u0107 zosta\u0142a opuszczona w 1928 r. i przekszta\u0142cona w galeri\u0119 sztuki, dop\u00f3ki trz\u0119sienie ziemi nie uszkodzi\u0142o jej nieodwracalnie; zosta\u0142a zburzona w 1963 r. Obecnie krajobraz religijny obejmuje meczety, takie jak Meczet T\u00fcrkmenba\u015fy Ruhy, sfinansowany przez Turcj\u0119 budynek \u00c4rtogrul Gazy, wzorowany na Meczecie Su\u0142tana Ahmeda w Stambule, oraz mniejsze sanktuaria s\u0105siedzkie. Nadal istniej\u0105 ko\u015bcio\u0142y: pi\u0119\u0107 chrze\u015bcija\u0144skich dom\u00f3w modlitwy, w tym cztery parafie prawos\u0142awne \u2013 \u015bw. Aleksandra Newskiego, \u015bw. Miko\u0142aja Cudotw\u00f3rcy, Chrystusa Zmartwychwsta\u0142ego oraz \u015bwi\u0119tych Cyryla i Metodego \u2013 a tak\u017ce kaplica rzymskokatolicka w nuncjaturze papieskiej, utrzymuj\u0105 skromn\u0105 obecno\u015b\u0107 chrze\u015bcija\u0144sk\u0105 po\u015br\u00f3d oficjalnej kontroli mniejszo\u015bci religijnych.<\/p>\n<p>\u017bycie kulturalne toczy si\u0119 w muzeach i teatrach rozsianych po marmurowych placach. Pa\u0144stwowe Muzeum Pa\u0144stwowego Centrum Kultury Turkmenistanu, zajmuj\u0105ce ponad sto sze\u015b\u0107dziesi\u0105t tysi\u0119cy metr\u00f3w kwadratowych, prezentuje zbiory od antyk\u00f3w partyjskich po wsp\u00f3\u0142czesne tkanie dywan\u00f3w, podczas gdy Muzeum Prezydenckie dokumentuje polityk\u0119 wewn\u0119trzn\u0105 i zagraniczn\u0105 republiki. Muzeum Etnografii i Historii Lokalnej bada turkme\u0144sk\u0105 flor\u0119 i folklor, a prywatne inicjatywy, takie jak ART\u2011bazar, otwarty w 2024 r., prezentuj\u0105 wsp\u00f3\u0142czesne rzemios\u0142o. Miejsca sztuk widowiskowych \u2014 od Narodowego Teatru Muzycznego i Dramatycznego Magtymguly po Turkme\u0144ski Cyrk Pa\u0144stwowy \u2014 oferuj\u0105 programy operowe, dramatyczne i lalkarskie. Kina, w tym pionierskie tr\u00f3jwymiarowe kino A\u015fgabat, znajduj\u0105 si\u0119 obok sze\u015bciu innych ekran\u00f3w, z kt\u00f3rych niekt\u00f3re mieszcz\u0105 si\u0119 w nowych kompleksach handlowych. Biblioteka Pa\u0144stwowa, za\u0142o\u017cona w 1892 r. i przyznana statusowi narodowemu w 1992 r., posiada ponad sze\u015b\u0107 milion\u00f3w wolumin\u00f3w; Pa\u0144stwowa Biblioteka Dzieci\u0119ca, dysponuj\u0105ca \u0107wier\u0107 milionem pozycji, wspiera m\u0142odych czytelnik\u00f3w.<\/p>\n<p>Parkland oferuje wytchnienie od marmuru i ruchu ulicznego. Ogr\u00f3d botaniczny, za\u0142o\u017cony w 1929 r. i najstarszy tego typu w Azji \u015arodkowej, rozci\u0105ga si\u0119 na osiemnastu hektarach i chroni ponad pi\u0119\u0107set gatunk\u00f3w ro\u015blin. Pierwszy park \u2014 Park Aszchabat \u2014 pochodzi z 1887 r. i nadal jest scen\u0105 dla rodzinnych wycieczek, podczas gdy inne zielone przestrzenie, takie jak G\u00fcne\u015f, Park Przyja\u017ani Turkmen\u00f3w i Turkmenistanu i Park Niepodleg\u0142o\u015bci, odzwierciedlaj\u0105 stosunki dyplomatyczne. Sztuczna promenada nad jeziorem Golden Lake obiecuje wypoczynek i sporty wodne. Tak zwany park rozrywki World of Turkmenbashi Tales z przeja\u017cd\u017ckami zaprojektowanymi w stylu sponsorowanym przez pa\u0144stwo zapewnia lokaln\u0105 odmian\u0119 mi\u0119dzynarodowej rozrywki.<\/p>\n<p>Pod tymi warstwami infrastruktury Aszchabad utrzymuje kosztown\u0105 rzeczywisto\u015b\u0107 dla obcokrajowc\u00f3w. Badania przeprowadzone w 2019 i 2020 r. uzna\u0142y go za najdro\u017csze miasto na \u015bwiecie dla ekspatriant\u00f3w i drugie najdro\u017csze w og\u00f3le, co jest konsekwencj\u0105 powa\u017cnej inflacji i wysokich op\u0142at importowych. Transport w mie\u015bcie \u0142\u0105czy autobusy \u2014 ponad siedemset pojazd\u00f3w obs\u0142uguj\u0105cych sie\u0107 ponad dw\u00f3ch tysi\u0119cy kilometr\u00f3w tras \u2014 z taks\u00f3wkami wyr\u00f3\u017cniaj\u0105cymi si\u0119 ma\u0142ymi zielonymi znakami na dachach. P\u0119tla jednoszynowa w wiosce olimpijskiej, otwarta w 2016 r., jest pierwsz\u0105 w Azji \u015arodkowej, podczas gdy kolejki linowe \u0142\u0105cz\u0105 miejskie arterie komunikacyjne z podn\u00f3\u017cami Kopetdagu. Poza granicami miasta sze\u015b\u0107set kilometr\u00f3w autostrady \u0142\u0105czy Aszchabat z Ted\u017cenem, Maryj\u0105 i Turkmenabatem, a dalej z s\u0105siednimi pa\u0144stwami, podczas gdy odnowiona stacja kolejowa stanowi kotwic\u0119 dla dalekobie\u017cnych tras na liniach transkaspijskiej i transkarakumskiej.<\/p>\n<p>Nazwa Aszchabatu zmienia\u0142a si\u0119 z ka\u017cd\u0105 er\u0105: kiedy\u015b \u201eMiasto Mi\u0142o\u015bci\u201d, teraz powszechnie nazywane \u201eMiastem Bia\u0142ego Marmuru\u201d. Tutaj wizja jednego cz\u0142owieka \u2013 najpierw administrator\u00f3w kolonialnych, potem republiki radzieckiej, a na ko\u0144cu niepodleg\u0142ego pa\u0144stwa \u2013 wyrze\u017abi\u0142a ka\u017cdy plac i fasad\u0119. Odwiedzaj\u0105cy przybywaj\u0105cy do wy\u0142o\u017conych marmurem terminali mog\u0105 czu\u0107 si\u0119 tak, jakby wkroczyli do innego \u015bwiata, takiego, w kt\u00f3rym panuje symetria i skala, a ka\u017cda kolumna, kopu\u0142a i pomnik negocjuj\u0105 mi\u0119dzy ci\u0119\u017carem historii a cisz\u0105 pustyni. W tym napi\u0119ciu tkwi istota Aszchabatu: jednocze\u015bnie kruchy i niezwyci\u0119\u017cony, stolica wyrze\u017abiona z piasku i przekonania, zawsze balansuj\u0105ca mi\u0119dzy migotaniem ziemi a blaskiem ambicji.<\/p>","protected":false},"excerpt":{"rendered":"<p>Aszchabad, stolica i najludniejsze miasto Turkmenistanu, jest przyk\u0142adem wyj\u0105tkowego po\u0142\u0105czenia historii i nowoczesno\u015bci. Licz\u0105ce 1 030 063 mieszka\u0144c\u00f3w wed\u0142ug spisu z 2022 r., to \u015brodkowoazjatyckie miasto jest po\u0142o\u017cone mi\u0119dzy pustyni\u0105 Kara-kum a pasmem g\u00f3rskim Kopetdag, oko\u0142o 50 kilometr\u00f3w od granicy ira\u0144sko-turkmenistanskiej. Jako centrum polityczne, handlowe i kulturalne, Aszchabad jest sercem Turkmenistanu.<\/p>","protected":false},"author":1,"featured_media":3617,"parent":15457,"menu_order":0,"comment_status":"closed","ping_status":"closed","template":"elementor_theme","meta":{"_eb_attr":"","footnotes":""},"class_list":["post-15466","page","type-page","status-publish","has-post-thumbnail"],"_links":{"self":[{"href":"https:\/\/travelshelper.com\/pl\/wp-json\/wp\/v2\/pages\/15466","targetHints":{"allow":["GET"]}}],"collection":[{"href":"https:\/\/travelshelper.com\/pl\/wp-json\/wp\/v2\/pages"}],"about":[{"href":"https:\/\/travelshelper.com\/pl\/wp-json\/wp\/v2\/types\/page"}],"author":[{"embeddable":true,"href":"https:\/\/travelshelper.com\/pl\/wp-json\/wp\/v2\/users\/1"}],"replies":[{"embeddable":true,"href":"https:\/\/travelshelper.com\/pl\/wp-json\/wp\/v2\/comments?post=15466"}],"version-history":[{"count":0,"href":"https:\/\/travelshelper.com\/pl\/wp-json\/wp\/v2\/pages\/15466\/revisions"}],"up":[{"embeddable":true,"href":"https:\/\/travelshelper.com\/pl\/wp-json\/wp\/v2\/pages\/15457"}],"wp:featuredmedia":[{"embeddable":true,"href":"https:\/\/travelshelper.com\/pl\/wp-json\/wp\/v2\/media\/3617"}],"wp:attachment":[{"href":"https:\/\/travelshelper.com\/pl\/wp-json\/wp\/v2\/media?parent=15466"}],"curies":[{"name":"wp","href":"https:\/\/api.w.org\/{rel}","templated":true}]}}