{"id":15439,"date":"2024-09-21T09:51:32","date_gmt":"2024-09-21T09:51:32","guid":{"rendered":"https:\/\/travelshelper.com\/staging\/?page_id=15439"},"modified":"2026-03-11T21:53:07","modified_gmt":"2026-03-11T21:53:07","slug":"sana","status":"publish","type":"page","link":"https:\/\/travelshelper.com\/pl\/destinations\/asia\/yemen\/sanaa\/","title":{"rendered":"Sana"},"content":{"rendered":"<p>Na wysoko\u015bci oko\u0142o 2300 metr\u00f3w nad poziomem morza Sana wyr\u00f3\u017cnia si\u0119 w\u015br\u00f3d stolic \u015bwiata. Otulona cienk\u0105 zas\u0142on\u0105 g\u00f3rskiej mg\u0142y o \u015bwicie i uj\u0119ta w dramatyczne sylwetki D\u017cabal An-Nabi Szu&#039;ajb i D\u017cabal Tijal, przyci\u0105ga uwag\u0119 nie fanfarami, ale cich\u0105 obecno\u015bci\u0105. Oficjalnie wyznaczone jako gmina Sana, miasto jest de jure stolic\u0105 Jemenu i jego najludniejszym o\u015brodkiem miejskim, z nieco ponad 3,29 milionami mieszka\u0144c\u00f3w w 2023 roku. Jednak siedziba rz\u0105du znajduje si\u0119 obecnie w Adenie, po przej\u0119ciu Sany przez Huti pod koniec 2014 roku i p\u00f3\u017aniejszym og\u0142oszeniu Adenu tymczasow\u0105 stolic\u0105 w marcu 2015 roku. Pomimo tej zmiany konstytucja potwierdza prymat Sany, a jej nazwa pozostaje mocno osadzona w to\u017csamo\u015bci Jemenu.<\/p>\n<p>Sanaa zajmuje szerok\u0105, g\u00f3rzyst\u0105 r\u00f3wnin\u0119 znan\u0105 lokalnie jako Haql Sanaa. Rozci\u0105gaj\u0105c si\u0119 na pi\u0119\u0107dziesi\u0105t do sze\u015b\u0107dziesi\u0119ciu kilometr\u00f3w z p\u00f3\u0142nocy na po\u0142udnie i do dwudziestu pi\u0119ciu kilometr\u00f3w ze wschodu na zach\u00f3d, p\u0142askowy\u017c ten jest otoczony klifami i grzbietami, przez kt\u00f3re schodz\u0105 sezonowe wadi. Wadi al\u2011Kharid odprowadza wod\u0119 z wi\u0119kszo\u015bci p\u00f3\u0142nocnej cz\u0119\u015bci, kieruj\u0105c jej wody w stron\u0119 Al\u2011D\u017cawf, podczas gdy po\u0142udniowe odnogi rozci\u0105gaj\u0105 si\u0119 nad dzia\u0142em wodnym zasilaj\u0105cym zar\u00f3wno Al\u2011Kharid, jak i Wadi Siham, kt\u00f3ra p\u0142ynie w kierunku nizin Morza Czerwonego w Tihama. W najw\u0119\u017cszym punkcie miasta, Jabal Nuqum wznosi si\u0119 oko\u0142o pi\u0119\u0107set metr\u00f3w na wsch\u00f3d, a na jego zboczach kiedy\u015b znajdowa\u0142y si\u0119 kamienio\u0142omy obr\u00f3bki \u017celaza i onyksu, o kt\u00f3rych wspomina\u0142 geograf Al\u2011Hamdani z X wieku. Na zachodzie majaczy szczyt najwy\u017cszego szczytu Jemenu \u2014 D\u017cabal an-Nabi Szuajb \u2014 kt\u00f3ry znajduje si\u0119 zaledwie szesna\u015bcie mil od miasta i jest cichym stra\u017cnikiem stuleci \u017cycia poni\u017cej.<\/p>\n<p>Wz\u00f3r rozwoju Sany zosta\u0142 ukszta\u0142towany przez t\u0119 topografi\u0119. Ograniczone ze wschodu na zach\u00f3d, miasto rozci\u0105gn\u0119\u0142o si\u0119 g\u0142\u00f3wnie wzd\u0142u\u017c osi p\u00f3\u0142noc-po\u0142udnie, a jego ekspansja w XX wieku by\u0142a nap\u0119dzana przez migracj\u0119 ludno\u015bci wiejskiej i mianowanie go stolic\u0105 republiki w latach 60. XX wieku. Wy\u0142oni\u0142y si\u0119 dwie odr\u0119bne tkanki miejskie: zwarte Stare Miasto, czyli Al-Qadeemah, oraz rozleg\u0142e nowsze dzielnice, zbiorczo znane jako Al-Jadid. Stare Miasto, wpisane na List\u0119 \u015awiatowego Dziedzictwa UNESCO w 1986 roku, zachowuje ponad dwadzie\u015bcia sze\u015b\u0107 wiek\u00f3w ci\u0105g\u0142ego zamieszkiwania i szczyci si\u0119 ponad 100 meczetami, dwunastoma tradycyjnymi \u0142a\u017aniami tureckimi i oko\u0142o 6500 jednostkami mieszkalnymi. Jego charakterystyczn\u0105 cech\u0105 \u2014 wie\u017cowe domy o wysoko\u015bci do o\u015bmiu pi\u0119ter, wykonane z lokalnego kamienia i wypalanej ceg\u0142y \u2014 s\u0105 podkre\u015blone delikatnymi sztukateriami gipsowymi i kultowymi witra\u017cami \u201eqamariya\u201d. Kiedy\u015b w tych domach mieszka\u0142y rodziny wielopokoleniowe; gdy synowie si\u0119 \u017cenili, dobudowywano pi\u0119tra, a tarasy na dachach przekszta\u0142cano w popo\u0142udniowe pokoje go\u015bcinne \u2013 mafraj \u2013 gdzie w ciszy odbywa\u0142y si\u0119 sesje palenia khatu.<\/p>\n<p>Za staro\u017cytnymi murami nowsze dzielnice miasta \u015bwiadcz\u0105 o szybkiej urbanizacji i ewoluuj\u0105cych gustach architektonicznych. Na po\u0142udniu i zachodzie niskie \u201enowe wille\u201d z ogrodzonymi ogrodami oferuj\u0105 wytchnienie od g\u0119stych ulic, podczas gdy \u017celbetowe domy w \u201eegipskim\u201d stylu wznosz\u0105 si\u0119 po\u015br\u00f3d p\u00f3\u0142nocnych i wschodnich przedmie\u015b\u0107. Jednak nawet tutaj urok tradycji trwa: \u201eneotradycyjne\u201d domy wie\u017cowe, zbudowane z betonowych blok\u00f3w i kapry\u015bnie oklejone ceg\u0142\u0105 i kamieniem, odzwierciedlaj\u0105 pionowo\u015b\u0107 i zdobnictwo Starego Miasta. Te hybrydy nawi\u0105zuj\u0105 do przesz\u0142o\u015bci, nawet gdy dostosowuj\u0105 si\u0119 do wsp\u00f3\u0142czesnych potrzeb.<\/p>\n<p>W tej mozaice wyr\u00f3\u017cnia si\u0119 kilka dzielnic. Al-Tahrir, pomy\u015blana w latach 60. jako obywatelskie i handlowe serce miasta, obecnie funkcjonuje g\u0142\u00f3wnie jako centrum spotka\u0144 publicznych i wypoczynku. Bi&#039;r al-Azab, niegdy\u015b znana jako Dzielnica Turecka, a p\u00f3\u017aniej Dzielnica \u017bydowska po powrocie wygna\u0144c\u00f3w pod koniec XVII wieku, przekszta\u0142ci\u0142a si\u0119 w okr\u0119g dyplomatyczny i administracyjny, mieszcz\u0105cy ambasady, biuro premiera i izb\u0119 deputowanych. Pomi\u0119dzy dwiema obwodnicami Sany \u2014 wewn\u0119trzn\u0105 obwodnic\u0105 i Sittin \u2014 znajduj\u0105 si\u0119 g\u0119ste korytarze suk\u00f3w al-Hasabah, Shumayla i Hayil, gdzie kupcy handluj\u0105 przyprawami, tkaninami i wyrobami miedzianymi pod baldachimami gwarnych arkad. Na po\u0142udniowym zachodzie bulwar Haddah przyci\u0105gn\u0105\u0142 osoby poszukuj\u0105ce bardziej niezawodnych medi\u00f3w, inspiruj\u0105c wzrost liczby apartamentowc\u00f3w od lat 90.<\/p>\n<p>Klimatycznie Sanaa zajmuje nisz\u0119 w\u015br\u00f3d miast arabskich. Klasyfikowana jako zimny klimat pustynny, otrzymuje oko\u0142o 265 milimetr\u00f3w opad\u00f3w rocznie \u2014 ledwo wystarczaj\u0105co, aby wyrze\u017abi\u0107 wapienne wzg\u00f3rza, ale wystarczaj\u0105co, aby utrzyma\u0107 tarasowe ogrody i ma\u0142e gospodarstwa na otaczaj\u0105cych wzg\u00f3rzach. Temperatury wahaj\u0105 si\u0119 nieznacznie w ci\u0105gu roku; ch\u0142odne poranki stycznia ust\u0119puj\u0105 miejsca przyjemnym dniom, podczas gdy ciep\u0142o lipca jest \u0142agodzone przez wieczorne bryzy. Jednak wysoko\u015b\u0107 miasta nasila promieniowanie s\u0142oneczne: nawet w \u201ech\u0142odnym\u201d sezonie promienie ultrafioletowe s\u0105 wyra\u017anie silniejsze ni\u017c w ni\u017cej po\u0142o\u017conych regionach na p\u00f3\u0142nocy.<\/p>\n<p>Demograficznie historia Sany to historia m\u0142odo\u015bci i r\u00f3\u017cnorodno\u015bci. Prawie sze\u015b\u0107dziesi\u0105t procent mieszka\u0144c\u00f3w prowincji Amanat al-Asimah ma mniej ni\u017c osiemna\u015bcie lat, a m\u0119\u017cczyzn jest nieco wi\u0119cej ni\u017c kobiet, w stosunku 1,10 do jednego. Wi\u0119kszo\u015b\u0107 wyznaje islam zaydyjski, podczas gdy mniejszo\u015bci sunnickie i isma&#039;ilickie s\u0105 bardziej widoczne w nowszych przedmie\u015bciach \u2014 odzwierciedlaj\u0105c wzorce migracji wewn\u0119trznej ze wsi Jemenu. Od lat 60. XX wieku populacja miejska ros\u0142a w tempie oko\u0142o siedmiu procent rocznie, przewy\u017cszaj\u0105c krajow\u0105 \u015bredni\u0105 wynosz\u0105c\u0105 3,2 procent.<\/p>\n<p>Ekonomicznie miasto funkcjonuje jako g\u0142\u00f3wny motor handlu i administracji Jemenu. Prawie czterdzie\u015bci procent si\u0142y roboczej jest zatrudnionych w sektorze publicznym, a znaczna nieformalna gospodarka \u2014 szacowana na 32 procent zatrudnienia pozarz\u0105dowego \u2014 kwitnie na bazarach i bocznych uliczkach. Dominuje handel na ma\u0142\u0105 skal\u0119 i us\u0142ugi, stanowi\u0105ce prawie 59 procent zak\u0142ad\u00f3w i ponad 31 procent miejsc pracy w 2004 roku. Og\u00f3lna administracja, cho\u0107 reprezentowana przez mniej firm, zatrudnia 18 procent si\u0142y roboczej. Produkcja zajmuje trzecie miejsce, z oko\u0142o 12 procentami przedsi\u0119biorstw i miejsc pracy. Hotele i restauracje utrzymuj\u0105 tutaj wi\u0119ksz\u0105 koncentracj\u0119 ni\u017c gdzie indziej w Jemenie, obs\u0142uguj\u0105c dyplomat\u00f3w, pracownik\u00f3w pomocy humanitarnej i nielicznych podr\u00f3\u017cnik\u00f3w-przygodnik\u00f3w, kt\u00f3rzy radz\u0105 sobie z ograniczeniami bezpiecze\u0144stwa.<\/p>\n<p>Transport w Sanie charakteryzuje si\u0119 jaskrawymi kontrastami. Formalnie zainwestowana sie\u0107 drogowa miasta, zorganizowana wok\u00f3\u0142 dw\u00f3ch obwodnic i szeregu arterii p\u00f3\u0142noc-po\u0142udnie, ponosi ci\u0119\u017car kork\u00f3w. Po ulicach porusza si\u0119 trzydzie\u015bci trzy tysi\u0105ce taks\u00f3wek, kt\u00f3re cz\u0119sto kr\u0105\u017c\u0105 puste mi\u0119dzy kursami, przyczyniaj\u0105c si\u0119 do kork\u00f3w i podwy\u017cszonego poziomu zanieczyszczenia. Zamkni\u0119ta w g\u00f3rzystej kotlinie Sanaa do\u015bwiadcza inwersji termicznych, kt\u00f3re zatrzymuj\u0105 cz\u0105stki sta\u0142e, przez co jako\u015b\u0107 powietrza jest por\u00f3wnywalna z innymi wysokog\u00f3rskimi \u201emisami\u201d, takimi jak Meksyk. Transport publiczny jest w przewa\u017caj\u0105cej mierze nieformalny: prywatne mikrobusy (dababy), minibusy (nuss-bus) i taks\u00f3wki odpowiadaj\u0105 za wi\u0119kszo\u015b\u0107 codziennych dojazd\u00f3w. W 2005 r. szacowano, \u017ce miasto obs\u0142ugiwa\u0142o od 4000 do 7000 dabab\u00f3w, od 5500 do 7300 minibus\u00f3w i 33 000 taks\u00f3wek. M\u0119\u017cczy\u017ani cz\u0119\u015bciej korzystaj\u0105 z pojazd\u00f3w publicznych, podczas gdy kobiety chodz\u0105 pieszo; rowery i motocykle odgrywaj\u0105 minimaln\u0105 rol\u0119. Brak narzuconych rozk\u0142ad\u00f3w jazdy wymusza cz\u0119ste przesiadanie si\u0119 na d\u0142u\u017csze podr\u00f3\u017ce, a nieregularna obs\u0142uga mo\u017ce sprawi\u0107, \u017ce pasa\u017cerowie b\u0119d\u0105 musieli czeka\u0107 bez mo\u017cliwo\u015bci odwo\u0142ania si\u0119.<\/p>\n<p>Mi\u0119dzynarodowy port lotniczy w Sanie obs\u0142ugiwa\u0142 kiedy\u015b osiemdziesi\u0105t procent jeme\u0144skich pasa\u017cer\u00f3w; dzi\u015b pozostaje zamkni\u0119ty dla lot\u00f3w komercyjnych z powodu trwa\u0142ych zniszcze\u0144 spowodowanych konfliktem. Zamkni\u0119ty od sierpnia 2016 r. i naznaczony atakiem lotniczym na wie\u017c\u0119 kontroln\u0105 26 grudnia 2024 r., port lotniczy przetrwa\u0142 w stanie szkieletowym, otwarty tylko dla lot\u00f3w humanitarnych. Plany budowy nowego lotniska, rozpocz\u0119te w 2008 r., zosta\u0142y od\u0142o\u017cone na p\u00f3\u0142k\u0119 w 2011 r. Yemenia, narodowy przewo\u017anik z siedzib\u0105 w Sanie, przetrwa\u0142 po\u015br\u00f3d tych ogranicze\u0144, a jego dzia\u0142alno\u015b\u0107 zosta\u0142a ograniczona do regionalnych czarter\u00f3w, gdy by\u0142o to mo\u017cliwe.<\/p>\n<p>Podr\u00f3\u017c do Sany zaprasza do zanurzenia si\u0119 w \u015bwiecie, w kt\u00f3rym czas p\u0142ynie swoim tempem. W ka\u017cdej kawiarni przy ulicy mo\u017cna zaobserwowa\u0107 sesje \u017cucia qatu: popo\u0142udniowe spotkania, podczas kt\u00f3rych przyjaciele i wsp\u00f3\u0142pracownicy niespiesznie rozmy\u015blaj\u0105 nad \u0142agodnymi stymulantami i rozmowami. Dla wielu m\u0119\u017cczyzn li\u015bcie s\u0105 niezb\u0119dnym rytua\u0142em i chocia\u017c hamuj\u0105 apetyt i zak\u0142\u00f3caj\u0105 sen, pozostaj\u0105 g\u0142\u0119boko zakorzenione w zwyczajach spo\u0142ecznych. Cudzoziemcy mog\u0105 wzi\u0105\u0107 udzia\u0142 w nich za umiarkowan\u0105 cen\u0119 \u2014 cz\u0119sto poni\u017cej pi\u0119ciu dolar\u00f3w ameryka\u0144skich za sesj\u0119 \u2014 jednak powinni pami\u0119ta\u0107 o ograniczeniach prawnych podczas dalszej podr\u00f3\u017cy.<\/p>\n<p>Zwiedzaj\u0105c Stare Miasto, odwiedzaj\u0105cy przechodz\u0105 pod tysi\u0105cletnim Bab al-Yaman, kt\u00f3rego rze\u017abione drewniane drzwi wci\u0105\u017c ko\u0142ysz\u0105 si\u0119 na staro\u017cytnych zawach. W \u015brodku Souk al-Milh oferuje s\u00f3l obok przypraw, rodzynek i r\u0119cznie robionej ceramiki. W sercu dzielnicy stoi VII-wieczny J\u0101mi\u02bf al-Kab\u012br \u2014 prawdopodobnie jeden z najwcze\u015bniejszych zachowanych meczet\u00f3w na \u015bwiecie \u2014 a w jego archiwach znaleziono fragmenty oryginalnych r\u0119kopis\u00f3w Koranu. Niedaleko znajduje si\u0119 Muzeum Narodowe zajmuj\u0105ce odrestaurowany pa\u0142ac kr\u00f3lewski, kt\u00f3rego galerie przedstawiaj\u0105 histori\u0119 Jemenu od czas\u00f3w prehistorycznych do panowania osma\u0144skiego, podczas gdy s\u0105siaduj\u0105ce Muzeum Wojskowe eksponuje uzbrojenie i mundury pod migocz\u0105cymi arabskimi etykietami i gar\u015bci\u0105 angielskich podpis\u00f3w na zewn\u0105trz.<\/p>\n<p>Za murami obronnymi kr\u00f3tka wycieczka prowadzi do zielonej doliny Wadi Dhahr, gdzie tarasowe pola przylegaj\u0105 do zboczy wzg\u00f3rz, a Pa\u0142ac Skalny imama stoi wyrze\u017abiony w wapieniu. Ta gra ziemi i mur\u00f3w stanowi surowy kontrapunkt dla g\u0119stej zabudowy miasta. Z powrotem w murach rzemie\u015blnicy kontynuuj\u0105 czcigodne rzemios\u0142o \u2014 obr\u00f3bk\u0119 srebra, miedzioryt i rze\u017ab\u0119 w p\u00f3\u0142szlachetnych kamieniach \u2014 chocia\u017c epoka zmechanizowanego przemys\u0142u jest ju\u017c tylko odleg\u0142ym wspomnieniem. We wcze\u015bniejszych stuleciach kopalnie na pobliskich zboczach wydobywa\u0142y onyks, chalcedon i karneol, a brytyjscy obserwatorzy kiedy\u015b chwalili wyroby metalowe Sany jako \u201es\u0142awne\u201d, nawet gdy ubolewali nad ich stopniowym upadkiem.<\/p>\n<p>Dla tych, kt\u00f3rzy chc\u0105 zabra\u0107 do domu kawa\u0142ek dziedzictwa Jemenu, zakupy w Sanie s\u0105 \u0107wiczeniem cierpliwo\u015bci i taktu. Mo\u017cna si\u0119 targowa\u0107; ceny mog\u0105 by\u0107 podawane w rialach, dolarach lub euro, przy czym ka\u017cda waluta jest akceptowana wed\u0142ug uznania sprzedawcy. Jambiya \u2014 zakrzywiony sztylet noszony przez miejscowych m\u0119\u017cczyzn \u2014 zas\u0142uguje na szczeg\u00f3ln\u0105 uwag\u0119. Kupuj\u0105cy powinni zauwa\u017cy\u0107, \u017ce do tych ostrzy do\u0142\u0105czone s\u0105 pochwy ze srebra lub nieszlachetnego metalu oraz r\u0119cznie szyte sk\u00f3rzane paski, kt\u00f3rych r\u0119koje\u015bci s\u0105 tradycyjnie rze\u017abione z rogu lub ko\u015bci s\u0142oniowej, cho\u0107 obecnie cz\u0119sto s\u0105 wykonane z drewna lub bursztynu. Jako l\u017cejsz\u0105 pami\u0105tk\u0119 mo\u017cna znale\u017a\u0107 broszki i wisiorki w kszta\u0142cie miniaturowych jambiya, a tak\u017ce naszyjniki ozdobione rzekomym lapis lazuli i innymi kamieniami \u2014 autentyczno\u015b\u0107 rzadko jest gwarantowana.<\/p>\n<p>Wieczorem, gdy cienie wyd\u0142u\u017caj\u0105 si\u0119 na terakotowych dachach, Sanaa ukazuje swoj\u0105 prawdziw\u0105 posta\u0107: \u017cywy gobelin g\u00f3rskiego powietrza i glinianych \u015bcian, wezwa\u0144 modlitewnych i \u015bmiechu dzieci, kupc\u00f3w targuj\u0105cych si\u0119 pod drewnianymi nadpro\u017cami. Tutaj nowoczesno\u015b\u0107 i tradycja stoj\u0105 w cichych negocjacjach. Niespokojna populacja miasta rozszerza si\u0119 coraz bardziej, jednak w murach Starego Miasta trwa cisza stuleci. Pozostanie w Sanie to bycie \u015bwiadkiem odporno\u015bci wyrytej w kamieniu i cegle \u2014 niespiesznego \u015bwiadectwa miejsca, kt\u00f3re odmawia po\u015bpiechu, nawet gdy \u015bwiat za jego g\u00f3rami zmienia si\u0119 bez przerwy.<\/p>","protected":false},"excerpt":{"rendered":"<p>Sanaa, stolica i najwi\u0119ksze miasto Jemenu, ma populacj\u0119 oko\u0142o 3 292 497 os\u00f3b w 2023 r., co czyni j\u0105 znacz\u0105cym o\u015brodkiem miejskim w kraju. B\u0119d\u0105c 2300 metr\u00f3w nad poziomem morza, Sanaa jest jedn\u0105 z najwy\u017cej po\u0142o\u017conych stolic na \u015bwiecie. Otoczona g\u00f3rami Sarawat, kt\u00f3re obejmuj\u0105 Jabal An-Nabi Shu&#039;ayb i Jabal Tiyal, uznawane za najwy\u017csze punkty na P\u00f3\u0142wyspie Arabskim.<\/p>","protected":false},"author":1,"featured_media":3481,"parent":15430,"menu_order":0,"comment_status":"closed","ping_status":"closed","template":"elementor_theme","meta":{"_eb_attr":"","footnotes":""},"class_list":["post-15439","page","type-page","status-publish","has-post-thumbnail"],"_links":{"self":[{"href":"https:\/\/travelshelper.com\/pl\/wp-json\/wp\/v2\/pages\/15439","targetHints":{"allow":["GET"]}}],"collection":[{"href":"https:\/\/travelshelper.com\/pl\/wp-json\/wp\/v2\/pages"}],"about":[{"href":"https:\/\/travelshelper.com\/pl\/wp-json\/wp\/v2\/types\/page"}],"author":[{"embeddable":true,"href":"https:\/\/travelshelper.com\/pl\/wp-json\/wp\/v2\/users\/1"}],"replies":[{"embeddable":true,"href":"https:\/\/travelshelper.com\/pl\/wp-json\/wp\/v2\/comments?post=15439"}],"version-history":[{"count":0,"href":"https:\/\/travelshelper.com\/pl\/wp-json\/wp\/v2\/pages\/15439\/revisions"}],"up":[{"embeddable":true,"href":"https:\/\/travelshelper.com\/pl\/wp-json\/wp\/v2\/pages\/15430"}],"wp:featuredmedia":[{"embeddable":true,"href":"https:\/\/travelshelper.com\/pl\/wp-json\/wp\/v2\/media\/3481"}],"wp:attachment":[{"href":"https:\/\/travelshelper.com\/pl\/wp-json\/wp\/v2\/media?parent=15439"}],"curies":[{"name":"wp","href":"https:\/\/api.w.org\/{rel}","templated":true}]}}