{"id":15430,"date":"2024-09-21T09:30:52","date_gmt":"2024-09-21T09:30:52","guid":{"rendered":"https:\/\/travelshelper.com\/staging\/?page_id=15430"},"modified":"2026-03-11T21:53:28","modified_gmt":"2026-03-11T21:53:28","slug":"jemen","status":"publish","type":"page","link":"https:\/\/travelshelper.com\/pl\/destinations\/asia\/yemen\/","title":{"rendered":"Jemen"},"content":{"rendered":"<p>Jemen, oficjalnie Republika Jemenu, zajmuje po\u0142udniowo-zachodni r\u00f3g P\u00f3\u0142wyspu Arabskiego, jego masa l\u0105dowa rozci\u0105ga si\u0119 na oko\u0142o 455 503 kilometr\u00f3w kwadratowych (175 871 mil kwadratowych) i daje oko\u0142o 2000 kilometr\u00f3w (1200 mil) linii brzegowej. Na p\u00f3\u0142nocy granica styka si\u0119 z Arabi\u0105 Saudyjsk\u0105; na p\u00f3\u0142nocnym wschodzie z Omanem; na wschodzie z Morzem Arabskim; na po\u0142udniu z Zatok\u0105 Ade\u0144sk\u0105; a na zachodzie z Morzem Czerwonym \u2014 przez kt\u00f3rego wody Jemen dzieli granice morskie z D\u017cibuti, Erytre\u0105 i Somali\u0105. Sanaa, konstytucyjna stolica kraju, wznosi si\u0119 na wysoko\u015bci ponad 2100 metr\u00f3w, gdzie od ponad dw\u00f3ch tysi\u0105cleci osadnictwo trwa; jej populacja licz\u0105ca oko\u0142o 34,7 miliona mieszka\u0144c\u00f3w jest w przewa\u017caj\u0105cej mierze arabska i muzu\u0142ma\u0144ska, a jej cz\u0142onkostwo w Lidze Arabskiej, Organizacji Narod\u00f3w Zjednoczonych, Ruchu Pa\u0144stw Niezaanga\u017cowanych i Organizacji Wsp\u00f3\u0142pracy Islamskiej odzwierciedla d\u0142ug\u0105 histori\u0119 zaanga\u017cowania dyplomatycznego.<\/p>\n<p>Geograficznie i klimatycznie Jemen dzieli si\u0119 na cztery g\u0142\u00f3wne regiony. Wzd\u0142u\u017c wybrze\u017ca Morza Czerwonego le\u017cy Tihamah: p\u0142aska, upalna r\u00f3wnina usiana lagunami i otoczona wydmami. Chocia\u017c upalne minimum nie pozwala \u017cadnej rzece dotrze\u0107 do morza, podziemne wodono\u015bniki zasilaj\u0105 rolnictwo w g\u0142\u0119bi l\u0105du. Dalej grzbiet wy\u017cyn dzieli si\u0119 na zachodnie i wschodnie p\u0142askowy\u017ce. Zachodnie wy\u017cyny otrzymuj\u0105 wi\u0119kszo\u015b\u0107 opad\u00f3w orograficznych, sprawiaj\u0105c, \u017ce tarasowe gospodarstwa staj\u0105 si\u0119 zielone; ich wschodni odpowiednik, bardziej suchy, daje rzadsze uprawy. Na wschodzie zn\u00f3w le\u017cy Rub\u02bf al Khali, czyli Pusta \u0106wiartka \u2014 rozleg\u0142y obszar ruchomych piask\u00f3w w sercu P\u00f3\u0142wyspu Arabskiego. Na morzu suwerenno\u015b\u0107 Jemenu rozci\u0105ga si\u0119 na kilka wysp Morza Czerwonego \u2014 Hanish, Kamaran, Perim \u2014 i na archipelag Sokotra, po\u0142o\u017cony bli\u017cej Afryki, kt\u00f3rego wulkaniczne szczyty i endemiczna flora zdradzaj\u0105 pokrewie\u0144stwo z tym kontynentem.<\/p>\n<p>Przez ponad siedem tysi\u0105cleci Jemen le\u017ca\u0142 na skrzy\u017cowaniu handlu i kultury. W pierwszym tysi\u0105cleciu p.n.e. kr\u00f3lestwo Saba&#039; gromadzi\u0142o karawany kadzid\u0142a i mirry, zak\u0142adaj\u0105c kolonie po drugiej stronie Morza Czerwonego na terenach dzisiejszej Etiopii i Erytrei. Do 275 r. n.e. kr\u00f3lestwo Himjaryt\u00f3w zast\u0105pi\u0142o Saba&#039;, gdzie judaizm pozostawi\u0142 trwa\u0142e \u015blady w \u017cyciu politycznym i spo\u0142ecznym. Wsp\u00f3lnoty chrze\u015bcija\u0144skie zapu\u015bci\u0142y korzenie w IV wieku; w ci\u0105gu trzech stuleci przyby\u0142 islam i szybko zwyci\u0119\u017cy\u0142. Jeme\u0144scy wojownicy s\u0142u\u017cyli u boku Proroka, a p\u00f3\u017aniej w podbojach, kt\u00f3re wynios\u0142y Islam poza Arabi\u0119. Przez ca\u0142y okres \u015bredniowiecza dynastie takie jak Rasulidowie i Tahirydzi powstawa\u0142y i upada\u0142y, podczas gdy miasta g\u00f3rskie zak\u0142ada\u0142y seminaria, kt\u00f3re mia\u0142y uczyni\u0107 Jemen centrum nauki islamu.<\/p>\n<p>Mi\u0119dzy XVI a XX wiekiem Jemen zmaga\u0142 si\u0119 z zagranicznymi najazdami. Imperium Osma\u0144skie ro\u015bci\u0142o sobie prawa do wi\u0119kszo\u015bci p\u00f3\u0142nocy; Brytyjczycy okopali si\u0119 na po\u0142udniu wok\u00f3\u0142 Adenu. Po I wojnie \u015bwiatowej Imam Yahya og\u0142osi\u0142 niepodleg\u0142e Kr\u00f3lestwo Jemenu. W 1962 roku oficerowie republika\u0144scy obalili monarchi\u0119, tworz\u0105c Jeme\u0144sk\u0105 Republik\u0119 Arabsk\u0105, czyli Jemen P\u00f3\u0142nocny. Pi\u0119\u0107 lat p\u00f3\u017aniej Aden i jego zaplecze oddzieli\u0142y si\u0119 jako Ludowo-Demokratyczna Republika Jemenu, jedyne w \u015bwiecie arabskim oficjalnie socjalistyczne pa\u0144stwo. Dopiero w 1990 roku p\u00f3\u0142noc i po\u0142udnie potwierdzi\u0142y jedno\u015b\u0107 jako Republika Jemenu; jej pierwszy prezydent, Ali Abdullah Saleh, przewodniczy\u0142 do czasu, a\u017c Arabska Wiosna 2011 roku zmusi\u0142a go do rezygnacji.<\/p>\n<p>Polityczne wstrz\u0105sy powr\u00f3ci\u0142y szybko. Masowe protesty przeciwko stagnacji gospodarczej, szerz\u0105cemu si\u0119 bezrobociu i proponowanym zmianom konstytucyjnym zjednoczy\u0142y si\u0119 przeciwko zakorzenionym przyw\u00f3dcom Jemenu. Do 2015 r. kraj ogarn\u0119\u0142a wojna domowa: ruch Huti w Sanie stan\u0105\u0142 naprzeciwko uznawanego przez spo\u0142eczno\u015b\u0107 mi\u0119dzynarodow\u0105 rz\u0105du, podczas gdy obce mocarstwa interweniowa\u0142y drog\u0105 powietrzn\u0105, l\u0105dow\u0105 i morsk\u0105. Nast\u0119puj\u0105ca po tym katastrofa humanitarna nale\u017cy do najpowa\u017cniejszych w tym stuleciu: do 2019 r. oko\u0142o 24 milion\u00f3w Jeme\u0144czyk\u00f3w \u2014 trzy czwarte populacji \u2014 potrzebowa\u0142o pomocy, a wska\u017aniki g\u0142odu, \u015bmiertelno\u015bci dzieci i rozprzestrzeniania si\u0119 chor\u00f3b pozostaj\u0105 fatalne. Jemen zajmuje najni\u017csze miejsce pod wzgl\u0119dem rozwoju cz\u0142owieka poza Afryk\u0105 i najni\u017csze pod wzgl\u0119dem globalnego pokoju, nawet gdy jego gospodarka w czasie pokoju niemal za\u0142ama\u0142a si\u0119 pod wp\u0142ywem blokady i konfliktu.<\/p>\n<p>Jednak po\u015br\u00f3d trudno\u015bci dziedzictwo architektoniczne Jemenu pozostaje odporne. W Starym Mie\u015bcie w Sanie \u2014 wpisanym na List\u0119 \u015awiatowego Dziedzictwa UNESCO w 1986 r. \u2014 wie\u017cowce z wypalanej ceg\u0142y i kamienia wznosz\u0105 si\u0119 na sze\u015b\u0107, a nawet siedem pi\u0119ter, a ich fasady zdobi\u0105 geometryczne reliefy gipsowe. Ni\u017csze pi\u0119tra kiedy\u015b s\u0142u\u017cy\u0142y do \u200b\u200bprzechowywania byd\u0142a i spichlerzy; na g\u00f3rze sala recepcyjna (mafraj) oferowa\u0142a widoki na dachy. Na p\u00f3\u0142nocy le\u017cy Shibam, \u201eManhattan pustyni\u201d, kt\u00f3rego XVI-wieczne wie\u017cowce z ceg\u0142y mu\u0142owej nadal strzeg\u0105 Wadi Hadhramaut. Co wi\u0119cej, Zabid zachowuje \u015bredniowieczne miasto uniwersyteckie, kt\u00f3rego arkady odzwierciedlaj\u0105 wieki nauki. W Wadi Dahr stoi Dar al-Hajar, pa\u0142ac skalny Imama, kt\u00f3rego kolorowe szklane \u015bwietliki i ozdobne tynki przypominaj\u0105 cichsz\u0105 epok\u0119.<\/p>\n<p>Archipelag Sokotra, wpisany na List\u0119 \u015awiatowego Dziedzictwa UNESCO w 2008 r., oferuje cuda natury, kt\u00f3rych nie znajdziesz nigdzie indziej. Oko\u0142o 37 procent z 825 gatunk\u00f3w ro\u015blin nie wyst\u0119puje nigdzie indziej na Ziemi; podobnie jak 90 procent gad\u00f3w i 95 procent \u015blimak\u00f3w. S\u0142ynne drzewo Dracaena cinnabari (Dracena cinnabari) zdobi wapienne p\u0142askowy\u017ce, podczas gdy rafy koralowe roj\u0105 si\u0119 od 253 gatunk\u00f3w koralowc\u00f3w i 730 gatunk\u00f3w ryb. Izolacja Sokotry sprzyja\u0142a nie tylko bior\u00f3\u017cnorodno\u015bci, ale tak\u017ce odr\u0119bnemu j\u0119zykowi i kulturze, co \u015bwiadczy o warstwowym dziedzictwie Jemenu.<\/p>\n<p>Administracyjnie Jemen sk\u0142ada si\u0119 z dwudziestu jeden gubernatorstw plus gminy Amanat al-\u02bfAsimah wok\u00f3\u0142 Sany; reforma z 2013 r. podnios\u0142a Sokotr\u0119 do rangi w\u0142asnej gubernatorstwa. Podzia\u0142y kaskadowo rozchodz\u0105 si\u0119 z 333 dystrykt\u00f3w do ponad 2200 poddystrykt\u00f3w i prawie 38 300 wiosek. W 2014 r. plan konstytucyjny zaproponowa\u0142 sze\u015b\u0107 region\u00f3w federalnych \u2014 cztery p\u00f3\u0142nocne, dwa po\u0142udniowe \u2014 chocia\u017c wojna domowa przerwa\u0142a jego pe\u0142ne wdro\u017cenie.<\/p>\n<p>Ekonomicznie, zjednoczenie przynios\u0142o skromne korzy\u015bci: do 2013 r. jeme\u0144ski produkt krajowy brutto (parytet si\u0142y nabywczej) osi\u0105gn\u0105\u0142 61,63 mld USD, a doch\u00f3d na mieszka\u0144ca wyni\u00f3s\u0142 2500 USD. Us\u0142ugi stanowi\u0142y ponad 60% produkcji, przemys\u0142 31%, a rolnictwo poni\u017cej 8%; ropa naftowa kiedy\u015b stanowi\u0142a jedn\u0105 czwart\u0105 PKB i 63% dochod\u00f3w. Od czasu wznowienia konfliktu PKB spad\u0142o o ponad po\u0142ow\u0119, eksport utkn\u0105\u0142 w martwym punkcie, a infrastruktura uleg\u0142a degradacji. Jemen nale\u017cy do najbiedniejszych kraj\u00f3w \u015bwiata, a jego wska\u017aniki rozwoju spo\u0142ecznego s\u0105 g\u0142\u0119boko w najni\u017cszych rankingach.<\/p>\n<p>Demograficznie Jemen jest m\u0142ody. Z 4,3 miliona w 1950 r. jego populacja wzros\u0142a do oko\u0142o 33\u201335 milion\u00f3w na pocz\u0105tku lat 20. XXI w., prawie po\u0142owa poni\u017cej pi\u0119tnastego roku \u017cycia i mniej ni\u017c 3 procent powy\u017cej sze\u015b\u0107dziesi\u0105tego pi\u0105tego roku \u017cycia. Wska\u017anik dzietno\u015bci pozostaje wysoki, na poziomie oko\u0142o 4,5 dzieci na kobiet\u0119, prognozuj\u0105c dalszy wzrost do by\u0107 mo\u017ce 60 milion\u00f3w do po\u0142owy wieku. Arabski jest podstaw\u0105 \u017cycia publicznego: nowoczesny standardowy arabski s\u0142u\u017cy w edukacji i zarz\u0105dzaniu; jeme\u0144ski arabski, z jego archaiczn\u0105 fonetyk\u0105 i s\u0142ownictwem, pozostaje j\u0119zykiem ojczystym. W Sokotra i wschodnim Hadhramaut, j\u0119zyki po\u0142udniowosemickie \u2014 Soqotri, Mehri i inne \u2014 nadal istniej\u0105. Angielski cieszy si\u0119 rosn\u0105c\u0105 walut\u0105, szczeg\u00f3lnie w by\u0142ych strefach brytyjskich.<\/p>\n<p>Islam jednoczy Jeme\u0144czyk\u00f3w, przy czym Zaydi Shi&#039;ites stanowi\u0105 oko\u0142o 45 procent, a Sunnici, g\u0142\u00f3wnie ze szko\u0142y Shafi&#039;i, oko\u0142o 53 procent; mniejsze spo\u0142eczno\u015bci Isma&#039;ili i Twelver dope\u0142niaj\u0105 gobelin. Przestrzeganie religii kszta\u0142tuje codzienne rytmy: wezwania do meczetu o \u015bwicie, w po\u0142udnie, po po\u0142udniu, o zachodzie s\u0142o\u0144ca i wieczorem wyznaczaj\u0105 zar\u00f3wno targowiska, jak i g\u00f3rskie wioski.<\/p>\n<p>Wizyta w Jemenie wymaga cierpliwo\u015bci i czujno\u015bci. Ze wzgl\u0119du na obawy dotycz\u0105ce bezpiecze\u0144stwa loty s\u0105 zmienne; od po\u0142owy 2024 r. tylko lotniska w Sanie, Adenie i Sajun otrzymuj\u0105 ograniczone us\u0142ugi z Ammanu, Kairu, Rijadu i Mumbaju. Nie ma kolei. Wjazd drog\u0105 l\u0105dow\u0105 przez Oman jest nadal mo\u017cliwy, chocia\u017c zezwolenia (tasriih) od policji turystycznej s\u0105 obowi\u0105zkowe w przypadku podr\u00f3\u017cy mi\u0119dzymiastowych drog\u0105 l\u0105dow\u0105; przej\u015bcia graniczne w Arabii Saudyjskiej nak\u0142adaj\u0105 surowsze wymagania. Autobusy \u2014 klimatyzowane, cho\u0107 czasami stare \u2014 \u0142\u0105cz\u0105 g\u0142\u00f3wne miasta, chocia\u017c prywatni podr\u00f3\u017cni cz\u0119sto wynajmuj\u0105 samochody z nap\u0119dem na cztery ko\u0142a z lokalnymi przewodnikami. Przybrze\u017cne promy z D\u017cibuti przemierzaj\u0105 Zatok\u0119, a nieustraszone dusze mog\u0105 jeszcze wsi\u0105\u015b\u0107 na pok\u0142ad cementowc\u00f3w p\u0142yn\u0105cych do Sokotry.<\/p>\n<p>W miastach taks\u00f3wki wsp\u00f3\u0142dzielone \u2014 lokalnie \u201ebijou\u201d lub minibusy wywodz\u0105ce si\u0119 z Peugeota \u2014 dzia\u0142aj\u0105 na zasadzie \u201enape\u0142nij i jed\u017a\u201d, mieszcz\u0105c do dziewi\u0119ciu pasa\u017cer\u00f3w; negocjowanie dw\u00f3ch miejsc z przodu lub ca\u0142ych rz\u0119d\u00f3w pozostaje zwyczajem dla wi\u0119kszego komfortu. Dla niezale\u017cnych podr\u00f3\u017cnych w spokojniejszych regionach autobusy miejskie zapewniaj\u0105 niedrogi, przyjazny przejazd. Kserokopie zezwole\u0144, paszport i plan podr\u00f3\u017cy wystarcz\u0105, aby uzyska\u0107 przepustki na otwarte drogi, chocia\u017c wojskowe punkty kontrolne mog\u0105 nadal wymaga\u0107 wielu potwierdze\u0144.<\/p>\n<p>Pomimo przeszk\u00f3d logistycznych atrakcje Jemenu przetrwa\u0142y. W Sanie labirynt w\u0105skich uliczek, kratowe okna z czerwonego drewna i zapach kawy z kardamonem przywodz\u0105 na my\u015bl stulecia codziennego \u017cycia. Kawkaban, po\u0142o\u017cony na wysoko\u015bci 3000 metr\u00f3w, zachowa\u0142 inskrypcje Himjaryt\u00f3w i Gwiazdy Dawida ze staro\u017cytnych spo\u0142eczno\u015bci \u017cydowskich. Murowane mury z ceg\u0142y mu\u0142owej Sa&#039;dah chroni\u0105 winnice winogron i palm, kt\u00f3rych owoce podtrzymuj\u0105 g\u00f3rskie wioski. Al Mahwit wie\u0144czy g\u00f3ry pokrytymi chmurami farmami; Bura&#039; kryje lasy zasilane monsunami, jakich nie ma nigdzie indziej na p\u00f3\u0142wyspie. Wynios\u0142a osada Manakhah jest przyk\u0142adem \u015bredniowiecznego planowania na szczycie wzg\u00f3rza; staro\u017cytna tama Ma&#039;rib, niegdy\u015b przypisywana w legendzie kr\u00f3lowej Saby, \u015bwiadczy o wyczynach in\u017cynieryjnych, kt\u00f3re nawadnia\u0142y rozleg\u0142e pola. W Ibb, \u201eZielonym Sercu\u201d, potoki corocznych opad\u00f3w zasilaj\u0105 doliny kaw\u0105 i miodem; pobliski Jiblah rozbrzmiewa ufortyfikowanymi domami z kamienia. Al Khawkhah oferuje pla\u017ce Morza Czerwonego zacienione palmami, podczas gdy Ta&#039;izz, kulturowe centrum republiki, znajduje si\u0119 pod tarasowymi zboczami Jabal Sabir. Tarim i Say&#039;un w Hadhramaut odzwierciedlaj\u0105 elegancj\u0119 Hadhrami w ceglanych pa\u0142acach i meczetach. Al Mukalla z nowoczesno\u015bci\u0105 wychodzi na Morze Arabskie, ale jego wybrze\u017ce ust\u0119puje dziewiczym piaskom Bir Ali. Wreszcie Park Narodowy Hauf, pozosta\u0142o\u015b\u0107 po wp\u0142ywie monsunu, utrzymuje enklawy las\u00f3w deszczowych i dzikiej przyrody dzielone z s\u0105siadami z Omanu.<\/p>\n<p>Dla przyjezdnych normy spo\u0142eczne wymagaj\u0105 dyskretnego zachowania. Tematy polityczne \u2014 szczeg\u00f3lnie opinie na temat Stan\u00f3w Zjednoczonych lub Izraela \u2014 mog\u0105 wzbudza\u0107 niepok\u00f3j. Religia wymaga szacunku: meczety narzucaj\u0105 zasady ubioru, a podczas ramadanu publiczne jedzenie lub palenie jest obra\u017aliwe. Aparaty fotograficzne wymagaj\u0105 pozwolenia; portrety kobiet lub instalacje bezpiecze\u0144stwa mog\u0105 wywo\u0142a\u0107 wrogo\u015b\u0107. Charytatywne impulsy znajduj\u0105 lepszy wyraz w uznanych organizacjach charytatywnych, a nie w improwizowanych prezentach dla dzieci, kt\u00f3re mog\u0105 sprzyja\u0107 uzale\u017cnieniu. Targowanie si\u0119 le\u017cy u podstaw handlu; ustalone ceny dla obcokrajowc\u00f3w s\u0105 rzadkie, a negocjacje uciele\u015bniaj\u0105 ten zwyczaj.<\/p>\n<p>Tak wi\u0119c Jemen pozostaje krajem kontrast\u00f3w: kolebk\u0105 cywilizacji, kt\u00f3rej architektura i cuda natury opieraj\u0105 si\u0119 spustoszeniom konfliktu; miejscem, w kt\u00f3rym go\u015bcinno\u015b\u0107 trwa po\u015br\u00f3d trudno\u015bci, a ka\u017cda dolina i wioska niesie ze sob\u0105 warstwy historii. Zrozumie\u0107 Jemen oznacza uzna\u0107 jego cierpienie i pi\u0119kno w r\u00f3wnym stopniu, uszanowa\u0107 jego tradycje i ludzi oraz uzna\u0107, \u017ce \u2014 nawet w obecnych pr\u00f3bach \u2014 dziedzictwo Jemenu kszta\u0142tuje zar\u00f3wno przesz\u0142o\u015b\u0107, jak i obietnic\u0119 szerszego \u015bwiata arabskiego.<\/p>","protected":false},"excerpt":{"rendered":"<p>Jemen, po\u0142o\u017cony w Azji Zachodniej, ma populacj\u0119 oko\u0142o 40,8 miliona ludzi w 2024 r., co plasuje go na 37. miejscu pod wzgl\u0119dem liczby ludno\u015bci na \u015bwiecie. Strategicznie zajmuj\u0105c prawie 528 000 kilometr\u00f3w kwadratowych w po\u0142udniowej Arabii, nar\u00f3d ten graniczy na p\u00f3\u0142nocy z Arabi\u0105 Saudyjsk\u0105 i na p\u00f3\u0142nocnym wschodzie z Omanem. 2000-kilometrowa linia brzegowa Jemenu biegnie od Oceanu Indyjskiego na po\u0142udniu do Morza Czerwonego na zachodzie. Po\u0142o\u017cony po drugiej stronie Rogu Afryki, ten geograficzny kierunek tworzy granice morskie mi\u0119dzy Erytre\u0105, D\u017cibuti i Somali\u0105.<\/p>","protected":false},"author":1,"featured_media":3216,"parent":24063,"menu_order":0,"comment_status":"closed","ping_status":"closed","template":"elementor_theme","meta":{"_eb_attr":"","footnotes":""},"class_list":["post-15430","page","type-page","status-publish","has-post-thumbnail"],"_links":{"self":[{"href":"https:\/\/travelshelper.com\/pl\/wp-json\/wp\/v2\/pages\/15430","targetHints":{"allow":["GET"]}}],"collection":[{"href":"https:\/\/travelshelper.com\/pl\/wp-json\/wp\/v2\/pages"}],"about":[{"href":"https:\/\/travelshelper.com\/pl\/wp-json\/wp\/v2\/types\/page"}],"author":[{"embeddable":true,"href":"https:\/\/travelshelper.com\/pl\/wp-json\/wp\/v2\/users\/1"}],"replies":[{"embeddable":true,"href":"https:\/\/travelshelper.com\/pl\/wp-json\/wp\/v2\/comments?post=15430"}],"version-history":[{"count":0,"href":"https:\/\/travelshelper.com\/pl\/wp-json\/wp\/v2\/pages\/15430\/revisions"}],"up":[{"embeddable":true,"href":"https:\/\/travelshelper.com\/pl\/wp-json\/wp\/v2\/pages\/24063"}],"wp:featuredmedia":[{"embeddable":true,"href":"https:\/\/travelshelper.com\/pl\/wp-json\/wp\/v2\/media\/3216"}],"wp:attachment":[{"href":"https:\/\/travelshelper.com\/pl\/wp-json\/wp\/v2\/media?parent=15430"}],"curies":[{"name":"wp","href":"https:\/\/api.w.org\/{rel}","templated":true}]}}