{"id":15241,"date":"2024-09-20T19:44:33","date_gmt":"2024-09-20T19:44:33","guid":{"rendered":"https:\/\/travelshelper.com\/staging\/?page_id=15241"},"modified":"2026-03-11T19:15:03","modified_gmt":"2026-03-11T19:15:03","slug":"filipiny","status":"publish","type":"page","link":"https:\/\/travelshelper.com\/pl\/destinations\/asia\/philippines\/","title":{"rendered":"Filipiny"},"content":{"rendered":"<p>Filipiny to republika archipelagowa sk\u0142adaj\u0105ca si\u0119 z ponad 7600 wysp rozrzuconych po zachodniej cz\u0119\u015bci Pacyfiku. Jej powierzchnia l\u0105dowa \u2014 oko\u0142o 300 000 kilometr\u00f3w kwadratowych \u2014 rozci\u0105ga si\u0119 na oko\u0142o 1850 kilometr\u00f3w od wyspy Luzon na p\u00f3\u0142nocy do Mindanao na po\u0142udniu. Wyspy te dziel\u0105 si\u0119 na trzy g\u0142\u00f3wne grupy: Luzon, Visayas i Mindanao. Linia brzegowa kraju \u2014 mierz\u0105ca \u0142\u0105cznie ponad 36 000 kilometr\u00f3w \u2014 ograniczona jest przez Morze Po\u0142udniowochi\u0144skie, Morze Filipi\u0144skie i Morze Celebes. Granice morskie si\u0119gaj\u0105 Tajwanu, Japonii, Palau, Indonezji, Malezji, Wietnamu i Chin. Stolic\u0105 jest Manila, a Quezon City, r\u00f3wnie\u017c w Metro Manila, dzier\u017cy tytu\u0142 najludniejszego miasta. Z ponad 110 milionami mieszka\u0144c\u00f3w Filipiny zajmuj\u0105 dwunaste miejsce pod wzgl\u0119dem liczby ludno\u015bci na \u015bwiecie.<\/p>\n\n\n\n<p>G\u00f3ra Apo, najwy\u017cszy szczyt kraju o wysoko\u015bci 2954 metr\u00f3w, stoi na stra\u017cy po\u0142udniowego Mindanao. W p\u00f3\u0142nocnym Luzonie rzeka Cagayan przep\u0142ywa ponad 520 kilometr\u00f3w, zanim wpadnie do kana\u0142u Babuyan. Zatoka Manilska \u2014 na kt\u00f3rej brzegach le\u017cy stolica \u2014 \u0142\u0105czy si\u0119 poprzez rzek\u0119 Pasig z Laguna de Bay, najwi\u0119kszym jeziorem na archipelagu. Miejsce to le\u017cy na zachodnim skraju Pacyficznego Pier\u015bcienia Ognia, gdzie codziennie odnotowuje si\u0119 pi\u0119\u0107 trz\u0119sie\u0144 ziemi. Chocia\u017c wi\u0119kszo\u015b\u0107 wstrz\u0105s\u00f3w umyka uwadze, wyspy odnotowa\u0142y powa\u017cne wydarzenia \u2014 trz\u0119sienie ziemi w Zatoce Moro w 1976 r. i trz\u0119sienie ziemi na Luzonie w 1990 r. W\u015br\u00f3d nich jest dwadzie\u015bcia trzy wulkany, kt\u00f3re pozostaj\u0105 aktywne; Mayon, Taal, Canlaon i Bulusan przoduj\u0105 pod wzgl\u0119dem cz\u0119stotliwo\u015bci erupcji.<\/p>\n\n\n\n<p>Pod wstrz\u0105sami sejsmicznymi Filipiny kryj\u0105 znaczne bogactwa mineralne. Ich geologia dostarcza nieeksploatowanych z\u0142\u00f3\u017c z\u0142ota \u2014 ust\u0119puj\u0105cych jedynie Republice Po\u0142udniowej Afryki \u2014 obok miedzi, palladu, niklu, chromu, molibdenu, platyny i cynku. Jednak obawy o \u015brodowisko i op\u00f3r spo\u0142eczny sprawi\u0142y, \u017ce du\u017ce po\u0142acie pozostaj\u0105 niezagospodarowane. Nad ziemi\u0105 archipelag obejmuje jedno z najbogatszych centr\u00f3w bior\u00f3\u017cnorodno\u015bci na \u015bwiecie. Jego lasy daj\u0105 schronienie oko\u0142o 13 500 gatunkom ro\u015blin \u2014 3500 endemicznym \u2014 w tym 8000 ro\u015blin kwiatowych i prawie tysi\u0105c storczyk\u00f3w. Liczba zwierz\u0105t przekracza 20 000 owad\u00f3w, 686 gatunk\u00f3w ptak\u00f3w i ponad 500 gatunk\u00f3w gad\u00f3w i ssak\u00f3w, z kt\u00f3rych wiele nie wyst\u0119puje nigdzie indziej. Ekosystemy morskie, le\u017c\u0105ce w Tr\u00f3jk\u0105cie Koralowym, mog\u0105 pochwali\u0107 si\u0119 najwi\u0119ksz\u0105 r\u00f3\u017cnorodno\u015bci\u0105 ryb przybrze\u017cnych na \u015bwiecie i ponad 3200 zarejestrowanymi gatunkami ryb.<\/p>\n\n\n\n<p>Filipiny po\u0142o\u017cone w pobli\u017cu r\u00f3wnika maj\u0105 tropikalny klimat morski z trzema porami roku: gor\u0105cym, suchym okresem od marca do maja; deszcze od czerwca do listopada; i ch\u0142odniejsze, suchsze miesi\u0105ce od grudnia do lutego. Roczne opady deszczu s\u0105 bardzo zr\u00f3\u017cnicowane \u2014 do 5000 mm na ods\u0142oni\u0119tych wschodnich zboczach, poni\u017cej 1000 mm w chronionych dolinach. Wiatry monsunowe zmieniaj\u0105 si\u0119 dwa razy w roku: po\u0142udniowo-zachodni \u201ehabagat\u201d i p\u00f3\u0142nocno-wschodni \u201eamihan\u201d. Rocznie oko\u0142o dziewi\u0119tnastu cyklon\u00f3w tropikalnych wkracza na filipi\u0144ski obszar odpowiedzialno\u015bci; osiem lub dziewi\u0119\u0107 zwykle l\u0105duje. Zapisy historyczne pokazuj\u0105, \u017ce najci\u0119\u017csza burza spad\u0142a 2210 mm wok\u00f3\u0142 Baguio w po\u0142owie lipca 1911 r. Wra\u017cliwo\u015b\u0107 archipelagu na ekstremalne zjawiska pogodowe i podnosz\u0105cy si\u0119 poziom m\u00f3rz stawia go w\u015br\u00f3d najbardziej wra\u017cliwych na klimat kraj\u00f3w \u015bwiata.<\/p>\n\n\n\n<p>Aby chroni\u0107 swoje bogactwo naturalne, rz\u0105d wyznaczy\u0142 ponad 200 obszar\u00f3w chronionych o powierzchni ponad 7,7 miliona hektar\u00f3w. Trzy miejsca \u2014 rafa Tubbataha, podziemna rzeka Puerto Princesa i rezerwat przyrody Mount Hamiguitan \u2014 maj\u0105 status \u015bwiatowego dziedzictwa UNESCO. Zalesianie i przywracanie siedlisk poczyni\u0142y skromne post\u0119py na tle trwaj\u0105cego od wiek\u00f3w wylesiania, kt\u00f3re zmniejszy\u0142o powierzchni\u0119 las\u00f3w z 70 procent w 1900 r. do poni\u017cej 20 procent pod koniec XX wieku.<\/p>\n\n\n\n<p>Na d\u0142ugo przed kontaktem z Europejczykami wyspy zamieszkiwali Negryci. Zast\u0105pi\u0142y ich kolejne fale austronezyjskich \u017ceglarzy, kt\u00f3rzy przywie\u017ali ze sob\u0105 wierzenia animistyczne, a nast\u0119pnie idee hinduistyczno-buddyjskie i kultur\u0119 walki islamu na po\u0142udniu. Od IX wieku powi\u0105zania handlowe z chi\u0144skimi dynastiami doprowadzi\u0142y do \u200b\u200bprzybycia i integracji chi\u0144skich kupc\u00f3w. W 1543 roku hiszpa\u0144ski nawigator Ruy L\u00f3pez de Villalobos ochrzci\u0142 wyspy \u201eLas Islas Filipinas\u201d na cze\u015b\u0107 Filipa II Kastylijskiego. Przez nast\u0119pne trzy stulecia Hiszpania ugruntowa\u0142a katolicyzm jako dominuj\u0105c\u0105 wiar\u0119 i uczyni\u0142a z Manili kluczowy punkt w handlu galeonami mi\u0119dzy Azj\u0105 a Ameryk\u0105, przyci\u0105gaj\u0105c osadnik\u00f3w z P\u00f3\u0142wyspu Iberyjskiego i Ameryki \u0141aci\u0144skiej.<\/p>\n\n\n\n<p>Pod koniec XIX wieku nastroje nacjonalistyczne doprowadzi\u0142y do \u200b\u200brewolucji filipi\u0144skiej w 1896 r. Nast\u0119puj\u0105ca po niej wojna ameryka\u0144sko-hiszpa\u0144ska w 1898 r. doprowadzi\u0142a do przekazania terytorium przez Hiszpani\u0119 Stanom Zjednoczonym. Przyw\u00f3dcy filipi\u0144scy proklamowali Pierwsz\u0105 Republik\u0119 Filipi\u0144sk\u0105, ale wybuch\u0142a wojna ameryka\u0144sko-filipi\u0144ska, pozostawiaj\u0105c archipelag pod kontrol\u0105 ameryka\u0144sk\u0105. W II wojnie \u015bwiatowej nast\u0105pi\u0142a okupacja japo\u0144ska, a\u017c do wyzwolenia kraju przez si\u0142y ameryka\u0144skie w 1945 r. 4 lipca 1946 r. Filipiny uzyska\u0142y pe\u0142n\u0105 niepodleg\u0142o\u015b\u0107.<\/p>\n\n\n\n<p>Demokracja powojenna zosta\u0142a przerwana podczas prezydentury Ferdinanda Marcosa, naznaczonej stanem wojennym od 1972 do 1981 roku. Rewolucja W\u0142adzy Ludowej z 1986 roku obali\u0142a Marcosa bez rozlewu krwi i doprowadzi\u0142a do uchwalenia Konstytucji Pi\u0105tej Republiki w 1987 roku. Od tego czasu kraj utrzymuje jednolity system prezydencki. Niemniej jednak problemy ub\u00f3stwa, nier\u00f3wno\u015bci i korupcji instytucjonalnej nadal istniej\u0105. Grupy etniczno\u2011j\u0119zykowe licz\u0105 ponad 100, w tym Tagalog, Visayan, Ilocano, Bikol i Waray, obok spo\u0142eczno\u015bci tubylczych, takich jak Igorot i Lumad. Oko\u0142o 60 procent populacji mieszka na obszarach przybrze\u017cnych, a ponad po\u0142owa w o\u015brodkach miejskich.<\/p>\n\n\n\n<p>Gospodarka Filipin \u2014 34. co do wielko\u015bci na \u015bwiecie pod wzgl\u0119dem nominalnego PKB \u2014 przesun\u0119\u0142a si\u0119 z rolnictwa w stron\u0119 us\u0142ug i produkcji. W 2025 r. jej produkcja szacowana jest na 508 mld USD. Udzia\u0142 si\u0142y roboczej zbli\u017ca si\u0119 do 50 mln, a stopa bezrobocia wynosi blisko 3 procent. Rezerwy mi\u0119dzynarodowe przekraczaj\u0105 100 mld USD, a wska\u017aniki d\u0142ugu do PKB spad\u0142y z ostatniego maksimum 63,7 do oko\u0142o 60 procent. Peso jest kotwic\u0105 transakcji krajowych.<\/p>\n\n\n\n<p>Kraj pozostaje importerem netto i ma d\u0142ug zewn\u0119trzny. G\u0142\u00f3wne towary eksportowe obejmuj\u0105 p\u00f3\u0142przewodniki, maszyny elektryczne i komponenty elektroniczne, podczas gdy kluczowe towary importowane obejmuj\u0105 maszyny i paliwa mineralne. Eksport produkt\u00f3w rolnych \u2014 kokosy, banany i ananasy \u2014 uzupe\u0142nia status najwi\u0119kszego na \u015bwiecie producenta abaki i wiod\u0105cego eksportera rudy niklu. Od 2010 r. wzrost PKB wynosi\u0142 \u015brednio sze\u015b\u0107 do siedmiu procent rocznie, nap\u0119dzany g\u0142\u00f3wnie przez sektor us\u0142ug. Jednak zyski gospodarcze koncentruj\u0105 si\u0119 wok\u00f3\u0142 Metro Manila, pog\u0142\u0119biaj\u0105c dysproporcje regionalne. Przekazy pieni\u0119\u017cne od filipi\u0144skich pracownik\u00f3w za granic\u0105 \u2014 w sumie ponad 37 miliard\u00f3w dolar\u00f3w ameryka\u0144skich w 2023 r. \u2014 stanowi\u0105 oko\u0142o 8,5 procent PKB. Outsourcing proces\u00f3w biznesowych rozkwit\u0142: oko\u0142o 1,3 miliona Filipi\u0144czyk\u00f3w pracuje w centrach telefonicznych na ca\u0142ym \u015bwiecie.<\/p>\n\n\n\n<p>Drogi przenosz\u0105 niemal wszystkie podr\u00f3\u017ce mi\u0119dzymiastowe i ponad po\u0142ow\u0119 ruchu towarowego. Pan\u2011Philippine Highway \u0142\u0105czy g\u0142\u00f3wne wyspy, podczas gdy Strong Republic Nautical Highway integruje autostrady i linie promowe. Kultowe jeepneye wsp\u00f3\u0142dziel\u0105 arterie z autobusami, vanami i tr\u00f3jko\u0142owcami. Chroniczne korki n\u0119kaj\u0105 Metro Manila. Us\u0142ugi kolejowe pozostaj\u0105 sk\u0105pe, ograniczone g\u0142\u00f3wnie do Metro Manila i pobliskich prowincji, chocia\u017c plan odrodzenia przewiduje wyd\u0142u\u017cenie d\u0142ugo\u015bci tor\u00f3w z dzisiejszych poni\u017cej 80 km do ponad 240 km. Transport lotniczy koncentruje si\u0119 na Ninoy Aquino International i sieci 90 lotnisk nale\u017c\u0105cych do rz\u0105du, osiem mi\u0119dzynarodowych. Philippine Airlines i Cebu Pacific dominuj\u0105 w lotach krajowych. Po\u0142\u0105czenia morskie, od tradycyjnych bancas po nowoczesne statki, \u0142\u0105cz\u0105 ponad 1800 port\u00f3w; Manila, Batangas, Cebu i inne s\u0105 kotwicami sieci transportowej ASEAN.<\/p>\n\n\n\n<p>Z median\u0105 wieku 25 lat i spadaj\u0105cym wska\u017anikiem wzrostu Filipiny s\u0105 m\u0142ode, ale urbanizuj\u0105ce si\u0119: ponad po\u0142owa obywateli mieszka w miastach. Bieda spad\u0142a z prawie 50 procent w 1985 r. do oko\u0142o 18 procent w 2021 r., a nier\u00f3wno\u015bci dochodowe zmniejszy\u0142y si\u0119 od 2012 r. R\u00f3\u017cnorodno\u015b\u0107 etniczna i j\u0119zykowa pozostaje wysoka, ukszta\u0142towana przez stulecia migracji i zr\u00f3\u017cnicowane dziedzictwo kolonialne.<\/p>\n\n\n\n<p>Chocia\u017c pa\u0144stwo jest \u015bwieckie, wiara odgrywa kluczow\u0105 rol\u0119. Prawie 79 procent Filipi\u0144czyk\u00f3w wyznaje katolicyzm rzymski; wyznania protestanckie i lokalne niezale\u017cne ko\u015bcio\u0142y stanowi\u0105 chrze\u015bcija\u0144sk\u0105 wi\u0119kszo\u015b\u0107. Islam, g\u0142\u00f3wnie sunnicki, stanowi oko\u0142o 6 procent populacji, skoncentrowanej na Mindanao i przyleg\u0142ych wyspach.<\/p>\n\n\n\n<p>Filipi\u0144ska sztuka wywodzi si\u0119 z rodzimych rze\u017ab i przedmiot\u00f3w rytualnych. Rz\u0105dy hiszpa\u0144skie zapocz\u0105tkowa\u0142y malarstwo i rze\u017ab\u0119 religijn\u0105; kluczowe postacie to rze\u017abiarz retablo Juan de los Santos i malarz Damian Domingo, za\u0142o\u017cyciel pierwszej akademii sztuki w Binondo w 1821 r. Juan Luna i F\u00e9lix Resurrecci\u00f3n Hidalgo zdobyli mi\u0119dzynarodowe uznanie pod koniec XIX wieku. Modernizm zakorzeni\u0142 si\u0119 w pracach Victorio Edadesa w latach 20. i 30. XX wieku, podczas gdy pasterskie sceny Fernando Amorsolo zdefiniowa\u0142y krajobrazy po\u0142owy wieku.<\/p>\n\n\n\n<p>Tradycyjne domy mieszkalne obejmuj\u0105 bahay kubo z nipa i bambusa oraz bahay na bato z kamienia i drewna z miast z czas\u00f3w hiszpa\u0144skich. Odporne na trz\u0119sienia ziemi ko\u015bcio\u0142y barokowe \u2014 cztery z nich tworz\u0105 zesp\u00f3\u0142 UNESCO \u2014 \u015bwiadcz\u0105 o lokalnej adaptacji styl\u00f3w europejskich. Plany generalne Daniela Burnhama z okresu ameryka\u0144skiego ukszta\u0142towa\u0142y cz\u0119\u015bci Manili i Baguio, wprowadzaj\u0105c neoklasycystyczne budynki rz\u0105dowe i teatry w stylu art d\u00e9co.<\/p>\n\n\n\n<p>Kuchnia filipi\u0144ska \u0142\u0105czy wp\u0142ywy malajskie, hiszpa\u0144skie, chi\u0144skie i ameryka\u0144skie, a tak\u017ce preferuje zr\u00f3wnowa\u017cone s\u0142odkie, kwa\u015bne i s\u0142one smaki. Istniej\u0105 niesko\u0144czone r\u00f3\u017cnice regionalne \u2014 ry\u017c pozostaje podstaw\u0105, chocia\u017c w niekt\u00f3rych spo\u0142eczno\u015bciach po\u0142udniowych przewa\u017ca maniok. Adobo jest nieoficjalnym daniem narodowym; lech\u00f3n, sinigang, pancit i lumpia zape\u0142niaj\u0105 codzienne sto\u0142y. Desery \u2014 kakanin, takie jak bibingka i suman \u2014 zawieraj\u0105 rodzime sk\u0142adniki, takie jak ube i calamansi. Posi\u0142ki spo\u017cywa si\u0119 \u0142y\u017ck\u0105 i widelcem, chocia\u017c wsp\u00f3lnotowa tradycja kamayan jedzenia r\u0119koma trwa.<\/p>\n\n\n\n<p>Filipi\u0144ska etykieta odzwierciedla wschodnioazjatyckie i hiszpa\u0144skie korzenie. Po\u015brednia komunikacja honoruje hiya (wstyd) i delicadeza (przyzwoito\u015b\u0107), podczas gdy interakcje mi\u0119dzy m\u0119\u017cczyzn\u0105 a kobiet\u0105 s\u0105 pe\u0142ne uprzejmego macho. Starsi zas\u0142uguj\u0105 na szacunek i pierwsze\u0144stwo w zajmowaniu miejsc w \u015brodkach transportu publicznego; go\u015bcie powinni zwraca\u0107 si\u0119 do starszych os\u00f3b, u\u017cywaj\u0105c grzecznych zwrot\u00f3w grzeczno\u015bciowych. Go\u015bcinno\u015b\u0107 jest szczera; ciep\u0142e powitanie i u\u017cywanie lokalnych termin\u00f3w \u2014 po i opo w j\u0119zyku tagalskim \u2014 wiele znaczy. Punktualno\u015b\u0107 jednak cz\u0119sto ust\u0119puje elastyczno\u015bci spo\u0142ecznej znanej jako \u201efilipi\u0144ski czas\u201d.<\/p>\n\n\n\n<p>Unikaj krzyk\u00f3w i jawnej konfrontacji. Kiedy korygujesz kogo\u015b, wybieraj prywatno\u015b\u0107. Otwarte publiczne okazywanie uczu\u0107, cho\u0107 tolerowane w miastach, gdzie indziej pozostaje kontrowersyjne. Wi\u0119zi rodzinne rozci\u0105gaj\u0105 si\u0119 na pokolenia pod jednym dachem; m\u00f3wienie \u017ale o krewnych zaprasza do obrazy.<\/p>\n\n\n\n<p>Turystyka przyczynia si\u0119 skromnie \u2014 oko\u0142o 5 procent PKB \u2014 jednak Filipiny przyci\u0105gaj\u0105 nurk\u00f3w, pla\u017cowicz\u00f3w i podr\u00f3\u017cnik\u00f3w kulturalnych. Boracay, El Nido i Coron cz\u0119sto znajduj\u0105 si\u0119 na szczycie mi\u0119dzynarodowych list; Cebu, Bohol i Siargao oferuj\u0105 s\u0142o\u0144ce, surfing i dziedzictwo. Infrastruktura r\u00f3\u017cni si\u0119 w zale\u017cno\u015bci od miejsca, ale wielu Filipi\u0144czyk\u00f3w m\u00f3wi po angielsku i wita obcokrajowc\u00f3w z szerokimi u\u015bmiechami. Podr\u00f3\u017cni powinni przestrzega\u0107 lokalnych praw, szanowa\u0107 zwyczaje i zaakceptowa\u0107 nier\u00f3wne kontrasty kraju: l\u015bni\u0105ce wie\u017cowce obok nieformalnych osiedli, spokojne brzegi po\u015br\u00f3d wulkanicznych wzg\u00f3rz, ciche oddanie po\u015br\u00f3d t\u0119tni\u0105cych \u017cyciem festiwali.<\/p>\n\n\n\n<p>Na ka\u017cdej wyspie, w ka\u017cdym mie\u015bcie Filipiny prezentuj\u0105 nieustanny dialog mi\u0119dzy l\u0105dem a morzem, przesz\u0142o\u015bci\u0105 a tera\u017aniejszo\u015bci\u0105, wyzwaniem a odporno\u015bci\u0105. Ich si\u0142a le\u017cy w hybrydowo\u015bci \u2014 lud\u00f3w, krajobraz\u00f3w i historii \u2014 po\u0142\u0105czonych wsp\u00f3ln\u0105 wiar\u0105, \u015bwi\u0119towaniem i cichym optymizmem, kt\u00f3ry trwa pomimo burz, trz\u0119sie\u0144 ziemi i ci\u0119\u017car\u00f3w polityki. Pozna\u0107 Filipiny to by\u0107 \u015bwiadkiem narodu nieustannie przekszta\u0142caj\u0105cego si\u0119, wyspa po wyspie, pokolenie po pokoleniu.<\/p>","protected":false},"excerpt":{"rendered":"<p>Filipiny to pa\u0144stwo archipelagowe po\u0142o\u017cone w Azji Po\u0142udniowo-Wschodniej, kt\u00f3rego populacja przekracza 110 milion\u00f3w os\u00f3b rozproszonych na 7641 wyspach. Republika Filipin po\u0142o\u017cona jest w strategicznym miejscu na zachodnim Oceanie Spokojnym, obejmuj\u0105c obszar oko\u0142o 300 000 kilometr\u00f3w kwadratowych. Archipelag filipi\u0144ski obejmuje trzy g\u0142\u00f3wne regiony geograficzne: Luzon na p\u00f3\u0142nocy, Visayas w cz\u0119\u015bci centralnej i Mindanao na po\u0142udniu. Wyspy s\u0105 otoczone przez du\u017ce zbiorniki wodne: Morze Po\u0142udniowochi\u0144skie na zachodzie, Morze Filipi\u0144skie na wschodzie i Morze Celebes na po\u0142udniu. Cechy te wzmacniaj\u0105 dziedzictwo morskie narodu i wspieraj\u0105 zr\u00f3\u017cnicowany ekosystem.<\/p>","protected":false},"author":1,"featured_media":3745,"parent":24063,"menu_order":0,"comment_status":"closed","ping_status":"closed","template":"elementor_theme","meta":{"_eb_attr":"","footnotes":""},"class_list":["post-15241","page","type-page","status-publish","has-post-thumbnail"],"_links":{"self":[{"href":"https:\/\/travelshelper.com\/pl\/wp-json\/wp\/v2\/pages\/15241","targetHints":{"allow":["GET"]}}],"collection":[{"href":"https:\/\/travelshelper.com\/pl\/wp-json\/wp\/v2\/pages"}],"about":[{"href":"https:\/\/travelshelper.com\/pl\/wp-json\/wp\/v2\/types\/page"}],"author":[{"embeddable":true,"href":"https:\/\/travelshelper.com\/pl\/wp-json\/wp\/v2\/users\/1"}],"replies":[{"embeddable":true,"href":"https:\/\/travelshelper.com\/pl\/wp-json\/wp\/v2\/comments?post=15241"}],"version-history":[{"count":0,"href":"https:\/\/travelshelper.com\/pl\/wp-json\/wp\/v2\/pages\/15241\/revisions"}],"up":[{"embeddable":true,"href":"https:\/\/travelshelper.com\/pl\/wp-json\/wp\/v2\/pages\/24063"}],"wp:featuredmedia":[{"embeddable":true,"href":"https:\/\/travelshelper.com\/pl\/wp-json\/wp\/v2\/media\/3745"}],"wp:attachment":[{"href":"https:\/\/travelshelper.com\/pl\/wp-json\/wp\/v2\/media?parent=15241"}],"curies":[{"name":"wp","href":"https:\/\/api.w.org\/{rel}","templated":true}]}}