{"id":15155,"date":"2024-09-20T16:49:54","date_gmt":"2024-09-20T16:49:54","guid":{"rendered":"https:\/\/travelshelper.com\/staging\/?page_id=15155"},"modified":"2026-03-11T13:16:04","modified_gmt":"2026-03-11T13:16:04","slug":"dzakarta","status":"publish","type":"page","link":"https:\/\/travelshelper.com\/pl\/destinations\/asia\/indonesia\/jakarta\/","title":{"rendered":"D\u017cakarta"},"content":{"rendered":"<p>D\u017cakarta zajmuje w\u0105ski pas p\u00f3\u0142nocno-zachodniego brzegu Jawy, ale jej obecno\u015b\u0107 wykracza daleko poza 661 kilometr\u00f3w kwadratowych. Jako Specjalny Region Sto\u0142eczny Indonezji, miasto pe\u0142ni jednocze\u015bnie funkcj\u0119 prowincji, centrum dowodzenia kraju i siedziby dyplomatycznej ASEAN. Jego pocz\u0105tki si\u0119gaj\u0105 skromnego punktu handlowego Sunda Kelapa w IV wieku; obecnie obejmuje rozleg\u0142\u0105 aglomeracj\u0119 miejsk\u0105, w kt\u00f3rej mieszka ponad trzydzie\u015bci milion\u00f3w ludzi. Jednak pod b\u0142yszcz\u0105cymi wie\u017cami i gor\u0105czkowym tempem kryje si\u0119 sie\u0107 historii, geografii, wyzwa\u0144 i spo\u0142eczno\u015bci, kt\u00f3re opieraj\u0105 si\u0119 ka\u017cdemu prostemu portretowi. Niniejszy artyku\u0142 przedstawia opis D\u017cakarty zar\u00f3wno jako miejsca, jak i procesu \u2014 metropolii nap\u0119dzanej handlem i kultur\u0105, ukszta\u0142towanej przez wod\u0119 i l\u0105d, a utrzymywanej razem przez prac\u0119 niezliczonych migrant\u00f3w z ca\u0142ego archipelagu.<\/p>\n\n\n\n<p>Na d\u0142ugo zanim holenderskie statki zakotwiczy\u0142y w porcie Batawii, port Sunda Kelapa obs\u0142ugiwa\u0142 szlaki morskie Kr\u00f3lestwa Sundajskiego. Za\u0142adowane pieprzem, ga\u0142k\u0105 muszkato\u0142ow\u0105 i cyn\u0105 statki przemieszcza\u0142y si\u0119 mi\u0119dzy Sumatr\u0105, Jaw\u0105 i szersz\u0105 sieci\u0105 handlow\u0105 Oceanu Indyjskiego. W XVII wieku miasto sta\u0142o si\u0119 znane jako Batawia pod rz\u0105dami Holenderskiej Kompanii Wschodnioindyjskiej, pe\u0142ni\u0105c funkcj\u0119 faktycznej stolicy pa\u0144stwa kolonialnego. Sie\u0107 kana\u0142\u00f3w, fort\u00f3w i magazyn\u00f3w z dachami szczytowymi Batawii przypomina\u0142a Rotterdam i Amsterdam, jednak klimat, bujna ro\u015blinno\u015b\u0107 i tropikalne deszcze nada\u0142y mu niepowtarzalny charakter.<\/p>\n\n\n\n<p>W 1949 roku, po wiekach obcych rz\u0105d\u00f3w, miasto przyj\u0119\u0142o nazw\u0119 D\u017cakarta i przej\u0119\u0142o rol\u0119 stolicy nowo niepodleg\u0142ej Republiki Indonezji. Jego formalny status zmieni\u0142 si\u0119 w 1960 roku, kiedy gmina zosta\u0142a podniesiona do rangi prowincji ze specjalnym wyr\u00f3\u017cnieniem regionu sto\u0142ecznego (Daerah Khusus Ibukota Jakarta). W przeciwie\u0144stwie do innych prowincji, rz\u0105d D\u017cakarty administruje pi\u0119cioma kota (miastami administracyjnymi) i jednym kabupaten (regencj\u0105 administracyjn\u0105), podczas gdy archipelag Tysi\u0105ca Wysp stanowi morskie przed\u0142u\u017cenie regionu.<\/p>\n\n\n\n<p>Granice D\u017cakarty wyznaczaj\u0105 zar\u00f3wno linie prowincjonalne, jak i zmieniaj\u0105ce si\u0119 brzegi. Na po\u0142udniu i wschodzie le\u017cy Zachodnia Jawa, a Banten graniczy z jej zachodnim skrzyd\u0142em. Na morzu Morze Jawajskie op\u0142ywa Zatok\u0119 D\u017cakarty, a dystrykt dzieli granice morskie z prowincj\u0105 Lampung. Jego l\u0105d znajduje si\u0119 u uj\u015bcia rzeki Ciliwung, osuszaj\u0105c wy\u017cyny Puncak na po\u0142udniu. Przez miasto przep\u0142ywa trzyna\u015bcie rzek na p\u00f3\u0142noc \u2014 w\u015br\u00f3d nich Angke, Pesanggrahan, Sunter i Krukut \u2014 zbiegaj\u0105cych si\u0119 w kierunku poziomu morza na rozleg\u0142ej r\u00f3wninie aluwialnej. Wi\u0119kszo\u015b\u0107 p\u00f3\u0142nocnej D\u017cakarty le\u017cy na wysoko\u015bci zera lub poni\u017cej, historycznie przerywanej rozleg\u0142ymi bagnami. Odzyskane r\u00f3wniny p\u0142ywowe pokry\u0142y bloki mieszkalne, magazyny i autostrady, jednak ta ekspansja wi\u0105\u017ce si\u0119 ze znacznymi kosztami.<\/p>\n\n\n\n<p>To w\u0142a\u015bnie tutaj, na nizinach n\u0119kanych zmianami klimatycznymi i przepe\u0142nionymi warstwami wodono\u015bnymi, D\u017cakarta staje w obliczu najwi\u0119kszego zagro\u017cenia dla \u015brodowiska. Nadmierne wydobycie w\u00f3d gruntowych sprawi\u0142o, \u017ce znaczna cz\u0119\u015b\u0107 miasta jest podatna na zapadanie si\u0119 w tempie od pi\u0119ciu do dziesi\u0119ciu centymetr\u00f3w rocznie \u2014 do siedemnastu centymetr\u00f3w w niekt\u00f3rych cz\u0119\u015bciach p\u00f3\u0142nocnej D\u017cakarty \u2014 i nasilone zalewanie wybrze\u017ca przez przyp\u0142ywy. Ulewne deszcze w porze deszczowej w po\u0142\u0105czeniu z zatkanymi kana\u0142ami odwadniaj\u0105cymi wywo\u0142uj\u0105 gwa\u0142towne powodzie, kt\u00f3re zak\u0142\u00f3caj\u0105 \u017cycie i handel. W odpowiedzi na to ambitna tama pier\u015bcieniowa \u201egaris besar\u201d \u2014 popularnie znana jako Gigantyczny Mur Morski \u2014 jest budowana wok\u00f3\u0142 Zatoki D\u017cakarty, zaprojektowana zar\u00f3wno w celu zatrzymania wody morskiej, jak i umieszczenia p\u0142atnej drogi powy\u017cej. Uzupe\u0142niaj\u0105ce projekty obejmuj\u0105 podziemne tunele \u0142\u0105cz\u0105ce kana\u0142y Ciliwung i East Flood, nowe tamy w g\u00f3rnym biegu rzeki w Ciawi (Bogor) i zarz\u0105dzane baseny retencyjne. \u0141\u0105cznie te \u015brodki maj\u0105 na celu spowolnienie post\u0119pu wody, ale podstawowe si\u0142y obni\u017cania si\u0119 terenu wymagaj\u0105 dostosowania sposobu, w jaki miasto pozyskuje wod\u0119. Lekcje z Tokio i Szanghaju sugeruj\u0105, \u017ce ograniczenie nielegalnych pomp i przej\u015bcie na dostawy powierzchniowe mo\u017ce powstrzyma\u0107 opadanie; sukces D\u017cakarty w realizacji zadecyduje, czy jej fundamenty pozostan\u0105 mocne.<\/p>\n\n\n\n<p>Po\u0142o\u017cona tu\u017c na po\u0142udnie od r\u00f3wnika D\u017cakarta do\u015bwiadcza klimatu tropikalnego monsunowego. Pora deszczowa rozci\u0105ga si\u0119 od pa\u017adziernika do maja, przechodz\u0105c od ulewnych deszcz\u00f3w w styczniu \u2014 miesi\u0119czne \u015brednie blisko 300 milimetr\u00f3w \u2014 do wzgl\u0119dnego wytchnienia w sierpniu, kiedy opady spadaj\u0105 poni\u017cej 50 milimetr\u00f3w. Popo\u0142udniowe burze s\u0105 powszechne w miesi\u0105cach deszczowych, nap\u0119dzane przez wilgotne wiatry przecinaj\u0105ce po\u0142udniowe wy\u017cyny Jawy. Temperatury utrzymuj\u0105 si\u0119 w pobli\u017cu 32 \u00b0C w ci\u0105gu dnia i \u0142agodz\u0105 do po\u0142owy lat 20. w nocy; ekstrema waha\u0142y si\u0119 od rekordowo niskich oko\u0142o 19 \u00b0C do wysokich zbli\u017caj\u0105cych si\u0119 do 38 \u00b0C. Temperatury powierzchni morza pod\u0105\u017caj\u0105 za subtelnym cyklem, od oko\u0142o 26,5 \u00b0C w szczytowych miesi\u0105cach suchych do prawie 29,5 \u00b0C w p\u00f3\u017anych porach deszczowych. Jako\u015b\u0107 powietrza znacznie si\u0119 zmienia: zanieczyszczenia gromadz\u0105 si\u0119 w suchych miesi\u0105cach od sierpnia do grudnia, poniewa\u017c zmniejszone wyp\u0142ukiwanie pozwala na pozostawanie cz\u0105stek sta\u0142ych i emisji.<\/p>\n\n\n\n<p>D\u017cakarta zajmuje powierzchni\u0119 661,23 km\u00b2, ale jej wp\u0142ywy rozci\u0105gaj\u0105 si\u0119 na 7076 km\u00b2 Wielkiej D\u017cakarty, czyli \u201eJabodetabek\u201d, kt\u00f3ra obejmuje Bogor, Depok, Tangerang, Po\u0142udniowy Tangerang i Bekasi. To megamiasto jest drugim co do wielko\u015bci obszarem miejskim na \u015bwiecie po Tokio, z oko\u0142o 32,6 milionami mieszka\u0144c\u00f3w w 2022 r. G\u0119sto\u015b\u0107 zaludnienia przekracza osiem tysi\u0119cy os\u00f3b na kilometr kwadratowy w dzielnicach centralnych i zmniejsza si\u0119 stopniowo w kierunku podmiejskich regencji.<\/p>\n\n\n\n<p>D\u017cakarta jest uosobieniem mozaiki etnicznej Indonezji. \u017badna pojedyncza grupa nie ro\u015bci sobie praw do wi\u0119kszo\u015bci. Wed\u0142ug spisu z 2010 r. Jawajczycy stanowi\u0105 oko\u0142o 36 procent populacji, ludno\u015b\u0107 Betawi \u2014 spo\u0142eczno\u015b\u0107 kreolska, kt\u00f3rej korzenie si\u0119gaj\u0105 kolejnych fal migrant\u00f3w \u2014 stanowi oko\u0142o 28 procent, Sundajczycy 15 procent, a Chi\u0144czycy Indonezyjczycy, Batak, Minangkabau i inni uzupe\u0142niaj\u0105 reszt\u0119. Przynale\u017cno\u015b\u0107 religijna odzwierciedla t\u0119 r\u00f3\u017cnorodno\u015b\u0107: w 2024 r. islam dominuje w\u015br\u00f3d 83,8 procent, nast\u0119pnie protestanci (8,6 procent), katolicy (3,9 procent), buddy\u015bci (3,5 procent), hindusi (0,2 procent), konfucjani\u015bci (0,02 procent) i niewielka liczba os\u00f3b przestrzegaj\u0105cych tubylczych wierze\u0144.<\/p>\n\n\n\n<p>Przyci\u0105ganie miasta wynika zar\u00f3wno z nadziei ekonomicznej, jak i z dziedzictwa historycznego. Migranci z ca\u0142ego archipelagu przybywaj\u0105 w poszukiwaniu zatrudnienia, edukacji i obietnicy poprawy warunk\u00f3w \u017cycia. Ten dynamizm demograficzny uczyni\u0142 z D\u017cakarty tygiel indonezyjskiego slangu, kuchni i zwyczaj\u00f3w. Betawi Malay, zabarwiony zapo\u017cyczeniami z j\u0119zyka holenderskiego, portugalskiego, sundajskiego i hokkien, tworzy miejski dialekt \u2014 przekazywany przez muzyk\u0119, ulicznych handlarzy i popularne media \u2014 kt\u00f3ry rezonuje daleko poza granicami D\u017cakarty.<\/p>\n\n\n\n<p>Gospodarka D\u017cakarty jest najwi\u0119ksz\u0105 gospodark\u0105 w ASEAN po Singapurze i wa\u017cnym o\u015brodkiem krajowego PKB Indonezji. W 2023 r. jej PKB wed\u0142ug parytetu si\u0142y nabywczej zbli\u017cy\u0142 si\u0119 do 724 mld USD. Miasto jest siedzib\u0105 Banku Indonezji, Indonezyjskiej Gie\u0142dy Papier\u00f3w Warto\u015bciowych i g\u0142\u00f3wnych pa\u0144stwowych przedsi\u0119biorstw kraju \u2014 Pertamina, PLN, Telkomsel \u2014 obok konglomerat\u00f3w takich jak Salim Group, Astra International i Sinar Mas. Produkcja rozwija si\u0119 w zakresie elektroniki, podzespo\u0142\u00f3w samochodowych, chemikali\u00f3w i nauk biomedycznych, podczas gdy sektor us\u0142ug obejmuje bankowo\u015b\u0107, finanse, media i turystyk\u0119.<\/p>\n\n\n\n<p>Produkt regionalny brutto na mieszka\u0144ca nadal ro\u015bnie. Prognozy Japo\u0144skiego Centrum Bada\u0144 Ekonomicznych przewiduj\u0105, \u017ce produkt krajowy na mieszka\u0144ca D\u017cakarty wzro\u015bnie z czterdziestego pierwszego miejsca w 2015 r. do dwudziestego \u00f3smego miejsca w\u015br\u00f3d 77 miast \u015bwiata do 2030 r. Indeks Ceoworld umie\u015bci\u0142 D\u017cakart\u0119 na 21. miejscu pod wzgl\u0119dem globalnego wp\u0142ywu gospodarczego (2020 r.), a indeks Savills Resilient Cities przewiduje, \u017ce do 2028 r. znajdzie si\u0119 w\u015br\u00f3d dwudziestu najlepszych miast \u015bwiata. Same centra handlowe zajmuj\u0105 ponad 550 hektar\u00f3w \u2014 dzielnice handlowe wielko\u015bci Europy, w tym Grand Indonesia, Plaza Senayan, Pacific Place i Mall Taman Anggrek. Tradycyjne rynki pozostaj\u0105 wa\u017cne: Tanah Abang dla tekstyli\u00f3w, Jalan Surabaya dla antyk\u00f3w, Rawabening dla kamieni szlachetnych. W 2023 r. liczba odwiedzaj\u0105cych osi\u0105gn\u0119\u0142a prawie dwa miliony turyst\u00f3w zagranicznych, a D\u017cakarta cz\u0119sto pe\u0142ni\u0142a funkcj\u0119 bramy do Bali, Yogyakarty i Komodo.<\/p>\n\n\n\n<p>Panorama D\u017cakarty to palimpsest epok. Budynki z epoki kolonialnej skupiaj\u0105 si\u0119 na Starym Mie\u015bcie (Kota Tua) i w dzielnicach centralnych: Stadhuis (ratusz), Jakarta Art Building zaprojektowany przez JC Schultze, Mandiri i muzea Bank Indonesia autorstwa Eduarda Cuypersa. Style przechodz\u0105 od neorenesansu do art d\u00e9co, a przedmie\u015bcie Menteng \u2014 zaprojektowane przez firm\u0119 Bouwploeg PAJ Moojena \u2014 jest wczesnym przyk\u0142adem planowania tropikalnego modernizmu.<\/p>\n\n\n\n<p>Monumentalne projekty prezydenta Sukarno w latach 60. XX wieku mia\u0142y na celu odzyskanie to\u017csamo\u015bci narodowej poprzez form\u0119 budowlan\u0105. Narodowy Pomnik (Monas), 132-metrowy obelisk zwie\u0144czony poz\u0142acanym p\u0142omieniem, stanowi kotwic\u0119 placu Merdeka. W pobli\u017cu stoi rze\u017aba-fontanna przedstawiaj\u0105ca rydwan Ard\u017cuny, przywo\u0142uj\u0105ca epickie dziedzictwo. Meczet Istiqlal i katedra w D\u017cakarcie znajduj\u0105 si\u0119 w zasi\u0119gu s\u0142uchu, co \u015bwiadczy o zaanga\u017cowaniu Indonezji w pluralizm. Statua Selamat Datang (\u201eWitamy\u201d) autorstwa Edhiego Sunarso oznacza rondo Hotelu Indonesia na Thamrin Avenue.<\/p>\n\n\n\n<p>Za rz\u0105d\u00f3w Suharto i kolejnych administracji w Z\u0142otym Tr\u00f3jk\u0105cie wyros\u0142y wie\u017cowce: Wisma 46 (262 m), Autograph Tower (383 m) i Jakarta International Stadium, mi\u0119dzy innymi. Do 2025 r. osiemdziesi\u0105t osiem wie\u017c przekroczy\u0142o 150 m, co umie\u015bci\u0142o D\u017cakart\u0119 w pierwszej dziesi\u0105tce na \u015bwiecie. Tradycyjne domy Betawi pozosta\u0142y w enklawach starego kampung, ich dachy inspirowane joglo i ramy z drewna nangka przypominaj\u0105 wcze\u015bniejsze rytmy \u017cycia.<\/p>\n\n\n\n<p>Drogi D\u017cakarty nosz\u0105 pi\u0119tno hegemonii pojazd\u00f3w prywatnych: sie\u0107 wewn\u0119trznych i zewn\u0119trznych obwodnic rozci\u0105ga si\u0119 przez pi\u0119\u0107 p\u0142atnych arterii, podczas gdy ca\u0142odniowe korki okre\u015blaj\u0105 godziny szczytu. System tablic rejestracyjnych \u201eparzyste-nieparzyste\u201d ogranicza samochody do naprzemiennych dni jako \u015brodek tymczasowy przeciwko korkom. Wysi\u0142ki maj\u0105ce na celu przeniesienie pasa\u017cer\u00f3w z samochod\u00f3w na transport publiczny przynios\u0142y post\u0119p. Szybki transport autobusowy TransJakarta \u2014 wyr\u00f3\u017cniony globaln\u0105 nagrod\u0105 Sustainable Transport Award w 2021 r. \u2014 dzia\u0142a obok MRT, LRT, KRL Commuterline, Jabodebek LRT i po\u0142\u0105czenia kolejowego z lotniskiem. Od wrze\u015bnia 2023 r. zasi\u0119g transportu publicznego osi\u0105gn\u0105\u0142 osiemdziesi\u0105t sze\u015b\u0107 procent miasta, a celem jest dziewi\u0119\u0107dziesi\u0105t pi\u0119\u0107 procent. Liczba pasa\u017cer\u00f3w oscyluje w pobli\u017cu 2,6 miliona dziennie.<\/p>\n\n\n\n<p>Dodatkowe \u015brodki transportu obejmuj\u0105 mikrobusy (angkot), trasy minibus\u00f3w (Minitrans, Metrotrans), auto-riksze bajaj i taks\u00f3wki na aplikacjach. Ryksze zosta\u0142y zakazane ze wzgl\u0119du na utrudnianie ruchu. Skromna sie\u0107 \u015bcie\u017cek rowerowych \u2014 sze\u015b\u0107dziesi\u0105t trzy kilometry w po\u0142owie 2021 r., z planowanymi kolejnymi stu kilometrami \u2014 sygnalizuje przyj\u0119cie aktywnej mobilno\u015bci. G\u0142\u00f3wny port morski w Tanjung Priok wysy\u0142a kontenerowce i promy; Sunda Kelapa w Starym Mie\u015bcie cumuje drewniane statki pinisi, kt\u00f3re nadal kursuj\u0105 na trasach mi\u0119dzy wyspami. Mi\u0119dzynarodowy port lotniczy Soekarno\u2013Hatta \u0142\u0105czy D\u017cakart\u0119 z ca\u0142ym \u015bwiatem, podczas gdy Halim Perdanakusuma i mniejsze lotniska obs\u0142uguj\u0105 loty krajowe i prywatne.<\/p>\n\n\n\n<p>Poruszanie si\u0119 po D\u017cakarcie cz\u0119sto wymaga strategii wykraczaj\u0105cych poza GPS. Wiele ulic w odleg\u0142ych dzielnicach ma identyczne nazwy; alejki odchodz\u0105ce od g\u0142\u00f3wnych arterii pojawiaj\u0105 si\u0119 tylko jako cyfry rzymskie. Adres taki jak \u201eJl. Mangga Besar VIII\/21\u201d oznacza budynek nr 21 na alejce VIII od Mangga Besar Road. Lokalna praktyka traktuje tabliczk\u0119 zwr\u00f3con\u0105 w stron\u0119 podr\u00f3\u017cnego jako nazw\u0119 nadchodz\u0105cej ulicy, a nie ulicy poprzecznej. Skupiska zamkni\u0119tych kompleks\u00f3w mog\u0105 lekcewa\u017cy\u0107 t\u0119 logik\u0119, wymagaj\u0105c znajomo\u015bci osiedla mieszkaniowego, a tak\u017ce kodu pocztowego. W razie w\u0105tpliwo\u015bci mieszka\u0144cy polegaj\u0105 na punktach orientacyjnych: billboardach, kolorach ogrodze\u0144, widocznych budynkach \u2014 lub kierowcach ojek (taks\u00f3wek motocyklowych), kt\u00f3rych lokalne trasy przecinaj\u0105 sie\u0107 pas\u00f3w kampung.<\/p>\n\n\n\n<p>D\u017cakarta pozostaje na rozdro\u017cu. W sierpniu 2019 r. prezydent Joko Widodo og\u0142osi\u0142 plany przeniesienia stolicy kraju do Nusantary w Kalimantanie Wschodnim. Ruch ten \u2014 zatwierdzony przez Zgromadzenie Konsultacyjne Ludu 18 stycznia 2022 r. \u2014 ma na celu odci\u0105\u017cenie D\u017cakarty z obci\u0105\u017ce\u0144 administracyjnych i umo\u017cliwienie ukierunkowanych inwestycji w u\u017cytkowanie grunt\u00f3w, \u015brodowisko i infrastruktur\u0119. Mimo to rz\u0105d zobowi\u0105za\u0142 si\u0119 zainwestowa\u0107 ponad 40 miliard\u00f3w dolar\u00f3w w \u201eratowanie\u201d istniej\u0105cego miasta: modernizacj\u0119 drena\u017cu, rozbudow\u0119 transportu publicznego, regulacj\u0119 wydobycia w\u00f3d gruntowych i przywr\u00f3cenie jako\u015bci \u015brodowiska.<\/p>\n\n\n\n<p>To podw\u00f3jne zobowi\u0105zanie \u2014 d\u0105\u017cenie do nowej stolicy przy jednoczesnym umacnianiu starej \u2014 odzwierciedla podw\u00f3jn\u0105 to\u017csamo\u015b\u0107 D\u017cakarty jako siedziby narodu i \u017cywej metropolii. Jej przysz\u0142o\u015b\u0107 zale\u017cy od zharmonizowania wzrostu z odporno\u015bci\u0105: zachowania dziedzictwa kulturowego nawet w obliczu wznoszenia si\u0119 nowych wie\u017cowc\u00f3w; kszta\u0142towania mobilno\u015bci wok\u00f3\u0142 \u015brodk\u00f3w transportu publicznego, a nie samochod\u00f3w; dostosowania pragnienia miasta do zr\u00f3wnowa\u017conych \u017ar\u00f3de\u0142 wody; i dostosowania nisko po\u0142o\u017conych dzielnic do zmieniaj\u0105cej si\u0119 linii brzegowej. Je\u015bli te cele zostan\u0105 osi\u0105gni\u0119te, D\u017cakarta mo\u017ce jeszcze utrzyma\u0107 swoj\u0105 pozycj\u0119 niezb\u0119dnego centrum Indonezji \u2014 niespokojnego, ale niezatartego uzupe\u0142nienia planowanego porz\u0105dku Nusantary.<\/p>\n\n\n\n<p>Historia D\u017cakarty jest wielowarstwowa \u2014 geologiczna, historyczna, spo\u0142eczna i polityczna. To miejsce, w kt\u00f3rym rzeki spotykaj\u0105 si\u0119 z morzem, gdzie wieki handlu mieszaj\u0105 si\u0119 z nowoczesnymi finansami, a r\u00f3\u017cnorodne spo\u0142eczno\u015bci tworz\u0105 miejsk\u0105 to\u017csamo\u015b\u0107, zar\u00f3wno lokaln\u0105, jak i kosmopolityczn\u0105. Jej ulice t\u0119tni\u0105 ruchem ulicznym, jej linia horyzontu si\u0119ga handlu, a jej mieszka\u0144cy codziennie zmagaj\u0105 si\u0119 z wyzwaniami klimatycznymi i \u015brodowiskowymi. Jednak w chwilach wytchnienia \u2014 w \u0142agodnym \u015bwietle \u015bwitu na placu Merdeka, wzd\u0142u\u017c zacienionych korytarzy starych bungalow\u00f3w Mentenga, w zgie\u0142ku pasaru sprzedaj\u0105cego przyprawy lub tkaniny \u2014 mo\u017cna dostrzec faktur\u0119 \u017cycia, kt\u00f3re trwa. Pozna\u0107 D\u017cakart\u0119 oznacza doceni\u0107 jej sprzeczno\u015bci i ci\u0105g\u0142o\u015bci, uzna\u0107 jej krucho\u015b\u0107 i si\u0142\u0119 oraz uzna\u0107, \u017ce nawet gdy si\u0119 zmienia, pozostaje niezaprzeczalnie sob\u0105.<\/p>","protected":false},"excerpt":{"rendered":"<p>D\u017cakarta, stolica i najludniejsze miasto Indonezji, jest t\u0119tni\u0105c\u0105 \u017cyciem metropoli\u0105, kt\u00f3rej populacja szacuje si\u0119 na ponad 10,6 miliona mieszka\u0144c\u00f3w w obr\u0119bie jej formalnych granic administracyjnych. Strategicznie po\u0142o\u017cona na p\u00f3\u0142nocno-zachodnim wybrze\u017cu Jawy, najludniejszej wyspy na \u015bwiecie, D\u017cakarta pe\u0142ni funkcj\u0119 j\u0105dra politycznych, gospodarczych i kulturalnych przedsi\u0119wzi\u0119\u0107 Indonezji. Ten dynamiczny o\u015brodek metropolitalny, formalnie wyznaczony jako Specjalny Region Sto\u0142eczny D\u017cakarty (Daerah Khusus Ibukota Jakarta lub DKI Jakarta), ma odr\u0119bny status por\u00f3wnywalny ze statusem prowincji w ramach indonezyjskich ram administracyjnych.<\/p>","protected":false},"author":1,"featured_media":3518,"parent":15149,"menu_order":0,"comment_status":"closed","ping_status":"closed","template":"elementor_theme","meta":{"_eb_attr":"","footnotes":""},"class_list":["post-15155","page","type-page","status-publish","has-post-thumbnail"],"_links":{"self":[{"href":"https:\/\/travelshelper.com\/pl\/wp-json\/wp\/v2\/pages\/15155","targetHints":{"allow":["GET"]}}],"collection":[{"href":"https:\/\/travelshelper.com\/pl\/wp-json\/wp\/v2\/pages"}],"about":[{"href":"https:\/\/travelshelper.com\/pl\/wp-json\/wp\/v2\/types\/page"}],"author":[{"embeddable":true,"href":"https:\/\/travelshelper.com\/pl\/wp-json\/wp\/v2\/users\/1"}],"replies":[{"embeddable":true,"href":"https:\/\/travelshelper.com\/pl\/wp-json\/wp\/v2\/comments?post=15155"}],"version-history":[{"count":0,"href":"https:\/\/travelshelper.com\/pl\/wp-json\/wp\/v2\/pages\/15155\/revisions"}],"up":[{"embeddable":true,"href":"https:\/\/travelshelper.com\/pl\/wp-json\/wp\/v2\/pages\/15149"}],"wp:featuredmedia":[{"embeddable":true,"href":"https:\/\/travelshelper.com\/pl\/wp-json\/wp\/v2\/media\/3518"}],"wp:attachment":[{"href":"https:\/\/travelshelper.com\/pl\/wp-json\/wp\/v2\/media?parent=15155"}],"curies":[{"name":"wp","href":"https:\/\/api.w.org\/{rel}","templated":true}]}}