{"id":15052,"date":"2024-09-20T14:36:27","date_gmt":"2024-09-20T14:36:27","guid":{"rendered":"https:\/\/travelshelper.com\/staging\/?page_id=15052"},"modified":"2026-03-11T02:46:49","modified_gmt":"2026-03-11T02:46:49","slug":"indie","status":"publish","type":"page","link":"https:\/\/travelshelper.com\/pl\/destinations\/asia\/india\/","title":{"rendered":"Indie"},"content":{"rendered":"<p>Indie zajmuj\u0105 centraln\u0105 cz\u0119\u015b\u0107 Azji Po\u0142udniowej, gdzie ich masa l\u0105dowa rozci\u0105ga si\u0119 od szerokich r\u00f3wnin p\u00f3\u0142nocy do p\u00f3\u0142wyspu, kt\u00f3ry wcina si\u0119 w Ocean Indyjski. Jako si\u00f3dmy co do wielko\u015bci kraj \u015bwiata pod wzgl\u0119dem powierzchni, a od czerwca 2023 r. najludniejszy, po\u0142\u0105czy\u0142 wielko\u015b\u0107 i g\u0119sto\u015b\u0107 w spos\u00f3b, kt\u00f3ry kszta\u0142tuje ka\u017cdy aspekt jego charakteru. Demokracja, wprowadzona po uzyskaniu niepodleg\u0142o\u015bci w 1947 r., dojrza\u0142a, chocia\u017c nar\u00f3d nadal charakteryzuje si\u0119 r\u00f3\u017cnorodno\u015bci\u0105 \u2014 pod wzgl\u0119dem j\u0119zyka, pochodzenia etnicznego, religii i terenu.<\/p>\n\n\n\n<p>Dowody archeologiczne wskazuj\u0105, \u017ce wsp\u00f3\u0142cze\u015bni ludzie s\u0105 obecni na subkontynencie od co najmniej 55 000 lat. Przez tysi\u0105clecia \u017cyli w ma\u0142ych, mobilnych spo\u0142eczno\u015bciach, zachowuj\u0105c linie genetyczne ust\u0119puj\u0105ce jedynie tym z Afryki. Oko\u0142o 9000 lat przed obecn\u0105 er\u0105 ludzie na zachodnich obrze\u017cach dorzecza Indusu osiedlili si\u0119 na wsi. W ci\u0105gu nast\u0119pnych kilku tysi\u0105cleci rozwin\u0119\u0142a si\u0119 cywilizacja doliny Indusu, z wyrafinowanym planowaniem urbanistycznym, systemami drena\u017cowymi i szlakami handlowymi \u0142\u0105cz\u0105cymi odleg\u0142e regiony.<\/p>\n\n\n\n<p>Oko\u0142o 1200 r. p.n.e. z p\u00f3\u0142nocnego zachodu przyby\u0142 sanskryt, j\u0119zyk indoeuropejski. Hymny skomponowane w archaicznym sanskrycie dokumentuj\u0105 wierzenia, kt\u00f3re p\u00f3\u017aniej po\u0142\u0105czy\u0142y si\u0119 w to, co obecnie nazywa si\u0119 hinduizmem. W regionach p\u00f3\u0142nocnych starsze j\u0119zyki drawidyjskie ust\u0105pi\u0142y miejsca, podczas gdy na po\u0142udniu przetrwa\u0142y. Oko\u0142o po\u0142owy pierwszego tysi\u0105clecia p.n.e. w tradycji hinduistycznej pojawi\u0142y si\u0119 sztywne warstwy spo\u0142eczne. W tym samym czasie pojawi\u0142y si\u0119 alternatywne \u015bcie\u017cki: buddyzm i d\u017cinizm odrzuci\u0142y dziedziczny status i wezwa\u0142y do \u200b\u200betycznej praktyki i osobistego wgl\u0105du.<\/p>\n\n\n\n<p>Pierwsze wielkoskalowe ustroje polityczne \u2014 imperia Maurya i Gupt\u00f3w \u2014 zjednoczy\u0142y rozleg\u0142e terytoria na p\u00f3\u0142nocy. \u017bycie intelektualne rozkwit\u0142o: uczeni opracowywali matematyk\u0119 i astronomi\u0119; arty\u015bci tworzyli rze\u017aby w kamieniu i br\u0105zie. Jednak nier\u00f3wno\u015bci spo\u0142eczne pog\u0142\u0119bi\u0142y si\u0119, a poj\u0119cie nietykalno\u015bci sta\u0142o si\u0119 bardziej zakorzenione.<\/p>\n\n\n\n<p>W po\u0142udniowych Indiach kr\u00f3lestwa takie jak Chola i Pallava eksportowa\u0142y pisma, literatur\u0119 i formy religijne przez Zatok\u0119 Bengalsk\u0105 do Azji Po\u0142udniowo-Wschodniej. Handel przewozi\u0142 przyprawy, tekstylia i filozofie do archipelagu indonezyjskiego i dalej.<\/p>\n\n\n\n<p>Od wczesnego \u015bredniowiecza zachodnie i po\u0142udniowe wybrze\u017ca subkontynentu wita\u0142y nowe wyznania. Judaizm, chrze\u015bcija\u0144stwo, zoroastryzm i islam zakorzeni\u0142y si\u0119 w miastach portowych. Na p\u00f3\u0142nocy kolejne najazdy armii z Azji \u015arodkowej doprowadzi\u0142y do \u200b\u200bpowstania Su\u0142tanatu Delhi \u2014 islamskiego pa\u0144stwa, kt\u00f3re wplata\u0142o p\u00f3\u0142nocne Indie w transkontynentalne sieci.<\/p>\n\n\n\n<p>Tymczasem Imperium Vijayanagara na po\u0142udniu potwierdzi\u0142o hinduskie ramy kulturowe. W Pend\u017cabie sikhizm ukszta\u0142towa\u0142 si\u0119 wok\u00f3\u0142 odrzucenia hierarchii religijnej. W 1526 r. dynastia Mogo\u0142\u00f3w ustanowi\u0142a kr\u00f3lestwo, kt\u00f3re przez dwa stulecia nadzorowa\u0142o wzgl\u0119dn\u0105 stabilno\u015b\u0107. Mecenat nad architektur\u0105 da\u0142 pocz\u0105tek pomnikom, kt\u00f3rych kopu\u0142y, \u0142uki i inkrustowany marmur przyci\u0105gaj\u0105 teraz zwiedzaj\u0105cych z ca\u0142ego \u015bwiata.<\/p>\n\n\n\n<p>Od pocz\u0105tku XVII wieku Brytyjska Kompania Wschodnioindyjska rozszerzy\u0142a swoj\u0105 kontrol\u0119. Lokalne gospodarki zosta\u0142y przeorientowane na dostarczanie surowc\u00f3w i zakup towar\u00f3w importowanych. W 1858 roku, po powstaniu przeciwko rz\u0105dom kompanii, Korona przej\u0119\u0142a bezpo\u015brednie rz\u0105dy. Inwestycje infrastrukturalne wprowadzi\u0142y koleje, telegrafy i uniwersytety.<\/p>\n\n\n\n<p>Pod koniec XIX i na pocz\u0105tku XX wieku indyjscy my\u015bliciele zsyntetyzowali nowoczesne idee polityczne z krytyk\u0105 imperializmu. Ruch oddany pokojowemu oporowi stopniowo mobilizowa\u0142 miliony ludzi z r\u00f3\u017cnych warstw spo\u0142ecznych. W sierpniu 1947 r. Imperium Brytyjskich Indii zosta\u0142o podzielone na dwa dominia \u2014 Indie i Pakistan \u2014 z powod\u00f3w religijnych. Nast\u0105pi\u0142y masowe migracje i przemoc wsp\u00f3lnotowa, kt\u00f3re poch\u0142on\u0119\u0142y setki tysi\u0119cy istnie\u0144 ludzkich.<\/p>\n\n\n\n<p>26 stycznia 1950 r. Indie sta\u0142y si\u0119 suwerenn\u0105 republik\u0105 z systemem parlamentarnym. Jej konstytucja ustanowi\u0142a powszechne prawo wyborcze dla doros\u0142ych, prawa podstawowe i rozdzia\u0142 w\u0142adzy. Stany zosta\u0142y zreorganizowane w 1956 r. zgodnie z lini\u0105 j\u0119zykow\u0105, r\u00f3wnowa\u017c\u0105c lokaln\u0105 to\u017csamo\u015b\u0107 z jedno\u015bci\u0105 narodow\u0105.<\/p>\n\n\n\n<p>Od czasu pierwszego spisu powszechnego w 1951 r., kiedy populacja liczy\u0142a 361 milion\u00f3w, Indie rozros\u0142y si\u0119 do ponad 1,4 miliarda mieszka\u0144c\u00f3w do 2023 r. Umiej\u0119tno\u015b\u0107 czytania i pisania wzros\u0142a z 16,6 procent do 74 procent, a roczny doch\u00f3d na mieszka\u0144ca wzr\u00f3s\u0142 z oko\u0142o 64 USD do ponad 2600 USD. Reformy gospodarcze po kryzysie bilansu p\u0142atniczego w 1991 r. zlikwidowa\u0142y wiele \u015brodk\u00f3w protekcjonistycznych. Wzrost wynosi\u0142 \u015brednio prawie 6 procent rocznie przez dwie dekady, co umie\u015bci\u0142o Indie w\u015br\u00f3d najszybciej rozwijaj\u0105cych si\u0119 g\u0142\u00f3wnych gospodarek.<\/p>\n\n\n\n<p>Bieda zmniejszy\u0142a si\u0119, mimo \u017ce nier\u00f3wno\u015bci wzros\u0142y. Rozwijaj\u0105ca si\u0119 klasa \u015brednia nap\u0119dza popyt na us\u0142ugi, zw\u0142aszcza w dziedzinie technologii informatycznych, gdzie indyjskie firmy plasuj\u0105 si\u0119 w\u015br\u00f3d \u015bwiatowych lider\u00f3w. Eksport film\u00f3w i muzyki \u2014 zw\u0142aszcza z przemys\u0142u filmowego w j\u0119zyku hindi \u2014 rozszerzy\u0142 zasi\u0119g kulturowy kraju.<\/p>\n\n\n\n<p>Indie le\u017c\u0105 na szczycie p\u0142yty indyjskiej, niegdy\u015b cz\u0119\u015bci Gondwany. Oko\u0142o 75 milion\u00f3w lat temu p\u0142yta dryfowa\u0142a na p\u00f3\u0142noc, zderzaj\u0105c si\u0119 z Eurazj\u0105 i podnosz\u0105c Himalaje. Na po\u0142udnie od nich osady wyp\u0142ukane z tych m\u0142odych g\u00f3r utworzy\u0142y p\u0142ask\u0105 R\u00f3wnin\u0119 Indo-Gangesu. Dalej na zach\u00f3d, staro\u017cytne pasmo Aravalli oznacza miejsce, w kt\u00f3rym oryginalna p\u0142yta nadal wystaje ponad r\u00f3wniny, ograniczaj\u0105c rozprzestrzenianie si\u0119 pustyni Thar.<\/p>\n\n\n\n<p>P\u00f3\u0142wyspowy blok \u2014 geologicznie stabilny i starszy \u2014 si\u0119ga na p\u00f3\u0142noc do pasm Satpura i Vindhya. Na po\u0142udniu tworzy p\u0142askowy\u017c Deccan, otoczony przez Ghaty Zachodnie i Wschodnie, kt\u00f3rych zbocza zawieraj\u0105 formacje skalne licz\u0105ce ponad miliard lat.<\/p>\n\n\n\n<p>Linie brzegowe rozci\u0105gaj\u0105 si\u0119 na 7517 kilometr\u00f3w, dwie trzecie wzd\u0142u\u017c l\u0105du sta\u0142ego i jedn\u0105 trzeci\u0105 na \u0142a\u0144cuchach wysp. Prawie po\u0142owa sk\u0142ada si\u0119 z bagien i bagien; reszta dzieli si\u0119 na piaszczyste zatoki i skaliste brzegi. Na morzu le\u017c\u0105 atole koralowe Lakshadweep i wulkaniczny archipelag Andaman i Nikobar, kt\u00f3ry dzieli granice morskie z Mjanm\u0105, Tajlandi\u0105 i Indonezj\u0105.<\/p>\n\n\n\n<p>Rzeki maj\u0105ce swoje \u017ar\u00f3d\u0142a w Himalajach \u2014 Ganges z dop\u0142ywami Jamuna i Kosi oraz Brahmaputra \u2014 wp\u0142ywaj\u0105 do Zatoki Bengalskiej. Ich niskie nachylenia i du\u017ce obci\u0105\u017cenie mu\u0142em tworz\u0105 podatne na powodzie r\u00f3wniny zalewowe. Na p\u00f3\u0142wyspie indyjskim rzeki takie jak Godavari, Krishna, Mahanadi i Kaveri p\u0142yn\u0105 na wsch\u00f3d; Narmada i Tapti zmierzaj\u0105 na zach\u00f3d. Cechy wybrze\u017ca obejmuj\u0105 sezonowe bagna Rann of Kutch i delt\u0119 Sundarbans, labirynt namorzynowy dzielony z Bangladeszem.<\/p>\n\n\n\n<p>Klimat Indii opiera si\u0119 na dw\u00f3ch czynnikach geograficznych: Himalaje blokuj\u0105 zimne wiatry kontynentalne, a pustynia Thar przyci\u0105ga wilgotne pr\u0105dy monsunowe. Od czerwca do pa\u017adziernika monsun po\u0142udniowo-zachodni zapewnia najwi\u0119cej rocznych opad\u00f3w. Wyst\u0119puj\u0105 cztery g\u0142\u00f3wne typy klimatu: tropikalny wilgotny, tropikalny suchy, subtropikalny wilgotny i g\u00f3rski.<\/p>\n\n\n\n<p>Indie, wyznaczone jako jeden z siedemnastu megar\u00f3\u017cnorodnych kraj\u00f3w, s\u0105 domem dla 8,6 procent \u015bwiatowych gatunk\u00f3w ssak\u00f3w, 13,7 procent ptak\u00f3w i znacznej cz\u0119\u015bci gad\u00f3w, p\u0142az\u00f3w i ro\u015blin. Jedna trzecia ich flory nie wyst\u0119puje nigdzie indziej. Cztery globalne gor\u0105ce punkty bior\u00f3\u017cnorodno\u015bci pokrywaj\u0105 si\u0119 z ich granicami: regiony o wyj\u0105tkowym endemizmie zagro\u017cone utrat\u0105 siedlisk.<\/p>\n\n\n\n<p>Obszary chronione daj\u0105 schronienie tygrysom bengalskim, azjatyckim lwom, azjatyckim s\u0142oniom i niezliczonym mniej znanym gatunkom. Keibul Lamjao na jeziorze Loktak unosi si\u0119 na phumdis, wspieraj\u0105c zagro\u017cone wygini\u0119ciem jelenie Sangai. Park Narodowy Shirui jest siedliskiem lilii l\u0105dowej, kt\u00f3ra kwitnie tylko na jego zboczach. Ranthambhore i Bandhavgarh oferuj\u0105 przeb\u0142yski dzikich tygrys\u00f3w; Gir chroni ostatnie azjatyckie lwy; Kaziranga utrzymuje kwitn\u0105c\u0105 populacj\u0119 jednoro\u017cnych nosoro\u017cc\u00f3w.<\/p>\n\n\n\n<p>Republika Indii sk\u0142ada si\u0119 z 28 stan\u00f3w i 8 terytori\u00f3w zwi\u0105zkowych. Wszystkie stany i niekt\u00f3re terytoria wybieraj\u0105 legislatury i rz\u0105dy; inne pozostaj\u0105 pod bezpo\u015bredni\u0105 administracj\u0105 federaln\u0105. Lokalne organy na poziomie wsi, bloku, dystryktu i gminy przekraczaj\u0105 \u0107wier\u0107 miliona, co odzwierciedla zaanga\u017cowanie w oddolne rz\u0105dy.<\/p>\n\n\n\n<p>Z liczb\u0105 oko\u0142o 1,43 miliarda ludzi w 2023 r. Indie stanowi\u0105 prawie jedn\u0105 sz\u00f3st\u0105 wszystkich ludzi. Od 2001 do 2011 r. populacja wzros\u0142a o 17,6 procent. Wsp\u00f3\u0142czynnik p\u0142ci, 940 kobiet na 1000 m\u0119\u017cczyzn w 2011 r. i mediana wieku w pobli\u017cu 29 lat w 2020 r. wskazuj\u0105 na m\u0142od\u0105 populacj\u0119. Post\u0119p w dziedzinie zdrowia i rolnictwa, w tym Zielona Rewolucja, nap\u0119dza\u0142y szybki wzrost pod koniec XX wieku.<\/p>\n\n\n\n<p>Wiele j\u0119zyk\u00f3w i pism \u0142\u0105czy si\u0119 ze staro\u017cytnymi korzeniami i nowszymi przybyszami. Spo\u0142eczno\u015bci religijne \u2014 hinduskie, muzu\u0142ma\u0144skie, chrze\u015bcija\u0144skie, sikhijskie, d\u017cinijskie, buddyjskie, zoroastryjskie i inne \u2014 wsp\u00f3\u0142istniej\u0105 po\u015br\u00f3d regionalnych zwyczaj\u00f3w. Pomimo prawnych zakaz\u00f3w dyskryminacji kastowej, stratyfikacja spo\u0142eczna utrzymuje si\u0119. Nier\u00f3wno\u015bci p\u0142ciowe i niedo\u017cywienie dzieci pozostaj\u0105 wyzwaniami. Szybka urbanizacja i industrializacja zwi\u0119kszy\u0142y zanieczyszczenie powietrza, szczeg\u00f3lnie w pasie Indo-Gangesu.<\/p>\n\n\n\n<p>Do 2024 r. nominalny PKB Indii zbli\u017cy\u0142 si\u0119 do 4 bilion\u00f3w dolar\u00f3w ameryka\u0144skich, zajmuj\u0105c pi\u0105te miejsce na \u015bwiecie; pod wzgl\u0119dem si\u0142y nabywczej wynosi\u0142 blisko 15 bilion\u00f3w dolar\u00f3w ameryka\u0144skich. Jednak doch\u00f3d na mieszka\u0144ca plasuje wi\u0119kszo\u015b\u0107 obywateli w ni\u017cszych przedzia\u0142ach dochod\u00f3w. Us\u0142ugi \u2014 szczeg\u00f3lnie IT i finanse \u2014 nap\u0119dzaj\u0105 wzrost; rolnictwo nadal zatrudnia jedn\u0105 trzeci\u0105 si\u0142y roboczej, ale przyczynia si\u0119 do mniej ni\u017c 15 procent produkcji. Produkcja stanowi oko\u0142o jednej czwartej PKB. Handel zagraniczny i inwestycje wzros\u0142y od czasu przyst\u0105pienia do \u015awiatowej Organizacji Handlu w 1995 r.<\/p>\n\n\n\n<p>Cywilizacja w Indiach trwa ponad 4500 lat. W okresie wedyjskim (ok. 1700\u2013500 p.n.e.) ukszta\u0142towa\u0142y si\u0119 podstawowe koncepcje \u2014 dharma, karma, joga, moksha. Szko\u0142y filozoficzne debatowa\u0142y nad metafizyk\u0105 i etyk\u0105; poezja epicka opowiada\u0142a o dylematach moralnych. Przez stulecia ruchy religijne \u2014 oddanie bhakti, praktyki tantryczne oraz buddyjska i d\u017cinijska scholastyka \u2014 urozmaica\u0142y dyskurs duchowy.<\/p>\n\n\n\n<p>Architektura wyra\u017ca te nurty. \u015awi\u0105tynie pod\u0105\u017caj\u0105 za zasadami Vastu Shastra, dostosowuj\u0105c ludzkie mieszkania do kosmicznych wzor\u00f3w. Bia\u0142a marmurowa symetria Tad\u017a Mahal odzwierciedla wyrafinowanie Mogo\u0142\u00f3w; w po\u0142udniowych Indiach gopuramy drawidyjskie wznosz\u0105 si\u0119 warstwowo. Indo-sarace\u0144ski renesans po\u0142\u0105czy\u0142 kolonialne i rodzime formy w budynkach u\u017cyteczno\u015bci publicznej i pa\u0142acach.<\/p>\n\n\n\n<p>Tradycyjnie kobiety nosi\u0142y sari, czyli kawa\u0142ek materia\u0142u drapowany wok\u00f3\u0142 cia\u0142a, w po\u0142\u0105czeniu z bluzk\u0105 choli i halk\u0105. M\u0119ska dolna cz\u0119\u015b\u0107 garderoby, dhoti, ust\u0105pi\u0142a miejsca szytym spodniom \u2014 pi\u017camom i churidars \u2014 po XIV-wiecznych rz\u0105dach muzu\u0142ma\u0144skich. Obecnie profesjonali\u015bci w miastach preferuj\u0105 spodnie i koszule; na oficjalne okazje odradzaj\u0105 si\u0119 sherwanis, bandhgalas i sari.<\/p>\n\n\n\n<p>Posi\u0142ki opieraj\u0105 si\u0119 na bazie zb\u00f3\u017c \u2014 ry\u017cu lub chapati \u2014 w towarzystwie pikantnych soczewic, warzyw, mi\u0119sa lub ryb. Mieszanki kolendry, kminu, kurkumy, kardamonu i innych przypraw definiuj\u0105 profile regionalne. \u015aniadania po\u0142udniowoindyjskie obejmuj\u0105 idli i dosa; p\u00f3\u0142nocne thali prezentuj\u0105 szereg pieczywa, curry i s\u0142odyczy.<\/p>\n\n\n\n<p>Zachowanie r\u00f3\u017cni si\u0119 znacznie w zale\u017cno\u015bci od regionu. To, co wydaje si\u0119 uprzejme w Mumbaju \u2014 korzystanie z taksometru i przyjmowanie drobnych \u2014 mo\u017ce r\u00f3\u017cni\u0107 si\u0119 w Delhi lub mniejszych miastach. Odwiedzaj\u0105cy musz\u0105 zachowa\u0107 elastyczno\u015b\u0107. W rozmowie Hindusi s\u0105 zazwyczaj bezpo\u015bredni; eufemizmy mog\u0105 powodowa\u0107 zamieszanie. Osobiste pytania o rodzin\u0119, pensj\u0119 lub wykszta\u0142cenie cz\u0119sto sygnalizuj\u0105 serdeczno\u015b\u0107.<\/p>\n\n\n\n<p>Zwroty pe\u0142ne szacunku (\u201esir\u201d, \u201ema&#039;am\u201d) pasuj\u0105 starszym. Rodzina wykracza poza jednostk\u0119 j\u0105drow\u0105, a \u017cycie z rodzicami odzwierciedla wzajemne wsparcie. System kastowy nie ma ju\u017c mocy prawnej, ale wp\u0142ywa na interakcje spo\u0142eczne. Uprzedzenia dotycz\u0105ce koloru sk\u00f3ry utrzymuj\u0105 si\u0119 zar\u00f3wno wobec obcokrajowc\u00f3w, jak i w\u015br\u00f3d samych Hindus\u00f3w. Spo\u0142eczno\u015bci mniejszo\u015bciowe \u2014 takie jak Siddis pochodzenia afryka\u0144skiego i Anglo-Indianie \u2014 staj\u0105 w obliczu odr\u0119bnych wyzwa\u0144 zwi\u0105zanych z uznaniem i w\u0142\u0105czeniem.<\/p>\n\n\n\n<p>Zabytki takie jak Tad\u017a Mahal w Agrze, Qutb Minar w Delhi i Czerwony Fort oraz pa\u0142ace w D\u017cajpurze \u015bwiadcz\u0105 o warstwowej przesz\u0142o\u015bci Indii. Ruiny Nalandy przywo\u0142uj\u0105 wczesn\u0105 nauk\u0119 buddyjsk\u0105; a\u015bram Gandhiego w Ahmadabadzie przechowuje zapisy walk politycznych.<\/p>\n\n\n\n<p>Kompleksy \u015bwi\u0105tynne rozci\u0105gaj\u0105 si\u0119 od rze\u017abionych \u015bcian Khajuraho po kolumny Meenakshi Amman w Madurai. Ghaty Varanasi wzd\u0142u\u017c Gangesu s\u0105 miejscem rytua\u0142\u00f3w narodzin i \u015bmierci, kt\u00f3re nawi\u0105zuj\u0105 do tysi\u0105cletnich tradycji. Stacje g\u00f3rskie \u2014 Srinagar, Darjeeling, Shimla, Ooty, Gangtok \u2014 oferuj\u0105 ulg\u0119 od letniego upa\u0142u.<\/p>\n\n\n\n<p>Wybrze\u017ca obejmuj\u0105 pla\u017ce Goa i rafy koralowe Wysp Andama\u0144skich. W zachodnim Rad\u017castanie pustynia Thar oferuje safari na wielb\u0142\u0105dach z Jaisalmer. Rezerwaty przyrody \u2014 od lw\u00f3w Gir po nosoro\u017cce Kaziranga \u2014 zapraszaj\u0105 tych, kt\u00f3rzy szukaj\u0105 naturalnych spotka\u0144, chocia\u017c sukces zale\u017cy od cierpliwo\u015bci i wyczucia czasu.<\/p>\n\n\n\n<p>Z\u0142o\u017cono\u015b\u0107 Indii nie daje si\u0119 stre\u015bci\u0107 w prosty spos\u00f3b. Jej teren rozci\u0105ga si\u0119 od pokrytych \u015bniegiem szczyt\u00f3w po tropikalne wyspy; jej j\u0119zyki licz\u0105 si\u0119 w setkach; jej wiara obejmuje filozofie od rytualnego oddania po surowy ascetyzm. Wieki wynalazczo\u015bci, podboj\u00f3w, wymiany i adaptacji pozostawi\u0142y \u015blady w kamieniu, tek\u015bcie i zwyczajach. Jako republika federalna licz\u0105ca ponad miliard obywateli zmaga si\u0119 ze wzrostem, nier\u00f3wno\u015bciami i presj\u0105 \u015brodowiskow\u0105, nawet gdy podtrzymuje tradycje starsze ni\u017c wi\u0119kszo\u015b\u0107 wsp\u00f3\u0142czesnych pa\u0144stw. Aby zrozumie\u0107 Indie, nale\u017cy zwr\u00f3ci\u0107 uwag\u0119 na ich kontrasty \u2014 w ziemi i j\u0119zyku, w dobrobycie i n\u0119dzy, w epokowych pomnikach i codziennych rytua\u0142ach \u2014 i rozpozna\u0107 spo\u0142ecze\u0144stwo, kt\u00f3re nieustannie si\u0119 redefiniuje, nie wymazuj\u0105c swojej przesz\u0142o\u015bci.<\/p>","protected":false},"excerpt":{"rendered":"<p>Indie, najludniejszy kraj na \u015bwiecie i si\u00f3dmy pod wzgl\u0119dem powierzchni l\u0105dowej, to kraina niezwyk\u0142ej r\u00f3\u017cnorodno\u015bci i fascynuj\u0105cej historii, po\u0142o\u017cona w Azji Po\u0142udniowej. W 2023 r. Indie elegancko prze\u015bcign\u0119\u0142y Chiny, szczyc\u0105c si\u0119 niezwyk\u0142\u0105 populacj\u0105 przekraczaj\u0105c\u0105 1,4 miliarda, co czyni je najludniejszym krajem na \u015bwiecie. Ten rozleg\u0142y kraj zajmuje oko\u0142o 3,3 miliona kilometr\u00f3w kwadratowych, otoczony Oceanem Indyjskim na po\u0142udniu, Morzem Arabskim na po\u0142udniowym zachodzie i Zatok\u0105 Bengalsk\u0105 na po\u0142udniowym wschodzie. Indie granicz\u0105 z wieloma pa\u0144stwami, w tym z Pakistanem na zachodzie, a na p\u00f3\u0142nocy s\u0105 otoczone przez Chiny, Nepal i Bhutan, podczas gdy Bangladesz i Mjanma le\u017c\u0105 na wschodzie. Ponadto, Wyspy Andama\u0144skie i Nikobarskie w Indiach, po\u0142o\u017cone na Oceanie Indyjskim, elegancko dziel\u0105 granice morskie z Tajlandi\u0105, Mjanm\u0105 i Indonezj\u0105.<\/p>","protected":false},"author":1,"featured_media":3668,"parent":24063,"menu_order":0,"comment_status":"closed","ping_status":"closed","template":"elementor_theme","meta":{"_eb_attr":"","footnotes":""},"class_list":["post-15052","page","type-page","status-publish","has-post-thumbnail"],"_links":{"self":[{"href":"https:\/\/travelshelper.com\/pl\/wp-json\/wp\/v2\/pages\/15052","targetHints":{"allow":["GET"]}}],"collection":[{"href":"https:\/\/travelshelper.com\/pl\/wp-json\/wp\/v2\/pages"}],"about":[{"href":"https:\/\/travelshelper.com\/pl\/wp-json\/wp\/v2\/types\/page"}],"author":[{"embeddable":true,"href":"https:\/\/travelshelper.com\/pl\/wp-json\/wp\/v2\/users\/1"}],"replies":[{"embeddable":true,"href":"https:\/\/travelshelper.com\/pl\/wp-json\/wp\/v2\/comments?post=15052"}],"version-history":[{"count":0,"href":"https:\/\/travelshelper.com\/pl\/wp-json\/wp\/v2\/pages\/15052\/revisions"}],"up":[{"embeddable":true,"href":"https:\/\/travelshelper.com\/pl\/wp-json\/wp\/v2\/pages\/24063"}],"wp:featuredmedia":[{"embeddable":true,"href":"https:\/\/travelshelper.com\/pl\/wp-json\/wp\/v2\/media\/3668"}],"wp:attachment":[{"href":"https:\/\/travelshelper.com\/pl\/wp-json\/wp\/v2\/media?parent=15052"}],"curies":[{"name":"wp","href":"https:\/\/api.w.org\/{rel}","templated":true}]}}