{"id":15033,"date":"2024-09-20T14:08:14","date_gmt":"2024-09-20T14:08:14","guid":{"rendered":"https:\/\/travelshelper.com\/staging\/?page_id=15033"},"modified":"2026-03-11T17:39:31","modified_gmt":"2026-03-11T17:39:31","slug":"tel-awiw","status":"publish","type":"page","link":"https:\/\/travelshelper.com\/pl\/destinations\/asia\/israel\/tel-aviv\/","title":{"rendered":"Tel Awiw"},"content":{"rendered":"<p>Tel Awiw-Jafa, cz\u0119sto nazywany po prostu Tel Awiwem, stoi na izraelskim wybrze\u017cu Morza \u015ar\u00f3dziemnego jako miasto kontrast\u00f3w, gdzie staro\u017cytne kamienie i nowoczesna stal wsp\u00f3\u0142istniej\u0105 w cichej zgodzie. Za\u0142o\u017cona w 1909 roku przez \u017cydowskich pionier\u00f3w pod nazw\u0105 Ahuzat Bayit, osada wyros\u0142a z wydm, kt\u00f3re kiedy\u015b graniczy\u0142y z portem Jaffa z czas\u00f3w Imperium Osma\u0144skiego. W ci\u0105gu roku przyj\u0119\u0142a nazw\u0119 Tel Awiw \u2013 \u201eOpowie\u015b\u0107 o wio\u015bnie\u201d \u2013 zapo\u017cyczon\u0105 z hebrajskiego t\u0142umaczenia powie\u015bci Teodora Herzla Altneuland autorstwa Nahuma Soko\u0142owa. Do 1934 roku Tel Awiw od\u0142\u0105czy\u0142 si\u0119 od gminy Jaffy; do 1950 roku formalnie zjednoczy\u0142 si\u0119 pod nazw\u0105 Tel Awiw-Jafa, odzwierciedlaj\u0105c zar\u00f3wno jego nowoczesne serce, jak i tysi\u0105cletni\u0105 poprzedniczk\u0119.<\/p>\n\n\n\n<p>Geograficznie Tel Awiw zajmuje oko\u0142o 52 kilometr\u00f3w kwadratowych p\u0142askiej r\u00f3wniny przybrze\u017cnej na oko\u0142o 32\u00b005\u2032N, 34\u00b048\u2032E. Jego zachodnia granica okr\u0105\u017ca Morze \u015ar\u00f3dziemne, ukoronowane urwiskami i leniwym piaskiem, podczas gdy w g\u0142\u0119bi l\u0105du rzeka Jarkon wyznacza zielony skraj. Chocia\u017c gleby pozostaj\u0105 piaszczyste i ma\u0142o \u017cyzne, interwencje urbanist\u00f3w \u2014 od projektu miasta-ogrodu Patricka Geddesa po niedawn\u0105 transformacj\u0119 zamkni\u0119tej elektrowni w park Gan HaHashmal \u2014 wszy\u0142y zielon\u0105 przestrze\u0144 w tkank\u0119 miejsk\u0105. Obecnie parki zajmuj\u0105 prawie jedn\u0105 pi\u0105t\u0105 powierzchni miasta: sam Park Jarkon wita oko\u0142o 16 milion\u00f3w odwiedzaj\u0105cych rocznie, a coroczna przerwa w dostawie pr\u0105du z okazji Godziny dla Ziemi \u015bwiadczy o dumie miasta ze statusu Tel Awiwu jako najbardziej zielonego miasta w Izraelu.<\/p>\n\n\n\n<p>Od szczytu demograficznego wynosz\u0105cego oko\u0142o 390 000 na pocz\u0105tku lat 60. populacja Tel Awiwu zmniejszy\u0142a si\u0119 do oko\u0142o 317 000 w latach 80., po czym wznowi\u0142a wzrost w latach 90. W 2025 r. prawie p\u00f3\u0142 miliona mieszka\u0144c\u00f3w nazywa je domem, a wed\u0142ug obecnych plan\u00f3w urbanistycznych ma wzrosn\u0105\u0107 do 600 000 do 2035 r. \u017bydzi r\u00f3\u017cnego pochodzenia \u2014 Aszkenazyjczycy, Sefardyjczycy, Mizrahi, Etiopczycy, Azjaci \u015arodkowi i inni \u2014 stanowi\u0105 ponad 90 procent mieszka\u0144c\u00f3w, podczas gdy Arabowie Muzu\u0142manie, Chrze\u015bcijanie, Druzowie i grupy niesklasyfikowane wype\u0142niaj\u0105 reszt\u0119. Dominuje hebrajski, ale ulice o\u017cywia rosyjski, arabski, angielski i wiele j\u0119zyk\u00f3w afryka\u0144skich i azjatyckich. Znaczna grupa zagranicznych pracownik\u00f3w i uchod\u017ac\u00f3w mieszka g\u0142\u00f3wnie na po\u0142udniu, wype\u0142niaj\u0105c dzielnice warstwowymi strukturami spo\u0142ecznymi.<\/p>\n\n\n\n<p>Znaczniki spo\u0142eczno-ekonomiczne dziel\u0105 Tel Awiw na p\u00f3\u0142noc i po\u0142udnie. P\u00f3\u0142nocne dzielnice, takie jak Ramat Aviv i Afeka, mog\u0105 pochwali\u0107 si\u0119 luksusowymi rezydencjami, kampusem Uniwersytetu Tel Awiwskiego i zielonymi przestrzeniami Parku Jarkon. Po\u0142udniowe dzielnice, przeciwnie, nosz\u0105 \u015blady kolejnych migracji i skromnych dochod\u00f3w, chocia\u017c takie enklawy jak Neve Tzedek \u2014 pierwsze \u017cydowskie przedmie\u015bcie miasta wzniesione w 1887 r. \u2014 przesz\u0142y skrupulatn\u0105 renowacj\u0119 i obecnie rywalizuj\u0105 z p\u00f3\u0142noc\u0105 o presti\u017c. Centralny Tel Awiw koncentruje finanse i handel wzd\u0142u\u017c autostrady Ayalon, gdzie wznosz\u0105ce si\u0119 trio wie\u017cowc\u00f3w Centrum Azrieli g\u00f3ruje nad drug\u0105 co do wielko\u015bci gospodark\u0105 Izraela na mieszka\u0144ca na Bliskim Wschodzie.<\/p>\n\n\n\n<p>Rzeczywi\u015bcie, Tel Awiw plasuje si\u0119 w\u015br\u00f3d czo\u0142owych \u015bwiatowych motor\u00f3w innowacji. Jako globalne miasto beta+, kt\u00f3re zaj\u0119\u0142o pi\u0119\u0107dziesi\u0105te trzecie miejsce w Indeksie Globalnych Centr\u00f3w Finansowych 2022, jest kotwic\u0105 Silicon Wadi, izraelskiego korytarza high-tech. Strefa Kiryat Atidim, zainaugurowana w 1972 r., zasia\u0142a wczesne nasiona; w latach 2010. liczba start-up\u00f3w wzros\u0142a do ponad siedmiuset, co plasuje Tel Awiw na czwartym miejscu w\u015br\u00f3d wiod\u0105cych \u015bwiatowych ekosystem\u00f3w start-up\u00f3w. Na jego ulicach stoj\u0105 ambasady zagraniczne, a liczba zagranicznych go\u015bci przekracza 2,5 miliona rocznie, przyci\u0105ganych pla\u017cami, \u017cyciem nocnym i reputacj\u0105 miasta jako najdro\u017cszego do zamieszkania na \u015bwiecie.<\/p>\n\n\n\n<p>Tel Awiwski multipleks muze\u00f3w i obiekt\u00f3w kulturalnych \u015bwiadczy o stuleciu artystycznego fermentu. Jego dzielnica White City, wpisana na List\u0119 \u015awiatowego Dziedzictwa UNESCO od 2003 r., obejmuje ponad pi\u0119\u0107 tysi\u0119cy przyk\u0142ad\u00f3w architektury w stylu mi\u0119dzynarodowym i Bauhausu, zbiorowego owocu europejskich architekt\u00f3w emigrant\u00f3w uciekaj\u0105cych przed nazizmem w latach 30. XX wieku. Poza obsadzon\u0105 drzewami alej\u0105 Neve Tzedek i Rothschild Boulevard, zabytki si\u0119gaj\u0105 od Muzeum Eretz Israel i Muzeum Sztuki Tel Awiwu po instytucje historii wojskowo\u015bci Palmach i Batey Haosef. Taniec i muzyka rozkwitaj\u0105 w Suzanne Dellal Center, Heichal HaTarbut i Tel Aviv Performing Arts Center, gdzie wystawiane s\u0105 opery, koncerty filharmoniczne i taniec wsp\u00f3\u0142czesny.<\/p>\n\n\n\n<p>Jaffa pozostaje dusz\u0105 miasta \u2014 labiryntem kamiennych uliczek, w kt\u00f3rych zbiegaj\u0105 si\u0119 historie arabska i \u017cydowska. Jej staro\u017cytny port, pe\u0142en archeologicznych pozosta\u0142o\u015bci, go\u015bci galerie, kawiarnie i coroczny Open House Tel Aviv, kiedy prywatne domy i ukryte dziedzi\u0144ce otwieraj\u0105 si\u0119 dla publiczno\u015bci. Renowacja tam i w bohemicznych uliczkach Florentina wykszta\u0142ci\u0142a upodobanie do kolorowej sztuki ulicznej, pachn\u0105cych targ\u00f3w i nocnych zabaw, kt\u00f3re utrwalaj\u0105 przydomek Tel Awiwu \u201emiasto, kt\u00f3re nigdy nie \u015bpi\u201d.<\/p>\n\n\n\n<p>Pod wzgl\u0119dem architektonicznym Tel Awiw nigdy nie przestaje redefiniowa\u0107 swojej panoramy. Shalom Meir Tower, wzniesiona w 1965 r. jako pierwszy izraelski wie\u017cowiec, w po\u0142owie lat 90. ust\u0105pi\u0142a miejsca mnogo\u015bci wie\u017cowc\u00f3w. Plan generalny z 2010 r. ogranicza dalsze wie\u017cowce wzd\u0142u\u017c wybrze\u017ca, aby zachowa\u0107 linie widoczno\u015bci, jednocze\u015bnie kieruj\u0105c nowe budynki biurowe i hotelowe na wsch\u00f3d od ulicy Ibn Gabirol. Zamkni\u0119cie lotniska Sde Dov uwolni\u0142o tereny nadmorskie pod luksusowe wie\u017cowce, nawet gdy nowa Tel Aviv Light Rail i nadchodz\u0105ca sie\u0107 metra obiecuj\u0105 przekszta\u0142ci\u0107 tranzyt i g\u0119sto\u015b\u0107 miejsk\u0105.<\/p>\n\n\n\n<p>Klimat jest jednoznacznie \u015br\u00f3dziemnomorski: pi\u0119ciomiesi\u0119czne lata rozci\u0105gaj\u0105 si\u0119 od czerwca do pa\u017adziernika, przerywane wilgotnym upa\u0142em, kt\u00f3ry mo\u017ce podnie\u015b\u0107 temperatur\u0119 powy\u017cej 35\u00b0C podczas jesiennych lub wiosennych fal upa\u0142\u00f3w. Zimy s\u0105 \u0142agodne i deszczowe, ze \u015bredni\u0105 temperatur\u0105 maksymaln\u0105 w styczniu w pobli\u017cu 18\u00b0C \u200b\u200bi minimaln\u0105 w okolicach 10\u00b0C; mr\u00f3z i \u015bnieg pozostaj\u0105 niemal niespotykane. Roczne opady wynosz\u0105 oko\u0142o 528 mm, koncentruj\u0105c si\u0119 mi\u0119dzy pa\u017adziernikiem a kwietniem.<\/p>\n\n\n\n<p>\u017bycie kulinarne w Tel Awiwie odzwierciedla jego kosmopolityczne DNA. Lokalne dania maj\u0105 wp\u0142ywy globalne: stoiska z falafelami s\u0105siaduj\u0105 z ponad setk\u0105 bar\u00f3w sushi, a lody halva polane syropem daktylowym i pistacjami \u015bwiadcz\u0105 o lewanty\u0144skiej tradycji. Kawiarnie, targi i restauracje zaludniaj\u0105 ka\u017cd\u0105 dzielnic\u0119, zaspokajaj\u0105c zar\u00f3wno wra\u017cliwo\u015b\u0107 \u015bwieck\u0105, jak i religijn\u0105.<\/p>\n\n\n\n<p>Arterie transportowe rozchodz\u0105 si\u0119 promieni\u015bcie od centrum miasta. Autostrada Ayalon biegnie z p\u00f3\u0142nocy na po\u0142udnie, \u0142\u0105cz\u0105c si\u0119 z drogami krajowymi w kierunku Hajfy i Jerozolimy. Autobusy, taks\u00f3wki zbiorowe (sheruts) i pi\u0119\u0107 stacji kolejowych obs\u0142uguj\u0105 ponad milion pasa\u017cer\u00f3w kolei miesi\u0119cznie, chocia\u017c z powodu szabatu i \u015bwi\u0105t zawieszono ruch poci\u0105g\u00f3w. W sierpniu 2023 r. rozpocz\u0119\u0142a dzia\u0142alno\u015b\u0107 pierwsza czerwona linia kolei lekkiej, a fioletowa i zielona linia s\u0105 w budowie, a pe\u0142ny system metra ma zosta\u0107 otwarty na pocz\u0105tku lat 30. XXI wieku.<\/p>\n\n\n\n<p>Wp\u0142ywy religijne i \u015bwieckie wsp\u00f3\u0142istniej\u0105 w formalnych instytucjach i codziennej praktyce. Ponad pi\u0119\u0107set czynnych synagog obejmuje Wielk\u0105 Synagog\u0119 z lat 30. XX wieku i nowsze o\u015brodki \u015bwieckich studi\u00f3w \u017cydowskich. Dziesi\u0105tki ko\u015bcio\u0142\u00f3w s\u0142u\u017c\u0105 dyplomatom i spo\u0142eczno\u015bciom migrant\u00f3w, podczas gdy gmina jest gospodarzem centrum spo\u0142eczno\u015bci LGBT, kt\u00f3re wspiera parad\u0119 dumy licz\u0105c\u0105 oko\u0142o dwustu tysi\u0119cy uczestnik\u00f3w, czyni\u0105c Tel Awiw globalnym symbolem tolerancji i miejskiej witalno\u015bci.<\/p>\n\n\n\n<p>Od pocz\u0105tk\u00f3w jako ma\u0142ej posiad\u0142o\u015bci na wydmach Jaffy do obecnej pozycji jako ekonomicznej i kulturalnej awangardy Izraela, Tel Awiw-Jafa przetrwa\u0142 jako miasto zdefiniowane przez ci\u0105g\u0142\u0105 transformacj\u0119. Jego warstwowe dzielnice, pe\u0142na \u017cycia scena artystyczna i symboliczne pla\u017ce odwzorowuj\u0105 histori\u0119 miejsca, w kt\u00f3rym historia i nowoczesno\u015b\u0107 si\u0119 spotykaj\u0105 \u2014 \u015bwiadectwo trwa\u0142ego wsp\u00f3\u0142dzia\u0142ania ludzi, miejsca i celu.<\/p>","protected":false},"excerpt":{"rendered":"<p>Tel Awiw-Jafa, zwany Tel Awiwem, jest najludniejszym miastem w izraelskim regionie metropolitalnym Gusz Dan, licz\u0105cym 474 530 mieszka\u0144c\u00f3w. Po\u0142o\u017cony wzd\u0142u\u017c malowniczego izraelskiego wybrze\u017ca Morza \u015ar\u00f3dziemnego, ten dynamiczny obszar metropolitalny sta\u0142 si\u0119 ekonomicznym i technicznym j\u0105drem kraju, staj\u0105c si\u0119 globaln\u0105 pot\u0119g\u0105 high-tech. Znaczenie miasta wykracza poza jego granice, poniewa\u017c mie\u015bci wi\u0119kszo\u015b\u0107 izraelskich ambasad zagranicznych, wzmacniaj\u0105c jego rol\u0119 jako kluczowego podmiotu w sprawach mi\u0119dzynarodowych.<\/p>","protected":false},"author":1,"featured_media":3981,"parent":15000,"menu_order":0,"comment_status":"closed","ping_status":"closed","template":"elementor_theme","meta":{"_eb_attr":"","footnotes":""},"class_list":["post-15033","page","type-page","status-publish","has-post-thumbnail"],"_links":{"self":[{"href":"https:\/\/travelshelper.com\/pl\/wp-json\/wp\/v2\/pages\/15033","targetHints":{"allow":["GET"]}}],"collection":[{"href":"https:\/\/travelshelper.com\/pl\/wp-json\/wp\/v2\/pages"}],"about":[{"href":"https:\/\/travelshelper.com\/pl\/wp-json\/wp\/v2\/types\/page"}],"author":[{"embeddable":true,"href":"https:\/\/travelshelper.com\/pl\/wp-json\/wp\/v2\/users\/1"}],"replies":[{"embeddable":true,"href":"https:\/\/travelshelper.com\/pl\/wp-json\/wp\/v2\/comments?post=15033"}],"version-history":[{"count":0,"href":"https:\/\/travelshelper.com\/pl\/wp-json\/wp\/v2\/pages\/15033\/revisions"}],"up":[{"embeddable":true,"href":"https:\/\/travelshelper.com\/pl\/wp-json\/wp\/v2\/pages\/15000"}],"wp:featuredmedia":[{"embeddable":true,"href":"https:\/\/travelshelper.com\/pl\/wp-json\/wp\/v2\/media\/3981"}],"wp:attachment":[{"href":"https:\/\/travelshelper.com\/pl\/wp-json\/wp\/v2\/media?parent=15033"}],"curies":[{"name":"wp","href":"https:\/\/api.w.org\/{rel}","templated":true}]}}