{"id":14970,"date":"2024-09-20T13:10:19","date_gmt":"2024-09-20T13:10:19","guid":{"rendered":"https:\/\/travelshelper.com\/staging\/?page_id=14970"},"modified":"2026-03-11T13:11:10","modified_gmt":"2026-03-11T13:11:10","slug":"teheran","status":"publish","type":"page","link":"https:\/\/travelshelper.com\/pl\/destinations\/asia\/iran\/tehran\/","title":{"rendered":"Teheran"},"content":{"rendered":"<p>Teheran rozci\u0105ga si\u0119 na po\u0142udniowych zboczach pasma Alborz, to miasto osza\u0142amiaj\u0105cych kontrast\u00f3w, gdzie staro\u017cytne kamienie le\u017c\u0105 obok wie\u017c ze szk\u0142a i stali. Na wysoko\u015bci 1200 metr\u00f3w nad poziomem morza jego p\u0142askie po\u0142udniowe dzielnice naciskaj\u0105 na centraln\u0105 pustyni\u0119, podczas gdy na p\u00f3\u0142nocy wzg\u00f3rza wspinaj\u0105 si\u0119 ku szczytom przekraczaj\u0105cym 2000 metr\u00f3w. Do 2025 roku prawie 9,8 miliona ludzi b\u0119dzie nazywa\u0107 jego granice miejskie domem, a z ponad 16,8 milionami w szerszym obszarze metropolitalnym Teheran plasuje si\u0119 jako najludniejsze miasto w Azji Zachodniej i drugi co do wielko\u015bci obszar metropolitalny na Bliskim Wschodzie po Kairze. Poprzez swoje warstwy historii i swoj\u0105 po\u0142aman\u0105 topografi\u0119 stolica Iranu ujawnia zar\u00f3wno swoj\u0105 wytrzyma\u0142o\u015b\u0107, jak i tarcia, kt\u00f3re towarzysz\u0105 szybkiemu wzrostowi.<\/p>\n\n\n\n<p>Na d\u0142ugo zanim go\u015bci\u0142 rz\u0105d Iranu, ziemia pod Teheranem nale\u017ca\u0142a do Rhages, znanego w staro\u017cytno\u015bci jako g\u0142\u00f3wna osada medyjska. Po\u0142o\u017cone kilka kilometr\u00f3w na po\u0142udnie od dzisiejszego centrum miasta, Ray (jak si\u0119 je nadal nazywa) by\u0142o \u015bwiadkiem wzlotu i upadku imperi\u00f3w. Jego mury zosta\u0142y naruszone przez arabskich, tureckich i mongolskich naje\u017ad\u017ac\u00f3w, a w\u015br\u00f3d rozrostu przedmie\u015b\u0107 pozosta\u0142y tylko fragmenty. Przez stulecia Ray zosta\u0142o wch\u0142oni\u0119te przez Wielki Teheran, a jego ruiny by\u0142y cichymi \u015bwiadkami nieustannej ekspansji i transformacji miasta.<\/p>\n\n\n\n<p>W 1786 roku Agha Mohammad Khan z dynastii Kad\u017car\u00f3w og\u0142osi\u0142 Teheran stolic\u0105 Iranu. D\u0105\u017cy\u0142 do posiadania o\u015brodka w\u0142adzy bezpieczniejszego ni\u017c tradycyjne centra dynastyczne, wystarczaj\u0105co blisko Kaukazu \u2014 w\u00f3wczas kwestionowanego w wojnach rosyjsko-ira\u0144skich \u2014 a jednocze\u015bnie chronionego przed rywalizacj\u0105 frakcyjn\u0105. Ta decyzja zapocz\u0105tkowa\u0142a er\u0119 budownictwa: skromne pa\u0142ace, koszary wojskowe i fundamenty tego, co mia\u0142o sta\u0107 si\u0119 rozleg\u0142\u0105 machin\u0105 biurokratyczn\u0105 nowoczesnego pa\u0144stwa. Nawet w obliczu upadku Kad\u017car\u00f3w profil Teheranu stale r\u00f3s\u0142, a jego populacja podwoi\u0142a si\u0119 za rz\u0105d\u00f3w Fath\u2011Alego Szacha. Na prze\u0142omie XIX wieku kszta\u0142towa\u0142y si\u0119 nowe ulice i place publiczne, z kt\u00f3rych najbardziej widocznym by\u0142 Toopkhaneh (obecnie plac Imama Chomeiniego). Meczety w centrum miasta nabra\u0142y nowego zdobienia, gdy us\u0142ugi miejskie i instytucje obywatelskie wypar\u0142y stare bramy i karawanseraje.<\/p>\n\n\n\n<p>XX wiek by\u0142 okresem g\u0142\u0119bokich zmian. Reza Szah Pahlawi rozpocz\u0105\u0142 w latach 20. XX wieku realizacj\u0119 projekt\u00f3w budowlanych na du\u017c\u0105 skal\u0119, wprowadzaj\u0105c bulwary inspirowane Europ\u0105 i fundamenty nowoczesnej infrastruktury. Lotnisko Mehrabad otworzy\u0142o pasy startowe, a linie kolejowe przecina\u0142y r\u00f3wnin\u0119. Gdy pa\u0144stwo Pahlawi modernizowa\u0142o szko\u0142y, ministerstwa i miejsca kulturalne, Teheran przyci\u0105gn\u0105\u0142 migrant\u00f3w z ka\u017cdej prowincji. Pomi\u0119dzy spisami powszechnymi z 2006 i 2016 r. populacja miasta wzros\u0142a z 7 711 230 w 2 286 787 gospodarstwach domowych do 8 693 706 w 2 911 065 gospodarstwach domowych. Do 2025 r. w jego oficjalnych granicach b\u0119dzie mieszka\u0107 oko\u0142o 9,8 miliona mieszka\u0144c\u00f3w. Ten wzrost gospodarczy zmieni\u0142 struktur\u0119 spo\u0142eczn\u0105 Teheranu: w badaniu Uniwersytetu w Teheranie z 2010 r. 63% ankietowanych urodzi\u0142o si\u0119 w mie\u015bcie, 75% okre\u015bli\u0142o si\u0119 jako etniczni Persowie, prawie 98% biegle m\u00f3wi\u0142o po persku, a 13% zna\u0142o r\u00f3wnie\u017c j\u0119zyk europejski.<\/p>\n\n\n\n<p>Obszar miejski Teheranu podzielony jest na 22 dzielnice. Dwadzie\u015bcia z nich le\u017cy w Centralnej Dzielnicy Powiatu Teheran; dzielnice 1 i 20 rozci\u0105gaj\u0105 si\u0119 na powiaty Shemiranat i Ray. Dzielnice po\u0142udniowe \u2014 w kt\u00f3rych znajduje si\u0119 stacja kolejowa na wysoko\u015bci 1117 metr\u00f3w nad poziomem morza \u2014 s\u0105 bardziej p\u0142askie i g\u0119\u015bciej zabudowane, podczas gdy p\u00f3\u0142nocne dzielnice wznosz\u0105 si\u0119 wzd\u0142u\u017c zboczy. Ulica Valiasr, kr\u0119gos\u0142up miasta, rozci\u0105ga si\u0119 na 17,3 kilometra od po\u0142udnia do placu Tajrish na wysoko\u015bci 1712,6 metra. Dalej Velenjak wznosi si\u0119 na prawie 2000 metr\u00f3w.<\/p>\n\n\n\n<p>Bogactwo i nowoczesno\u015b\u0107 koncentruj\u0105 si\u0119 na p\u00f3\u0142nocy: enklawy takie jak Zafaraniyeh, Jordan, Elahiyeh i Niavaran znane s\u0105 z ambasad, wysokich apartamentowc\u00f3w i zielonych park\u00f3w. Natomiast w centrum Teheranu znajduj\u0105 si\u0119 ministerstwa, ministerstwa i siedziby handlowe, podczas gdy po\u0142udnie pozostaje bardziej przyst\u0119pne cenowo, ale g\u0119sto zaludnione.<\/p>\n\n\n\n<p>Klimat Teheranu rozci\u0105ga si\u0119 na granicy mi\u0119dzy zimnym p\u00f3\u0142pustynnym (BSk) a gor\u0105cym p\u00f3\u0142pustynnym (BSh). Lata s\u0105 gor\u0105ce i suche, cz\u0119sto przekraczaj\u0105c 38 \u00b0C w lipcu; zimy przynosz\u0105 ch\u0142odne, deszczowe dni. G\u00f3ry Alborz kszta\u0142tuj\u0105 lokalne bryzy: noc\u0105 \u201ebryza Tochal\u201d sp\u0142ywa ze szczyt\u00f3w, gdy si\u0119 och\u0142adzaj\u0105, oferuj\u0105c ulg\u0119 mieszka\u0144com g\u00f3rnych cz\u0119\u015bci miasta. Latem wiatry z po\u0142udniowych pusty\u0144 mog\u0105 podnosi\u0107 temperatur\u0119, podczas gdy zachodnie pr\u0105dy planetarne przynosz\u0105 kurz i sporadyczne deszcze. P\u00f3\u0142nocne wzg\u00f3rza, z ich ogrodami i zielonymi korytarzami, s\u0105 zazwyczaj o dwa do trzech stopni Celsjusza ch\u0142odniejsze ni\u017c zabetonowane po\u0142udnie.<\/p>\n\n\n\n<p>Podczas gdy etniczni Persowie stanowi\u0105 wi\u0119kszo\u015b\u0107 \u2014 oko\u0142o 75 procent zidentyfikowanych w 2010 r. \u2014 ira\u0144scy Azerowie stanowi\u0105 drug\u0105 co do wielko\u015bci grup\u0119, stanowi\u0105c\u0105 oko\u0142o 10\u201315 procent, a nast\u0119pnie Mazanderani z 5 procentami. Mniejsze spo\u0142eczno\u015bci Kurd\u00f3w, Ormian, Gruzin\u00f3w, Bakhtyaris, Talysh, Belud\u017cystan, Asyryjczyk\u00f3w, Arab\u00f3w, \u017byd\u00f3w i Czerkies\u00f3w dodaj\u0105 kolejne w\u0105tki do gobelinu miasta, chocia\u017c wi\u0119kszo\u015b\u0107 z nich zasymilowa\u0142a si\u0119 j\u0119zykowo z dominuj\u0105cym tehera\u0144skim dialektem perskim. Po rewolucji w 1979 r. wielu Tehera\u0144czyk\u00f3w wyemigrowa\u0142o \u2014 szczeg\u00f3lnie do Stan\u00f3w Zjednoczonych, Niemiec, Szwecji i Kanady \u2014 pozostawiaj\u0105c luki w niekt\u00f3rych kr\u0119gach zawodowych i szybkie przep\u0142ywy przekaz\u00f3w pieni\u0119\u017cnych.<\/p>\n\n\n\n<p>Dwunastu szyit\u00f3w jest religi\u0105 pa\u0144stwow\u0105 i wiar\u0105 wi\u0119kszo\u015bci. Sunnici i wyznawcy zakon\u00f3w sufickich wsp\u00f3\u0142istniej\u0105 obok wyzna\u0144 chrze\u015bcija\u0144skich, \u017byd\u00f3w, zoroastrian i niewielkiej mniejszo\u015bci bahaickiej. Skromna spo\u0142eczno\u015b\u0107 sikh\u00f3w utrzymuje gurdwar\u0119, kt\u00f3r\u0105 odwiedzi\u0142 premier Indii Manmohan Singh w 2012 r. W \u201eTeheran Survey\u201d z 2016 r. 53,5 procent respondent\u00f3w oceni\u0142o religi\u0119 jako \u201ebardzo wa\u017cn\u0105\u201d, 31,1 procent jako \u201eraczej wa\u017cn\u0105\u201d, 10,5 procent jako \u201eniezbyt wa\u017cn\u0105\u201d, a 4,8 procent jako \u201ewcale niewa\u017cn\u0105\u201d.<\/p>\n\n\n\n<p>Kr\u00f3lewskie dziedzictwo Teheranu wida\u0107 w jego pa\u0142acach. Pa\u0142ac Golestan, kompleks Qajar z lustrzanymi salami i marmurowymi tarasami, znajduje si\u0119 w starym centrum miasta. Na p\u00f3\u0142nocy, pa\u0142ace Sa&#039;dabad i Niavaran, niegdy\u015b letnie rezydencje dynastii Pahlavi, znajduj\u0105 si\u0119 na zalesionych terenach. Wy\u0142o\u017cony marmurem Pa\u0142ac Marmar prezentuje europejskie wyposa\u017cenie i rozleg\u0142e widoki. Razem te miejsca wyznaczaj\u0105 podr\u00f3\u017c od kr\u00f3lewsko\u015bci XVIII wieku do modernizmu z po\u0142owy XX wieku.<\/p>\n\n\n\n<p>Scena muzealna Teheranu obejmuje epoki i media. Muzeum Narodowe przechowuje znaleziska archeologiczne od Med\u00f3w do Sasanid\u00f3w. Niedaleko Muzeum Dywan\u00f3w eksponuje arcydzie\u0142a perskiego tkactwa, podczas gdy Muzeum Abgineh koncentruje si\u0119 na sztuce szk\u0142a i ceramiki. Muzeum Kina, po\u0142o\u017cone w Ogrodzie Ferdowa, celebruje histori\u0119 ira\u0144skiego filmu. Muzeum Sztuki Wsp\u00f3\u0142czesnej szczyci si\u0119 najlepsz\u0105 w kraju nowoczesn\u0105 kolekcj\u0105 \u2014 Van Gogh, Picasso i Warhol spotykaj\u0105 si\u0119 z pionierskimi ira\u0144skimi artystami. Narodowe Muzeum Bi\u017cuterii chroni jedn\u0105 z najwi\u0119kszych na \u015bwiecie kolekcji klejnot\u00f3w koronnych.<\/p>\n\n\n\n<p>Ka\u017cdej wiosny Mi\u0119dzynarodowe Targi Ksi\u0105\u017cki w Teheranie przyci\u0105gaj\u0105 wydawc\u00f3w, naukowc\u00f3w i czytelnik\u00f3w do hal wystawowych Shahr Aftab. Targi i festiwale odbywaj\u0105 si\u0119 przez ca\u0142y rok, od wystaw samochodowych po targi rzemie\u015blnicze, prezentuj\u0105c zar\u00f3wno dziedzictwo, jak i wschodz\u0105c\u0105 kreatywno\u015b\u0107.<\/p>\n\n\n\n<p>Ponad 2100 park\u00f3w rozsiane jest po metropolii, zajmuj\u0105c ponad 12 600 hektar\u00f3w \u2014 20 procent powierzchni Teheranu. Park Jamshidie, niegdy\u015b maj\u0105tek ksi\u0119cia Kad\u017car\u00f3w, sta\u0142 si\u0119 publicznym gajem za czas\u00f3w cesarzowej Farah Pahlavi. Ogr\u00f3d Ptak\u00f3w, najwi\u0119ksza woliera w Iranie, jest domem dla dziesi\u0105tek gatunk\u00f3w, a miejskie zoo daje schronienie oko\u0142o 290 kr\u0119gowcom. Park Ab\u2011o\u2011Atash (\u201eWoda i Ogie\u0144\u201d) zachwyca dzieci fontannami i wie\u017cami przeciwpo\u017carowymi otoczonymi amfiteatrem na \u015bwie\u017cym powietrzu.<\/p>\n\n\n\n<p>Jako ekonomiczne serce Iranu, Teheran zatrudnia 30 procent pracownik\u00f3w sektora publicznego i prawie po\u0142ow\u0119 g\u0142\u00f3wnych firm przemys\u0142owych kraju. Fabryki produkuj\u0105 samochody, elektronik\u0119, tekstylia, cukier, cement i chemikalia; salony dywanowe i meblowe zdobi\u0105 dzielnice handlowe. Rafinerie ropy naftowej \u2014 Pars, Speedy i Behran \u2014 dzia\u0142aj\u0105 w granicach miasta. Chocia\u017c sankcje ograniczaj\u0105 wiele zagranicznych firm, Teheran Stock Exchange pozostaje wiod\u0105cym wykonawc\u0105 w\u015br\u00f3d gie\u0142d \u015bwiatowych, odzwierciedlaj\u0105c zar\u00f3wno zmienno\u015b\u0107, jak i mo\u017cliwo\u015bci.<\/p>\n\n\n\n<p>Pomimo oficjalnych plan\u00f3w przeniesienia stolicy \u2014 spowodowanych ryzykiem sejsmicznym i zanieczyszczeniem powietrza \u2014 Teheran pozostaje uparcie centralny. Jego g\u0142\u00f3wne autostrady zosta\u0142y zbudowane dla 300 000 pojazd\u00f3w; dzi\u015b ulice zatyka ponad pi\u0119\u0107 milion\u00f3w samochod\u00f3w. Autobusy kursuj\u0105 od lat 20. XX wieku, a system Bus Rapid Transit, zainaugurowany w 2008 r., przewozi obecnie 1,8 miliona pasa\u017cer\u00f3w dziennie na dziesi\u0119ciu liniach i 215 stacjach. Trolejbusy, wprowadzone po raz pierwszy w 1992 r., zosta\u0142y wycofane oko\u0142o 2013 r., ale przywr\u00f3cono je w 2016 r. na jednej trasie o d\u0142ugo\u015bci 1,8 km z odnowionymi pojazdami \u0160koda.<\/p>\n\n\n\n<p>Pierwsze dwie linie metra w Teheranie zosta\u0142y otwarte w 2001 r.; do 2025 r. osiem linii b\u0119dzie przebiega\u0107 pod miastem, \u0142\u0105cz\u0105c przedmie\u015bcia z centrum. Nad ziemi\u0105 ponad 200 000 taks\u00f3wek kursuje po ka\u017cdej dzielnicy, a taks\u00f3wki lotniskowe s\u0105 dro\u017csze. Lotnisko Mehrabad obs\u0142uguje loty krajowe i czarterowe; Imam Khomeini International, 50 kilometr\u00f3w na po\u0142udnie, jest bram\u0105 dla globalnego ruchu lotniczego. Centralny dworzec kolejowy wysy\u0142a poci\u0105gi w ca\u0142ym kraju i \u0142\u0105czy si\u0119 z Europ\u0105 za po\u015brednictwem legendarnego ekspresu Teheran\u2013Europa.<\/p>\n\n\n\n<p>Jako\u015b\u0107 powietrza od dawna stanowi irytuj\u0105cy problem. Geograficzna, przypominaj\u0105ca mis\u0119 topografia, szybka motoryzacja i emisje przemys\u0142owe sprzysi\u0119gaj\u0105 si\u0119, by uwi\u0119zi\u0107 smog, co sk\u0142ania do rozm\u00f3w o przeniesieniu siedziby rz\u0105du w inne miejsce. Jednak odporno\u015b\u0107 miasta jest jasna: nowe pasy zieleni, surowsze przepisy budowlane i rozbudowany transport publiczny maj\u0105 na celu z\u0142agodzenie kork\u00f3w i zanieczyszcze\u0144.<\/p>\n\n\n\n<p>Trz\u0119sienia ziemi stanowi\u0105 kolejne zagro\u017cenie. Pomimo cz\u0119stych wstrz\u0105s\u00f3w, \u017cadne powa\u017cne trz\u0119sienie ziemi nie uderzy\u0142o w Teheran od 1830 r. Nowoczesne konstrukcje wie\u017cowc\u00f3w obejmuj\u0105 obecnie wzmocnione ramy i amortyzatory sejsmiczne; mimo to zestawienie stuletnich konstrukcji i strzelistych wie\u017c podkre\u015bla zar\u00f3wno ambicj\u0119 miasta, jak i jego podatno\u015b\u0107 na zagro\u017cenia.<\/p>\n\n\n\n<p>Teheran opiera si\u0119 prostym charakterystykom. Mo\u017ce wydawa\u0107 si\u0119 przyt\u0142aczaj\u0105cy \u2014 tr\u0105bi\u0105 klaksony w zakorkowanym ruchu ulicznym, a wznosz\u0105ce si\u0119 ku niebu wie\u017ce mog\u0105 blokowa\u0107 g\u00f3rsk\u0105 bryz\u0119 \u2014 ale obszary spokoju trwaj\u0105. W zielonych uliczkach fontanny szemrz\u0105 pod platanami; w p\u00f3\u0142nocnych kawiarniach studenci debatuj\u0105 nad przysz\u0142o\u015bci\u0105; w zabytkowych meczetach polerowany marmur l\u015bni pod witra\u017cami. Stare i nowe festiwale \u2014 Nowruz, Chaharshanbe Suri, Yald\u0101, a nawet Halloween \u2014 jednocz\u0105 dzielnice we wspomnieniach i zabawie.<\/p>\n\n\n\n<p>Daleko od monolitycznej stolicy, Teheran jest mozaik\u0105 wspomnie\u0144 i aspiracji. Jego ulice nosz\u0105 \u015blady zdobywc\u00f3w i rewolucjonist\u00f3w, poet\u00f3w i in\u017cynier\u00f3w. Tutaj ka\u017cdy kamie\u0144 i iglica opowiada histori\u0119 wytrzyma\u0142o\u015bci, adaptacji i nieustannego szumu \u017cycia. W swoich sprzeczno\u015bciach \u2014 staro\u017cytnych i nowoczesnych, zielonych i szarych, zat\u0142oczonych i spokojnych \u2014 Teheran ujawnia zar\u00f3wno swoje obci\u0105\u017cenia, jak i sw\u00f3j trwa\u0142y puls.<\/p>","protected":false},"excerpt":{"rendered":"<p>Teheran, stolica i najwi\u0119ksze miasto Iranu, jest t\u0119tni\u0105c\u0105 \u017cyciem metropoli\u0105 z populacj\u0105 ponad 9,4 miliona w granicach miasta i oko\u0142o 16,8 miliona w szerszym regionie metropolitalnym. Teheran jest najbardziej zaludnionym miastem zar\u00f3wno w Iranie, jak i w Azji Zachodniej. Jest drugim co do wielko\u015bci regionem metropolitalnym na Bliskim Wschodzie, ust\u0119puj\u0105cym jedynie Kairowi, i 24. najbardziej zaludnionym obszarem metropolitalnym na \u015bwiecie. Rozleg\u0142a jurysdykcja miasta obejmuje inne gminy, w tym Nowe Miasto Andisze, Islam Szahr, Qods, Shahryar, Pakdasht i Shamiran, kt\u00f3re \u0142\u0105cznie stanowi\u0105 obszar Wielkiego Teheranu.<\/p>","protected":false},"author":1,"featured_media":3136,"parent":14947,"menu_order":0,"comment_status":"closed","ping_status":"closed","template":"elementor_theme","meta":{"_eb_attr":"","footnotes":""},"class_list":["post-14970","page","type-page","status-publish","has-post-thumbnail"],"_links":{"self":[{"href":"https:\/\/travelshelper.com\/pl\/wp-json\/wp\/v2\/pages\/14970","targetHints":{"allow":["GET"]}}],"collection":[{"href":"https:\/\/travelshelper.com\/pl\/wp-json\/wp\/v2\/pages"}],"about":[{"href":"https:\/\/travelshelper.com\/pl\/wp-json\/wp\/v2\/types\/page"}],"author":[{"embeddable":true,"href":"https:\/\/travelshelper.com\/pl\/wp-json\/wp\/v2\/users\/1"}],"replies":[{"embeddable":true,"href":"https:\/\/travelshelper.com\/pl\/wp-json\/wp\/v2\/comments?post=14970"}],"version-history":[{"count":0,"href":"https:\/\/travelshelper.com\/pl\/wp-json\/wp\/v2\/pages\/14970\/revisions"}],"up":[{"embeddable":true,"href":"https:\/\/travelshelper.com\/pl\/wp-json\/wp\/v2\/pages\/14947"}],"wp:featuredmedia":[{"embeddable":true,"href":"https:\/\/travelshelper.com\/pl\/wp-json\/wp\/v2\/media\/3136"}],"wp:attachment":[{"href":"https:\/\/travelshelper.com\/pl\/wp-json\/wp\/v2\/media?parent=14970"}],"curies":[{"name":"wp","href":"https:\/\/api.w.org\/{rel}","templated":true}]}}